{"id":7298,"date":"2020-01-14T17:14:49","date_gmt":"2020-01-14T16:14:49","guid":{"rendered":"https:\/\/ilcrogiuolo.it\/p\/statua-di-san-pietro-cm-22\/"},"modified":"2020-01-31T13:46:58","modified_gmt":"2020-01-31T12:46:58","slug":"statua-di-san-pietro-cm-22","status":"publish","type":"product","link":"https:\/\/ilcrogiuolo.it\/it\/p\/statua-di-san-pietro-cm-22\/","title":{"rendered":"Statua di San Pietro cm 22"},"content":{"rendered":"<p>San Pietro: questa statua riproduce San Pietro: 22 cm, dipinta a mano. San Pietro, nella tradizione popolare, \u00e8 il santo che quando tutte le porte ci sembrano chiuse\u2026 con la sua chiave apre per noi ogni opportunit\u00e0. Aiuta le persone che fanno fatica a progredire o i cui progetti sembrano vanificare perch\u00e9 trovano i cammini chiusi. Viene associato nel vud\u00f9 dominicano a Papa Pier, capo della Divisione Rada.<\/p>\n","protected":false},"excerpt":{"rendered":"<p>San Pietro: questa statua riproduce San Pietro: 22 cm, dipinta a mano. San Pietro, nella tradizione popolare, \u00e8 il santo&#8230;<\/p>\n","protected":false},"featured_media":7299,"template":"","meta":{"_acf_changed":false},"product_brand":[],"product_cat":[1111,1064,1451],"product_tag":[],"class_list":{"0":"post-7298","1":"product","2":"type-product","3":"status-publish","4":"has-post-thumbnail","6":"product_cat-statue-degli-angeli-e-dei-santi","7":"product_cat-statue-in-gesso-e-resina","8":"product_cat-statue-in-gesso-resina-dei-santi","10":"first","11":"outofstock","12":"taxable","13":"shipping-taxable","14":"purchasable","15":"product-type-simple","16":"add-to-wishlist-before_image"},"acf":[],"yoast_head":"<!-- This site is optimized with the Yoast SEO plugin v26.9 - https:\/\/yoast.com\/product\/yoast-seo-wordpress\/ -->\n<title>Statua di San Pietro cm 22 - Il Crogiuolo<\/title>\n<meta name=\"description\" content=\"Statua di San Pietro cm 22 San Pietro: questa statua riproduce San Pietro: 22 cm, dipinta a mano. San Pietro, nella tradizione popolare, \u00e8 il santo che quando tutte le porte ci\" \/>\n<meta name=\"robots\" content=\"index, follow, max-snippet:-1, max-image-preview:large, max-video-preview:-1\" \/>\n<link rel=\"canonical\" href=\"https:\/\/ilcrogiuolo.it\/it\/p\/statua-di-san-pietro-cm-22\/\" \/>\n<meta property=\"og:locale\" content=\"it_IT\" \/>\n<meta property=\"og:type\" content=\"article\" \/>\n<meta property=\"og:title\" content=\"Statua di San Pietro cm 22 - Il Crogiuolo\" \/>\n<meta property=\"og:description\" content=\"Statua di San Pietro cm 22 San Pietro: questa statua riproduce San Pietro: 22 cm, dipinta a mano. San Pietro, nella tradizione popolare, \u00e8 il santo che quando tutte le porte ci\" \/>\n<meta property=\"og:url\" content=\"https:\/\/ilcrogiuolo.it\/it\/p\/statua-di-san-pietro-cm-22\/\" \/>\n<meta property=\"og:site_name\" content=\"Il Crogiuolo\" \/>\n<meta property=\"article:publisher\" content=\"https:\/\/www.facebook.com\/Il-Crogiuolo-681876418491758\" \/>\n<meta property=\"article:modified_time\" content=\"2020-01-31T12:46:58+00:00\" \/>\n<meta property=\"og:image\" content=\"https:\/\/ilcrogiuolo.it\/wp-content\/uploads\/2020\/01\/sanpietro_5997259.jpg\" \/>\n\t<meta property=\"og:image:width\" content=\"627\" \/>\n\t<meta property=\"og:image:height\" content=\"600\" \/>\n\t<meta property=\"og:image:type\" content=\"image\/jpeg\" \/>\n<meta name=\"twitter:card\" content=\"summary_large_image\" \/>\n<script type=\"application\/ld+json\" class=\"yoast-schema-graph\">{\"@context\":\"https:\/\/schema.org\",\"@graph\":[{\"@type\":\"WebPage\",\"@id\":\"https:\/\/ilcrogiuolo.it\/it\/p\/statua-di-san-pietro-cm-22\/\",\"url\":\"https:\/\/ilcrogiuolo.it\/it\/p\/statua-di-san-pietro-cm-22\/\",\"name\":\"Statua di San Pietro cm 22 - Il Crogiuolo\",\"isPartOf\":{\"@id\":\"https:\/\/ilcrogiuolo.it\/it\/#website\"},\"primaryImageOfPage\":{\"@id\":\"https:\/\/ilcrogiuolo.it\/it\/p\/statua-di-san-pietro-cm-22\/#primaryimage\"},\"image\":{\"@id\":\"https:\/\/ilcrogiuolo.it\/it\/p\/statua-di-san-pietro-cm-22\/#primaryimage\"},\"thumbnailUrl\":\"https:\/\/ilcrogiuolo.it\/wp-content\/uploads\/2020\/01\/sanpietro_5997259.jpg\",\"datePublished\":\"2020-01-14T16:14:49+00:00\",\"dateModified\":\"2020-01-31T12:46:58+00:00\",\"description\":\"Statua di San Pietro cm 22 San Pietro: questa statua riproduce San Pietro: 22 cm, dipinta a mano. San Pietro, nella tradizione popolare, \u00e8 il santo che quando tutte le porte ci\",\"breadcrumb\":{\"@id\":\"https:\/\/ilcrogiuolo.it\/it\/p\/statua-di-san-pietro-cm-22\/#breadcrumb\"},\"inLanguage\":\"it-IT\",\"potentialAction\":[{\"@type\":\"ReadAction\",\"target\":[\"https:\/\/ilcrogiuolo.it\/it\/p\/statua-di-san-pietro-cm-22\/\"]}]},{\"@type\":\"ImageObject\",\"inLanguage\":\"it-IT\",\"@id\":\"https:\/\/ilcrogiuolo.it\/it\/p\/statua-di-san-pietro-cm-22\/#primaryimage\",\"url\":\"https:\/\/ilcrogiuolo.it\/wp-content\/uploads\/2020\/01\/sanpietro_5997259.jpg\",\"contentUrl\":\"https:\/\/ilcrogiuolo.it\/wp-content\/uploads\/2020\/01\/sanpietro_5997259.jpg\",\"width\":627,\"height\":600},{\"@type\":\"BreadcrumbList\",\"@id\":\"https:\/\/ilcrogiuolo.it\/it\/p\/statua-di-san-pietro-cm-22\/#breadcrumb\",\"itemListElement\":[{\"@type\":\"ListItem\",\"position\":1,\"name\":\"Home\",\"item\":\"https:\/\/ilcrogiuolo.it\/it\/\"},{\"@type\":\"ListItem\",\"position\":2,\"name\":\"Shop\",\"item\":\"https:\/\/ilcrogiuolo.it\/it\/negozio\/\"},{\"@type\":\"ListItem\",\"position\":3,\"name\":\"Statua di San Pietro cm 22\"}]},{\"@type\":\"WebSite\",\"@id\":\"https:\/\/ilcrogiuolo.it\/it\/#website\",\"url\":\"https:\/\/ilcrogiuolo.it\/it\/\",\"name\":\"Il Crogiuolo\",\"description\":\"\",\"publisher\":{\"@id\":\"https:\/\/ilcrogiuolo.it\/it\/#organization\"},\"potentialAction\":[{\"@type\":\"SearchAction\",\"target\":{\"@type\":\"EntryPoint\",\"urlTemplate\":\"https:\/\/ilcrogiuolo.it\/it\/?s={search_term_string}\"},\"query-input\":{\"@type\":\"PropertyValueSpecification\",\"valueRequired\":true,\"valueName\":\"search_term_string\"}}],\"inLanguage\":\"it-IT\"},{\"@type\":\"Organization\",\"@id\":\"https:\/\/ilcrogiuolo.it\/it\/#organization\",\"name\":\"Il Crogiuolo\",\"url\":\"https:\/\/ilcrogiuolo.it\/it\/\",\"logo\":{\"@type\":\"ImageObject\",\"inLanguage\":\"it-IT\",\"@id\":\"https:\/\/ilcrogiuolo.it\/it\/#\/schema\/logo\/image\/\",\"url\":\"https:\/\/ilcrogiuolo.it\/wp-content\/uploads\/2020\/04\/logo.png\",\"contentUrl\":\"https:\/\/ilcrogiuolo.it\/wp-content\/uploads\/2020\/04\/logo.png\",\"width\":200,\"height\":49,\"caption\":\"Il Crogiuolo\"},\"image\":{\"@id\":\"https:\/\/ilcrogiuolo.it\/it\/#\/schema\/logo\/image\/\"},\"sameAs\":[\"https:\/\/www.facebook.com\/Il-Crogiuolo-681876418491758\"]}]}<\/script>\n<!-- \/ Yoast SEO plugin. -->","yoast_head_json":{"title":"Statua di San Pietro cm 22 - Il Crogiuolo","description":"Statua di San Pietro cm 22 San Pietro: questa statua riproduce San Pietro: 22 cm, dipinta a mano. San Pietro, nella tradizione popolare, \u00e8 il santo che quando tutte le porte ci","robots":{"index":"index","follow":"follow","max-snippet":"max-snippet:-1","max-image-preview":"max-image-preview:large","max-video-preview":"max-video-preview:-1"},"canonical":"https:\/\/ilcrogiuolo.it\/it\/p\/statua-di-san-pietro-cm-22\/","og_locale":"it_IT","og_type":"article","og_title":"Statua di San Pietro cm 22 - Il Crogiuolo","og_description":"Statua di San Pietro cm 22 San Pietro: questa statua riproduce San Pietro: 22 cm, dipinta a mano. San Pietro, nella tradizione popolare, \u00e8 il santo che quando tutte le porte ci","og_url":"https:\/\/ilcrogiuolo.it\/it\/p\/statua-di-san-pietro-cm-22\/","og_site_name":"Il Crogiuolo","article_publisher":"https:\/\/www.facebook.com\/Il-Crogiuolo-681876418491758","article_modified_time":"2020-01-31T12:46:58+00:00","og_image":[{"width":627,"height":600,"url":"https:\/\/ilcrogiuolo.it\/wp-content\/uploads\/2020\/01\/sanpietro_5997259.jpg","type":"image\/jpeg"}],"twitter_card":"summary_large_image","schema":{"@context":"https:\/\/schema.org","@graph":[{"@type":"WebPage","@id":"https:\/\/ilcrogiuolo.it\/it\/p\/statua-di-san-pietro-cm-22\/","url":"https:\/\/ilcrogiuolo.it\/it\/p\/statua-di-san-pietro-cm-22\/","name":"Statua di San Pietro cm 22 - Il Crogiuolo","isPartOf":{"@id":"https:\/\/ilcrogiuolo.it\/it\/#website"},"primaryImageOfPage":{"@id":"https:\/\/ilcrogiuolo.it\/it\/p\/statua-di-san-pietro-cm-22\/#primaryimage"},"image":{"@id":"https:\/\/ilcrogiuolo.it\/it\/p\/statua-di-san-pietro-cm-22\/#primaryimage"},"thumbnailUrl":"https:\/\/ilcrogiuolo.it\/wp-content\/uploads\/2020\/01\/sanpietro_5997259.jpg","datePublished":"2020-01-14T16:14:49+00:00","dateModified":"2020-01-31T12:46:58+00:00","description":"Statua di San Pietro cm 22 San Pietro: questa statua riproduce San Pietro: 22 cm, dipinta a mano. San Pietro, nella tradizione popolare, \u00e8 il santo che quando tutte le porte ci","breadcrumb":{"@id":"https:\/\/ilcrogiuolo.it\/it\/p\/statua-di-san-pietro-cm-22\/#breadcrumb"},"inLanguage":"it-IT","potentialAction":[{"@type":"ReadAction","target":["https:\/\/ilcrogiuolo.it\/it\/p\/statua-di-san-pietro-cm-22\/"]}]},{"@type":"ImageObject","inLanguage":"it-IT","@id":"https:\/\/ilcrogiuolo.it\/it\/p\/statua-di-san-pietro-cm-22\/#primaryimage","url":"https:\/\/ilcrogiuolo.it\/wp-content\/uploads\/2020\/01\/sanpietro_5997259.jpg","contentUrl":"https:\/\/ilcrogiuolo.it\/wp-content\/uploads\/2020\/01\/sanpietro_5997259.jpg","width":627,"height":600},{"@type":"BreadcrumbList","@id":"https:\/\/ilcrogiuolo.it\/it\/p\/statua-di-san-pietro-cm-22\/#breadcrumb","itemListElement":[{"@type":"ListItem","position":1,"name":"Home","item":"https:\/\/ilcrogiuolo.it\/it\/"},{"@type":"ListItem","position":2,"name":"Shop","item":"https:\/\/ilcrogiuolo.it\/it\/negozio\/"},{"@type":"ListItem","position":3,"name":"Statua di San Pietro cm 22"}]},{"@type":"WebSite","@id":"https:\/\/ilcrogiuolo.it\/it\/#website","url":"https:\/\/ilcrogiuolo.it\/it\/","name":"Il Crogiuolo","description":"","publisher":{"@id":"https:\/\/ilcrogiuolo.it\/it\/#organization"},"potentialAction":[{"@type":"SearchAction","target":{"@type":"EntryPoint","urlTemplate":"https:\/\/ilcrogiuolo.it\/it\/?s={search_term_string}"},"query-input":{"@type":"PropertyValueSpecification","valueRequired":true,"valueName":"search_term_string"}}],"inLanguage":"it-IT"},{"@type":"Organization","@id":"https:\/\/ilcrogiuolo.it\/it\/#organization","name":"Il Crogiuolo","url":"https:\/\/ilcrogiuolo.it\/it\/","logo":{"@type":"ImageObject","inLanguage":"it-IT","@id":"https:\/\/ilcrogiuolo.it\/it\/#\/schema\/logo\/image\/","url":"https:\/\/ilcrogiuolo.it\/wp-content\/uploads\/2020\/04\/logo.png","contentUrl":"https:\/\/ilcrogiuolo.it\/wp-content\/uploads\/2020\/04\/logo.png","width":200,"height":49,"caption":"Il Crogiuolo"},"image":{"@id":"https:\/\/ilcrogiuolo.it\/it\/#\/schema\/logo\/image\/"},"sameAs":["https:\/\/www.facebook.com\/Il-Crogiuolo-681876418491758"]}]}},"_links":{"self":[{"href":"https:\/\/ilcrogiuolo.it\/it\/wp-json\/wp\/v2\/product\/7298","targetHints":{"allow":["GET"]}}],"collection":[{"href":"https:\/\/ilcrogiuolo.it\/it\/wp-json\/wp\/v2\/product"}],"about":[{"href":"https:\/\/ilcrogiuolo.it\/it\/wp-json\/wp\/v2\/types\/product"}],"wp:featuredmedia":[{"embeddable":true,"href":"https:\/\/ilcrogiuolo.it\/it\/wp-json\/wp\/v2\/media\/7299"}],"wp:attachment":[{"href":"https:\/\/ilcrogiuolo.it\/it\/wp-json\/wp\/v2\/media?parent=7298"}],"wp:term":[{"taxonomy":"product_brand","embeddable":true,"href":"https:\/\/ilcrogiuolo.it\/it\/wp-json\/wp\/v2\/product_brand?post=7298"},{"taxonomy":"product_cat","embeddable":true,"href":"https:\/\/ilcrogiuolo.it\/it\/wp-json\/wp\/v2\/product_cat?post=7298"},{"taxonomy":"product_tag","embeddable":true,"href":"https:\/\/ilcrogiuolo.it\/it\/wp-json\/wp\/v2\/product_tag?post=7298"}],"curies":[{"name":"wp","href":"https:\/\/api.w.org\/{rel}","templated":true}]}}