{"id":7286,"date":"2020-01-14T17:14:43","date_gmt":"2020-01-14T16:14:43","guid":{"rendered":"https:\/\/ilcrogiuolo.it\/p\/statua-di-san-martin-de-porres-cm-33\/"},"modified":"2023-05-10T12:52:20","modified_gmt":"2023-05-10T10:52:20","slug":"statua-di-san-martin-de-porres-cm-33","status":"publish","type":"product","link":"https:\/\/ilcrogiuolo.it\/it\/p\/statua-di-san-martin-de-porres-cm-33\/","title":{"rendered":"Statua di San Martin de Porres cm 30"},"content":{"rendered":"<p>Martin de Porres: meravigliosa statua in gesso di San Martin de Porres, 38 cm. San Martin de Porres \u00e8 considerato nella fede uno dei santi pi\u00f9 generosi in fatto di miracoli, viene invocato soprattutto per non far mancare mai il pane quotidiano, come Sant\u2019Antonio e San Lazzaro. Nel vud\u00f9 dominicano \u00e8 associato a Guede Carf\u00f9.<\/p>\n","protected":false},"excerpt":{"rendered":"<p>Martin de Porres: meravigliosa statua in gesso di San Martin de Porres, 38 cm. San Martin de Porres \u00e8 considerato&#8230;<\/p>\n","protected":false},"featured_media":7287,"template":"","meta":{"_acf_changed":false},"product_brand":[],"product_cat":[1111,1064,1451],"product_tag":[],"class_list":{"0":"post-7286","1":"product","2":"type-product","3":"status-publish","4":"has-post-thumbnail","6":"product_cat-statue-degli-angeli-e-dei-santi","7":"product_cat-statue-in-gesso-e-resina","8":"product_cat-statue-in-gesso-resina-dei-santi","10":"first","11":"instock","12":"taxable","13":"shipping-taxable","14":"purchasable","15":"product-type-simple","16":"add-to-wishlist-before_image"},"acf":[],"yoast_head":"<!-- This site is optimized with the Yoast SEO plugin v26.9 - https:\/\/yoast.com\/product\/yoast-seo-wordpress\/ -->\n<title>Statua di San Martin de Porres cm 30 - Il Crogiuolo<\/title>\n<meta name=\"description\" content=\"Statua di San Martin de Porres cm 30 Martin de Porres: meravigliosa statua in gesso di San Martin de Porres, 38 cm. San Martin de Porres \u00e8 considerato nella fede uno dei santi pi\u00f9 generosi in\" \/>\n<meta name=\"robots\" content=\"index, follow, max-snippet:-1, max-image-preview:large, max-video-preview:-1\" \/>\n<link rel=\"canonical\" href=\"https:\/\/ilcrogiuolo.it\/it\/p\/statua-di-san-martin-de-porres-cm-33\/\" \/>\n<meta property=\"og:locale\" content=\"it_IT\" \/>\n<meta property=\"og:type\" content=\"article\" \/>\n<meta property=\"og:title\" content=\"Statua di San Martin de Porres cm 30 - Il Crogiuolo\" \/>\n<meta property=\"og:description\" content=\"Statua di San Martin de Porres cm 30 Martin de Porres: meravigliosa statua in gesso di San Martin de Porres, 38 cm. San Martin de Porres \u00e8 considerato nella fede uno dei santi pi\u00f9 generosi in\" \/>\n<meta property=\"og:url\" content=\"https:\/\/ilcrogiuolo.it\/it\/p\/statua-di-san-martin-de-porres-cm-33\/\" \/>\n<meta property=\"og:site_name\" content=\"Il Crogiuolo\" \/>\n<meta property=\"article:publisher\" content=\"https:\/\/www.facebook.com\/Il-Crogiuolo-681876418491758\" \/>\n<meta property=\"article:modified_time\" content=\"2023-05-10T10:52:20+00:00\" \/>\n<meta property=\"og:image\" content=\"https:\/\/ilcrogiuolo.it\/wp-content\/uploads\/2020\/01\/sanmartinomartin_6693818.jpg\" \/>\n\t<meta property=\"og:image:width\" content=\"627\" \/>\n\t<meta property=\"og:image:height\" content=\"600\" \/>\n\t<meta property=\"og:image:type\" content=\"image\/jpeg\" \/>\n<meta name=\"twitter:card\" content=\"summary_large_image\" \/>\n<meta name=\"twitter:label1\" content=\"Tempo di lettura stimato\" \/>\n\t<meta name=\"twitter:data1\" content=\"1 minuto\" \/>\n<script type=\"application\/ld+json\" class=\"yoast-schema-graph\">{\"@context\":\"https:\/\/schema.org\",\"@graph\":[{\"@type\":\"WebPage\",\"@id\":\"https:\/\/ilcrogiuolo.it\/it\/p\/statua-di-san-martin-de-porres-cm-33\/\",\"url\":\"https:\/\/ilcrogiuolo.it\/it\/p\/statua-di-san-martin-de-porres-cm-33\/\",\"name\":\"Statua di San Martin de Porres cm 30 - Il Crogiuolo\",\"isPartOf\":{\"@id\":\"https:\/\/ilcrogiuolo.it\/it\/#website\"},\"primaryImageOfPage\":{\"@id\":\"https:\/\/ilcrogiuolo.it\/it\/p\/statua-di-san-martin-de-porres-cm-33\/#primaryimage\"},\"image\":{\"@id\":\"https:\/\/ilcrogiuolo.it\/it\/p\/statua-di-san-martin-de-porres-cm-33\/#primaryimage\"},\"thumbnailUrl\":\"https:\/\/ilcrogiuolo.it\/wp-content\/uploads\/2020\/01\/sanmartinomartin_6693818.jpg\",\"datePublished\":\"2020-01-14T16:14:43+00:00\",\"dateModified\":\"2023-05-10T10:52:20+00:00\",\"description\":\"Statua di San Martin de Porres cm 30 Martin de Porres: meravigliosa statua in gesso di San Martin de Porres, 38 cm. San Martin de Porres \u00e8 considerato nella fede uno dei santi pi\u00f9 generosi in\",\"breadcrumb\":{\"@id\":\"https:\/\/ilcrogiuolo.it\/it\/p\/statua-di-san-martin-de-porres-cm-33\/#breadcrumb\"},\"inLanguage\":\"it-IT\",\"potentialAction\":[{\"@type\":\"ReadAction\",\"target\":[\"https:\/\/ilcrogiuolo.it\/it\/p\/statua-di-san-martin-de-porres-cm-33\/\"]}]},{\"@type\":\"ImageObject\",\"inLanguage\":\"it-IT\",\"@id\":\"https:\/\/ilcrogiuolo.it\/it\/p\/statua-di-san-martin-de-porres-cm-33\/#primaryimage\",\"url\":\"https:\/\/ilcrogiuolo.it\/wp-content\/uploads\/2020\/01\/sanmartinomartin_6693818.jpg\",\"contentUrl\":\"https:\/\/ilcrogiuolo.it\/wp-content\/uploads\/2020\/01\/sanmartinomartin_6693818.jpg\",\"width\":627,\"height\":600},{\"@type\":\"BreadcrumbList\",\"@id\":\"https:\/\/ilcrogiuolo.it\/it\/p\/statua-di-san-martin-de-porres-cm-33\/#breadcrumb\",\"itemListElement\":[{\"@type\":\"ListItem\",\"position\":1,\"name\":\"Home\",\"item\":\"https:\/\/ilcrogiuolo.it\/it\/\"},{\"@type\":\"ListItem\",\"position\":2,\"name\":\"Shop\",\"item\":\"https:\/\/ilcrogiuolo.it\/it\/negozio\/\"},{\"@type\":\"ListItem\",\"position\":3,\"name\":\"Statua di San Martin de Porres cm 30\"}]},{\"@type\":\"WebSite\",\"@id\":\"https:\/\/ilcrogiuolo.it\/it\/#website\",\"url\":\"https:\/\/ilcrogiuolo.it\/it\/\",\"name\":\"Il Crogiuolo\",\"description\":\"\",\"publisher\":{\"@id\":\"https:\/\/ilcrogiuolo.it\/it\/#organization\"},\"potentialAction\":[{\"@type\":\"SearchAction\",\"target\":{\"@type\":\"EntryPoint\",\"urlTemplate\":\"https:\/\/ilcrogiuolo.it\/it\/?s={search_term_string}\"},\"query-input\":{\"@type\":\"PropertyValueSpecification\",\"valueRequired\":true,\"valueName\":\"search_term_string\"}}],\"inLanguage\":\"it-IT\"},{\"@type\":\"Organization\",\"@id\":\"https:\/\/ilcrogiuolo.it\/it\/#organization\",\"name\":\"Il Crogiuolo\",\"url\":\"https:\/\/ilcrogiuolo.it\/it\/\",\"logo\":{\"@type\":\"ImageObject\",\"inLanguage\":\"it-IT\",\"@id\":\"https:\/\/ilcrogiuolo.it\/it\/#\/schema\/logo\/image\/\",\"url\":\"https:\/\/ilcrogiuolo.it\/wp-content\/uploads\/2020\/04\/logo.png\",\"contentUrl\":\"https:\/\/ilcrogiuolo.it\/wp-content\/uploads\/2020\/04\/logo.png\",\"width\":200,\"height\":49,\"caption\":\"Il Crogiuolo\"},\"image\":{\"@id\":\"https:\/\/ilcrogiuolo.it\/it\/#\/schema\/logo\/image\/\"},\"sameAs\":[\"https:\/\/www.facebook.com\/Il-Crogiuolo-681876418491758\"]}]}<\/script>\n<!-- \/ Yoast SEO plugin. -->","yoast_head_json":{"title":"Statua di San Martin de Porres cm 30 - Il Crogiuolo","description":"Statua di San Martin de Porres cm 30 Martin de Porres: meravigliosa statua in gesso di San Martin de Porres, 38 cm. San Martin de Porres \u00e8 considerato nella fede uno dei santi pi\u00f9 generosi in","robots":{"index":"index","follow":"follow","max-snippet":"max-snippet:-1","max-image-preview":"max-image-preview:large","max-video-preview":"max-video-preview:-1"},"canonical":"https:\/\/ilcrogiuolo.it\/it\/p\/statua-di-san-martin-de-porres-cm-33\/","og_locale":"it_IT","og_type":"article","og_title":"Statua di San Martin de Porres cm 30 - Il Crogiuolo","og_description":"Statua di San Martin de Porres cm 30 Martin de Porres: meravigliosa statua in gesso di San Martin de Porres, 38 cm. San Martin de Porres \u00e8 considerato nella fede uno dei santi pi\u00f9 generosi in","og_url":"https:\/\/ilcrogiuolo.it\/it\/p\/statua-di-san-martin-de-porres-cm-33\/","og_site_name":"Il Crogiuolo","article_publisher":"https:\/\/www.facebook.com\/Il-Crogiuolo-681876418491758","article_modified_time":"2023-05-10T10:52:20+00:00","og_image":[{"width":627,"height":600,"url":"https:\/\/ilcrogiuolo.it\/wp-content\/uploads\/2020\/01\/sanmartinomartin_6693818.jpg","type":"image\/jpeg"}],"twitter_card":"summary_large_image","twitter_misc":{"Tempo di lettura stimato":"1 minuto"},"schema":{"@context":"https:\/\/schema.org","@graph":[{"@type":"WebPage","@id":"https:\/\/ilcrogiuolo.it\/it\/p\/statua-di-san-martin-de-porres-cm-33\/","url":"https:\/\/ilcrogiuolo.it\/it\/p\/statua-di-san-martin-de-porres-cm-33\/","name":"Statua di San Martin de Porres cm 30 - Il Crogiuolo","isPartOf":{"@id":"https:\/\/ilcrogiuolo.it\/it\/#website"},"primaryImageOfPage":{"@id":"https:\/\/ilcrogiuolo.it\/it\/p\/statua-di-san-martin-de-porres-cm-33\/#primaryimage"},"image":{"@id":"https:\/\/ilcrogiuolo.it\/it\/p\/statua-di-san-martin-de-porres-cm-33\/#primaryimage"},"thumbnailUrl":"https:\/\/ilcrogiuolo.it\/wp-content\/uploads\/2020\/01\/sanmartinomartin_6693818.jpg","datePublished":"2020-01-14T16:14:43+00:00","dateModified":"2023-05-10T10:52:20+00:00","description":"Statua di San Martin de Porres cm 30 Martin de Porres: meravigliosa statua in gesso di San Martin de Porres, 38 cm. San Martin de Porres \u00e8 considerato nella fede uno dei santi pi\u00f9 generosi in","breadcrumb":{"@id":"https:\/\/ilcrogiuolo.it\/it\/p\/statua-di-san-martin-de-porres-cm-33\/#breadcrumb"},"inLanguage":"it-IT","potentialAction":[{"@type":"ReadAction","target":["https:\/\/ilcrogiuolo.it\/it\/p\/statua-di-san-martin-de-porres-cm-33\/"]}]},{"@type":"ImageObject","inLanguage":"it-IT","@id":"https:\/\/ilcrogiuolo.it\/it\/p\/statua-di-san-martin-de-porres-cm-33\/#primaryimage","url":"https:\/\/ilcrogiuolo.it\/wp-content\/uploads\/2020\/01\/sanmartinomartin_6693818.jpg","contentUrl":"https:\/\/ilcrogiuolo.it\/wp-content\/uploads\/2020\/01\/sanmartinomartin_6693818.jpg","width":627,"height":600},{"@type":"BreadcrumbList","@id":"https:\/\/ilcrogiuolo.it\/it\/p\/statua-di-san-martin-de-porres-cm-33\/#breadcrumb","itemListElement":[{"@type":"ListItem","position":1,"name":"Home","item":"https:\/\/ilcrogiuolo.it\/it\/"},{"@type":"ListItem","position":2,"name":"Shop","item":"https:\/\/ilcrogiuolo.it\/it\/negozio\/"},{"@type":"ListItem","position":3,"name":"Statua di San Martin de Porres cm 30"}]},{"@type":"WebSite","@id":"https:\/\/ilcrogiuolo.it\/it\/#website","url":"https:\/\/ilcrogiuolo.it\/it\/","name":"Il Crogiuolo","description":"","publisher":{"@id":"https:\/\/ilcrogiuolo.it\/it\/#organization"},"potentialAction":[{"@type":"SearchAction","target":{"@type":"EntryPoint","urlTemplate":"https:\/\/ilcrogiuolo.it\/it\/?s={search_term_string}"},"query-input":{"@type":"PropertyValueSpecification","valueRequired":true,"valueName":"search_term_string"}}],"inLanguage":"it-IT"},{"@type":"Organization","@id":"https:\/\/ilcrogiuolo.it\/it\/#organization","name":"Il Crogiuolo","url":"https:\/\/ilcrogiuolo.it\/it\/","logo":{"@type":"ImageObject","inLanguage":"it-IT","@id":"https:\/\/ilcrogiuolo.it\/it\/#\/schema\/logo\/image\/","url":"https:\/\/ilcrogiuolo.it\/wp-content\/uploads\/2020\/04\/logo.png","contentUrl":"https:\/\/ilcrogiuolo.it\/wp-content\/uploads\/2020\/04\/logo.png","width":200,"height":49,"caption":"Il Crogiuolo"},"image":{"@id":"https:\/\/ilcrogiuolo.it\/it\/#\/schema\/logo\/image\/"},"sameAs":["https:\/\/www.facebook.com\/Il-Crogiuolo-681876418491758"]}]}},"_links":{"self":[{"href":"https:\/\/ilcrogiuolo.it\/it\/wp-json\/wp\/v2\/product\/7286","targetHints":{"allow":["GET"]}}],"collection":[{"href":"https:\/\/ilcrogiuolo.it\/it\/wp-json\/wp\/v2\/product"}],"about":[{"href":"https:\/\/ilcrogiuolo.it\/it\/wp-json\/wp\/v2\/types\/product"}],"wp:featuredmedia":[{"embeddable":true,"href":"https:\/\/ilcrogiuolo.it\/it\/wp-json\/wp\/v2\/media\/7287"}],"wp:attachment":[{"href":"https:\/\/ilcrogiuolo.it\/it\/wp-json\/wp\/v2\/media?parent=7286"}],"wp:term":[{"taxonomy":"product_brand","embeddable":true,"href":"https:\/\/ilcrogiuolo.it\/it\/wp-json\/wp\/v2\/product_brand?post=7286"},{"taxonomy":"product_cat","embeddable":true,"href":"https:\/\/ilcrogiuolo.it\/it\/wp-json\/wp\/v2\/product_cat?post=7286"},{"taxonomy":"product_tag","embeddable":true,"href":"https:\/\/ilcrogiuolo.it\/it\/wp-json\/wp\/v2\/product_tag?post=7286"}],"curies":[{"name":"wp","href":"https:\/\/api.w.org\/{rel}","templated":true}]}}