{"id":7199,"date":"2020-01-14T17:14:35","date_gmt":"2020-01-14T16:14:35","guid":{"rendered":"https:\/\/ilcrogiuolo.it\/p\/la-grande-opera-alchemica\/"},"modified":"2020-01-31T14:08:19","modified_gmt":"2020-01-31T13:08:19","slug":"la-grande-opera-alchemica","status":"publish","type":"product","link":"https:\/\/ilcrogiuolo.it\/it\/p\/la-grande-opera-alchemica\/","title":{"rendered":"LA GRANDE OPERA ALCHEMICA"},"content":{"rendered":"<p>RUBELLUS PETRINUS, La Grande Opera Alchemica di Ireneo Filatete, Nicolas Flamel e Basilio Valentino. La Grande Opera Alchemica \u00e8 un libro Europeo d\u2019Alchimia, il pi\u00f9 \u201ccaritatevole\u201d &#8211; cio\u00e8 trasparente &#8211; fra quelli che studiano l\u2019applicazione della Filosofia Ermetica alla Grande Opera Fisica. Il suo Autore \u00e8 un lavoratore infaticabile, che si distingue per la sua costante attivit\u00e0 al forno. \u00c8 un vero philosophus per ignem che, secondo le regole tradizionali, sceglie di offrire la sua testimonianza pubblica dell\u2019Arte, con umilt\u00e0. Attraverso questo testo potrete approfondire l\u2019opera di tre grandi Maestri quali Filatete, Flamel e Valentino. Traduzione di Rodolfo Alessandro Neri, curatore della Collana di Scienze Alchemiche.<\/p>\n","protected":false},"excerpt":{"rendered":"<p>RUBELLUS PETRINUS, La Grande Opera Alchemica di Ireneo Filatete, Nicolas Flamel e Basilio Valentino. La Grande Opera Alchemica \u00e8 un&#8230;<\/p>\n","protected":false},"featured_media":7200,"template":"","meta":{"_acf_changed":false},"product_brand":[],"product_cat":[1077,1470,1060],"product_tag":[],"class_list":{"0":"post-7199","1":"product","2":"type-product","3":"status-publish","4":"has-post-thumbnail","6":"product_cat-libreria-esoterica-libreria-esoterica","7":"product_cat-edizioni-psiche-2","8":"product_cat-libreria-esoterica","10":"first","11":"instock","12":"taxable","13":"shipping-taxable","14":"purchasable","15":"product-type-simple","16":"add-to-wishlist-before_image"},"acf":[],"yoast_head":"<!-- This site is optimized with the Yoast SEO plugin v26.9 - https:\/\/yoast.com\/product\/yoast-seo-wordpress\/ -->\n<title>LA GRANDE OPERA ALCHEMICA - Il Crogiuolo<\/title>\n<meta name=\"description\" content=\"LA GRANDE OPERA ALCHEMICA RUBELLUS PETRINUS, La Grande Opera Alchemica di Ireneo Filatete, Nicolas Flamel e Basilio Valentino. La Grande Opera Alchemica \u00e8 un libro Europeo\" \/>\n<meta name=\"robots\" content=\"index, follow, max-snippet:-1, max-image-preview:large, max-video-preview:-1\" \/>\n<link rel=\"canonical\" href=\"https:\/\/ilcrogiuolo.it\/it\/p\/la-grande-opera-alchemica\/\" \/>\n<meta property=\"og:locale\" content=\"it_IT\" \/>\n<meta property=\"og:type\" content=\"article\" \/>\n<meta property=\"og:title\" content=\"LA GRANDE OPERA ALCHEMICA - Il Crogiuolo\" \/>\n<meta property=\"og:description\" content=\"LA GRANDE OPERA ALCHEMICA RUBELLUS PETRINUS, La Grande Opera Alchemica di Ireneo Filatete, Nicolas Flamel e Basilio Valentino. La Grande Opera Alchemica \u00e8 un libro Europeo\" \/>\n<meta property=\"og:url\" content=\"https:\/\/ilcrogiuolo.it\/it\/p\/la-grande-opera-alchemica\/\" \/>\n<meta property=\"og:site_name\" content=\"Il Crogiuolo\" \/>\n<meta property=\"article:publisher\" content=\"https:\/\/www.facebook.com\/Il-Crogiuolo-681876418491758\" \/>\n<meta property=\"article:modified_time\" content=\"2020-01-31T13:08:19+00:00\" \/>\n<meta property=\"og:image\" content=\"https:\/\/ilcrogiuolo.it\/wp-content\/uploads\/2020\/01\/grandeoperaalchemica_7574139.jpg\" \/>\n\t<meta property=\"og:image:width\" content=\"627\" \/>\n\t<meta property=\"og:image:height\" content=\"600\" \/>\n\t<meta property=\"og:image:type\" content=\"image\/jpeg\" \/>\n<meta name=\"twitter:card\" content=\"summary_large_image\" \/>\n<meta name=\"twitter:label1\" content=\"Tempo di lettura stimato\" \/>\n\t<meta name=\"twitter:data1\" content=\"1 minuto\" \/>\n<script type=\"application\/ld+json\" class=\"yoast-schema-graph\">{\"@context\":\"https:\/\/schema.org\",\"@graph\":[{\"@type\":\"WebPage\",\"@id\":\"https:\/\/ilcrogiuolo.it\/it\/p\/la-grande-opera-alchemica\/\",\"url\":\"https:\/\/ilcrogiuolo.it\/it\/p\/la-grande-opera-alchemica\/\",\"name\":\"LA GRANDE OPERA ALCHEMICA - Il Crogiuolo\",\"isPartOf\":{\"@id\":\"https:\/\/ilcrogiuolo.it\/it\/#website\"},\"primaryImageOfPage\":{\"@id\":\"https:\/\/ilcrogiuolo.it\/it\/p\/la-grande-opera-alchemica\/#primaryimage\"},\"image\":{\"@id\":\"https:\/\/ilcrogiuolo.it\/it\/p\/la-grande-opera-alchemica\/#primaryimage\"},\"thumbnailUrl\":\"https:\/\/ilcrogiuolo.it\/wp-content\/uploads\/2020\/01\/grandeoperaalchemica_7574139.jpg\",\"datePublished\":\"2020-01-14T16:14:35+00:00\",\"dateModified\":\"2020-01-31T13:08:19+00:00\",\"description\":\"LA GRANDE OPERA ALCHEMICA RUBELLUS PETRINUS, La Grande Opera Alchemica di Ireneo Filatete, Nicolas Flamel e Basilio Valentino. La Grande Opera Alchemica \u00e8 un libro Europeo\",\"breadcrumb\":{\"@id\":\"https:\/\/ilcrogiuolo.it\/it\/p\/la-grande-opera-alchemica\/#breadcrumb\"},\"inLanguage\":\"it-IT\",\"potentialAction\":[{\"@type\":\"ReadAction\",\"target\":[\"https:\/\/ilcrogiuolo.it\/it\/p\/la-grande-opera-alchemica\/\"]}]},{\"@type\":\"ImageObject\",\"inLanguage\":\"it-IT\",\"@id\":\"https:\/\/ilcrogiuolo.it\/it\/p\/la-grande-opera-alchemica\/#primaryimage\",\"url\":\"https:\/\/ilcrogiuolo.it\/wp-content\/uploads\/2020\/01\/grandeoperaalchemica_7574139.jpg\",\"contentUrl\":\"https:\/\/ilcrogiuolo.it\/wp-content\/uploads\/2020\/01\/grandeoperaalchemica_7574139.jpg\",\"width\":627,\"height\":600},{\"@type\":\"BreadcrumbList\",\"@id\":\"https:\/\/ilcrogiuolo.it\/it\/p\/la-grande-opera-alchemica\/#breadcrumb\",\"itemListElement\":[{\"@type\":\"ListItem\",\"position\":1,\"name\":\"Home\",\"item\":\"https:\/\/ilcrogiuolo.it\/it\/\"},{\"@type\":\"ListItem\",\"position\":2,\"name\":\"Shop\",\"item\":\"https:\/\/ilcrogiuolo.it\/it\/negozio\/\"},{\"@type\":\"ListItem\",\"position\":3,\"name\":\"LA GRANDE OPERA ALCHEMICA\"}]},{\"@type\":\"WebSite\",\"@id\":\"https:\/\/ilcrogiuolo.it\/it\/#website\",\"url\":\"https:\/\/ilcrogiuolo.it\/it\/\",\"name\":\"Il Crogiuolo\",\"description\":\"\",\"publisher\":{\"@id\":\"https:\/\/ilcrogiuolo.it\/it\/#organization\"},\"potentialAction\":[{\"@type\":\"SearchAction\",\"target\":{\"@type\":\"EntryPoint\",\"urlTemplate\":\"https:\/\/ilcrogiuolo.it\/it\/?s={search_term_string}\"},\"query-input\":{\"@type\":\"PropertyValueSpecification\",\"valueRequired\":true,\"valueName\":\"search_term_string\"}}],\"inLanguage\":\"it-IT\"},{\"@type\":\"Organization\",\"@id\":\"https:\/\/ilcrogiuolo.it\/it\/#organization\",\"name\":\"Il Crogiuolo\",\"url\":\"https:\/\/ilcrogiuolo.it\/it\/\",\"logo\":{\"@type\":\"ImageObject\",\"inLanguage\":\"it-IT\",\"@id\":\"https:\/\/ilcrogiuolo.it\/it\/#\/schema\/logo\/image\/\",\"url\":\"https:\/\/ilcrogiuolo.it\/wp-content\/uploads\/2020\/04\/logo.png\",\"contentUrl\":\"https:\/\/ilcrogiuolo.it\/wp-content\/uploads\/2020\/04\/logo.png\",\"width\":200,\"height\":49,\"caption\":\"Il Crogiuolo\"},\"image\":{\"@id\":\"https:\/\/ilcrogiuolo.it\/it\/#\/schema\/logo\/image\/\"},\"sameAs\":[\"https:\/\/www.facebook.com\/Il-Crogiuolo-681876418491758\"]}]}<\/script>\n<!-- \/ Yoast SEO plugin. -->","yoast_head_json":{"title":"LA GRANDE OPERA ALCHEMICA - Il Crogiuolo","description":"LA GRANDE OPERA ALCHEMICA RUBELLUS PETRINUS, La Grande Opera Alchemica di Ireneo Filatete, Nicolas Flamel e Basilio Valentino. La Grande Opera Alchemica \u00e8 un libro Europeo","robots":{"index":"index","follow":"follow","max-snippet":"max-snippet:-1","max-image-preview":"max-image-preview:large","max-video-preview":"max-video-preview:-1"},"canonical":"https:\/\/ilcrogiuolo.it\/it\/p\/la-grande-opera-alchemica\/","og_locale":"it_IT","og_type":"article","og_title":"LA GRANDE OPERA ALCHEMICA - Il Crogiuolo","og_description":"LA GRANDE OPERA ALCHEMICA RUBELLUS PETRINUS, La Grande Opera Alchemica di Ireneo Filatete, Nicolas Flamel e Basilio Valentino. La Grande Opera Alchemica \u00e8 un libro Europeo","og_url":"https:\/\/ilcrogiuolo.it\/it\/p\/la-grande-opera-alchemica\/","og_site_name":"Il Crogiuolo","article_publisher":"https:\/\/www.facebook.com\/Il-Crogiuolo-681876418491758","article_modified_time":"2020-01-31T13:08:19+00:00","og_image":[{"width":627,"height":600,"url":"https:\/\/ilcrogiuolo.it\/wp-content\/uploads\/2020\/01\/grandeoperaalchemica_7574139.jpg","type":"image\/jpeg"}],"twitter_card":"summary_large_image","twitter_misc":{"Tempo di lettura stimato":"1 minuto"},"schema":{"@context":"https:\/\/schema.org","@graph":[{"@type":"WebPage","@id":"https:\/\/ilcrogiuolo.it\/it\/p\/la-grande-opera-alchemica\/","url":"https:\/\/ilcrogiuolo.it\/it\/p\/la-grande-opera-alchemica\/","name":"LA GRANDE OPERA ALCHEMICA - Il Crogiuolo","isPartOf":{"@id":"https:\/\/ilcrogiuolo.it\/it\/#website"},"primaryImageOfPage":{"@id":"https:\/\/ilcrogiuolo.it\/it\/p\/la-grande-opera-alchemica\/#primaryimage"},"image":{"@id":"https:\/\/ilcrogiuolo.it\/it\/p\/la-grande-opera-alchemica\/#primaryimage"},"thumbnailUrl":"https:\/\/ilcrogiuolo.it\/wp-content\/uploads\/2020\/01\/grandeoperaalchemica_7574139.jpg","datePublished":"2020-01-14T16:14:35+00:00","dateModified":"2020-01-31T13:08:19+00:00","description":"LA GRANDE OPERA ALCHEMICA RUBELLUS PETRINUS, La Grande Opera Alchemica di Ireneo Filatete, Nicolas Flamel e Basilio Valentino. La Grande Opera Alchemica \u00e8 un libro Europeo","breadcrumb":{"@id":"https:\/\/ilcrogiuolo.it\/it\/p\/la-grande-opera-alchemica\/#breadcrumb"},"inLanguage":"it-IT","potentialAction":[{"@type":"ReadAction","target":["https:\/\/ilcrogiuolo.it\/it\/p\/la-grande-opera-alchemica\/"]}]},{"@type":"ImageObject","inLanguage":"it-IT","@id":"https:\/\/ilcrogiuolo.it\/it\/p\/la-grande-opera-alchemica\/#primaryimage","url":"https:\/\/ilcrogiuolo.it\/wp-content\/uploads\/2020\/01\/grandeoperaalchemica_7574139.jpg","contentUrl":"https:\/\/ilcrogiuolo.it\/wp-content\/uploads\/2020\/01\/grandeoperaalchemica_7574139.jpg","width":627,"height":600},{"@type":"BreadcrumbList","@id":"https:\/\/ilcrogiuolo.it\/it\/p\/la-grande-opera-alchemica\/#breadcrumb","itemListElement":[{"@type":"ListItem","position":1,"name":"Home","item":"https:\/\/ilcrogiuolo.it\/it\/"},{"@type":"ListItem","position":2,"name":"Shop","item":"https:\/\/ilcrogiuolo.it\/it\/negozio\/"},{"@type":"ListItem","position":3,"name":"LA GRANDE OPERA ALCHEMICA"}]},{"@type":"WebSite","@id":"https:\/\/ilcrogiuolo.it\/it\/#website","url":"https:\/\/ilcrogiuolo.it\/it\/","name":"Il Crogiuolo","description":"","publisher":{"@id":"https:\/\/ilcrogiuolo.it\/it\/#organization"},"potentialAction":[{"@type":"SearchAction","target":{"@type":"EntryPoint","urlTemplate":"https:\/\/ilcrogiuolo.it\/it\/?s={search_term_string}"},"query-input":{"@type":"PropertyValueSpecification","valueRequired":true,"valueName":"search_term_string"}}],"inLanguage":"it-IT"},{"@type":"Organization","@id":"https:\/\/ilcrogiuolo.it\/it\/#organization","name":"Il Crogiuolo","url":"https:\/\/ilcrogiuolo.it\/it\/","logo":{"@type":"ImageObject","inLanguage":"it-IT","@id":"https:\/\/ilcrogiuolo.it\/it\/#\/schema\/logo\/image\/","url":"https:\/\/ilcrogiuolo.it\/wp-content\/uploads\/2020\/04\/logo.png","contentUrl":"https:\/\/ilcrogiuolo.it\/wp-content\/uploads\/2020\/04\/logo.png","width":200,"height":49,"caption":"Il Crogiuolo"},"image":{"@id":"https:\/\/ilcrogiuolo.it\/it\/#\/schema\/logo\/image\/"},"sameAs":["https:\/\/www.facebook.com\/Il-Crogiuolo-681876418491758"]}]}},"_links":{"self":[{"href":"https:\/\/ilcrogiuolo.it\/it\/wp-json\/wp\/v2\/product\/7199","targetHints":{"allow":["GET"]}}],"collection":[{"href":"https:\/\/ilcrogiuolo.it\/it\/wp-json\/wp\/v2\/product"}],"about":[{"href":"https:\/\/ilcrogiuolo.it\/it\/wp-json\/wp\/v2\/types\/product"}],"wp:featuredmedia":[{"embeddable":true,"href":"https:\/\/ilcrogiuolo.it\/it\/wp-json\/wp\/v2\/media\/7200"}],"wp:attachment":[{"href":"https:\/\/ilcrogiuolo.it\/it\/wp-json\/wp\/v2\/media?parent=7199"}],"wp:term":[{"taxonomy":"product_brand","embeddable":true,"href":"https:\/\/ilcrogiuolo.it\/it\/wp-json\/wp\/v2\/product_brand?post=7199"},{"taxonomy":"product_cat","embeddable":true,"href":"https:\/\/ilcrogiuolo.it\/it\/wp-json\/wp\/v2\/product_cat?post=7199"},{"taxonomy":"product_tag","embeddable":true,"href":"https:\/\/ilcrogiuolo.it\/it\/wp-json\/wp\/v2\/product_tag?post=7199"}],"curies":[{"name":"wp","href":"https:\/\/api.w.org\/{rel}","templated":true}]}}