{"id":717,"date":"2020-01-14T17:02:06","date_gmt":"2020-01-14T16:02:06","guid":{"rendered":"https:\/\/ilcrogiuolo.it\/p\/candela-azzurra-confezione-8-pz-cm-19\/"},"modified":"2020-12-10T14:10:13","modified_gmt":"2020-12-10T13:10:13","slug":"candela-azzurra-confezione-8-pz-cm-19","status":"publish","type":"product","link":"https:\/\/ilcrogiuolo.it\/it\/p\/candela-azzurra-confezione-8-pz-cm-19\/","title":{"rendered":"CANDELA AZZURRA &#8211; CONFEZIONE 8 PZ CM 19"},"content":{"rendered":"<p>YEMANJ\u00c1 Signora del mare e Madre di tutti gli esseri predilige questo colore a Lei consacrato. Si usa quindi questa candela per ogni RITO o per ogni EB\u00d3 ove si ricorra all\u2019ENERGIA di questo potente ORIX\u00c1.<\/p>\n<p>Accendendo un defumador di YEMANJ\u00c1 e la candela azzurra, ungendo la candela con il suo olio esoterico, ogni donna potr\u00e0 esprimere un desiderio che sicuramente la bella Signora del mare non mancher\u00e0 di esaudire, cos\u00ec dice la tradizione.<\/p>\n","protected":false},"excerpt":{"rendered":"<p>YEMANJ\u00c1 Signora del mare e Madre di tutti gli esseri predilige questo colore a Lei consacrato. Si usa quindi questa&#8230;<\/p>\n","protected":false},"featured_media":18965,"template":"","meta":{"_acf_changed":false},"product_brand":[],"product_cat":[1083,1059,1292],"product_tag":[],"class_list":{"0":"post-717","1":"product","2":"type-product","3":"status-publish","4":"has-post-thumbnail","6":"product_cat-cereria-esoterica-candele-da-altare","7":"product_cat-articoli-esoterici","8":"product_cat-candele-cilindriche-confezionate","10":"first","11":"instock","12":"taxable","13":"shipping-taxable","14":"purchasable","15":"product-type-simple","16":"add-to-wishlist-before_image"},"acf":[],"yoast_head":"<!-- This site is optimized with the Yoast SEO plugin v26.9 - https:\/\/yoast.com\/product\/yoast-seo-wordpress\/ -->\n<title>CANDELA AZZURRA - CONFEZIONE 8 PZ CM 19 - Il Crogiuolo<\/title>\n<meta name=\"description\" content=\"CANDELA AZZURRA - CONFEZIONE 8 PZ CM 19 YEMANJ\u00c1 Signora del mare e Madre di tutti gli esseri predilige questo colore a Lei consacrato. Si usa quindi questa candela per ogni RITO o per ogni EB\u00d3\" \/>\n<meta name=\"robots\" content=\"index, follow, max-snippet:-1, max-image-preview:large, max-video-preview:-1\" \/>\n<link rel=\"canonical\" href=\"https:\/\/ilcrogiuolo.it\/it\/p\/candela-azzurra-confezione-8-pz-cm-19\/\" \/>\n<meta property=\"og:locale\" content=\"it_IT\" \/>\n<meta property=\"og:type\" content=\"article\" \/>\n<meta property=\"og:title\" content=\"CANDELA AZZURRA - CONFEZIONE 8 PZ CM 19 - Il Crogiuolo\" \/>\n<meta property=\"og:description\" content=\"CANDELA AZZURRA - CONFEZIONE 8 PZ CM 19 YEMANJ\u00c1 Signora del mare e Madre di tutti gli esseri predilige questo colore a Lei consacrato. Si usa quindi questa candela per ogni RITO o per ogni EB\u00d3\" \/>\n<meta property=\"og:url\" content=\"https:\/\/ilcrogiuolo.it\/it\/p\/candela-azzurra-confezione-8-pz-cm-19\/\" \/>\n<meta property=\"og:site_name\" content=\"Il Crogiuolo\" \/>\n<meta property=\"article:publisher\" content=\"https:\/\/www.facebook.com\/Il-Crogiuolo-681876418491758\" \/>\n<meta property=\"article:modified_time\" content=\"2020-12-10T13:10:13+00:00\" \/>\n<meta property=\"og:image\" content=\"https:\/\/ilcrogiuolo.it\/wp-content\/uploads\/2020\/01\/azzurra_5839840-1.jpg\" \/>\n\t<meta property=\"og:image:width\" content=\"627\" \/>\n\t<meta property=\"og:image:height\" content=\"600\" \/>\n\t<meta property=\"og:image:type\" content=\"image\/jpeg\" \/>\n<meta name=\"twitter:card\" content=\"summary_large_image\" \/>\n<script type=\"application\/ld+json\" class=\"yoast-schema-graph\">{\"@context\":\"https:\/\/schema.org\",\"@graph\":[{\"@type\":\"WebPage\",\"@id\":\"https:\/\/ilcrogiuolo.it\/it\/p\/candela-azzurra-confezione-8-pz-cm-19\/\",\"url\":\"https:\/\/ilcrogiuolo.it\/it\/p\/candela-azzurra-confezione-8-pz-cm-19\/\",\"name\":\"CANDELA AZZURRA - CONFEZIONE 8 PZ CM 19 - Il Crogiuolo\",\"isPartOf\":{\"@id\":\"https:\/\/ilcrogiuolo.it\/it\/#website\"},\"primaryImageOfPage\":{\"@id\":\"https:\/\/ilcrogiuolo.it\/it\/p\/candela-azzurra-confezione-8-pz-cm-19\/#primaryimage\"},\"image\":{\"@id\":\"https:\/\/ilcrogiuolo.it\/it\/p\/candela-azzurra-confezione-8-pz-cm-19\/#primaryimage\"},\"thumbnailUrl\":\"https:\/\/ilcrogiuolo.it\/wp-content\/uploads\/2020\/01\/azzurra_5839840-1.jpg\",\"datePublished\":\"2020-01-14T16:02:06+00:00\",\"dateModified\":\"2020-12-10T13:10:13+00:00\",\"description\":\"CANDELA AZZURRA - CONFEZIONE 8 PZ CM 19 YEMANJ\u00c1 Signora del mare e Madre di tutti gli esseri predilige questo colore a Lei consacrato. Si usa quindi questa candela per ogni RITO o per ogni EB\u00d3\",\"breadcrumb\":{\"@id\":\"https:\/\/ilcrogiuolo.it\/it\/p\/candela-azzurra-confezione-8-pz-cm-19\/#breadcrumb\"},\"inLanguage\":\"it-IT\",\"potentialAction\":[{\"@type\":\"ReadAction\",\"target\":[\"https:\/\/ilcrogiuolo.it\/it\/p\/candela-azzurra-confezione-8-pz-cm-19\/\"]}]},{\"@type\":\"ImageObject\",\"inLanguage\":\"it-IT\",\"@id\":\"https:\/\/ilcrogiuolo.it\/it\/p\/candela-azzurra-confezione-8-pz-cm-19\/#primaryimage\",\"url\":\"https:\/\/ilcrogiuolo.it\/wp-content\/uploads\/2020\/01\/azzurra_5839840-1.jpg\",\"contentUrl\":\"https:\/\/ilcrogiuolo.it\/wp-content\/uploads\/2020\/01\/azzurra_5839840-1.jpg\",\"width\":627,\"height\":600},{\"@type\":\"BreadcrumbList\",\"@id\":\"https:\/\/ilcrogiuolo.it\/it\/p\/candela-azzurra-confezione-8-pz-cm-19\/#breadcrumb\",\"itemListElement\":[{\"@type\":\"ListItem\",\"position\":1,\"name\":\"Home\",\"item\":\"https:\/\/ilcrogiuolo.it\/it\/\"},{\"@type\":\"ListItem\",\"position\":2,\"name\":\"Shop\",\"item\":\"https:\/\/ilcrogiuolo.it\/it\/negozio\/\"},{\"@type\":\"ListItem\",\"position\":3,\"name\":\"CANDELA AZZURRA &#8211; CONFEZIONE 8 PZ CM 19\"}]},{\"@type\":\"WebSite\",\"@id\":\"https:\/\/ilcrogiuolo.it\/it\/#website\",\"url\":\"https:\/\/ilcrogiuolo.it\/it\/\",\"name\":\"Il Crogiuolo\",\"description\":\"\",\"publisher\":{\"@id\":\"https:\/\/ilcrogiuolo.it\/it\/#organization\"},\"potentialAction\":[{\"@type\":\"SearchAction\",\"target\":{\"@type\":\"EntryPoint\",\"urlTemplate\":\"https:\/\/ilcrogiuolo.it\/it\/?s={search_term_string}\"},\"query-input\":{\"@type\":\"PropertyValueSpecification\",\"valueRequired\":true,\"valueName\":\"search_term_string\"}}],\"inLanguage\":\"it-IT\"},{\"@type\":\"Organization\",\"@id\":\"https:\/\/ilcrogiuolo.it\/it\/#organization\",\"name\":\"Il Crogiuolo\",\"url\":\"https:\/\/ilcrogiuolo.it\/it\/\",\"logo\":{\"@type\":\"ImageObject\",\"inLanguage\":\"it-IT\",\"@id\":\"https:\/\/ilcrogiuolo.it\/it\/#\/schema\/logo\/image\/\",\"url\":\"https:\/\/ilcrogiuolo.it\/wp-content\/uploads\/2020\/04\/logo.png\",\"contentUrl\":\"https:\/\/ilcrogiuolo.it\/wp-content\/uploads\/2020\/04\/logo.png\",\"width\":200,\"height\":49,\"caption\":\"Il Crogiuolo\"},\"image\":{\"@id\":\"https:\/\/ilcrogiuolo.it\/it\/#\/schema\/logo\/image\/\"},\"sameAs\":[\"https:\/\/www.facebook.com\/Il-Crogiuolo-681876418491758\"]}]}<\/script>\n<!-- \/ Yoast SEO plugin. -->","yoast_head_json":{"title":"CANDELA AZZURRA - CONFEZIONE 8 PZ CM 19 - Il Crogiuolo","description":"CANDELA AZZURRA - CONFEZIONE 8 PZ CM 19 YEMANJ\u00c1 Signora del mare e Madre di tutti gli esseri predilige questo colore a Lei consacrato. Si usa quindi questa candela per ogni RITO o per ogni EB\u00d3","robots":{"index":"index","follow":"follow","max-snippet":"max-snippet:-1","max-image-preview":"max-image-preview:large","max-video-preview":"max-video-preview:-1"},"canonical":"https:\/\/ilcrogiuolo.it\/it\/p\/candela-azzurra-confezione-8-pz-cm-19\/","og_locale":"it_IT","og_type":"article","og_title":"CANDELA AZZURRA - CONFEZIONE 8 PZ CM 19 - Il Crogiuolo","og_description":"CANDELA AZZURRA - CONFEZIONE 8 PZ CM 19 YEMANJ\u00c1 Signora del mare e Madre di tutti gli esseri predilige questo colore a Lei consacrato. Si usa quindi questa candela per ogni RITO o per ogni EB\u00d3","og_url":"https:\/\/ilcrogiuolo.it\/it\/p\/candela-azzurra-confezione-8-pz-cm-19\/","og_site_name":"Il Crogiuolo","article_publisher":"https:\/\/www.facebook.com\/Il-Crogiuolo-681876418491758","article_modified_time":"2020-12-10T13:10:13+00:00","og_image":[{"width":627,"height":600,"url":"https:\/\/ilcrogiuolo.it\/wp-content\/uploads\/2020\/01\/azzurra_5839840-1.jpg","type":"image\/jpeg"}],"twitter_card":"summary_large_image","schema":{"@context":"https:\/\/schema.org","@graph":[{"@type":"WebPage","@id":"https:\/\/ilcrogiuolo.it\/it\/p\/candela-azzurra-confezione-8-pz-cm-19\/","url":"https:\/\/ilcrogiuolo.it\/it\/p\/candela-azzurra-confezione-8-pz-cm-19\/","name":"CANDELA AZZURRA - CONFEZIONE 8 PZ CM 19 - Il Crogiuolo","isPartOf":{"@id":"https:\/\/ilcrogiuolo.it\/it\/#website"},"primaryImageOfPage":{"@id":"https:\/\/ilcrogiuolo.it\/it\/p\/candela-azzurra-confezione-8-pz-cm-19\/#primaryimage"},"image":{"@id":"https:\/\/ilcrogiuolo.it\/it\/p\/candela-azzurra-confezione-8-pz-cm-19\/#primaryimage"},"thumbnailUrl":"https:\/\/ilcrogiuolo.it\/wp-content\/uploads\/2020\/01\/azzurra_5839840-1.jpg","datePublished":"2020-01-14T16:02:06+00:00","dateModified":"2020-12-10T13:10:13+00:00","description":"CANDELA AZZURRA - CONFEZIONE 8 PZ CM 19 YEMANJ\u00c1 Signora del mare e Madre di tutti gli esseri predilige questo colore a Lei consacrato. Si usa quindi questa candela per ogni RITO o per ogni EB\u00d3","breadcrumb":{"@id":"https:\/\/ilcrogiuolo.it\/it\/p\/candela-azzurra-confezione-8-pz-cm-19\/#breadcrumb"},"inLanguage":"it-IT","potentialAction":[{"@type":"ReadAction","target":["https:\/\/ilcrogiuolo.it\/it\/p\/candela-azzurra-confezione-8-pz-cm-19\/"]}]},{"@type":"ImageObject","inLanguage":"it-IT","@id":"https:\/\/ilcrogiuolo.it\/it\/p\/candela-azzurra-confezione-8-pz-cm-19\/#primaryimage","url":"https:\/\/ilcrogiuolo.it\/wp-content\/uploads\/2020\/01\/azzurra_5839840-1.jpg","contentUrl":"https:\/\/ilcrogiuolo.it\/wp-content\/uploads\/2020\/01\/azzurra_5839840-1.jpg","width":627,"height":600},{"@type":"BreadcrumbList","@id":"https:\/\/ilcrogiuolo.it\/it\/p\/candela-azzurra-confezione-8-pz-cm-19\/#breadcrumb","itemListElement":[{"@type":"ListItem","position":1,"name":"Home","item":"https:\/\/ilcrogiuolo.it\/it\/"},{"@type":"ListItem","position":2,"name":"Shop","item":"https:\/\/ilcrogiuolo.it\/it\/negozio\/"},{"@type":"ListItem","position":3,"name":"CANDELA AZZURRA &#8211; CONFEZIONE 8 PZ CM 19"}]},{"@type":"WebSite","@id":"https:\/\/ilcrogiuolo.it\/it\/#website","url":"https:\/\/ilcrogiuolo.it\/it\/","name":"Il Crogiuolo","description":"","publisher":{"@id":"https:\/\/ilcrogiuolo.it\/it\/#organization"},"potentialAction":[{"@type":"SearchAction","target":{"@type":"EntryPoint","urlTemplate":"https:\/\/ilcrogiuolo.it\/it\/?s={search_term_string}"},"query-input":{"@type":"PropertyValueSpecification","valueRequired":true,"valueName":"search_term_string"}}],"inLanguage":"it-IT"},{"@type":"Organization","@id":"https:\/\/ilcrogiuolo.it\/it\/#organization","name":"Il Crogiuolo","url":"https:\/\/ilcrogiuolo.it\/it\/","logo":{"@type":"ImageObject","inLanguage":"it-IT","@id":"https:\/\/ilcrogiuolo.it\/it\/#\/schema\/logo\/image\/","url":"https:\/\/ilcrogiuolo.it\/wp-content\/uploads\/2020\/04\/logo.png","contentUrl":"https:\/\/ilcrogiuolo.it\/wp-content\/uploads\/2020\/04\/logo.png","width":200,"height":49,"caption":"Il Crogiuolo"},"image":{"@id":"https:\/\/ilcrogiuolo.it\/it\/#\/schema\/logo\/image\/"},"sameAs":["https:\/\/www.facebook.com\/Il-Crogiuolo-681876418491758"]}]}},"_links":{"self":[{"href":"https:\/\/ilcrogiuolo.it\/it\/wp-json\/wp\/v2\/product\/717","targetHints":{"allow":["GET"]}}],"collection":[{"href":"https:\/\/ilcrogiuolo.it\/it\/wp-json\/wp\/v2\/product"}],"about":[{"href":"https:\/\/ilcrogiuolo.it\/it\/wp-json\/wp\/v2\/types\/product"}],"wp:featuredmedia":[{"embeddable":true,"href":"https:\/\/ilcrogiuolo.it\/it\/wp-json\/wp\/v2\/media\/18965"}],"wp:attachment":[{"href":"https:\/\/ilcrogiuolo.it\/it\/wp-json\/wp\/v2\/media?parent=717"}],"wp:term":[{"taxonomy":"product_brand","embeddable":true,"href":"https:\/\/ilcrogiuolo.it\/it\/wp-json\/wp\/v2\/product_brand?post=717"},{"taxonomy":"product_cat","embeddable":true,"href":"https:\/\/ilcrogiuolo.it\/it\/wp-json\/wp\/v2\/product_cat?post=717"},{"taxonomy":"product_tag","embeddable":true,"href":"https:\/\/ilcrogiuolo.it\/it\/wp-json\/wp\/v2\/product_tag?post=717"}],"curies":[{"name":"wp","href":"https:\/\/api.w.org\/{rel}","templated":true}]}}