{"id":6977,"date":"2020-01-14T17:13:55","date_gmt":"2020-01-14T16:13:55","guid":{"rendered":"https:\/\/ilcrogiuolo.it\/p\/extracto-jalea-africana\/"},"modified":"2024-11-19T17:57:41","modified_gmt":"2024-11-19T16:57:41","slug":"extracto-jalea-africana","status":"publish","type":"product","link":"https:\/\/ilcrogiuolo.it\/it\/p\/extracto-jalea-africana\/","title":{"rendered":"EXTRACTO JALEA AFRICANA"},"content":{"rendered":"<p>Quest\u2019estratto si impiega nelle opere di attrazione per stimolare la sessualit\u00e0. Viene utilizzato\u00a0nella tradizione esoterica\u00a0da una donna quando desidera garantirsi la fedelt\u00e0 del compagno risvegliando in lui una fortissima passione. \u00c8 considerato un potentissimo afrodisiaco e si usa altres\u00ec in ogni tipo di pratica di attrazione.\u00a0ML 10<\/p>\n","protected":false},"excerpt":{"rendered":"<p>Quest\u2019estratto si impiega nelle opere di attrazione per stimolare la sessualit\u00e0. Viene utilizzato\u00a0nella tradizione esoterica\u00a0da una donna quando desidera garantirsi&#8230;<\/p>\n","protected":false},"featured_media":48244,"template":"","meta":{"_acf_changed":false},"product_brand":[],"product_cat":[1078,1059,1468],"product_tag":[],"class_list":{"0":"post-6977","1":"product","2":"type-product","3":"status-publish","4":"has-post-thumbnail","6":"product_cat-prodotti-esoterici-voodoo-vodun-vudu-santeria","7":"product_cat-articoli-esoterici","8":"product_cat-estratti-extractos","10":"first","11":"instock","12":"taxable","13":"shipping-taxable","14":"purchasable","15":"product-type-simple","16":"add-to-wishlist-before_image"},"acf":[],"yoast_head":"<!-- This site is optimized with the Yoast SEO plugin v26.9 - https:\/\/yoast.com\/product\/yoast-seo-wordpress\/ -->\n<title>EXTRACTO JALEA AFRICANA - Il Crogiuolo<\/title>\n<meta name=\"description\" content=\"EXTRACTO JALEA AFRICANA Quest\u2019estratto si impiega nelle opere di attrazione per stimolare la sessualit\u00e0. Viene utilizzato\u00a0nella tradizione esoterica\u00a0da una donna quando desidera\" \/>\n<meta name=\"robots\" content=\"index, follow, max-snippet:-1, max-image-preview:large, max-video-preview:-1\" \/>\n<link rel=\"canonical\" href=\"https:\/\/ilcrogiuolo.it\/it\/p\/extracto-jalea-africana\/\" \/>\n<meta property=\"og:locale\" content=\"it_IT\" \/>\n<meta property=\"og:type\" content=\"article\" \/>\n<meta property=\"og:title\" content=\"EXTRACTO JALEA AFRICANA - Il Crogiuolo\" \/>\n<meta property=\"og:description\" content=\"EXTRACTO JALEA AFRICANA Quest\u2019estratto si impiega nelle opere di attrazione per stimolare la sessualit\u00e0. Viene utilizzato\u00a0nella tradizione esoterica\u00a0da una donna quando desidera\" \/>\n<meta property=\"og:url\" content=\"https:\/\/ilcrogiuolo.it\/it\/p\/extracto-jalea-africana\/\" \/>\n<meta property=\"og:site_name\" content=\"Il Crogiuolo\" \/>\n<meta property=\"article:publisher\" content=\"https:\/\/www.facebook.com\/Il-Crogiuolo-681876418491758\" \/>\n<meta property=\"article:modified_time\" content=\"2024-11-19T16:57:41+00:00\" \/>\n<meta property=\"og:image\" content=\"https:\/\/ilcrogiuolo.it\/wp-content\/uploads\/2020\/01\/JALEA-AFRICANA.png\" \/>\n\t<meta property=\"og:image:width\" content=\"400\" \/>\n\t<meta property=\"og:image:height\" content=\"400\" \/>\n\t<meta property=\"og:image:type\" content=\"image\/png\" \/>\n<meta name=\"twitter:card\" content=\"summary_large_image\" \/>\n<meta name=\"twitter:label1\" content=\"Tempo di lettura stimato\" \/>\n\t<meta name=\"twitter:data1\" content=\"1 minuto\" \/>\n<script type=\"application\/ld+json\" class=\"yoast-schema-graph\">{\"@context\":\"https:\/\/schema.org\",\"@graph\":[{\"@type\":\"WebPage\",\"@id\":\"https:\/\/ilcrogiuolo.it\/it\/p\/extracto-jalea-africana\/\",\"url\":\"https:\/\/ilcrogiuolo.it\/it\/p\/extracto-jalea-africana\/\",\"name\":\"EXTRACTO JALEA AFRICANA - Il Crogiuolo\",\"isPartOf\":{\"@id\":\"https:\/\/ilcrogiuolo.it\/it\/#website\"},\"primaryImageOfPage\":{\"@id\":\"https:\/\/ilcrogiuolo.it\/it\/p\/extracto-jalea-africana\/#primaryimage\"},\"image\":{\"@id\":\"https:\/\/ilcrogiuolo.it\/it\/p\/extracto-jalea-africana\/#primaryimage\"},\"thumbnailUrl\":\"https:\/\/ilcrogiuolo.it\/wp-content\/uploads\/2020\/01\/JALEA-AFRICANA.png\",\"datePublished\":\"2020-01-14T16:13:55+00:00\",\"dateModified\":\"2024-11-19T16:57:41+00:00\",\"description\":\"EXTRACTO JALEA AFRICANA Quest\u2019estratto si impiega nelle opere di attrazione per stimolare la sessualit\u00e0. Viene utilizzato\u00a0nella tradizione esoterica\u00a0da una donna quando desidera\",\"breadcrumb\":{\"@id\":\"https:\/\/ilcrogiuolo.it\/it\/p\/extracto-jalea-africana\/#breadcrumb\"},\"inLanguage\":\"it-IT\",\"potentialAction\":[{\"@type\":\"ReadAction\",\"target\":[\"https:\/\/ilcrogiuolo.it\/it\/p\/extracto-jalea-africana\/\"]}]},{\"@type\":\"ImageObject\",\"inLanguage\":\"it-IT\",\"@id\":\"https:\/\/ilcrogiuolo.it\/it\/p\/extracto-jalea-africana\/#primaryimage\",\"url\":\"https:\/\/ilcrogiuolo.it\/wp-content\/uploads\/2020\/01\/JALEA-AFRICANA.png\",\"contentUrl\":\"https:\/\/ilcrogiuolo.it\/wp-content\/uploads\/2020\/01\/JALEA-AFRICANA.png\",\"width\":400,\"height\":400},{\"@type\":\"BreadcrumbList\",\"@id\":\"https:\/\/ilcrogiuolo.it\/it\/p\/extracto-jalea-africana\/#breadcrumb\",\"itemListElement\":[{\"@type\":\"ListItem\",\"position\":1,\"name\":\"Home\",\"item\":\"https:\/\/ilcrogiuolo.it\/it\/\"},{\"@type\":\"ListItem\",\"position\":2,\"name\":\"Shop\",\"item\":\"https:\/\/ilcrogiuolo.it\/it\/negozio\/\"},{\"@type\":\"ListItem\",\"position\":3,\"name\":\"EXTRACTO JALEA AFRICANA\"}]},{\"@type\":\"WebSite\",\"@id\":\"https:\/\/ilcrogiuolo.it\/it\/#website\",\"url\":\"https:\/\/ilcrogiuolo.it\/it\/\",\"name\":\"Il Crogiuolo\",\"description\":\"\",\"publisher\":{\"@id\":\"https:\/\/ilcrogiuolo.it\/it\/#organization\"},\"potentialAction\":[{\"@type\":\"SearchAction\",\"target\":{\"@type\":\"EntryPoint\",\"urlTemplate\":\"https:\/\/ilcrogiuolo.it\/it\/?s={search_term_string}\"},\"query-input\":{\"@type\":\"PropertyValueSpecification\",\"valueRequired\":true,\"valueName\":\"search_term_string\"}}],\"inLanguage\":\"it-IT\"},{\"@type\":\"Organization\",\"@id\":\"https:\/\/ilcrogiuolo.it\/it\/#organization\",\"name\":\"Il Crogiuolo\",\"url\":\"https:\/\/ilcrogiuolo.it\/it\/\",\"logo\":{\"@type\":\"ImageObject\",\"inLanguage\":\"it-IT\",\"@id\":\"https:\/\/ilcrogiuolo.it\/it\/#\/schema\/logo\/image\/\",\"url\":\"https:\/\/ilcrogiuolo.it\/wp-content\/uploads\/2020\/04\/logo.png\",\"contentUrl\":\"https:\/\/ilcrogiuolo.it\/wp-content\/uploads\/2020\/04\/logo.png\",\"width\":200,\"height\":49,\"caption\":\"Il Crogiuolo\"},\"image\":{\"@id\":\"https:\/\/ilcrogiuolo.it\/it\/#\/schema\/logo\/image\/\"},\"sameAs\":[\"https:\/\/www.facebook.com\/Il-Crogiuolo-681876418491758\"]}]}<\/script>\n<!-- \/ Yoast SEO plugin. -->","yoast_head_json":{"title":"EXTRACTO JALEA AFRICANA - Il Crogiuolo","description":"EXTRACTO JALEA AFRICANA Quest\u2019estratto si impiega nelle opere di attrazione per stimolare la sessualit\u00e0. Viene utilizzato\u00a0nella tradizione esoterica\u00a0da una donna quando desidera","robots":{"index":"index","follow":"follow","max-snippet":"max-snippet:-1","max-image-preview":"max-image-preview:large","max-video-preview":"max-video-preview:-1"},"canonical":"https:\/\/ilcrogiuolo.it\/it\/p\/extracto-jalea-africana\/","og_locale":"it_IT","og_type":"article","og_title":"EXTRACTO JALEA AFRICANA - Il Crogiuolo","og_description":"EXTRACTO JALEA AFRICANA Quest\u2019estratto si impiega nelle opere di attrazione per stimolare la sessualit\u00e0. Viene utilizzato\u00a0nella tradizione esoterica\u00a0da una donna quando desidera","og_url":"https:\/\/ilcrogiuolo.it\/it\/p\/extracto-jalea-africana\/","og_site_name":"Il Crogiuolo","article_publisher":"https:\/\/www.facebook.com\/Il-Crogiuolo-681876418491758","article_modified_time":"2024-11-19T16:57:41+00:00","og_image":[{"width":400,"height":400,"url":"https:\/\/ilcrogiuolo.it\/wp-content\/uploads\/2020\/01\/JALEA-AFRICANA.png","type":"image\/png"}],"twitter_card":"summary_large_image","twitter_misc":{"Tempo di lettura stimato":"1 minuto"},"schema":{"@context":"https:\/\/schema.org","@graph":[{"@type":"WebPage","@id":"https:\/\/ilcrogiuolo.it\/it\/p\/extracto-jalea-africana\/","url":"https:\/\/ilcrogiuolo.it\/it\/p\/extracto-jalea-africana\/","name":"EXTRACTO JALEA AFRICANA - Il Crogiuolo","isPartOf":{"@id":"https:\/\/ilcrogiuolo.it\/it\/#website"},"primaryImageOfPage":{"@id":"https:\/\/ilcrogiuolo.it\/it\/p\/extracto-jalea-africana\/#primaryimage"},"image":{"@id":"https:\/\/ilcrogiuolo.it\/it\/p\/extracto-jalea-africana\/#primaryimage"},"thumbnailUrl":"https:\/\/ilcrogiuolo.it\/wp-content\/uploads\/2020\/01\/JALEA-AFRICANA.png","datePublished":"2020-01-14T16:13:55+00:00","dateModified":"2024-11-19T16:57:41+00:00","description":"EXTRACTO JALEA AFRICANA Quest\u2019estratto si impiega nelle opere di attrazione per stimolare la sessualit\u00e0. Viene utilizzato\u00a0nella tradizione esoterica\u00a0da una donna quando desidera","breadcrumb":{"@id":"https:\/\/ilcrogiuolo.it\/it\/p\/extracto-jalea-africana\/#breadcrumb"},"inLanguage":"it-IT","potentialAction":[{"@type":"ReadAction","target":["https:\/\/ilcrogiuolo.it\/it\/p\/extracto-jalea-africana\/"]}]},{"@type":"ImageObject","inLanguage":"it-IT","@id":"https:\/\/ilcrogiuolo.it\/it\/p\/extracto-jalea-africana\/#primaryimage","url":"https:\/\/ilcrogiuolo.it\/wp-content\/uploads\/2020\/01\/JALEA-AFRICANA.png","contentUrl":"https:\/\/ilcrogiuolo.it\/wp-content\/uploads\/2020\/01\/JALEA-AFRICANA.png","width":400,"height":400},{"@type":"BreadcrumbList","@id":"https:\/\/ilcrogiuolo.it\/it\/p\/extracto-jalea-africana\/#breadcrumb","itemListElement":[{"@type":"ListItem","position":1,"name":"Home","item":"https:\/\/ilcrogiuolo.it\/it\/"},{"@type":"ListItem","position":2,"name":"Shop","item":"https:\/\/ilcrogiuolo.it\/it\/negozio\/"},{"@type":"ListItem","position":3,"name":"EXTRACTO JALEA AFRICANA"}]},{"@type":"WebSite","@id":"https:\/\/ilcrogiuolo.it\/it\/#website","url":"https:\/\/ilcrogiuolo.it\/it\/","name":"Il Crogiuolo","description":"","publisher":{"@id":"https:\/\/ilcrogiuolo.it\/it\/#organization"},"potentialAction":[{"@type":"SearchAction","target":{"@type":"EntryPoint","urlTemplate":"https:\/\/ilcrogiuolo.it\/it\/?s={search_term_string}"},"query-input":{"@type":"PropertyValueSpecification","valueRequired":true,"valueName":"search_term_string"}}],"inLanguage":"it-IT"},{"@type":"Organization","@id":"https:\/\/ilcrogiuolo.it\/it\/#organization","name":"Il Crogiuolo","url":"https:\/\/ilcrogiuolo.it\/it\/","logo":{"@type":"ImageObject","inLanguage":"it-IT","@id":"https:\/\/ilcrogiuolo.it\/it\/#\/schema\/logo\/image\/","url":"https:\/\/ilcrogiuolo.it\/wp-content\/uploads\/2020\/04\/logo.png","contentUrl":"https:\/\/ilcrogiuolo.it\/wp-content\/uploads\/2020\/04\/logo.png","width":200,"height":49,"caption":"Il Crogiuolo"},"image":{"@id":"https:\/\/ilcrogiuolo.it\/it\/#\/schema\/logo\/image\/"},"sameAs":["https:\/\/www.facebook.com\/Il-Crogiuolo-681876418491758"]}]}},"_links":{"self":[{"href":"https:\/\/ilcrogiuolo.it\/it\/wp-json\/wp\/v2\/product\/6977","targetHints":{"allow":["GET"]}}],"collection":[{"href":"https:\/\/ilcrogiuolo.it\/it\/wp-json\/wp\/v2\/product"}],"about":[{"href":"https:\/\/ilcrogiuolo.it\/it\/wp-json\/wp\/v2\/types\/product"}],"wp:featuredmedia":[{"embeddable":true,"href":"https:\/\/ilcrogiuolo.it\/it\/wp-json\/wp\/v2\/media\/48244"}],"wp:attachment":[{"href":"https:\/\/ilcrogiuolo.it\/it\/wp-json\/wp\/v2\/media?parent=6977"}],"wp:term":[{"taxonomy":"product_brand","embeddable":true,"href":"https:\/\/ilcrogiuolo.it\/it\/wp-json\/wp\/v2\/product_brand?post=6977"},{"taxonomy":"product_cat","embeddable":true,"href":"https:\/\/ilcrogiuolo.it\/it\/wp-json\/wp\/v2\/product_cat?post=6977"},{"taxonomy":"product_tag","embeddable":true,"href":"https:\/\/ilcrogiuolo.it\/it\/wp-json\/wp\/v2\/product_tag?post=6977"}],"curies":[{"name":"wp","href":"https:\/\/api.w.org\/{rel}","templated":true}]}}