{"id":6899,"date":"2020-01-14T17:13:49","date_gmt":"2020-01-14T16:13:49","guid":{"rendered":"https:\/\/ilcrogiuolo.it\/p\/21-divisioni-vudu-dominicano-i-misteri-di-unantica-tradizione-formato-a4-stampa-a-colori\/"},"modified":"2022-10-06T15:44:40","modified_gmt":"2022-10-06T13:44:40","slug":"libro-21-divisioni-vudu-dominicano-i-misteri-di-unantica-tradizione-con-medaglia-in-argento","status":"publish","type":"product","link":"https:\/\/ilcrogiuolo.it\/it\/p\/libro-21-divisioni-vudu-dominicano-i-misteri-di-unantica-tradizione-con-medaglia-in-argento\/","title":{"rendered":"LIBRO 21 DIVISIONI &#8211; VUDU DOMINICANO &#8211; I MISTERI DI UN&#8217;ANTICA TRADIZIONE &#8211; con medaglia in argento"},"content":{"rendered":"<p>La parola vud\u00f9 \u00e8 uno di quei termini che maggiormente stuzzicano la fantasia delle persone e produce nella mente delle persone immagini di zombi, bambole trafitte da spilli, magia nera. Cinema e tv hanno ricamato su queste tematiche al punto da distorcere completamente una tradizione religiosa che non ha a a che vedere con la stregoneria come siamo abituati a concepirla. Esistono in primo luogo diverse tradizioni di vud\u00f9. Il vudu dominicano si distingue per il forte ricorso al sincretismo e per le modalit\u00e0 di culto. I lw\u00e0 (si pu\u00f2 scrivere anche loa, se si desidera mantenere la grafia francese come avviene nel vudu haitiano e di New Orleans) sono gli spiriti del vudu dominicano. Se \u00e8 vero che in parte \u00e8 di derivazione haitiana, \u00e8 anche vero che il vudu dominicano non \u00e8 unicamente haitiano, ma ha una sua storia ed un suo percorso e viene legittimato niente poco di meno che da un gruppo di lw\u00e0 che hanno il compito di tutelare la purezza di questa straordinaria tradizione. Ad ogni lw\u00e0, spirito supremo del vudu, corrisponde un santo cattolico. Il sincretismo dominicano non \u00e8 necessariamente lo stesso di quello haitiano anche se ci sono molte affinit\u00e0. Il vudu dominicano opera nella maggior parte dei casi per fini positivi. I fedeli chiedono ai lw\u00e0 benessere, salute, protezione, difesa, denaro ed avanzamento nella vita. Se \u00e8 vero che esistono pratiche di attacco \u00e8 anche vero che ben di rado si ricorre ai lw\u00e0, anche ai pi\u00f9 aggressivi, i petr\u00f2, per fare del male per puro gusto. Le entit\u00e0 vengono usate soprattutto per risolvere i problemi della vita di tutti i giorni. In questo libro troverete le basi per imparare a cultuare i lw\u00e0 del vudu dominicano ed ottenere da queste antiche entit\u00e0 ogni tipo di vantaggio e di aiuto, alla luce della misericordia di Bondy\u00e9 (Dio Padre) e di tutti i Santi che lo circondano. All\u2019interno del testo troverete una vasta selezione di rituali e pratiche eseguite da secoli per ottenere da Bondy\u00e8 (il Dio unico) attraverso i suoi Misterios, ogni tipo di benedizione.<\/p>\n<p>IN OMAGGIO CON IL TESTO RICEVERETE UNA MEDAGLIA IN ARGENTO RECANTE IL VEVE&#8217; (SIGILLO RITUALE) DELLE 21 DIVISIONI!<\/p>\n","protected":false},"excerpt":{"rendered":"<p>La parola vud\u00f9 \u00e8 uno di quei termini che maggiormente stuzzicano la fantasia delle persone e produce nella mente delle&#8230;<\/p>\n","protected":false},"featured_media":39123,"template":"","meta":{"_acf_changed":false},"product_brand":[],"product_cat":[1077,1269,1060],"product_tag":[],"class_list":{"0":"post-6899","1":"product","2":"type-product","3":"status-publish","4":"has-post-thumbnail","6":"product_cat-libreria-esoterica-libreria-esoterica","7":"product_cat-edizioni-il-crogiuolo-corsi-e-libri","8":"product_cat-libreria-esoterica","10":"first","11":"instock","12":"taxable","13":"shipping-taxable","14":"purchasable","15":"product-type-simple","16":"add-to-wishlist-before_image"},"acf":[],"yoast_head":"<!-- This site is optimized with the Yoast SEO plugin v26.9 - https:\/\/yoast.com\/product\/yoast-seo-wordpress\/ -->\n<title>LIBRO 21 DIVISIONI - VUDU DOMINICANO - I MISTERI DI UN&#039;ANTICA TRADIZIONE - con medaglia in argento - Il Crogiuolo<\/title>\n<meta name=\"description\" content=\"LIBRO 21 DIVISIONI - VUDU DOMINICANO - I MISTERI DI UN&#039;ANTICA TRADIZIONE - con medaglia in argento La parola vud\u00f9 \u00e8 uno di quei termini che maggiormente stuzzicano la fantasia delle persone e produce nella mente delle persone immagini di zombi, bambole\" \/>\n<meta name=\"robots\" content=\"index, follow, max-snippet:-1, max-image-preview:large, max-video-preview:-1\" \/>\n<link rel=\"canonical\" href=\"https:\/\/ilcrogiuolo.it\/it\/p\/libro-21-divisioni-vudu-dominicano-i-misteri-di-unantica-tradizione-con-medaglia-in-argento\/\" \/>\n<meta property=\"og:locale\" content=\"it_IT\" \/>\n<meta property=\"og:type\" content=\"article\" \/>\n<meta property=\"og:title\" content=\"LIBRO 21 DIVISIONI - VUDU DOMINICANO - I MISTERI DI UN&#039;ANTICA TRADIZIONE - con medaglia in argento - Il Crogiuolo\" \/>\n<meta property=\"og:description\" content=\"LIBRO 21 DIVISIONI - VUDU DOMINICANO - I MISTERI DI UN&#039;ANTICA TRADIZIONE - con medaglia in argento La parola vud\u00f9 \u00e8 uno di quei termini che maggiormente stuzzicano la fantasia delle persone e produce nella mente delle persone immagini di zombi, bambole\" \/>\n<meta property=\"og:url\" content=\"https:\/\/ilcrogiuolo.it\/it\/p\/libro-21-divisioni-vudu-dominicano-i-misteri-di-unantica-tradizione-con-medaglia-in-argento\/\" \/>\n<meta property=\"og:site_name\" content=\"Il Crogiuolo\" \/>\n<meta property=\"article:publisher\" content=\"https:\/\/www.facebook.com\/Il-Crogiuolo-681876418491758\" \/>\n<meta property=\"article:modified_time\" content=\"2022-10-06T13:44:40+00:00\" \/>\n<meta property=\"og:image\" content=\"https:\/\/ilcrogiuolo.it\/wp-content\/uploads\/2020\/01\/21-divisioni-libro-e-medaglia.jpg\" \/>\n\t<meta property=\"og:image:width\" content=\"1825\" \/>\n\t<meta property=\"og:image:height\" content=\"1767\" \/>\n\t<meta property=\"og:image:type\" content=\"image\/jpeg\" \/>\n<meta name=\"twitter:card\" content=\"summary_large_image\" \/>\n<meta name=\"twitter:label1\" content=\"Tempo di lettura stimato\" \/>\n\t<meta name=\"twitter:data1\" content=\"2 minuti\" \/>\n<script type=\"application\/ld+json\" class=\"yoast-schema-graph\">{\"@context\":\"https:\/\/schema.org\",\"@graph\":[{\"@type\":\"WebPage\",\"@id\":\"https:\/\/ilcrogiuolo.it\/it\/p\/libro-21-divisioni-vudu-dominicano-i-misteri-di-unantica-tradizione-con-medaglia-in-argento\/\",\"url\":\"https:\/\/ilcrogiuolo.it\/it\/p\/libro-21-divisioni-vudu-dominicano-i-misteri-di-unantica-tradizione-con-medaglia-in-argento\/\",\"name\":\"LIBRO 21 DIVISIONI - VUDU DOMINICANO - I MISTERI DI UN'ANTICA TRADIZIONE - con medaglia in argento - Il Crogiuolo\",\"isPartOf\":{\"@id\":\"https:\/\/ilcrogiuolo.it\/it\/#website\"},\"primaryImageOfPage\":{\"@id\":\"https:\/\/ilcrogiuolo.it\/it\/p\/libro-21-divisioni-vudu-dominicano-i-misteri-di-unantica-tradizione-con-medaglia-in-argento\/#primaryimage\"},\"image\":{\"@id\":\"https:\/\/ilcrogiuolo.it\/it\/p\/libro-21-divisioni-vudu-dominicano-i-misteri-di-unantica-tradizione-con-medaglia-in-argento\/#primaryimage\"},\"thumbnailUrl\":\"https:\/\/ilcrogiuolo.it\/wp-content\/uploads\/2020\/01\/21-divisioni-libro-e-medaglia.jpg\",\"datePublished\":\"2020-01-14T16:13:49+00:00\",\"dateModified\":\"2022-10-06T13:44:40+00:00\",\"description\":\"LIBRO 21 DIVISIONI - VUDU DOMINICANO - I MISTERI DI UN'ANTICA TRADIZIONE - con medaglia in argento La parola vud\u00f9 \u00e8 uno di quei termini che maggiormente stuzzicano la fantasia delle persone e produce nella mente delle persone immagini di zombi, bambole\",\"breadcrumb\":{\"@id\":\"https:\/\/ilcrogiuolo.it\/it\/p\/libro-21-divisioni-vudu-dominicano-i-misteri-di-unantica-tradizione-con-medaglia-in-argento\/#breadcrumb\"},\"inLanguage\":\"it-IT\",\"potentialAction\":[{\"@type\":\"ReadAction\",\"target\":[\"https:\/\/ilcrogiuolo.it\/it\/p\/libro-21-divisioni-vudu-dominicano-i-misteri-di-unantica-tradizione-con-medaglia-in-argento\/\"]}]},{\"@type\":\"ImageObject\",\"inLanguage\":\"it-IT\",\"@id\":\"https:\/\/ilcrogiuolo.it\/it\/p\/libro-21-divisioni-vudu-dominicano-i-misteri-di-unantica-tradizione-con-medaglia-in-argento\/#primaryimage\",\"url\":\"https:\/\/ilcrogiuolo.it\/wp-content\/uploads\/2020\/01\/21-divisioni-libro-e-medaglia.jpg\",\"contentUrl\":\"https:\/\/ilcrogiuolo.it\/wp-content\/uploads\/2020\/01\/21-divisioni-libro-e-medaglia.jpg\",\"width\":1825,\"height\":1767},{\"@type\":\"BreadcrumbList\",\"@id\":\"https:\/\/ilcrogiuolo.it\/it\/p\/libro-21-divisioni-vudu-dominicano-i-misteri-di-unantica-tradizione-con-medaglia-in-argento\/#breadcrumb\",\"itemListElement\":[{\"@type\":\"ListItem\",\"position\":1,\"name\":\"Home\",\"item\":\"https:\/\/ilcrogiuolo.it\/it\/\"},{\"@type\":\"ListItem\",\"position\":2,\"name\":\"Shop\",\"item\":\"https:\/\/ilcrogiuolo.it\/it\/negozio\/\"},{\"@type\":\"ListItem\",\"position\":3,\"name\":\"LIBRO 21 DIVISIONI &#8211; VUDU DOMINICANO &#8211; I MISTERI DI UN&#8217;ANTICA TRADIZIONE &#8211; con medaglia in argento\"}]},{\"@type\":\"WebSite\",\"@id\":\"https:\/\/ilcrogiuolo.it\/it\/#website\",\"url\":\"https:\/\/ilcrogiuolo.it\/it\/\",\"name\":\"Il Crogiuolo\",\"description\":\"\",\"publisher\":{\"@id\":\"https:\/\/ilcrogiuolo.it\/it\/#organization\"},\"potentialAction\":[{\"@type\":\"SearchAction\",\"target\":{\"@type\":\"EntryPoint\",\"urlTemplate\":\"https:\/\/ilcrogiuolo.it\/it\/?s={search_term_string}\"},\"query-input\":{\"@type\":\"PropertyValueSpecification\",\"valueRequired\":true,\"valueName\":\"search_term_string\"}}],\"inLanguage\":\"it-IT\"},{\"@type\":\"Organization\",\"@id\":\"https:\/\/ilcrogiuolo.it\/it\/#organization\",\"name\":\"Il Crogiuolo\",\"url\":\"https:\/\/ilcrogiuolo.it\/it\/\",\"logo\":{\"@type\":\"ImageObject\",\"inLanguage\":\"it-IT\",\"@id\":\"https:\/\/ilcrogiuolo.it\/it\/#\/schema\/logo\/image\/\",\"url\":\"https:\/\/ilcrogiuolo.it\/wp-content\/uploads\/2020\/04\/logo.png\",\"contentUrl\":\"https:\/\/ilcrogiuolo.it\/wp-content\/uploads\/2020\/04\/logo.png\",\"width\":200,\"height\":49,\"caption\":\"Il Crogiuolo\"},\"image\":{\"@id\":\"https:\/\/ilcrogiuolo.it\/it\/#\/schema\/logo\/image\/\"},\"sameAs\":[\"https:\/\/www.facebook.com\/Il-Crogiuolo-681876418491758\"]}]}<\/script>\n<!-- \/ Yoast SEO plugin. -->","yoast_head_json":{"title":"LIBRO 21 DIVISIONI - VUDU DOMINICANO - I MISTERI DI UN'ANTICA TRADIZIONE - con medaglia in argento - Il Crogiuolo","description":"LIBRO 21 DIVISIONI - VUDU DOMINICANO - I MISTERI DI UN'ANTICA TRADIZIONE - con medaglia in argento La parola vud\u00f9 \u00e8 uno di quei termini che maggiormente stuzzicano la fantasia delle persone e produce nella mente delle persone immagini di zombi, bambole","robots":{"index":"index","follow":"follow","max-snippet":"max-snippet:-1","max-image-preview":"max-image-preview:large","max-video-preview":"max-video-preview:-1"},"canonical":"https:\/\/ilcrogiuolo.it\/it\/p\/libro-21-divisioni-vudu-dominicano-i-misteri-di-unantica-tradizione-con-medaglia-in-argento\/","og_locale":"it_IT","og_type":"article","og_title":"LIBRO 21 DIVISIONI - VUDU DOMINICANO - I MISTERI DI UN'ANTICA TRADIZIONE - con medaglia in argento - Il Crogiuolo","og_description":"LIBRO 21 DIVISIONI - VUDU DOMINICANO - I MISTERI DI UN'ANTICA TRADIZIONE - con medaglia in argento La parola vud\u00f9 \u00e8 uno di quei termini che maggiormente stuzzicano la fantasia delle persone e produce nella mente delle persone immagini di zombi, bambole","og_url":"https:\/\/ilcrogiuolo.it\/it\/p\/libro-21-divisioni-vudu-dominicano-i-misteri-di-unantica-tradizione-con-medaglia-in-argento\/","og_site_name":"Il Crogiuolo","article_publisher":"https:\/\/www.facebook.com\/Il-Crogiuolo-681876418491758","article_modified_time":"2022-10-06T13:44:40+00:00","og_image":[{"width":1825,"height":1767,"url":"https:\/\/ilcrogiuolo.it\/wp-content\/uploads\/2020\/01\/21-divisioni-libro-e-medaglia.jpg","type":"image\/jpeg"}],"twitter_card":"summary_large_image","twitter_misc":{"Tempo di lettura stimato":"2 minuti"},"schema":{"@context":"https:\/\/schema.org","@graph":[{"@type":"WebPage","@id":"https:\/\/ilcrogiuolo.it\/it\/p\/libro-21-divisioni-vudu-dominicano-i-misteri-di-unantica-tradizione-con-medaglia-in-argento\/","url":"https:\/\/ilcrogiuolo.it\/it\/p\/libro-21-divisioni-vudu-dominicano-i-misteri-di-unantica-tradizione-con-medaglia-in-argento\/","name":"LIBRO 21 DIVISIONI - VUDU DOMINICANO - I MISTERI DI UN'ANTICA TRADIZIONE - con medaglia in argento - Il Crogiuolo","isPartOf":{"@id":"https:\/\/ilcrogiuolo.it\/it\/#website"},"primaryImageOfPage":{"@id":"https:\/\/ilcrogiuolo.it\/it\/p\/libro-21-divisioni-vudu-dominicano-i-misteri-di-unantica-tradizione-con-medaglia-in-argento\/#primaryimage"},"image":{"@id":"https:\/\/ilcrogiuolo.it\/it\/p\/libro-21-divisioni-vudu-dominicano-i-misteri-di-unantica-tradizione-con-medaglia-in-argento\/#primaryimage"},"thumbnailUrl":"https:\/\/ilcrogiuolo.it\/wp-content\/uploads\/2020\/01\/21-divisioni-libro-e-medaglia.jpg","datePublished":"2020-01-14T16:13:49+00:00","dateModified":"2022-10-06T13:44:40+00:00","description":"LIBRO 21 DIVISIONI - VUDU DOMINICANO - I MISTERI DI UN'ANTICA TRADIZIONE - con medaglia in argento La parola vud\u00f9 \u00e8 uno di quei termini che maggiormente stuzzicano la fantasia delle persone e produce nella mente delle persone immagini di zombi, bambole","breadcrumb":{"@id":"https:\/\/ilcrogiuolo.it\/it\/p\/libro-21-divisioni-vudu-dominicano-i-misteri-di-unantica-tradizione-con-medaglia-in-argento\/#breadcrumb"},"inLanguage":"it-IT","potentialAction":[{"@type":"ReadAction","target":["https:\/\/ilcrogiuolo.it\/it\/p\/libro-21-divisioni-vudu-dominicano-i-misteri-di-unantica-tradizione-con-medaglia-in-argento\/"]}]},{"@type":"ImageObject","inLanguage":"it-IT","@id":"https:\/\/ilcrogiuolo.it\/it\/p\/libro-21-divisioni-vudu-dominicano-i-misteri-di-unantica-tradizione-con-medaglia-in-argento\/#primaryimage","url":"https:\/\/ilcrogiuolo.it\/wp-content\/uploads\/2020\/01\/21-divisioni-libro-e-medaglia.jpg","contentUrl":"https:\/\/ilcrogiuolo.it\/wp-content\/uploads\/2020\/01\/21-divisioni-libro-e-medaglia.jpg","width":1825,"height":1767},{"@type":"BreadcrumbList","@id":"https:\/\/ilcrogiuolo.it\/it\/p\/libro-21-divisioni-vudu-dominicano-i-misteri-di-unantica-tradizione-con-medaglia-in-argento\/#breadcrumb","itemListElement":[{"@type":"ListItem","position":1,"name":"Home","item":"https:\/\/ilcrogiuolo.it\/it\/"},{"@type":"ListItem","position":2,"name":"Shop","item":"https:\/\/ilcrogiuolo.it\/it\/negozio\/"},{"@type":"ListItem","position":3,"name":"LIBRO 21 DIVISIONI &#8211; VUDU DOMINICANO &#8211; I MISTERI DI UN&#8217;ANTICA TRADIZIONE &#8211; con medaglia in argento"}]},{"@type":"WebSite","@id":"https:\/\/ilcrogiuolo.it\/it\/#website","url":"https:\/\/ilcrogiuolo.it\/it\/","name":"Il Crogiuolo","description":"","publisher":{"@id":"https:\/\/ilcrogiuolo.it\/it\/#organization"},"potentialAction":[{"@type":"SearchAction","target":{"@type":"EntryPoint","urlTemplate":"https:\/\/ilcrogiuolo.it\/it\/?s={search_term_string}"},"query-input":{"@type":"PropertyValueSpecification","valueRequired":true,"valueName":"search_term_string"}}],"inLanguage":"it-IT"},{"@type":"Organization","@id":"https:\/\/ilcrogiuolo.it\/it\/#organization","name":"Il Crogiuolo","url":"https:\/\/ilcrogiuolo.it\/it\/","logo":{"@type":"ImageObject","inLanguage":"it-IT","@id":"https:\/\/ilcrogiuolo.it\/it\/#\/schema\/logo\/image\/","url":"https:\/\/ilcrogiuolo.it\/wp-content\/uploads\/2020\/04\/logo.png","contentUrl":"https:\/\/ilcrogiuolo.it\/wp-content\/uploads\/2020\/04\/logo.png","width":200,"height":49,"caption":"Il Crogiuolo"},"image":{"@id":"https:\/\/ilcrogiuolo.it\/it\/#\/schema\/logo\/image\/"},"sameAs":["https:\/\/www.facebook.com\/Il-Crogiuolo-681876418491758"]}]}},"_links":{"self":[{"href":"https:\/\/ilcrogiuolo.it\/it\/wp-json\/wp\/v2\/product\/6899","targetHints":{"allow":["GET"]}}],"collection":[{"href":"https:\/\/ilcrogiuolo.it\/it\/wp-json\/wp\/v2\/product"}],"about":[{"href":"https:\/\/ilcrogiuolo.it\/it\/wp-json\/wp\/v2\/types\/product"}],"wp:featuredmedia":[{"embeddable":true,"href":"https:\/\/ilcrogiuolo.it\/it\/wp-json\/wp\/v2\/media\/39123"}],"wp:attachment":[{"href":"https:\/\/ilcrogiuolo.it\/it\/wp-json\/wp\/v2\/media?parent=6899"}],"wp:term":[{"taxonomy":"product_brand","embeddable":true,"href":"https:\/\/ilcrogiuolo.it\/it\/wp-json\/wp\/v2\/product_brand?post=6899"},{"taxonomy":"product_cat","embeddable":true,"href":"https:\/\/ilcrogiuolo.it\/it\/wp-json\/wp\/v2\/product_cat?post=6899"},{"taxonomy":"product_tag","embeddable":true,"href":"https:\/\/ilcrogiuolo.it\/it\/wp-json\/wp\/v2\/product_tag?post=6899"}],"curies":[{"name":"wp","href":"https:\/\/api.w.org\/{rel}","templated":true}]}}