{"id":6640,"date":"2020-01-14T17:13:13","date_gmt":"2020-01-14T16:13:13","guid":{"rendered":"https:\/\/ilcrogiuolo.it\/p\/anjo-da-guarda\/"},"modified":"2024-01-25T16:05:37","modified_gmt":"2024-01-25T15:05:37","slug":"anjo-da-guarda","status":"publish","type":"product","link":"https:\/\/ilcrogiuolo.it\/it\/p\/anjo-da-guarda\/","title":{"rendered":"POLVERE ANJO DA GUARDA"},"content":{"rendered":"<p>Le polveri (PO&#8217;) utilizzate nella spiritualit\u00e0 Umbanda sono talchi aromatici composti da erbe ed essenze che hanno una affinit\u00e0 e una complicit\u00e0 simbolica con il nome che portano. Non sono prodotti n\u00e8 commestibili n\u00e8 cosmetici. Il Crogiuolo ve li propone come originali prodotti impiegati nella spiritualit\u00e0 afrobrasiliana. Ecco quello che tramanda la tradizione circa il suo uso: Quando una persona si sente smarrita e confusa, nei periodi astrologici sfavorevoli, quando si sente il bisogno di sentirsi protetti, fate ricorso, consiglia la tradizione, a questa P\u00d3 che propizia l\u2019ENERGIA dell\u2019ANGELO CUSTODE ed \u00e8 una potentissima protezione.<\/p>\n","protected":false},"excerpt":{"rendered":"<p>Le polveri (PO&#8217;) utilizzate nella spiritualit\u00e0 Umbanda sono talchi aromatici composti da erbe ed essenze che hanno una affinit\u00e0 e&#8230;<\/p>\n","protected":false},"featured_media":44890,"template":"","meta":{"_acf_changed":false},"product_brand":[],"product_cat":[1081,1059,1280],"product_tag":[],"class_list":{"0":"post-6640","1":"product","2":"type-product","3":"status-publish","4":"has-post-thumbnail","6":"product_cat-polveri-esoteriche-e-pembas","7":"product_cat-articoli-esoterici","8":"product_cat-polveri-esoteriche-di-purificazione-di-potere-dominio-axe-e-denaro","10":"first","11":"instock","12":"taxable","13":"shipping-taxable","14":"purchasable","15":"product-type-simple","16":"add-to-wishlist-before_image"},"acf":[],"yoast_head":"<!-- This site is optimized with the Yoast SEO plugin v26.9 - https:\/\/yoast.com\/product\/yoast-seo-wordpress\/ -->\n<title>POLVERE ANJO DA GUARDA - Il Crogiuolo<\/title>\n<meta name=\"description\" content=\"POLVERE ANJO DA GUARDA Le polveri (PO&#039;) utilizzate nella spiritualit\u00e0 Umbanda sono talchi aromatici composti da erbe ed essenze che hanno una affinit\u00e0 e una complicit\u00e0 simbolica\" \/>\n<meta name=\"robots\" content=\"index, follow, max-snippet:-1, max-image-preview:large, max-video-preview:-1\" \/>\n<link rel=\"canonical\" href=\"https:\/\/ilcrogiuolo.it\/it\/p\/anjo-da-guarda\/\" \/>\n<meta property=\"og:locale\" content=\"it_IT\" \/>\n<meta property=\"og:type\" content=\"article\" \/>\n<meta property=\"og:title\" content=\"POLVERE ANJO DA GUARDA - Il Crogiuolo\" \/>\n<meta property=\"og:description\" content=\"POLVERE ANJO DA GUARDA Le polveri (PO&#039;) utilizzate nella spiritualit\u00e0 Umbanda sono talchi aromatici composti da erbe ed essenze che hanno una affinit\u00e0 e una complicit\u00e0 simbolica\" \/>\n<meta property=\"og:url\" content=\"https:\/\/ilcrogiuolo.it\/it\/p\/anjo-da-guarda\/\" \/>\n<meta property=\"og:site_name\" content=\"Il Crogiuolo\" \/>\n<meta property=\"article:publisher\" content=\"https:\/\/www.facebook.com\/Il-Crogiuolo-681876418491758\" \/>\n<meta property=\"article:modified_time\" content=\"2024-01-25T15:05:37+00:00\" \/>\n<meta property=\"og:image\" content=\"https:\/\/ilcrogiuolo.it\/wp-content\/uploads\/2020\/01\/ANJO-DA-GUARDA.png\" \/>\n\t<meta property=\"og:image:width\" content=\"627\" \/>\n\t<meta property=\"og:image:height\" content=\"600\" \/>\n\t<meta property=\"og:image:type\" content=\"image\/png\" \/>\n<meta name=\"twitter:card\" content=\"summary_large_image\" \/>\n<meta name=\"twitter:label1\" content=\"Tempo di lettura stimato\" \/>\n\t<meta name=\"twitter:data1\" content=\"1 minuto\" \/>\n<script type=\"application\/ld+json\" class=\"yoast-schema-graph\">{\"@context\":\"https:\/\/schema.org\",\"@graph\":[{\"@type\":\"WebPage\",\"@id\":\"https:\/\/ilcrogiuolo.it\/it\/p\/anjo-da-guarda\/\",\"url\":\"https:\/\/ilcrogiuolo.it\/it\/p\/anjo-da-guarda\/\",\"name\":\"POLVERE ANJO DA GUARDA - Il Crogiuolo\",\"isPartOf\":{\"@id\":\"https:\/\/ilcrogiuolo.it\/it\/#website\"},\"primaryImageOfPage\":{\"@id\":\"https:\/\/ilcrogiuolo.it\/it\/p\/anjo-da-guarda\/#primaryimage\"},\"image\":{\"@id\":\"https:\/\/ilcrogiuolo.it\/it\/p\/anjo-da-guarda\/#primaryimage\"},\"thumbnailUrl\":\"https:\/\/ilcrogiuolo.it\/wp-content\/uploads\/2020\/01\/ANJO-DA-GUARDA.png\",\"datePublished\":\"2020-01-14T16:13:13+00:00\",\"dateModified\":\"2024-01-25T15:05:37+00:00\",\"description\":\"POLVERE ANJO DA GUARDA Le polveri (PO') utilizzate nella spiritualit\u00e0 Umbanda sono talchi aromatici composti da erbe ed essenze che hanno una affinit\u00e0 e una complicit\u00e0 simbolica\",\"breadcrumb\":{\"@id\":\"https:\/\/ilcrogiuolo.it\/it\/p\/anjo-da-guarda\/#breadcrumb\"},\"inLanguage\":\"it-IT\",\"potentialAction\":[{\"@type\":\"ReadAction\",\"target\":[\"https:\/\/ilcrogiuolo.it\/it\/p\/anjo-da-guarda\/\"]}]},{\"@type\":\"ImageObject\",\"inLanguage\":\"it-IT\",\"@id\":\"https:\/\/ilcrogiuolo.it\/it\/p\/anjo-da-guarda\/#primaryimage\",\"url\":\"https:\/\/ilcrogiuolo.it\/wp-content\/uploads\/2020\/01\/ANJO-DA-GUARDA.png\",\"contentUrl\":\"https:\/\/ilcrogiuolo.it\/wp-content\/uploads\/2020\/01\/ANJO-DA-GUARDA.png\",\"width\":627,\"height\":600},{\"@type\":\"BreadcrumbList\",\"@id\":\"https:\/\/ilcrogiuolo.it\/it\/p\/anjo-da-guarda\/#breadcrumb\",\"itemListElement\":[{\"@type\":\"ListItem\",\"position\":1,\"name\":\"Home\",\"item\":\"https:\/\/ilcrogiuolo.it\/it\/\"},{\"@type\":\"ListItem\",\"position\":2,\"name\":\"Shop\",\"item\":\"https:\/\/ilcrogiuolo.it\/it\/negozio\/\"},{\"@type\":\"ListItem\",\"position\":3,\"name\":\"POLVERE ANJO DA GUARDA\"}]},{\"@type\":\"WebSite\",\"@id\":\"https:\/\/ilcrogiuolo.it\/it\/#website\",\"url\":\"https:\/\/ilcrogiuolo.it\/it\/\",\"name\":\"Il Crogiuolo\",\"description\":\"\",\"publisher\":{\"@id\":\"https:\/\/ilcrogiuolo.it\/it\/#organization\"},\"potentialAction\":[{\"@type\":\"SearchAction\",\"target\":{\"@type\":\"EntryPoint\",\"urlTemplate\":\"https:\/\/ilcrogiuolo.it\/it\/?s={search_term_string}\"},\"query-input\":{\"@type\":\"PropertyValueSpecification\",\"valueRequired\":true,\"valueName\":\"search_term_string\"}}],\"inLanguage\":\"it-IT\"},{\"@type\":\"Organization\",\"@id\":\"https:\/\/ilcrogiuolo.it\/it\/#organization\",\"name\":\"Il Crogiuolo\",\"url\":\"https:\/\/ilcrogiuolo.it\/it\/\",\"logo\":{\"@type\":\"ImageObject\",\"inLanguage\":\"it-IT\",\"@id\":\"https:\/\/ilcrogiuolo.it\/it\/#\/schema\/logo\/image\/\",\"url\":\"https:\/\/ilcrogiuolo.it\/wp-content\/uploads\/2020\/04\/logo.png\",\"contentUrl\":\"https:\/\/ilcrogiuolo.it\/wp-content\/uploads\/2020\/04\/logo.png\",\"width\":200,\"height\":49,\"caption\":\"Il Crogiuolo\"},\"image\":{\"@id\":\"https:\/\/ilcrogiuolo.it\/it\/#\/schema\/logo\/image\/\"},\"sameAs\":[\"https:\/\/www.facebook.com\/Il-Crogiuolo-681876418491758\"]}]}<\/script>\n<!-- \/ Yoast SEO plugin. -->","yoast_head_json":{"title":"POLVERE ANJO DA GUARDA - Il Crogiuolo","description":"POLVERE ANJO DA GUARDA Le polveri (PO') utilizzate nella spiritualit\u00e0 Umbanda sono talchi aromatici composti da erbe ed essenze che hanno una affinit\u00e0 e una complicit\u00e0 simbolica","robots":{"index":"index","follow":"follow","max-snippet":"max-snippet:-1","max-image-preview":"max-image-preview:large","max-video-preview":"max-video-preview:-1"},"canonical":"https:\/\/ilcrogiuolo.it\/it\/p\/anjo-da-guarda\/","og_locale":"it_IT","og_type":"article","og_title":"POLVERE ANJO DA GUARDA - Il Crogiuolo","og_description":"POLVERE ANJO DA GUARDA Le polveri (PO') utilizzate nella spiritualit\u00e0 Umbanda sono talchi aromatici composti da erbe ed essenze che hanno una affinit\u00e0 e una complicit\u00e0 simbolica","og_url":"https:\/\/ilcrogiuolo.it\/it\/p\/anjo-da-guarda\/","og_site_name":"Il Crogiuolo","article_publisher":"https:\/\/www.facebook.com\/Il-Crogiuolo-681876418491758","article_modified_time":"2024-01-25T15:05:37+00:00","og_image":[{"width":627,"height":600,"url":"https:\/\/ilcrogiuolo.it\/wp-content\/uploads\/2020\/01\/ANJO-DA-GUARDA.png","type":"image\/png"}],"twitter_card":"summary_large_image","twitter_misc":{"Tempo di lettura stimato":"1 minuto"},"schema":{"@context":"https:\/\/schema.org","@graph":[{"@type":"WebPage","@id":"https:\/\/ilcrogiuolo.it\/it\/p\/anjo-da-guarda\/","url":"https:\/\/ilcrogiuolo.it\/it\/p\/anjo-da-guarda\/","name":"POLVERE ANJO DA GUARDA - Il Crogiuolo","isPartOf":{"@id":"https:\/\/ilcrogiuolo.it\/it\/#website"},"primaryImageOfPage":{"@id":"https:\/\/ilcrogiuolo.it\/it\/p\/anjo-da-guarda\/#primaryimage"},"image":{"@id":"https:\/\/ilcrogiuolo.it\/it\/p\/anjo-da-guarda\/#primaryimage"},"thumbnailUrl":"https:\/\/ilcrogiuolo.it\/wp-content\/uploads\/2020\/01\/ANJO-DA-GUARDA.png","datePublished":"2020-01-14T16:13:13+00:00","dateModified":"2024-01-25T15:05:37+00:00","description":"POLVERE ANJO DA GUARDA Le polveri (PO') utilizzate nella spiritualit\u00e0 Umbanda sono talchi aromatici composti da erbe ed essenze che hanno una affinit\u00e0 e una complicit\u00e0 simbolica","breadcrumb":{"@id":"https:\/\/ilcrogiuolo.it\/it\/p\/anjo-da-guarda\/#breadcrumb"},"inLanguage":"it-IT","potentialAction":[{"@type":"ReadAction","target":["https:\/\/ilcrogiuolo.it\/it\/p\/anjo-da-guarda\/"]}]},{"@type":"ImageObject","inLanguage":"it-IT","@id":"https:\/\/ilcrogiuolo.it\/it\/p\/anjo-da-guarda\/#primaryimage","url":"https:\/\/ilcrogiuolo.it\/wp-content\/uploads\/2020\/01\/ANJO-DA-GUARDA.png","contentUrl":"https:\/\/ilcrogiuolo.it\/wp-content\/uploads\/2020\/01\/ANJO-DA-GUARDA.png","width":627,"height":600},{"@type":"BreadcrumbList","@id":"https:\/\/ilcrogiuolo.it\/it\/p\/anjo-da-guarda\/#breadcrumb","itemListElement":[{"@type":"ListItem","position":1,"name":"Home","item":"https:\/\/ilcrogiuolo.it\/it\/"},{"@type":"ListItem","position":2,"name":"Shop","item":"https:\/\/ilcrogiuolo.it\/it\/negozio\/"},{"@type":"ListItem","position":3,"name":"POLVERE ANJO DA GUARDA"}]},{"@type":"WebSite","@id":"https:\/\/ilcrogiuolo.it\/it\/#website","url":"https:\/\/ilcrogiuolo.it\/it\/","name":"Il Crogiuolo","description":"","publisher":{"@id":"https:\/\/ilcrogiuolo.it\/it\/#organization"},"potentialAction":[{"@type":"SearchAction","target":{"@type":"EntryPoint","urlTemplate":"https:\/\/ilcrogiuolo.it\/it\/?s={search_term_string}"},"query-input":{"@type":"PropertyValueSpecification","valueRequired":true,"valueName":"search_term_string"}}],"inLanguage":"it-IT"},{"@type":"Organization","@id":"https:\/\/ilcrogiuolo.it\/it\/#organization","name":"Il Crogiuolo","url":"https:\/\/ilcrogiuolo.it\/it\/","logo":{"@type":"ImageObject","inLanguage":"it-IT","@id":"https:\/\/ilcrogiuolo.it\/it\/#\/schema\/logo\/image\/","url":"https:\/\/ilcrogiuolo.it\/wp-content\/uploads\/2020\/04\/logo.png","contentUrl":"https:\/\/ilcrogiuolo.it\/wp-content\/uploads\/2020\/04\/logo.png","width":200,"height":49,"caption":"Il Crogiuolo"},"image":{"@id":"https:\/\/ilcrogiuolo.it\/it\/#\/schema\/logo\/image\/"},"sameAs":["https:\/\/www.facebook.com\/Il-Crogiuolo-681876418491758"]}]}},"_links":{"self":[{"href":"https:\/\/ilcrogiuolo.it\/it\/wp-json\/wp\/v2\/product\/6640","targetHints":{"allow":["GET"]}}],"collection":[{"href":"https:\/\/ilcrogiuolo.it\/it\/wp-json\/wp\/v2\/product"}],"about":[{"href":"https:\/\/ilcrogiuolo.it\/it\/wp-json\/wp\/v2\/types\/product"}],"wp:featuredmedia":[{"embeddable":true,"href":"https:\/\/ilcrogiuolo.it\/it\/wp-json\/wp\/v2\/media\/44890"}],"wp:attachment":[{"href":"https:\/\/ilcrogiuolo.it\/it\/wp-json\/wp\/v2\/media?parent=6640"}],"wp:term":[{"taxonomy":"product_brand","embeddable":true,"href":"https:\/\/ilcrogiuolo.it\/it\/wp-json\/wp\/v2\/product_brand?post=6640"},{"taxonomy":"product_cat","embeddable":true,"href":"https:\/\/ilcrogiuolo.it\/it\/wp-json\/wp\/v2\/product_cat?post=6640"},{"taxonomy":"product_tag","embeddable":true,"href":"https:\/\/ilcrogiuolo.it\/it\/wp-json\/wp\/v2\/product_tag?post=6640"}],"curies":[{"name":"wp","href":"https:\/\/api.w.org\/{rel}","templated":true}]}}