{"id":6535,"date":"2020-01-14T17:13:00","date_gmt":"2020-01-14T16:13:00","guid":{"rendered":"https:\/\/ilcrogiuolo.it\/p\/rituale-di-esorcismo-di-omulu\/"},"modified":"2020-01-31T18:43:14","modified_gmt":"2020-01-31T17:43:14","slug":"rituale-di-esorcismo-di-omulu","status":"publish","type":"product","link":"https:\/\/ilcrogiuolo.it\/it\/p\/rituale-di-esorcismo-di-omulu\/","title":{"rendered":"RITUALE DI ESORCISMO DI OMULU"},"content":{"rendered":"<p>I Rituali sono tradotti fedelmente dalla tradizione a cui appartengono e al loro interno comprendono gli ingredienti tradizionali impiegati per realizzarli. Il Crogiuolo ve li propone come autentiche curiosit\u00e0 magiche, con gli ingredienti originali e le fedeli istruzioni. Questa pratica, che tradizionalmente vanta un grande effetto esorcistico, si appella alla grande forza di Omol\u00f9 che, in questo tipo di lavoro, lavora nella falange di Ex\u00f9 con lo scopo di allontanare da una persona ogni tipo di negativit\u00e0 e larve che possono compromettere il piano spirituale e materiale di una persona.<\/p>\n","protected":false},"excerpt":{"rendered":"<p>I Rituali sono tradotti fedelmente dalla tradizione a cui appartengono e al loro interno comprendono gli ingredienti tradizionali impiegati per&#8230;<\/p>\n","protected":false},"featured_media":6536,"template":"","meta":{"_acf_changed":false},"product_brand":[],"product_cat":[1079,1059,1307],"product_tag":[],"class_list":{"0":"post-6535","1":"product","2":"type-product","3":"status-publish","4":"has-post-thumbnail","6":"product_cat-rituali-afrobrasiliani-santeria","7":"product_cat-articoli-esoterici","8":"product_cat-rituali-propiziatori-di-purificazione","10":"first","11":"instock","12":"taxable","13":"shipping-taxable","14":"purchasable","15":"product-type-simple","16":"add-to-wishlist-before_image"},"acf":[],"yoast_head":"<!-- This site is optimized with the Yoast SEO plugin v26.9 - https:\/\/yoast.com\/product\/yoast-seo-wordpress\/ -->\n<title>RITUALE DI ESORCISMO DI OMULU - Il Crogiuolo<\/title>\n<meta name=\"description\" content=\"RITUALE DI ESORCISMO DI OMULU I Rituali sono tradotti fedelmente dalla tradizione a cui appartengono e al loro interno comprendono gli ingredienti tradizionali impiegati per\" \/>\n<meta name=\"robots\" content=\"index, follow, max-snippet:-1, max-image-preview:large, max-video-preview:-1\" \/>\n<link rel=\"canonical\" href=\"https:\/\/ilcrogiuolo.it\/it\/p\/rituale-di-esorcismo-di-omulu\/\" \/>\n<meta property=\"og:locale\" content=\"it_IT\" \/>\n<meta property=\"og:type\" content=\"article\" \/>\n<meta property=\"og:title\" content=\"RITUALE DI ESORCISMO DI OMULU - Il Crogiuolo\" \/>\n<meta property=\"og:description\" content=\"RITUALE DI ESORCISMO DI OMULU I Rituali sono tradotti fedelmente dalla tradizione a cui appartengono e al loro interno comprendono gli ingredienti tradizionali impiegati per\" \/>\n<meta property=\"og:url\" content=\"https:\/\/ilcrogiuolo.it\/it\/p\/rituale-di-esorcismo-di-omulu\/\" \/>\n<meta property=\"og:site_name\" content=\"Il Crogiuolo\" \/>\n<meta property=\"article:publisher\" content=\"https:\/\/www.facebook.com\/Il-Crogiuolo-681876418491758\" \/>\n<meta property=\"article:modified_time\" content=\"2020-01-31T17:43:14+00:00\" \/>\n<meta property=\"og:image\" content=\"https:\/\/ilcrogiuolo.it\/wp-content\/uploads\/2020\/01\/esorcismoomolu_4208996.jpg\" \/>\n\t<meta property=\"og:image:width\" content=\"627\" \/>\n\t<meta property=\"og:image:height\" content=\"600\" \/>\n\t<meta property=\"og:image:type\" content=\"image\/jpeg\" \/>\n<meta name=\"twitter:card\" content=\"summary_large_image\" \/>\n<script type=\"application\/ld+json\" class=\"yoast-schema-graph\">{\"@context\":\"https:\/\/schema.org\",\"@graph\":[{\"@type\":\"WebPage\",\"@id\":\"https:\/\/ilcrogiuolo.it\/it\/p\/rituale-di-esorcismo-di-omulu\/\",\"url\":\"https:\/\/ilcrogiuolo.it\/it\/p\/rituale-di-esorcismo-di-omulu\/\",\"name\":\"RITUALE DI ESORCISMO DI OMULU - Il Crogiuolo\",\"isPartOf\":{\"@id\":\"https:\/\/ilcrogiuolo.it\/it\/#website\"},\"primaryImageOfPage\":{\"@id\":\"https:\/\/ilcrogiuolo.it\/it\/p\/rituale-di-esorcismo-di-omulu\/#primaryimage\"},\"image\":{\"@id\":\"https:\/\/ilcrogiuolo.it\/it\/p\/rituale-di-esorcismo-di-omulu\/#primaryimage\"},\"thumbnailUrl\":\"https:\/\/ilcrogiuolo.it\/wp-content\/uploads\/2020\/01\/esorcismoomolu_4208996.jpg\",\"datePublished\":\"2020-01-14T16:13:00+00:00\",\"dateModified\":\"2020-01-31T17:43:14+00:00\",\"description\":\"RITUALE DI ESORCISMO DI OMULU I Rituali sono tradotti fedelmente dalla tradizione a cui appartengono e al loro interno comprendono gli ingredienti tradizionali impiegati per\",\"breadcrumb\":{\"@id\":\"https:\/\/ilcrogiuolo.it\/it\/p\/rituale-di-esorcismo-di-omulu\/#breadcrumb\"},\"inLanguage\":\"it-IT\",\"potentialAction\":[{\"@type\":\"ReadAction\",\"target\":[\"https:\/\/ilcrogiuolo.it\/it\/p\/rituale-di-esorcismo-di-omulu\/\"]}]},{\"@type\":\"ImageObject\",\"inLanguage\":\"it-IT\",\"@id\":\"https:\/\/ilcrogiuolo.it\/it\/p\/rituale-di-esorcismo-di-omulu\/#primaryimage\",\"url\":\"https:\/\/ilcrogiuolo.it\/wp-content\/uploads\/2020\/01\/esorcismoomolu_4208996.jpg\",\"contentUrl\":\"https:\/\/ilcrogiuolo.it\/wp-content\/uploads\/2020\/01\/esorcismoomolu_4208996.jpg\",\"width\":627,\"height\":600},{\"@type\":\"BreadcrumbList\",\"@id\":\"https:\/\/ilcrogiuolo.it\/it\/p\/rituale-di-esorcismo-di-omulu\/#breadcrumb\",\"itemListElement\":[{\"@type\":\"ListItem\",\"position\":1,\"name\":\"Home\",\"item\":\"https:\/\/ilcrogiuolo.it\/it\/\"},{\"@type\":\"ListItem\",\"position\":2,\"name\":\"Shop\",\"item\":\"https:\/\/ilcrogiuolo.it\/it\/negozio\/\"},{\"@type\":\"ListItem\",\"position\":3,\"name\":\"RITUALE DI ESORCISMO DI OMULU\"}]},{\"@type\":\"WebSite\",\"@id\":\"https:\/\/ilcrogiuolo.it\/it\/#website\",\"url\":\"https:\/\/ilcrogiuolo.it\/it\/\",\"name\":\"Il Crogiuolo\",\"description\":\"\",\"publisher\":{\"@id\":\"https:\/\/ilcrogiuolo.it\/it\/#organization\"},\"potentialAction\":[{\"@type\":\"SearchAction\",\"target\":{\"@type\":\"EntryPoint\",\"urlTemplate\":\"https:\/\/ilcrogiuolo.it\/it\/?s={search_term_string}\"},\"query-input\":{\"@type\":\"PropertyValueSpecification\",\"valueRequired\":true,\"valueName\":\"search_term_string\"}}],\"inLanguage\":\"it-IT\"},{\"@type\":\"Organization\",\"@id\":\"https:\/\/ilcrogiuolo.it\/it\/#organization\",\"name\":\"Il Crogiuolo\",\"url\":\"https:\/\/ilcrogiuolo.it\/it\/\",\"logo\":{\"@type\":\"ImageObject\",\"inLanguage\":\"it-IT\",\"@id\":\"https:\/\/ilcrogiuolo.it\/it\/#\/schema\/logo\/image\/\",\"url\":\"https:\/\/ilcrogiuolo.it\/wp-content\/uploads\/2020\/04\/logo.png\",\"contentUrl\":\"https:\/\/ilcrogiuolo.it\/wp-content\/uploads\/2020\/04\/logo.png\",\"width\":200,\"height\":49,\"caption\":\"Il Crogiuolo\"},\"image\":{\"@id\":\"https:\/\/ilcrogiuolo.it\/it\/#\/schema\/logo\/image\/\"},\"sameAs\":[\"https:\/\/www.facebook.com\/Il-Crogiuolo-681876418491758\"]}]}<\/script>\n<!-- \/ Yoast SEO plugin. -->","yoast_head_json":{"title":"RITUALE DI ESORCISMO DI OMULU - Il Crogiuolo","description":"RITUALE DI ESORCISMO DI OMULU I Rituali sono tradotti fedelmente dalla tradizione a cui appartengono e al loro interno comprendono gli ingredienti tradizionali impiegati per","robots":{"index":"index","follow":"follow","max-snippet":"max-snippet:-1","max-image-preview":"max-image-preview:large","max-video-preview":"max-video-preview:-1"},"canonical":"https:\/\/ilcrogiuolo.it\/it\/p\/rituale-di-esorcismo-di-omulu\/","og_locale":"it_IT","og_type":"article","og_title":"RITUALE DI ESORCISMO DI OMULU - Il Crogiuolo","og_description":"RITUALE DI ESORCISMO DI OMULU I Rituali sono tradotti fedelmente dalla tradizione a cui appartengono e al loro interno comprendono gli ingredienti tradizionali impiegati per","og_url":"https:\/\/ilcrogiuolo.it\/it\/p\/rituale-di-esorcismo-di-omulu\/","og_site_name":"Il Crogiuolo","article_publisher":"https:\/\/www.facebook.com\/Il-Crogiuolo-681876418491758","article_modified_time":"2020-01-31T17:43:14+00:00","og_image":[{"width":627,"height":600,"url":"https:\/\/ilcrogiuolo.it\/wp-content\/uploads\/2020\/01\/esorcismoomolu_4208996.jpg","type":"image\/jpeg"}],"twitter_card":"summary_large_image","schema":{"@context":"https:\/\/schema.org","@graph":[{"@type":"WebPage","@id":"https:\/\/ilcrogiuolo.it\/it\/p\/rituale-di-esorcismo-di-omulu\/","url":"https:\/\/ilcrogiuolo.it\/it\/p\/rituale-di-esorcismo-di-omulu\/","name":"RITUALE DI ESORCISMO DI OMULU - Il Crogiuolo","isPartOf":{"@id":"https:\/\/ilcrogiuolo.it\/it\/#website"},"primaryImageOfPage":{"@id":"https:\/\/ilcrogiuolo.it\/it\/p\/rituale-di-esorcismo-di-omulu\/#primaryimage"},"image":{"@id":"https:\/\/ilcrogiuolo.it\/it\/p\/rituale-di-esorcismo-di-omulu\/#primaryimage"},"thumbnailUrl":"https:\/\/ilcrogiuolo.it\/wp-content\/uploads\/2020\/01\/esorcismoomolu_4208996.jpg","datePublished":"2020-01-14T16:13:00+00:00","dateModified":"2020-01-31T17:43:14+00:00","description":"RITUALE DI ESORCISMO DI OMULU I Rituali sono tradotti fedelmente dalla tradizione a cui appartengono e al loro interno comprendono gli ingredienti tradizionali impiegati per","breadcrumb":{"@id":"https:\/\/ilcrogiuolo.it\/it\/p\/rituale-di-esorcismo-di-omulu\/#breadcrumb"},"inLanguage":"it-IT","potentialAction":[{"@type":"ReadAction","target":["https:\/\/ilcrogiuolo.it\/it\/p\/rituale-di-esorcismo-di-omulu\/"]}]},{"@type":"ImageObject","inLanguage":"it-IT","@id":"https:\/\/ilcrogiuolo.it\/it\/p\/rituale-di-esorcismo-di-omulu\/#primaryimage","url":"https:\/\/ilcrogiuolo.it\/wp-content\/uploads\/2020\/01\/esorcismoomolu_4208996.jpg","contentUrl":"https:\/\/ilcrogiuolo.it\/wp-content\/uploads\/2020\/01\/esorcismoomolu_4208996.jpg","width":627,"height":600},{"@type":"BreadcrumbList","@id":"https:\/\/ilcrogiuolo.it\/it\/p\/rituale-di-esorcismo-di-omulu\/#breadcrumb","itemListElement":[{"@type":"ListItem","position":1,"name":"Home","item":"https:\/\/ilcrogiuolo.it\/it\/"},{"@type":"ListItem","position":2,"name":"Shop","item":"https:\/\/ilcrogiuolo.it\/it\/negozio\/"},{"@type":"ListItem","position":3,"name":"RITUALE DI ESORCISMO DI OMULU"}]},{"@type":"WebSite","@id":"https:\/\/ilcrogiuolo.it\/it\/#website","url":"https:\/\/ilcrogiuolo.it\/it\/","name":"Il Crogiuolo","description":"","publisher":{"@id":"https:\/\/ilcrogiuolo.it\/it\/#organization"},"potentialAction":[{"@type":"SearchAction","target":{"@type":"EntryPoint","urlTemplate":"https:\/\/ilcrogiuolo.it\/it\/?s={search_term_string}"},"query-input":{"@type":"PropertyValueSpecification","valueRequired":true,"valueName":"search_term_string"}}],"inLanguage":"it-IT"},{"@type":"Organization","@id":"https:\/\/ilcrogiuolo.it\/it\/#organization","name":"Il Crogiuolo","url":"https:\/\/ilcrogiuolo.it\/it\/","logo":{"@type":"ImageObject","inLanguage":"it-IT","@id":"https:\/\/ilcrogiuolo.it\/it\/#\/schema\/logo\/image\/","url":"https:\/\/ilcrogiuolo.it\/wp-content\/uploads\/2020\/04\/logo.png","contentUrl":"https:\/\/ilcrogiuolo.it\/wp-content\/uploads\/2020\/04\/logo.png","width":200,"height":49,"caption":"Il Crogiuolo"},"image":{"@id":"https:\/\/ilcrogiuolo.it\/it\/#\/schema\/logo\/image\/"},"sameAs":["https:\/\/www.facebook.com\/Il-Crogiuolo-681876418491758"]}]}},"_links":{"self":[{"href":"https:\/\/ilcrogiuolo.it\/it\/wp-json\/wp\/v2\/product\/6535","targetHints":{"allow":["GET"]}}],"collection":[{"href":"https:\/\/ilcrogiuolo.it\/it\/wp-json\/wp\/v2\/product"}],"about":[{"href":"https:\/\/ilcrogiuolo.it\/it\/wp-json\/wp\/v2\/types\/product"}],"wp:featuredmedia":[{"embeddable":true,"href":"https:\/\/ilcrogiuolo.it\/it\/wp-json\/wp\/v2\/media\/6536"}],"wp:attachment":[{"href":"https:\/\/ilcrogiuolo.it\/it\/wp-json\/wp\/v2\/media?parent=6535"}],"wp:term":[{"taxonomy":"product_brand","embeddable":true,"href":"https:\/\/ilcrogiuolo.it\/it\/wp-json\/wp\/v2\/product_brand?post=6535"},{"taxonomy":"product_cat","embeddable":true,"href":"https:\/\/ilcrogiuolo.it\/it\/wp-json\/wp\/v2\/product_cat?post=6535"},{"taxonomy":"product_tag","embeddable":true,"href":"https:\/\/ilcrogiuolo.it\/it\/wp-json\/wp\/v2\/product_tag?post=6535"}],"curies":[{"name":"wp","href":"https:\/\/api.w.org\/{rel}","templated":true}]}}