{"id":6484,"date":"2020-01-14T17:13:00","date_gmt":"2020-01-14T16:13:00","guid":{"rendered":"https:\/\/ilcrogiuolo.it\/p\/rituale-di-ognissanti-halloween-tradizione-popolare-celtica\/"},"modified":"2021-10-14T14:03:31","modified_gmt":"2021-10-14T12:03:31","slug":"rituale-di-ognissanti-halloween-tradizione-popolare-celtica","status":"publish","type":"product","link":"https:\/\/ilcrogiuolo.it\/it\/p\/rituale-di-ognissanti-halloween-tradizione-popolare-celtica\/","title":{"rendered":"RITUALE DI OGNISSANTI &#8211; HALLOWEEN &#8211; TRADIZIONE POPOLARE CELTICA"},"content":{"rendered":"<p>La festa di Halloween \u00e8 una festa dalle origini pagane di origine celtica. Quell\u2019antico popolo definiva quella notte col termine di Samhain, ossia \u201cla fine dell\u2019estate\u201d. I Celti, figli delle fredde lande del nord, dividevano l\u2019anno in due sole stagioni: estate e inverno, e la notte del 31 ottobre rappresentava per loro la fine dell\u2019anno, infatti questa antica festivit\u00e0 \u00e8 anche nota come capodanno celtico. La parola Halloween \u00e8 una variante scozzese di \u201cAll Hallows\u2019 Eve\u201d che significa \u201cla notte di tutti gli spiriti santi\u201d. Da un punto di vista esoterico la vigilia di Ognissanti \u00e8 un giorno nel quale il \u201cvelo\u201d che separa il nostro mondo da quello degli spiriti \u00e8 pi\u00f9 sottile. Anticamente infatti si riteneva che durante la notte di Halloween, attraverso particolari rituali, fosse possibile passare da un mondo all\u2019altro.<br \/>\nQuesta pratica si esegue tradizionalmente la notte del 31 Ottobre per sconfiggere il male in tutte le sue forme, portare prosperit\u00e0 e benessere a tutta la comunit\u00e0. Pu\u00f2 essere eseguita anche per allontanare ogni attitudine negativa, ogni vizio e dipendenza promuovendo una sorta di rinascita materiale e spirituale.<br \/>\nCon l\u2019acquisto riceverete in omaggio una piastra talismanica che reca incisi simboli di protezione e prosperit\u00e0.<\/p>\n","protected":false},"excerpt":{"rendered":"<p>La festa di Halloween \u00e8 una festa dalle origini pagane di origine celtica. Quell\u2019antico popolo definiva quella notte col termine&#8230;<\/p>\n","protected":false},"featured_media":30587,"template":"","meta":{"_acf_changed":false},"product_brand":[],"product_cat":[1106,1059,1375],"product_tag":[],"class_list":{"0":"post-6484","1":"product","2":"type-product","3":"status-publish","4":"has-post-thumbnail","6":"product_cat-rituali-planetari-stregoneria-angelici","7":"product_cat-articoli-esoterici","8":"product_cat-festivita-popolari-annuali","10":"first","11":"instock","12":"taxable","13":"shipping-taxable","14":"purchasable","15":"product-type-simple","16":"add-to-wishlist-before_image"},"acf":[],"yoast_head":"<!-- This site is optimized with the Yoast SEO plugin v26.9 - https:\/\/yoast.com\/product\/yoast-seo-wordpress\/ -->\n<title>RITUALE DI OGNISSANTI - HALLOWEEN - TRADIZIONE POPOLARE CELTICA - Il Crogiuolo<\/title>\n<meta name=\"description\" content=\"RITUALE DI OGNISSANTI - HALLOWEEN - TRADIZIONE POPOLARE CELTICA La festa di Halloween \u00e8 una festa dalle origini pagane di origine celtica. Quell\u2019antico popolo definiva quella notte col termine di Samhain, ossia \u201cla\" \/>\n<meta name=\"robots\" content=\"index, follow, max-snippet:-1, max-image-preview:large, max-video-preview:-1\" \/>\n<link rel=\"canonical\" href=\"https:\/\/ilcrogiuolo.it\/it\/p\/rituale-di-ognissanti-halloween-tradizione-popolare-celtica\/\" \/>\n<meta property=\"og:locale\" content=\"it_IT\" \/>\n<meta property=\"og:type\" content=\"article\" \/>\n<meta property=\"og:title\" content=\"RITUALE DI OGNISSANTI - HALLOWEEN - TRADIZIONE POPOLARE CELTICA - Il Crogiuolo\" \/>\n<meta property=\"og:description\" content=\"RITUALE DI OGNISSANTI - HALLOWEEN - TRADIZIONE POPOLARE CELTICA La festa di Halloween \u00e8 una festa dalle origini pagane di origine celtica. Quell\u2019antico popolo definiva quella notte col termine di Samhain, ossia \u201cla\" \/>\n<meta property=\"og:url\" content=\"https:\/\/ilcrogiuolo.it\/it\/p\/rituale-di-ognissanti-halloween-tradizione-popolare-celtica\/\" \/>\n<meta property=\"og:site_name\" content=\"Il Crogiuolo\" \/>\n<meta property=\"article:publisher\" content=\"https:\/\/www.facebook.com\/Il-Crogiuolo-681876418491758\" \/>\n<meta property=\"article:modified_time\" content=\"2021-10-14T12:03:31+00:00\" \/>\n<meta property=\"og:image\" content=\"https:\/\/ilcrogiuolo.it\/wp-content\/uploads\/2020\/01\/rituale-ognissanti.jpg\" \/>\n\t<meta property=\"og:image:width\" content=\"627\" \/>\n\t<meta property=\"og:image:height\" content=\"600\" \/>\n\t<meta property=\"og:image:type\" content=\"image\/jpeg\" \/>\n<meta name=\"twitter:card\" content=\"summary_large_image\" \/>\n<meta name=\"twitter:label1\" content=\"Tempo di lettura stimato\" \/>\n\t<meta name=\"twitter:data1\" content=\"1 minuto\" \/>\n<script type=\"application\/ld+json\" class=\"yoast-schema-graph\">{\"@context\":\"https:\/\/schema.org\",\"@graph\":[{\"@type\":\"WebPage\",\"@id\":\"https:\/\/ilcrogiuolo.it\/it\/p\/rituale-di-ognissanti-halloween-tradizione-popolare-celtica\/\",\"url\":\"https:\/\/ilcrogiuolo.it\/it\/p\/rituale-di-ognissanti-halloween-tradizione-popolare-celtica\/\",\"name\":\"RITUALE DI OGNISSANTI - HALLOWEEN - TRADIZIONE POPOLARE CELTICA - Il Crogiuolo\",\"isPartOf\":{\"@id\":\"https:\/\/ilcrogiuolo.it\/it\/#website\"},\"primaryImageOfPage\":{\"@id\":\"https:\/\/ilcrogiuolo.it\/it\/p\/rituale-di-ognissanti-halloween-tradizione-popolare-celtica\/#primaryimage\"},\"image\":{\"@id\":\"https:\/\/ilcrogiuolo.it\/it\/p\/rituale-di-ognissanti-halloween-tradizione-popolare-celtica\/#primaryimage\"},\"thumbnailUrl\":\"https:\/\/ilcrogiuolo.it\/wp-content\/uploads\/2020\/01\/rituale-ognissanti.jpg\",\"datePublished\":\"2020-01-14T16:13:00+00:00\",\"dateModified\":\"2021-10-14T12:03:31+00:00\",\"description\":\"RITUALE DI OGNISSANTI - HALLOWEEN - TRADIZIONE POPOLARE CELTICA La festa di Halloween \u00e8 una festa dalle origini pagane di origine celtica. Quell\u2019antico popolo definiva quella notte col termine di Samhain, ossia \u201cla\",\"breadcrumb\":{\"@id\":\"https:\/\/ilcrogiuolo.it\/it\/p\/rituale-di-ognissanti-halloween-tradizione-popolare-celtica\/#breadcrumb\"},\"inLanguage\":\"it-IT\",\"potentialAction\":[{\"@type\":\"ReadAction\",\"target\":[\"https:\/\/ilcrogiuolo.it\/it\/p\/rituale-di-ognissanti-halloween-tradizione-popolare-celtica\/\"]}]},{\"@type\":\"ImageObject\",\"inLanguage\":\"it-IT\",\"@id\":\"https:\/\/ilcrogiuolo.it\/it\/p\/rituale-di-ognissanti-halloween-tradizione-popolare-celtica\/#primaryimage\",\"url\":\"https:\/\/ilcrogiuolo.it\/wp-content\/uploads\/2020\/01\/rituale-ognissanti.jpg\",\"contentUrl\":\"https:\/\/ilcrogiuolo.it\/wp-content\/uploads\/2020\/01\/rituale-ognissanti.jpg\",\"width\":627,\"height\":600},{\"@type\":\"BreadcrumbList\",\"@id\":\"https:\/\/ilcrogiuolo.it\/it\/p\/rituale-di-ognissanti-halloween-tradizione-popolare-celtica\/#breadcrumb\",\"itemListElement\":[{\"@type\":\"ListItem\",\"position\":1,\"name\":\"Home\",\"item\":\"https:\/\/ilcrogiuolo.it\/it\/\"},{\"@type\":\"ListItem\",\"position\":2,\"name\":\"Shop\",\"item\":\"https:\/\/ilcrogiuolo.it\/it\/negozio\/\"},{\"@type\":\"ListItem\",\"position\":3,\"name\":\"RITUALE DI OGNISSANTI &#8211; HALLOWEEN &#8211; TRADIZIONE POPOLARE CELTICA\"}]},{\"@type\":\"WebSite\",\"@id\":\"https:\/\/ilcrogiuolo.it\/it\/#website\",\"url\":\"https:\/\/ilcrogiuolo.it\/it\/\",\"name\":\"Il Crogiuolo\",\"description\":\"\",\"publisher\":{\"@id\":\"https:\/\/ilcrogiuolo.it\/it\/#organization\"},\"potentialAction\":[{\"@type\":\"SearchAction\",\"target\":{\"@type\":\"EntryPoint\",\"urlTemplate\":\"https:\/\/ilcrogiuolo.it\/it\/?s={search_term_string}\"},\"query-input\":{\"@type\":\"PropertyValueSpecification\",\"valueRequired\":true,\"valueName\":\"search_term_string\"}}],\"inLanguage\":\"it-IT\"},{\"@type\":\"Organization\",\"@id\":\"https:\/\/ilcrogiuolo.it\/it\/#organization\",\"name\":\"Il Crogiuolo\",\"url\":\"https:\/\/ilcrogiuolo.it\/it\/\",\"logo\":{\"@type\":\"ImageObject\",\"inLanguage\":\"it-IT\",\"@id\":\"https:\/\/ilcrogiuolo.it\/it\/#\/schema\/logo\/image\/\",\"url\":\"https:\/\/ilcrogiuolo.it\/wp-content\/uploads\/2020\/04\/logo.png\",\"contentUrl\":\"https:\/\/ilcrogiuolo.it\/wp-content\/uploads\/2020\/04\/logo.png\",\"width\":200,\"height\":49,\"caption\":\"Il Crogiuolo\"},\"image\":{\"@id\":\"https:\/\/ilcrogiuolo.it\/it\/#\/schema\/logo\/image\/\"},\"sameAs\":[\"https:\/\/www.facebook.com\/Il-Crogiuolo-681876418491758\"]}]}<\/script>\n<!-- \/ Yoast SEO plugin. -->","yoast_head_json":{"title":"RITUALE DI OGNISSANTI - HALLOWEEN - TRADIZIONE POPOLARE CELTICA - Il Crogiuolo","description":"RITUALE DI OGNISSANTI - HALLOWEEN - TRADIZIONE POPOLARE CELTICA La festa di Halloween \u00e8 una festa dalle origini pagane di origine celtica. Quell\u2019antico popolo definiva quella notte col termine di Samhain, ossia \u201cla","robots":{"index":"index","follow":"follow","max-snippet":"max-snippet:-1","max-image-preview":"max-image-preview:large","max-video-preview":"max-video-preview:-1"},"canonical":"https:\/\/ilcrogiuolo.it\/it\/p\/rituale-di-ognissanti-halloween-tradizione-popolare-celtica\/","og_locale":"it_IT","og_type":"article","og_title":"RITUALE DI OGNISSANTI - HALLOWEEN - TRADIZIONE POPOLARE CELTICA - Il Crogiuolo","og_description":"RITUALE DI OGNISSANTI - HALLOWEEN - TRADIZIONE POPOLARE CELTICA La festa di Halloween \u00e8 una festa dalle origini pagane di origine celtica. Quell\u2019antico popolo definiva quella notte col termine di Samhain, ossia \u201cla","og_url":"https:\/\/ilcrogiuolo.it\/it\/p\/rituale-di-ognissanti-halloween-tradizione-popolare-celtica\/","og_site_name":"Il Crogiuolo","article_publisher":"https:\/\/www.facebook.com\/Il-Crogiuolo-681876418491758","article_modified_time":"2021-10-14T12:03:31+00:00","og_image":[{"width":627,"height":600,"url":"https:\/\/ilcrogiuolo.it\/wp-content\/uploads\/2020\/01\/rituale-ognissanti.jpg","type":"image\/jpeg"}],"twitter_card":"summary_large_image","twitter_misc":{"Tempo di lettura stimato":"1 minuto"},"schema":{"@context":"https:\/\/schema.org","@graph":[{"@type":"WebPage","@id":"https:\/\/ilcrogiuolo.it\/it\/p\/rituale-di-ognissanti-halloween-tradizione-popolare-celtica\/","url":"https:\/\/ilcrogiuolo.it\/it\/p\/rituale-di-ognissanti-halloween-tradizione-popolare-celtica\/","name":"RITUALE DI OGNISSANTI - HALLOWEEN - TRADIZIONE POPOLARE CELTICA - Il Crogiuolo","isPartOf":{"@id":"https:\/\/ilcrogiuolo.it\/it\/#website"},"primaryImageOfPage":{"@id":"https:\/\/ilcrogiuolo.it\/it\/p\/rituale-di-ognissanti-halloween-tradizione-popolare-celtica\/#primaryimage"},"image":{"@id":"https:\/\/ilcrogiuolo.it\/it\/p\/rituale-di-ognissanti-halloween-tradizione-popolare-celtica\/#primaryimage"},"thumbnailUrl":"https:\/\/ilcrogiuolo.it\/wp-content\/uploads\/2020\/01\/rituale-ognissanti.jpg","datePublished":"2020-01-14T16:13:00+00:00","dateModified":"2021-10-14T12:03:31+00:00","description":"RITUALE DI OGNISSANTI - HALLOWEEN - TRADIZIONE POPOLARE CELTICA La festa di Halloween \u00e8 una festa dalle origini pagane di origine celtica. Quell\u2019antico popolo definiva quella notte col termine di Samhain, ossia \u201cla","breadcrumb":{"@id":"https:\/\/ilcrogiuolo.it\/it\/p\/rituale-di-ognissanti-halloween-tradizione-popolare-celtica\/#breadcrumb"},"inLanguage":"it-IT","potentialAction":[{"@type":"ReadAction","target":["https:\/\/ilcrogiuolo.it\/it\/p\/rituale-di-ognissanti-halloween-tradizione-popolare-celtica\/"]}]},{"@type":"ImageObject","inLanguage":"it-IT","@id":"https:\/\/ilcrogiuolo.it\/it\/p\/rituale-di-ognissanti-halloween-tradizione-popolare-celtica\/#primaryimage","url":"https:\/\/ilcrogiuolo.it\/wp-content\/uploads\/2020\/01\/rituale-ognissanti.jpg","contentUrl":"https:\/\/ilcrogiuolo.it\/wp-content\/uploads\/2020\/01\/rituale-ognissanti.jpg","width":627,"height":600},{"@type":"BreadcrumbList","@id":"https:\/\/ilcrogiuolo.it\/it\/p\/rituale-di-ognissanti-halloween-tradizione-popolare-celtica\/#breadcrumb","itemListElement":[{"@type":"ListItem","position":1,"name":"Home","item":"https:\/\/ilcrogiuolo.it\/it\/"},{"@type":"ListItem","position":2,"name":"Shop","item":"https:\/\/ilcrogiuolo.it\/it\/negozio\/"},{"@type":"ListItem","position":3,"name":"RITUALE DI OGNISSANTI &#8211; HALLOWEEN &#8211; TRADIZIONE POPOLARE CELTICA"}]},{"@type":"WebSite","@id":"https:\/\/ilcrogiuolo.it\/it\/#website","url":"https:\/\/ilcrogiuolo.it\/it\/","name":"Il Crogiuolo","description":"","publisher":{"@id":"https:\/\/ilcrogiuolo.it\/it\/#organization"},"potentialAction":[{"@type":"SearchAction","target":{"@type":"EntryPoint","urlTemplate":"https:\/\/ilcrogiuolo.it\/it\/?s={search_term_string}"},"query-input":{"@type":"PropertyValueSpecification","valueRequired":true,"valueName":"search_term_string"}}],"inLanguage":"it-IT"},{"@type":"Organization","@id":"https:\/\/ilcrogiuolo.it\/it\/#organization","name":"Il Crogiuolo","url":"https:\/\/ilcrogiuolo.it\/it\/","logo":{"@type":"ImageObject","inLanguage":"it-IT","@id":"https:\/\/ilcrogiuolo.it\/it\/#\/schema\/logo\/image\/","url":"https:\/\/ilcrogiuolo.it\/wp-content\/uploads\/2020\/04\/logo.png","contentUrl":"https:\/\/ilcrogiuolo.it\/wp-content\/uploads\/2020\/04\/logo.png","width":200,"height":49,"caption":"Il Crogiuolo"},"image":{"@id":"https:\/\/ilcrogiuolo.it\/it\/#\/schema\/logo\/image\/"},"sameAs":["https:\/\/www.facebook.com\/Il-Crogiuolo-681876418491758"]}]}},"_links":{"self":[{"href":"https:\/\/ilcrogiuolo.it\/it\/wp-json\/wp\/v2\/product\/6484","targetHints":{"allow":["GET"]}}],"collection":[{"href":"https:\/\/ilcrogiuolo.it\/it\/wp-json\/wp\/v2\/product"}],"about":[{"href":"https:\/\/ilcrogiuolo.it\/it\/wp-json\/wp\/v2\/types\/product"}],"wp:featuredmedia":[{"embeddable":true,"href":"https:\/\/ilcrogiuolo.it\/it\/wp-json\/wp\/v2\/media\/30587"}],"wp:attachment":[{"href":"https:\/\/ilcrogiuolo.it\/it\/wp-json\/wp\/v2\/media?parent=6484"}],"wp:term":[{"taxonomy":"product_brand","embeddable":true,"href":"https:\/\/ilcrogiuolo.it\/it\/wp-json\/wp\/v2\/product_brand?post=6484"},{"taxonomy":"product_cat","embeddable":true,"href":"https:\/\/ilcrogiuolo.it\/it\/wp-json\/wp\/v2\/product_cat?post=6484"},{"taxonomy":"product_tag","embeddable":true,"href":"https:\/\/ilcrogiuolo.it\/it\/wp-json\/wp\/v2\/product_tag?post=6484"}],"curies":[{"name":"wp","href":"https:\/\/api.w.org\/{rel}","templated":true}]}}