{"id":6402,"date":"2020-01-14T17:12:43","date_gmt":"2020-01-14T16:12:43","guid":{"rendered":"https:\/\/ilcrogiuolo.it\/p\/grande-rituale-di-ewa\/"},"modified":"2020-01-31T18:59:55","modified_gmt":"2020-01-31T17:59:55","slug":"grande-rituale-di-ewa","status":"publish","type":"product","link":"https:\/\/ilcrogiuolo.it\/it\/p\/grande-rituale-di-ewa\/","title":{"rendered":"GRANDE RITUALE DI EW\u00c1"},"content":{"rendered":"<p>I Rituali sono tradotti fedelmente dalla tradizione a cui appartengono e al loro interno comprendono gli ingredienti tradizionali impiegati per realizzarli. Il Crogiuolo ve li propone come autentiche curiosit\u00e0 magiche, con gli ingredienti originali e le fedeli istruzioni. Se si desidera vendere una casa, un negozio, una ditta o qualsiasi altra cosa, in breve tempo e con il massimo profitto si invocher\u00e0 l\u2019Energia dell\u2019ORIX\u00c1 EW\u00c1, certi di ottenere ci\u00f2 che si desidera senza impedimenti di alcun genere, cos\u00ec dice la tradizione. Questo rito \u00e8 reputato in grado di semplificare e risolvere positivamente quelle trattative che si protraggono nel tempo e che sembrano senza soluzione. Apporta tradizionalmente nuovi acquirenti.<\/p>\n","protected":false},"excerpt":{"rendered":"<p>I Rituali sono tradotti fedelmente dalla tradizione a cui appartengono e al loro interno comprendono gli ingredienti tradizionali impiegati per&#8230;<\/p>\n","protected":false},"featured_media":6403,"template":"","meta":{"_acf_changed":false},"product_brand":[],"product_cat":[1079,1059,1271],"product_tag":[],"class_list":{"0":"post-6402","1":"product","2":"type-product","3":"status-publish","4":"has-post-thumbnail","6":"product_cat-rituali-afrobrasiliani-santeria","7":"product_cat-articoli-esoterici","8":"product_cat-rituali-propiziatori-per-il-denarosuccesso","10":"first","11":"instock","12":"taxable","13":"shipping-taxable","14":"purchasable","15":"product-type-simple","16":"add-to-wishlist-before_image"},"acf":[],"yoast_head":"<!-- This site is optimized with the Yoast SEO plugin v26.9 - https:\/\/yoast.com\/product\/yoast-seo-wordpress\/ -->\n<title>GRANDE RITUALE DI EW\u00c1 - Il Crogiuolo<\/title>\n<meta name=\"description\" content=\"GRANDE RITUALE DI EW\u00c1 I Rituali sono tradotti fedelmente dalla tradizione a cui appartengono e al loro interno comprendono gli ingredienti tradizionali impiegati per\" \/>\n<meta name=\"robots\" content=\"index, follow, max-snippet:-1, max-image-preview:large, max-video-preview:-1\" \/>\n<link rel=\"canonical\" href=\"https:\/\/ilcrogiuolo.it\/it\/p\/grande-rituale-di-ewa\/\" \/>\n<meta property=\"og:locale\" content=\"it_IT\" \/>\n<meta property=\"og:type\" content=\"article\" \/>\n<meta property=\"og:title\" content=\"GRANDE RITUALE DI EW\u00c1 - Il Crogiuolo\" \/>\n<meta property=\"og:description\" content=\"GRANDE RITUALE DI EW\u00c1 I Rituali sono tradotti fedelmente dalla tradizione a cui appartengono e al loro interno comprendono gli ingredienti tradizionali impiegati per\" \/>\n<meta property=\"og:url\" content=\"https:\/\/ilcrogiuolo.it\/it\/p\/grande-rituale-di-ewa\/\" \/>\n<meta property=\"og:site_name\" content=\"Il Crogiuolo\" \/>\n<meta property=\"article:publisher\" content=\"https:\/\/www.facebook.com\/Il-Crogiuolo-681876418491758\" \/>\n<meta property=\"article:modified_time\" content=\"2020-01-31T17:59:55+00:00\" \/>\n<meta property=\"og:image\" content=\"https:\/\/ilcrogiuolo.it\/wp-content\/uploads\/2020\/01\/ritualeewa_5504560.jpg\" \/>\n\t<meta property=\"og:image:width\" content=\"627\" \/>\n\t<meta property=\"og:image:height\" content=\"600\" \/>\n\t<meta property=\"og:image:type\" content=\"image\/jpeg\" \/>\n<meta name=\"twitter:card\" content=\"summary_large_image\" \/>\n<meta name=\"twitter:label1\" content=\"Tempo di lettura stimato\" \/>\n\t<meta name=\"twitter:data1\" content=\"1 minuto\" \/>\n<script type=\"application\/ld+json\" class=\"yoast-schema-graph\">{\"@context\":\"https:\/\/schema.org\",\"@graph\":[{\"@type\":\"WebPage\",\"@id\":\"https:\/\/ilcrogiuolo.it\/it\/p\/grande-rituale-di-ewa\/\",\"url\":\"https:\/\/ilcrogiuolo.it\/it\/p\/grande-rituale-di-ewa\/\",\"name\":\"GRANDE RITUALE DI EW\u00c1 - Il Crogiuolo\",\"isPartOf\":{\"@id\":\"https:\/\/ilcrogiuolo.it\/it\/#website\"},\"primaryImageOfPage\":{\"@id\":\"https:\/\/ilcrogiuolo.it\/it\/p\/grande-rituale-di-ewa\/#primaryimage\"},\"image\":{\"@id\":\"https:\/\/ilcrogiuolo.it\/it\/p\/grande-rituale-di-ewa\/#primaryimage\"},\"thumbnailUrl\":\"https:\/\/ilcrogiuolo.it\/wp-content\/uploads\/2020\/01\/ritualeewa_5504560.jpg\",\"datePublished\":\"2020-01-14T16:12:43+00:00\",\"dateModified\":\"2020-01-31T17:59:55+00:00\",\"description\":\"GRANDE RITUALE DI EW\u00c1 I Rituali sono tradotti fedelmente dalla tradizione a cui appartengono e al loro interno comprendono gli ingredienti tradizionali impiegati per\",\"breadcrumb\":{\"@id\":\"https:\/\/ilcrogiuolo.it\/it\/p\/grande-rituale-di-ewa\/#breadcrumb\"},\"inLanguage\":\"it-IT\",\"potentialAction\":[{\"@type\":\"ReadAction\",\"target\":[\"https:\/\/ilcrogiuolo.it\/it\/p\/grande-rituale-di-ewa\/\"]}]},{\"@type\":\"ImageObject\",\"inLanguage\":\"it-IT\",\"@id\":\"https:\/\/ilcrogiuolo.it\/it\/p\/grande-rituale-di-ewa\/#primaryimage\",\"url\":\"https:\/\/ilcrogiuolo.it\/wp-content\/uploads\/2020\/01\/ritualeewa_5504560.jpg\",\"contentUrl\":\"https:\/\/ilcrogiuolo.it\/wp-content\/uploads\/2020\/01\/ritualeewa_5504560.jpg\",\"width\":627,\"height\":600},{\"@type\":\"BreadcrumbList\",\"@id\":\"https:\/\/ilcrogiuolo.it\/it\/p\/grande-rituale-di-ewa\/#breadcrumb\",\"itemListElement\":[{\"@type\":\"ListItem\",\"position\":1,\"name\":\"Home\",\"item\":\"https:\/\/ilcrogiuolo.it\/it\/\"},{\"@type\":\"ListItem\",\"position\":2,\"name\":\"Shop\",\"item\":\"https:\/\/ilcrogiuolo.it\/it\/negozio\/\"},{\"@type\":\"ListItem\",\"position\":3,\"name\":\"GRANDE RITUALE DI EW\u00c1\"}]},{\"@type\":\"WebSite\",\"@id\":\"https:\/\/ilcrogiuolo.it\/it\/#website\",\"url\":\"https:\/\/ilcrogiuolo.it\/it\/\",\"name\":\"Il Crogiuolo\",\"description\":\"\",\"publisher\":{\"@id\":\"https:\/\/ilcrogiuolo.it\/it\/#organization\"},\"potentialAction\":[{\"@type\":\"SearchAction\",\"target\":{\"@type\":\"EntryPoint\",\"urlTemplate\":\"https:\/\/ilcrogiuolo.it\/it\/?s={search_term_string}\"},\"query-input\":{\"@type\":\"PropertyValueSpecification\",\"valueRequired\":true,\"valueName\":\"search_term_string\"}}],\"inLanguage\":\"it-IT\"},{\"@type\":\"Organization\",\"@id\":\"https:\/\/ilcrogiuolo.it\/it\/#organization\",\"name\":\"Il Crogiuolo\",\"url\":\"https:\/\/ilcrogiuolo.it\/it\/\",\"logo\":{\"@type\":\"ImageObject\",\"inLanguage\":\"it-IT\",\"@id\":\"https:\/\/ilcrogiuolo.it\/it\/#\/schema\/logo\/image\/\",\"url\":\"https:\/\/ilcrogiuolo.it\/wp-content\/uploads\/2020\/04\/logo.png\",\"contentUrl\":\"https:\/\/ilcrogiuolo.it\/wp-content\/uploads\/2020\/04\/logo.png\",\"width\":200,\"height\":49,\"caption\":\"Il Crogiuolo\"},\"image\":{\"@id\":\"https:\/\/ilcrogiuolo.it\/it\/#\/schema\/logo\/image\/\"},\"sameAs\":[\"https:\/\/www.facebook.com\/Il-Crogiuolo-681876418491758\"]}]}<\/script>\n<!-- \/ Yoast SEO plugin. -->","yoast_head_json":{"title":"GRANDE RITUALE DI EW\u00c1 - Il Crogiuolo","description":"GRANDE RITUALE DI EW\u00c1 I Rituali sono tradotti fedelmente dalla tradizione a cui appartengono e al loro interno comprendono gli ingredienti tradizionali impiegati per","robots":{"index":"index","follow":"follow","max-snippet":"max-snippet:-1","max-image-preview":"max-image-preview:large","max-video-preview":"max-video-preview:-1"},"canonical":"https:\/\/ilcrogiuolo.it\/it\/p\/grande-rituale-di-ewa\/","og_locale":"it_IT","og_type":"article","og_title":"GRANDE RITUALE DI EW\u00c1 - Il Crogiuolo","og_description":"GRANDE RITUALE DI EW\u00c1 I Rituali sono tradotti fedelmente dalla tradizione a cui appartengono e al loro interno comprendono gli ingredienti tradizionali impiegati per","og_url":"https:\/\/ilcrogiuolo.it\/it\/p\/grande-rituale-di-ewa\/","og_site_name":"Il Crogiuolo","article_publisher":"https:\/\/www.facebook.com\/Il-Crogiuolo-681876418491758","article_modified_time":"2020-01-31T17:59:55+00:00","og_image":[{"width":627,"height":600,"url":"https:\/\/ilcrogiuolo.it\/wp-content\/uploads\/2020\/01\/ritualeewa_5504560.jpg","type":"image\/jpeg"}],"twitter_card":"summary_large_image","twitter_misc":{"Tempo di lettura stimato":"1 minuto"},"schema":{"@context":"https:\/\/schema.org","@graph":[{"@type":"WebPage","@id":"https:\/\/ilcrogiuolo.it\/it\/p\/grande-rituale-di-ewa\/","url":"https:\/\/ilcrogiuolo.it\/it\/p\/grande-rituale-di-ewa\/","name":"GRANDE RITUALE DI EW\u00c1 - Il Crogiuolo","isPartOf":{"@id":"https:\/\/ilcrogiuolo.it\/it\/#website"},"primaryImageOfPage":{"@id":"https:\/\/ilcrogiuolo.it\/it\/p\/grande-rituale-di-ewa\/#primaryimage"},"image":{"@id":"https:\/\/ilcrogiuolo.it\/it\/p\/grande-rituale-di-ewa\/#primaryimage"},"thumbnailUrl":"https:\/\/ilcrogiuolo.it\/wp-content\/uploads\/2020\/01\/ritualeewa_5504560.jpg","datePublished":"2020-01-14T16:12:43+00:00","dateModified":"2020-01-31T17:59:55+00:00","description":"GRANDE RITUALE DI EW\u00c1 I Rituali sono tradotti fedelmente dalla tradizione a cui appartengono e al loro interno comprendono gli ingredienti tradizionali impiegati per","breadcrumb":{"@id":"https:\/\/ilcrogiuolo.it\/it\/p\/grande-rituale-di-ewa\/#breadcrumb"},"inLanguage":"it-IT","potentialAction":[{"@type":"ReadAction","target":["https:\/\/ilcrogiuolo.it\/it\/p\/grande-rituale-di-ewa\/"]}]},{"@type":"ImageObject","inLanguage":"it-IT","@id":"https:\/\/ilcrogiuolo.it\/it\/p\/grande-rituale-di-ewa\/#primaryimage","url":"https:\/\/ilcrogiuolo.it\/wp-content\/uploads\/2020\/01\/ritualeewa_5504560.jpg","contentUrl":"https:\/\/ilcrogiuolo.it\/wp-content\/uploads\/2020\/01\/ritualeewa_5504560.jpg","width":627,"height":600},{"@type":"BreadcrumbList","@id":"https:\/\/ilcrogiuolo.it\/it\/p\/grande-rituale-di-ewa\/#breadcrumb","itemListElement":[{"@type":"ListItem","position":1,"name":"Home","item":"https:\/\/ilcrogiuolo.it\/it\/"},{"@type":"ListItem","position":2,"name":"Shop","item":"https:\/\/ilcrogiuolo.it\/it\/negozio\/"},{"@type":"ListItem","position":3,"name":"GRANDE RITUALE DI EW\u00c1"}]},{"@type":"WebSite","@id":"https:\/\/ilcrogiuolo.it\/it\/#website","url":"https:\/\/ilcrogiuolo.it\/it\/","name":"Il Crogiuolo","description":"","publisher":{"@id":"https:\/\/ilcrogiuolo.it\/it\/#organization"},"potentialAction":[{"@type":"SearchAction","target":{"@type":"EntryPoint","urlTemplate":"https:\/\/ilcrogiuolo.it\/it\/?s={search_term_string}"},"query-input":{"@type":"PropertyValueSpecification","valueRequired":true,"valueName":"search_term_string"}}],"inLanguage":"it-IT"},{"@type":"Organization","@id":"https:\/\/ilcrogiuolo.it\/it\/#organization","name":"Il Crogiuolo","url":"https:\/\/ilcrogiuolo.it\/it\/","logo":{"@type":"ImageObject","inLanguage":"it-IT","@id":"https:\/\/ilcrogiuolo.it\/it\/#\/schema\/logo\/image\/","url":"https:\/\/ilcrogiuolo.it\/wp-content\/uploads\/2020\/04\/logo.png","contentUrl":"https:\/\/ilcrogiuolo.it\/wp-content\/uploads\/2020\/04\/logo.png","width":200,"height":49,"caption":"Il Crogiuolo"},"image":{"@id":"https:\/\/ilcrogiuolo.it\/it\/#\/schema\/logo\/image\/"},"sameAs":["https:\/\/www.facebook.com\/Il-Crogiuolo-681876418491758"]}]}},"_links":{"self":[{"href":"https:\/\/ilcrogiuolo.it\/it\/wp-json\/wp\/v2\/product\/6402","targetHints":{"allow":["GET"]}}],"collection":[{"href":"https:\/\/ilcrogiuolo.it\/it\/wp-json\/wp\/v2\/product"}],"about":[{"href":"https:\/\/ilcrogiuolo.it\/it\/wp-json\/wp\/v2\/types\/product"}],"wp:featuredmedia":[{"embeddable":true,"href":"https:\/\/ilcrogiuolo.it\/it\/wp-json\/wp\/v2\/media\/6403"}],"wp:attachment":[{"href":"https:\/\/ilcrogiuolo.it\/it\/wp-json\/wp\/v2\/media?parent=6402"}],"wp:term":[{"taxonomy":"product_brand","embeddable":true,"href":"https:\/\/ilcrogiuolo.it\/it\/wp-json\/wp\/v2\/product_brand?post=6402"},{"taxonomy":"product_cat","embeddable":true,"href":"https:\/\/ilcrogiuolo.it\/it\/wp-json\/wp\/v2\/product_cat?post=6402"},{"taxonomy":"product_tag","embeddable":true,"href":"https:\/\/ilcrogiuolo.it\/it\/wp-json\/wp\/v2\/product_tag?post=6402"}],"curies":[{"name":"wp","href":"https:\/\/api.w.org\/{rel}","templated":true}]}}