{"id":6342,"date":"2020-01-14T17:12:35","date_gmt":"2020-01-14T16:12:35","guid":{"rendered":"https:\/\/ilcrogiuolo.it\/p\/aceite-juan-de-la-conquista-hi-john\/"},"modified":"2020-01-31T19:08:14","modified_gmt":"2020-01-31T18:08:14","slug":"aceite-juan-de-la-conquista-hi-john","status":"publish","type":"product","link":"https:\/\/ilcrogiuolo.it\/it\/p\/aceite-juan-de-la-conquista-hi-john\/","title":{"rendered":"ACEITE JUAN DE LA CONQUISTA &#8211; HI JOHN"},"content":{"rendered":"<p>Secondo una leggenda Voodoo della Louisiana, Hi John non era un uomo, ma uno spirito giunto dall&#8217;Africa col compito di restituire agli schiavi il loro senso dell&#8217;umorismo e la speranza di trionfare sui loro padroni, (altri affermano che fosse uno schiavo figlio di un re Africano, altri ancora lo collegano a San Giovanni detto il Conquistatore). Una volta arrivato nel nuovo mondo, prese le sembianze di un nero astuto e gagliardo, affascinante, seducente,\u00a0fiero,\u00a0e and\u00f2 a vivere nelle piantagioni di cotone. Nei vari racconti che lo riguardano, Hi John si trova sempre nei guai col suo padrone bianco, ma alla fine riesce ad avere la meglio, trionfando inesorabilmente. Con la fine della schiavit\u00f9 si racconta che si trasform\u00f2 nella radice che lo rese celebre e con cui nella sua vita umana, compiva prodigi e magie, in modo da poter aiutare chi avesse bisogno.<!--?xml:namespace prefix = o ns = \"urn:schemas-microsoft-com:office:office\" \/--><\/p>\n<p><!--?xml:namespace prefix = v ns = \"urn:schemas-microsoft-com:vml\" \/--><!--?xml:namespace prefix = w ns = \"urn:schemas-microsoft-com:office:word\" \/-->La radice di <!--?xml:namespace prefix = st1 ns = \"urn:schemas-microsoft-com:office:smarttags\" \/-->Giovanni il Conquistatore \u00e8 la radice di una pianta molto comune nel caldo Sud, si tratta dell&#8217;Ipomea Jalapa. Secondo quanto si tramanda, i poteri di questa radice sono formidabili, in grado di trasformare la sorte pi\u00f9 avversa in un brillante avvenire. Con pezzetti di Radice di Giovanni il Conquistatore si confezionano amuleti, mojo bag, talismani. Come amuleto non ha eguali: attira la fortuna, assicura controllo e dominio su una situazione e rende gli uomini pi\u00f9 potenti in campo sessuale.<\/p>\n<p>L&#8217;olio di Radice di Giovanni il Conquistatore contiene al suo interno un pezzetto della preziosa radice (che pu\u00f2 venire utilizzato nella confezione di sacchettini o altro) a garanzia della sua genuinit\u00e0 e della sua autenticit\u00e0.<\/p>\n<p>Nelle 21 Divisioni si impiega quest&#8217;olio in onore di Juan de la Conquista. 10 ml L&#8217;immagine \u00e8 puramente esemplificativa. La confezione pu\u00f2 essere in plastica o in vetro.<\/p>\n","protected":false},"excerpt":{"rendered":"<p>Secondo una leggenda Voodoo della Louisiana, Hi John non era un uomo, ma uno spirito giunto dall&#8217;Africa col compito di&#8230;<\/p>\n","protected":false},"featured_media":6343,"template":"","meta":{"_acf_changed":false},"product_brand":[],"product_cat":[1078,1059,1312],"product_tag":[],"class_list":{"0":"post-6342","1":"product","2":"type-product","3":"status-publish","4":"has-post-thumbnail","6":"product_cat-prodotti-esoterici-voodoo-vodun-vudu-santeria","7":"product_cat-articoli-esoterici","8":"product_cat-olii-voodoo-e-hoodoo","10":"first","11":"instock","12":"taxable","13":"shipping-taxable","14":"purchasable","15":"product-type-simple","16":"add-to-wishlist-before_image"},"acf":[],"yoast_head":"<!-- This site is optimized with the Yoast SEO plugin v26.9 - https:\/\/yoast.com\/product\/yoast-seo-wordpress\/ -->\n<title>ACEITE JUAN DE LA CONQUISTA - HI JOHN - Il Crogiuolo<\/title>\n<meta name=\"description\" content=\"ACEITE JUAN DE LA CONQUISTA - HI JOHN Secondo una leggenda Voodoo della Louisiana, Hi John non era un uomo, ma uno spirito giunto dall&#039;Africa col compito di restituire agli schiavi il loro\" \/>\n<meta name=\"robots\" content=\"index, follow, max-snippet:-1, max-image-preview:large, max-video-preview:-1\" \/>\n<link rel=\"canonical\" href=\"https:\/\/ilcrogiuolo.it\/it\/p\/aceite-juan-de-la-conquista-hi-john\/\" \/>\n<meta property=\"og:locale\" content=\"it_IT\" \/>\n<meta property=\"og:type\" content=\"article\" \/>\n<meta property=\"og:title\" content=\"ACEITE JUAN DE LA CONQUISTA - HI JOHN - Il Crogiuolo\" \/>\n<meta property=\"og:description\" content=\"ACEITE JUAN DE LA CONQUISTA - HI JOHN Secondo una leggenda Voodoo della Louisiana, Hi John non era un uomo, ma uno spirito giunto dall&#039;Africa col compito di restituire agli schiavi il loro\" \/>\n<meta property=\"og:url\" content=\"https:\/\/ilcrogiuolo.it\/it\/p\/aceite-juan-de-la-conquista-hi-john\/\" \/>\n<meta property=\"og:site_name\" content=\"Il Crogiuolo\" \/>\n<meta property=\"article:publisher\" content=\"https:\/\/www.facebook.com\/Il-Crogiuolo-681876418491758\" \/>\n<meta property=\"article:modified_time\" content=\"2020-01-31T18:08:14+00:00\" \/>\n<meta property=\"og:image\" content=\"https:\/\/ilcrogiuolo.it\/wp-content\/uploads\/2020\/01\/oliiaceiteesotericosesoterici_9178976.jpg\" \/>\n\t<meta property=\"og:image:width\" content=\"627\" \/>\n\t<meta property=\"og:image:height\" content=\"600\" \/>\n\t<meta property=\"og:image:type\" content=\"image\/jpeg\" \/>\n<meta name=\"twitter:card\" content=\"summary_large_image\" \/>\n<meta name=\"twitter:label1\" content=\"Tempo di lettura stimato\" \/>\n\t<meta name=\"twitter:data1\" content=\"1 minuto\" \/>\n<script type=\"application\/ld+json\" class=\"yoast-schema-graph\">{\"@context\":\"https:\/\/schema.org\",\"@graph\":[{\"@type\":\"WebPage\",\"@id\":\"https:\/\/ilcrogiuolo.it\/it\/p\/aceite-juan-de-la-conquista-hi-john\/\",\"url\":\"https:\/\/ilcrogiuolo.it\/it\/p\/aceite-juan-de-la-conquista-hi-john\/\",\"name\":\"ACEITE JUAN DE LA CONQUISTA - HI JOHN - Il Crogiuolo\",\"isPartOf\":{\"@id\":\"https:\/\/ilcrogiuolo.it\/it\/#website\"},\"primaryImageOfPage\":{\"@id\":\"https:\/\/ilcrogiuolo.it\/it\/p\/aceite-juan-de-la-conquista-hi-john\/#primaryimage\"},\"image\":{\"@id\":\"https:\/\/ilcrogiuolo.it\/it\/p\/aceite-juan-de-la-conquista-hi-john\/#primaryimage\"},\"thumbnailUrl\":\"https:\/\/ilcrogiuolo.it\/wp-content\/uploads\/2020\/01\/oliiaceiteesotericosesoterici_9178976.jpg\",\"datePublished\":\"2020-01-14T16:12:35+00:00\",\"dateModified\":\"2020-01-31T18:08:14+00:00\",\"description\":\"ACEITE JUAN DE LA CONQUISTA - HI JOHN Secondo una leggenda Voodoo della Louisiana, Hi John non era un uomo, ma uno spirito giunto dall'Africa col compito di restituire agli schiavi il loro\",\"breadcrumb\":{\"@id\":\"https:\/\/ilcrogiuolo.it\/it\/p\/aceite-juan-de-la-conquista-hi-john\/#breadcrumb\"},\"inLanguage\":\"it-IT\",\"potentialAction\":[{\"@type\":\"ReadAction\",\"target\":[\"https:\/\/ilcrogiuolo.it\/it\/p\/aceite-juan-de-la-conquista-hi-john\/\"]}]},{\"@type\":\"ImageObject\",\"inLanguage\":\"it-IT\",\"@id\":\"https:\/\/ilcrogiuolo.it\/it\/p\/aceite-juan-de-la-conquista-hi-john\/#primaryimage\",\"url\":\"https:\/\/ilcrogiuolo.it\/wp-content\/uploads\/2020\/01\/oliiaceiteesotericosesoterici_9178976.jpg\",\"contentUrl\":\"https:\/\/ilcrogiuolo.it\/wp-content\/uploads\/2020\/01\/oliiaceiteesotericosesoterici_9178976.jpg\",\"width\":627,\"height\":600},{\"@type\":\"BreadcrumbList\",\"@id\":\"https:\/\/ilcrogiuolo.it\/it\/p\/aceite-juan-de-la-conquista-hi-john\/#breadcrumb\",\"itemListElement\":[{\"@type\":\"ListItem\",\"position\":1,\"name\":\"Home\",\"item\":\"https:\/\/ilcrogiuolo.it\/it\/\"},{\"@type\":\"ListItem\",\"position\":2,\"name\":\"Shop\",\"item\":\"https:\/\/ilcrogiuolo.it\/it\/negozio\/\"},{\"@type\":\"ListItem\",\"position\":3,\"name\":\"ACEITE JUAN DE LA CONQUISTA &#8211; HI JOHN\"}]},{\"@type\":\"WebSite\",\"@id\":\"https:\/\/ilcrogiuolo.it\/it\/#website\",\"url\":\"https:\/\/ilcrogiuolo.it\/it\/\",\"name\":\"Il Crogiuolo\",\"description\":\"\",\"publisher\":{\"@id\":\"https:\/\/ilcrogiuolo.it\/it\/#organization\"},\"potentialAction\":[{\"@type\":\"SearchAction\",\"target\":{\"@type\":\"EntryPoint\",\"urlTemplate\":\"https:\/\/ilcrogiuolo.it\/it\/?s={search_term_string}\"},\"query-input\":{\"@type\":\"PropertyValueSpecification\",\"valueRequired\":true,\"valueName\":\"search_term_string\"}}],\"inLanguage\":\"it-IT\"},{\"@type\":\"Organization\",\"@id\":\"https:\/\/ilcrogiuolo.it\/it\/#organization\",\"name\":\"Il Crogiuolo\",\"url\":\"https:\/\/ilcrogiuolo.it\/it\/\",\"logo\":{\"@type\":\"ImageObject\",\"inLanguage\":\"it-IT\",\"@id\":\"https:\/\/ilcrogiuolo.it\/it\/#\/schema\/logo\/image\/\",\"url\":\"https:\/\/ilcrogiuolo.it\/wp-content\/uploads\/2020\/04\/logo.png\",\"contentUrl\":\"https:\/\/ilcrogiuolo.it\/wp-content\/uploads\/2020\/04\/logo.png\",\"width\":200,\"height\":49,\"caption\":\"Il Crogiuolo\"},\"image\":{\"@id\":\"https:\/\/ilcrogiuolo.it\/it\/#\/schema\/logo\/image\/\"},\"sameAs\":[\"https:\/\/www.facebook.com\/Il-Crogiuolo-681876418491758\"]}]}<\/script>\n<!-- \/ Yoast SEO plugin. -->","yoast_head_json":{"title":"ACEITE JUAN DE LA CONQUISTA - HI JOHN - Il Crogiuolo","description":"ACEITE JUAN DE LA CONQUISTA - HI JOHN Secondo una leggenda Voodoo della Louisiana, Hi John non era un uomo, ma uno spirito giunto dall'Africa col compito di restituire agli schiavi il loro","robots":{"index":"index","follow":"follow","max-snippet":"max-snippet:-1","max-image-preview":"max-image-preview:large","max-video-preview":"max-video-preview:-1"},"canonical":"https:\/\/ilcrogiuolo.it\/it\/p\/aceite-juan-de-la-conquista-hi-john\/","og_locale":"it_IT","og_type":"article","og_title":"ACEITE JUAN DE LA CONQUISTA - HI JOHN - Il Crogiuolo","og_description":"ACEITE JUAN DE LA CONQUISTA - HI JOHN Secondo una leggenda Voodoo della Louisiana, Hi John non era un uomo, ma uno spirito giunto dall'Africa col compito di restituire agli schiavi il loro","og_url":"https:\/\/ilcrogiuolo.it\/it\/p\/aceite-juan-de-la-conquista-hi-john\/","og_site_name":"Il Crogiuolo","article_publisher":"https:\/\/www.facebook.com\/Il-Crogiuolo-681876418491758","article_modified_time":"2020-01-31T18:08:14+00:00","og_image":[{"width":627,"height":600,"url":"https:\/\/ilcrogiuolo.it\/wp-content\/uploads\/2020\/01\/oliiaceiteesotericosesoterici_9178976.jpg","type":"image\/jpeg"}],"twitter_card":"summary_large_image","twitter_misc":{"Tempo di lettura stimato":"1 minuto"},"schema":{"@context":"https:\/\/schema.org","@graph":[{"@type":"WebPage","@id":"https:\/\/ilcrogiuolo.it\/it\/p\/aceite-juan-de-la-conquista-hi-john\/","url":"https:\/\/ilcrogiuolo.it\/it\/p\/aceite-juan-de-la-conquista-hi-john\/","name":"ACEITE JUAN DE LA CONQUISTA - HI JOHN - Il Crogiuolo","isPartOf":{"@id":"https:\/\/ilcrogiuolo.it\/it\/#website"},"primaryImageOfPage":{"@id":"https:\/\/ilcrogiuolo.it\/it\/p\/aceite-juan-de-la-conquista-hi-john\/#primaryimage"},"image":{"@id":"https:\/\/ilcrogiuolo.it\/it\/p\/aceite-juan-de-la-conquista-hi-john\/#primaryimage"},"thumbnailUrl":"https:\/\/ilcrogiuolo.it\/wp-content\/uploads\/2020\/01\/oliiaceiteesotericosesoterici_9178976.jpg","datePublished":"2020-01-14T16:12:35+00:00","dateModified":"2020-01-31T18:08:14+00:00","description":"ACEITE JUAN DE LA CONQUISTA - HI JOHN Secondo una leggenda Voodoo della Louisiana, Hi John non era un uomo, ma uno spirito giunto dall'Africa col compito di restituire agli schiavi il loro","breadcrumb":{"@id":"https:\/\/ilcrogiuolo.it\/it\/p\/aceite-juan-de-la-conquista-hi-john\/#breadcrumb"},"inLanguage":"it-IT","potentialAction":[{"@type":"ReadAction","target":["https:\/\/ilcrogiuolo.it\/it\/p\/aceite-juan-de-la-conquista-hi-john\/"]}]},{"@type":"ImageObject","inLanguage":"it-IT","@id":"https:\/\/ilcrogiuolo.it\/it\/p\/aceite-juan-de-la-conquista-hi-john\/#primaryimage","url":"https:\/\/ilcrogiuolo.it\/wp-content\/uploads\/2020\/01\/oliiaceiteesotericosesoterici_9178976.jpg","contentUrl":"https:\/\/ilcrogiuolo.it\/wp-content\/uploads\/2020\/01\/oliiaceiteesotericosesoterici_9178976.jpg","width":627,"height":600},{"@type":"BreadcrumbList","@id":"https:\/\/ilcrogiuolo.it\/it\/p\/aceite-juan-de-la-conquista-hi-john\/#breadcrumb","itemListElement":[{"@type":"ListItem","position":1,"name":"Home","item":"https:\/\/ilcrogiuolo.it\/it\/"},{"@type":"ListItem","position":2,"name":"Shop","item":"https:\/\/ilcrogiuolo.it\/it\/negozio\/"},{"@type":"ListItem","position":3,"name":"ACEITE JUAN DE LA CONQUISTA &#8211; HI JOHN"}]},{"@type":"WebSite","@id":"https:\/\/ilcrogiuolo.it\/it\/#website","url":"https:\/\/ilcrogiuolo.it\/it\/","name":"Il Crogiuolo","description":"","publisher":{"@id":"https:\/\/ilcrogiuolo.it\/it\/#organization"},"potentialAction":[{"@type":"SearchAction","target":{"@type":"EntryPoint","urlTemplate":"https:\/\/ilcrogiuolo.it\/it\/?s={search_term_string}"},"query-input":{"@type":"PropertyValueSpecification","valueRequired":true,"valueName":"search_term_string"}}],"inLanguage":"it-IT"},{"@type":"Organization","@id":"https:\/\/ilcrogiuolo.it\/it\/#organization","name":"Il Crogiuolo","url":"https:\/\/ilcrogiuolo.it\/it\/","logo":{"@type":"ImageObject","inLanguage":"it-IT","@id":"https:\/\/ilcrogiuolo.it\/it\/#\/schema\/logo\/image\/","url":"https:\/\/ilcrogiuolo.it\/wp-content\/uploads\/2020\/04\/logo.png","contentUrl":"https:\/\/ilcrogiuolo.it\/wp-content\/uploads\/2020\/04\/logo.png","width":200,"height":49,"caption":"Il Crogiuolo"},"image":{"@id":"https:\/\/ilcrogiuolo.it\/it\/#\/schema\/logo\/image\/"},"sameAs":["https:\/\/www.facebook.com\/Il-Crogiuolo-681876418491758"]}]}},"_links":{"self":[{"href":"https:\/\/ilcrogiuolo.it\/it\/wp-json\/wp\/v2\/product\/6342","targetHints":{"allow":["GET"]}}],"collection":[{"href":"https:\/\/ilcrogiuolo.it\/it\/wp-json\/wp\/v2\/product"}],"about":[{"href":"https:\/\/ilcrogiuolo.it\/it\/wp-json\/wp\/v2\/types\/product"}],"wp:featuredmedia":[{"embeddable":true,"href":"https:\/\/ilcrogiuolo.it\/it\/wp-json\/wp\/v2\/media\/6343"}],"wp:attachment":[{"href":"https:\/\/ilcrogiuolo.it\/it\/wp-json\/wp\/v2\/media?parent=6342"}],"wp:term":[{"taxonomy":"product_brand","embeddable":true,"href":"https:\/\/ilcrogiuolo.it\/it\/wp-json\/wp\/v2\/product_brand?post=6342"},{"taxonomy":"product_cat","embeddable":true,"href":"https:\/\/ilcrogiuolo.it\/it\/wp-json\/wp\/v2\/product_cat?post=6342"},{"taxonomy":"product_tag","embeddable":true,"href":"https:\/\/ilcrogiuolo.it\/it\/wp-json\/wp\/v2\/product_tag?post=6342"}],"curies":[{"name":"wp","href":"https:\/\/api.w.org\/{rel}","templated":true}]}}