{"id":6237,"date":"2020-01-14T17:12:23","date_gmt":"2020-01-14T16:12:23","guid":{"rendered":"https:\/\/ilcrogiuolo.it\/p\/rituale-di-halloween-ognissanti\/"},"modified":"2020-02-04T16:16:16","modified_gmt":"2020-02-04T15:16:16","slug":"rituale-di-halloween-ognissanti","status":"publish","type":"product","link":"https:\/\/ilcrogiuolo.it\/it\/p\/rituale-di-halloween-ognissanti\/","title":{"rendered":"RITUALE DI HALLOWEEN &#8211; OGNISSANTI"},"content":{"rendered":"<p>Nella tradizione magica la notte di Ognissanti (che nei paesi di lingua anglosassone viene chiamata notte di Halloween) segna la fine dell\u2019anno vecchio e l\u2019inizio di quello nuovo. Questo rituale viene eseguito per \u201cbruciare e seppellire\u201d tutto ci\u00f2 che \u00e8 negativo e aprire le porte al nuovo anno esoterico all\u2019insegna del benessere, della fortuna e della prosperit\u00e0. Propizia le unioni amorose e spiana la strada alla serenit\u00e0. In Messico esiste una tradizione molto forte per questa festivit\u00e0, che affonda le proprie origini negli antichi culti precolombiani. Questo rituale viene realizzato la notte di Halloween, 31 ottobre, la vigilia di Ognissanti. Secondo quanto si tramanda questa pratica agisce anche a livello esoterico, sciogliendo i nodi che possono pregiudicare l\u2019evoluzione spirituale allontanando chi lo effettua ed i suoi cari da ogni negativit\u00e0.<\/p>\n","protected":false},"excerpt":{"rendered":"<p>Nella tradizione magica la notte di Ognissanti (che nei paesi di lingua anglosassone viene chiamata notte di Halloween) segna la&#8230;<\/p>\n","protected":false},"featured_media":6238,"template":"","meta":{"_acf_changed":false},"product_brand":[],"product_cat":[1079,1059,1305],"product_tag":[],"class_list":{"0":"post-6237","1":"product","2":"type-product","3":"status-publish","4":"has-post-thumbnail","6":"product_cat-rituali-afrobrasiliani-santeria","7":"product_cat-articoli-esoterici","8":"product_cat-celebrazioni-annuali","10":"first","11":"instock","12":"taxable","13":"shipping-taxable","14":"purchasable","15":"product-type-simple","16":"add-to-wishlist-before_image"},"acf":[],"yoast_head":"<!-- This site is optimized with the Yoast SEO plugin v26.9 - https:\/\/yoast.com\/product\/yoast-seo-wordpress\/ -->\n<title>RITUALE DI HALLOWEEN - OGNISSANTI - Il Crogiuolo<\/title>\n<meta name=\"description\" content=\"RITUALE DI HALLOWEEN - OGNISSANTI Nella tradizione magica la notte di Ognissanti (che nei paesi di lingua anglosassone viene chiamata notte di Halloween) segna la fine dell\u2019anno vecchio e\" \/>\n<meta name=\"robots\" content=\"index, follow, max-snippet:-1, max-image-preview:large, max-video-preview:-1\" \/>\n<link rel=\"canonical\" href=\"https:\/\/ilcrogiuolo.it\/it\/p\/rituale-di-halloween-ognissanti\/\" \/>\n<meta property=\"og:locale\" content=\"it_IT\" \/>\n<meta property=\"og:type\" content=\"article\" \/>\n<meta property=\"og:title\" content=\"RITUALE DI HALLOWEEN - OGNISSANTI - Il Crogiuolo\" \/>\n<meta property=\"og:description\" content=\"RITUALE DI HALLOWEEN - OGNISSANTI Nella tradizione magica la notte di Ognissanti (che nei paesi di lingua anglosassone viene chiamata notte di Halloween) segna la fine dell\u2019anno vecchio e\" \/>\n<meta property=\"og:url\" content=\"https:\/\/ilcrogiuolo.it\/it\/p\/rituale-di-halloween-ognissanti\/\" \/>\n<meta property=\"og:site_name\" content=\"Il Crogiuolo\" \/>\n<meta property=\"article:publisher\" content=\"https:\/\/www.facebook.com\/Il-Crogiuolo-681876418491758\" \/>\n<meta property=\"article:modified_time\" content=\"2020-02-04T15:16:16+00:00\" \/>\n<meta property=\"og:image\" content=\"https:\/\/ilcrogiuolo.it\/wp-content\/uploads\/2020\/01\/ritoognissanti_9839895.jpg\" \/>\n\t<meta property=\"og:image:width\" content=\"627\" \/>\n\t<meta property=\"og:image:height\" content=\"600\" \/>\n\t<meta property=\"og:image:type\" content=\"image\/jpeg\" \/>\n<meta name=\"twitter:card\" content=\"summary_large_image\" \/>\n<meta name=\"twitter:label1\" content=\"Tempo di lettura stimato\" \/>\n\t<meta name=\"twitter:data1\" content=\"1 minuto\" \/>\n<script type=\"application\/ld+json\" class=\"yoast-schema-graph\">{\"@context\":\"https:\/\/schema.org\",\"@graph\":[{\"@type\":\"WebPage\",\"@id\":\"https:\/\/ilcrogiuolo.it\/it\/p\/rituale-di-halloween-ognissanti\/\",\"url\":\"https:\/\/ilcrogiuolo.it\/it\/p\/rituale-di-halloween-ognissanti\/\",\"name\":\"RITUALE DI HALLOWEEN - OGNISSANTI - Il Crogiuolo\",\"isPartOf\":{\"@id\":\"https:\/\/ilcrogiuolo.it\/it\/#website\"},\"primaryImageOfPage\":{\"@id\":\"https:\/\/ilcrogiuolo.it\/it\/p\/rituale-di-halloween-ognissanti\/#primaryimage\"},\"image\":{\"@id\":\"https:\/\/ilcrogiuolo.it\/it\/p\/rituale-di-halloween-ognissanti\/#primaryimage\"},\"thumbnailUrl\":\"https:\/\/ilcrogiuolo.it\/wp-content\/uploads\/2020\/01\/ritoognissanti_9839895.jpg\",\"datePublished\":\"2020-01-14T16:12:23+00:00\",\"dateModified\":\"2020-02-04T15:16:16+00:00\",\"description\":\"RITUALE DI HALLOWEEN - OGNISSANTI Nella tradizione magica la notte di Ognissanti (che nei paesi di lingua anglosassone viene chiamata notte di Halloween) segna la fine dell\u2019anno vecchio e\",\"breadcrumb\":{\"@id\":\"https:\/\/ilcrogiuolo.it\/it\/p\/rituale-di-halloween-ognissanti\/#breadcrumb\"},\"inLanguage\":\"it-IT\",\"potentialAction\":[{\"@type\":\"ReadAction\",\"target\":[\"https:\/\/ilcrogiuolo.it\/it\/p\/rituale-di-halloween-ognissanti\/\"]}]},{\"@type\":\"ImageObject\",\"inLanguage\":\"it-IT\",\"@id\":\"https:\/\/ilcrogiuolo.it\/it\/p\/rituale-di-halloween-ognissanti\/#primaryimage\",\"url\":\"https:\/\/ilcrogiuolo.it\/wp-content\/uploads\/2020\/01\/ritoognissanti_9839895.jpg\",\"contentUrl\":\"https:\/\/ilcrogiuolo.it\/wp-content\/uploads\/2020\/01\/ritoognissanti_9839895.jpg\",\"width\":627,\"height\":600},{\"@type\":\"BreadcrumbList\",\"@id\":\"https:\/\/ilcrogiuolo.it\/it\/p\/rituale-di-halloween-ognissanti\/#breadcrumb\",\"itemListElement\":[{\"@type\":\"ListItem\",\"position\":1,\"name\":\"Home\",\"item\":\"https:\/\/ilcrogiuolo.it\/it\/\"},{\"@type\":\"ListItem\",\"position\":2,\"name\":\"Shop\",\"item\":\"https:\/\/ilcrogiuolo.it\/it\/negozio\/\"},{\"@type\":\"ListItem\",\"position\":3,\"name\":\"RITUALE DI HALLOWEEN &#8211; OGNISSANTI\"}]},{\"@type\":\"WebSite\",\"@id\":\"https:\/\/ilcrogiuolo.it\/it\/#website\",\"url\":\"https:\/\/ilcrogiuolo.it\/it\/\",\"name\":\"Il Crogiuolo\",\"description\":\"\",\"publisher\":{\"@id\":\"https:\/\/ilcrogiuolo.it\/it\/#organization\"},\"potentialAction\":[{\"@type\":\"SearchAction\",\"target\":{\"@type\":\"EntryPoint\",\"urlTemplate\":\"https:\/\/ilcrogiuolo.it\/it\/?s={search_term_string}\"},\"query-input\":{\"@type\":\"PropertyValueSpecification\",\"valueRequired\":true,\"valueName\":\"search_term_string\"}}],\"inLanguage\":\"it-IT\"},{\"@type\":\"Organization\",\"@id\":\"https:\/\/ilcrogiuolo.it\/it\/#organization\",\"name\":\"Il Crogiuolo\",\"url\":\"https:\/\/ilcrogiuolo.it\/it\/\",\"logo\":{\"@type\":\"ImageObject\",\"inLanguage\":\"it-IT\",\"@id\":\"https:\/\/ilcrogiuolo.it\/it\/#\/schema\/logo\/image\/\",\"url\":\"https:\/\/ilcrogiuolo.it\/wp-content\/uploads\/2020\/04\/logo.png\",\"contentUrl\":\"https:\/\/ilcrogiuolo.it\/wp-content\/uploads\/2020\/04\/logo.png\",\"width\":200,\"height\":49,\"caption\":\"Il Crogiuolo\"},\"image\":{\"@id\":\"https:\/\/ilcrogiuolo.it\/it\/#\/schema\/logo\/image\/\"},\"sameAs\":[\"https:\/\/www.facebook.com\/Il-Crogiuolo-681876418491758\"]}]}<\/script>\n<!-- \/ Yoast SEO plugin. -->","yoast_head_json":{"title":"RITUALE DI HALLOWEEN - OGNISSANTI - Il Crogiuolo","description":"RITUALE DI HALLOWEEN - OGNISSANTI Nella tradizione magica la notte di Ognissanti (che nei paesi di lingua anglosassone viene chiamata notte di Halloween) segna la fine dell\u2019anno vecchio e","robots":{"index":"index","follow":"follow","max-snippet":"max-snippet:-1","max-image-preview":"max-image-preview:large","max-video-preview":"max-video-preview:-1"},"canonical":"https:\/\/ilcrogiuolo.it\/it\/p\/rituale-di-halloween-ognissanti\/","og_locale":"it_IT","og_type":"article","og_title":"RITUALE DI HALLOWEEN - OGNISSANTI - Il Crogiuolo","og_description":"RITUALE DI HALLOWEEN - OGNISSANTI Nella tradizione magica la notte di Ognissanti (che nei paesi di lingua anglosassone viene chiamata notte di Halloween) segna la fine dell\u2019anno vecchio e","og_url":"https:\/\/ilcrogiuolo.it\/it\/p\/rituale-di-halloween-ognissanti\/","og_site_name":"Il Crogiuolo","article_publisher":"https:\/\/www.facebook.com\/Il-Crogiuolo-681876418491758","article_modified_time":"2020-02-04T15:16:16+00:00","og_image":[{"width":627,"height":600,"url":"https:\/\/ilcrogiuolo.it\/wp-content\/uploads\/2020\/01\/ritoognissanti_9839895.jpg","type":"image\/jpeg"}],"twitter_card":"summary_large_image","twitter_misc":{"Tempo di lettura stimato":"1 minuto"},"schema":{"@context":"https:\/\/schema.org","@graph":[{"@type":"WebPage","@id":"https:\/\/ilcrogiuolo.it\/it\/p\/rituale-di-halloween-ognissanti\/","url":"https:\/\/ilcrogiuolo.it\/it\/p\/rituale-di-halloween-ognissanti\/","name":"RITUALE DI HALLOWEEN - OGNISSANTI - Il Crogiuolo","isPartOf":{"@id":"https:\/\/ilcrogiuolo.it\/it\/#website"},"primaryImageOfPage":{"@id":"https:\/\/ilcrogiuolo.it\/it\/p\/rituale-di-halloween-ognissanti\/#primaryimage"},"image":{"@id":"https:\/\/ilcrogiuolo.it\/it\/p\/rituale-di-halloween-ognissanti\/#primaryimage"},"thumbnailUrl":"https:\/\/ilcrogiuolo.it\/wp-content\/uploads\/2020\/01\/ritoognissanti_9839895.jpg","datePublished":"2020-01-14T16:12:23+00:00","dateModified":"2020-02-04T15:16:16+00:00","description":"RITUALE DI HALLOWEEN - OGNISSANTI Nella tradizione magica la notte di Ognissanti (che nei paesi di lingua anglosassone viene chiamata notte di Halloween) segna la fine dell\u2019anno vecchio e","breadcrumb":{"@id":"https:\/\/ilcrogiuolo.it\/it\/p\/rituale-di-halloween-ognissanti\/#breadcrumb"},"inLanguage":"it-IT","potentialAction":[{"@type":"ReadAction","target":["https:\/\/ilcrogiuolo.it\/it\/p\/rituale-di-halloween-ognissanti\/"]}]},{"@type":"ImageObject","inLanguage":"it-IT","@id":"https:\/\/ilcrogiuolo.it\/it\/p\/rituale-di-halloween-ognissanti\/#primaryimage","url":"https:\/\/ilcrogiuolo.it\/wp-content\/uploads\/2020\/01\/ritoognissanti_9839895.jpg","contentUrl":"https:\/\/ilcrogiuolo.it\/wp-content\/uploads\/2020\/01\/ritoognissanti_9839895.jpg","width":627,"height":600},{"@type":"BreadcrumbList","@id":"https:\/\/ilcrogiuolo.it\/it\/p\/rituale-di-halloween-ognissanti\/#breadcrumb","itemListElement":[{"@type":"ListItem","position":1,"name":"Home","item":"https:\/\/ilcrogiuolo.it\/it\/"},{"@type":"ListItem","position":2,"name":"Shop","item":"https:\/\/ilcrogiuolo.it\/it\/negozio\/"},{"@type":"ListItem","position":3,"name":"RITUALE DI HALLOWEEN &#8211; OGNISSANTI"}]},{"@type":"WebSite","@id":"https:\/\/ilcrogiuolo.it\/it\/#website","url":"https:\/\/ilcrogiuolo.it\/it\/","name":"Il Crogiuolo","description":"","publisher":{"@id":"https:\/\/ilcrogiuolo.it\/it\/#organization"},"potentialAction":[{"@type":"SearchAction","target":{"@type":"EntryPoint","urlTemplate":"https:\/\/ilcrogiuolo.it\/it\/?s={search_term_string}"},"query-input":{"@type":"PropertyValueSpecification","valueRequired":true,"valueName":"search_term_string"}}],"inLanguage":"it-IT"},{"@type":"Organization","@id":"https:\/\/ilcrogiuolo.it\/it\/#organization","name":"Il Crogiuolo","url":"https:\/\/ilcrogiuolo.it\/it\/","logo":{"@type":"ImageObject","inLanguage":"it-IT","@id":"https:\/\/ilcrogiuolo.it\/it\/#\/schema\/logo\/image\/","url":"https:\/\/ilcrogiuolo.it\/wp-content\/uploads\/2020\/04\/logo.png","contentUrl":"https:\/\/ilcrogiuolo.it\/wp-content\/uploads\/2020\/04\/logo.png","width":200,"height":49,"caption":"Il Crogiuolo"},"image":{"@id":"https:\/\/ilcrogiuolo.it\/it\/#\/schema\/logo\/image\/"},"sameAs":["https:\/\/www.facebook.com\/Il-Crogiuolo-681876418491758"]}]}},"_links":{"self":[{"href":"https:\/\/ilcrogiuolo.it\/it\/wp-json\/wp\/v2\/product\/6237","targetHints":{"allow":["GET"]}}],"collection":[{"href":"https:\/\/ilcrogiuolo.it\/it\/wp-json\/wp\/v2\/product"}],"about":[{"href":"https:\/\/ilcrogiuolo.it\/it\/wp-json\/wp\/v2\/types\/product"}],"wp:featuredmedia":[{"embeddable":true,"href":"https:\/\/ilcrogiuolo.it\/it\/wp-json\/wp\/v2\/media\/6238"}],"wp:attachment":[{"href":"https:\/\/ilcrogiuolo.it\/it\/wp-json\/wp\/v2\/media?parent=6237"}],"wp:term":[{"taxonomy":"product_brand","embeddable":true,"href":"https:\/\/ilcrogiuolo.it\/it\/wp-json\/wp\/v2\/product_brand?post=6237"},{"taxonomy":"product_cat","embeddable":true,"href":"https:\/\/ilcrogiuolo.it\/it\/wp-json\/wp\/v2\/product_cat?post=6237"},{"taxonomy":"product_tag","embeddable":true,"href":"https:\/\/ilcrogiuolo.it\/it\/wp-json\/wp\/v2\/product_tag?post=6237"}],"curies":[{"name":"wp","href":"https:\/\/api.w.org\/{rel}","templated":true}]}}