{"id":6195,"date":"2020-01-14T17:12:23","date_gmt":"2020-01-14T16:12:23","guid":{"rendered":"https:\/\/ilcrogiuolo.it\/p\/semi-di-oxumare-conf-2-pz\/"},"modified":"2024-09-26T13:49:30","modified_gmt":"2024-09-26T11:49:30","slug":"fava-di-oxumare-1-pz","status":"publish","type":"product","link":"https:\/\/ilcrogiuolo.it\/it\/p\/fava-di-oxumare-1-pz\/","title":{"rendered":"FAVA DI OXUMARE 1 PZ"},"content":{"rendered":"<p>Le fave di Oxumar\u00e8 sono semi che si impiegano nella ritualistica di fondamento nelle pratiche dedicate a questa entit\u00e0. Portate con se attirano il denaro e la prosperit\u00e0. Tenute nel registratore di cassa o nei cassetti dove si conserva il denaro favoriscono la prosperit\u00e0 e il successo.<\/p>\n","protected":false},"excerpt":{"rendered":"<p>Le fave di Oxumar\u00e8 sono semi che si impiegano nella ritualistica di fondamento nelle pratiche dedicate a questa entit\u00e0. Portate&#8230;<\/p>\n","protected":false},"featured_media":47404,"template":"","meta":{"_acf_changed":false},"product_brand":[],"product_cat":[1086,1357,1063],"product_tag":[],"class_list":{"0":"post-6195","1":"product","2":"type-product","3":"status-publish","4":"has-post-thumbnail","6":"product_cat-articoli-di-fondamento","7":"product_cat-semi-e-fave","8":"product_cat-strumenti-rituali","10":"first","11":"instock","12":"taxable","13":"shipping-taxable","14":"purchasable","15":"product-type-simple","16":"add-to-wishlist-before_image"},"acf":[],"yoast_head":"<!-- This site is optimized with the Yoast SEO plugin v26.9 - https:\/\/yoast.com\/product\/yoast-seo-wordpress\/ -->\n<title>FAVA DI OXUMARE 1 PZ - Il Crogiuolo<\/title>\n<meta name=\"description\" content=\"FAVA DI OXUMARE 1 PZ Le fave di Oxumar\u00e8 sono semi che si impiegano nella ritualistica di fondamento nelle pratiche dedicate a questa entit\u00e0. Portate con se attirano il denaro\" \/>\n<meta name=\"robots\" content=\"index, follow, max-snippet:-1, max-image-preview:large, max-video-preview:-1\" \/>\n<link rel=\"canonical\" href=\"https:\/\/ilcrogiuolo.it\/it\/p\/fava-di-oxumare-1-pz\/\" \/>\n<meta property=\"og:locale\" content=\"it_IT\" \/>\n<meta property=\"og:type\" content=\"article\" \/>\n<meta property=\"og:title\" content=\"FAVA DI OXUMARE 1 PZ - Il Crogiuolo\" \/>\n<meta property=\"og:description\" content=\"FAVA DI OXUMARE 1 PZ Le fave di Oxumar\u00e8 sono semi che si impiegano nella ritualistica di fondamento nelle pratiche dedicate a questa entit\u00e0. Portate con se attirano il denaro\" \/>\n<meta property=\"og:url\" content=\"https:\/\/ilcrogiuolo.it\/it\/p\/fava-di-oxumare-1-pz\/\" \/>\n<meta property=\"og:site_name\" content=\"Il Crogiuolo\" \/>\n<meta property=\"article:publisher\" content=\"https:\/\/www.facebook.com\/Il-Crogiuolo-681876418491758\" \/>\n<meta property=\"article:modified_time\" content=\"2024-09-26T11:49:30+00:00\" \/>\n<meta property=\"og:image\" content=\"https:\/\/ilcrogiuolo.it\/wp-content\/uploads\/2020\/01\/FAVA-OXUMARE.png\" \/>\n\t<meta property=\"og:image:width\" content=\"1140\" \/>\n\t<meta property=\"og:image:height\" content=\"1108\" \/>\n\t<meta property=\"og:image:type\" content=\"image\/png\" \/>\n<meta name=\"twitter:card\" content=\"summary_large_image\" \/>\n<meta name=\"twitter:label1\" content=\"Tempo di lettura stimato\" \/>\n\t<meta name=\"twitter:data1\" content=\"1 minuto\" \/>\n<script type=\"application\/ld+json\" class=\"yoast-schema-graph\">{\"@context\":\"https:\/\/schema.org\",\"@graph\":[{\"@type\":\"WebPage\",\"@id\":\"https:\/\/ilcrogiuolo.it\/it\/p\/fava-di-oxumare-1-pz\/\",\"url\":\"https:\/\/ilcrogiuolo.it\/it\/p\/fava-di-oxumare-1-pz\/\",\"name\":\"FAVA DI OXUMARE 1 PZ - Il Crogiuolo\",\"isPartOf\":{\"@id\":\"https:\/\/ilcrogiuolo.it\/it\/#website\"},\"primaryImageOfPage\":{\"@id\":\"https:\/\/ilcrogiuolo.it\/it\/p\/fava-di-oxumare-1-pz\/#primaryimage\"},\"image\":{\"@id\":\"https:\/\/ilcrogiuolo.it\/it\/p\/fava-di-oxumare-1-pz\/#primaryimage\"},\"thumbnailUrl\":\"https:\/\/ilcrogiuolo.it\/wp-content\/uploads\/2020\/01\/FAVA-OXUMARE.png\",\"datePublished\":\"2020-01-14T16:12:23+00:00\",\"dateModified\":\"2024-09-26T11:49:30+00:00\",\"description\":\"FAVA DI OXUMARE 1 PZ Le fave di Oxumar\u00e8 sono semi che si impiegano nella ritualistica di fondamento nelle pratiche dedicate a questa entit\u00e0. Portate con se attirano il denaro\",\"breadcrumb\":{\"@id\":\"https:\/\/ilcrogiuolo.it\/it\/p\/fava-di-oxumare-1-pz\/#breadcrumb\"},\"inLanguage\":\"it-IT\",\"potentialAction\":[{\"@type\":\"ReadAction\",\"target\":[\"https:\/\/ilcrogiuolo.it\/it\/p\/fava-di-oxumare-1-pz\/\"]}]},{\"@type\":\"ImageObject\",\"inLanguage\":\"it-IT\",\"@id\":\"https:\/\/ilcrogiuolo.it\/it\/p\/fava-di-oxumare-1-pz\/#primaryimage\",\"url\":\"https:\/\/ilcrogiuolo.it\/wp-content\/uploads\/2020\/01\/FAVA-OXUMARE.png\",\"contentUrl\":\"https:\/\/ilcrogiuolo.it\/wp-content\/uploads\/2020\/01\/FAVA-OXUMARE.png\",\"width\":1140,\"height\":1108},{\"@type\":\"BreadcrumbList\",\"@id\":\"https:\/\/ilcrogiuolo.it\/it\/p\/fava-di-oxumare-1-pz\/#breadcrumb\",\"itemListElement\":[{\"@type\":\"ListItem\",\"position\":1,\"name\":\"Home\",\"item\":\"https:\/\/ilcrogiuolo.it\/it\/\"},{\"@type\":\"ListItem\",\"position\":2,\"name\":\"Shop\",\"item\":\"https:\/\/ilcrogiuolo.it\/it\/negozio\/\"},{\"@type\":\"ListItem\",\"position\":3,\"name\":\"FAVA DI OXUMARE 1 PZ\"}]},{\"@type\":\"WebSite\",\"@id\":\"https:\/\/ilcrogiuolo.it\/it\/#website\",\"url\":\"https:\/\/ilcrogiuolo.it\/it\/\",\"name\":\"Il Crogiuolo\",\"description\":\"\",\"publisher\":{\"@id\":\"https:\/\/ilcrogiuolo.it\/it\/#organization\"},\"potentialAction\":[{\"@type\":\"SearchAction\",\"target\":{\"@type\":\"EntryPoint\",\"urlTemplate\":\"https:\/\/ilcrogiuolo.it\/it\/?s={search_term_string}\"},\"query-input\":{\"@type\":\"PropertyValueSpecification\",\"valueRequired\":true,\"valueName\":\"search_term_string\"}}],\"inLanguage\":\"it-IT\"},{\"@type\":\"Organization\",\"@id\":\"https:\/\/ilcrogiuolo.it\/it\/#organization\",\"name\":\"Il Crogiuolo\",\"url\":\"https:\/\/ilcrogiuolo.it\/it\/\",\"logo\":{\"@type\":\"ImageObject\",\"inLanguage\":\"it-IT\",\"@id\":\"https:\/\/ilcrogiuolo.it\/it\/#\/schema\/logo\/image\/\",\"url\":\"https:\/\/ilcrogiuolo.it\/wp-content\/uploads\/2020\/04\/logo.png\",\"contentUrl\":\"https:\/\/ilcrogiuolo.it\/wp-content\/uploads\/2020\/04\/logo.png\",\"width\":200,\"height\":49,\"caption\":\"Il Crogiuolo\"},\"image\":{\"@id\":\"https:\/\/ilcrogiuolo.it\/it\/#\/schema\/logo\/image\/\"},\"sameAs\":[\"https:\/\/www.facebook.com\/Il-Crogiuolo-681876418491758\"]}]}<\/script>\n<!-- \/ Yoast SEO plugin. -->","yoast_head_json":{"title":"FAVA DI OXUMARE 1 PZ - Il Crogiuolo","description":"FAVA DI OXUMARE 1 PZ Le fave di Oxumar\u00e8 sono semi che si impiegano nella ritualistica di fondamento nelle pratiche dedicate a questa entit\u00e0. Portate con se attirano il denaro","robots":{"index":"index","follow":"follow","max-snippet":"max-snippet:-1","max-image-preview":"max-image-preview:large","max-video-preview":"max-video-preview:-1"},"canonical":"https:\/\/ilcrogiuolo.it\/it\/p\/fava-di-oxumare-1-pz\/","og_locale":"it_IT","og_type":"article","og_title":"FAVA DI OXUMARE 1 PZ - Il Crogiuolo","og_description":"FAVA DI OXUMARE 1 PZ Le fave di Oxumar\u00e8 sono semi che si impiegano nella ritualistica di fondamento nelle pratiche dedicate a questa entit\u00e0. Portate con se attirano il denaro","og_url":"https:\/\/ilcrogiuolo.it\/it\/p\/fava-di-oxumare-1-pz\/","og_site_name":"Il Crogiuolo","article_publisher":"https:\/\/www.facebook.com\/Il-Crogiuolo-681876418491758","article_modified_time":"2024-09-26T11:49:30+00:00","og_image":[{"width":1140,"height":1108,"url":"https:\/\/ilcrogiuolo.it\/wp-content\/uploads\/2020\/01\/FAVA-OXUMARE.png","type":"image\/png"}],"twitter_card":"summary_large_image","twitter_misc":{"Tempo di lettura stimato":"1 minuto"},"schema":{"@context":"https:\/\/schema.org","@graph":[{"@type":"WebPage","@id":"https:\/\/ilcrogiuolo.it\/it\/p\/fava-di-oxumare-1-pz\/","url":"https:\/\/ilcrogiuolo.it\/it\/p\/fava-di-oxumare-1-pz\/","name":"FAVA DI OXUMARE 1 PZ - Il Crogiuolo","isPartOf":{"@id":"https:\/\/ilcrogiuolo.it\/it\/#website"},"primaryImageOfPage":{"@id":"https:\/\/ilcrogiuolo.it\/it\/p\/fava-di-oxumare-1-pz\/#primaryimage"},"image":{"@id":"https:\/\/ilcrogiuolo.it\/it\/p\/fava-di-oxumare-1-pz\/#primaryimage"},"thumbnailUrl":"https:\/\/ilcrogiuolo.it\/wp-content\/uploads\/2020\/01\/FAVA-OXUMARE.png","datePublished":"2020-01-14T16:12:23+00:00","dateModified":"2024-09-26T11:49:30+00:00","description":"FAVA DI OXUMARE 1 PZ Le fave di Oxumar\u00e8 sono semi che si impiegano nella ritualistica di fondamento nelle pratiche dedicate a questa entit\u00e0. Portate con se attirano il denaro","breadcrumb":{"@id":"https:\/\/ilcrogiuolo.it\/it\/p\/fava-di-oxumare-1-pz\/#breadcrumb"},"inLanguage":"it-IT","potentialAction":[{"@type":"ReadAction","target":["https:\/\/ilcrogiuolo.it\/it\/p\/fava-di-oxumare-1-pz\/"]}]},{"@type":"ImageObject","inLanguage":"it-IT","@id":"https:\/\/ilcrogiuolo.it\/it\/p\/fava-di-oxumare-1-pz\/#primaryimage","url":"https:\/\/ilcrogiuolo.it\/wp-content\/uploads\/2020\/01\/FAVA-OXUMARE.png","contentUrl":"https:\/\/ilcrogiuolo.it\/wp-content\/uploads\/2020\/01\/FAVA-OXUMARE.png","width":1140,"height":1108},{"@type":"BreadcrumbList","@id":"https:\/\/ilcrogiuolo.it\/it\/p\/fava-di-oxumare-1-pz\/#breadcrumb","itemListElement":[{"@type":"ListItem","position":1,"name":"Home","item":"https:\/\/ilcrogiuolo.it\/it\/"},{"@type":"ListItem","position":2,"name":"Shop","item":"https:\/\/ilcrogiuolo.it\/it\/negozio\/"},{"@type":"ListItem","position":3,"name":"FAVA DI OXUMARE 1 PZ"}]},{"@type":"WebSite","@id":"https:\/\/ilcrogiuolo.it\/it\/#website","url":"https:\/\/ilcrogiuolo.it\/it\/","name":"Il Crogiuolo","description":"","publisher":{"@id":"https:\/\/ilcrogiuolo.it\/it\/#organization"},"potentialAction":[{"@type":"SearchAction","target":{"@type":"EntryPoint","urlTemplate":"https:\/\/ilcrogiuolo.it\/it\/?s={search_term_string}"},"query-input":{"@type":"PropertyValueSpecification","valueRequired":true,"valueName":"search_term_string"}}],"inLanguage":"it-IT"},{"@type":"Organization","@id":"https:\/\/ilcrogiuolo.it\/it\/#organization","name":"Il Crogiuolo","url":"https:\/\/ilcrogiuolo.it\/it\/","logo":{"@type":"ImageObject","inLanguage":"it-IT","@id":"https:\/\/ilcrogiuolo.it\/it\/#\/schema\/logo\/image\/","url":"https:\/\/ilcrogiuolo.it\/wp-content\/uploads\/2020\/04\/logo.png","contentUrl":"https:\/\/ilcrogiuolo.it\/wp-content\/uploads\/2020\/04\/logo.png","width":200,"height":49,"caption":"Il Crogiuolo"},"image":{"@id":"https:\/\/ilcrogiuolo.it\/it\/#\/schema\/logo\/image\/"},"sameAs":["https:\/\/www.facebook.com\/Il-Crogiuolo-681876418491758"]}]}},"_links":{"self":[{"href":"https:\/\/ilcrogiuolo.it\/it\/wp-json\/wp\/v2\/product\/6195","targetHints":{"allow":["GET"]}}],"collection":[{"href":"https:\/\/ilcrogiuolo.it\/it\/wp-json\/wp\/v2\/product"}],"about":[{"href":"https:\/\/ilcrogiuolo.it\/it\/wp-json\/wp\/v2\/types\/product"}],"wp:featuredmedia":[{"embeddable":true,"href":"https:\/\/ilcrogiuolo.it\/it\/wp-json\/wp\/v2\/media\/47404"}],"wp:attachment":[{"href":"https:\/\/ilcrogiuolo.it\/it\/wp-json\/wp\/v2\/media?parent=6195"}],"wp:term":[{"taxonomy":"product_brand","embeddable":true,"href":"https:\/\/ilcrogiuolo.it\/it\/wp-json\/wp\/v2\/product_brand?post=6195"},{"taxonomy":"product_cat","embeddable":true,"href":"https:\/\/ilcrogiuolo.it\/it\/wp-json\/wp\/v2\/product_cat?post=6195"},{"taxonomy":"product_tag","embeddable":true,"href":"https:\/\/ilcrogiuolo.it\/it\/wp-json\/wp\/v2\/product_tag?post=6195"}],"curies":[{"name":"wp","href":"https:\/\/api.w.org\/{rel}","templated":true}]}}