{"id":6165,"date":"2020-01-14T17:12:17","date_gmt":"2020-01-14T16:12:17","guid":{"rendered":"https:\/\/ilcrogiuolo.it\/p\/cofanetto-il-sentiero-del-reale-mazzo-di-carte-con-libro\/"},"modified":"2020-07-31T12:44:05","modified_gmt":"2020-07-31T10:44:05","slug":"cofanetto-il-sentiero-del-reale-mazzo-di-carte-con-libro","status":"publish","type":"product","link":"https:\/\/ilcrogiuolo.it\/it\/p\/cofanetto-il-sentiero-del-reale-mazzo-di-carte-con-libro\/","title":{"rendered":"COFANETTO IL SENTIERO DEL REALE &#8211; MAZZO DI CARTE CON LIBRO"},"content":{"rendered":"<p><strong>Il Sentiero del Reale<\/strong> <i>CO 009<\/i><br \/>\nLibro: Il Sentiero del Reale di Osho 96 pagine &#8211; bianco e nero<b> <\/b><br \/>\n<i>Carte: Il Sentiero del Reale 56 carte &#8211; 62&#215;108 mm.<br \/>\nDisponibile in: It.<\/i><\/p>\n<p>L&#8217;invito di Osho, moderno Maestro di realt\u00e0, \u00e8 semplice: assumersi la responsabilit\u00e0 della propria esistenza, con il coraggio che solo la meditazione, cio\u00e8 la scienza della trasformazione interiore, pu\u00f2 trasmettere. Le carte della consapevolezza tantrica possono essere utilizzate da sole, o abbinate a &#8220;Il Sentiero dell&#8217;Essere&#8221;.<\/p>\n","protected":false},"excerpt":{"rendered":"<p>Il Sentiero del Reale CO 009 Libro: Il Sentiero del Reale di Osho 96 pagine &#8211; bianco e nero Carte:&#8230;<\/p>\n","protected":false},"featured_media":22281,"template":"","meta":{"_acf_changed":false},"product_brand":[],"product_cat":[1088,1376,1062],"product_tag":[],"class_list":{"0":"post-6165","1":"product","2":"type-product","3":"status-publish","4":"has-post-thumbnail","6":"product_cat-tarocchi-sibille-oracoli","7":"product_cat-cofanetti-con-tarocchi-pendoli-libro-e-mazzo-di-carte","8":"product_cat-divinazione","10":"first","11":"outofstock","12":"taxable","13":"shipping-taxable","14":"purchasable","15":"product-type-simple","16":"add-to-wishlist-before_image"},"acf":[],"yoast_head":"<!-- This site is optimized with the Yoast SEO plugin v26.9 - https:\/\/yoast.com\/product\/yoast-seo-wordpress\/ -->\n<title>COFANETTO IL SENTIERO DEL REALE - MAZZO DI CARTE CON LIBRO - Il Crogiuolo<\/title>\n<meta name=\"description\" content=\"COFANETTO IL SENTIERO DEL REALE - MAZZO DI CARTE CON LIBRO Il Sentiero del Reale CO 009 Libro: Il Sentiero del Reale di Osho 96 pagine - bianco e nero Carte: Il Sentiero del Reale 56 carte - 62x108 mm. Disponibile\" \/>\n<meta name=\"robots\" content=\"index, follow, max-snippet:-1, max-image-preview:large, max-video-preview:-1\" \/>\n<link rel=\"canonical\" href=\"https:\/\/ilcrogiuolo.it\/it\/p\/cofanetto-il-sentiero-del-reale-mazzo-di-carte-con-libro\/\" \/>\n<meta property=\"og:locale\" content=\"it_IT\" \/>\n<meta property=\"og:type\" content=\"article\" \/>\n<meta property=\"og:title\" content=\"COFANETTO IL SENTIERO DEL REALE - MAZZO DI CARTE CON LIBRO - Il Crogiuolo\" \/>\n<meta property=\"og:description\" content=\"COFANETTO IL SENTIERO DEL REALE - MAZZO DI CARTE CON LIBRO Il Sentiero del Reale CO 009 Libro: Il Sentiero del Reale di Osho 96 pagine - bianco e nero Carte: Il Sentiero del Reale 56 carte - 62x108 mm. Disponibile\" \/>\n<meta property=\"og:url\" content=\"https:\/\/ilcrogiuolo.it\/it\/p\/cofanetto-il-sentiero-del-reale-mazzo-di-carte-con-libro\/\" \/>\n<meta property=\"og:site_name\" content=\"Il Crogiuolo\" \/>\n<meta property=\"article:publisher\" content=\"https:\/\/www.facebook.com\/Il-Crogiuolo-681876418491758\" \/>\n<meta property=\"article:modified_time\" content=\"2020-07-31T10:44:05+00:00\" \/>\n<meta property=\"og:image\" content=\"https:\/\/ilcrogiuolo.it\/wp-content\/uploads\/2020\/01\/osho.jpg\" \/>\n\t<meta property=\"og:image:width\" content=\"627\" \/>\n\t<meta property=\"og:image:height\" content=\"600\" \/>\n\t<meta property=\"og:image:type\" content=\"image\/jpeg\" \/>\n<meta name=\"twitter:card\" content=\"summary_large_image\" \/>\n<script type=\"application\/ld+json\" class=\"yoast-schema-graph\">{\"@context\":\"https:\/\/schema.org\",\"@graph\":[{\"@type\":\"WebPage\",\"@id\":\"https:\/\/ilcrogiuolo.it\/it\/p\/cofanetto-il-sentiero-del-reale-mazzo-di-carte-con-libro\/\",\"url\":\"https:\/\/ilcrogiuolo.it\/it\/p\/cofanetto-il-sentiero-del-reale-mazzo-di-carte-con-libro\/\",\"name\":\"COFANETTO IL SENTIERO DEL REALE - MAZZO DI CARTE CON LIBRO - Il Crogiuolo\",\"isPartOf\":{\"@id\":\"https:\/\/ilcrogiuolo.it\/it\/#website\"},\"primaryImageOfPage\":{\"@id\":\"https:\/\/ilcrogiuolo.it\/it\/p\/cofanetto-il-sentiero-del-reale-mazzo-di-carte-con-libro\/#primaryimage\"},\"image\":{\"@id\":\"https:\/\/ilcrogiuolo.it\/it\/p\/cofanetto-il-sentiero-del-reale-mazzo-di-carte-con-libro\/#primaryimage\"},\"thumbnailUrl\":\"https:\/\/ilcrogiuolo.it\/wp-content\/uploads\/2020\/01\/osho.jpg\",\"datePublished\":\"2020-01-14T16:12:17+00:00\",\"dateModified\":\"2020-07-31T10:44:05+00:00\",\"description\":\"COFANETTO IL SENTIERO DEL REALE - MAZZO DI CARTE CON LIBRO Il Sentiero del Reale CO 009 Libro: Il Sentiero del Reale di Osho 96 pagine - bianco e nero Carte: Il Sentiero del Reale 56 carte - 62x108 mm. Disponibile\",\"breadcrumb\":{\"@id\":\"https:\/\/ilcrogiuolo.it\/it\/p\/cofanetto-il-sentiero-del-reale-mazzo-di-carte-con-libro\/#breadcrumb\"},\"inLanguage\":\"it-IT\",\"potentialAction\":[{\"@type\":\"ReadAction\",\"target\":[\"https:\/\/ilcrogiuolo.it\/it\/p\/cofanetto-il-sentiero-del-reale-mazzo-di-carte-con-libro\/\"]}]},{\"@type\":\"ImageObject\",\"inLanguage\":\"it-IT\",\"@id\":\"https:\/\/ilcrogiuolo.it\/it\/p\/cofanetto-il-sentiero-del-reale-mazzo-di-carte-con-libro\/#primaryimage\",\"url\":\"https:\/\/ilcrogiuolo.it\/wp-content\/uploads\/2020\/01\/osho.jpg\",\"contentUrl\":\"https:\/\/ilcrogiuolo.it\/wp-content\/uploads\/2020\/01\/osho.jpg\",\"width\":627,\"height\":600},{\"@type\":\"BreadcrumbList\",\"@id\":\"https:\/\/ilcrogiuolo.it\/it\/p\/cofanetto-il-sentiero-del-reale-mazzo-di-carte-con-libro\/#breadcrumb\",\"itemListElement\":[{\"@type\":\"ListItem\",\"position\":1,\"name\":\"Home\",\"item\":\"https:\/\/ilcrogiuolo.it\/it\/\"},{\"@type\":\"ListItem\",\"position\":2,\"name\":\"Shop\",\"item\":\"https:\/\/ilcrogiuolo.it\/it\/negozio\/\"},{\"@type\":\"ListItem\",\"position\":3,\"name\":\"COFANETTO IL SENTIERO DEL REALE &#8211; MAZZO DI CARTE CON LIBRO\"}]},{\"@type\":\"WebSite\",\"@id\":\"https:\/\/ilcrogiuolo.it\/it\/#website\",\"url\":\"https:\/\/ilcrogiuolo.it\/it\/\",\"name\":\"Il Crogiuolo\",\"description\":\"\",\"publisher\":{\"@id\":\"https:\/\/ilcrogiuolo.it\/it\/#organization\"},\"potentialAction\":[{\"@type\":\"SearchAction\",\"target\":{\"@type\":\"EntryPoint\",\"urlTemplate\":\"https:\/\/ilcrogiuolo.it\/it\/?s={search_term_string}\"},\"query-input\":{\"@type\":\"PropertyValueSpecification\",\"valueRequired\":true,\"valueName\":\"search_term_string\"}}],\"inLanguage\":\"it-IT\"},{\"@type\":\"Organization\",\"@id\":\"https:\/\/ilcrogiuolo.it\/it\/#organization\",\"name\":\"Il Crogiuolo\",\"url\":\"https:\/\/ilcrogiuolo.it\/it\/\",\"logo\":{\"@type\":\"ImageObject\",\"inLanguage\":\"it-IT\",\"@id\":\"https:\/\/ilcrogiuolo.it\/it\/#\/schema\/logo\/image\/\",\"url\":\"https:\/\/ilcrogiuolo.it\/wp-content\/uploads\/2020\/04\/logo.png\",\"contentUrl\":\"https:\/\/ilcrogiuolo.it\/wp-content\/uploads\/2020\/04\/logo.png\",\"width\":200,\"height\":49,\"caption\":\"Il Crogiuolo\"},\"image\":{\"@id\":\"https:\/\/ilcrogiuolo.it\/it\/#\/schema\/logo\/image\/\"},\"sameAs\":[\"https:\/\/www.facebook.com\/Il-Crogiuolo-681876418491758\"]}]}<\/script>\n<!-- \/ Yoast SEO plugin. -->","yoast_head_json":{"title":"COFANETTO IL SENTIERO DEL REALE - MAZZO DI CARTE CON LIBRO - Il Crogiuolo","description":"COFANETTO IL SENTIERO DEL REALE - MAZZO DI CARTE CON LIBRO Il Sentiero del Reale CO 009 Libro: Il Sentiero del Reale di Osho 96 pagine - bianco e nero Carte: Il Sentiero del Reale 56 carte - 62x108 mm. Disponibile","robots":{"index":"index","follow":"follow","max-snippet":"max-snippet:-1","max-image-preview":"max-image-preview:large","max-video-preview":"max-video-preview:-1"},"canonical":"https:\/\/ilcrogiuolo.it\/it\/p\/cofanetto-il-sentiero-del-reale-mazzo-di-carte-con-libro\/","og_locale":"it_IT","og_type":"article","og_title":"COFANETTO IL SENTIERO DEL REALE - MAZZO DI CARTE CON LIBRO - Il Crogiuolo","og_description":"COFANETTO IL SENTIERO DEL REALE - MAZZO DI CARTE CON LIBRO Il Sentiero del Reale CO 009 Libro: Il Sentiero del Reale di Osho 96 pagine - bianco e nero Carte: Il Sentiero del Reale 56 carte - 62x108 mm. Disponibile","og_url":"https:\/\/ilcrogiuolo.it\/it\/p\/cofanetto-il-sentiero-del-reale-mazzo-di-carte-con-libro\/","og_site_name":"Il Crogiuolo","article_publisher":"https:\/\/www.facebook.com\/Il-Crogiuolo-681876418491758","article_modified_time":"2020-07-31T10:44:05+00:00","og_image":[{"width":627,"height":600,"url":"https:\/\/ilcrogiuolo.it\/wp-content\/uploads\/2020\/01\/osho.jpg","type":"image\/jpeg"}],"twitter_card":"summary_large_image","schema":{"@context":"https:\/\/schema.org","@graph":[{"@type":"WebPage","@id":"https:\/\/ilcrogiuolo.it\/it\/p\/cofanetto-il-sentiero-del-reale-mazzo-di-carte-con-libro\/","url":"https:\/\/ilcrogiuolo.it\/it\/p\/cofanetto-il-sentiero-del-reale-mazzo-di-carte-con-libro\/","name":"COFANETTO IL SENTIERO DEL REALE - MAZZO DI CARTE CON LIBRO - Il Crogiuolo","isPartOf":{"@id":"https:\/\/ilcrogiuolo.it\/it\/#website"},"primaryImageOfPage":{"@id":"https:\/\/ilcrogiuolo.it\/it\/p\/cofanetto-il-sentiero-del-reale-mazzo-di-carte-con-libro\/#primaryimage"},"image":{"@id":"https:\/\/ilcrogiuolo.it\/it\/p\/cofanetto-il-sentiero-del-reale-mazzo-di-carte-con-libro\/#primaryimage"},"thumbnailUrl":"https:\/\/ilcrogiuolo.it\/wp-content\/uploads\/2020\/01\/osho.jpg","datePublished":"2020-01-14T16:12:17+00:00","dateModified":"2020-07-31T10:44:05+00:00","description":"COFANETTO IL SENTIERO DEL REALE - MAZZO DI CARTE CON LIBRO Il Sentiero del Reale CO 009 Libro: Il Sentiero del Reale di Osho 96 pagine - bianco e nero Carte: Il Sentiero del Reale 56 carte - 62x108 mm. Disponibile","breadcrumb":{"@id":"https:\/\/ilcrogiuolo.it\/it\/p\/cofanetto-il-sentiero-del-reale-mazzo-di-carte-con-libro\/#breadcrumb"},"inLanguage":"it-IT","potentialAction":[{"@type":"ReadAction","target":["https:\/\/ilcrogiuolo.it\/it\/p\/cofanetto-il-sentiero-del-reale-mazzo-di-carte-con-libro\/"]}]},{"@type":"ImageObject","inLanguage":"it-IT","@id":"https:\/\/ilcrogiuolo.it\/it\/p\/cofanetto-il-sentiero-del-reale-mazzo-di-carte-con-libro\/#primaryimage","url":"https:\/\/ilcrogiuolo.it\/wp-content\/uploads\/2020\/01\/osho.jpg","contentUrl":"https:\/\/ilcrogiuolo.it\/wp-content\/uploads\/2020\/01\/osho.jpg","width":627,"height":600},{"@type":"BreadcrumbList","@id":"https:\/\/ilcrogiuolo.it\/it\/p\/cofanetto-il-sentiero-del-reale-mazzo-di-carte-con-libro\/#breadcrumb","itemListElement":[{"@type":"ListItem","position":1,"name":"Home","item":"https:\/\/ilcrogiuolo.it\/it\/"},{"@type":"ListItem","position":2,"name":"Shop","item":"https:\/\/ilcrogiuolo.it\/it\/negozio\/"},{"@type":"ListItem","position":3,"name":"COFANETTO IL SENTIERO DEL REALE &#8211; MAZZO DI CARTE CON LIBRO"}]},{"@type":"WebSite","@id":"https:\/\/ilcrogiuolo.it\/it\/#website","url":"https:\/\/ilcrogiuolo.it\/it\/","name":"Il Crogiuolo","description":"","publisher":{"@id":"https:\/\/ilcrogiuolo.it\/it\/#organization"},"potentialAction":[{"@type":"SearchAction","target":{"@type":"EntryPoint","urlTemplate":"https:\/\/ilcrogiuolo.it\/it\/?s={search_term_string}"},"query-input":{"@type":"PropertyValueSpecification","valueRequired":true,"valueName":"search_term_string"}}],"inLanguage":"it-IT"},{"@type":"Organization","@id":"https:\/\/ilcrogiuolo.it\/it\/#organization","name":"Il Crogiuolo","url":"https:\/\/ilcrogiuolo.it\/it\/","logo":{"@type":"ImageObject","inLanguage":"it-IT","@id":"https:\/\/ilcrogiuolo.it\/it\/#\/schema\/logo\/image\/","url":"https:\/\/ilcrogiuolo.it\/wp-content\/uploads\/2020\/04\/logo.png","contentUrl":"https:\/\/ilcrogiuolo.it\/wp-content\/uploads\/2020\/04\/logo.png","width":200,"height":49,"caption":"Il Crogiuolo"},"image":{"@id":"https:\/\/ilcrogiuolo.it\/it\/#\/schema\/logo\/image\/"},"sameAs":["https:\/\/www.facebook.com\/Il-Crogiuolo-681876418491758"]}]}},"_links":{"self":[{"href":"https:\/\/ilcrogiuolo.it\/it\/wp-json\/wp\/v2\/product\/6165","targetHints":{"allow":["GET"]}}],"collection":[{"href":"https:\/\/ilcrogiuolo.it\/it\/wp-json\/wp\/v2\/product"}],"about":[{"href":"https:\/\/ilcrogiuolo.it\/it\/wp-json\/wp\/v2\/types\/product"}],"wp:featuredmedia":[{"embeddable":true,"href":"https:\/\/ilcrogiuolo.it\/it\/wp-json\/wp\/v2\/media\/22281"}],"wp:attachment":[{"href":"https:\/\/ilcrogiuolo.it\/it\/wp-json\/wp\/v2\/media?parent=6165"}],"wp:term":[{"taxonomy":"product_brand","embeddable":true,"href":"https:\/\/ilcrogiuolo.it\/it\/wp-json\/wp\/v2\/product_brand?post=6165"},{"taxonomy":"product_cat","embeddable":true,"href":"https:\/\/ilcrogiuolo.it\/it\/wp-json\/wp\/v2\/product_cat?post=6165"},{"taxonomy":"product_tag","embeddable":true,"href":"https:\/\/ilcrogiuolo.it\/it\/wp-json\/wp\/v2\/product_tag?post=6165"}],"curies":[{"name":"wp","href":"https:\/\/api.w.org\/{rel}","templated":true}]}}