{"id":6159,"date":"2020-01-14T17:12:17","date_gmt":"2020-01-14T16:12:17","guid":{"rendered":"https:\/\/ilcrogiuolo.it\/p\/tarocchi-e-orixas-pagine-364-formato-cartaceo\/"},"modified":"2023-04-05T16:06:02","modified_gmt":"2023-04-05T14:06:02","slug":"tarocchi-e-orixas-pagine-364-formato-cartaceo","status":"publish","type":"product","link":"https:\/\/ilcrogiuolo.it\/it\/p\/tarocchi-e-orixas-pagine-364-formato-cartaceo\/","title":{"rendered":"TAROCCHI E ORIXAS &#8211; PAGINE 364 &#8211; FORMATO CARTACEO"},"content":{"rendered":"<p><span style=\"font-family: arial, helvetica, sans-serif;\">Fiumi d\u2019inchiostro, nel corso dei secoli, hanno vergato pagine e pergamene, circa la storia dei Tarocchi, la loro simbologia ermetica, le loro origini, il loro mistero, ora false, ora speculative, ora vere. Solo il Mito, con le sue implicanze ermetiche, potrebbe rendere ragione circa le origini di questo mazzo di carte, dando la possibilit\u00e0 di interpretare la simbologia delle varie Lame senza privarle del mistero che le contraddistingue. I Tarocchi vengono fatti risalire alle fonti pi\u00f9 disparate. La tradizione vuole che gli Arcani affondino le proprie origini nell\u2019antico Egitto e da li si siano diffusi presso i Caldei, gli Ebrei, cavalcando i secoli e arricchendosi di un bagaglio culturale ed esoterico incredibilmente ricco e vasto. Jung, uno dei padri della psicanalisi, trov\u00f2 nei 22 Trionfi dei Tarocchi, un ulteriore fondamento alla sua Teoria degli Archetipi, piacevolmente sorpreso della loro accuratezza simbolica e dell\u2019alto potere evocativo insito in ogni carta. E ancora oggi, le Lame dell\u2019Antico di Toth, ci parlano, attraverso i loro simboli, con un linguaggio che si \u00e8 evoluto in ragione dei tempi, ora con la voce soave delle Stelle, ora con quella greve dell\u2019Eremita, ricordandoci la nostra natura e il nostro fine ultimo, anche nella pi\u00f9 squisita quotidianit\u00e0. Il metodo di interpretazione offerto in questo testo \u00e8 unico, le Lame sono state associate infatti ai grandi Orix\u00e0s dell\u2019Umbanda, spiriti vivi e Avatar di una delle tradizioni esoteriche pi\u00f9 affascinanti, quella Afrobrasiliana, che coniuga le antiche conoscenze dell\u2019Africa alla cultura Occidentale, arricchendola di nuovi significati ed elementi interpretativi, per Il Crogiuolo\u00ae Tarocchi e Orix\u00e0s 3 avere una visione globale della realt\u00e0. Strumento divinatorio principe, certo, ma anche metodo per raggiungere l\u2019Illuminazione attraverso la conoscenza del S\u00e9, i Tarocchi associati agli Orix\u00e0s, vi apriranno a nuovi schemi interpretativi, permettendovi di accedere a Verit\u00e0 finora disponibili solo agli iniziati. Ex\u00f9, intermediario fra il mondo dei vivi e quello degli spiriti, vi accompagner\u00e0, sorridendo dietro la carta numero 0, quella del Matto, principio e fine di ogni viaggio. <\/span><\/p>\n<p><span style=\"font-family: Arial;\">364 PAGINE<\/span><\/p>\n<p align=\"right\"><span style=\"font-family: arial, helvetica, sans-serif;\"><em>Ombretta Boselli<\/em> <\/span><\/p>\n","protected":false},"excerpt":{"rendered":"<p>Fiumi d\u2019inchiostro, nel corso dei secoli, hanno vergato pagine e pergamene, circa la storia dei Tarocchi, la loro simbologia ermetica,&#8230;<\/p>\n","protected":false},"featured_media":41828,"template":"","meta":{"_acf_changed":false},"product_brand":[],"product_cat":[1077,1269,1060],"product_tag":[],"class_list":{"0":"post-6159","1":"product","2":"type-product","3":"status-publish","4":"has-post-thumbnail","6":"product_cat-libreria-esoterica-libreria-esoterica","7":"product_cat-edizioni-il-crogiuolo-corsi-e-libri","8":"product_cat-libreria-esoterica","10":"first","11":"instock","12":"taxable","13":"shipping-taxable","14":"purchasable","15":"product-type-simple","16":"add-to-wishlist-before_image"},"acf":[],"yoast_head":"<!-- This site is optimized with the Yoast SEO plugin v26.9 - https:\/\/yoast.com\/product\/yoast-seo-wordpress\/ -->\n<title>TAROCCHI E ORIXAS - PAGINE 364 - FORMATO CARTACEO - Il Crogiuolo<\/title>\n<meta name=\"description\" content=\"TAROCCHI E ORIXAS - PAGINE 364 - FORMATO CARTACEO Fiumi d\u2019inchiostro, nel corso dei secoli, hanno vergato pagine e pergamene, circa la storia dei Tarocchi, la loro simbologia ermetica, le loro origini, il\" \/>\n<meta name=\"robots\" content=\"index, follow, max-snippet:-1, max-image-preview:large, max-video-preview:-1\" \/>\n<link rel=\"canonical\" href=\"https:\/\/ilcrogiuolo.it\/it\/p\/tarocchi-e-orixas-pagine-364-formato-cartaceo\/\" \/>\n<meta property=\"og:locale\" content=\"it_IT\" \/>\n<meta property=\"og:type\" content=\"article\" \/>\n<meta property=\"og:title\" content=\"TAROCCHI E ORIXAS - PAGINE 364 - FORMATO CARTACEO - Il Crogiuolo\" \/>\n<meta property=\"og:description\" content=\"TAROCCHI E ORIXAS - PAGINE 364 - FORMATO CARTACEO Fiumi d\u2019inchiostro, nel corso dei secoli, hanno vergato pagine e pergamene, circa la storia dei Tarocchi, la loro simbologia ermetica, le loro origini, il\" \/>\n<meta property=\"og:url\" content=\"https:\/\/ilcrogiuolo.it\/it\/p\/tarocchi-e-orixas-pagine-364-formato-cartaceo\/\" \/>\n<meta property=\"og:site_name\" content=\"Il Crogiuolo\" \/>\n<meta property=\"article:publisher\" content=\"https:\/\/www.facebook.com\/Il-Crogiuolo-681876418491758\" \/>\n<meta property=\"article:modified_time\" content=\"2023-04-05T14:06:02+00:00\" \/>\n<meta property=\"og:image\" content=\"https:\/\/ilcrogiuolo.it\/wp-content\/uploads\/2020\/01\/TAROCCHI-E-ORIXAS.png\" \/>\n\t<meta property=\"og:image:width\" content=\"924\" \/>\n\t<meta property=\"og:image:height\" content=\"898\" \/>\n\t<meta property=\"og:image:type\" content=\"image\/png\" \/>\n<meta name=\"twitter:card\" content=\"summary_large_image\" \/>\n<meta name=\"twitter:label1\" content=\"Tempo di lettura stimato\" \/>\n\t<meta name=\"twitter:data1\" content=\"2 minuti\" \/>\n<script type=\"application\/ld+json\" class=\"yoast-schema-graph\">{\"@context\":\"https:\/\/schema.org\",\"@graph\":[{\"@type\":\"WebPage\",\"@id\":\"https:\/\/ilcrogiuolo.it\/it\/p\/tarocchi-e-orixas-pagine-364-formato-cartaceo\/\",\"url\":\"https:\/\/ilcrogiuolo.it\/it\/p\/tarocchi-e-orixas-pagine-364-formato-cartaceo\/\",\"name\":\"TAROCCHI E ORIXAS - PAGINE 364 - FORMATO CARTACEO - Il Crogiuolo\",\"isPartOf\":{\"@id\":\"https:\/\/ilcrogiuolo.it\/it\/#website\"},\"primaryImageOfPage\":{\"@id\":\"https:\/\/ilcrogiuolo.it\/it\/p\/tarocchi-e-orixas-pagine-364-formato-cartaceo\/#primaryimage\"},\"image\":{\"@id\":\"https:\/\/ilcrogiuolo.it\/it\/p\/tarocchi-e-orixas-pagine-364-formato-cartaceo\/#primaryimage\"},\"thumbnailUrl\":\"https:\/\/ilcrogiuolo.it\/wp-content\/uploads\/2020\/01\/TAROCCHI-E-ORIXAS.png\",\"datePublished\":\"2020-01-14T16:12:17+00:00\",\"dateModified\":\"2023-04-05T14:06:02+00:00\",\"description\":\"TAROCCHI E ORIXAS - PAGINE 364 - FORMATO CARTACEO Fiumi d\u2019inchiostro, nel corso dei secoli, hanno vergato pagine e pergamene, circa la storia dei Tarocchi, la loro simbologia ermetica, le loro origini, il\",\"breadcrumb\":{\"@id\":\"https:\/\/ilcrogiuolo.it\/it\/p\/tarocchi-e-orixas-pagine-364-formato-cartaceo\/#breadcrumb\"},\"inLanguage\":\"it-IT\",\"potentialAction\":[{\"@type\":\"ReadAction\",\"target\":[\"https:\/\/ilcrogiuolo.it\/it\/p\/tarocchi-e-orixas-pagine-364-formato-cartaceo\/\"]}]},{\"@type\":\"ImageObject\",\"inLanguage\":\"it-IT\",\"@id\":\"https:\/\/ilcrogiuolo.it\/it\/p\/tarocchi-e-orixas-pagine-364-formato-cartaceo\/#primaryimage\",\"url\":\"https:\/\/ilcrogiuolo.it\/wp-content\/uploads\/2020\/01\/TAROCCHI-E-ORIXAS.png\",\"contentUrl\":\"https:\/\/ilcrogiuolo.it\/wp-content\/uploads\/2020\/01\/TAROCCHI-E-ORIXAS.png\",\"width\":924,\"height\":898},{\"@type\":\"BreadcrumbList\",\"@id\":\"https:\/\/ilcrogiuolo.it\/it\/p\/tarocchi-e-orixas-pagine-364-formato-cartaceo\/#breadcrumb\",\"itemListElement\":[{\"@type\":\"ListItem\",\"position\":1,\"name\":\"Home\",\"item\":\"https:\/\/ilcrogiuolo.it\/it\/\"},{\"@type\":\"ListItem\",\"position\":2,\"name\":\"Shop\",\"item\":\"https:\/\/ilcrogiuolo.it\/it\/negozio\/\"},{\"@type\":\"ListItem\",\"position\":3,\"name\":\"TAROCCHI E ORIXAS &#8211; PAGINE 364 &#8211; FORMATO CARTACEO\"}]},{\"@type\":\"WebSite\",\"@id\":\"https:\/\/ilcrogiuolo.it\/it\/#website\",\"url\":\"https:\/\/ilcrogiuolo.it\/it\/\",\"name\":\"Il Crogiuolo\",\"description\":\"\",\"publisher\":{\"@id\":\"https:\/\/ilcrogiuolo.it\/it\/#organization\"},\"potentialAction\":[{\"@type\":\"SearchAction\",\"target\":{\"@type\":\"EntryPoint\",\"urlTemplate\":\"https:\/\/ilcrogiuolo.it\/it\/?s={search_term_string}\"},\"query-input\":{\"@type\":\"PropertyValueSpecification\",\"valueRequired\":true,\"valueName\":\"search_term_string\"}}],\"inLanguage\":\"it-IT\"},{\"@type\":\"Organization\",\"@id\":\"https:\/\/ilcrogiuolo.it\/it\/#organization\",\"name\":\"Il Crogiuolo\",\"url\":\"https:\/\/ilcrogiuolo.it\/it\/\",\"logo\":{\"@type\":\"ImageObject\",\"inLanguage\":\"it-IT\",\"@id\":\"https:\/\/ilcrogiuolo.it\/it\/#\/schema\/logo\/image\/\",\"url\":\"https:\/\/ilcrogiuolo.it\/wp-content\/uploads\/2020\/04\/logo.png\",\"contentUrl\":\"https:\/\/ilcrogiuolo.it\/wp-content\/uploads\/2020\/04\/logo.png\",\"width\":200,\"height\":49,\"caption\":\"Il Crogiuolo\"},\"image\":{\"@id\":\"https:\/\/ilcrogiuolo.it\/it\/#\/schema\/logo\/image\/\"},\"sameAs\":[\"https:\/\/www.facebook.com\/Il-Crogiuolo-681876418491758\"]}]}<\/script>\n<!-- \/ Yoast SEO plugin. -->","yoast_head_json":{"title":"TAROCCHI E ORIXAS - PAGINE 364 - FORMATO CARTACEO - Il Crogiuolo","description":"TAROCCHI E ORIXAS - PAGINE 364 - FORMATO CARTACEO Fiumi d\u2019inchiostro, nel corso dei secoli, hanno vergato pagine e pergamene, circa la storia dei Tarocchi, la loro simbologia ermetica, le loro origini, il","robots":{"index":"index","follow":"follow","max-snippet":"max-snippet:-1","max-image-preview":"max-image-preview:large","max-video-preview":"max-video-preview:-1"},"canonical":"https:\/\/ilcrogiuolo.it\/it\/p\/tarocchi-e-orixas-pagine-364-formato-cartaceo\/","og_locale":"it_IT","og_type":"article","og_title":"TAROCCHI E ORIXAS - PAGINE 364 - FORMATO CARTACEO - Il Crogiuolo","og_description":"TAROCCHI E ORIXAS - PAGINE 364 - FORMATO CARTACEO Fiumi d\u2019inchiostro, nel corso dei secoli, hanno vergato pagine e pergamene, circa la storia dei Tarocchi, la loro simbologia ermetica, le loro origini, il","og_url":"https:\/\/ilcrogiuolo.it\/it\/p\/tarocchi-e-orixas-pagine-364-formato-cartaceo\/","og_site_name":"Il Crogiuolo","article_publisher":"https:\/\/www.facebook.com\/Il-Crogiuolo-681876418491758","article_modified_time":"2023-04-05T14:06:02+00:00","og_image":[{"width":924,"height":898,"url":"https:\/\/ilcrogiuolo.it\/wp-content\/uploads\/2020\/01\/TAROCCHI-E-ORIXAS.png","type":"image\/png"}],"twitter_card":"summary_large_image","twitter_misc":{"Tempo di lettura stimato":"2 minuti"},"schema":{"@context":"https:\/\/schema.org","@graph":[{"@type":"WebPage","@id":"https:\/\/ilcrogiuolo.it\/it\/p\/tarocchi-e-orixas-pagine-364-formato-cartaceo\/","url":"https:\/\/ilcrogiuolo.it\/it\/p\/tarocchi-e-orixas-pagine-364-formato-cartaceo\/","name":"TAROCCHI E ORIXAS - PAGINE 364 - FORMATO CARTACEO - Il Crogiuolo","isPartOf":{"@id":"https:\/\/ilcrogiuolo.it\/it\/#website"},"primaryImageOfPage":{"@id":"https:\/\/ilcrogiuolo.it\/it\/p\/tarocchi-e-orixas-pagine-364-formato-cartaceo\/#primaryimage"},"image":{"@id":"https:\/\/ilcrogiuolo.it\/it\/p\/tarocchi-e-orixas-pagine-364-formato-cartaceo\/#primaryimage"},"thumbnailUrl":"https:\/\/ilcrogiuolo.it\/wp-content\/uploads\/2020\/01\/TAROCCHI-E-ORIXAS.png","datePublished":"2020-01-14T16:12:17+00:00","dateModified":"2023-04-05T14:06:02+00:00","description":"TAROCCHI E ORIXAS - PAGINE 364 - FORMATO CARTACEO Fiumi d\u2019inchiostro, nel corso dei secoli, hanno vergato pagine e pergamene, circa la storia dei Tarocchi, la loro simbologia ermetica, le loro origini, il","breadcrumb":{"@id":"https:\/\/ilcrogiuolo.it\/it\/p\/tarocchi-e-orixas-pagine-364-formato-cartaceo\/#breadcrumb"},"inLanguage":"it-IT","potentialAction":[{"@type":"ReadAction","target":["https:\/\/ilcrogiuolo.it\/it\/p\/tarocchi-e-orixas-pagine-364-formato-cartaceo\/"]}]},{"@type":"ImageObject","inLanguage":"it-IT","@id":"https:\/\/ilcrogiuolo.it\/it\/p\/tarocchi-e-orixas-pagine-364-formato-cartaceo\/#primaryimage","url":"https:\/\/ilcrogiuolo.it\/wp-content\/uploads\/2020\/01\/TAROCCHI-E-ORIXAS.png","contentUrl":"https:\/\/ilcrogiuolo.it\/wp-content\/uploads\/2020\/01\/TAROCCHI-E-ORIXAS.png","width":924,"height":898},{"@type":"BreadcrumbList","@id":"https:\/\/ilcrogiuolo.it\/it\/p\/tarocchi-e-orixas-pagine-364-formato-cartaceo\/#breadcrumb","itemListElement":[{"@type":"ListItem","position":1,"name":"Home","item":"https:\/\/ilcrogiuolo.it\/it\/"},{"@type":"ListItem","position":2,"name":"Shop","item":"https:\/\/ilcrogiuolo.it\/it\/negozio\/"},{"@type":"ListItem","position":3,"name":"TAROCCHI E ORIXAS &#8211; PAGINE 364 &#8211; FORMATO CARTACEO"}]},{"@type":"WebSite","@id":"https:\/\/ilcrogiuolo.it\/it\/#website","url":"https:\/\/ilcrogiuolo.it\/it\/","name":"Il Crogiuolo","description":"","publisher":{"@id":"https:\/\/ilcrogiuolo.it\/it\/#organization"},"potentialAction":[{"@type":"SearchAction","target":{"@type":"EntryPoint","urlTemplate":"https:\/\/ilcrogiuolo.it\/it\/?s={search_term_string}"},"query-input":{"@type":"PropertyValueSpecification","valueRequired":true,"valueName":"search_term_string"}}],"inLanguage":"it-IT"},{"@type":"Organization","@id":"https:\/\/ilcrogiuolo.it\/it\/#organization","name":"Il Crogiuolo","url":"https:\/\/ilcrogiuolo.it\/it\/","logo":{"@type":"ImageObject","inLanguage":"it-IT","@id":"https:\/\/ilcrogiuolo.it\/it\/#\/schema\/logo\/image\/","url":"https:\/\/ilcrogiuolo.it\/wp-content\/uploads\/2020\/04\/logo.png","contentUrl":"https:\/\/ilcrogiuolo.it\/wp-content\/uploads\/2020\/04\/logo.png","width":200,"height":49,"caption":"Il Crogiuolo"},"image":{"@id":"https:\/\/ilcrogiuolo.it\/it\/#\/schema\/logo\/image\/"},"sameAs":["https:\/\/www.facebook.com\/Il-Crogiuolo-681876418491758"]}]}},"_links":{"self":[{"href":"https:\/\/ilcrogiuolo.it\/it\/wp-json\/wp\/v2\/product\/6159","targetHints":{"allow":["GET"]}}],"collection":[{"href":"https:\/\/ilcrogiuolo.it\/it\/wp-json\/wp\/v2\/product"}],"about":[{"href":"https:\/\/ilcrogiuolo.it\/it\/wp-json\/wp\/v2\/types\/product"}],"wp:featuredmedia":[{"embeddable":true,"href":"https:\/\/ilcrogiuolo.it\/it\/wp-json\/wp\/v2\/media\/41828"}],"wp:attachment":[{"href":"https:\/\/ilcrogiuolo.it\/it\/wp-json\/wp\/v2\/media?parent=6159"}],"wp:term":[{"taxonomy":"product_brand","embeddable":true,"href":"https:\/\/ilcrogiuolo.it\/it\/wp-json\/wp\/v2\/product_brand?post=6159"},{"taxonomy":"product_cat","embeddable":true,"href":"https:\/\/ilcrogiuolo.it\/it\/wp-json\/wp\/v2\/product_cat?post=6159"},{"taxonomy":"product_tag","embeddable":true,"href":"https:\/\/ilcrogiuolo.it\/it\/wp-json\/wp\/v2\/product_tag?post=6159"}],"curies":[{"name":"wp","href":"https:\/\/api.w.org\/{rel}","templated":true}]}}