{"id":6062,"date":"2020-01-14T17:12:04","date_gmt":"2020-01-14T16:12:04","guid":{"rendered":"https:\/\/ilcrogiuolo.it\/p\/paglia-per-contraegun-mazzetto\/"},"modified":"2024-09-18T14:27:49","modified_gmt":"2024-09-18T12:27:49","slug":"paglia-per-contraegun-mazzetto","status":"publish","type":"product","link":"https:\/\/ilcrogiuolo.it\/it\/p\/paglia-per-contraegun-mazzetto\/","title":{"rendered":"PAGLIA PER CONTRAEGUN &#8211; PALHA DA COSTA &#8211; MAZZETTO"},"content":{"rendered":"<p>La palha da costa \u00e8 uno dei materiali di fondamento pi\u00f9 impiegati nel Candombl\u00e8. Proviene da una palma tropicale, la Raphia Farinifera, si tramanda che le sue fibre abbiano il potere di tenere lontani eg\u00f9ns (morti), kamburuk\u00f9 (spiriti negativi o burloni), entit\u00e0 negative in genere. Si usa nella preparazione di Mariw\u00f2s (frange da mettere sulle porte di ingresso dedicate a Og\u00f9m) e Contra Egun (bracciali per tenere lontani i defunti e gli spiriti cattivi. Per preparare un Contra Eg\u00f9n occorrono nove fili, che vanno intrecciati a tre per tre, da una parte del bracciale si fa un nodo, dall\u2019altra un occhiello in modo che arrotolando il bracciale attorno al polso poi ivi venga inserita l\u2019altra estremit\u00e0 e fissata sotto senza fare nodi&#8230;<\/p>\n<p>Istruzioni per la preparazione e &#8220;segreto di consacrazione&#8221; allegato all&#8217;acquisto.<\/p>\n","protected":false},"excerpt":{"rendered":"<p>La palha da costa \u00e8 uno dei materiali di fondamento pi\u00f9 impiegati nel Candombl\u00e8. Proviene da una palma tropicale, la&#8230;<\/p>\n","protected":false},"featured_media":47260,"template":"","meta":{"_acf_changed":false},"product_brand":[],"product_cat":[1086,1361,1063],"product_tag":[],"class_list":{"0":"post-6062","1":"product","2":"type-product","3":"status-publish","4":"has-post-thumbnail","6":"product_cat-articoli-di-fondamento","7":"product_cat-articoli-in-paglia","8":"product_cat-strumenti-rituali","10":"first","11":"instock","12":"taxable","13":"shipping-taxable","14":"purchasable","15":"product-type-simple","16":"add-to-wishlist-before_image"},"acf":[],"yoast_head":"<!-- This site is optimized with the Yoast SEO plugin v26.9 - https:\/\/yoast.com\/product\/yoast-seo-wordpress\/ -->\n<title>PAGLIA PER CONTRAEGUN - PALHA DA COSTA - MAZZETTO - Il Crogiuolo<\/title>\n<meta name=\"description\" content=\"PAGLIA PER CONTRAEGUN - PALHA DA COSTA - MAZZETTO La palha da costa \u00e8 uno dei materiali di fondamento pi\u00f9 impiegati nel Candombl\u00e8. Proviene da una palma tropicale, la Raphia Farinifera, si tramanda che le\" \/>\n<meta name=\"robots\" content=\"index, follow, max-snippet:-1, max-image-preview:large, max-video-preview:-1\" \/>\n<link rel=\"canonical\" href=\"https:\/\/ilcrogiuolo.it\/it\/p\/paglia-per-contraegun-mazzetto\/\" \/>\n<meta property=\"og:locale\" content=\"it_IT\" \/>\n<meta property=\"og:type\" content=\"article\" \/>\n<meta property=\"og:title\" content=\"PAGLIA PER CONTRAEGUN - PALHA DA COSTA - MAZZETTO - Il Crogiuolo\" \/>\n<meta property=\"og:description\" content=\"PAGLIA PER CONTRAEGUN - PALHA DA COSTA - MAZZETTO La palha da costa \u00e8 uno dei materiali di fondamento pi\u00f9 impiegati nel Candombl\u00e8. Proviene da una palma tropicale, la Raphia Farinifera, si tramanda che le\" \/>\n<meta property=\"og:url\" content=\"https:\/\/ilcrogiuolo.it\/it\/p\/paglia-per-contraegun-mazzetto\/\" \/>\n<meta property=\"og:site_name\" content=\"Il Crogiuolo\" \/>\n<meta property=\"article:publisher\" content=\"https:\/\/www.facebook.com\/Il-Crogiuolo-681876418491758\" \/>\n<meta property=\"article:modified_time\" content=\"2024-09-18T12:27:49+00:00\" \/>\n<meta property=\"og:image\" content=\"https:\/\/ilcrogiuolo.it\/wp-content\/uploads\/2020\/01\/PALHA-DA-COSTA.jpg\" \/>\n\t<meta property=\"og:image:width\" content=\"1600\" \/>\n\t<meta property=\"og:image:height\" content=\"1600\" \/>\n\t<meta property=\"og:image:type\" content=\"image\/jpeg\" \/>\n<meta name=\"twitter:card\" content=\"summary_large_image\" \/>\n<meta name=\"twitter:label1\" content=\"Tempo di lettura stimato\" \/>\n\t<meta name=\"twitter:data1\" content=\"1 minuto\" \/>\n<script type=\"application\/ld+json\" class=\"yoast-schema-graph\">{\"@context\":\"https:\/\/schema.org\",\"@graph\":[{\"@type\":\"WebPage\",\"@id\":\"https:\/\/ilcrogiuolo.it\/it\/p\/paglia-per-contraegun-mazzetto\/\",\"url\":\"https:\/\/ilcrogiuolo.it\/it\/p\/paglia-per-contraegun-mazzetto\/\",\"name\":\"PAGLIA PER CONTRAEGUN - PALHA DA COSTA - MAZZETTO - Il Crogiuolo\",\"isPartOf\":{\"@id\":\"https:\/\/ilcrogiuolo.it\/it\/#website\"},\"primaryImageOfPage\":{\"@id\":\"https:\/\/ilcrogiuolo.it\/it\/p\/paglia-per-contraegun-mazzetto\/#primaryimage\"},\"image\":{\"@id\":\"https:\/\/ilcrogiuolo.it\/it\/p\/paglia-per-contraegun-mazzetto\/#primaryimage\"},\"thumbnailUrl\":\"https:\/\/ilcrogiuolo.it\/wp-content\/uploads\/2020\/01\/PALHA-DA-COSTA.jpg\",\"datePublished\":\"2020-01-14T16:12:04+00:00\",\"dateModified\":\"2024-09-18T12:27:49+00:00\",\"description\":\"PAGLIA PER CONTRAEGUN - PALHA DA COSTA - MAZZETTO La palha da costa \u00e8 uno dei materiali di fondamento pi\u00f9 impiegati nel Candombl\u00e8. Proviene da una palma tropicale, la Raphia Farinifera, si tramanda che le\",\"breadcrumb\":{\"@id\":\"https:\/\/ilcrogiuolo.it\/it\/p\/paglia-per-contraegun-mazzetto\/#breadcrumb\"},\"inLanguage\":\"it-IT\",\"potentialAction\":[{\"@type\":\"ReadAction\",\"target\":[\"https:\/\/ilcrogiuolo.it\/it\/p\/paglia-per-contraegun-mazzetto\/\"]}]},{\"@type\":\"ImageObject\",\"inLanguage\":\"it-IT\",\"@id\":\"https:\/\/ilcrogiuolo.it\/it\/p\/paglia-per-contraegun-mazzetto\/#primaryimage\",\"url\":\"https:\/\/ilcrogiuolo.it\/wp-content\/uploads\/2020\/01\/PALHA-DA-COSTA.jpg\",\"contentUrl\":\"https:\/\/ilcrogiuolo.it\/wp-content\/uploads\/2020\/01\/PALHA-DA-COSTA.jpg\",\"width\":1600,\"height\":1600,\"caption\":\"Version 1.0.0\"},{\"@type\":\"BreadcrumbList\",\"@id\":\"https:\/\/ilcrogiuolo.it\/it\/p\/paglia-per-contraegun-mazzetto\/#breadcrumb\",\"itemListElement\":[{\"@type\":\"ListItem\",\"position\":1,\"name\":\"Home\",\"item\":\"https:\/\/ilcrogiuolo.it\/it\/\"},{\"@type\":\"ListItem\",\"position\":2,\"name\":\"Shop\",\"item\":\"https:\/\/ilcrogiuolo.it\/it\/negozio\/\"},{\"@type\":\"ListItem\",\"position\":3,\"name\":\"PAGLIA PER CONTRAEGUN &#8211; PALHA DA COSTA &#8211; MAZZETTO\"}]},{\"@type\":\"WebSite\",\"@id\":\"https:\/\/ilcrogiuolo.it\/it\/#website\",\"url\":\"https:\/\/ilcrogiuolo.it\/it\/\",\"name\":\"Il Crogiuolo\",\"description\":\"\",\"publisher\":{\"@id\":\"https:\/\/ilcrogiuolo.it\/it\/#organization\"},\"potentialAction\":[{\"@type\":\"SearchAction\",\"target\":{\"@type\":\"EntryPoint\",\"urlTemplate\":\"https:\/\/ilcrogiuolo.it\/it\/?s={search_term_string}\"},\"query-input\":{\"@type\":\"PropertyValueSpecification\",\"valueRequired\":true,\"valueName\":\"search_term_string\"}}],\"inLanguage\":\"it-IT\"},{\"@type\":\"Organization\",\"@id\":\"https:\/\/ilcrogiuolo.it\/it\/#organization\",\"name\":\"Il Crogiuolo\",\"url\":\"https:\/\/ilcrogiuolo.it\/it\/\",\"logo\":{\"@type\":\"ImageObject\",\"inLanguage\":\"it-IT\",\"@id\":\"https:\/\/ilcrogiuolo.it\/it\/#\/schema\/logo\/image\/\",\"url\":\"https:\/\/ilcrogiuolo.it\/wp-content\/uploads\/2020\/04\/logo.png\",\"contentUrl\":\"https:\/\/ilcrogiuolo.it\/wp-content\/uploads\/2020\/04\/logo.png\",\"width\":200,\"height\":49,\"caption\":\"Il Crogiuolo\"},\"image\":{\"@id\":\"https:\/\/ilcrogiuolo.it\/it\/#\/schema\/logo\/image\/\"},\"sameAs\":[\"https:\/\/www.facebook.com\/Il-Crogiuolo-681876418491758\"]}]}<\/script>\n<!-- \/ Yoast SEO plugin. -->","yoast_head_json":{"title":"PAGLIA PER CONTRAEGUN - PALHA DA COSTA - MAZZETTO - Il Crogiuolo","description":"PAGLIA PER CONTRAEGUN - PALHA DA COSTA - MAZZETTO La palha da costa \u00e8 uno dei materiali di fondamento pi\u00f9 impiegati nel Candombl\u00e8. Proviene da una palma tropicale, la Raphia Farinifera, si tramanda che le","robots":{"index":"index","follow":"follow","max-snippet":"max-snippet:-1","max-image-preview":"max-image-preview:large","max-video-preview":"max-video-preview:-1"},"canonical":"https:\/\/ilcrogiuolo.it\/it\/p\/paglia-per-contraegun-mazzetto\/","og_locale":"it_IT","og_type":"article","og_title":"PAGLIA PER CONTRAEGUN - PALHA DA COSTA - MAZZETTO - Il Crogiuolo","og_description":"PAGLIA PER CONTRAEGUN - PALHA DA COSTA - MAZZETTO La palha da costa \u00e8 uno dei materiali di fondamento pi\u00f9 impiegati nel Candombl\u00e8. Proviene da una palma tropicale, la Raphia Farinifera, si tramanda che le","og_url":"https:\/\/ilcrogiuolo.it\/it\/p\/paglia-per-contraegun-mazzetto\/","og_site_name":"Il Crogiuolo","article_publisher":"https:\/\/www.facebook.com\/Il-Crogiuolo-681876418491758","article_modified_time":"2024-09-18T12:27:49+00:00","og_image":[{"width":1600,"height":1600,"url":"https:\/\/ilcrogiuolo.it\/wp-content\/uploads\/2020\/01\/PALHA-DA-COSTA.jpg","type":"image\/jpeg"}],"twitter_card":"summary_large_image","twitter_misc":{"Tempo di lettura stimato":"1 minuto"},"schema":{"@context":"https:\/\/schema.org","@graph":[{"@type":"WebPage","@id":"https:\/\/ilcrogiuolo.it\/it\/p\/paglia-per-contraegun-mazzetto\/","url":"https:\/\/ilcrogiuolo.it\/it\/p\/paglia-per-contraegun-mazzetto\/","name":"PAGLIA PER CONTRAEGUN - PALHA DA COSTA - MAZZETTO - Il Crogiuolo","isPartOf":{"@id":"https:\/\/ilcrogiuolo.it\/it\/#website"},"primaryImageOfPage":{"@id":"https:\/\/ilcrogiuolo.it\/it\/p\/paglia-per-contraegun-mazzetto\/#primaryimage"},"image":{"@id":"https:\/\/ilcrogiuolo.it\/it\/p\/paglia-per-contraegun-mazzetto\/#primaryimage"},"thumbnailUrl":"https:\/\/ilcrogiuolo.it\/wp-content\/uploads\/2020\/01\/PALHA-DA-COSTA.jpg","datePublished":"2020-01-14T16:12:04+00:00","dateModified":"2024-09-18T12:27:49+00:00","description":"PAGLIA PER CONTRAEGUN - PALHA DA COSTA - MAZZETTO La palha da costa \u00e8 uno dei materiali di fondamento pi\u00f9 impiegati nel Candombl\u00e8. Proviene da una palma tropicale, la Raphia Farinifera, si tramanda che le","breadcrumb":{"@id":"https:\/\/ilcrogiuolo.it\/it\/p\/paglia-per-contraegun-mazzetto\/#breadcrumb"},"inLanguage":"it-IT","potentialAction":[{"@type":"ReadAction","target":["https:\/\/ilcrogiuolo.it\/it\/p\/paglia-per-contraegun-mazzetto\/"]}]},{"@type":"ImageObject","inLanguage":"it-IT","@id":"https:\/\/ilcrogiuolo.it\/it\/p\/paglia-per-contraegun-mazzetto\/#primaryimage","url":"https:\/\/ilcrogiuolo.it\/wp-content\/uploads\/2020\/01\/PALHA-DA-COSTA.jpg","contentUrl":"https:\/\/ilcrogiuolo.it\/wp-content\/uploads\/2020\/01\/PALHA-DA-COSTA.jpg","width":1600,"height":1600,"caption":"Version 1.0.0"},{"@type":"BreadcrumbList","@id":"https:\/\/ilcrogiuolo.it\/it\/p\/paglia-per-contraegun-mazzetto\/#breadcrumb","itemListElement":[{"@type":"ListItem","position":1,"name":"Home","item":"https:\/\/ilcrogiuolo.it\/it\/"},{"@type":"ListItem","position":2,"name":"Shop","item":"https:\/\/ilcrogiuolo.it\/it\/negozio\/"},{"@type":"ListItem","position":3,"name":"PAGLIA PER CONTRAEGUN &#8211; PALHA DA COSTA &#8211; MAZZETTO"}]},{"@type":"WebSite","@id":"https:\/\/ilcrogiuolo.it\/it\/#website","url":"https:\/\/ilcrogiuolo.it\/it\/","name":"Il Crogiuolo","description":"","publisher":{"@id":"https:\/\/ilcrogiuolo.it\/it\/#organization"},"potentialAction":[{"@type":"SearchAction","target":{"@type":"EntryPoint","urlTemplate":"https:\/\/ilcrogiuolo.it\/it\/?s={search_term_string}"},"query-input":{"@type":"PropertyValueSpecification","valueRequired":true,"valueName":"search_term_string"}}],"inLanguage":"it-IT"},{"@type":"Organization","@id":"https:\/\/ilcrogiuolo.it\/it\/#organization","name":"Il Crogiuolo","url":"https:\/\/ilcrogiuolo.it\/it\/","logo":{"@type":"ImageObject","inLanguage":"it-IT","@id":"https:\/\/ilcrogiuolo.it\/it\/#\/schema\/logo\/image\/","url":"https:\/\/ilcrogiuolo.it\/wp-content\/uploads\/2020\/04\/logo.png","contentUrl":"https:\/\/ilcrogiuolo.it\/wp-content\/uploads\/2020\/04\/logo.png","width":200,"height":49,"caption":"Il Crogiuolo"},"image":{"@id":"https:\/\/ilcrogiuolo.it\/it\/#\/schema\/logo\/image\/"},"sameAs":["https:\/\/www.facebook.com\/Il-Crogiuolo-681876418491758"]}]}},"_links":{"self":[{"href":"https:\/\/ilcrogiuolo.it\/it\/wp-json\/wp\/v2\/product\/6062","targetHints":{"allow":["GET"]}}],"collection":[{"href":"https:\/\/ilcrogiuolo.it\/it\/wp-json\/wp\/v2\/product"}],"about":[{"href":"https:\/\/ilcrogiuolo.it\/it\/wp-json\/wp\/v2\/types\/product"}],"wp:featuredmedia":[{"embeddable":true,"href":"https:\/\/ilcrogiuolo.it\/it\/wp-json\/wp\/v2\/media\/47260"}],"wp:attachment":[{"href":"https:\/\/ilcrogiuolo.it\/it\/wp-json\/wp\/v2\/media?parent=6062"}],"wp:term":[{"taxonomy":"product_brand","embeddable":true,"href":"https:\/\/ilcrogiuolo.it\/it\/wp-json\/wp\/v2\/product_brand?post=6062"},{"taxonomy":"product_cat","embeddable":true,"href":"https:\/\/ilcrogiuolo.it\/it\/wp-json\/wp\/v2\/product_cat?post=6062"},{"taxonomy":"product_tag","embeddable":true,"href":"https:\/\/ilcrogiuolo.it\/it\/wp-json\/wp\/v2\/product_tag?post=6062"}],"curies":[{"name":"wp","href":"https:\/\/api.w.org\/{rel}","templated":true}]}}