{"id":6047,"date":"2020-01-14T17:12:04","date_gmt":"2020-01-14T16:12:04","guid":{"rendered":"https:\/\/ilcrogiuolo.it\/p\/unha-de-gato-unghia-di-gatto-corteccia\/"},"modified":"2024-09-26T17:05:46","modified_gmt":"2024-09-26T15:05:46","slug":"unha-de-gato-unghia-di-gatto-corteccia","status":"publish","type":"product","link":"https:\/\/ilcrogiuolo.it\/it\/p\/unha-de-gato-unghia-di-gatto-corteccia\/","title":{"rendered":"UNA DE GATO &#8211; UNGHIA DI GATTO &#8211; CORTECCIA"},"content":{"rendered":"<p>La Unha de gato (Una de gato in spagnolo) \u00e8 la corteccia di un albero tropicale <span style=\"color: #333333;\"><strong>(Uncaria tomentosa)<\/strong><br \/>\nLa pianta della unghia di gatto \u00e9 usata come medicina tradizionale per la etnia degli Ashaninkas (trib\u00fa amaz\u00f3nica peruviana) da molti secoli. Nella magia si impiega in opere di difesa ed attacco.<\/span><\/p>\n<p><span style=\"color: #333333;\">1 CONF. contiene circa 50 gr<br \/>\n<\/span><\/p>\n","protected":false},"excerpt":{"rendered":"<p>La Unha de gato (Una de gato in spagnolo) \u00e8 la corteccia di un albero tropicale (Uncaria tomentosa) La pianta&#8230;<\/p>\n","protected":false},"featured_media":35157,"template":"","meta":{"_acf_changed":false},"product_brand":[],"product_cat":[1086,1357,1063],"product_tag":[],"class_list":{"0":"post-6047","1":"product","2":"type-product","3":"status-publish","4":"has-post-thumbnail","6":"product_cat-articoli-di-fondamento","7":"product_cat-semi-e-fave","8":"product_cat-strumenti-rituali","10":"first","11":"instock","12":"taxable","13":"shipping-taxable","14":"purchasable","15":"product-type-simple","16":"add-to-wishlist-before_image"},"acf":[],"yoast_head":"<!-- This site is optimized with the Yoast SEO plugin v26.9 - https:\/\/yoast.com\/product\/yoast-seo-wordpress\/ -->\n<title>UNA DE GATO - UNGHIA DI GATTO - CORTECCIA - Il Crogiuolo<\/title>\n<meta name=\"description\" content=\"UNA DE GATO - UNGHIA DI GATTO - CORTECCIA La Unha de gato (Una de gato in spagnolo) \u00e8 la corteccia di un albero tropicale (Uncaria tomentosa) La pianta della unghia di gatto \u00e9 usata come medicina\" \/>\n<meta name=\"robots\" content=\"index, follow, max-snippet:-1, max-image-preview:large, max-video-preview:-1\" \/>\n<link rel=\"canonical\" href=\"https:\/\/ilcrogiuolo.it\/it\/p\/unha-de-gato-unghia-di-gatto-corteccia\/\" \/>\n<meta property=\"og:locale\" content=\"it_IT\" \/>\n<meta property=\"og:type\" content=\"article\" \/>\n<meta property=\"og:title\" content=\"UNA DE GATO - UNGHIA DI GATTO - CORTECCIA - Il Crogiuolo\" \/>\n<meta property=\"og:description\" content=\"UNA DE GATO - UNGHIA DI GATTO - CORTECCIA La Unha de gato (Una de gato in spagnolo) \u00e8 la corteccia di un albero tropicale (Uncaria tomentosa) La pianta della unghia di gatto \u00e9 usata come medicina\" \/>\n<meta property=\"og:url\" content=\"https:\/\/ilcrogiuolo.it\/it\/p\/unha-de-gato-unghia-di-gatto-corteccia\/\" \/>\n<meta property=\"og:site_name\" content=\"Il Crogiuolo\" \/>\n<meta property=\"article:publisher\" content=\"https:\/\/www.facebook.com\/Il-Crogiuolo-681876418491758\" \/>\n<meta property=\"article:modified_time\" content=\"2024-09-26T15:05:46+00:00\" \/>\n<meta property=\"og:image\" content=\"https:\/\/ilcrogiuolo.it\/wp-content\/uploads\/2020\/01\/UNA-DE-GATO.jpg\" \/>\n\t<meta property=\"og:image:width\" content=\"286\" \/>\n\t<meta property=\"og:image:height\" content=\"285\" \/>\n\t<meta property=\"og:image:type\" content=\"image\/jpeg\" \/>\n<meta name=\"twitter:card\" content=\"summary_large_image\" \/>\n<meta name=\"twitter:label1\" content=\"Tempo di lettura stimato\" \/>\n\t<meta name=\"twitter:data1\" content=\"1 minuto\" \/>\n<script type=\"application\/ld+json\" class=\"yoast-schema-graph\">{\"@context\":\"https:\/\/schema.org\",\"@graph\":[{\"@type\":\"WebPage\",\"@id\":\"https:\/\/ilcrogiuolo.it\/it\/p\/unha-de-gato-unghia-di-gatto-corteccia\/\",\"url\":\"https:\/\/ilcrogiuolo.it\/it\/p\/unha-de-gato-unghia-di-gatto-corteccia\/\",\"name\":\"UNA DE GATO - UNGHIA DI GATTO - CORTECCIA - Il Crogiuolo\",\"isPartOf\":{\"@id\":\"https:\/\/ilcrogiuolo.it\/it\/#website\"},\"primaryImageOfPage\":{\"@id\":\"https:\/\/ilcrogiuolo.it\/it\/p\/unha-de-gato-unghia-di-gatto-corteccia\/#primaryimage\"},\"image\":{\"@id\":\"https:\/\/ilcrogiuolo.it\/it\/p\/unha-de-gato-unghia-di-gatto-corteccia\/#primaryimage\"},\"thumbnailUrl\":\"https:\/\/ilcrogiuolo.it\/wp-content\/uploads\/2020\/01\/UNA-DE-GATO.jpg\",\"datePublished\":\"2020-01-14T16:12:04+00:00\",\"dateModified\":\"2024-09-26T15:05:46+00:00\",\"description\":\"UNA DE GATO - UNGHIA DI GATTO - CORTECCIA La Unha de gato (Una de gato in spagnolo) \u00e8 la corteccia di un albero tropicale (Uncaria tomentosa) La pianta della unghia di gatto \u00e9 usata come medicina\",\"breadcrumb\":{\"@id\":\"https:\/\/ilcrogiuolo.it\/it\/p\/unha-de-gato-unghia-di-gatto-corteccia\/#breadcrumb\"},\"inLanguage\":\"it-IT\",\"potentialAction\":[{\"@type\":\"ReadAction\",\"target\":[\"https:\/\/ilcrogiuolo.it\/it\/p\/unha-de-gato-unghia-di-gatto-corteccia\/\"]}]},{\"@type\":\"ImageObject\",\"inLanguage\":\"it-IT\",\"@id\":\"https:\/\/ilcrogiuolo.it\/it\/p\/unha-de-gato-unghia-di-gatto-corteccia\/#primaryimage\",\"url\":\"https:\/\/ilcrogiuolo.it\/wp-content\/uploads\/2020\/01\/UNA-DE-GATO.jpg\",\"contentUrl\":\"https:\/\/ilcrogiuolo.it\/wp-content\/uploads\/2020\/01\/UNA-DE-GATO.jpg\",\"width\":286,\"height\":285},{\"@type\":\"BreadcrumbList\",\"@id\":\"https:\/\/ilcrogiuolo.it\/it\/p\/unha-de-gato-unghia-di-gatto-corteccia\/#breadcrumb\",\"itemListElement\":[{\"@type\":\"ListItem\",\"position\":1,\"name\":\"Home\",\"item\":\"https:\/\/ilcrogiuolo.it\/it\/\"},{\"@type\":\"ListItem\",\"position\":2,\"name\":\"Shop\",\"item\":\"https:\/\/ilcrogiuolo.it\/it\/negozio\/\"},{\"@type\":\"ListItem\",\"position\":3,\"name\":\"UNA DE GATO &#8211; UNGHIA DI GATTO &#8211; CORTECCIA\"}]},{\"@type\":\"WebSite\",\"@id\":\"https:\/\/ilcrogiuolo.it\/it\/#website\",\"url\":\"https:\/\/ilcrogiuolo.it\/it\/\",\"name\":\"Il Crogiuolo\",\"description\":\"\",\"publisher\":{\"@id\":\"https:\/\/ilcrogiuolo.it\/it\/#organization\"},\"potentialAction\":[{\"@type\":\"SearchAction\",\"target\":{\"@type\":\"EntryPoint\",\"urlTemplate\":\"https:\/\/ilcrogiuolo.it\/it\/?s={search_term_string}\"},\"query-input\":{\"@type\":\"PropertyValueSpecification\",\"valueRequired\":true,\"valueName\":\"search_term_string\"}}],\"inLanguage\":\"it-IT\"},{\"@type\":\"Organization\",\"@id\":\"https:\/\/ilcrogiuolo.it\/it\/#organization\",\"name\":\"Il Crogiuolo\",\"url\":\"https:\/\/ilcrogiuolo.it\/it\/\",\"logo\":{\"@type\":\"ImageObject\",\"inLanguage\":\"it-IT\",\"@id\":\"https:\/\/ilcrogiuolo.it\/it\/#\/schema\/logo\/image\/\",\"url\":\"https:\/\/ilcrogiuolo.it\/wp-content\/uploads\/2020\/04\/logo.png\",\"contentUrl\":\"https:\/\/ilcrogiuolo.it\/wp-content\/uploads\/2020\/04\/logo.png\",\"width\":200,\"height\":49,\"caption\":\"Il Crogiuolo\"},\"image\":{\"@id\":\"https:\/\/ilcrogiuolo.it\/it\/#\/schema\/logo\/image\/\"},\"sameAs\":[\"https:\/\/www.facebook.com\/Il-Crogiuolo-681876418491758\"]}]}<\/script>\n<!-- \/ Yoast SEO plugin. -->","yoast_head_json":{"title":"UNA DE GATO - UNGHIA DI GATTO - CORTECCIA - Il Crogiuolo","description":"UNA DE GATO - UNGHIA DI GATTO - CORTECCIA La Unha de gato (Una de gato in spagnolo) \u00e8 la corteccia di un albero tropicale (Uncaria tomentosa) La pianta della unghia di gatto \u00e9 usata come medicina","robots":{"index":"index","follow":"follow","max-snippet":"max-snippet:-1","max-image-preview":"max-image-preview:large","max-video-preview":"max-video-preview:-1"},"canonical":"https:\/\/ilcrogiuolo.it\/it\/p\/unha-de-gato-unghia-di-gatto-corteccia\/","og_locale":"it_IT","og_type":"article","og_title":"UNA DE GATO - UNGHIA DI GATTO - CORTECCIA - Il Crogiuolo","og_description":"UNA DE GATO - UNGHIA DI GATTO - CORTECCIA La Unha de gato (Una de gato in spagnolo) \u00e8 la corteccia di un albero tropicale (Uncaria tomentosa) La pianta della unghia di gatto \u00e9 usata come medicina","og_url":"https:\/\/ilcrogiuolo.it\/it\/p\/unha-de-gato-unghia-di-gatto-corteccia\/","og_site_name":"Il Crogiuolo","article_publisher":"https:\/\/www.facebook.com\/Il-Crogiuolo-681876418491758","article_modified_time":"2024-09-26T15:05:46+00:00","og_image":[{"width":286,"height":285,"url":"https:\/\/ilcrogiuolo.it\/wp-content\/uploads\/2020\/01\/UNA-DE-GATO.jpg","type":"image\/jpeg"}],"twitter_card":"summary_large_image","twitter_misc":{"Tempo di lettura stimato":"1 minuto"},"schema":{"@context":"https:\/\/schema.org","@graph":[{"@type":"WebPage","@id":"https:\/\/ilcrogiuolo.it\/it\/p\/unha-de-gato-unghia-di-gatto-corteccia\/","url":"https:\/\/ilcrogiuolo.it\/it\/p\/unha-de-gato-unghia-di-gatto-corteccia\/","name":"UNA DE GATO - UNGHIA DI GATTO - CORTECCIA - Il Crogiuolo","isPartOf":{"@id":"https:\/\/ilcrogiuolo.it\/it\/#website"},"primaryImageOfPage":{"@id":"https:\/\/ilcrogiuolo.it\/it\/p\/unha-de-gato-unghia-di-gatto-corteccia\/#primaryimage"},"image":{"@id":"https:\/\/ilcrogiuolo.it\/it\/p\/unha-de-gato-unghia-di-gatto-corteccia\/#primaryimage"},"thumbnailUrl":"https:\/\/ilcrogiuolo.it\/wp-content\/uploads\/2020\/01\/UNA-DE-GATO.jpg","datePublished":"2020-01-14T16:12:04+00:00","dateModified":"2024-09-26T15:05:46+00:00","description":"UNA DE GATO - UNGHIA DI GATTO - CORTECCIA La Unha de gato (Una de gato in spagnolo) \u00e8 la corteccia di un albero tropicale (Uncaria tomentosa) La pianta della unghia di gatto \u00e9 usata come medicina","breadcrumb":{"@id":"https:\/\/ilcrogiuolo.it\/it\/p\/unha-de-gato-unghia-di-gatto-corteccia\/#breadcrumb"},"inLanguage":"it-IT","potentialAction":[{"@type":"ReadAction","target":["https:\/\/ilcrogiuolo.it\/it\/p\/unha-de-gato-unghia-di-gatto-corteccia\/"]}]},{"@type":"ImageObject","inLanguage":"it-IT","@id":"https:\/\/ilcrogiuolo.it\/it\/p\/unha-de-gato-unghia-di-gatto-corteccia\/#primaryimage","url":"https:\/\/ilcrogiuolo.it\/wp-content\/uploads\/2020\/01\/UNA-DE-GATO.jpg","contentUrl":"https:\/\/ilcrogiuolo.it\/wp-content\/uploads\/2020\/01\/UNA-DE-GATO.jpg","width":286,"height":285},{"@type":"BreadcrumbList","@id":"https:\/\/ilcrogiuolo.it\/it\/p\/unha-de-gato-unghia-di-gatto-corteccia\/#breadcrumb","itemListElement":[{"@type":"ListItem","position":1,"name":"Home","item":"https:\/\/ilcrogiuolo.it\/it\/"},{"@type":"ListItem","position":2,"name":"Shop","item":"https:\/\/ilcrogiuolo.it\/it\/negozio\/"},{"@type":"ListItem","position":3,"name":"UNA DE GATO &#8211; UNGHIA DI GATTO &#8211; CORTECCIA"}]},{"@type":"WebSite","@id":"https:\/\/ilcrogiuolo.it\/it\/#website","url":"https:\/\/ilcrogiuolo.it\/it\/","name":"Il Crogiuolo","description":"","publisher":{"@id":"https:\/\/ilcrogiuolo.it\/it\/#organization"},"potentialAction":[{"@type":"SearchAction","target":{"@type":"EntryPoint","urlTemplate":"https:\/\/ilcrogiuolo.it\/it\/?s={search_term_string}"},"query-input":{"@type":"PropertyValueSpecification","valueRequired":true,"valueName":"search_term_string"}}],"inLanguage":"it-IT"},{"@type":"Organization","@id":"https:\/\/ilcrogiuolo.it\/it\/#organization","name":"Il Crogiuolo","url":"https:\/\/ilcrogiuolo.it\/it\/","logo":{"@type":"ImageObject","inLanguage":"it-IT","@id":"https:\/\/ilcrogiuolo.it\/it\/#\/schema\/logo\/image\/","url":"https:\/\/ilcrogiuolo.it\/wp-content\/uploads\/2020\/04\/logo.png","contentUrl":"https:\/\/ilcrogiuolo.it\/wp-content\/uploads\/2020\/04\/logo.png","width":200,"height":49,"caption":"Il Crogiuolo"},"image":{"@id":"https:\/\/ilcrogiuolo.it\/it\/#\/schema\/logo\/image\/"},"sameAs":["https:\/\/www.facebook.com\/Il-Crogiuolo-681876418491758"]}]}},"_links":{"self":[{"href":"https:\/\/ilcrogiuolo.it\/it\/wp-json\/wp\/v2\/product\/6047","targetHints":{"allow":["GET"]}}],"collection":[{"href":"https:\/\/ilcrogiuolo.it\/it\/wp-json\/wp\/v2\/product"}],"about":[{"href":"https:\/\/ilcrogiuolo.it\/it\/wp-json\/wp\/v2\/types\/product"}],"wp:featuredmedia":[{"embeddable":true,"href":"https:\/\/ilcrogiuolo.it\/it\/wp-json\/wp\/v2\/media\/35157"}],"wp:attachment":[{"href":"https:\/\/ilcrogiuolo.it\/it\/wp-json\/wp\/v2\/media?parent=6047"}],"wp:term":[{"taxonomy":"product_brand","embeddable":true,"href":"https:\/\/ilcrogiuolo.it\/it\/wp-json\/wp\/v2\/product_brand?post=6047"},{"taxonomy":"product_cat","embeddable":true,"href":"https:\/\/ilcrogiuolo.it\/it\/wp-json\/wp\/v2\/product_cat?post=6047"},{"taxonomy":"product_tag","embeddable":true,"href":"https:\/\/ilcrogiuolo.it\/it\/wp-json\/wp\/v2\/product_tag?post=6047"}],"curies":[{"name":"wp","href":"https:\/\/api.w.org\/{rel}","templated":true}]}}