{"id":6035,"date":"2020-01-14T17:12:04","date_gmt":"2020-01-14T16:12:04","guid":{"rendered":"https:\/\/ilcrogiuolo.it\/p\/tarocchi-afrobrasiliani\/"},"modified":"2023-03-14T10:36:56","modified_gmt":"2023-03-14T09:36:56","slug":"tarocchi-afrobrasiliani","status":"publish","type":"product","link":"https:\/\/ilcrogiuolo.it\/it\/p\/tarocchi-afrobrasiliani\/","title":{"rendered":"TAROCCHI AFROBRASILIANI"},"content":{"rendered":"<p><strong>Tarocchi Afro Brasiliani<\/strong><br \/>\nAlice Santana \u2013 Arte di Giuseppe Palumbo<br \/>\n78 carte \u2013 66&#215;120 mm \u2013 Istruzioni Disponibile in: Italiano, Spagnolo, Inglese.<\/p>\n<p>Orix\u00e0s, \u00a0divinit\u00e0 e miti di una magia antica, trasformatasi attraverso il tempo e i continenti e viva tuttora. Questi Tarocchi aprono un canale verso le forze benefiche e naturali cui si pu\u00f2 attingere per cure, meditazioni o rituali. Le divinit\u00e0 della Santeria brasiliana si legano agli archetipi dei Tarocchi con una sorprendente facilit\u00e0.<\/p>\n","protected":false},"excerpt":{"rendered":"<p>Tarocchi Afro Brasiliani Alice Santana \u2013 Arte di Giuseppe Palumbo 78 carte \u2013 66&#215;120 mm \u2013 Istruzioni Disponibile in: Italiano,&#8230;<\/p>\n","protected":false},"featured_media":6036,"template":"","meta":{"_acf_changed":false},"product_brand":[],"product_cat":[1088,1062,1478],"product_tag":[],"class_list":{"0":"post-6035","1":"product","2":"type-product","3":"status-publish","4":"has-post-thumbnail","6":"product_cat-tarocchi-sibille-oracoli","7":"product_cat-divinazione","8":"product_cat-tarocchi-metafisici-lo-scarabeo","10":"first","11":"instock","12":"taxable","13":"shipping-taxable","14":"purchasable","15":"product-type-simple","16":"add-to-wishlist-before_image"},"acf":[],"yoast_head":"<!-- This site is optimized with the Yoast SEO plugin v26.9 - https:\/\/yoast.com\/product\/yoast-seo-wordpress\/ -->\n<title>TAROCCHI AFROBRASILIANI - Il Crogiuolo<\/title>\n<meta name=\"description\" content=\"TAROCCHI AFROBRASILIANI Tarocchi Afro Brasiliani Alice Santana \u2013 Arte di Giuseppe Palumbo 78 carte \u2013 66x120 mm \u2013 Istruzioni Disponibile in: Italiano, Spagnolo, Inglese. Orix\u00e0s,\" \/>\n<meta name=\"robots\" content=\"index, follow, max-snippet:-1, max-image-preview:large, max-video-preview:-1\" \/>\n<link rel=\"canonical\" href=\"https:\/\/ilcrogiuolo.it\/it\/p\/tarocchi-afrobrasiliani\/\" \/>\n<meta property=\"og:locale\" content=\"it_IT\" \/>\n<meta property=\"og:type\" content=\"article\" \/>\n<meta property=\"og:title\" content=\"TAROCCHI AFROBRASILIANI - Il Crogiuolo\" \/>\n<meta property=\"og:description\" content=\"TAROCCHI AFROBRASILIANI Tarocchi Afro Brasiliani Alice Santana \u2013 Arte di Giuseppe Palumbo 78 carte \u2013 66x120 mm \u2013 Istruzioni Disponibile in: Italiano, Spagnolo, Inglese. Orix\u00e0s,\" \/>\n<meta property=\"og:url\" content=\"https:\/\/ilcrogiuolo.it\/it\/p\/tarocchi-afrobrasiliani\/\" \/>\n<meta property=\"og:site_name\" content=\"Il Crogiuolo\" \/>\n<meta property=\"article:publisher\" content=\"https:\/\/www.facebook.com\/Il-Crogiuolo-681876418491758\" \/>\n<meta property=\"article:modified_time\" content=\"2023-03-14T09:36:56+00:00\" \/>\n<meta property=\"og:image\" content=\"https:\/\/ilcrogiuolo.it\/wp-content\/uploads\/2020\/01\/afrobrasiliani_6865660.jpg\" \/>\n\t<meta property=\"og:image:width\" content=\"627\" \/>\n\t<meta property=\"og:image:height\" content=\"600\" \/>\n\t<meta property=\"og:image:type\" content=\"image\/jpeg\" \/>\n<meta name=\"twitter:card\" content=\"summary_large_image\" \/>\n<meta name=\"twitter:label1\" content=\"Tempo di lettura stimato\" \/>\n\t<meta name=\"twitter:data1\" content=\"1 minuto\" \/>\n<script type=\"application\/ld+json\" class=\"yoast-schema-graph\">{\"@context\":\"https:\/\/schema.org\",\"@graph\":[{\"@type\":\"WebPage\",\"@id\":\"https:\/\/ilcrogiuolo.it\/it\/p\/tarocchi-afrobrasiliani\/\",\"url\":\"https:\/\/ilcrogiuolo.it\/it\/p\/tarocchi-afrobrasiliani\/\",\"name\":\"TAROCCHI AFROBRASILIANI - Il Crogiuolo\",\"isPartOf\":{\"@id\":\"https:\/\/ilcrogiuolo.it\/it\/#website\"},\"primaryImageOfPage\":{\"@id\":\"https:\/\/ilcrogiuolo.it\/it\/p\/tarocchi-afrobrasiliani\/#primaryimage\"},\"image\":{\"@id\":\"https:\/\/ilcrogiuolo.it\/it\/p\/tarocchi-afrobrasiliani\/#primaryimage\"},\"thumbnailUrl\":\"https:\/\/ilcrogiuolo.it\/wp-content\/uploads\/2020\/01\/afrobrasiliani_6865660.jpg\",\"datePublished\":\"2020-01-14T16:12:04+00:00\",\"dateModified\":\"2023-03-14T09:36:56+00:00\",\"description\":\"TAROCCHI AFROBRASILIANI Tarocchi Afro Brasiliani Alice Santana \u2013 Arte di Giuseppe Palumbo 78 carte \u2013 66x120 mm \u2013 Istruzioni Disponibile in: Italiano, Spagnolo, Inglese. Orix\u00e0s,\",\"breadcrumb\":{\"@id\":\"https:\/\/ilcrogiuolo.it\/it\/p\/tarocchi-afrobrasiliani\/#breadcrumb\"},\"inLanguage\":\"it-IT\",\"potentialAction\":[{\"@type\":\"ReadAction\",\"target\":[\"https:\/\/ilcrogiuolo.it\/it\/p\/tarocchi-afrobrasiliani\/\"]}]},{\"@type\":\"ImageObject\",\"inLanguage\":\"it-IT\",\"@id\":\"https:\/\/ilcrogiuolo.it\/it\/p\/tarocchi-afrobrasiliani\/#primaryimage\",\"url\":\"https:\/\/ilcrogiuolo.it\/wp-content\/uploads\/2020\/01\/afrobrasiliani_6865660.jpg\",\"contentUrl\":\"https:\/\/ilcrogiuolo.it\/wp-content\/uploads\/2020\/01\/afrobrasiliani_6865660.jpg\",\"width\":627,\"height\":600},{\"@type\":\"BreadcrumbList\",\"@id\":\"https:\/\/ilcrogiuolo.it\/it\/p\/tarocchi-afrobrasiliani\/#breadcrumb\",\"itemListElement\":[{\"@type\":\"ListItem\",\"position\":1,\"name\":\"Home\",\"item\":\"https:\/\/ilcrogiuolo.it\/it\/\"},{\"@type\":\"ListItem\",\"position\":2,\"name\":\"Shop\",\"item\":\"https:\/\/ilcrogiuolo.it\/it\/negozio\/\"},{\"@type\":\"ListItem\",\"position\":3,\"name\":\"TAROCCHI AFROBRASILIANI\"}]},{\"@type\":\"WebSite\",\"@id\":\"https:\/\/ilcrogiuolo.it\/it\/#website\",\"url\":\"https:\/\/ilcrogiuolo.it\/it\/\",\"name\":\"Il Crogiuolo\",\"description\":\"\",\"publisher\":{\"@id\":\"https:\/\/ilcrogiuolo.it\/it\/#organization\"},\"potentialAction\":[{\"@type\":\"SearchAction\",\"target\":{\"@type\":\"EntryPoint\",\"urlTemplate\":\"https:\/\/ilcrogiuolo.it\/it\/?s={search_term_string}\"},\"query-input\":{\"@type\":\"PropertyValueSpecification\",\"valueRequired\":true,\"valueName\":\"search_term_string\"}}],\"inLanguage\":\"it-IT\"},{\"@type\":\"Organization\",\"@id\":\"https:\/\/ilcrogiuolo.it\/it\/#organization\",\"name\":\"Il Crogiuolo\",\"url\":\"https:\/\/ilcrogiuolo.it\/it\/\",\"logo\":{\"@type\":\"ImageObject\",\"inLanguage\":\"it-IT\",\"@id\":\"https:\/\/ilcrogiuolo.it\/it\/#\/schema\/logo\/image\/\",\"url\":\"https:\/\/ilcrogiuolo.it\/wp-content\/uploads\/2020\/04\/logo.png\",\"contentUrl\":\"https:\/\/ilcrogiuolo.it\/wp-content\/uploads\/2020\/04\/logo.png\",\"width\":200,\"height\":49,\"caption\":\"Il Crogiuolo\"},\"image\":{\"@id\":\"https:\/\/ilcrogiuolo.it\/it\/#\/schema\/logo\/image\/\"},\"sameAs\":[\"https:\/\/www.facebook.com\/Il-Crogiuolo-681876418491758\"]}]}<\/script>\n<!-- \/ Yoast SEO plugin. -->","yoast_head_json":{"title":"TAROCCHI AFROBRASILIANI - Il Crogiuolo","description":"TAROCCHI AFROBRASILIANI Tarocchi Afro Brasiliani Alice Santana \u2013 Arte di Giuseppe Palumbo 78 carte \u2013 66x120 mm \u2013 Istruzioni Disponibile in: Italiano, Spagnolo, Inglese. Orix\u00e0s,","robots":{"index":"index","follow":"follow","max-snippet":"max-snippet:-1","max-image-preview":"max-image-preview:large","max-video-preview":"max-video-preview:-1"},"canonical":"https:\/\/ilcrogiuolo.it\/it\/p\/tarocchi-afrobrasiliani\/","og_locale":"it_IT","og_type":"article","og_title":"TAROCCHI AFROBRASILIANI - Il Crogiuolo","og_description":"TAROCCHI AFROBRASILIANI Tarocchi Afro Brasiliani Alice Santana \u2013 Arte di Giuseppe Palumbo 78 carte \u2013 66x120 mm \u2013 Istruzioni Disponibile in: Italiano, Spagnolo, Inglese. Orix\u00e0s,","og_url":"https:\/\/ilcrogiuolo.it\/it\/p\/tarocchi-afrobrasiliani\/","og_site_name":"Il Crogiuolo","article_publisher":"https:\/\/www.facebook.com\/Il-Crogiuolo-681876418491758","article_modified_time":"2023-03-14T09:36:56+00:00","og_image":[{"width":627,"height":600,"url":"https:\/\/ilcrogiuolo.it\/wp-content\/uploads\/2020\/01\/afrobrasiliani_6865660.jpg","type":"image\/jpeg"}],"twitter_card":"summary_large_image","twitter_misc":{"Tempo di lettura stimato":"1 minuto"},"schema":{"@context":"https:\/\/schema.org","@graph":[{"@type":"WebPage","@id":"https:\/\/ilcrogiuolo.it\/it\/p\/tarocchi-afrobrasiliani\/","url":"https:\/\/ilcrogiuolo.it\/it\/p\/tarocchi-afrobrasiliani\/","name":"TAROCCHI AFROBRASILIANI - Il Crogiuolo","isPartOf":{"@id":"https:\/\/ilcrogiuolo.it\/it\/#website"},"primaryImageOfPage":{"@id":"https:\/\/ilcrogiuolo.it\/it\/p\/tarocchi-afrobrasiliani\/#primaryimage"},"image":{"@id":"https:\/\/ilcrogiuolo.it\/it\/p\/tarocchi-afrobrasiliani\/#primaryimage"},"thumbnailUrl":"https:\/\/ilcrogiuolo.it\/wp-content\/uploads\/2020\/01\/afrobrasiliani_6865660.jpg","datePublished":"2020-01-14T16:12:04+00:00","dateModified":"2023-03-14T09:36:56+00:00","description":"TAROCCHI AFROBRASILIANI Tarocchi Afro Brasiliani Alice Santana \u2013 Arte di Giuseppe Palumbo 78 carte \u2013 66x120 mm \u2013 Istruzioni Disponibile in: Italiano, Spagnolo, Inglese. Orix\u00e0s,","breadcrumb":{"@id":"https:\/\/ilcrogiuolo.it\/it\/p\/tarocchi-afrobrasiliani\/#breadcrumb"},"inLanguage":"it-IT","potentialAction":[{"@type":"ReadAction","target":["https:\/\/ilcrogiuolo.it\/it\/p\/tarocchi-afrobrasiliani\/"]}]},{"@type":"ImageObject","inLanguage":"it-IT","@id":"https:\/\/ilcrogiuolo.it\/it\/p\/tarocchi-afrobrasiliani\/#primaryimage","url":"https:\/\/ilcrogiuolo.it\/wp-content\/uploads\/2020\/01\/afrobrasiliani_6865660.jpg","contentUrl":"https:\/\/ilcrogiuolo.it\/wp-content\/uploads\/2020\/01\/afrobrasiliani_6865660.jpg","width":627,"height":600},{"@type":"BreadcrumbList","@id":"https:\/\/ilcrogiuolo.it\/it\/p\/tarocchi-afrobrasiliani\/#breadcrumb","itemListElement":[{"@type":"ListItem","position":1,"name":"Home","item":"https:\/\/ilcrogiuolo.it\/it\/"},{"@type":"ListItem","position":2,"name":"Shop","item":"https:\/\/ilcrogiuolo.it\/it\/negozio\/"},{"@type":"ListItem","position":3,"name":"TAROCCHI AFROBRASILIANI"}]},{"@type":"WebSite","@id":"https:\/\/ilcrogiuolo.it\/it\/#website","url":"https:\/\/ilcrogiuolo.it\/it\/","name":"Il Crogiuolo","description":"","publisher":{"@id":"https:\/\/ilcrogiuolo.it\/it\/#organization"},"potentialAction":[{"@type":"SearchAction","target":{"@type":"EntryPoint","urlTemplate":"https:\/\/ilcrogiuolo.it\/it\/?s={search_term_string}"},"query-input":{"@type":"PropertyValueSpecification","valueRequired":true,"valueName":"search_term_string"}}],"inLanguage":"it-IT"},{"@type":"Organization","@id":"https:\/\/ilcrogiuolo.it\/it\/#organization","name":"Il Crogiuolo","url":"https:\/\/ilcrogiuolo.it\/it\/","logo":{"@type":"ImageObject","inLanguage":"it-IT","@id":"https:\/\/ilcrogiuolo.it\/it\/#\/schema\/logo\/image\/","url":"https:\/\/ilcrogiuolo.it\/wp-content\/uploads\/2020\/04\/logo.png","contentUrl":"https:\/\/ilcrogiuolo.it\/wp-content\/uploads\/2020\/04\/logo.png","width":200,"height":49,"caption":"Il Crogiuolo"},"image":{"@id":"https:\/\/ilcrogiuolo.it\/it\/#\/schema\/logo\/image\/"},"sameAs":["https:\/\/www.facebook.com\/Il-Crogiuolo-681876418491758"]}]}},"_links":{"self":[{"href":"https:\/\/ilcrogiuolo.it\/it\/wp-json\/wp\/v2\/product\/6035","targetHints":{"allow":["GET"]}}],"collection":[{"href":"https:\/\/ilcrogiuolo.it\/it\/wp-json\/wp\/v2\/product"}],"about":[{"href":"https:\/\/ilcrogiuolo.it\/it\/wp-json\/wp\/v2\/types\/product"}],"wp:featuredmedia":[{"embeddable":true,"href":"https:\/\/ilcrogiuolo.it\/it\/wp-json\/wp\/v2\/media\/6036"}],"wp:attachment":[{"href":"https:\/\/ilcrogiuolo.it\/it\/wp-json\/wp\/v2\/media?parent=6035"}],"wp:term":[{"taxonomy":"product_brand","embeddable":true,"href":"https:\/\/ilcrogiuolo.it\/it\/wp-json\/wp\/v2\/product_brand?post=6035"},{"taxonomy":"product_cat","embeddable":true,"href":"https:\/\/ilcrogiuolo.it\/it\/wp-json\/wp\/v2\/product_cat?post=6035"},{"taxonomy":"product_tag","embeddable":true,"href":"https:\/\/ilcrogiuolo.it\/it\/wp-json\/wp\/v2\/product_tag?post=6035"}],"curies":[{"name":"wp","href":"https:\/\/api.w.org\/{rel}","templated":true}]}}