{"id":5966,"date":"2020-01-14T17:11:58","date_gmt":"2020-01-14T16:11:58","guid":{"rendered":"https:\/\/ilcrogiuolo.it\/p\/bursera-graveolens-nome-comune-popolare-legno-di-palosanto-2-pezzi\/"},"modified":"2025-06-24T15:56:55","modified_gmt":"2025-06-24T13:56:55","slug":"legno-di-palo-santo-50gr","status":"publish","type":"product","link":"https:\/\/ilcrogiuolo.it\/it\/p\/legno-di-palo-santo-50gr\/","title":{"rendered":"Legno di Palo Santo 50gr"},"content":{"rendered":"<p>La Bursera Graveolens chiamata anche con il nome popolare Palo Santo \u00e8 un legno aromatico usato da secoli dalle popolazioni Inca come rimedio spirituale per purificare, pulire e allontanare spiriti cattivi, sfortuna e calamit\u00e0.<\/p>\n<p>Si pensa che, oltre a purificare, abbia la propriet\u00e0 di attirare il benessere e l&#8217;abbondanza. Si presenta come legno naturale che viene bruciato. Quando la fiamma ha creato un p\u00f2 di brace si spegne soffiando ed emaner\u00e0 un fumo dall&#8217;aroma gradevole e delicato. A differenza degli incensi convenzionali, che bruciano completamente dopo essere stati accesi, una stecca di Palo Santo pu\u00f2 essere accesa diverse volte. In aromoterpia il suo delicato profumo ha propriet\u00e0 calmanti e dispensatrici di forte energia. Nella Santeria viene bruciato in onore di Obatal\u00e0\/Oxal\u00e0. Si tratta di un articolo veramente eccezionale, una vera e propria rarit\u00e0 botanica.<\/p>\n<p>Il legno di &#8220;palo santo&#8221; viene impiegato, aldil\u00e0 del discorso esoterico, anche nella realizzazione di manufatti e sculture, nonch\u00e8 pavimentazione ed oggettistica.<\/p>\n<p>Il Crogiuolo vi propone questo articolo di grandissimo valore esoterico in pratiche confezioni da 50 gr.<\/p>\n","protected":false},"excerpt":{"rendered":"<p>La Bursera Graveolens chiamata anche con il nome popolare Palo Santo \u00e8 un legno aromatico usato da secoli dalle popolazioni&#8230;<\/p>\n","protected":false},"featured_media":31333,"template":"","meta":{"_acf_changed":false},"product_brand":[],"product_cat":[1096,1065,1418],"product_tag":[],"class_list":{"0":"post-5966","1":"product","2":"type-product","3":"status-publish","4":"has-post-thumbnail","6":"product_cat-botanica-erbe-e-miscele","7":"product_cat-botanica-pietre","8":"product_cat-legni-aromatici","10":"first","11":"instock","12":"taxable","13":"shipping-taxable","14":"purchasable","15":"product-type-simple","16":"add-to-wishlist-before_image"},"acf":[],"yoast_head":"<!-- This site is optimized with the Yoast SEO plugin v26.9 - https:\/\/yoast.com\/product\/yoast-seo-wordpress\/ -->\n<title>Legno di Palo Santo 50gr - Il Crogiuolo<\/title>\n<meta name=\"description\" content=\"Legno di Palo Santo 50gr La Bursera Graveolens chiamata anche con il nome popolare Palo Santo \u00e8 un legno aromatico usato da secoli dalle popolazioni Inca come rimedio spirituale\" \/>\n<meta name=\"robots\" content=\"index, follow, max-snippet:-1, max-image-preview:large, max-video-preview:-1\" \/>\n<link rel=\"canonical\" href=\"https:\/\/ilcrogiuolo.it\/it\/p\/legno-di-palo-santo-50gr\/\" \/>\n<meta property=\"og:locale\" content=\"it_IT\" \/>\n<meta property=\"og:type\" content=\"article\" \/>\n<meta property=\"og:title\" content=\"Legno di Palo Santo 50gr - Il Crogiuolo\" \/>\n<meta property=\"og:description\" content=\"Legno di Palo Santo 50gr La Bursera Graveolens chiamata anche con il nome popolare Palo Santo \u00e8 un legno aromatico usato da secoli dalle popolazioni Inca come rimedio spirituale\" \/>\n<meta property=\"og:url\" content=\"https:\/\/ilcrogiuolo.it\/it\/p\/legno-di-palo-santo-50gr\/\" \/>\n<meta property=\"og:site_name\" content=\"Il Crogiuolo\" \/>\n<meta property=\"article:publisher\" content=\"https:\/\/www.facebook.com\/Il-Crogiuolo-681876418491758\" \/>\n<meta property=\"article:modified_time\" content=\"2025-06-24T13:56:55+00:00\" \/>\n<meta property=\"og:image\" content=\"https:\/\/ilcrogiuolo.it\/wp-content\/uploads\/2020\/01\/palo-santo-originale-peru.jpg\" \/>\n\t<meta property=\"og:image:width\" content=\"627\" \/>\n\t<meta property=\"og:image:height\" content=\"600\" \/>\n\t<meta property=\"og:image:type\" content=\"image\/jpeg\" \/>\n<meta name=\"twitter:card\" content=\"summary_large_image\" \/>\n<meta name=\"twitter:label1\" content=\"Tempo di lettura stimato\" \/>\n\t<meta name=\"twitter:data1\" content=\"2 minuti\" \/>\n<script type=\"application\/ld+json\" class=\"yoast-schema-graph\">{\"@context\":\"https:\/\/schema.org\",\"@graph\":[{\"@type\":\"WebPage\",\"@id\":\"https:\/\/ilcrogiuolo.it\/it\/p\/legno-di-palo-santo-50gr\/\",\"url\":\"https:\/\/ilcrogiuolo.it\/it\/p\/legno-di-palo-santo-50gr\/\",\"name\":\"Legno di Palo Santo 50gr - Il Crogiuolo\",\"isPartOf\":{\"@id\":\"https:\/\/ilcrogiuolo.it\/it\/#website\"},\"primaryImageOfPage\":{\"@id\":\"https:\/\/ilcrogiuolo.it\/it\/p\/legno-di-palo-santo-50gr\/#primaryimage\"},\"image\":{\"@id\":\"https:\/\/ilcrogiuolo.it\/it\/p\/legno-di-palo-santo-50gr\/#primaryimage\"},\"thumbnailUrl\":\"https:\/\/ilcrogiuolo.it\/wp-content\/uploads\/2020\/01\/palo-santo-originale-peru.jpg\",\"datePublished\":\"2020-01-14T16:11:58+00:00\",\"dateModified\":\"2025-06-24T13:56:55+00:00\",\"description\":\"Legno di Palo Santo 50gr La Bursera Graveolens chiamata anche con il nome popolare Palo Santo \u00e8 un legno aromatico usato da secoli dalle popolazioni Inca come rimedio spirituale\",\"breadcrumb\":{\"@id\":\"https:\/\/ilcrogiuolo.it\/it\/p\/legno-di-palo-santo-50gr\/#breadcrumb\"},\"inLanguage\":\"it-IT\",\"potentialAction\":[{\"@type\":\"ReadAction\",\"target\":[\"https:\/\/ilcrogiuolo.it\/it\/p\/legno-di-palo-santo-50gr\/\"]}]},{\"@type\":\"ImageObject\",\"inLanguage\":\"it-IT\",\"@id\":\"https:\/\/ilcrogiuolo.it\/it\/p\/legno-di-palo-santo-50gr\/#primaryimage\",\"url\":\"https:\/\/ilcrogiuolo.it\/wp-content\/uploads\/2020\/01\/palo-santo-originale-peru.jpg\",\"contentUrl\":\"https:\/\/ilcrogiuolo.it\/wp-content\/uploads\/2020\/01\/palo-santo-originale-peru.jpg\",\"width\":627,\"height\":600},{\"@type\":\"BreadcrumbList\",\"@id\":\"https:\/\/ilcrogiuolo.it\/it\/p\/legno-di-palo-santo-50gr\/#breadcrumb\",\"itemListElement\":[{\"@type\":\"ListItem\",\"position\":1,\"name\":\"Home\",\"item\":\"https:\/\/ilcrogiuolo.it\/it\/\"},{\"@type\":\"ListItem\",\"position\":2,\"name\":\"Shop\",\"item\":\"https:\/\/ilcrogiuolo.it\/it\/negozio\/\"},{\"@type\":\"ListItem\",\"position\":3,\"name\":\"Legno di Palo Santo 50gr\"}]},{\"@type\":\"WebSite\",\"@id\":\"https:\/\/ilcrogiuolo.it\/it\/#website\",\"url\":\"https:\/\/ilcrogiuolo.it\/it\/\",\"name\":\"Il Crogiuolo\",\"description\":\"\",\"publisher\":{\"@id\":\"https:\/\/ilcrogiuolo.it\/it\/#organization\"},\"potentialAction\":[{\"@type\":\"SearchAction\",\"target\":{\"@type\":\"EntryPoint\",\"urlTemplate\":\"https:\/\/ilcrogiuolo.it\/it\/?s={search_term_string}\"},\"query-input\":{\"@type\":\"PropertyValueSpecification\",\"valueRequired\":true,\"valueName\":\"search_term_string\"}}],\"inLanguage\":\"it-IT\"},{\"@type\":\"Organization\",\"@id\":\"https:\/\/ilcrogiuolo.it\/it\/#organization\",\"name\":\"Il Crogiuolo\",\"url\":\"https:\/\/ilcrogiuolo.it\/it\/\",\"logo\":{\"@type\":\"ImageObject\",\"inLanguage\":\"it-IT\",\"@id\":\"https:\/\/ilcrogiuolo.it\/it\/#\/schema\/logo\/image\/\",\"url\":\"https:\/\/ilcrogiuolo.it\/wp-content\/uploads\/2020\/04\/logo.png\",\"contentUrl\":\"https:\/\/ilcrogiuolo.it\/wp-content\/uploads\/2020\/04\/logo.png\",\"width\":200,\"height\":49,\"caption\":\"Il Crogiuolo\"},\"image\":{\"@id\":\"https:\/\/ilcrogiuolo.it\/it\/#\/schema\/logo\/image\/\"},\"sameAs\":[\"https:\/\/www.facebook.com\/Il-Crogiuolo-681876418491758\"]}]}<\/script>\n<!-- \/ Yoast SEO plugin. -->","yoast_head_json":{"title":"Legno di Palo Santo 50gr - Il Crogiuolo","description":"Legno di Palo Santo 50gr La Bursera Graveolens chiamata anche con il nome popolare Palo Santo \u00e8 un legno aromatico usato da secoli dalle popolazioni Inca come rimedio spirituale","robots":{"index":"index","follow":"follow","max-snippet":"max-snippet:-1","max-image-preview":"max-image-preview:large","max-video-preview":"max-video-preview:-1"},"canonical":"https:\/\/ilcrogiuolo.it\/it\/p\/legno-di-palo-santo-50gr\/","og_locale":"it_IT","og_type":"article","og_title":"Legno di Palo Santo 50gr - Il Crogiuolo","og_description":"Legno di Palo Santo 50gr La Bursera Graveolens chiamata anche con il nome popolare Palo Santo \u00e8 un legno aromatico usato da secoli dalle popolazioni Inca come rimedio spirituale","og_url":"https:\/\/ilcrogiuolo.it\/it\/p\/legno-di-palo-santo-50gr\/","og_site_name":"Il Crogiuolo","article_publisher":"https:\/\/www.facebook.com\/Il-Crogiuolo-681876418491758","article_modified_time":"2025-06-24T13:56:55+00:00","og_image":[{"width":627,"height":600,"url":"https:\/\/ilcrogiuolo.it\/wp-content\/uploads\/2020\/01\/palo-santo-originale-peru.jpg","type":"image\/jpeg"}],"twitter_card":"summary_large_image","twitter_misc":{"Tempo di lettura stimato":"2 minuti"},"schema":{"@context":"https:\/\/schema.org","@graph":[{"@type":"WebPage","@id":"https:\/\/ilcrogiuolo.it\/it\/p\/legno-di-palo-santo-50gr\/","url":"https:\/\/ilcrogiuolo.it\/it\/p\/legno-di-palo-santo-50gr\/","name":"Legno di Palo Santo 50gr - Il Crogiuolo","isPartOf":{"@id":"https:\/\/ilcrogiuolo.it\/it\/#website"},"primaryImageOfPage":{"@id":"https:\/\/ilcrogiuolo.it\/it\/p\/legno-di-palo-santo-50gr\/#primaryimage"},"image":{"@id":"https:\/\/ilcrogiuolo.it\/it\/p\/legno-di-palo-santo-50gr\/#primaryimage"},"thumbnailUrl":"https:\/\/ilcrogiuolo.it\/wp-content\/uploads\/2020\/01\/palo-santo-originale-peru.jpg","datePublished":"2020-01-14T16:11:58+00:00","dateModified":"2025-06-24T13:56:55+00:00","description":"Legno di Palo Santo 50gr La Bursera Graveolens chiamata anche con il nome popolare Palo Santo \u00e8 un legno aromatico usato da secoli dalle popolazioni Inca come rimedio spirituale","breadcrumb":{"@id":"https:\/\/ilcrogiuolo.it\/it\/p\/legno-di-palo-santo-50gr\/#breadcrumb"},"inLanguage":"it-IT","potentialAction":[{"@type":"ReadAction","target":["https:\/\/ilcrogiuolo.it\/it\/p\/legno-di-palo-santo-50gr\/"]}]},{"@type":"ImageObject","inLanguage":"it-IT","@id":"https:\/\/ilcrogiuolo.it\/it\/p\/legno-di-palo-santo-50gr\/#primaryimage","url":"https:\/\/ilcrogiuolo.it\/wp-content\/uploads\/2020\/01\/palo-santo-originale-peru.jpg","contentUrl":"https:\/\/ilcrogiuolo.it\/wp-content\/uploads\/2020\/01\/palo-santo-originale-peru.jpg","width":627,"height":600},{"@type":"BreadcrumbList","@id":"https:\/\/ilcrogiuolo.it\/it\/p\/legno-di-palo-santo-50gr\/#breadcrumb","itemListElement":[{"@type":"ListItem","position":1,"name":"Home","item":"https:\/\/ilcrogiuolo.it\/it\/"},{"@type":"ListItem","position":2,"name":"Shop","item":"https:\/\/ilcrogiuolo.it\/it\/negozio\/"},{"@type":"ListItem","position":3,"name":"Legno di Palo Santo 50gr"}]},{"@type":"WebSite","@id":"https:\/\/ilcrogiuolo.it\/it\/#website","url":"https:\/\/ilcrogiuolo.it\/it\/","name":"Il Crogiuolo","description":"","publisher":{"@id":"https:\/\/ilcrogiuolo.it\/it\/#organization"},"potentialAction":[{"@type":"SearchAction","target":{"@type":"EntryPoint","urlTemplate":"https:\/\/ilcrogiuolo.it\/it\/?s={search_term_string}"},"query-input":{"@type":"PropertyValueSpecification","valueRequired":true,"valueName":"search_term_string"}}],"inLanguage":"it-IT"},{"@type":"Organization","@id":"https:\/\/ilcrogiuolo.it\/it\/#organization","name":"Il Crogiuolo","url":"https:\/\/ilcrogiuolo.it\/it\/","logo":{"@type":"ImageObject","inLanguage":"it-IT","@id":"https:\/\/ilcrogiuolo.it\/it\/#\/schema\/logo\/image\/","url":"https:\/\/ilcrogiuolo.it\/wp-content\/uploads\/2020\/04\/logo.png","contentUrl":"https:\/\/ilcrogiuolo.it\/wp-content\/uploads\/2020\/04\/logo.png","width":200,"height":49,"caption":"Il Crogiuolo"},"image":{"@id":"https:\/\/ilcrogiuolo.it\/it\/#\/schema\/logo\/image\/"},"sameAs":["https:\/\/www.facebook.com\/Il-Crogiuolo-681876418491758"]}]}},"_links":{"self":[{"href":"https:\/\/ilcrogiuolo.it\/it\/wp-json\/wp\/v2\/product\/5966","targetHints":{"allow":["GET"]}}],"collection":[{"href":"https:\/\/ilcrogiuolo.it\/it\/wp-json\/wp\/v2\/product"}],"about":[{"href":"https:\/\/ilcrogiuolo.it\/it\/wp-json\/wp\/v2\/types\/product"}],"wp:featuredmedia":[{"embeddable":true,"href":"https:\/\/ilcrogiuolo.it\/it\/wp-json\/wp\/v2\/media\/31333"}],"wp:attachment":[{"href":"https:\/\/ilcrogiuolo.it\/it\/wp-json\/wp\/v2\/media?parent=5966"}],"wp:term":[{"taxonomy":"product_brand","embeddable":true,"href":"https:\/\/ilcrogiuolo.it\/it\/wp-json\/wp\/v2\/product_brand?post=5966"},{"taxonomy":"product_cat","embeddable":true,"href":"https:\/\/ilcrogiuolo.it\/it\/wp-json\/wp\/v2\/product_cat?post=5966"},{"taxonomy":"product_tag","embeddable":true,"href":"https:\/\/ilcrogiuolo.it\/it\/wp-json\/wp\/v2\/product_tag?post=5966"}],"curies":[{"name":"wp","href":"https:\/\/api.w.org\/{rel}","templated":true}]}}