{"id":5957,"date":"2020-01-14T17:11:58","date_gmt":"2020-01-14T16:11:58","guid":{"rendered":"https:\/\/ilcrogiuolo.it\/p\/libro-le-orazioni-misteriose-pagine-172\/"},"modified":"2023-03-02T12:44:53","modified_gmt":"2023-03-02T11:44:53","slug":"libro-le-orazioni-misteriose-pagine-172","status":"publish","type":"product","link":"https:\/\/ilcrogiuolo.it\/it\/p\/libro-le-orazioni-misteriose-pagine-172\/","title":{"rendered":"LIBRO &#8211; LE ORAZIONI MISTERIOSE &#8211; PAGINE 172"},"content":{"rendered":"<p>Questo piccolo libro raccoglie una serie di orazioni che sono state tramandate dalla tradizione popolare latinoamericana. Si tratta di composizioni ora ecclesiastiche, ora ingenue ora vere e proprie lamentazioni ma che nel corso degli hanni hanno accumulato una forza veramente speciale. La loro peculiarit\u00e0 \u00e8 nella loro diretta connessione con le esigenze della vita di tutti i giorni. Alle anime non si chiede solo la salvazione, ma anche il rimedio ai problemi di tutti i giorni, da quelli economici a quelli pi\u00f9 squisitamente affettivi.<!--?xml:namespace prefix = o ns = \"urn:schemas-microsoft-com:office:office\" \/--><\/p>\n<p>Se alcuni ravvisano in questi testi una sorta di deviazione della piet\u00e0 popolare, secondo il mio punto di vista invece sono lo specchio della vera spiritualit\u00e0, ossia quell\u2019anelito che, proprio perch\u00e8 si crede, ci spinge, nel momento del bisogno a richiedere l\u2019aiuto dal Cielo anche per motivazioni non ufficialmente ortodosse, vere e proprie esigenze per\u00f2. Se il divino \u00e8 con noi, perch\u00e8 dovrebbe essere deviato renderlo presente della nostra quotidianit\u00e0?<\/p>\n<p>In questo libro troverete non solo i testi delle orazioni, ma anche i vari modi in cui vengono recitate, una collezione unica nel suo genere. Non \u00e8 stato facile recuperare tutti i testi. Magia? Spiritualit\u00e0? Mistero? Una sola parola racchiude l\u2019essenza di tutti questi significati: Preghiera.<\/p>\n<p class=\"MsoNormal\" style=\"margin: 0cm 0cm 0pt; text-align: justify;\"><span style=\"font-size: 12pt; color: windowtext; font-family: 'Century Gothic'; mso-bidi-font-family: 'Times New Roman';\"><span style=\"font-family: Verdana, Arial, Helvetica, sans-serif;\"><span style=\"font-size: small;\">172 PAGINE<\/span><\/span><\/span><\/p>\n","protected":false},"excerpt":{"rendered":"<p>Questo piccolo libro raccoglie una serie di orazioni che sono state tramandate dalla tradizione popolare latinoamericana. Si tratta di composizioni&#8230;<\/p>\n","protected":false},"featured_media":41258,"template":"","meta":{"_acf_changed":false},"product_brand":[],"product_cat":[1077,1269,1060],"product_tag":[],"class_list":{"0":"post-5957","1":"product","2":"type-product","3":"status-publish","4":"has-post-thumbnail","6":"product_cat-libreria-esoterica-libreria-esoterica","7":"product_cat-edizioni-il-crogiuolo-corsi-e-libri","8":"product_cat-libreria-esoterica","10":"first","11":"instock","12":"taxable","13":"shipping-taxable","14":"purchasable","15":"product-type-simple","16":"add-to-wishlist-before_image"},"acf":[],"yoast_head":"<!-- This site is optimized with the Yoast SEO plugin v26.9 - https:\/\/yoast.com\/product\/yoast-seo-wordpress\/ -->\n<title>LIBRO - LE ORAZIONI MISTERIOSE - PAGINE 172 - Il Crogiuolo<\/title>\n<meta name=\"description\" content=\"LIBRO - LE ORAZIONI MISTERIOSE - PAGINE 172 Questo piccolo libro raccoglie una serie di orazioni che sono state tramandate dalla tradizione popolare latinoamericana. Si tratta di composizioni ora\" \/>\n<meta name=\"robots\" content=\"index, follow, max-snippet:-1, max-image-preview:large, max-video-preview:-1\" \/>\n<link rel=\"canonical\" href=\"https:\/\/ilcrogiuolo.it\/it\/p\/libro-le-orazioni-misteriose-pagine-172\/\" \/>\n<meta property=\"og:locale\" content=\"it_IT\" \/>\n<meta property=\"og:type\" content=\"article\" \/>\n<meta property=\"og:title\" content=\"LIBRO - LE ORAZIONI MISTERIOSE - PAGINE 172 - Il Crogiuolo\" \/>\n<meta property=\"og:description\" content=\"LIBRO - LE ORAZIONI MISTERIOSE - PAGINE 172 Questo piccolo libro raccoglie una serie di orazioni che sono state tramandate dalla tradizione popolare latinoamericana. Si tratta di composizioni ora\" \/>\n<meta property=\"og:url\" content=\"https:\/\/ilcrogiuolo.it\/it\/p\/libro-le-orazioni-misteriose-pagine-172\/\" \/>\n<meta property=\"og:site_name\" content=\"Il Crogiuolo\" \/>\n<meta property=\"article:publisher\" content=\"https:\/\/www.facebook.com\/Il-Crogiuolo-681876418491758\" \/>\n<meta property=\"article:modified_time\" content=\"2023-03-02T11:44:53+00:00\" \/>\n<meta property=\"og:image\" content=\"https:\/\/ilcrogiuolo.it\/wp-content\/uploads\/2020\/01\/ORAZIONI-MISTERIOSE.png\" \/>\n\t<meta property=\"og:image:width\" content=\"924\" \/>\n\t<meta property=\"og:image:height\" content=\"898\" \/>\n\t<meta property=\"og:image:type\" content=\"image\/png\" \/>\n<meta name=\"twitter:card\" content=\"summary_large_image\" \/>\n<meta name=\"twitter:label1\" content=\"Tempo di lettura stimato\" \/>\n\t<meta name=\"twitter:data1\" content=\"2 minuti\" \/>\n<script type=\"application\/ld+json\" class=\"yoast-schema-graph\">{\"@context\":\"https:\/\/schema.org\",\"@graph\":[{\"@type\":\"WebPage\",\"@id\":\"https:\/\/ilcrogiuolo.it\/it\/p\/libro-le-orazioni-misteriose-pagine-172\/\",\"url\":\"https:\/\/ilcrogiuolo.it\/it\/p\/libro-le-orazioni-misteriose-pagine-172\/\",\"name\":\"LIBRO - LE ORAZIONI MISTERIOSE - PAGINE 172 - Il Crogiuolo\",\"isPartOf\":{\"@id\":\"https:\/\/ilcrogiuolo.it\/it\/#website\"},\"primaryImageOfPage\":{\"@id\":\"https:\/\/ilcrogiuolo.it\/it\/p\/libro-le-orazioni-misteriose-pagine-172\/#primaryimage\"},\"image\":{\"@id\":\"https:\/\/ilcrogiuolo.it\/it\/p\/libro-le-orazioni-misteriose-pagine-172\/#primaryimage\"},\"thumbnailUrl\":\"https:\/\/ilcrogiuolo.it\/wp-content\/uploads\/2020\/01\/ORAZIONI-MISTERIOSE.png\",\"datePublished\":\"2020-01-14T16:11:58+00:00\",\"dateModified\":\"2023-03-02T11:44:53+00:00\",\"description\":\"LIBRO - LE ORAZIONI MISTERIOSE - PAGINE 172 Questo piccolo libro raccoglie una serie di orazioni che sono state tramandate dalla tradizione popolare latinoamericana. Si tratta di composizioni ora\",\"breadcrumb\":{\"@id\":\"https:\/\/ilcrogiuolo.it\/it\/p\/libro-le-orazioni-misteriose-pagine-172\/#breadcrumb\"},\"inLanguage\":\"it-IT\",\"potentialAction\":[{\"@type\":\"ReadAction\",\"target\":[\"https:\/\/ilcrogiuolo.it\/it\/p\/libro-le-orazioni-misteriose-pagine-172\/\"]}]},{\"@type\":\"ImageObject\",\"inLanguage\":\"it-IT\",\"@id\":\"https:\/\/ilcrogiuolo.it\/it\/p\/libro-le-orazioni-misteriose-pagine-172\/#primaryimage\",\"url\":\"https:\/\/ilcrogiuolo.it\/wp-content\/uploads\/2020\/01\/ORAZIONI-MISTERIOSE.png\",\"contentUrl\":\"https:\/\/ilcrogiuolo.it\/wp-content\/uploads\/2020\/01\/ORAZIONI-MISTERIOSE.png\",\"width\":924,\"height\":898},{\"@type\":\"BreadcrumbList\",\"@id\":\"https:\/\/ilcrogiuolo.it\/it\/p\/libro-le-orazioni-misteriose-pagine-172\/#breadcrumb\",\"itemListElement\":[{\"@type\":\"ListItem\",\"position\":1,\"name\":\"Home\",\"item\":\"https:\/\/ilcrogiuolo.it\/it\/\"},{\"@type\":\"ListItem\",\"position\":2,\"name\":\"Shop\",\"item\":\"https:\/\/ilcrogiuolo.it\/it\/negozio\/\"},{\"@type\":\"ListItem\",\"position\":3,\"name\":\"LIBRO &#8211; LE ORAZIONI MISTERIOSE &#8211; PAGINE 172\"}]},{\"@type\":\"WebSite\",\"@id\":\"https:\/\/ilcrogiuolo.it\/it\/#website\",\"url\":\"https:\/\/ilcrogiuolo.it\/it\/\",\"name\":\"Il Crogiuolo\",\"description\":\"\",\"publisher\":{\"@id\":\"https:\/\/ilcrogiuolo.it\/it\/#organization\"},\"potentialAction\":[{\"@type\":\"SearchAction\",\"target\":{\"@type\":\"EntryPoint\",\"urlTemplate\":\"https:\/\/ilcrogiuolo.it\/it\/?s={search_term_string}\"},\"query-input\":{\"@type\":\"PropertyValueSpecification\",\"valueRequired\":true,\"valueName\":\"search_term_string\"}}],\"inLanguage\":\"it-IT\"},{\"@type\":\"Organization\",\"@id\":\"https:\/\/ilcrogiuolo.it\/it\/#organization\",\"name\":\"Il Crogiuolo\",\"url\":\"https:\/\/ilcrogiuolo.it\/it\/\",\"logo\":{\"@type\":\"ImageObject\",\"inLanguage\":\"it-IT\",\"@id\":\"https:\/\/ilcrogiuolo.it\/it\/#\/schema\/logo\/image\/\",\"url\":\"https:\/\/ilcrogiuolo.it\/wp-content\/uploads\/2020\/04\/logo.png\",\"contentUrl\":\"https:\/\/ilcrogiuolo.it\/wp-content\/uploads\/2020\/04\/logo.png\",\"width\":200,\"height\":49,\"caption\":\"Il Crogiuolo\"},\"image\":{\"@id\":\"https:\/\/ilcrogiuolo.it\/it\/#\/schema\/logo\/image\/\"},\"sameAs\":[\"https:\/\/www.facebook.com\/Il-Crogiuolo-681876418491758\"]}]}<\/script>\n<!-- \/ Yoast SEO plugin. -->","yoast_head_json":{"title":"LIBRO - LE ORAZIONI MISTERIOSE - PAGINE 172 - Il Crogiuolo","description":"LIBRO - LE ORAZIONI MISTERIOSE - PAGINE 172 Questo piccolo libro raccoglie una serie di orazioni che sono state tramandate dalla tradizione popolare latinoamericana. Si tratta di composizioni ora","robots":{"index":"index","follow":"follow","max-snippet":"max-snippet:-1","max-image-preview":"max-image-preview:large","max-video-preview":"max-video-preview:-1"},"canonical":"https:\/\/ilcrogiuolo.it\/it\/p\/libro-le-orazioni-misteriose-pagine-172\/","og_locale":"it_IT","og_type":"article","og_title":"LIBRO - LE ORAZIONI MISTERIOSE - PAGINE 172 - Il Crogiuolo","og_description":"LIBRO - LE ORAZIONI MISTERIOSE - PAGINE 172 Questo piccolo libro raccoglie una serie di orazioni che sono state tramandate dalla tradizione popolare latinoamericana. Si tratta di composizioni ora","og_url":"https:\/\/ilcrogiuolo.it\/it\/p\/libro-le-orazioni-misteriose-pagine-172\/","og_site_name":"Il Crogiuolo","article_publisher":"https:\/\/www.facebook.com\/Il-Crogiuolo-681876418491758","article_modified_time":"2023-03-02T11:44:53+00:00","og_image":[{"width":924,"height":898,"url":"https:\/\/ilcrogiuolo.it\/wp-content\/uploads\/2020\/01\/ORAZIONI-MISTERIOSE.png","type":"image\/png"}],"twitter_card":"summary_large_image","twitter_misc":{"Tempo di lettura stimato":"2 minuti"},"schema":{"@context":"https:\/\/schema.org","@graph":[{"@type":"WebPage","@id":"https:\/\/ilcrogiuolo.it\/it\/p\/libro-le-orazioni-misteriose-pagine-172\/","url":"https:\/\/ilcrogiuolo.it\/it\/p\/libro-le-orazioni-misteriose-pagine-172\/","name":"LIBRO - LE ORAZIONI MISTERIOSE - PAGINE 172 - Il Crogiuolo","isPartOf":{"@id":"https:\/\/ilcrogiuolo.it\/it\/#website"},"primaryImageOfPage":{"@id":"https:\/\/ilcrogiuolo.it\/it\/p\/libro-le-orazioni-misteriose-pagine-172\/#primaryimage"},"image":{"@id":"https:\/\/ilcrogiuolo.it\/it\/p\/libro-le-orazioni-misteriose-pagine-172\/#primaryimage"},"thumbnailUrl":"https:\/\/ilcrogiuolo.it\/wp-content\/uploads\/2020\/01\/ORAZIONI-MISTERIOSE.png","datePublished":"2020-01-14T16:11:58+00:00","dateModified":"2023-03-02T11:44:53+00:00","description":"LIBRO - LE ORAZIONI MISTERIOSE - PAGINE 172 Questo piccolo libro raccoglie una serie di orazioni che sono state tramandate dalla tradizione popolare latinoamericana. Si tratta di composizioni ora","breadcrumb":{"@id":"https:\/\/ilcrogiuolo.it\/it\/p\/libro-le-orazioni-misteriose-pagine-172\/#breadcrumb"},"inLanguage":"it-IT","potentialAction":[{"@type":"ReadAction","target":["https:\/\/ilcrogiuolo.it\/it\/p\/libro-le-orazioni-misteriose-pagine-172\/"]}]},{"@type":"ImageObject","inLanguage":"it-IT","@id":"https:\/\/ilcrogiuolo.it\/it\/p\/libro-le-orazioni-misteriose-pagine-172\/#primaryimage","url":"https:\/\/ilcrogiuolo.it\/wp-content\/uploads\/2020\/01\/ORAZIONI-MISTERIOSE.png","contentUrl":"https:\/\/ilcrogiuolo.it\/wp-content\/uploads\/2020\/01\/ORAZIONI-MISTERIOSE.png","width":924,"height":898},{"@type":"BreadcrumbList","@id":"https:\/\/ilcrogiuolo.it\/it\/p\/libro-le-orazioni-misteriose-pagine-172\/#breadcrumb","itemListElement":[{"@type":"ListItem","position":1,"name":"Home","item":"https:\/\/ilcrogiuolo.it\/it\/"},{"@type":"ListItem","position":2,"name":"Shop","item":"https:\/\/ilcrogiuolo.it\/it\/negozio\/"},{"@type":"ListItem","position":3,"name":"LIBRO &#8211; LE ORAZIONI MISTERIOSE &#8211; PAGINE 172"}]},{"@type":"WebSite","@id":"https:\/\/ilcrogiuolo.it\/it\/#website","url":"https:\/\/ilcrogiuolo.it\/it\/","name":"Il Crogiuolo","description":"","publisher":{"@id":"https:\/\/ilcrogiuolo.it\/it\/#organization"},"potentialAction":[{"@type":"SearchAction","target":{"@type":"EntryPoint","urlTemplate":"https:\/\/ilcrogiuolo.it\/it\/?s={search_term_string}"},"query-input":{"@type":"PropertyValueSpecification","valueRequired":true,"valueName":"search_term_string"}}],"inLanguage":"it-IT"},{"@type":"Organization","@id":"https:\/\/ilcrogiuolo.it\/it\/#organization","name":"Il Crogiuolo","url":"https:\/\/ilcrogiuolo.it\/it\/","logo":{"@type":"ImageObject","inLanguage":"it-IT","@id":"https:\/\/ilcrogiuolo.it\/it\/#\/schema\/logo\/image\/","url":"https:\/\/ilcrogiuolo.it\/wp-content\/uploads\/2020\/04\/logo.png","contentUrl":"https:\/\/ilcrogiuolo.it\/wp-content\/uploads\/2020\/04\/logo.png","width":200,"height":49,"caption":"Il Crogiuolo"},"image":{"@id":"https:\/\/ilcrogiuolo.it\/it\/#\/schema\/logo\/image\/"},"sameAs":["https:\/\/www.facebook.com\/Il-Crogiuolo-681876418491758"]}]}},"_links":{"self":[{"href":"https:\/\/ilcrogiuolo.it\/it\/wp-json\/wp\/v2\/product\/5957","targetHints":{"allow":["GET"]}}],"collection":[{"href":"https:\/\/ilcrogiuolo.it\/it\/wp-json\/wp\/v2\/product"}],"about":[{"href":"https:\/\/ilcrogiuolo.it\/it\/wp-json\/wp\/v2\/types\/product"}],"wp:featuredmedia":[{"embeddable":true,"href":"https:\/\/ilcrogiuolo.it\/it\/wp-json\/wp\/v2\/media\/41258"}],"wp:attachment":[{"href":"https:\/\/ilcrogiuolo.it\/it\/wp-json\/wp\/v2\/media?parent=5957"}],"wp:term":[{"taxonomy":"product_brand","embeddable":true,"href":"https:\/\/ilcrogiuolo.it\/it\/wp-json\/wp\/v2\/product_brand?post=5957"},{"taxonomy":"product_cat","embeddable":true,"href":"https:\/\/ilcrogiuolo.it\/it\/wp-json\/wp\/v2\/product_cat?post=5957"},{"taxonomy":"product_tag","embeddable":true,"href":"https:\/\/ilcrogiuolo.it\/it\/wp-json\/wp\/v2\/product_tag?post=5957"}],"curies":[{"name":"wp","href":"https:\/\/api.w.org\/{rel}","templated":true}]}}