{"id":5948,"date":"2020-01-14T17:11:51","date_gmt":"2020-01-14T16:11:51","guid":{"rendered":"https:\/\/ilcrogiuolo.it\/p\/polvere-de-la-mujer-x\/"},"modified":"2024-02-15T16:42:38","modified_gmt":"2024-02-15T15:42:38","slug":"polvere-de-la-mujer-x","status":"publish","type":"product","link":"https:\/\/ilcrogiuolo.it\/it\/p\/polvere-de-la-mujer-x\/","title":{"rendered":"POLVERE DE LA MUJER X"},"content":{"rendered":"<p><strong>De la Mujer X<\/strong>: La polvere della \u00ab\u00a0Donna X\u00a0\u00bb viene impiegata soprattutto dalle prostitute per affascinare, catturare e attirare clienti, ma non solo, pu\u00f2 aiutare anche le donne timide a risvegliare la sensualit\u00e0 ed il desiderio o per essere spregiudicate. Si impiega questa polvere nella ritualistica di Pomba Gira, ma anche rivolgendosi a Maria Maddalena recitando la sua orazione:\u201d <em>Chi \u00e8 senza peccato scagli la prima pietra. Tu che seguisti i passi del Maestro e godesti della sua presenza cos\u00ec da vicino, con ammirazione e rispetto, tu che ti allontanasti da una vita di peccato per incontrare la luce, illumina i miei passi affinch\u00e8 possa andare avanti senza cadere nei pericoli. Con la tua protezione possa ottenere l\u2019energia che mi manca per superare tutte le difficolt\u00e0 di questo lavoro, possa conservare la salute e ricevere la buona sorte di cui ho bisogno per affrontare i problemi di ogni giorno. Benedetta Santa Maria Maddalena, non mi abbandonare. Amen<\/em>\u201d.<\/p>\n<p>Per aumentare il desiderio sessuale in una donna si pu\u00f2 ricorrere a questo rituale. Su un foglietto di carta scrivere il proprio nome seguito da quello della propria compagna. Ungere i quattro angoli del foglietto con un olio speciale chiamato Sangue de Pomba Gira e piegarlo in quattro. Ungere con lo stesso olio una candela a forma di vagina di colore rosso e spruzzarla con una polvere di desiderio. Accendere un cono d\u2019incenso (defumador) di Pomba Gira, invocare l\u2019entit\u00e0 con questa preghiera:\u201dPotente Signora del Sesso, Pomba Gira, maestra tantrica dai mille segreti, invoco il tuo potere per riscaldare la natura di (nome), affinch\u00e8 si sciolga per me versando balsami d\u2019amore\u201d. Lasciare consumare la candela per sette minuti, quindi spegnerla con le dita e riprendere il giorno successivo. Questo rituale va fatto per sette giorni, nella settimana di luna piena iniziando l\u2019ultimo venerd\u00ec di luna crescente. L\u2019ultimo giorno si lascer\u00e0 consumare completamente la candela. Questo stesso rituale pu\u00f2 essere fatto su un uomo, in questo caso si utilizzer\u00e0 una candela a forma di fallo, rossa.<\/p>\n<p align=\"left\"><strong>La confezione contiene circa\u00a05 Gr di prodotto<\/strong><\/p>\n","protected":false},"excerpt":{"rendered":"<p>De la Mujer X: La polvere della \u00ab\u00a0Donna X\u00a0\u00bb viene impiegata soprattutto dalle prostitute per affascinare, catturare e attirare clienti,&#8230;<\/p>\n","protected":false},"featured_media":45279,"template":"","meta":{"_acf_changed":false},"product_brand":[],"product_cat":[1081,1059,1281],"product_tag":[],"class_list":{"0":"post-5948","1":"product","2":"type-product","3":"status-publish","4":"has-post-thumbnail","6":"product_cat-polveri-esoteriche-e-pembas","7":"product_cat-articoli-esoterici","8":"product_cat-polveri-esoteriche-legamenti-damore-e-sessuali","10":"first","11":"instock","12":"taxable","13":"shipping-taxable","14":"purchasable","15":"product-type-simple","16":"add-to-wishlist-before_image"},"acf":[],"yoast_head":"<!-- This site is optimized with the Yoast SEO plugin v26.9 - https:\/\/yoast.com\/product\/yoast-seo-wordpress\/ -->\n<title>POLVERE DE LA MUJER X - Il Crogiuolo<\/title>\n<meta name=\"description\" content=\"POLVERE DE LA MUJER X De la Mujer X: La polvere della \u00ab\u00a0Donna X\u00a0\u00bb viene impiegata soprattutto dalle prostitute per affascinare, catturare e attirare clienti, ma non solo, pu\u00f2\" \/>\n<meta name=\"robots\" content=\"index, follow, max-snippet:-1, max-image-preview:large, max-video-preview:-1\" \/>\n<link rel=\"canonical\" href=\"https:\/\/ilcrogiuolo.it\/it\/p\/polvere-de-la-mujer-x\/\" \/>\n<meta property=\"og:locale\" content=\"it_IT\" \/>\n<meta property=\"og:type\" content=\"article\" \/>\n<meta property=\"og:title\" content=\"POLVERE DE LA MUJER X - Il Crogiuolo\" \/>\n<meta property=\"og:description\" content=\"POLVERE DE LA MUJER X De la Mujer X: La polvere della \u00ab\u00a0Donna X\u00a0\u00bb viene impiegata soprattutto dalle prostitute per affascinare, catturare e attirare clienti, ma non solo, pu\u00f2\" \/>\n<meta property=\"og:url\" content=\"https:\/\/ilcrogiuolo.it\/it\/p\/polvere-de-la-mujer-x\/\" \/>\n<meta property=\"og:site_name\" content=\"Il Crogiuolo\" \/>\n<meta property=\"article:publisher\" content=\"https:\/\/www.facebook.com\/Il-Crogiuolo-681876418491758\" \/>\n<meta property=\"article:modified_time\" content=\"2024-02-15T15:42:38+00:00\" \/>\n<meta property=\"og:image\" content=\"https:\/\/ilcrogiuolo.it\/wp-content\/uploads\/2020\/01\/mujer.png\" \/>\n\t<meta property=\"og:image:width\" content=\"627\" \/>\n\t<meta property=\"og:image:height\" content=\"600\" \/>\n\t<meta property=\"og:image:type\" content=\"image\/png\" \/>\n<meta name=\"twitter:card\" content=\"summary_large_image\" \/>\n<meta name=\"twitter:label1\" content=\"Tempo di lettura stimato\" \/>\n\t<meta name=\"twitter:data1\" content=\"2 minuti\" \/>\n<script type=\"application\/ld+json\" class=\"yoast-schema-graph\">{\"@context\":\"https:\/\/schema.org\",\"@graph\":[{\"@type\":\"WebPage\",\"@id\":\"https:\/\/ilcrogiuolo.it\/it\/p\/polvere-de-la-mujer-x\/\",\"url\":\"https:\/\/ilcrogiuolo.it\/it\/p\/polvere-de-la-mujer-x\/\",\"name\":\"POLVERE DE LA MUJER X - Il Crogiuolo\",\"isPartOf\":{\"@id\":\"https:\/\/ilcrogiuolo.it\/it\/#website\"},\"primaryImageOfPage\":{\"@id\":\"https:\/\/ilcrogiuolo.it\/it\/p\/polvere-de-la-mujer-x\/#primaryimage\"},\"image\":{\"@id\":\"https:\/\/ilcrogiuolo.it\/it\/p\/polvere-de-la-mujer-x\/#primaryimage\"},\"thumbnailUrl\":\"https:\/\/ilcrogiuolo.it\/wp-content\/uploads\/2020\/01\/mujer.png\",\"datePublished\":\"2020-01-14T16:11:51+00:00\",\"dateModified\":\"2024-02-15T15:42:38+00:00\",\"description\":\"POLVERE DE LA MUJER X De la Mujer X: La polvere della \u00ab\u00a0Donna X\u00a0\u00bb viene impiegata soprattutto dalle prostitute per affascinare, catturare e attirare clienti, ma non solo, pu\u00f2\",\"breadcrumb\":{\"@id\":\"https:\/\/ilcrogiuolo.it\/it\/p\/polvere-de-la-mujer-x\/#breadcrumb\"},\"inLanguage\":\"it-IT\",\"potentialAction\":[{\"@type\":\"ReadAction\",\"target\":[\"https:\/\/ilcrogiuolo.it\/it\/p\/polvere-de-la-mujer-x\/\"]}]},{\"@type\":\"ImageObject\",\"inLanguage\":\"it-IT\",\"@id\":\"https:\/\/ilcrogiuolo.it\/it\/p\/polvere-de-la-mujer-x\/#primaryimage\",\"url\":\"https:\/\/ilcrogiuolo.it\/wp-content\/uploads\/2020\/01\/mujer.png\",\"contentUrl\":\"https:\/\/ilcrogiuolo.it\/wp-content\/uploads\/2020\/01\/mujer.png\",\"width\":627,\"height\":600},{\"@type\":\"BreadcrumbList\",\"@id\":\"https:\/\/ilcrogiuolo.it\/it\/p\/polvere-de-la-mujer-x\/#breadcrumb\",\"itemListElement\":[{\"@type\":\"ListItem\",\"position\":1,\"name\":\"Home\",\"item\":\"https:\/\/ilcrogiuolo.it\/it\/\"},{\"@type\":\"ListItem\",\"position\":2,\"name\":\"Shop\",\"item\":\"https:\/\/ilcrogiuolo.it\/it\/negozio\/\"},{\"@type\":\"ListItem\",\"position\":3,\"name\":\"POLVERE DE LA MUJER X\"}]},{\"@type\":\"WebSite\",\"@id\":\"https:\/\/ilcrogiuolo.it\/it\/#website\",\"url\":\"https:\/\/ilcrogiuolo.it\/it\/\",\"name\":\"Il Crogiuolo\",\"description\":\"\",\"publisher\":{\"@id\":\"https:\/\/ilcrogiuolo.it\/it\/#organization\"},\"potentialAction\":[{\"@type\":\"SearchAction\",\"target\":{\"@type\":\"EntryPoint\",\"urlTemplate\":\"https:\/\/ilcrogiuolo.it\/it\/?s={search_term_string}\"},\"query-input\":{\"@type\":\"PropertyValueSpecification\",\"valueRequired\":true,\"valueName\":\"search_term_string\"}}],\"inLanguage\":\"it-IT\"},{\"@type\":\"Organization\",\"@id\":\"https:\/\/ilcrogiuolo.it\/it\/#organization\",\"name\":\"Il Crogiuolo\",\"url\":\"https:\/\/ilcrogiuolo.it\/it\/\",\"logo\":{\"@type\":\"ImageObject\",\"inLanguage\":\"it-IT\",\"@id\":\"https:\/\/ilcrogiuolo.it\/it\/#\/schema\/logo\/image\/\",\"url\":\"https:\/\/ilcrogiuolo.it\/wp-content\/uploads\/2020\/04\/logo.png\",\"contentUrl\":\"https:\/\/ilcrogiuolo.it\/wp-content\/uploads\/2020\/04\/logo.png\",\"width\":200,\"height\":49,\"caption\":\"Il Crogiuolo\"},\"image\":{\"@id\":\"https:\/\/ilcrogiuolo.it\/it\/#\/schema\/logo\/image\/\"},\"sameAs\":[\"https:\/\/www.facebook.com\/Il-Crogiuolo-681876418491758\"]}]}<\/script>\n<!-- \/ Yoast SEO plugin. -->","yoast_head_json":{"title":"POLVERE DE LA MUJER X - Il Crogiuolo","description":"POLVERE DE LA MUJER X De la Mujer X: La polvere della \u00ab\u00a0Donna X\u00a0\u00bb viene impiegata soprattutto dalle prostitute per affascinare, catturare e attirare clienti, ma non solo, pu\u00f2","robots":{"index":"index","follow":"follow","max-snippet":"max-snippet:-1","max-image-preview":"max-image-preview:large","max-video-preview":"max-video-preview:-1"},"canonical":"https:\/\/ilcrogiuolo.it\/it\/p\/polvere-de-la-mujer-x\/","og_locale":"it_IT","og_type":"article","og_title":"POLVERE DE LA MUJER X - Il Crogiuolo","og_description":"POLVERE DE LA MUJER X De la Mujer X: La polvere della \u00ab\u00a0Donna X\u00a0\u00bb viene impiegata soprattutto dalle prostitute per affascinare, catturare e attirare clienti, ma non solo, pu\u00f2","og_url":"https:\/\/ilcrogiuolo.it\/it\/p\/polvere-de-la-mujer-x\/","og_site_name":"Il Crogiuolo","article_publisher":"https:\/\/www.facebook.com\/Il-Crogiuolo-681876418491758","article_modified_time":"2024-02-15T15:42:38+00:00","og_image":[{"width":627,"height":600,"url":"https:\/\/ilcrogiuolo.it\/wp-content\/uploads\/2020\/01\/mujer.png","type":"image\/png"}],"twitter_card":"summary_large_image","twitter_misc":{"Tempo di lettura stimato":"2 minuti"},"schema":{"@context":"https:\/\/schema.org","@graph":[{"@type":"WebPage","@id":"https:\/\/ilcrogiuolo.it\/it\/p\/polvere-de-la-mujer-x\/","url":"https:\/\/ilcrogiuolo.it\/it\/p\/polvere-de-la-mujer-x\/","name":"POLVERE DE LA MUJER X - Il Crogiuolo","isPartOf":{"@id":"https:\/\/ilcrogiuolo.it\/it\/#website"},"primaryImageOfPage":{"@id":"https:\/\/ilcrogiuolo.it\/it\/p\/polvere-de-la-mujer-x\/#primaryimage"},"image":{"@id":"https:\/\/ilcrogiuolo.it\/it\/p\/polvere-de-la-mujer-x\/#primaryimage"},"thumbnailUrl":"https:\/\/ilcrogiuolo.it\/wp-content\/uploads\/2020\/01\/mujer.png","datePublished":"2020-01-14T16:11:51+00:00","dateModified":"2024-02-15T15:42:38+00:00","description":"POLVERE DE LA MUJER X De la Mujer X: La polvere della \u00ab\u00a0Donna X\u00a0\u00bb viene impiegata soprattutto dalle prostitute per affascinare, catturare e attirare clienti, ma non solo, pu\u00f2","breadcrumb":{"@id":"https:\/\/ilcrogiuolo.it\/it\/p\/polvere-de-la-mujer-x\/#breadcrumb"},"inLanguage":"it-IT","potentialAction":[{"@type":"ReadAction","target":["https:\/\/ilcrogiuolo.it\/it\/p\/polvere-de-la-mujer-x\/"]}]},{"@type":"ImageObject","inLanguage":"it-IT","@id":"https:\/\/ilcrogiuolo.it\/it\/p\/polvere-de-la-mujer-x\/#primaryimage","url":"https:\/\/ilcrogiuolo.it\/wp-content\/uploads\/2020\/01\/mujer.png","contentUrl":"https:\/\/ilcrogiuolo.it\/wp-content\/uploads\/2020\/01\/mujer.png","width":627,"height":600},{"@type":"BreadcrumbList","@id":"https:\/\/ilcrogiuolo.it\/it\/p\/polvere-de-la-mujer-x\/#breadcrumb","itemListElement":[{"@type":"ListItem","position":1,"name":"Home","item":"https:\/\/ilcrogiuolo.it\/it\/"},{"@type":"ListItem","position":2,"name":"Shop","item":"https:\/\/ilcrogiuolo.it\/it\/negozio\/"},{"@type":"ListItem","position":3,"name":"POLVERE DE LA MUJER X"}]},{"@type":"WebSite","@id":"https:\/\/ilcrogiuolo.it\/it\/#website","url":"https:\/\/ilcrogiuolo.it\/it\/","name":"Il Crogiuolo","description":"","publisher":{"@id":"https:\/\/ilcrogiuolo.it\/it\/#organization"},"potentialAction":[{"@type":"SearchAction","target":{"@type":"EntryPoint","urlTemplate":"https:\/\/ilcrogiuolo.it\/it\/?s={search_term_string}"},"query-input":{"@type":"PropertyValueSpecification","valueRequired":true,"valueName":"search_term_string"}}],"inLanguage":"it-IT"},{"@type":"Organization","@id":"https:\/\/ilcrogiuolo.it\/it\/#organization","name":"Il Crogiuolo","url":"https:\/\/ilcrogiuolo.it\/it\/","logo":{"@type":"ImageObject","inLanguage":"it-IT","@id":"https:\/\/ilcrogiuolo.it\/it\/#\/schema\/logo\/image\/","url":"https:\/\/ilcrogiuolo.it\/wp-content\/uploads\/2020\/04\/logo.png","contentUrl":"https:\/\/ilcrogiuolo.it\/wp-content\/uploads\/2020\/04\/logo.png","width":200,"height":49,"caption":"Il Crogiuolo"},"image":{"@id":"https:\/\/ilcrogiuolo.it\/it\/#\/schema\/logo\/image\/"},"sameAs":["https:\/\/www.facebook.com\/Il-Crogiuolo-681876418491758"]}]}},"_links":{"self":[{"href":"https:\/\/ilcrogiuolo.it\/it\/wp-json\/wp\/v2\/product\/5948","targetHints":{"allow":["GET"]}}],"collection":[{"href":"https:\/\/ilcrogiuolo.it\/it\/wp-json\/wp\/v2\/product"}],"about":[{"href":"https:\/\/ilcrogiuolo.it\/it\/wp-json\/wp\/v2\/types\/product"}],"wp:featuredmedia":[{"embeddable":true,"href":"https:\/\/ilcrogiuolo.it\/it\/wp-json\/wp\/v2\/media\/45279"}],"wp:attachment":[{"href":"https:\/\/ilcrogiuolo.it\/it\/wp-json\/wp\/v2\/media?parent=5948"}],"wp:term":[{"taxonomy":"product_brand","embeddable":true,"href":"https:\/\/ilcrogiuolo.it\/it\/wp-json\/wp\/v2\/product_brand?post=5948"},{"taxonomy":"product_cat","embeddable":true,"href":"https:\/\/ilcrogiuolo.it\/it\/wp-json\/wp\/v2\/product_cat?post=5948"},{"taxonomy":"product_tag","embeddable":true,"href":"https:\/\/ilcrogiuolo.it\/it\/wp-json\/wp\/v2\/product_tag?post=5948"}],"curies":[{"name":"wp","href":"https:\/\/api.w.org\/{rel}","templated":true}]}}