{"id":5823,"date":"2020-01-14T17:11:38","date_gmt":"2020-01-14T16:11:38","guid":{"rendered":"https:\/\/ilcrogiuolo.it\/p\/polvere-regresa-a-mi\/"},"modified":"2024-02-16T10:41:56","modified_gmt":"2024-02-16T09:41:56","slug":"polvere-regresa-a-mi","status":"publish","type":"product","link":"https:\/\/ilcrogiuolo.it\/it\/p\/polvere-regresa-a-mi\/","title":{"rendered":"POLVERE REGRESA A MI"},"content":{"rendered":"<p><strong>Regresa a Mi<\/strong> (ritorna da me): \u00e8 una delle polveri pi\u00f9 conosciute nella magia di amore e serve per fare ritornare una persona che si \u00e8 allontanata: un amante, un amico, un marito\/moglie. Si utilizza ripetendo per sette volte il nome della persona (come recita l\u2019iscrizione sulla confezione), ma si pu\u00f2 utilizzare anche su fotografia o nei rituali pi\u00f9 complessi per dare un imput pi\u00f9 profondo alla pratica. Viene utilizzata normalmente con candele rosse. Un altro sistema di impiego consiste nello scrivere il nome della persona su un foglietto di carta da pane marrone, a matita. Ungere i quattro angoli del foglio con olio Amor. Bruciare il foglietto e mescolare le ceneri alla polvere. Ungere una candela rossa figurata uomo\/donna a seconda del sesso della persona con olio Amor e olio Dominante (Bend Over), dopo aver inciso il nome della persona sul petto, cospargere la candela con met\u00e0 della polvere, accenderla dietro alla porta di casa e invocare l\u2019Anima Sola recitando la sua Orazione seguita da un Padre Nostro ed un\u2019Ave Maria:\u201d Anima Triste, Anima Sola, nessuno ti chiama, io ti voglio, io ti chiamo, nessuno ti necessita, io ti necessito, nessuno ti vuole per il fatto che non puoi entrare al cielo stando all\u2019inferno, monterai il miglior cavallo e\u00a0 ti dirigerai al Monte Tartaceo e dall\u2019albero taglierai tre rami, uno lo consegnerai allo Spirito Dominante, un\u2019altro allo Spirito Intranquillo e l\u2019altro che ti resta ti prego che lo passi per l\u2019interno di (nome della persona) affinch\u00e8 non possa stare tranquillo, dominalo e che in nessun luogo possa stare fermo, n\u00e8 sedersi in nessuna sedia, n\u00e8 mangiare a nessun tavolo, n\u00e8 in nessun letto sdraiarsi e che non ci sia nessuna nera, n\u00e8 bianca, n\u00e8 mulatta, n\u00e8 concubina che gli possa parlare; che venga a me, come un cane dietro al suo padrone a umiliarsi ai miei piedi\u201d. A lato della candela non dimenticare di mettere un bicchiere con acqua. Questo lavoro si esegue tradizionalmente di luned\u00ec a mezzogiorno o a mezzanotte.<\/p>\n<p><strong>La confezione contiene circa 5 Gr di prodotto<\/strong><\/p>\n","protected":false},"excerpt":{"rendered":"<p>Regresa a Mi (ritorna da me): \u00e8 una delle polveri pi\u00f9 conosciute nella magia di amore e serve per fare&#8230;<\/p>\n","protected":false},"featured_media":45332,"template":"","meta":{"_acf_changed":false},"product_brand":[],"product_cat":[1081,1059,1281],"product_tag":[],"class_list":{"0":"post-5823","1":"product","2":"type-product","3":"status-publish","4":"has-post-thumbnail","6":"product_cat-polveri-esoteriche-e-pembas","7":"product_cat-articoli-esoterici","8":"product_cat-polveri-esoteriche-legamenti-damore-e-sessuali","10":"first","11":"instock","12":"taxable","13":"shipping-taxable","14":"purchasable","15":"product-type-simple","16":"add-to-wishlist-before_image"},"acf":[],"yoast_head":"<!-- This site is optimized with the Yoast SEO plugin v26.9 - https:\/\/yoast.com\/product\/yoast-seo-wordpress\/ -->\n<title>POLVERE REGRESA A MI - Il Crogiuolo<\/title>\n<meta name=\"description\" content=\"POLVERE REGRESA A MI Regresa a Mi (ritorna da me): \u00e8 una delle polveri pi\u00f9 conosciute nella magia di amore e serve per fare ritornare una persona che si \u00e8 allontanata: un\" \/>\n<meta name=\"robots\" content=\"index, follow, max-snippet:-1, max-image-preview:large, max-video-preview:-1\" \/>\n<link rel=\"canonical\" href=\"https:\/\/ilcrogiuolo.it\/it\/p\/polvere-regresa-a-mi\/\" \/>\n<meta property=\"og:locale\" content=\"it_IT\" \/>\n<meta property=\"og:type\" content=\"article\" \/>\n<meta property=\"og:title\" content=\"POLVERE REGRESA A MI - Il Crogiuolo\" \/>\n<meta property=\"og:description\" content=\"POLVERE REGRESA A MI Regresa a Mi (ritorna da me): \u00e8 una delle polveri pi\u00f9 conosciute nella magia di amore e serve per fare ritornare una persona che si \u00e8 allontanata: un\" \/>\n<meta property=\"og:url\" content=\"https:\/\/ilcrogiuolo.it\/it\/p\/polvere-regresa-a-mi\/\" \/>\n<meta property=\"og:site_name\" content=\"Il Crogiuolo\" \/>\n<meta property=\"article:publisher\" content=\"https:\/\/www.facebook.com\/Il-Crogiuolo-681876418491758\" \/>\n<meta property=\"article:modified_time\" content=\"2024-02-16T09:41:56+00:00\" \/>\n<meta property=\"og:image\" content=\"https:\/\/ilcrogiuolo.it\/wp-content\/uploads\/2020\/01\/regresa.png\" \/>\n\t<meta property=\"og:image:width\" content=\"627\" \/>\n\t<meta property=\"og:image:height\" content=\"600\" \/>\n\t<meta property=\"og:image:type\" content=\"image\/png\" \/>\n<meta name=\"twitter:card\" content=\"summary_large_image\" \/>\n<meta name=\"twitter:label1\" content=\"Tempo di lettura stimato\" \/>\n\t<meta name=\"twitter:data1\" content=\"2 minuti\" \/>\n<script type=\"application\/ld+json\" class=\"yoast-schema-graph\">{\"@context\":\"https:\/\/schema.org\",\"@graph\":[{\"@type\":\"WebPage\",\"@id\":\"https:\/\/ilcrogiuolo.it\/it\/p\/polvere-regresa-a-mi\/\",\"url\":\"https:\/\/ilcrogiuolo.it\/it\/p\/polvere-regresa-a-mi\/\",\"name\":\"POLVERE REGRESA A MI - Il Crogiuolo\",\"isPartOf\":{\"@id\":\"https:\/\/ilcrogiuolo.it\/it\/#website\"},\"primaryImageOfPage\":{\"@id\":\"https:\/\/ilcrogiuolo.it\/it\/p\/polvere-regresa-a-mi\/#primaryimage\"},\"image\":{\"@id\":\"https:\/\/ilcrogiuolo.it\/it\/p\/polvere-regresa-a-mi\/#primaryimage\"},\"thumbnailUrl\":\"https:\/\/ilcrogiuolo.it\/wp-content\/uploads\/2020\/01\/regresa.png\",\"datePublished\":\"2020-01-14T16:11:38+00:00\",\"dateModified\":\"2024-02-16T09:41:56+00:00\",\"description\":\"POLVERE REGRESA A MI Regresa a Mi (ritorna da me): \u00e8 una delle polveri pi\u00f9 conosciute nella magia di amore e serve per fare ritornare una persona che si \u00e8 allontanata: un\",\"breadcrumb\":{\"@id\":\"https:\/\/ilcrogiuolo.it\/it\/p\/polvere-regresa-a-mi\/#breadcrumb\"},\"inLanguage\":\"it-IT\",\"potentialAction\":[{\"@type\":\"ReadAction\",\"target\":[\"https:\/\/ilcrogiuolo.it\/it\/p\/polvere-regresa-a-mi\/\"]}]},{\"@type\":\"ImageObject\",\"inLanguage\":\"it-IT\",\"@id\":\"https:\/\/ilcrogiuolo.it\/it\/p\/polvere-regresa-a-mi\/#primaryimage\",\"url\":\"https:\/\/ilcrogiuolo.it\/wp-content\/uploads\/2020\/01\/regresa.png\",\"contentUrl\":\"https:\/\/ilcrogiuolo.it\/wp-content\/uploads\/2020\/01\/regresa.png\",\"width\":627,\"height\":600},{\"@type\":\"BreadcrumbList\",\"@id\":\"https:\/\/ilcrogiuolo.it\/it\/p\/polvere-regresa-a-mi\/#breadcrumb\",\"itemListElement\":[{\"@type\":\"ListItem\",\"position\":1,\"name\":\"Home\",\"item\":\"https:\/\/ilcrogiuolo.it\/it\/\"},{\"@type\":\"ListItem\",\"position\":2,\"name\":\"Shop\",\"item\":\"https:\/\/ilcrogiuolo.it\/it\/negozio\/\"},{\"@type\":\"ListItem\",\"position\":3,\"name\":\"POLVERE REGRESA A MI\"}]},{\"@type\":\"WebSite\",\"@id\":\"https:\/\/ilcrogiuolo.it\/it\/#website\",\"url\":\"https:\/\/ilcrogiuolo.it\/it\/\",\"name\":\"Il Crogiuolo\",\"description\":\"\",\"publisher\":{\"@id\":\"https:\/\/ilcrogiuolo.it\/it\/#organization\"},\"potentialAction\":[{\"@type\":\"SearchAction\",\"target\":{\"@type\":\"EntryPoint\",\"urlTemplate\":\"https:\/\/ilcrogiuolo.it\/it\/?s={search_term_string}\"},\"query-input\":{\"@type\":\"PropertyValueSpecification\",\"valueRequired\":true,\"valueName\":\"search_term_string\"}}],\"inLanguage\":\"it-IT\"},{\"@type\":\"Organization\",\"@id\":\"https:\/\/ilcrogiuolo.it\/it\/#organization\",\"name\":\"Il Crogiuolo\",\"url\":\"https:\/\/ilcrogiuolo.it\/it\/\",\"logo\":{\"@type\":\"ImageObject\",\"inLanguage\":\"it-IT\",\"@id\":\"https:\/\/ilcrogiuolo.it\/it\/#\/schema\/logo\/image\/\",\"url\":\"https:\/\/ilcrogiuolo.it\/wp-content\/uploads\/2020\/04\/logo.png\",\"contentUrl\":\"https:\/\/ilcrogiuolo.it\/wp-content\/uploads\/2020\/04\/logo.png\",\"width\":200,\"height\":49,\"caption\":\"Il Crogiuolo\"},\"image\":{\"@id\":\"https:\/\/ilcrogiuolo.it\/it\/#\/schema\/logo\/image\/\"},\"sameAs\":[\"https:\/\/www.facebook.com\/Il-Crogiuolo-681876418491758\"]}]}<\/script>\n<!-- \/ Yoast SEO plugin. -->","yoast_head_json":{"title":"POLVERE REGRESA A MI - Il Crogiuolo","description":"POLVERE REGRESA A MI Regresa a Mi (ritorna da me): \u00e8 una delle polveri pi\u00f9 conosciute nella magia di amore e serve per fare ritornare una persona che si \u00e8 allontanata: un","robots":{"index":"index","follow":"follow","max-snippet":"max-snippet:-1","max-image-preview":"max-image-preview:large","max-video-preview":"max-video-preview:-1"},"canonical":"https:\/\/ilcrogiuolo.it\/it\/p\/polvere-regresa-a-mi\/","og_locale":"it_IT","og_type":"article","og_title":"POLVERE REGRESA A MI - Il Crogiuolo","og_description":"POLVERE REGRESA A MI Regresa a Mi (ritorna da me): \u00e8 una delle polveri pi\u00f9 conosciute nella magia di amore e serve per fare ritornare una persona che si \u00e8 allontanata: un","og_url":"https:\/\/ilcrogiuolo.it\/it\/p\/polvere-regresa-a-mi\/","og_site_name":"Il Crogiuolo","article_publisher":"https:\/\/www.facebook.com\/Il-Crogiuolo-681876418491758","article_modified_time":"2024-02-16T09:41:56+00:00","og_image":[{"width":627,"height":600,"url":"https:\/\/ilcrogiuolo.it\/wp-content\/uploads\/2020\/01\/regresa.png","type":"image\/png"}],"twitter_card":"summary_large_image","twitter_misc":{"Tempo di lettura stimato":"2 minuti"},"schema":{"@context":"https:\/\/schema.org","@graph":[{"@type":"WebPage","@id":"https:\/\/ilcrogiuolo.it\/it\/p\/polvere-regresa-a-mi\/","url":"https:\/\/ilcrogiuolo.it\/it\/p\/polvere-regresa-a-mi\/","name":"POLVERE REGRESA A MI - Il Crogiuolo","isPartOf":{"@id":"https:\/\/ilcrogiuolo.it\/it\/#website"},"primaryImageOfPage":{"@id":"https:\/\/ilcrogiuolo.it\/it\/p\/polvere-regresa-a-mi\/#primaryimage"},"image":{"@id":"https:\/\/ilcrogiuolo.it\/it\/p\/polvere-regresa-a-mi\/#primaryimage"},"thumbnailUrl":"https:\/\/ilcrogiuolo.it\/wp-content\/uploads\/2020\/01\/regresa.png","datePublished":"2020-01-14T16:11:38+00:00","dateModified":"2024-02-16T09:41:56+00:00","description":"POLVERE REGRESA A MI Regresa a Mi (ritorna da me): \u00e8 una delle polveri pi\u00f9 conosciute nella magia di amore e serve per fare ritornare una persona che si \u00e8 allontanata: un","breadcrumb":{"@id":"https:\/\/ilcrogiuolo.it\/it\/p\/polvere-regresa-a-mi\/#breadcrumb"},"inLanguage":"it-IT","potentialAction":[{"@type":"ReadAction","target":["https:\/\/ilcrogiuolo.it\/it\/p\/polvere-regresa-a-mi\/"]}]},{"@type":"ImageObject","inLanguage":"it-IT","@id":"https:\/\/ilcrogiuolo.it\/it\/p\/polvere-regresa-a-mi\/#primaryimage","url":"https:\/\/ilcrogiuolo.it\/wp-content\/uploads\/2020\/01\/regresa.png","contentUrl":"https:\/\/ilcrogiuolo.it\/wp-content\/uploads\/2020\/01\/regresa.png","width":627,"height":600},{"@type":"BreadcrumbList","@id":"https:\/\/ilcrogiuolo.it\/it\/p\/polvere-regresa-a-mi\/#breadcrumb","itemListElement":[{"@type":"ListItem","position":1,"name":"Home","item":"https:\/\/ilcrogiuolo.it\/it\/"},{"@type":"ListItem","position":2,"name":"Shop","item":"https:\/\/ilcrogiuolo.it\/it\/negozio\/"},{"@type":"ListItem","position":3,"name":"POLVERE REGRESA A MI"}]},{"@type":"WebSite","@id":"https:\/\/ilcrogiuolo.it\/it\/#website","url":"https:\/\/ilcrogiuolo.it\/it\/","name":"Il Crogiuolo","description":"","publisher":{"@id":"https:\/\/ilcrogiuolo.it\/it\/#organization"},"potentialAction":[{"@type":"SearchAction","target":{"@type":"EntryPoint","urlTemplate":"https:\/\/ilcrogiuolo.it\/it\/?s={search_term_string}"},"query-input":{"@type":"PropertyValueSpecification","valueRequired":true,"valueName":"search_term_string"}}],"inLanguage":"it-IT"},{"@type":"Organization","@id":"https:\/\/ilcrogiuolo.it\/it\/#organization","name":"Il Crogiuolo","url":"https:\/\/ilcrogiuolo.it\/it\/","logo":{"@type":"ImageObject","inLanguage":"it-IT","@id":"https:\/\/ilcrogiuolo.it\/it\/#\/schema\/logo\/image\/","url":"https:\/\/ilcrogiuolo.it\/wp-content\/uploads\/2020\/04\/logo.png","contentUrl":"https:\/\/ilcrogiuolo.it\/wp-content\/uploads\/2020\/04\/logo.png","width":200,"height":49,"caption":"Il Crogiuolo"},"image":{"@id":"https:\/\/ilcrogiuolo.it\/it\/#\/schema\/logo\/image\/"},"sameAs":["https:\/\/www.facebook.com\/Il-Crogiuolo-681876418491758"]}]}},"_links":{"self":[{"href":"https:\/\/ilcrogiuolo.it\/it\/wp-json\/wp\/v2\/product\/5823","targetHints":{"allow":["GET"]}}],"collection":[{"href":"https:\/\/ilcrogiuolo.it\/it\/wp-json\/wp\/v2\/product"}],"about":[{"href":"https:\/\/ilcrogiuolo.it\/it\/wp-json\/wp\/v2\/types\/product"}],"wp:featuredmedia":[{"embeddable":true,"href":"https:\/\/ilcrogiuolo.it\/it\/wp-json\/wp\/v2\/media\/45332"}],"wp:attachment":[{"href":"https:\/\/ilcrogiuolo.it\/it\/wp-json\/wp\/v2\/media?parent=5823"}],"wp:term":[{"taxonomy":"product_brand","embeddable":true,"href":"https:\/\/ilcrogiuolo.it\/it\/wp-json\/wp\/v2\/product_brand?post=5823"},{"taxonomy":"product_cat","embeddable":true,"href":"https:\/\/ilcrogiuolo.it\/it\/wp-json\/wp\/v2\/product_cat?post=5823"},{"taxonomy":"product_tag","embeddable":true,"href":"https:\/\/ilcrogiuolo.it\/it\/wp-json\/wp\/v2\/product_tag?post=5823"}],"curies":[{"name":"wp","href":"https:\/\/api.w.org\/{rel}","templated":true}]}}