{"id":5759,"date":"2020-01-14T17:11:32","date_gmt":"2020-01-14T16:11:32","guid":{"rendered":"https:\/\/ilcrogiuolo.it\/p\/kit-candela-di-saturno-color-nero-cm-19-x-22-colore-pieno\/"},"modified":"2020-12-10T13:47:13","modified_gmt":"2020-12-10T12:47:13","slug":"kit-candela-di-saturno-color-nero-cm-19-x-22-colore-pieno","status":"publish","type":"product","link":"https:\/\/ilcrogiuolo.it\/it\/p\/kit-candela-di-saturno-color-nero-cm-19-x-22-colore-pieno\/","title":{"rendered":"KIT CANDELA DI SATURNO &#8211; COLOR NERO &#8211; CM 19 X 2,2 COLORE PIENO"},"content":{"rendered":"<p>Secondo i dettami dell&#8217;alta Magia ai sette pianeti dell&#8217;astrologia classica vengono associate sette forze planetarie archetipali, ciascuna di queste regge un&#8217;ambito della vita umana. La tradizione insegna che impiegando una sinergia di analogie legate ad un particolare pianeta possano ottenere innumerevoli benefici.<\/p>\n<p>Nonostante il pianeta Saturno sia associato spesso dalla tradizione magica &#8220;il grande negativo&#8221;, l&#8217;energia di Saturno pu\u00f2 essere impiegata anche per opere positive, per propiziare la saggezza e la conoscenza, per favorire la concentrazione. Saturno \u00e8 tradizionalmente un pianeta solido, quindi il suo potere \u00e8 richiesto anche in tutto ci\u00f2 che concerne le propriet\u00e0. Si usano le forze di Saturno anche per favorire i contatti con i defunti e nelle opere di contatto con l&#8217;aldil\u00e0.<\/p>\n<p>La confezione comprende la candela planetaria del colore corrispondente al pianeta, una confezione di incenso tradizionalmente appropriato, carboncini per la defumazione e istruzioni in lingua Italiana.<\/p>\n","protected":false},"excerpt":{"rendered":"<p>Secondo i dettami dell&#8217;alta Magia ai sette pianeti dell&#8217;astrologia classica vengono associate sette forze planetarie archetipali, ciascuna di queste regge&#8230;<\/p>\n","protected":false},"featured_media":21634,"template":"","meta":{"_acf_changed":false},"product_brand":[],"product_cat":[1083,1059,1366],"product_tag":[],"class_list":{"0":"post-5759","1":"product","2":"type-product","3":"status-publish","4":"has-post-thumbnail","6":"product_cat-cereria-esoterica-candele-da-altare","7":"product_cat-articoli-esoterici","8":"product_cat-candele-planetarie","10":"first","11":"instock","12":"taxable","13":"shipping-taxable","14":"purchasable","15":"product-type-simple","16":"add-to-wishlist-before_image"},"acf":[],"yoast_head":"<!-- This site is optimized with the Yoast SEO plugin v26.9 - https:\/\/yoast.com\/product\/yoast-seo-wordpress\/ -->\n<title>KIT CANDELA DI SATURNO - COLOR NERO - CM 19 X 2,2 COLORE PIENO - Il Crogiuolo<\/title>\n<meta name=\"description\" content=\"KIT CANDELA DI SATURNO - COLOR NERO - CM 19 X 2,2 COLORE PIENO Secondo i dettami dell&#039;alta Magia ai sette pianeti dell&#039;astrologia classica vengono associate sette forze planetarie archetipali, ciascuna di queste regge\" \/>\n<meta name=\"robots\" content=\"index, follow, max-snippet:-1, max-image-preview:large, max-video-preview:-1\" \/>\n<link rel=\"canonical\" href=\"https:\/\/ilcrogiuolo.it\/it\/p\/kit-candela-di-saturno-color-nero-cm-19-x-22-colore-pieno\/\" \/>\n<meta property=\"og:locale\" content=\"it_IT\" \/>\n<meta property=\"og:type\" content=\"article\" \/>\n<meta property=\"og:title\" content=\"KIT CANDELA DI SATURNO - COLOR NERO - CM 19 X 2,2 COLORE PIENO - Il Crogiuolo\" \/>\n<meta property=\"og:description\" content=\"KIT CANDELA DI SATURNO - COLOR NERO - CM 19 X 2,2 COLORE PIENO Secondo i dettami dell&#039;alta Magia ai sette pianeti dell&#039;astrologia classica vengono associate sette forze planetarie archetipali, ciascuna di queste regge\" \/>\n<meta property=\"og:url\" content=\"https:\/\/ilcrogiuolo.it\/it\/p\/kit-candela-di-saturno-color-nero-cm-19-x-22-colore-pieno\/\" \/>\n<meta property=\"og:site_name\" content=\"Il Crogiuolo\" \/>\n<meta property=\"article:publisher\" content=\"https:\/\/www.facebook.com\/Il-Crogiuolo-681876418491758\" \/>\n<meta property=\"article:modified_time\" content=\"2020-12-10T12:47:13+00:00\" \/>\n<meta property=\"og:image\" content=\"https:\/\/ilcrogiuolo.it\/wp-content\/uploads\/2020\/01\/kit-candele-planetarie.jpg\" \/>\n\t<meta property=\"og:image:width\" content=\"627\" \/>\n\t<meta property=\"og:image:height\" content=\"600\" \/>\n\t<meta property=\"og:image:type\" content=\"image\/jpeg\" \/>\n<meta name=\"twitter:card\" content=\"summary_large_image\" \/>\n<meta name=\"twitter:label1\" content=\"Tempo di lettura stimato\" \/>\n\t<meta name=\"twitter:data1\" content=\"1 minuto\" \/>\n<script type=\"application\/ld+json\" class=\"yoast-schema-graph\">{\"@context\":\"https:\/\/schema.org\",\"@graph\":[{\"@type\":\"WebPage\",\"@id\":\"https:\/\/ilcrogiuolo.it\/it\/p\/kit-candela-di-saturno-color-nero-cm-19-x-22-colore-pieno\/\",\"url\":\"https:\/\/ilcrogiuolo.it\/it\/p\/kit-candela-di-saturno-color-nero-cm-19-x-22-colore-pieno\/\",\"name\":\"KIT CANDELA DI SATURNO - COLOR NERO - CM 19 X 2,2 COLORE PIENO - Il Crogiuolo\",\"isPartOf\":{\"@id\":\"https:\/\/ilcrogiuolo.it\/it\/#website\"},\"primaryImageOfPage\":{\"@id\":\"https:\/\/ilcrogiuolo.it\/it\/p\/kit-candela-di-saturno-color-nero-cm-19-x-22-colore-pieno\/#primaryimage\"},\"image\":{\"@id\":\"https:\/\/ilcrogiuolo.it\/it\/p\/kit-candela-di-saturno-color-nero-cm-19-x-22-colore-pieno\/#primaryimage\"},\"thumbnailUrl\":\"https:\/\/ilcrogiuolo.it\/wp-content\/uploads\/2020\/01\/kit-candele-planetarie.jpg\",\"datePublished\":\"2020-01-14T16:11:32+00:00\",\"dateModified\":\"2020-12-10T12:47:13+00:00\",\"description\":\"KIT CANDELA DI SATURNO - COLOR NERO - CM 19 X 2,2 COLORE PIENO Secondo i dettami dell'alta Magia ai sette pianeti dell'astrologia classica vengono associate sette forze planetarie archetipali, ciascuna di queste regge\",\"breadcrumb\":{\"@id\":\"https:\/\/ilcrogiuolo.it\/it\/p\/kit-candela-di-saturno-color-nero-cm-19-x-22-colore-pieno\/#breadcrumb\"},\"inLanguage\":\"it-IT\",\"potentialAction\":[{\"@type\":\"ReadAction\",\"target\":[\"https:\/\/ilcrogiuolo.it\/it\/p\/kit-candela-di-saturno-color-nero-cm-19-x-22-colore-pieno\/\"]}]},{\"@type\":\"ImageObject\",\"inLanguage\":\"it-IT\",\"@id\":\"https:\/\/ilcrogiuolo.it\/it\/p\/kit-candela-di-saturno-color-nero-cm-19-x-22-colore-pieno\/#primaryimage\",\"url\":\"https:\/\/ilcrogiuolo.it\/wp-content\/uploads\/2020\/01\/kit-candele-planetarie.jpg\",\"contentUrl\":\"https:\/\/ilcrogiuolo.it\/wp-content\/uploads\/2020\/01\/kit-candele-planetarie.jpg\",\"width\":627,\"height\":600},{\"@type\":\"BreadcrumbList\",\"@id\":\"https:\/\/ilcrogiuolo.it\/it\/p\/kit-candela-di-saturno-color-nero-cm-19-x-22-colore-pieno\/#breadcrumb\",\"itemListElement\":[{\"@type\":\"ListItem\",\"position\":1,\"name\":\"Home\",\"item\":\"https:\/\/ilcrogiuolo.it\/it\/\"},{\"@type\":\"ListItem\",\"position\":2,\"name\":\"Shop\",\"item\":\"https:\/\/ilcrogiuolo.it\/it\/negozio\/\"},{\"@type\":\"ListItem\",\"position\":3,\"name\":\"KIT CANDELA DI SATURNO &#8211; COLOR NERO &#8211; CM 19 X 2,2 COLORE PIENO\"}]},{\"@type\":\"WebSite\",\"@id\":\"https:\/\/ilcrogiuolo.it\/it\/#website\",\"url\":\"https:\/\/ilcrogiuolo.it\/it\/\",\"name\":\"Il Crogiuolo\",\"description\":\"\",\"publisher\":{\"@id\":\"https:\/\/ilcrogiuolo.it\/it\/#organization\"},\"potentialAction\":[{\"@type\":\"SearchAction\",\"target\":{\"@type\":\"EntryPoint\",\"urlTemplate\":\"https:\/\/ilcrogiuolo.it\/it\/?s={search_term_string}\"},\"query-input\":{\"@type\":\"PropertyValueSpecification\",\"valueRequired\":true,\"valueName\":\"search_term_string\"}}],\"inLanguage\":\"it-IT\"},{\"@type\":\"Organization\",\"@id\":\"https:\/\/ilcrogiuolo.it\/it\/#organization\",\"name\":\"Il Crogiuolo\",\"url\":\"https:\/\/ilcrogiuolo.it\/it\/\",\"logo\":{\"@type\":\"ImageObject\",\"inLanguage\":\"it-IT\",\"@id\":\"https:\/\/ilcrogiuolo.it\/it\/#\/schema\/logo\/image\/\",\"url\":\"https:\/\/ilcrogiuolo.it\/wp-content\/uploads\/2020\/04\/logo.png\",\"contentUrl\":\"https:\/\/ilcrogiuolo.it\/wp-content\/uploads\/2020\/04\/logo.png\",\"width\":200,\"height\":49,\"caption\":\"Il Crogiuolo\"},\"image\":{\"@id\":\"https:\/\/ilcrogiuolo.it\/it\/#\/schema\/logo\/image\/\"},\"sameAs\":[\"https:\/\/www.facebook.com\/Il-Crogiuolo-681876418491758\"]}]}<\/script>\n<!-- \/ Yoast SEO plugin. -->","yoast_head_json":{"title":"KIT CANDELA DI SATURNO - COLOR NERO - CM 19 X 2,2 COLORE PIENO - Il Crogiuolo","description":"KIT CANDELA DI SATURNO - COLOR NERO - CM 19 X 2,2 COLORE PIENO Secondo i dettami dell'alta Magia ai sette pianeti dell'astrologia classica vengono associate sette forze planetarie archetipali, ciascuna di queste regge","robots":{"index":"index","follow":"follow","max-snippet":"max-snippet:-1","max-image-preview":"max-image-preview:large","max-video-preview":"max-video-preview:-1"},"canonical":"https:\/\/ilcrogiuolo.it\/it\/p\/kit-candela-di-saturno-color-nero-cm-19-x-22-colore-pieno\/","og_locale":"it_IT","og_type":"article","og_title":"KIT CANDELA DI SATURNO - COLOR NERO - CM 19 X 2,2 COLORE PIENO - Il Crogiuolo","og_description":"KIT CANDELA DI SATURNO - COLOR NERO - CM 19 X 2,2 COLORE PIENO Secondo i dettami dell'alta Magia ai sette pianeti dell'astrologia classica vengono associate sette forze planetarie archetipali, ciascuna di queste regge","og_url":"https:\/\/ilcrogiuolo.it\/it\/p\/kit-candela-di-saturno-color-nero-cm-19-x-22-colore-pieno\/","og_site_name":"Il Crogiuolo","article_publisher":"https:\/\/www.facebook.com\/Il-Crogiuolo-681876418491758","article_modified_time":"2020-12-10T12:47:13+00:00","og_image":[{"width":627,"height":600,"url":"https:\/\/ilcrogiuolo.it\/wp-content\/uploads\/2020\/01\/kit-candele-planetarie.jpg","type":"image\/jpeg"}],"twitter_card":"summary_large_image","twitter_misc":{"Tempo di lettura stimato":"1 minuto"},"schema":{"@context":"https:\/\/schema.org","@graph":[{"@type":"WebPage","@id":"https:\/\/ilcrogiuolo.it\/it\/p\/kit-candela-di-saturno-color-nero-cm-19-x-22-colore-pieno\/","url":"https:\/\/ilcrogiuolo.it\/it\/p\/kit-candela-di-saturno-color-nero-cm-19-x-22-colore-pieno\/","name":"KIT CANDELA DI SATURNO - COLOR NERO - CM 19 X 2,2 COLORE PIENO - Il Crogiuolo","isPartOf":{"@id":"https:\/\/ilcrogiuolo.it\/it\/#website"},"primaryImageOfPage":{"@id":"https:\/\/ilcrogiuolo.it\/it\/p\/kit-candela-di-saturno-color-nero-cm-19-x-22-colore-pieno\/#primaryimage"},"image":{"@id":"https:\/\/ilcrogiuolo.it\/it\/p\/kit-candela-di-saturno-color-nero-cm-19-x-22-colore-pieno\/#primaryimage"},"thumbnailUrl":"https:\/\/ilcrogiuolo.it\/wp-content\/uploads\/2020\/01\/kit-candele-planetarie.jpg","datePublished":"2020-01-14T16:11:32+00:00","dateModified":"2020-12-10T12:47:13+00:00","description":"KIT CANDELA DI SATURNO - COLOR NERO - CM 19 X 2,2 COLORE PIENO Secondo i dettami dell'alta Magia ai sette pianeti dell'astrologia classica vengono associate sette forze planetarie archetipali, ciascuna di queste regge","breadcrumb":{"@id":"https:\/\/ilcrogiuolo.it\/it\/p\/kit-candela-di-saturno-color-nero-cm-19-x-22-colore-pieno\/#breadcrumb"},"inLanguage":"it-IT","potentialAction":[{"@type":"ReadAction","target":["https:\/\/ilcrogiuolo.it\/it\/p\/kit-candela-di-saturno-color-nero-cm-19-x-22-colore-pieno\/"]}]},{"@type":"ImageObject","inLanguage":"it-IT","@id":"https:\/\/ilcrogiuolo.it\/it\/p\/kit-candela-di-saturno-color-nero-cm-19-x-22-colore-pieno\/#primaryimage","url":"https:\/\/ilcrogiuolo.it\/wp-content\/uploads\/2020\/01\/kit-candele-planetarie.jpg","contentUrl":"https:\/\/ilcrogiuolo.it\/wp-content\/uploads\/2020\/01\/kit-candele-planetarie.jpg","width":627,"height":600},{"@type":"BreadcrumbList","@id":"https:\/\/ilcrogiuolo.it\/it\/p\/kit-candela-di-saturno-color-nero-cm-19-x-22-colore-pieno\/#breadcrumb","itemListElement":[{"@type":"ListItem","position":1,"name":"Home","item":"https:\/\/ilcrogiuolo.it\/it\/"},{"@type":"ListItem","position":2,"name":"Shop","item":"https:\/\/ilcrogiuolo.it\/it\/negozio\/"},{"@type":"ListItem","position":3,"name":"KIT CANDELA DI SATURNO &#8211; COLOR NERO &#8211; CM 19 X 2,2 COLORE PIENO"}]},{"@type":"WebSite","@id":"https:\/\/ilcrogiuolo.it\/it\/#website","url":"https:\/\/ilcrogiuolo.it\/it\/","name":"Il Crogiuolo","description":"","publisher":{"@id":"https:\/\/ilcrogiuolo.it\/it\/#organization"},"potentialAction":[{"@type":"SearchAction","target":{"@type":"EntryPoint","urlTemplate":"https:\/\/ilcrogiuolo.it\/it\/?s={search_term_string}"},"query-input":{"@type":"PropertyValueSpecification","valueRequired":true,"valueName":"search_term_string"}}],"inLanguage":"it-IT"},{"@type":"Organization","@id":"https:\/\/ilcrogiuolo.it\/it\/#organization","name":"Il Crogiuolo","url":"https:\/\/ilcrogiuolo.it\/it\/","logo":{"@type":"ImageObject","inLanguage":"it-IT","@id":"https:\/\/ilcrogiuolo.it\/it\/#\/schema\/logo\/image\/","url":"https:\/\/ilcrogiuolo.it\/wp-content\/uploads\/2020\/04\/logo.png","contentUrl":"https:\/\/ilcrogiuolo.it\/wp-content\/uploads\/2020\/04\/logo.png","width":200,"height":49,"caption":"Il Crogiuolo"},"image":{"@id":"https:\/\/ilcrogiuolo.it\/it\/#\/schema\/logo\/image\/"},"sameAs":["https:\/\/www.facebook.com\/Il-Crogiuolo-681876418491758"]}]}},"_links":{"self":[{"href":"https:\/\/ilcrogiuolo.it\/it\/wp-json\/wp\/v2\/product\/5759","targetHints":{"allow":["GET"]}}],"collection":[{"href":"https:\/\/ilcrogiuolo.it\/it\/wp-json\/wp\/v2\/product"}],"about":[{"href":"https:\/\/ilcrogiuolo.it\/it\/wp-json\/wp\/v2\/types\/product"}],"wp:featuredmedia":[{"embeddable":true,"href":"https:\/\/ilcrogiuolo.it\/it\/wp-json\/wp\/v2\/media\/21634"}],"wp:attachment":[{"href":"https:\/\/ilcrogiuolo.it\/it\/wp-json\/wp\/v2\/media?parent=5759"}],"wp:term":[{"taxonomy":"product_brand","embeddable":true,"href":"https:\/\/ilcrogiuolo.it\/it\/wp-json\/wp\/v2\/product_brand?post=5759"},{"taxonomy":"product_cat","embeddable":true,"href":"https:\/\/ilcrogiuolo.it\/it\/wp-json\/wp\/v2\/product_cat?post=5759"},{"taxonomy":"product_tag","embeddable":true,"href":"https:\/\/ilcrogiuolo.it\/it\/wp-json\/wp\/v2\/product_tag?post=5759"}],"curies":[{"name":"wp","href":"https:\/\/api.w.org\/{rel}","templated":true}]}}