{"id":5631,"date":"2020-01-14T17:11:19","date_gmt":"2020-01-14T16:11:19","guid":{"rendered":"https:\/\/ilcrogiuolo.it\/p\/orazione-della-santa-croce-pergamena\/"},"modified":"2020-12-10T15:14:59","modified_gmt":"2020-12-10T14:14:59","slug":"orazione-della-santa-croce-pergamena","status":"publish","type":"product","link":"https:\/\/ilcrogiuolo.it\/it\/p\/orazione-della-santa-croce-pergamena\/","title":{"rendered":"Orazione della Santa Croce &#8211; Pergamena"},"content":{"rendered":"<p>Queste Orazioni speciali\u00a0consistono in stampe di altissima qualit\u00e0 riprodotte su pergamena vegetale accompagnate dall&#8217;immagine sacra corrispondente. Possono essere appese o incorniciate, trattandosi di un articolo ricercatissimo, o impiegare nella ritualistica e nelle pratiche spirituali.<\/p>\n<p>Questa orazione \u00e8 considerata miracolosa e viene recitata contro i nemici -occulti o manifesti- e nei momenti di grande tribolazione per superare uno stato di angoscia o di sofferenza. Pu\u00f2 essere indossata e portata con s\u00e8, come una sorta di scudo mistico, o appesa nel luogo che si vuole proteggere. La tradizione insegna che difenda un luogo da incursioni di ladri o predoni. Si ritiene che la sua forza sia tale al punto che anche le sue ceneri mantengano inalterato il potere, per questo vengono mescolate a polveri di protezione come la famosa Polvere della Cruz de Carava\u00e7a e portate con se o mescolate alla colonia chiamata Acqua di Florida, per creare una vera e propria lozione talismanica. Quando si recita l&#8217;orazione \u00e8 bene accendere una candela bianca di cera d&#8217;api e incenso bianco in onore alla Santa Croce. Il testo \u00e8 stato tradotto in italiano per una pi\u00f9 semplice comprensione, l&#8217;immagine misteriosa invece \u00e8 rimasta inalterata secondo lo schema misterioso originale. Va recitata per sette giorni consecutivi. Ogni volta che nel testo compare il simbolo della croce occorre, tradizionalmente segnarsi facendo il Segno della Croce.<\/p>\n","protected":false},"excerpt":{"rendered":"<p>Queste Orazioni speciali\u00a0consistono in stampe di altissima qualit\u00e0 riprodotte su pergamena vegetale accompagnate dall&#8217;immagine sacra corrispondente. Possono essere appese o&#8230;<\/p>\n","protected":false},"featured_media":5632,"template":"","meta":{"_acf_changed":false},"product_brand":[],"product_cat":[1094,1059,1371],"product_tag":[],"class_list":{"0":"post-5631","1":"product","2":"type-product","3":"status-publish","4":"has-post-thumbnail","6":"product_cat-poster-stampe-orazioni","7":"product_cat-articoli-esoterici","8":"product_cat-orazioni-su-pergamena-vegetale","10":"first","11":"instock","12":"taxable","13":"shipping-taxable","14":"purchasable","15":"product-type-simple","16":"add-to-wishlist-before_image"},"acf":[],"yoast_head":"<!-- This site is optimized with the Yoast SEO plugin v26.9 - https:\/\/yoast.com\/product\/yoast-seo-wordpress\/ -->\n<title>Orazione della Santa Croce - Pergamena - Il Crogiuolo<\/title>\n<meta name=\"description\" content=\"Orazione della Santa Croce - Pergamena Queste Orazioni speciali\u00a0consistono in stampe di altissima qualit\u00e0 riprodotte su pergamena vegetale accompagnate dall&#039;immagine sacra corrispondente.\" \/>\n<meta name=\"robots\" content=\"index, follow, max-snippet:-1, max-image-preview:large, max-video-preview:-1\" \/>\n<link rel=\"canonical\" href=\"https:\/\/ilcrogiuolo.it\/it\/p\/orazione-della-santa-croce-pergamena\/\" \/>\n<meta property=\"og:locale\" content=\"it_IT\" \/>\n<meta property=\"og:type\" content=\"article\" \/>\n<meta property=\"og:title\" content=\"Orazione della Santa Croce - Pergamena - Il Crogiuolo\" \/>\n<meta property=\"og:description\" content=\"Orazione della Santa Croce - Pergamena Queste Orazioni speciali\u00a0consistono in stampe di altissima qualit\u00e0 riprodotte su pergamena vegetale accompagnate dall&#039;immagine sacra corrispondente.\" \/>\n<meta property=\"og:url\" content=\"https:\/\/ilcrogiuolo.it\/it\/p\/orazione-della-santa-croce-pergamena\/\" \/>\n<meta property=\"og:site_name\" content=\"Il Crogiuolo\" \/>\n<meta property=\"article:publisher\" content=\"https:\/\/www.facebook.com\/Il-Crogiuolo-681876418491758\" \/>\n<meta property=\"article:modified_time\" content=\"2020-12-10T14:14:59+00:00\" \/>\n<meta property=\"og:image\" content=\"https:\/\/ilcrogiuolo.it\/wp-content\/uploads\/2020\/01\/orazione_2624608.jpg\" \/>\n\t<meta property=\"og:image:width\" content=\"627\" \/>\n\t<meta property=\"og:image:height\" content=\"600\" \/>\n\t<meta property=\"og:image:type\" content=\"image\/jpeg\" \/>\n<meta name=\"twitter:card\" content=\"summary_large_image\" \/>\n<meta name=\"twitter:label1\" content=\"Tempo di lettura stimato\" \/>\n\t<meta name=\"twitter:data1\" content=\"1 minuto\" \/>\n<script type=\"application\/ld+json\" class=\"yoast-schema-graph\">{\"@context\":\"https:\/\/schema.org\",\"@graph\":[{\"@type\":\"WebPage\",\"@id\":\"https:\/\/ilcrogiuolo.it\/it\/p\/orazione-della-santa-croce-pergamena\/\",\"url\":\"https:\/\/ilcrogiuolo.it\/it\/p\/orazione-della-santa-croce-pergamena\/\",\"name\":\"Orazione della Santa Croce - Pergamena - Il Crogiuolo\",\"isPartOf\":{\"@id\":\"https:\/\/ilcrogiuolo.it\/it\/#website\"},\"primaryImageOfPage\":{\"@id\":\"https:\/\/ilcrogiuolo.it\/it\/p\/orazione-della-santa-croce-pergamena\/#primaryimage\"},\"image\":{\"@id\":\"https:\/\/ilcrogiuolo.it\/it\/p\/orazione-della-santa-croce-pergamena\/#primaryimage\"},\"thumbnailUrl\":\"https:\/\/ilcrogiuolo.it\/wp-content\/uploads\/2020\/01\/orazione_2624608.jpg\",\"datePublished\":\"2020-01-14T16:11:19+00:00\",\"dateModified\":\"2020-12-10T14:14:59+00:00\",\"description\":\"Orazione della Santa Croce - Pergamena Queste Orazioni speciali\u00a0consistono in stampe di altissima qualit\u00e0 riprodotte su pergamena vegetale accompagnate dall'immagine sacra corrispondente.\",\"breadcrumb\":{\"@id\":\"https:\/\/ilcrogiuolo.it\/it\/p\/orazione-della-santa-croce-pergamena\/#breadcrumb\"},\"inLanguage\":\"it-IT\",\"potentialAction\":[{\"@type\":\"ReadAction\",\"target\":[\"https:\/\/ilcrogiuolo.it\/it\/p\/orazione-della-santa-croce-pergamena\/\"]}]},{\"@type\":\"ImageObject\",\"inLanguage\":\"it-IT\",\"@id\":\"https:\/\/ilcrogiuolo.it\/it\/p\/orazione-della-santa-croce-pergamena\/#primaryimage\",\"url\":\"https:\/\/ilcrogiuolo.it\/wp-content\/uploads\/2020\/01\/orazione_2624608.jpg\",\"contentUrl\":\"https:\/\/ilcrogiuolo.it\/wp-content\/uploads\/2020\/01\/orazione_2624608.jpg\",\"width\":627,\"height\":600},{\"@type\":\"BreadcrumbList\",\"@id\":\"https:\/\/ilcrogiuolo.it\/it\/p\/orazione-della-santa-croce-pergamena\/#breadcrumb\",\"itemListElement\":[{\"@type\":\"ListItem\",\"position\":1,\"name\":\"Home\",\"item\":\"https:\/\/ilcrogiuolo.it\/it\/\"},{\"@type\":\"ListItem\",\"position\":2,\"name\":\"Shop\",\"item\":\"https:\/\/ilcrogiuolo.it\/it\/negozio\/\"},{\"@type\":\"ListItem\",\"position\":3,\"name\":\"Orazione della Santa Croce &#8211; Pergamena\"}]},{\"@type\":\"WebSite\",\"@id\":\"https:\/\/ilcrogiuolo.it\/it\/#website\",\"url\":\"https:\/\/ilcrogiuolo.it\/it\/\",\"name\":\"Il Crogiuolo\",\"description\":\"\",\"publisher\":{\"@id\":\"https:\/\/ilcrogiuolo.it\/it\/#organization\"},\"potentialAction\":[{\"@type\":\"SearchAction\",\"target\":{\"@type\":\"EntryPoint\",\"urlTemplate\":\"https:\/\/ilcrogiuolo.it\/it\/?s={search_term_string}\"},\"query-input\":{\"@type\":\"PropertyValueSpecification\",\"valueRequired\":true,\"valueName\":\"search_term_string\"}}],\"inLanguage\":\"it-IT\"},{\"@type\":\"Organization\",\"@id\":\"https:\/\/ilcrogiuolo.it\/it\/#organization\",\"name\":\"Il Crogiuolo\",\"url\":\"https:\/\/ilcrogiuolo.it\/it\/\",\"logo\":{\"@type\":\"ImageObject\",\"inLanguage\":\"it-IT\",\"@id\":\"https:\/\/ilcrogiuolo.it\/it\/#\/schema\/logo\/image\/\",\"url\":\"https:\/\/ilcrogiuolo.it\/wp-content\/uploads\/2020\/04\/logo.png\",\"contentUrl\":\"https:\/\/ilcrogiuolo.it\/wp-content\/uploads\/2020\/04\/logo.png\",\"width\":200,\"height\":49,\"caption\":\"Il Crogiuolo\"},\"image\":{\"@id\":\"https:\/\/ilcrogiuolo.it\/it\/#\/schema\/logo\/image\/\"},\"sameAs\":[\"https:\/\/www.facebook.com\/Il-Crogiuolo-681876418491758\"]}]}<\/script>\n<!-- \/ Yoast SEO plugin. -->","yoast_head_json":{"title":"Orazione della Santa Croce - Pergamena - Il Crogiuolo","description":"Orazione della Santa Croce - Pergamena Queste Orazioni speciali\u00a0consistono in stampe di altissima qualit\u00e0 riprodotte su pergamena vegetale accompagnate dall'immagine sacra corrispondente.","robots":{"index":"index","follow":"follow","max-snippet":"max-snippet:-1","max-image-preview":"max-image-preview:large","max-video-preview":"max-video-preview:-1"},"canonical":"https:\/\/ilcrogiuolo.it\/it\/p\/orazione-della-santa-croce-pergamena\/","og_locale":"it_IT","og_type":"article","og_title":"Orazione della Santa Croce - Pergamena - Il Crogiuolo","og_description":"Orazione della Santa Croce - Pergamena Queste Orazioni speciali\u00a0consistono in stampe di altissima qualit\u00e0 riprodotte su pergamena vegetale accompagnate dall'immagine sacra corrispondente.","og_url":"https:\/\/ilcrogiuolo.it\/it\/p\/orazione-della-santa-croce-pergamena\/","og_site_name":"Il Crogiuolo","article_publisher":"https:\/\/www.facebook.com\/Il-Crogiuolo-681876418491758","article_modified_time":"2020-12-10T14:14:59+00:00","og_image":[{"width":627,"height":600,"url":"https:\/\/ilcrogiuolo.it\/wp-content\/uploads\/2020\/01\/orazione_2624608.jpg","type":"image\/jpeg"}],"twitter_card":"summary_large_image","twitter_misc":{"Tempo di lettura stimato":"1 minuto"},"schema":{"@context":"https:\/\/schema.org","@graph":[{"@type":"WebPage","@id":"https:\/\/ilcrogiuolo.it\/it\/p\/orazione-della-santa-croce-pergamena\/","url":"https:\/\/ilcrogiuolo.it\/it\/p\/orazione-della-santa-croce-pergamena\/","name":"Orazione della Santa Croce - Pergamena - Il Crogiuolo","isPartOf":{"@id":"https:\/\/ilcrogiuolo.it\/it\/#website"},"primaryImageOfPage":{"@id":"https:\/\/ilcrogiuolo.it\/it\/p\/orazione-della-santa-croce-pergamena\/#primaryimage"},"image":{"@id":"https:\/\/ilcrogiuolo.it\/it\/p\/orazione-della-santa-croce-pergamena\/#primaryimage"},"thumbnailUrl":"https:\/\/ilcrogiuolo.it\/wp-content\/uploads\/2020\/01\/orazione_2624608.jpg","datePublished":"2020-01-14T16:11:19+00:00","dateModified":"2020-12-10T14:14:59+00:00","description":"Orazione della Santa Croce - Pergamena Queste Orazioni speciali\u00a0consistono in stampe di altissima qualit\u00e0 riprodotte su pergamena vegetale accompagnate dall'immagine sacra corrispondente.","breadcrumb":{"@id":"https:\/\/ilcrogiuolo.it\/it\/p\/orazione-della-santa-croce-pergamena\/#breadcrumb"},"inLanguage":"it-IT","potentialAction":[{"@type":"ReadAction","target":["https:\/\/ilcrogiuolo.it\/it\/p\/orazione-della-santa-croce-pergamena\/"]}]},{"@type":"ImageObject","inLanguage":"it-IT","@id":"https:\/\/ilcrogiuolo.it\/it\/p\/orazione-della-santa-croce-pergamena\/#primaryimage","url":"https:\/\/ilcrogiuolo.it\/wp-content\/uploads\/2020\/01\/orazione_2624608.jpg","contentUrl":"https:\/\/ilcrogiuolo.it\/wp-content\/uploads\/2020\/01\/orazione_2624608.jpg","width":627,"height":600},{"@type":"BreadcrumbList","@id":"https:\/\/ilcrogiuolo.it\/it\/p\/orazione-della-santa-croce-pergamena\/#breadcrumb","itemListElement":[{"@type":"ListItem","position":1,"name":"Home","item":"https:\/\/ilcrogiuolo.it\/it\/"},{"@type":"ListItem","position":2,"name":"Shop","item":"https:\/\/ilcrogiuolo.it\/it\/negozio\/"},{"@type":"ListItem","position":3,"name":"Orazione della Santa Croce &#8211; Pergamena"}]},{"@type":"WebSite","@id":"https:\/\/ilcrogiuolo.it\/it\/#website","url":"https:\/\/ilcrogiuolo.it\/it\/","name":"Il Crogiuolo","description":"","publisher":{"@id":"https:\/\/ilcrogiuolo.it\/it\/#organization"},"potentialAction":[{"@type":"SearchAction","target":{"@type":"EntryPoint","urlTemplate":"https:\/\/ilcrogiuolo.it\/it\/?s={search_term_string}"},"query-input":{"@type":"PropertyValueSpecification","valueRequired":true,"valueName":"search_term_string"}}],"inLanguage":"it-IT"},{"@type":"Organization","@id":"https:\/\/ilcrogiuolo.it\/it\/#organization","name":"Il Crogiuolo","url":"https:\/\/ilcrogiuolo.it\/it\/","logo":{"@type":"ImageObject","inLanguage":"it-IT","@id":"https:\/\/ilcrogiuolo.it\/it\/#\/schema\/logo\/image\/","url":"https:\/\/ilcrogiuolo.it\/wp-content\/uploads\/2020\/04\/logo.png","contentUrl":"https:\/\/ilcrogiuolo.it\/wp-content\/uploads\/2020\/04\/logo.png","width":200,"height":49,"caption":"Il Crogiuolo"},"image":{"@id":"https:\/\/ilcrogiuolo.it\/it\/#\/schema\/logo\/image\/"},"sameAs":["https:\/\/www.facebook.com\/Il-Crogiuolo-681876418491758"]}]}},"_links":{"self":[{"href":"https:\/\/ilcrogiuolo.it\/it\/wp-json\/wp\/v2\/product\/5631","targetHints":{"allow":["GET"]}}],"collection":[{"href":"https:\/\/ilcrogiuolo.it\/it\/wp-json\/wp\/v2\/product"}],"about":[{"href":"https:\/\/ilcrogiuolo.it\/it\/wp-json\/wp\/v2\/types\/product"}],"wp:featuredmedia":[{"embeddable":true,"href":"https:\/\/ilcrogiuolo.it\/it\/wp-json\/wp\/v2\/media\/5632"}],"wp:attachment":[{"href":"https:\/\/ilcrogiuolo.it\/it\/wp-json\/wp\/v2\/media?parent=5631"}],"wp:term":[{"taxonomy":"product_brand","embeddable":true,"href":"https:\/\/ilcrogiuolo.it\/it\/wp-json\/wp\/v2\/product_brand?post=5631"},{"taxonomy":"product_cat","embeddable":true,"href":"https:\/\/ilcrogiuolo.it\/it\/wp-json\/wp\/v2\/product_cat?post=5631"},{"taxonomy":"product_tag","embeddable":true,"href":"https:\/\/ilcrogiuolo.it\/it\/wp-json\/wp\/v2\/product_tag?post=5631"}],"curies":[{"name":"wp","href":"https:\/\/api.w.org\/{rel}","templated":true}]}}