{"id":5490,"date":"2020-01-14T17:11:07","date_gmt":"2020-01-14T16:11:07","guid":{"rendered":"https:\/\/ilcrogiuolo.it\/p\/solstizio-destate-notte-di-san-giovanni-battista-tradizione-popolare\/"},"modified":"2020-02-05T09:28:57","modified_gmt":"2020-02-05T08:28:57","slug":"solstizio-destate-notte-di-san-giovanni-battista-tradizione-popolare","status":"publish","type":"product","link":"https:\/\/ilcrogiuolo.it\/it\/p\/solstizio-destate-notte-di-san-giovanni-battista-tradizione-popolare\/","title":{"rendered":"Solstizio D&#8217;Estate &#8211; Notte di San Giovanni Battista &#8211; Tradizione Popolare"},"content":{"rendered":"<p>Nel &#8220;giorno di mezza estate realta&#8217; e sogno si confondono\u201d (W. Shakespeare). Il solstizio mette in comunicazione due mondi, visibile ed invisibile, due mondi che si compenetrano e tutto diviene possibile. Questa celebrazione sostituisce gli antichi riti per il solstizio d\u2019estate ed ha quindi dato luogo, per secoli, a manifestazioni diverse collegate con le credenze popolari, come i Fuochi di San Giovanni e gli altri rituali propiziatori tipici delle feste di inizio stagione. Una usanza collettiva in questa ricorrenza \u00e8 quella della raccolta delle erbe che, nella notte che precede la festa di San Giovanni Battista, fra il 23 e il 24 giugno, moltiplicano i propri attributi terapeutici e magici.\u00a0 Il solstizio d&#8217;estate (il momento in cui il sole raggiunge il punto pi\u00f9 alto e comincia a decrescere, tra il 21 e il 22 giugno, per poi ricominciare\u00a0 a crescere nel solstizio d&#8217;inverno), \u00e8 visto come un momento particolare e magico, \u00e8 il principio di una nuova stagione e in magia \u00e8 associato Festa di San Giovanni che cade il 24 giugno ma inizia a caricare di energia la terra gi\u00e0 a partire dalla notte del 20.<br \/>\nSecondo le antiche credenze in questa notte magica il sole si sposa con la luna e dal suo sposalizio si riversano energie benefiche sulla terra.<br \/>\nBisogna risalire alla mitologia celtica per trovare l&#8217;origine di questa celebrazione magica. I Celti chiamavano\u00a0 Halban Hermin il rito che consisteva fare grandi fal\u00f2 di tronchi che duravano tutta la notte, rito ripreso dai Germani\u00a0 e altri popoli dell&#8217;Europa settentrionale. Si pensa che questi grandi fal\u00f2 servissero a conservare la luce del sole anche nelle poche ore di oscurit\u00e0, per raggiungere il leggendario &#8220;giorno di tre giorni&#8221;. In ogni caso si trattava di un evidente culto solare che celebrava la forza e il potere dell&#8217;astro sulle tenebre.<\/p>\n<p>Questo meraviglioso rituale \u00e8 un\u2019occasione per celebrare le antiche forze positive della natura e per trarre, tradizionalmente, innumerevoli benefici: ana ogni tipo di fattura o energia negativa, spezza le catene della malasorte e della sfortuna propiziando riuscita in tutti i campi, da quello economico a quello pi\u00f9 squisitamente sentimentale. Va eseguito la notte che precede la festa di San Giovanni o nei giorni immediatamente prima. Festa del massimo fulgore del sole, le energie che si liberano nella notte di San Giovanni sono piene di forza e di luce. A sua volta, il fuoco libera le forze protettive positive che il sole ha lasciato nel legno e nell&#8217;aria notturna, che si carica di intense vibrazioni difensive contro l&#8217;oscurit\u00e0 del male.<br \/>\nIl solstizio d&#8217;estate favorisce l&#8217;inizio di nuove attivit\u00e0 e nuovi rapporti, i viaggi e i cambiamenti in generale, inattesi e non.<\/p>\n","protected":false},"excerpt":{"rendered":"<p>Nel &#8220;giorno di mezza estate realta&#8217; e sogno si confondono\u201d (W. Shakespeare). Il solstizio mette in comunicazione due mondi, visibile&#8230;<\/p>\n","protected":false},"featured_media":5491,"template":"","meta":{"_acf_changed":false},"product_brand":[],"product_cat":[1106,1059,1375],"product_tag":[],"class_list":{"0":"post-5490","1":"product","2":"type-product","3":"status-publish","4":"has-post-thumbnail","6":"product_cat-rituali-planetari-stregoneria-angelici","7":"product_cat-articoli-esoterici","8":"product_cat-festivita-popolari-annuali","10":"first","11":"instock","12":"taxable","13":"shipping-taxable","14":"purchasable","15":"product-type-simple","16":"add-to-wishlist-before_image"},"acf":[],"yoast_head":"<!-- This site is optimized with the Yoast SEO plugin v26.9 - https:\/\/yoast.com\/product\/yoast-seo-wordpress\/ -->\n<title>Solstizio D&#039;Estate - Notte di San Giovanni Battista - Tradizione Popolare - Il Crogiuolo<\/title>\n<meta name=\"description\" content=\"Solstizio D&#039;Estate - Notte di San Giovanni Battista - Tradizione Popolare Nel &quot;giorno di mezza estate realta&#039; e sogno si confondono\u201d (W. Shakespeare). Il solstizio mette in comunicazione due mondi, visibile ed invisibile, due\" \/>\n<meta name=\"robots\" content=\"index, follow, max-snippet:-1, max-image-preview:large, max-video-preview:-1\" \/>\n<link rel=\"canonical\" href=\"https:\/\/ilcrogiuolo.it\/it\/p\/solstizio-destate-notte-di-san-giovanni-battista-tradizione-popolare\/\" \/>\n<meta property=\"og:locale\" content=\"it_IT\" \/>\n<meta property=\"og:type\" content=\"article\" \/>\n<meta property=\"og:title\" content=\"Solstizio D&#039;Estate - Notte di San Giovanni Battista - Tradizione Popolare - Il Crogiuolo\" \/>\n<meta property=\"og:description\" content=\"Solstizio D&#039;Estate - Notte di San Giovanni Battista - Tradizione Popolare Nel &quot;giorno di mezza estate realta&#039; e sogno si confondono\u201d (W. Shakespeare). Il solstizio mette in comunicazione due mondi, visibile ed invisibile, due\" \/>\n<meta property=\"og:url\" content=\"https:\/\/ilcrogiuolo.it\/it\/p\/solstizio-destate-notte-di-san-giovanni-battista-tradizione-popolare\/\" \/>\n<meta property=\"og:site_name\" content=\"Il Crogiuolo\" \/>\n<meta property=\"article:publisher\" content=\"https:\/\/www.facebook.com\/Il-Crogiuolo-681876418491758\" \/>\n<meta property=\"article:modified_time\" content=\"2020-02-05T08:28:57+00:00\" \/>\n<meta property=\"og:image\" content=\"https:\/\/ilcrogiuolo.it\/wp-content\/uploads\/2020\/01\/sangiovannirituale_7864890.jpg\" \/>\n\t<meta property=\"og:image:width\" content=\"627\" \/>\n\t<meta property=\"og:image:height\" content=\"600\" \/>\n\t<meta property=\"og:image:type\" content=\"image\/jpeg\" \/>\n<meta name=\"twitter:card\" content=\"summary_large_image\" \/>\n<meta name=\"twitter:label1\" content=\"Tempo di lettura stimato\" \/>\n\t<meta name=\"twitter:data1\" content=\"2 minuti\" \/>\n<script type=\"application\/ld+json\" class=\"yoast-schema-graph\">{\"@context\":\"https:\/\/schema.org\",\"@graph\":[{\"@type\":\"WebPage\",\"@id\":\"https:\/\/ilcrogiuolo.it\/it\/p\/solstizio-destate-notte-di-san-giovanni-battista-tradizione-popolare\/\",\"url\":\"https:\/\/ilcrogiuolo.it\/it\/p\/solstizio-destate-notte-di-san-giovanni-battista-tradizione-popolare\/\",\"name\":\"Solstizio D'Estate - Notte di San Giovanni Battista - Tradizione Popolare - Il Crogiuolo\",\"isPartOf\":{\"@id\":\"https:\/\/ilcrogiuolo.it\/it\/#website\"},\"primaryImageOfPage\":{\"@id\":\"https:\/\/ilcrogiuolo.it\/it\/p\/solstizio-destate-notte-di-san-giovanni-battista-tradizione-popolare\/#primaryimage\"},\"image\":{\"@id\":\"https:\/\/ilcrogiuolo.it\/it\/p\/solstizio-destate-notte-di-san-giovanni-battista-tradizione-popolare\/#primaryimage\"},\"thumbnailUrl\":\"https:\/\/ilcrogiuolo.it\/wp-content\/uploads\/2020\/01\/sangiovannirituale_7864890.jpg\",\"datePublished\":\"2020-01-14T16:11:07+00:00\",\"dateModified\":\"2020-02-05T08:28:57+00:00\",\"description\":\"Solstizio D'Estate - Notte di San Giovanni Battista - Tradizione Popolare Nel \\\"giorno di mezza estate realta' e sogno si confondono\u201d (W. Shakespeare). Il solstizio mette in comunicazione due mondi, visibile ed invisibile, due\",\"breadcrumb\":{\"@id\":\"https:\/\/ilcrogiuolo.it\/it\/p\/solstizio-destate-notte-di-san-giovanni-battista-tradizione-popolare\/#breadcrumb\"},\"inLanguage\":\"it-IT\",\"potentialAction\":[{\"@type\":\"ReadAction\",\"target\":[\"https:\/\/ilcrogiuolo.it\/it\/p\/solstizio-destate-notte-di-san-giovanni-battista-tradizione-popolare\/\"]}]},{\"@type\":\"ImageObject\",\"inLanguage\":\"it-IT\",\"@id\":\"https:\/\/ilcrogiuolo.it\/it\/p\/solstizio-destate-notte-di-san-giovanni-battista-tradizione-popolare\/#primaryimage\",\"url\":\"https:\/\/ilcrogiuolo.it\/wp-content\/uploads\/2020\/01\/sangiovannirituale_7864890.jpg\",\"contentUrl\":\"https:\/\/ilcrogiuolo.it\/wp-content\/uploads\/2020\/01\/sangiovannirituale_7864890.jpg\",\"width\":627,\"height\":600},{\"@type\":\"BreadcrumbList\",\"@id\":\"https:\/\/ilcrogiuolo.it\/it\/p\/solstizio-destate-notte-di-san-giovanni-battista-tradizione-popolare\/#breadcrumb\",\"itemListElement\":[{\"@type\":\"ListItem\",\"position\":1,\"name\":\"Home\",\"item\":\"https:\/\/ilcrogiuolo.it\/it\/\"},{\"@type\":\"ListItem\",\"position\":2,\"name\":\"Shop\",\"item\":\"https:\/\/ilcrogiuolo.it\/it\/negozio\/\"},{\"@type\":\"ListItem\",\"position\":3,\"name\":\"Solstizio D&#8217;Estate &#8211; Notte di San Giovanni Battista &#8211; Tradizione Popolare\"}]},{\"@type\":\"WebSite\",\"@id\":\"https:\/\/ilcrogiuolo.it\/it\/#website\",\"url\":\"https:\/\/ilcrogiuolo.it\/it\/\",\"name\":\"Il Crogiuolo\",\"description\":\"\",\"publisher\":{\"@id\":\"https:\/\/ilcrogiuolo.it\/it\/#organization\"},\"potentialAction\":[{\"@type\":\"SearchAction\",\"target\":{\"@type\":\"EntryPoint\",\"urlTemplate\":\"https:\/\/ilcrogiuolo.it\/it\/?s={search_term_string}\"},\"query-input\":{\"@type\":\"PropertyValueSpecification\",\"valueRequired\":true,\"valueName\":\"search_term_string\"}}],\"inLanguage\":\"it-IT\"},{\"@type\":\"Organization\",\"@id\":\"https:\/\/ilcrogiuolo.it\/it\/#organization\",\"name\":\"Il Crogiuolo\",\"url\":\"https:\/\/ilcrogiuolo.it\/it\/\",\"logo\":{\"@type\":\"ImageObject\",\"inLanguage\":\"it-IT\",\"@id\":\"https:\/\/ilcrogiuolo.it\/it\/#\/schema\/logo\/image\/\",\"url\":\"https:\/\/ilcrogiuolo.it\/wp-content\/uploads\/2020\/04\/logo.png\",\"contentUrl\":\"https:\/\/ilcrogiuolo.it\/wp-content\/uploads\/2020\/04\/logo.png\",\"width\":200,\"height\":49,\"caption\":\"Il Crogiuolo\"},\"image\":{\"@id\":\"https:\/\/ilcrogiuolo.it\/it\/#\/schema\/logo\/image\/\"},\"sameAs\":[\"https:\/\/www.facebook.com\/Il-Crogiuolo-681876418491758\"]}]}<\/script>\n<!-- \/ Yoast SEO plugin. -->","yoast_head_json":{"title":"Solstizio D'Estate - Notte di San Giovanni Battista - Tradizione Popolare - Il Crogiuolo","description":"Solstizio D'Estate - Notte di San Giovanni Battista - Tradizione Popolare Nel \"giorno di mezza estate realta' e sogno si confondono\u201d (W. Shakespeare). Il solstizio mette in comunicazione due mondi, visibile ed invisibile, due","robots":{"index":"index","follow":"follow","max-snippet":"max-snippet:-1","max-image-preview":"max-image-preview:large","max-video-preview":"max-video-preview:-1"},"canonical":"https:\/\/ilcrogiuolo.it\/it\/p\/solstizio-destate-notte-di-san-giovanni-battista-tradizione-popolare\/","og_locale":"it_IT","og_type":"article","og_title":"Solstizio D'Estate - Notte di San Giovanni Battista - Tradizione Popolare - Il Crogiuolo","og_description":"Solstizio D'Estate - Notte di San Giovanni Battista - Tradizione Popolare Nel \"giorno di mezza estate realta' e sogno si confondono\u201d (W. Shakespeare). Il solstizio mette in comunicazione due mondi, visibile ed invisibile, due","og_url":"https:\/\/ilcrogiuolo.it\/it\/p\/solstizio-destate-notte-di-san-giovanni-battista-tradizione-popolare\/","og_site_name":"Il Crogiuolo","article_publisher":"https:\/\/www.facebook.com\/Il-Crogiuolo-681876418491758","article_modified_time":"2020-02-05T08:28:57+00:00","og_image":[{"width":627,"height":600,"url":"https:\/\/ilcrogiuolo.it\/wp-content\/uploads\/2020\/01\/sangiovannirituale_7864890.jpg","type":"image\/jpeg"}],"twitter_card":"summary_large_image","twitter_misc":{"Tempo di lettura stimato":"2 minuti"},"schema":{"@context":"https:\/\/schema.org","@graph":[{"@type":"WebPage","@id":"https:\/\/ilcrogiuolo.it\/it\/p\/solstizio-destate-notte-di-san-giovanni-battista-tradizione-popolare\/","url":"https:\/\/ilcrogiuolo.it\/it\/p\/solstizio-destate-notte-di-san-giovanni-battista-tradizione-popolare\/","name":"Solstizio D'Estate - Notte di San Giovanni Battista - Tradizione Popolare - Il Crogiuolo","isPartOf":{"@id":"https:\/\/ilcrogiuolo.it\/it\/#website"},"primaryImageOfPage":{"@id":"https:\/\/ilcrogiuolo.it\/it\/p\/solstizio-destate-notte-di-san-giovanni-battista-tradizione-popolare\/#primaryimage"},"image":{"@id":"https:\/\/ilcrogiuolo.it\/it\/p\/solstizio-destate-notte-di-san-giovanni-battista-tradizione-popolare\/#primaryimage"},"thumbnailUrl":"https:\/\/ilcrogiuolo.it\/wp-content\/uploads\/2020\/01\/sangiovannirituale_7864890.jpg","datePublished":"2020-01-14T16:11:07+00:00","dateModified":"2020-02-05T08:28:57+00:00","description":"Solstizio D'Estate - Notte di San Giovanni Battista - Tradizione Popolare Nel \"giorno di mezza estate realta' e sogno si confondono\u201d (W. Shakespeare). Il solstizio mette in comunicazione due mondi, visibile ed invisibile, due","breadcrumb":{"@id":"https:\/\/ilcrogiuolo.it\/it\/p\/solstizio-destate-notte-di-san-giovanni-battista-tradizione-popolare\/#breadcrumb"},"inLanguage":"it-IT","potentialAction":[{"@type":"ReadAction","target":["https:\/\/ilcrogiuolo.it\/it\/p\/solstizio-destate-notte-di-san-giovanni-battista-tradizione-popolare\/"]}]},{"@type":"ImageObject","inLanguage":"it-IT","@id":"https:\/\/ilcrogiuolo.it\/it\/p\/solstizio-destate-notte-di-san-giovanni-battista-tradizione-popolare\/#primaryimage","url":"https:\/\/ilcrogiuolo.it\/wp-content\/uploads\/2020\/01\/sangiovannirituale_7864890.jpg","contentUrl":"https:\/\/ilcrogiuolo.it\/wp-content\/uploads\/2020\/01\/sangiovannirituale_7864890.jpg","width":627,"height":600},{"@type":"BreadcrumbList","@id":"https:\/\/ilcrogiuolo.it\/it\/p\/solstizio-destate-notte-di-san-giovanni-battista-tradizione-popolare\/#breadcrumb","itemListElement":[{"@type":"ListItem","position":1,"name":"Home","item":"https:\/\/ilcrogiuolo.it\/it\/"},{"@type":"ListItem","position":2,"name":"Shop","item":"https:\/\/ilcrogiuolo.it\/it\/negozio\/"},{"@type":"ListItem","position":3,"name":"Solstizio D&#8217;Estate &#8211; Notte di San Giovanni Battista &#8211; Tradizione Popolare"}]},{"@type":"WebSite","@id":"https:\/\/ilcrogiuolo.it\/it\/#website","url":"https:\/\/ilcrogiuolo.it\/it\/","name":"Il Crogiuolo","description":"","publisher":{"@id":"https:\/\/ilcrogiuolo.it\/it\/#organization"},"potentialAction":[{"@type":"SearchAction","target":{"@type":"EntryPoint","urlTemplate":"https:\/\/ilcrogiuolo.it\/it\/?s={search_term_string}"},"query-input":{"@type":"PropertyValueSpecification","valueRequired":true,"valueName":"search_term_string"}}],"inLanguage":"it-IT"},{"@type":"Organization","@id":"https:\/\/ilcrogiuolo.it\/it\/#organization","name":"Il Crogiuolo","url":"https:\/\/ilcrogiuolo.it\/it\/","logo":{"@type":"ImageObject","inLanguage":"it-IT","@id":"https:\/\/ilcrogiuolo.it\/it\/#\/schema\/logo\/image\/","url":"https:\/\/ilcrogiuolo.it\/wp-content\/uploads\/2020\/04\/logo.png","contentUrl":"https:\/\/ilcrogiuolo.it\/wp-content\/uploads\/2020\/04\/logo.png","width":200,"height":49,"caption":"Il Crogiuolo"},"image":{"@id":"https:\/\/ilcrogiuolo.it\/it\/#\/schema\/logo\/image\/"},"sameAs":["https:\/\/www.facebook.com\/Il-Crogiuolo-681876418491758"]}]}},"_links":{"self":[{"href":"https:\/\/ilcrogiuolo.it\/it\/wp-json\/wp\/v2\/product\/5490","targetHints":{"allow":["GET"]}}],"collection":[{"href":"https:\/\/ilcrogiuolo.it\/it\/wp-json\/wp\/v2\/product"}],"about":[{"href":"https:\/\/ilcrogiuolo.it\/it\/wp-json\/wp\/v2\/types\/product"}],"wp:featuredmedia":[{"embeddable":true,"href":"https:\/\/ilcrogiuolo.it\/it\/wp-json\/wp\/v2\/media\/5491"}],"wp:attachment":[{"href":"https:\/\/ilcrogiuolo.it\/it\/wp-json\/wp\/v2\/media?parent=5490"}],"wp:term":[{"taxonomy":"product_brand","embeddable":true,"href":"https:\/\/ilcrogiuolo.it\/it\/wp-json\/wp\/v2\/product_brand?post=5490"},{"taxonomy":"product_cat","embeddable":true,"href":"https:\/\/ilcrogiuolo.it\/it\/wp-json\/wp\/v2\/product_cat?post=5490"},{"taxonomy":"product_tag","embeddable":true,"href":"https:\/\/ilcrogiuolo.it\/it\/wp-json\/wp\/v2\/product_tag?post=5490"}],"curies":[{"name":"wp","href":"https:\/\/api.w.org\/{rel}","templated":true}]}}