{"id":5459,"date":"2020-01-14T17:11:02","date_gmt":"2020-01-14T16:11:02","guid":{"rendered":"https:\/\/ilcrogiuolo.it\/p\/abre-camino-quassia-amara-quassio\/"},"modified":"2024-09-26T17:04:18","modified_gmt":"2024-09-26T15:04:18","slug":"abre-camino-quassia-amara-quassio","status":"publish","type":"product","link":"https:\/\/ilcrogiuolo.it\/it\/p\/abre-camino-quassia-amara-quassio\/","title":{"rendered":"ABRE CAMINO &#8211; QUASSIA AMARA &#8211; QUASSIO"},"content":{"rendered":"<p>NOME POPOLARE: ABRE CAMINO<br \/>\nNOME SCENTIFICO: QUASSIA AMARA<br \/>\nNOME COMUNE: QUASSIO<br \/>\nDESCRIZIONE: E\u2019 per antonomasia, nelle tradizioni afroamericane, la pianta di Elegbar\u00e0 e di Ex\u00f9. Nella tradizione esoterica si impiega in tutte le situazioni stagnanti difficili per sbloccarle. Si utilizza in bagni, defumazioni, nella preparazione di lozioni e polveri, da sola o unita ad altre erbe per indirizzarne il potere. Elimina la malasorte e favorisce il successo di qualsiasi impresa. Se si desidera iniziare una nuova attivit\u00e0 la pianta Apri Strade \u00e8 sicuramente la pi\u00f9 indicata.<\/p>\n<p>&nbsp;<\/p>\n","protected":false},"excerpt":{"rendered":"<p>NOME POPOLARE: ABRE CAMINO NOME SCENTIFICO: QUASSIA AMARA NOME COMUNE: QUASSIO DESCRIZIONE: E\u2019 per antonomasia, nelle tradizioni afroamericane, la pianta&#8230;<\/p>\n","protected":false},"featured_media":47505,"template":"","meta":{"_acf_changed":false},"product_brand":[],"product_cat":[1096,1065,1380],"product_tag":[],"class_list":{"0":"post-5459","1":"product","2":"type-product","3":"status-publish","4":"has-post-thumbnail","6":"product_cat-botanica-erbe-e-miscele","7":"product_cat-botanica-pietre","8":"product_cat-erboristica-esoterica-fitologia-occulta","10":"first","11":"instock","12":"taxable","13":"shipping-taxable","14":"purchasable","15":"product-type-simple","16":"add-to-wishlist-before_image"},"acf":[],"yoast_head":"<!-- This site is optimized with the Yoast SEO plugin v26.9 - https:\/\/yoast.com\/product\/yoast-seo-wordpress\/ -->\n<title>ABRE CAMINO - QUASSIA AMARA - QUASSIO - Il Crogiuolo<\/title>\n<meta name=\"description\" content=\"ABRE CAMINO - QUASSIA AMARA - QUASSIO NOME POPOLARE: ABRE CAMINO NOME SCENTIFICO: QUASSIA AMARA NOME COMUNE: QUASSIO DESCRIZIONE: E\u2019 per antonomasia, nelle tradizioni afroamericane, la pianta\" \/>\n<meta name=\"robots\" content=\"index, follow, max-snippet:-1, max-image-preview:large, max-video-preview:-1\" \/>\n<link rel=\"canonical\" href=\"https:\/\/ilcrogiuolo.it\/it\/p\/abre-camino-quassia-amara-quassio\/\" \/>\n<meta property=\"og:locale\" content=\"it_IT\" \/>\n<meta property=\"og:type\" content=\"article\" \/>\n<meta property=\"og:title\" content=\"ABRE CAMINO - QUASSIA AMARA - QUASSIO - Il Crogiuolo\" \/>\n<meta property=\"og:description\" content=\"ABRE CAMINO - QUASSIA AMARA - QUASSIO NOME POPOLARE: ABRE CAMINO NOME SCENTIFICO: QUASSIA AMARA NOME COMUNE: QUASSIO DESCRIZIONE: E\u2019 per antonomasia, nelle tradizioni afroamericane, la pianta\" \/>\n<meta property=\"og:url\" content=\"https:\/\/ilcrogiuolo.it\/it\/p\/abre-camino-quassia-amara-quassio\/\" \/>\n<meta property=\"og:site_name\" content=\"Il Crogiuolo\" \/>\n<meta property=\"article:publisher\" content=\"https:\/\/www.facebook.com\/Il-Crogiuolo-681876418491758\" \/>\n<meta property=\"article:modified_time\" content=\"2024-09-26T15:04:18+00:00\" \/>\n<meta property=\"og:image\" content=\"https:\/\/ilcrogiuolo.it\/wp-content\/uploads\/2020\/01\/QUASSIA.png\" \/>\n\t<meta property=\"og:image:width\" content=\"627\" \/>\n\t<meta property=\"og:image:height\" content=\"600\" \/>\n\t<meta property=\"og:image:type\" content=\"image\/png\" \/>\n<meta name=\"twitter:card\" content=\"summary_large_image\" \/>\n<meta name=\"twitter:label1\" content=\"Tempo di lettura stimato\" \/>\n\t<meta name=\"twitter:data1\" content=\"1 minuto\" \/>\n<script type=\"application\/ld+json\" class=\"yoast-schema-graph\">{\"@context\":\"https:\/\/schema.org\",\"@graph\":[{\"@type\":\"WebPage\",\"@id\":\"https:\/\/ilcrogiuolo.it\/it\/p\/abre-camino-quassia-amara-quassio\/\",\"url\":\"https:\/\/ilcrogiuolo.it\/it\/p\/abre-camino-quassia-amara-quassio\/\",\"name\":\"ABRE CAMINO - QUASSIA AMARA - QUASSIO - Il Crogiuolo\",\"isPartOf\":{\"@id\":\"https:\/\/ilcrogiuolo.it\/it\/#website\"},\"primaryImageOfPage\":{\"@id\":\"https:\/\/ilcrogiuolo.it\/it\/p\/abre-camino-quassia-amara-quassio\/#primaryimage\"},\"image\":{\"@id\":\"https:\/\/ilcrogiuolo.it\/it\/p\/abre-camino-quassia-amara-quassio\/#primaryimage\"},\"thumbnailUrl\":\"https:\/\/ilcrogiuolo.it\/wp-content\/uploads\/2020\/01\/QUASSIA.png\",\"datePublished\":\"2020-01-14T16:11:02+00:00\",\"dateModified\":\"2024-09-26T15:04:18+00:00\",\"description\":\"ABRE CAMINO - QUASSIA AMARA - QUASSIO NOME POPOLARE: ABRE CAMINO NOME SCENTIFICO: QUASSIA AMARA NOME COMUNE: QUASSIO DESCRIZIONE: E\u2019 per antonomasia, nelle tradizioni afroamericane, la pianta\",\"breadcrumb\":{\"@id\":\"https:\/\/ilcrogiuolo.it\/it\/p\/abre-camino-quassia-amara-quassio\/#breadcrumb\"},\"inLanguage\":\"it-IT\",\"potentialAction\":[{\"@type\":\"ReadAction\",\"target\":[\"https:\/\/ilcrogiuolo.it\/it\/p\/abre-camino-quassia-amara-quassio\/\"]}]},{\"@type\":\"ImageObject\",\"inLanguage\":\"it-IT\",\"@id\":\"https:\/\/ilcrogiuolo.it\/it\/p\/abre-camino-quassia-amara-quassio\/#primaryimage\",\"url\":\"https:\/\/ilcrogiuolo.it\/wp-content\/uploads\/2020\/01\/QUASSIA.png\",\"contentUrl\":\"https:\/\/ilcrogiuolo.it\/wp-content\/uploads\/2020\/01\/QUASSIA.png\",\"width\":627,\"height\":600},{\"@type\":\"BreadcrumbList\",\"@id\":\"https:\/\/ilcrogiuolo.it\/it\/p\/abre-camino-quassia-amara-quassio\/#breadcrumb\",\"itemListElement\":[{\"@type\":\"ListItem\",\"position\":1,\"name\":\"Home\",\"item\":\"https:\/\/ilcrogiuolo.it\/it\/\"},{\"@type\":\"ListItem\",\"position\":2,\"name\":\"Shop\",\"item\":\"https:\/\/ilcrogiuolo.it\/it\/negozio\/\"},{\"@type\":\"ListItem\",\"position\":3,\"name\":\"ABRE CAMINO &#8211; QUASSIA AMARA &#8211; QUASSIO\"}]},{\"@type\":\"WebSite\",\"@id\":\"https:\/\/ilcrogiuolo.it\/it\/#website\",\"url\":\"https:\/\/ilcrogiuolo.it\/it\/\",\"name\":\"Il Crogiuolo\",\"description\":\"\",\"publisher\":{\"@id\":\"https:\/\/ilcrogiuolo.it\/it\/#organization\"},\"potentialAction\":[{\"@type\":\"SearchAction\",\"target\":{\"@type\":\"EntryPoint\",\"urlTemplate\":\"https:\/\/ilcrogiuolo.it\/it\/?s={search_term_string}\"},\"query-input\":{\"@type\":\"PropertyValueSpecification\",\"valueRequired\":true,\"valueName\":\"search_term_string\"}}],\"inLanguage\":\"it-IT\"},{\"@type\":\"Organization\",\"@id\":\"https:\/\/ilcrogiuolo.it\/it\/#organization\",\"name\":\"Il Crogiuolo\",\"url\":\"https:\/\/ilcrogiuolo.it\/it\/\",\"logo\":{\"@type\":\"ImageObject\",\"inLanguage\":\"it-IT\",\"@id\":\"https:\/\/ilcrogiuolo.it\/it\/#\/schema\/logo\/image\/\",\"url\":\"https:\/\/ilcrogiuolo.it\/wp-content\/uploads\/2020\/04\/logo.png\",\"contentUrl\":\"https:\/\/ilcrogiuolo.it\/wp-content\/uploads\/2020\/04\/logo.png\",\"width\":200,\"height\":49,\"caption\":\"Il Crogiuolo\"},\"image\":{\"@id\":\"https:\/\/ilcrogiuolo.it\/it\/#\/schema\/logo\/image\/\"},\"sameAs\":[\"https:\/\/www.facebook.com\/Il-Crogiuolo-681876418491758\"]}]}<\/script>\n<!-- \/ Yoast SEO plugin. -->","yoast_head_json":{"title":"ABRE CAMINO - QUASSIA AMARA - QUASSIO - Il Crogiuolo","description":"ABRE CAMINO - QUASSIA AMARA - QUASSIO NOME POPOLARE: ABRE CAMINO NOME SCENTIFICO: QUASSIA AMARA NOME COMUNE: QUASSIO DESCRIZIONE: E\u2019 per antonomasia, nelle tradizioni afroamericane, la pianta","robots":{"index":"index","follow":"follow","max-snippet":"max-snippet:-1","max-image-preview":"max-image-preview:large","max-video-preview":"max-video-preview:-1"},"canonical":"https:\/\/ilcrogiuolo.it\/it\/p\/abre-camino-quassia-amara-quassio\/","og_locale":"it_IT","og_type":"article","og_title":"ABRE CAMINO - QUASSIA AMARA - QUASSIO - Il Crogiuolo","og_description":"ABRE CAMINO - QUASSIA AMARA - QUASSIO NOME POPOLARE: ABRE CAMINO NOME SCENTIFICO: QUASSIA AMARA NOME COMUNE: QUASSIO DESCRIZIONE: E\u2019 per antonomasia, nelle tradizioni afroamericane, la pianta","og_url":"https:\/\/ilcrogiuolo.it\/it\/p\/abre-camino-quassia-amara-quassio\/","og_site_name":"Il Crogiuolo","article_publisher":"https:\/\/www.facebook.com\/Il-Crogiuolo-681876418491758","article_modified_time":"2024-09-26T15:04:18+00:00","og_image":[{"width":627,"height":600,"url":"https:\/\/ilcrogiuolo.it\/wp-content\/uploads\/2020\/01\/QUASSIA.png","type":"image\/png"}],"twitter_card":"summary_large_image","twitter_misc":{"Tempo di lettura stimato":"1 minuto"},"schema":{"@context":"https:\/\/schema.org","@graph":[{"@type":"WebPage","@id":"https:\/\/ilcrogiuolo.it\/it\/p\/abre-camino-quassia-amara-quassio\/","url":"https:\/\/ilcrogiuolo.it\/it\/p\/abre-camino-quassia-amara-quassio\/","name":"ABRE CAMINO - QUASSIA AMARA - QUASSIO - Il Crogiuolo","isPartOf":{"@id":"https:\/\/ilcrogiuolo.it\/it\/#website"},"primaryImageOfPage":{"@id":"https:\/\/ilcrogiuolo.it\/it\/p\/abre-camino-quassia-amara-quassio\/#primaryimage"},"image":{"@id":"https:\/\/ilcrogiuolo.it\/it\/p\/abre-camino-quassia-amara-quassio\/#primaryimage"},"thumbnailUrl":"https:\/\/ilcrogiuolo.it\/wp-content\/uploads\/2020\/01\/QUASSIA.png","datePublished":"2020-01-14T16:11:02+00:00","dateModified":"2024-09-26T15:04:18+00:00","description":"ABRE CAMINO - QUASSIA AMARA - QUASSIO NOME POPOLARE: ABRE CAMINO NOME SCENTIFICO: QUASSIA AMARA NOME COMUNE: QUASSIO DESCRIZIONE: E\u2019 per antonomasia, nelle tradizioni afroamericane, la pianta","breadcrumb":{"@id":"https:\/\/ilcrogiuolo.it\/it\/p\/abre-camino-quassia-amara-quassio\/#breadcrumb"},"inLanguage":"it-IT","potentialAction":[{"@type":"ReadAction","target":["https:\/\/ilcrogiuolo.it\/it\/p\/abre-camino-quassia-amara-quassio\/"]}]},{"@type":"ImageObject","inLanguage":"it-IT","@id":"https:\/\/ilcrogiuolo.it\/it\/p\/abre-camino-quassia-amara-quassio\/#primaryimage","url":"https:\/\/ilcrogiuolo.it\/wp-content\/uploads\/2020\/01\/QUASSIA.png","contentUrl":"https:\/\/ilcrogiuolo.it\/wp-content\/uploads\/2020\/01\/QUASSIA.png","width":627,"height":600},{"@type":"BreadcrumbList","@id":"https:\/\/ilcrogiuolo.it\/it\/p\/abre-camino-quassia-amara-quassio\/#breadcrumb","itemListElement":[{"@type":"ListItem","position":1,"name":"Home","item":"https:\/\/ilcrogiuolo.it\/it\/"},{"@type":"ListItem","position":2,"name":"Shop","item":"https:\/\/ilcrogiuolo.it\/it\/negozio\/"},{"@type":"ListItem","position":3,"name":"ABRE CAMINO &#8211; QUASSIA AMARA &#8211; QUASSIO"}]},{"@type":"WebSite","@id":"https:\/\/ilcrogiuolo.it\/it\/#website","url":"https:\/\/ilcrogiuolo.it\/it\/","name":"Il Crogiuolo","description":"","publisher":{"@id":"https:\/\/ilcrogiuolo.it\/it\/#organization"},"potentialAction":[{"@type":"SearchAction","target":{"@type":"EntryPoint","urlTemplate":"https:\/\/ilcrogiuolo.it\/it\/?s={search_term_string}"},"query-input":{"@type":"PropertyValueSpecification","valueRequired":true,"valueName":"search_term_string"}}],"inLanguage":"it-IT"},{"@type":"Organization","@id":"https:\/\/ilcrogiuolo.it\/it\/#organization","name":"Il Crogiuolo","url":"https:\/\/ilcrogiuolo.it\/it\/","logo":{"@type":"ImageObject","inLanguage":"it-IT","@id":"https:\/\/ilcrogiuolo.it\/it\/#\/schema\/logo\/image\/","url":"https:\/\/ilcrogiuolo.it\/wp-content\/uploads\/2020\/04\/logo.png","contentUrl":"https:\/\/ilcrogiuolo.it\/wp-content\/uploads\/2020\/04\/logo.png","width":200,"height":49,"caption":"Il Crogiuolo"},"image":{"@id":"https:\/\/ilcrogiuolo.it\/it\/#\/schema\/logo\/image\/"},"sameAs":["https:\/\/www.facebook.com\/Il-Crogiuolo-681876418491758"]}]}},"_links":{"self":[{"href":"https:\/\/ilcrogiuolo.it\/it\/wp-json\/wp\/v2\/product\/5459","targetHints":{"allow":["GET"]}}],"collection":[{"href":"https:\/\/ilcrogiuolo.it\/it\/wp-json\/wp\/v2\/product"}],"about":[{"href":"https:\/\/ilcrogiuolo.it\/it\/wp-json\/wp\/v2\/types\/product"}],"wp:featuredmedia":[{"embeddable":true,"href":"https:\/\/ilcrogiuolo.it\/it\/wp-json\/wp\/v2\/media\/47505"}],"wp:attachment":[{"href":"https:\/\/ilcrogiuolo.it\/it\/wp-json\/wp\/v2\/media?parent=5459"}],"wp:term":[{"taxonomy":"product_brand","embeddable":true,"href":"https:\/\/ilcrogiuolo.it\/it\/wp-json\/wp\/v2\/product_brand?post=5459"},{"taxonomy":"product_cat","embeddable":true,"href":"https:\/\/ilcrogiuolo.it\/it\/wp-json\/wp\/v2\/product_cat?post=5459"},{"taxonomy":"product_tag","embeddable":true,"href":"https:\/\/ilcrogiuolo.it\/it\/wp-json\/wp\/v2\/product_tag?post=5459"}],"curies":[{"name":"wp","href":"https:\/\/api.w.org\/{rel}","templated":true}]}}