{"id":5452,"date":"2020-01-14T17:11:02","date_gmt":"2020-01-14T16:11:02","guid":{"rendered":"https:\/\/ilcrogiuolo.it\/p\/incenso-planetario-di-saturno-gr-50\/"},"modified":"2020-02-05T09:29:14","modified_gmt":"2020-02-05T08:29:14","slug":"incenso-planetario-di-saturno-gr-50","status":"publish","type":"product","link":"https:\/\/ilcrogiuolo.it\/it\/p\/incenso-planetario-di-saturno-gr-50\/","title":{"rendered":"INCENSO PLANETARIO DI SATURNO &#8211; GR 50"},"content":{"rendered":"<p align=\"left\">Secondo i dettami dell&#8217;alta Magia ai sette pianeti dell&#8217;astrologia classica vengono associate sette forze planetarie archetipali, ciascuna di queste regge un&#8217;ambito della vita umana. La tradizione insegna che impiegando una sinergia di analogie legate ad un particolare pianeta possano ottenere innumerevoli benefici.<\/p>\n<p>Nonostante il pianeta Saturno sia associato spesso dalla tradizione magica &#8220;il grande negativo&#8221;, l&#8217;energia di Saturno pu\u00f2 essere impiegata anche per opere positive, per propiziare la saggezza e la conoscenza, per favorire la concentrazione. Saturno \u00e8 tradizionalmente un pianeta solido, quindi il suo potere \u00e8 richiesto anche in tutto ci\u00f2 che concerne le propriet\u00e0. Si usano le forze di Saturno anche per favorire i contatti con i defunti e nelle opere di contatto con l&#8217;aldil\u00e0.<\/p>\n<p>Sacchetto in plastica termosaldato. Contiene 50 gr di prodotto.<\/p>\n","protected":false},"excerpt":{"rendered":"<p>Secondo i dettami dell&#8217;alta Magia ai sette pianeti dell&#8217;astrologia classica vengono associate sette forze planetarie archetipali, ciascuna di queste regge&#8230;<\/p>\n","protected":false},"featured_media":5453,"template":"","meta":{"_acf_changed":false},"product_brand":[],"product_cat":[1114,1059,1381],"product_tag":[],"class_list":{"0":"post-5452","1":"product","2":"type-product","3":"status-publish","4":"has-post-thumbnail","6":"product_cat-incensi","7":"product_cat-articoli-esoterici","8":"product_cat-incensi-planetari","10":"first","11":"instock","12":"taxable","13":"shipping-taxable","14":"purchasable","15":"product-type-simple","16":"add-to-wishlist-before_image"},"acf":[],"yoast_head":"<!-- This site is optimized with the Yoast SEO plugin v26.9 - https:\/\/yoast.com\/product\/yoast-seo-wordpress\/ -->\n<title>INCENSO PLANETARIO DI SATURNO - GR 50 - Il Crogiuolo<\/title>\n<meta name=\"description\" content=\"INCENSO PLANETARIO DI SATURNO - GR 50 Secondo i dettami dell&#039;alta Magia ai sette pianeti dell&#039;astrologia classica vengono associate sette forze planetarie archetipali, ciascuna di queste regge\" \/>\n<meta name=\"robots\" content=\"index, follow, max-snippet:-1, max-image-preview:large, max-video-preview:-1\" \/>\n<link rel=\"canonical\" href=\"https:\/\/ilcrogiuolo.it\/it\/p\/incenso-planetario-di-saturno-gr-50\/\" \/>\n<meta property=\"og:locale\" content=\"it_IT\" \/>\n<meta property=\"og:type\" content=\"article\" \/>\n<meta property=\"og:title\" content=\"INCENSO PLANETARIO DI SATURNO - GR 50 - Il Crogiuolo\" \/>\n<meta property=\"og:description\" content=\"INCENSO PLANETARIO DI SATURNO - GR 50 Secondo i dettami dell&#039;alta Magia ai sette pianeti dell&#039;astrologia classica vengono associate sette forze planetarie archetipali, ciascuna di queste regge\" \/>\n<meta property=\"og:url\" content=\"https:\/\/ilcrogiuolo.it\/it\/p\/incenso-planetario-di-saturno-gr-50\/\" \/>\n<meta property=\"og:site_name\" content=\"Il Crogiuolo\" \/>\n<meta property=\"article:publisher\" content=\"https:\/\/www.facebook.com\/Il-Crogiuolo-681876418491758\" \/>\n<meta property=\"article:modified_time\" content=\"2020-02-05T08:29:14+00:00\" \/>\n<meta property=\"og:image\" content=\"https:\/\/ilcrogiuolo.it\/wp-content\/uploads\/2020\/01\/incensoplanetario_2353250.jpg\" \/>\n\t<meta property=\"og:image:width\" content=\"627\" \/>\n\t<meta property=\"og:image:height\" content=\"600\" \/>\n\t<meta property=\"og:image:type\" content=\"image\/jpeg\" \/>\n<meta name=\"twitter:card\" content=\"summary_large_image\" \/>\n<meta name=\"twitter:label1\" content=\"Tempo di lettura stimato\" \/>\n\t<meta name=\"twitter:data1\" content=\"1 minuto\" \/>\n<script type=\"application\/ld+json\" class=\"yoast-schema-graph\">{\"@context\":\"https:\/\/schema.org\",\"@graph\":[{\"@type\":\"WebPage\",\"@id\":\"https:\/\/ilcrogiuolo.it\/it\/p\/incenso-planetario-di-saturno-gr-50\/\",\"url\":\"https:\/\/ilcrogiuolo.it\/it\/p\/incenso-planetario-di-saturno-gr-50\/\",\"name\":\"INCENSO PLANETARIO DI SATURNO - GR 50 - Il Crogiuolo\",\"isPartOf\":{\"@id\":\"https:\/\/ilcrogiuolo.it\/it\/#website\"},\"primaryImageOfPage\":{\"@id\":\"https:\/\/ilcrogiuolo.it\/it\/p\/incenso-planetario-di-saturno-gr-50\/#primaryimage\"},\"image\":{\"@id\":\"https:\/\/ilcrogiuolo.it\/it\/p\/incenso-planetario-di-saturno-gr-50\/#primaryimage\"},\"thumbnailUrl\":\"https:\/\/ilcrogiuolo.it\/wp-content\/uploads\/2020\/01\/incensoplanetario_2353250.jpg\",\"datePublished\":\"2020-01-14T16:11:02+00:00\",\"dateModified\":\"2020-02-05T08:29:14+00:00\",\"description\":\"INCENSO PLANETARIO DI SATURNO - GR 50 Secondo i dettami dell'alta Magia ai sette pianeti dell'astrologia classica vengono associate sette forze planetarie archetipali, ciascuna di queste regge\",\"breadcrumb\":{\"@id\":\"https:\/\/ilcrogiuolo.it\/it\/p\/incenso-planetario-di-saturno-gr-50\/#breadcrumb\"},\"inLanguage\":\"it-IT\",\"potentialAction\":[{\"@type\":\"ReadAction\",\"target\":[\"https:\/\/ilcrogiuolo.it\/it\/p\/incenso-planetario-di-saturno-gr-50\/\"]}]},{\"@type\":\"ImageObject\",\"inLanguage\":\"it-IT\",\"@id\":\"https:\/\/ilcrogiuolo.it\/it\/p\/incenso-planetario-di-saturno-gr-50\/#primaryimage\",\"url\":\"https:\/\/ilcrogiuolo.it\/wp-content\/uploads\/2020\/01\/incensoplanetario_2353250.jpg\",\"contentUrl\":\"https:\/\/ilcrogiuolo.it\/wp-content\/uploads\/2020\/01\/incensoplanetario_2353250.jpg\",\"width\":627,\"height\":600},{\"@type\":\"BreadcrumbList\",\"@id\":\"https:\/\/ilcrogiuolo.it\/it\/p\/incenso-planetario-di-saturno-gr-50\/#breadcrumb\",\"itemListElement\":[{\"@type\":\"ListItem\",\"position\":1,\"name\":\"Home\",\"item\":\"https:\/\/ilcrogiuolo.it\/it\/\"},{\"@type\":\"ListItem\",\"position\":2,\"name\":\"Shop\",\"item\":\"https:\/\/ilcrogiuolo.it\/it\/negozio\/\"},{\"@type\":\"ListItem\",\"position\":3,\"name\":\"INCENSO PLANETARIO DI SATURNO &#8211; GR 50\"}]},{\"@type\":\"WebSite\",\"@id\":\"https:\/\/ilcrogiuolo.it\/it\/#website\",\"url\":\"https:\/\/ilcrogiuolo.it\/it\/\",\"name\":\"Il Crogiuolo\",\"description\":\"\",\"publisher\":{\"@id\":\"https:\/\/ilcrogiuolo.it\/it\/#organization\"},\"potentialAction\":[{\"@type\":\"SearchAction\",\"target\":{\"@type\":\"EntryPoint\",\"urlTemplate\":\"https:\/\/ilcrogiuolo.it\/it\/?s={search_term_string}\"},\"query-input\":{\"@type\":\"PropertyValueSpecification\",\"valueRequired\":true,\"valueName\":\"search_term_string\"}}],\"inLanguage\":\"it-IT\"},{\"@type\":\"Organization\",\"@id\":\"https:\/\/ilcrogiuolo.it\/it\/#organization\",\"name\":\"Il Crogiuolo\",\"url\":\"https:\/\/ilcrogiuolo.it\/it\/\",\"logo\":{\"@type\":\"ImageObject\",\"inLanguage\":\"it-IT\",\"@id\":\"https:\/\/ilcrogiuolo.it\/it\/#\/schema\/logo\/image\/\",\"url\":\"https:\/\/ilcrogiuolo.it\/wp-content\/uploads\/2020\/04\/logo.png\",\"contentUrl\":\"https:\/\/ilcrogiuolo.it\/wp-content\/uploads\/2020\/04\/logo.png\",\"width\":200,\"height\":49,\"caption\":\"Il Crogiuolo\"},\"image\":{\"@id\":\"https:\/\/ilcrogiuolo.it\/it\/#\/schema\/logo\/image\/\"},\"sameAs\":[\"https:\/\/www.facebook.com\/Il-Crogiuolo-681876418491758\"]}]}<\/script>\n<!-- \/ Yoast SEO plugin. -->","yoast_head_json":{"title":"INCENSO PLANETARIO DI SATURNO - GR 50 - Il Crogiuolo","description":"INCENSO PLANETARIO DI SATURNO - GR 50 Secondo i dettami dell'alta Magia ai sette pianeti dell'astrologia classica vengono associate sette forze planetarie archetipali, ciascuna di queste regge","robots":{"index":"index","follow":"follow","max-snippet":"max-snippet:-1","max-image-preview":"max-image-preview:large","max-video-preview":"max-video-preview:-1"},"canonical":"https:\/\/ilcrogiuolo.it\/it\/p\/incenso-planetario-di-saturno-gr-50\/","og_locale":"it_IT","og_type":"article","og_title":"INCENSO PLANETARIO DI SATURNO - GR 50 - Il Crogiuolo","og_description":"INCENSO PLANETARIO DI SATURNO - GR 50 Secondo i dettami dell'alta Magia ai sette pianeti dell'astrologia classica vengono associate sette forze planetarie archetipali, ciascuna di queste regge","og_url":"https:\/\/ilcrogiuolo.it\/it\/p\/incenso-planetario-di-saturno-gr-50\/","og_site_name":"Il Crogiuolo","article_publisher":"https:\/\/www.facebook.com\/Il-Crogiuolo-681876418491758","article_modified_time":"2020-02-05T08:29:14+00:00","og_image":[{"width":627,"height":600,"url":"https:\/\/ilcrogiuolo.it\/wp-content\/uploads\/2020\/01\/incensoplanetario_2353250.jpg","type":"image\/jpeg"}],"twitter_card":"summary_large_image","twitter_misc":{"Tempo di lettura stimato":"1 minuto"},"schema":{"@context":"https:\/\/schema.org","@graph":[{"@type":"WebPage","@id":"https:\/\/ilcrogiuolo.it\/it\/p\/incenso-planetario-di-saturno-gr-50\/","url":"https:\/\/ilcrogiuolo.it\/it\/p\/incenso-planetario-di-saturno-gr-50\/","name":"INCENSO PLANETARIO DI SATURNO - GR 50 - Il Crogiuolo","isPartOf":{"@id":"https:\/\/ilcrogiuolo.it\/it\/#website"},"primaryImageOfPage":{"@id":"https:\/\/ilcrogiuolo.it\/it\/p\/incenso-planetario-di-saturno-gr-50\/#primaryimage"},"image":{"@id":"https:\/\/ilcrogiuolo.it\/it\/p\/incenso-planetario-di-saturno-gr-50\/#primaryimage"},"thumbnailUrl":"https:\/\/ilcrogiuolo.it\/wp-content\/uploads\/2020\/01\/incensoplanetario_2353250.jpg","datePublished":"2020-01-14T16:11:02+00:00","dateModified":"2020-02-05T08:29:14+00:00","description":"INCENSO PLANETARIO DI SATURNO - GR 50 Secondo i dettami dell'alta Magia ai sette pianeti dell'astrologia classica vengono associate sette forze planetarie archetipali, ciascuna di queste regge","breadcrumb":{"@id":"https:\/\/ilcrogiuolo.it\/it\/p\/incenso-planetario-di-saturno-gr-50\/#breadcrumb"},"inLanguage":"it-IT","potentialAction":[{"@type":"ReadAction","target":["https:\/\/ilcrogiuolo.it\/it\/p\/incenso-planetario-di-saturno-gr-50\/"]}]},{"@type":"ImageObject","inLanguage":"it-IT","@id":"https:\/\/ilcrogiuolo.it\/it\/p\/incenso-planetario-di-saturno-gr-50\/#primaryimage","url":"https:\/\/ilcrogiuolo.it\/wp-content\/uploads\/2020\/01\/incensoplanetario_2353250.jpg","contentUrl":"https:\/\/ilcrogiuolo.it\/wp-content\/uploads\/2020\/01\/incensoplanetario_2353250.jpg","width":627,"height":600},{"@type":"BreadcrumbList","@id":"https:\/\/ilcrogiuolo.it\/it\/p\/incenso-planetario-di-saturno-gr-50\/#breadcrumb","itemListElement":[{"@type":"ListItem","position":1,"name":"Home","item":"https:\/\/ilcrogiuolo.it\/it\/"},{"@type":"ListItem","position":2,"name":"Shop","item":"https:\/\/ilcrogiuolo.it\/it\/negozio\/"},{"@type":"ListItem","position":3,"name":"INCENSO PLANETARIO DI SATURNO &#8211; GR 50"}]},{"@type":"WebSite","@id":"https:\/\/ilcrogiuolo.it\/it\/#website","url":"https:\/\/ilcrogiuolo.it\/it\/","name":"Il Crogiuolo","description":"","publisher":{"@id":"https:\/\/ilcrogiuolo.it\/it\/#organization"},"potentialAction":[{"@type":"SearchAction","target":{"@type":"EntryPoint","urlTemplate":"https:\/\/ilcrogiuolo.it\/it\/?s={search_term_string}"},"query-input":{"@type":"PropertyValueSpecification","valueRequired":true,"valueName":"search_term_string"}}],"inLanguage":"it-IT"},{"@type":"Organization","@id":"https:\/\/ilcrogiuolo.it\/it\/#organization","name":"Il Crogiuolo","url":"https:\/\/ilcrogiuolo.it\/it\/","logo":{"@type":"ImageObject","inLanguage":"it-IT","@id":"https:\/\/ilcrogiuolo.it\/it\/#\/schema\/logo\/image\/","url":"https:\/\/ilcrogiuolo.it\/wp-content\/uploads\/2020\/04\/logo.png","contentUrl":"https:\/\/ilcrogiuolo.it\/wp-content\/uploads\/2020\/04\/logo.png","width":200,"height":49,"caption":"Il Crogiuolo"},"image":{"@id":"https:\/\/ilcrogiuolo.it\/it\/#\/schema\/logo\/image\/"},"sameAs":["https:\/\/www.facebook.com\/Il-Crogiuolo-681876418491758"]}]}},"_links":{"self":[{"href":"https:\/\/ilcrogiuolo.it\/it\/wp-json\/wp\/v2\/product\/5452","targetHints":{"allow":["GET"]}}],"collection":[{"href":"https:\/\/ilcrogiuolo.it\/it\/wp-json\/wp\/v2\/product"}],"about":[{"href":"https:\/\/ilcrogiuolo.it\/it\/wp-json\/wp\/v2\/types\/product"}],"wp:featuredmedia":[{"embeddable":true,"href":"https:\/\/ilcrogiuolo.it\/it\/wp-json\/wp\/v2\/media\/5453"}],"wp:attachment":[{"href":"https:\/\/ilcrogiuolo.it\/it\/wp-json\/wp\/v2\/media?parent=5452"}],"wp:term":[{"taxonomy":"product_brand","embeddable":true,"href":"https:\/\/ilcrogiuolo.it\/it\/wp-json\/wp\/v2\/product_brand?post=5452"},{"taxonomy":"product_cat","embeddable":true,"href":"https:\/\/ilcrogiuolo.it\/it\/wp-json\/wp\/v2\/product_cat?post=5452"},{"taxonomy":"product_tag","embeddable":true,"href":"https:\/\/ilcrogiuolo.it\/it\/wp-json\/wp\/v2\/product_tag?post=5452"}],"curies":[{"name":"wp","href":"https:\/\/api.w.org\/{rel}","templated":true}]}}