{"id":5431,"date":"2020-01-14T17:10:56","date_gmt":"2020-01-14T16:10:56","guid":{"rendered":"https:\/\/ilcrogiuolo.it\/p\/cipresso-cupressus-cipresso\/"},"modified":"2024-09-26T17:39:03","modified_gmt":"2024-09-26T15:39:03","slug":"cipresso-cupressus-cipresso","status":"publish","type":"product","link":"https:\/\/ilcrogiuolo.it\/it\/p\/cipresso-cupressus-cipresso\/","title":{"rendered":"CIPRESSO &#8211; CUPRESSUS &#8211; CIPRESSO"},"content":{"rendered":"<p>NOME POPOLARE: CIPRESSO<\/p>\n<p>NOME SCENTIFICO: CUPRESSUS<\/p>\n<p>NOME COMUNE: CIPRESSO<\/p>\n<p>DESCRIZIONE: E&#8217; l&#8217;albero degli Eg\u00f9ns per eccellenza, nella tradizione afrobrasiliana, e la propriet\u00e0 principale di questa pianta \u00e8 quella di atti\u00adrare le anime dei morti. La resina viene bruciata talvolta nel corso delle sedute spiriti\u00adche as\u00adsieme alla mirra per ottenere contatti veloci, tuttavia questa defumazione non \u00e8 esente da ri\u00adschi e richiede forti capaci\u00adt\u00e0 di controllo medianico. Il cipresso dei cimiteri si usa anche per fare delle fatture ed ai suoi piedi vengono con\u00adsegnate offerte per gli Ex\u00f9s che gravitano attorno alla pianta.<\/p>\n<p>&nbsp;<\/p>\n","protected":false},"excerpt":{"rendered":"<p>NOME POPOLARE: CIPRESSO NOME SCENTIFICO: CUPRESSUS NOME COMUNE: CIPRESSO DESCRIZIONE: E&#8217; l&#8217;albero degli Eg\u00f9ns per eccellenza, nella tradizione afrobrasiliana, e&#8230;<\/p>\n","protected":false},"featured_media":47413,"template":"","meta":{"_acf_changed":false},"product_brand":[],"product_cat":[1096,1065,1380],"product_tag":[],"class_list":{"0":"post-5431","1":"product","2":"type-product","3":"status-publish","4":"has-post-thumbnail","6":"product_cat-botanica-erbe-e-miscele","7":"product_cat-botanica-pietre","8":"product_cat-erboristica-esoterica-fitologia-occulta","10":"first","11":"instock","12":"taxable","13":"shipping-taxable","14":"purchasable","15":"product-type-simple","16":"add-to-wishlist-before_image"},"acf":[],"yoast_head":"<!-- This site is optimized with the Yoast SEO plugin v26.9 - https:\/\/yoast.com\/product\/yoast-seo-wordpress\/ -->\n<title>CIPRESSO - CUPRESSUS - CIPRESSO - Il Crogiuolo<\/title>\n<meta name=\"description\" content=\"CIPRESSO - CUPRESSUS - CIPRESSO NOME POPOLARE: CIPRESSO NOME SCENTIFICO: CUPRESSUS NOME COMUNE: CIPRESSO DESCRIZIONE: E&#039; l&#039;albero degli Eg\u00f9ns per eccellenza, nella tradizione\" \/>\n<meta name=\"robots\" content=\"index, follow, max-snippet:-1, max-image-preview:large, max-video-preview:-1\" \/>\n<link rel=\"canonical\" href=\"https:\/\/ilcrogiuolo.it\/it\/p\/cipresso-cupressus-cipresso\/\" \/>\n<meta property=\"og:locale\" content=\"it_IT\" \/>\n<meta property=\"og:type\" content=\"article\" \/>\n<meta property=\"og:title\" content=\"CIPRESSO - CUPRESSUS - CIPRESSO - Il Crogiuolo\" \/>\n<meta property=\"og:description\" content=\"CIPRESSO - CUPRESSUS - CIPRESSO NOME POPOLARE: CIPRESSO NOME SCENTIFICO: CUPRESSUS NOME COMUNE: CIPRESSO DESCRIZIONE: E&#039; l&#039;albero degli Eg\u00f9ns per eccellenza, nella tradizione\" \/>\n<meta property=\"og:url\" content=\"https:\/\/ilcrogiuolo.it\/it\/p\/cipresso-cupressus-cipresso\/\" \/>\n<meta property=\"og:site_name\" content=\"Il Crogiuolo\" \/>\n<meta property=\"article:publisher\" content=\"https:\/\/www.facebook.com\/Il-Crogiuolo-681876418491758\" \/>\n<meta property=\"article:modified_time\" content=\"2024-09-26T15:39:03+00:00\" \/>\n<meta property=\"og:image\" content=\"https:\/\/ilcrogiuolo.it\/wp-content\/uploads\/2020\/01\/CIPRESSO.png\" \/>\n\t<meta property=\"og:image:width\" content=\"627\" \/>\n\t<meta property=\"og:image:height\" content=\"600\" \/>\n\t<meta property=\"og:image:type\" content=\"image\/png\" \/>\n<meta name=\"twitter:card\" content=\"summary_large_image\" \/>\n<meta name=\"twitter:label1\" content=\"Tempo di lettura stimato\" \/>\n\t<meta name=\"twitter:data1\" content=\"1 minuto\" \/>\n<script type=\"application\/ld+json\" class=\"yoast-schema-graph\">{\"@context\":\"https:\/\/schema.org\",\"@graph\":[{\"@type\":\"WebPage\",\"@id\":\"https:\/\/ilcrogiuolo.it\/it\/p\/cipresso-cupressus-cipresso\/\",\"url\":\"https:\/\/ilcrogiuolo.it\/it\/p\/cipresso-cupressus-cipresso\/\",\"name\":\"CIPRESSO - CUPRESSUS - CIPRESSO - Il Crogiuolo\",\"isPartOf\":{\"@id\":\"https:\/\/ilcrogiuolo.it\/it\/#website\"},\"primaryImageOfPage\":{\"@id\":\"https:\/\/ilcrogiuolo.it\/it\/p\/cipresso-cupressus-cipresso\/#primaryimage\"},\"image\":{\"@id\":\"https:\/\/ilcrogiuolo.it\/it\/p\/cipresso-cupressus-cipresso\/#primaryimage\"},\"thumbnailUrl\":\"https:\/\/ilcrogiuolo.it\/wp-content\/uploads\/2020\/01\/CIPRESSO.png\",\"datePublished\":\"2020-01-14T16:10:56+00:00\",\"dateModified\":\"2024-09-26T15:39:03+00:00\",\"description\":\"CIPRESSO - CUPRESSUS - CIPRESSO NOME POPOLARE: CIPRESSO NOME SCENTIFICO: CUPRESSUS NOME COMUNE: CIPRESSO DESCRIZIONE: E' l'albero degli Eg\u00f9ns per eccellenza, nella tradizione\",\"breadcrumb\":{\"@id\":\"https:\/\/ilcrogiuolo.it\/it\/p\/cipresso-cupressus-cipresso\/#breadcrumb\"},\"inLanguage\":\"it-IT\",\"potentialAction\":[{\"@type\":\"ReadAction\",\"target\":[\"https:\/\/ilcrogiuolo.it\/it\/p\/cipresso-cupressus-cipresso\/\"]}]},{\"@type\":\"ImageObject\",\"inLanguage\":\"it-IT\",\"@id\":\"https:\/\/ilcrogiuolo.it\/it\/p\/cipresso-cupressus-cipresso\/#primaryimage\",\"url\":\"https:\/\/ilcrogiuolo.it\/wp-content\/uploads\/2020\/01\/CIPRESSO.png\",\"contentUrl\":\"https:\/\/ilcrogiuolo.it\/wp-content\/uploads\/2020\/01\/CIPRESSO.png\",\"width\":627,\"height\":600},{\"@type\":\"BreadcrumbList\",\"@id\":\"https:\/\/ilcrogiuolo.it\/it\/p\/cipresso-cupressus-cipresso\/#breadcrumb\",\"itemListElement\":[{\"@type\":\"ListItem\",\"position\":1,\"name\":\"Home\",\"item\":\"https:\/\/ilcrogiuolo.it\/it\/\"},{\"@type\":\"ListItem\",\"position\":2,\"name\":\"Shop\",\"item\":\"https:\/\/ilcrogiuolo.it\/it\/negozio\/\"},{\"@type\":\"ListItem\",\"position\":3,\"name\":\"CIPRESSO &#8211; CUPRESSUS &#8211; CIPRESSO\"}]},{\"@type\":\"WebSite\",\"@id\":\"https:\/\/ilcrogiuolo.it\/it\/#website\",\"url\":\"https:\/\/ilcrogiuolo.it\/it\/\",\"name\":\"Il Crogiuolo\",\"description\":\"\",\"publisher\":{\"@id\":\"https:\/\/ilcrogiuolo.it\/it\/#organization\"},\"potentialAction\":[{\"@type\":\"SearchAction\",\"target\":{\"@type\":\"EntryPoint\",\"urlTemplate\":\"https:\/\/ilcrogiuolo.it\/it\/?s={search_term_string}\"},\"query-input\":{\"@type\":\"PropertyValueSpecification\",\"valueRequired\":true,\"valueName\":\"search_term_string\"}}],\"inLanguage\":\"it-IT\"},{\"@type\":\"Organization\",\"@id\":\"https:\/\/ilcrogiuolo.it\/it\/#organization\",\"name\":\"Il Crogiuolo\",\"url\":\"https:\/\/ilcrogiuolo.it\/it\/\",\"logo\":{\"@type\":\"ImageObject\",\"inLanguage\":\"it-IT\",\"@id\":\"https:\/\/ilcrogiuolo.it\/it\/#\/schema\/logo\/image\/\",\"url\":\"https:\/\/ilcrogiuolo.it\/wp-content\/uploads\/2020\/04\/logo.png\",\"contentUrl\":\"https:\/\/ilcrogiuolo.it\/wp-content\/uploads\/2020\/04\/logo.png\",\"width\":200,\"height\":49,\"caption\":\"Il Crogiuolo\"},\"image\":{\"@id\":\"https:\/\/ilcrogiuolo.it\/it\/#\/schema\/logo\/image\/\"},\"sameAs\":[\"https:\/\/www.facebook.com\/Il-Crogiuolo-681876418491758\"]}]}<\/script>\n<!-- \/ Yoast SEO plugin. -->","yoast_head_json":{"title":"CIPRESSO - CUPRESSUS - CIPRESSO - Il Crogiuolo","description":"CIPRESSO - CUPRESSUS - CIPRESSO NOME POPOLARE: CIPRESSO NOME SCENTIFICO: CUPRESSUS NOME COMUNE: CIPRESSO DESCRIZIONE: E' l'albero degli Eg\u00f9ns per eccellenza, nella tradizione","robots":{"index":"index","follow":"follow","max-snippet":"max-snippet:-1","max-image-preview":"max-image-preview:large","max-video-preview":"max-video-preview:-1"},"canonical":"https:\/\/ilcrogiuolo.it\/it\/p\/cipresso-cupressus-cipresso\/","og_locale":"it_IT","og_type":"article","og_title":"CIPRESSO - CUPRESSUS - CIPRESSO - Il Crogiuolo","og_description":"CIPRESSO - CUPRESSUS - CIPRESSO NOME POPOLARE: CIPRESSO NOME SCENTIFICO: CUPRESSUS NOME COMUNE: CIPRESSO DESCRIZIONE: E' l'albero degli Eg\u00f9ns per eccellenza, nella tradizione","og_url":"https:\/\/ilcrogiuolo.it\/it\/p\/cipresso-cupressus-cipresso\/","og_site_name":"Il Crogiuolo","article_publisher":"https:\/\/www.facebook.com\/Il-Crogiuolo-681876418491758","article_modified_time":"2024-09-26T15:39:03+00:00","og_image":[{"width":627,"height":600,"url":"https:\/\/ilcrogiuolo.it\/wp-content\/uploads\/2020\/01\/CIPRESSO.png","type":"image\/png"}],"twitter_card":"summary_large_image","twitter_misc":{"Tempo di lettura stimato":"1 minuto"},"schema":{"@context":"https:\/\/schema.org","@graph":[{"@type":"WebPage","@id":"https:\/\/ilcrogiuolo.it\/it\/p\/cipresso-cupressus-cipresso\/","url":"https:\/\/ilcrogiuolo.it\/it\/p\/cipresso-cupressus-cipresso\/","name":"CIPRESSO - CUPRESSUS - CIPRESSO - Il Crogiuolo","isPartOf":{"@id":"https:\/\/ilcrogiuolo.it\/it\/#website"},"primaryImageOfPage":{"@id":"https:\/\/ilcrogiuolo.it\/it\/p\/cipresso-cupressus-cipresso\/#primaryimage"},"image":{"@id":"https:\/\/ilcrogiuolo.it\/it\/p\/cipresso-cupressus-cipresso\/#primaryimage"},"thumbnailUrl":"https:\/\/ilcrogiuolo.it\/wp-content\/uploads\/2020\/01\/CIPRESSO.png","datePublished":"2020-01-14T16:10:56+00:00","dateModified":"2024-09-26T15:39:03+00:00","description":"CIPRESSO - CUPRESSUS - CIPRESSO NOME POPOLARE: CIPRESSO NOME SCENTIFICO: CUPRESSUS NOME COMUNE: CIPRESSO DESCRIZIONE: E' l'albero degli Eg\u00f9ns per eccellenza, nella tradizione","breadcrumb":{"@id":"https:\/\/ilcrogiuolo.it\/it\/p\/cipresso-cupressus-cipresso\/#breadcrumb"},"inLanguage":"it-IT","potentialAction":[{"@type":"ReadAction","target":["https:\/\/ilcrogiuolo.it\/it\/p\/cipresso-cupressus-cipresso\/"]}]},{"@type":"ImageObject","inLanguage":"it-IT","@id":"https:\/\/ilcrogiuolo.it\/it\/p\/cipresso-cupressus-cipresso\/#primaryimage","url":"https:\/\/ilcrogiuolo.it\/wp-content\/uploads\/2020\/01\/CIPRESSO.png","contentUrl":"https:\/\/ilcrogiuolo.it\/wp-content\/uploads\/2020\/01\/CIPRESSO.png","width":627,"height":600},{"@type":"BreadcrumbList","@id":"https:\/\/ilcrogiuolo.it\/it\/p\/cipresso-cupressus-cipresso\/#breadcrumb","itemListElement":[{"@type":"ListItem","position":1,"name":"Home","item":"https:\/\/ilcrogiuolo.it\/it\/"},{"@type":"ListItem","position":2,"name":"Shop","item":"https:\/\/ilcrogiuolo.it\/it\/negozio\/"},{"@type":"ListItem","position":3,"name":"CIPRESSO &#8211; CUPRESSUS &#8211; CIPRESSO"}]},{"@type":"WebSite","@id":"https:\/\/ilcrogiuolo.it\/it\/#website","url":"https:\/\/ilcrogiuolo.it\/it\/","name":"Il Crogiuolo","description":"","publisher":{"@id":"https:\/\/ilcrogiuolo.it\/it\/#organization"},"potentialAction":[{"@type":"SearchAction","target":{"@type":"EntryPoint","urlTemplate":"https:\/\/ilcrogiuolo.it\/it\/?s={search_term_string}"},"query-input":{"@type":"PropertyValueSpecification","valueRequired":true,"valueName":"search_term_string"}}],"inLanguage":"it-IT"},{"@type":"Organization","@id":"https:\/\/ilcrogiuolo.it\/it\/#organization","name":"Il Crogiuolo","url":"https:\/\/ilcrogiuolo.it\/it\/","logo":{"@type":"ImageObject","inLanguage":"it-IT","@id":"https:\/\/ilcrogiuolo.it\/it\/#\/schema\/logo\/image\/","url":"https:\/\/ilcrogiuolo.it\/wp-content\/uploads\/2020\/04\/logo.png","contentUrl":"https:\/\/ilcrogiuolo.it\/wp-content\/uploads\/2020\/04\/logo.png","width":200,"height":49,"caption":"Il Crogiuolo"},"image":{"@id":"https:\/\/ilcrogiuolo.it\/it\/#\/schema\/logo\/image\/"},"sameAs":["https:\/\/www.facebook.com\/Il-Crogiuolo-681876418491758"]}]}},"_links":{"self":[{"href":"https:\/\/ilcrogiuolo.it\/it\/wp-json\/wp\/v2\/product\/5431","targetHints":{"allow":["GET"]}}],"collection":[{"href":"https:\/\/ilcrogiuolo.it\/it\/wp-json\/wp\/v2\/product"}],"about":[{"href":"https:\/\/ilcrogiuolo.it\/it\/wp-json\/wp\/v2\/types\/product"}],"wp:featuredmedia":[{"embeddable":true,"href":"https:\/\/ilcrogiuolo.it\/it\/wp-json\/wp\/v2\/media\/47413"}],"wp:attachment":[{"href":"https:\/\/ilcrogiuolo.it\/it\/wp-json\/wp\/v2\/media?parent=5431"}],"wp:term":[{"taxonomy":"product_brand","embeddable":true,"href":"https:\/\/ilcrogiuolo.it\/it\/wp-json\/wp\/v2\/product_brand?post=5431"},{"taxonomy":"product_cat","embeddable":true,"href":"https:\/\/ilcrogiuolo.it\/it\/wp-json\/wp\/v2\/product_cat?post=5431"},{"taxonomy":"product_tag","embeddable":true,"href":"https:\/\/ilcrogiuolo.it\/it\/wp-json\/wp\/v2\/product_tag?post=5431"}],"curies":[{"name":"wp","href":"https:\/\/api.w.org\/{rel}","templated":true}]}}