{"id":5420,"date":"2020-01-14T17:10:49","date_gmt":"2020-01-14T16:10:49","guid":{"rendered":"https:\/\/ilcrogiuolo.it\/p\/no-me-traicione-cuminum-cyminum-cumino\/"},"modified":"2024-09-26T17:54:19","modified_gmt":"2024-09-26T15:54:19","slug":"no-me-traicione-cuminum-cyminum-cumino","status":"publish","type":"product","link":"https:\/\/ilcrogiuolo.it\/it\/p\/no-me-traicione-cuminum-cyminum-cumino\/","title":{"rendered":"NO ME TRAICIONE &#8211; CUMINUM CYMINUM &#8211; CUMINO"},"content":{"rendered":"<p>Nome Popolare: Comino<br \/>\nDenominazione botanica: Cuminum Cyminum<br \/>\nPianeta: Marte<br \/>\nOrix\u00e0 reggente: Elegbar\u00e0 Giorno della settimana: luned\u00ec, venerd\u00ec Il No me traicione (non tradirmi) \u00e8 la pianta della fedelt\u00e0. E\u2019, nella tradizione popolare, la pianta della \u201cconservazione\u201d, ossia si impiega per tutelare qualcosa che si possiede. Ecco dunque che si sparge, in polvere, nelle scarpe della persona amata, in modo che non venga \u201crubata\u201d. Nella ritualistica si impiega su fotografia o su altri testimoni accompagnata da altre erbe o polveri che ne indirizzino il potere.<\/p>\n<p>&nbsp;<\/p>\n<p>&nbsp;<\/p>\n","protected":false},"excerpt":{"rendered":"<p>Nome Popolare: Comino Denominazione botanica: Cuminum Cyminum Pianeta: Marte Orix\u00e0 reggente: Elegbar\u00e0 Giorno della settimana: luned\u00ec, venerd\u00ec Il No me&#8230;<\/p>\n","protected":false},"featured_media":47417,"template":"","meta":{"_acf_changed":false},"product_brand":[],"product_cat":[1096,1065,1380],"product_tag":[],"class_list":{"0":"post-5420","1":"product","2":"type-product","3":"status-publish","4":"has-post-thumbnail","6":"product_cat-botanica-erbe-e-miscele","7":"product_cat-botanica-pietre","8":"product_cat-erboristica-esoterica-fitologia-occulta","10":"first","11":"instock","12":"taxable","13":"shipping-taxable","14":"purchasable","15":"product-type-simple","16":"add-to-wishlist-before_image"},"acf":[],"yoast_head":"<!-- This site is optimized with the Yoast SEO plugin v26.9 - https:\/\/yoast.com\/product\/yoast-seo-wordpress\/ -->\n<title>NO ME TRAICIONE - CUMINUM CYMINUM - CUMINO - Il Crogiuolo<\/title>\n<meta name=\"description\" content=\"NO ME TRAICIONE - CUMINUM CYMINUM - CUMINO Nome Popolare: Comino Denominazione botanica: Cuminum Cyminum Pianeta: Marte Orix\u00e0 reggente: Elegbar\u00e0 Giorno della settimana: luned\u00ec, venerd\u00ec Il No me\" \/>\n<meta name=\"robots\" content=\"index, follow, max-snippet:-1, max-image-preview:large, max-video-preview:-1\" \/>\n<link rel=\"canonical\" href=\"https:\/\/ilcrogiuolo.it\/it\/p\/no-me-traicione-cuminum-cyminum-cumino\/\" \/>\n<meta property=\"og:locale\" content=\"it_IT\" \/>\n<meta property=\"og:type\" content=\"article\" \/>\n<meta property=\"og:title\" content=\"NO ME TRAICIONE - CUMINUM CYMINUM - CUMINO - Il Crogiuolo\" \/>\n<meta property=\"og:description\" content=\"NO ME TRAICIONE - CUMINUM CYMINUM - CUMINO Nome Popolare: Comino Denominazione botanica: Cuminum Cyminum Pianeta: Marte Orix\u00e0 reggente: Elegbar\u00e0 Giorno della settimana: luned\u00ec, venerd\u00ec Il No me\" \/>\n<meta property=\"og:url\" content=\"https:\/\/ilcrogiuolo.it\/it\/p\/no-me-traicione-cuminum-cyminum-cumino\/\" \/>\n<meta property=\"og:site_name\" content=\"Il Crogiuolo\" \/>\n<meta property=\"article:publisher\" content=\"https:\/\/www.facebook.com\/Il-Crogiuolo-681876418491758\" \/>\n<meta property=\"article:modified_time\" content=\"2024-09-26T15:54:19+00:00\" \/>\n<meta property=\"og:image\" content=\"https:\/\/ilcrogiuolo.it\/wp-content\/uploads\/2020\/01\/CUMINO.png\" \/>\n\t<meta property=\"og:image:width\" content=\"627\" \/>\n\t<meta property=\"og:image:height\" content=\"600\" \/>\n\t<meta property=\"og:image:type\" content=\"image\/png\" \/>\n<meta name=\"twitter:card\" content=\"summary_large_image\" \/>\n<meta name=\"twitter:label1\" content=\"Tempo di lettura stimato\" \/>\n\t<meta name=\"twitter:data1\" content=\"1 minuto\" \/>\n<script type=\"application\/ld+json\" class=\"yoast-schema-graph\">{\"@context\":\"https:\/\/schema.org\",\"@graph\":[{\"@type\":\"WebPage\",\"@id\":\"https:\/\/ilcrogiuolo.it\/it\/p\/no-me-traicione-cuminum-cyminum-cumino\/\",\"url\":\"https:\/\/ilcrogiuolo.it\/it\/p\/no-me-traicione-cuminum-cyminum-cumino\/\",\"name\":\"NO ME TRAICIONE - CUMINUM CYMINUM - CUMINO - Il Crogiuolo\",\"isPartOf\":{\"@id\":\"https:\/\/ilcrogiuolo.it\/it\/#website\"},\"primaryImageOfPage\":{\"@id\":\"https:\/\/ilcrogiuolo.it\/it\/p\/no-me-traicione-cuminum-cyminum-cumino\/#primaryimage\"},\"image\":{\"@id\":\"https:\/\/ilcrogiuolo.it\/it\/p\/no-me-traicione-cuminum-cyminum-cumino\/#primaryimage\"},\"thumbnailUrl\":\"https:\/\/ilcrogiuolo.it\/wp-content\/uploads\/2020\/01\/CUMINO.png\",\"datePublished\":\"2020-01-14T16:10:49+00:00\",\"dateModified\":\"2024-09-26T15:54:19+00:00\",\"description\":\"NO ME TRAICIONE - CUMINUM CYMINUM - CUMINO Nome Popolare: Comino Denominazione botanica: Cuminum Cyminum Pianeta: Marte Orix\u00e0 reggente: Elegbar\u00e0 Giorno della settimana: luned\u00ec, venerd\u00ec Il No me\",\"breadcrumb\":{\"@id\":\"https:\/\/ilcrogiuolo.it\/it\/p\/no-me-traicione-cuminum-cyminum-cumino\/#breadcrumb\"},\"inLanguage\":\"it-IT\",\"potentialAction\":[{\"@type\":\"ReadAction\",\"target\":[\"https:\/\/ilcrogiuolo.it\/it\/p\/no-me-traicione-cuminum-cyminum-cumino\/\"]}]},{\"@type\":\"ImageObject\",\"inLanguage\":\"it-IT\",\"@id\":\"https:\/\/ilcrogiuolo.it\/it\/p\/no-me-traicione-cuminum-cyminum-cumino\/#primaryimage\",\"url\":\"https:\/\/ilcrogiuolo.it\/wp-content\/uploads\/2020\/01\/CUMINO.png\",\"contentUrl\":\"https:\/\/ilcrogiuolo.it\/wp-content\/uploads\/2020\/01\/CUMINO.png\",\"width\":627,\"height\":600},{\"@type\":\"BreadcrumbList\",\"@id\":\"https:\/\/ilcrogiuolo.it\/it\/p\/no-me-traicione-cuminum-cyminum-cumino\/#breadcrumb\",\"itemListElement\":[{\"@type\":\"ListItem\",\"position\":1,\"name\":\"Home\",\"item\":\"https:\/\/ilcrogiuolo.it\/it\/\"},{\"@type\":\"ListItem\",\"position\":2,\"name\":\"Shop\",\"item\":\"https:\/\/ilcrogiuolo.it\/it\/negozio\/\"},{\"@type\":\"ListItem\",\"position\":3,\"name\":\"NO ME TRAICIONE &#8211; CUMINUM CYMINUM &#8211; CUMINO\"}]},{\"@type\":\"WebSite\",\"@id\":\"https:\/\/ilcrogiuolo.it\/it\/#website\",\"url\":\"https:\/\/ilcrogiuolo.it\/it\/\",\"name\":\"Il Crogiuolo\",\"description\":\"\",\"publisher\":{\"@id\":\"https:\/\/ilcrogiuolo.it\/it\/#organization\"},\"potentialAction\":[{\"@type\":\"SearchAction\",\"target\":{\"@type\":\"EntryPoint\",\"urlTemplate\":\"https:\/\/ilcrogiuolo.it\/it\/?s={search_term_string}\"},\"query-input\":{\"@type\":\"PropertyValueSpecification\",\"valueRequired\":true,\"valueName\":\"search_term_string\"}}],\"inLanguage\":\"it-IT\"},{\"@type\":\"Organization\",\"@id\":\"https:\/\/ilcrogiuolo.it\/it\/#organization\",\"name\":\"Il Crogiuolo\",\"url\":\"https:\/\/ilcrogiuolo.it\/it\/\",\"logo\":{\"@type\":\"ImageObject\",\"inLanguage\":\"it-IT\",\"@id\":\"https:\/\/ilcrogiuolo.it\/it\/#\/schema\/logo\/image\/\",\"url\":\"https:\/\/ilcrogiuolo.it\/wp-content\/uploads\/2020\/04\/logo.png\",\"contentUrl\":\"https:\/\/ilcrogiuolo.it\/wp-content\/uploads\/2020\/04\/logo.png\",\"width\":200,\"height\":49,\"caption\":\"Il Crogiuolo\"},\"image\":{\"@id\":\"https:\/\/ilcrogiuolo.it\/it\/#\/schema\/logo\/image\/\"},\"sameAs\":[\"https:\/\/www.facebook.com\/Il-Crogiuolo-681876418491758\"]}]}<\/script>\n<!-- \/ Yoast SEO plugin. -->","yoast_head_json":{"title":"NO ME TRAICIONE - CUMINUM CYMINUM - CUMINO - Il Crogiuolo","description":"NO ME TRAICIONE - CUMINUM CYMINUM - CUMINO Nome Popolare: Comino Denominazione botanica: Cuminum Cyminum Pianeta: Marte Orix\u00e0 reggente: Elegbar\u00e0 Giorno della settimana: luned\u00ec, venerd\u00ec Il No me","robots":{"index":"index","follow":"follow","max-snippet":"max-snippet:-1","max-image-preview":"max-image-preview:large","max-video-preview":"max-video-preview:-1"},"canonical":"https:\/\/ilcrogiuolo.it\/it\/p\/no-me-traicione-cuminum-cyminum-cumino\/","og_locale":"it_IT","og_type":"article","og_title":"NO ME TRAICIONE - CUMINUM CYMINUM - CUMINO - Il Crogiuolo","og_description":"NO ME TRAICIONE - CUMINUM CYMINUM - CUMINO Nome Popolare: Comino Denominazione botanica: Cuminum Cyminum Pianeta: Marte Orix\u00e0 reggente: Elegbar\u00e0 Giorno della settimana: luned\u00ec, venerd\u00ec Il No me","og_url":"https:\/\/ilcrogiuolo.it\/it\/p\/no-me-traicione-cuminum-cyminum-cumino\/","og_site_name":"Il Crogiuolo","article_publisher":"https:\/\/www.facebook.com\/Il-Crogiuolo-681876418491758","article_modified_time":"2024-09-26T15:54:19+00:00","og_image":[{"width":627,"height":600,"url":"https:\/\/ilcrogiuolo.it\/wp-content\/uploads\/2020\/01\/CUMINO.png","type":"image\/png"}],"twitter_card":"summary_large_image","twitter_misc":{"Tempo di lettura stimato":"1 minuto"},"schema":{"@context":"https:\/\/schema.org","@graph":[{"@type":"WebPage","@id":"https:\/\/ilcrogiuolo.it\/it\/p\/no-me-traicione-cuminum-cyminum-cumino\/","url":"https:\/\/ilcrogiuolo.it\/it\/p\/no-me-traicione-cuminum-cyminum-cumino\/","name":"NO ME TRAICIONE - CUMINUM CYMINUM - CUMINO - Il Crogiuolo","isPartOf":{"@id":"https:\/\/ilcrogiuolo.it\/it\/#website"},"primaryImageOfPage":{"@id":"https:\/\/ilcrogiuolo.it\/it\/p\/no-me-traicione-cuminum-cyminum-cumino\/#primaryimage"},"image":{"@id":"https:\/\/ilcrogiuolo.it\/it\/p\/no-me-traicione-cuminum-cyminum-cumino\/#primaryimage"},"thumbnailUrl":"https:\/\/ilcrogiuolo.it\/wp-content\/uploads\/2020\/01\/CUMINO.png","datePublished":"2020-01-14T16:10:49+00:00","dateModified":"2024-09-26T15:54:19+00:00","description":"NO ME TRAICIONE - CUMINUM CYMINUM - CUMINO Nome Popolare: Comino Denominazione botanica: Cuminum Cyminum Pianeta: Marte Orix\u00e0 reggente: Elegbar\u00e0 Giorno della settimana: luned\u00ec, venerd\u00ec Il No me","breadcrumb":{"@id":"https:\/\/ilcrogiuolo.it\/it\/p\/no-me-traicione-cuminum-cyminum-cumino\/#breadcrumb"},"inLanguage":"it-IT","potentialAction":[{"@type":"ReadAction","target":["https:\/\/ilcrogiuolo.it\/it\/p\/no-me-traicione-cuminum-cyminum-cumino\/"]}]},{"@type":"ImageObject","inLanguage":"it-IT","@id":"https:\/\/ilcrogiuolo.it\/it\/p\/no-me-traicione-cuminum-cyminum-cumino\/#primaryimage","url":"https:\/\/ilcrogiuolo.it\/wp-content\/uploads\/2020\/01\/CUMINO.png","contentUrl":"https:\/\/ilcrogiuolo.it\/wp-content\/uploads\/2020\/01\/CUMINO.png","width":627,"height":600},{"@type":"BreadcrumbList","@id":"https:\/\/ilcrogiuolo.it\/it\/p\/no-me-traicione-cuminum-cyminum-cumino\/#breadcrumb","itemListElement":[{"@type":"ListItem","position":1,"name":"Home","item":"https:\/\/ilcrogiuolo.it\/it\/"},{"@type":"ListItem","position":2,"name":"Shop","item":"https:\/\/ilcrogiuolo.it\/it\/negozio\/"},{"@type":"ListItem","position":3,"name":"NO ME TRAICIONE &#8211; CUMINUM CYMINUM &#8211; CUMINO"}]},{"@type":"WebSite","@id":"https:\/\/ilcrogiuolo.it\/it\/#website","url":"https:\/\/ilcrogiuolo.it\/it\/","name":"Il Crogiuolo","description":"","publisher":{"@id":"https:\/\/ilcrogiuolo.it\/it\/#organization"},"potentialAction":[{"@type":"SearchAction","target":{"@type":"EntryPoint","urlTemplate":"https:\/\/ilcrogiuolo.it\/it\/?s={search_term_string}"},"query-input":{"@type":"PropertyValueSpecification","valueRequired":true,"valueName":"search_term_string"}}],"inLanguage":"it-IT"},{"@type":"Organization","@id":"https:\/\/ilcrogiuolo.it\/it\/#organization","name":"Il Crogiuolo","url":"https:\/\/ilcrogiuolo.it\/it\/","logo":{"@type":"ImageObject","inLanguage":"it-IT","@id":"https:\/\/ilcrogiuolo.it\/it\/#\/schema\/logo\/image\/","url":"https:\/\/ilcrogiuolo.it\/wp-content\/uploads\/2020\/04\/logo.png","contentUrl":"https:\/\/ilcrogiuolo.it\/wp-content\/uploads\/2020\/04\/logo.png","width":200,"height":49,"caption":"Il Crogiuolo"},"image":{"@id":"https:\/\/ilcrogiuolo.it\/it\/#\/schema\/logo\/image\/"},"sameAs":["https:\/\/www.facebook.com\/Il-Crogiuolo-681876418491758"]}]}},"_links":{"self":[{"href":"https:\/\/ilcrogiuolo.it\/it\/wp-json\/wp\/v2\/product\/5420","targetHints":{"allow":["GET"]}}],"collection":[{"href":"https:\/\/ilcrogiuolo.it\/it\/wp-json\/wp\/v2\/product"}],"about":[{"href":"https:\/\/ilcrogiuolo.it\/it\/wp-json\/wp\/v2\/types\/product"}],"wp:featuredmedia":[{"embeddable":true,"href":"https:\/\/ilcrogiuolo.it\/it\/wp-json\/wp\/v2\/media\/47417"}],"wp:attachment":[{"href":"https:\/\/ilcrogiuolo.it\/it\/wp-json\/wp\/v2\/media?parent=5420"}],"wp:term":[{"taxonomy":"product_brand","embeddable":true,"href":"https:\/\/ilcrogiuolo.it\/it\/wp-json\/wp\/v2\/product_brand?post=5420"},{"taxonomy":"product_cat","embeddable":true,"href":"https:\/\/ilcrogiuolo.it\/it\/wp-json\/wp\/v2\/product_cat?post=5420"},{"taxonomy":"product_tag","embeddable":true,"href":"https:\/\/ilcrogiuolo.it\/it\/wp-json\/wp\/v2\/product_tag?post=5420"}],"curies":[{"name":"wp","href":"https:\/\/api.w.org\/{rel}","templated":true}]}}