{"id":53926,"date":"2025-12-01T15:32:14","date_gmt":"2025-12-01T14:32:14","guid":{"rendered":"https:\/\/ilcrogiuolo.it\/?post_type=product&#038;p=53926"},"modified":"2026-01-28T10:26:20","modified_gmt":"2026-01-28T09:26:20","slug":"statua-in-gesso-oxum-40-cm","status":"publish","type":"product","link":"https:\/\/ilcrogiuolo.it\/it\/p\/statua-in-gesso-oxum-40-cm\/","title":{"rendered":"Statua in gesso Ox\u00f9m 40 CM con specchio"},"content":{"rendered":"<p>La bella e dolce Signora delle acque dolci \u00e8 il simbolo della ricchezza, dell\u2019abbondanza, della bellezza. La si invoca prima di iniziare qualsiasi attivit\u00e0 per chiamare la buona sorte. Rende belle e desiderabili le donne un p\u00f3 trasandate risvegliando cos\u00ec il desiderio del partner. La si invoca quindi per risolvere i problemi di coppia, per rendere fedele il marito. Presiede agli organi sessuali femminili, aiuta perci\u00f2 tradizionalmente nei problemi ginecologici: emorragie, cistiti, problemi mestruali, et..Aiuta a risolvere problemi finanziari.<\/p>\n","protected":false},"excerpt":{"rendered":"<p>La bella e dolce Signora delle acque dolci \u00e8 il simbolo della ricchezza, dell\u2019abbondanza, della bellezza. La si invoca prima&#8230;<\/p>\n","protected":false},"featured_media":53927,"template":"","meta":{"_acf_changed":false},"product_brand":[],"product_cat":[1085,1064,1333],"product_tag":[],"class_list":{"0":"post-53926","1":"product","2":"type-product","3":"status-publish","4":"has-post-thumbnail","6":"product_cat-statue-degli-orixas-exus-pomba-giras-feticci","7":"product_cat-statue-in-gesso-e-resina","8":"product_cat-statue-linea-candomble","10":"first","11":"outofstock","12":"taxable","13":"shipping-taxable","14":"purchasable","15":"product-type-simple","16":"add-to-wishlist-before_image"},"acf":[],"yoast_head":"<!-- This site is optimized with the Yoast SEO plugin v26.9 - https:\/\/yoast.com\/product\/yoast-seo-wordpress\/ -->\n<title>Statua in gesso Ox\u00f9m 40 CM con specchio - Il Crogiuolo<\/title>\n<meta name=\"description\" content=\"Statua in gesso Ox\u00f9m 40 CM con specchio La bella e dolce Signora delle acque dolci \u00e8 il simbolo della ricchezza, dell\u2019abbondanza, della bellezza. La si invoca prima di iniziare qualsiasi\" \/>\n<meta name=\"robots\" content=\"index, follow, max-snippet:-1, max-image-preview:large, max-video-preview:-1\" \/>\n<link rel=\"canonical\" href=\"https:\/\/ilcrogiuolo.it\/it\/p\/statua-in-gesso-oxum-40-cm\/\" \/>\n<meta property=\"og:locale\" content=\"it_IT\" \/>\n<meta property=\"og:type\" content=\"article\" \/>\n<meta property=\"og:title\" content=\"Statua in gesso Ox\u00f9m 40 CM con specchio - Il Crogiuolo\" \/>\n<meta property=\"og:description\" content=\"Statua in gesso Ox\u00f9m 40 CM con specchio La bella e dolce Signora delle acque dolci \u00e8 il simbolo della ricchezza, dell\u2019abbondanza, della bellezza. La si invoca prima di iniziare qualsiasi\" \/>\n<meta property=\"og:url\" content=\"https:\/\/ilcrogiuolo.it\/it\/p\/statua-in-gesso-oxum-40-cm\/\" \/>\n<meta property=\"og:site_name\" content=\"Il Crogiuolo\" \/>\n<meta property=\"article:publisher\" content=\"https:\/\/www.facebook.com\/Il-Crogiuolo-681876418491758\" \/>\n<meta property=\"article:modified_time\" content=\"2026-01-28T09:26:20+00:00\" \/>\n<meta property=\"og:image\" content=\"https:\/\/ilcrogiuolo.it\/wp-content\/uploads\/2025\/12\/OXUM.png\" \/>\n\t<meta property=\"og:image:width\" content=\"966\" \/>\n\t<meta property=\"og:image:height\" content=\"1010\" \/>\n\t<meta property=\"og:image:type\" content=\"image\/png\" \/>\n<meta name=\"twitter:card\" content=\"summary_large_image\" \/>\n<meta name=\"twitter:label1\" content=\"Tempo di lettura stimato\" \/>\n\t<meta name=\"twitter:data1\" content=\"1 minuto\" \/>\n<script type=\"application\/ld+json\" class=\"yoast-schema-graph\">{\"@context\":\"https:\/\/schema.org\",\"@graph\":[{\"@type\":\"WebPage\",\"@id\":\"https:\/\/ilcrogiuolo.it\/it\/p\/statua-in-gesso-oxum-40-cm\/\",\"url\":\"https:\/\/ilcrogiuolo.it\/it\/p\/statua-in-gesso-oxum-40-cm\/\",\"name\":\"Statua in gesso Ox\u00f9m 40 CM con specchio - Il Crogiuolo\",\"isPartOf\":{\"@id\":\"https:\/\/ilcrogiuolo.it\/it\/#website\"},\"primaryImageOfPage\":{\"@id\":\"https:\/\/ilcrogiuolo.it\/it\/p\/statua-in-gesso-oxum-40-cm\/#primaryimage\"},\"image\":{\"@id\":\"https:\/\/ilcrogiuolo.it\/it\/p\/statua-in-gesso-oxum-40-cm\/#primaryimage\"},\"thumbnailUrl\":\"https:\/\/ilcrogiuolo.it\/wp-content\/uploads\/2025\/12\/OXUM.png\",\"datePublished\":\"2025-12-01T14:32:14+00:00\",\"dateModified\":\"2026-01-28T09:26:20+00:00\",\"description\":\"Statua in gesso Ox\u00f9m 40 CM con specchio La bella e dolce Signora delle acque dolci \u00e8 il simbolo della ricchezza, dell\u2019abbondanza, della bellezza. La si invoca prima di iniziare qualsiasi\",\"breadcrumb\":{\"@id\":\"https:\/\/ilcrogiuolo.it\/it\/p\/statua-in-gesso-oxum-40-cm\/#breadcrumb\"},\"inLanguage\":\"it-IT\",\"potentialAction\":[{\"@type\":\"ReadAction\",\"target\":[\"https:\/\/ilcrogiuolo.it\/it\/p\/statua-in-gesso-oxum-40-cm\/\"]}]},{\"@type\":\"ImageObject\",\"inLanguage\":\"it-IT\",\"@id\":\"https:\/\/ilcrogiuolo.it\/it\/p\/statua-in-gesso-oxum-40-cm\/#primaryimage\",\"url\":\"https:\/\/ilcrogiuolo.it\/wp-content\/uploads\/2025\/12\/OXUM.png\",\"contentUrl\":\"https:\/\/ilcrogiuolo.it\/wp-content\/uploads\/2025\/12\/OXUM.png\",\"width\":966,\"height\":1010},{\"@type\":\"BreadcrumbList\",\"@id\":\"https:\/\/ilcrogiuolo.it\/it\/p\/statua-in-gesso-oxum-40-cm\/#breadcrumb\",\"itemListElement\":[{\"@type\":\"ListItem\",\"position\":1,\"name\":\"Home\",\"item\":\"https:\/\/ilcrogiuolo.it\/it\/\"},{\"@type\":\"ListItem\",\"position\":2,\"name\":\"Shop\",\"item\":\"https:\/\/ilcrogiuolo.it\/it\/negozio\/\"},{\"@type\":\"ListItem\",\"position\":3,\"name\":\"Statua in gesso Ox\u00f9m 40 CM con specchio\"}]},{\"@type\":\"WebSite\",\"@id\":\"https:\/\/ilcrogiuolo.it\/it\/#website\",\"url\":\"https:\/\/ilcrogiuolo.it\/it\/\",\"name\":\"Il Crogiuolo\",\"description\":\"\",\"publisher\":{\"@id\":\"https:\/\/ilcrogiuolo.it\/it\/#organization\"},\"potentialAction\":[{\"@type\":\"SearchAction\",\"target\":{\"@type\":\"EntryPoint\",\"urlTemplate\":\"https:\/\/ilcrogiuolo.it\/it\/?s={search_term_string}\"},\"query-input\":{\"@type\":\"PropertyValueSpecification\",\"valueRequired\":true,\"valueName\":\"search_term_string\"}}],\"inLanguage\":\"it-IT\"},{\"@type\":\"Organization\",\"@id\":\"https:\/\/ilcrogiuolo.it\/it\/#organization\",\"name\":\"Il Crogiuolo\",\"url\":\"https:\/\/ilcrogiuolo.it\/it\/\",\"logo\":{\"@type\":\"ImageObject\",\"inLanguage\":\"it-IT\",\"@id\":\"https:\/\/ilcrogiuolo.it\/it\/#\/schema\/logo\/image\/\",\"url\":\"https:\/\/ilcrogiuolo.it\/wp-content\/uploads\/2020\/04\/logo.png\",\"contentUrl\":\"https:\/\/ilcrogiuolo.it\/wp-content\/uploads\/2020\/04\/logo.png\",\"width\":200,\"height\":49,\"caption\":\"Il Crogiuolo\"},\"image\":{\"@id\":\"https:\/\/ilcrogiuolo.it\/it\/#\/schema\/logo\/image\/\"},\"sameAs\":[\"https:\/\/www.facebook.com\/Il-Crogiuolo-681876418491758\"]}]}<\/script>\n<!-- \/ Yoast SEO plugin. -->","yoast_head_json":{"title":"Statua in gesso Ox\u00f9m 40 CM con specchio - Il Crogiuolo","description":"Statua in gesso Ox\u00f9m 40 CM con specchio La bella e dolce Signora delle acque dolci \u00e8 il simbolo della ricchezza, dell\u2019abbondanza, della bellezza. La si invoca prima di iniziare qualsiasi","robots":{"index":"index","follow":"follow","max-snippet":"max-snippet:-1","max-image-preview":"max-image-preview:large","max-video-preview":"max-video-preview:-1"},"canonical":"https:\/\/ilcrogiuolo.it\/it\/p\/statua-in-gesso-oxum-40-cm\/","og_locale":"it_IT","og_type":"article","og_title":"Statua in gesso Ox\u00f9m 40 CM con specchio - Il Crogiuolo","og_description":"Statua in gesso Ox\u00f9m 40 CM con specchio La bella e dolce Signora delle acque dolci \u00e8 il simbolo della ricchezza, dell\u2019abbondanza, della bellezza. La si invoca prima di iniziare qualsiasi","og_url":"https:\/\/ilcrogiuolo.it\/it\/p\/statua-in-gesso-oxum-40-cm\/","og_site_name":"Il Crogiuolo","article_publisher":"https:\/\/www.facebook.com\/Il-Crogiuolo-681876418491758","article_modified_time":"2026-01-28T09:26:20+00:00","og_image":[{"width":966,"height":1010,"url":"https:\/\/ilcrogiuolo.it\/wp-content\/uploads\/2025\/12\/OXUM.png","type":"image\/png"}],"twitter_card":"summary_large_image","twitter_misc":{"Tempo di lettura stimato":"1 minuto"},"schema":{"@context":"https:\/\/schema.org","@graph":[{"@type":"WebPage","@id":"https:\/\/ilcrogiuolo.it\/it\/p\/statua-in-gesso-oxum-40-cm\/","url":"https:\/\/ilcrogiuolo.it\/it\/p\/statua-in-gesso-oxum-40-cm\/","name":"Statua in gesso Ox\u00f9m 40 CM con specchio - Il Crogiuolo","isPartOf":{"@id":"https:\/\/ilcrogiuolo.it\/it\/#website"},"primaryImageOfPage":{"@id":"https:\/\/ilcrogiuolo.it\/it\/p\/statua-in-gesso-oxum-40-cm\/#primaryimage"},"image":{"@id":"https:\/\/ilcrogiuolo.it\/it\/p\/statua-in-gesso-oxum-40-cm\/#primaryimage"},"thumbnailUrl":"https:\/\/ilcrogiuolo.it\/wp-content\/uploads\/2025\/12\/OXUM.png","datePublished":"2025-12-01T14:32:14+00:00","dateModified":"2026-01-28T09:26:20+00:00","description":"Statua in gesso Ox\u00f9m 40 CM con specchio La bella e dolce Signora delle acque dolci \u00e8 il simbolo della ricchezza, dell\u2019abbondanza, della bellezza. La si invoca prima di iniziare qualsiasi","breadcrumb":{"@id":"https:\/\/ilcrogiuolo.it\/it\/p\/statua-in-gesso-oxum-40-cm\/#breadcrumb"},"inLanguage":"it-IT","potentialAction":[{"@type":"ReadAction","target":["https:\/\/ilcrogiuolo.it\/it\/p\/statua-in-gesso-oxum-40-cm\/"]}]},{"@type":"ImageObject","inLanguage":"it-IT","@id":"https:\/\/ilcrogiuolo.it\/it\/p\/statua-in-gesso-oxum-40-cm\/#primaryimage","url":"https:\/\/ilcrogiuolo.it\/wp-content\/uploads\/2025\/12\/OXUM.png","contentUrl":"https:\/\/ilcrogiuolo.it\/wp-content\/uploads\/2025\/12\/OXUM.png","width":966,"height":1010},{"@type":"BreadcrumbList","@id":"https:\/\/ilcrogiuolo.it\/it\/p\/statua-in-gesso-oxum-40-cm\/#breadcrumb","itemListElement":[{"@type":"ListItem","position":1,"name":"Home","item":"https:\/\/ilcrogiuolo.it\/it\/"},{"@type":"ListItem","position":2,"name":"Shop","item":"https:\/\/ilcrogiuolo.it\/it\/negozio\/"},{"@type":"ListItem","position":3,"name":"Statua in gesso Ox\u00f9m 40 CM con specchio"}]},{"@type":"WebSite","@id":"https:\/\/ilcrogiuolo.it\/it\/#website","url":"https:\/\/ilcrogiuolo.it\/it\/","name":"Il Crogiuolo","description":"","publisher":{"@id":"https:\/\/ilcrogiuolo.it\/it\/#organization"},"potentialAction":[{"@type":"SearchAction","target":{"@type":"EntryPoint","urlTemplate":"https:\/\/ilcrogiuolo.it\/it\/?s={search_term_string}"},"query-input":{"@type":"PropertyValueSpecification","valueRequired":true,"valueName":"search_term_string"}}],"inLanguage":"it-IT"},{"@type":"Organization","@id":"https:\/\/ilcrogiuolo.it\/it\/#organization","name":"Il Crogiuolo","url":"https:\/\/ilcrogiuolo.it\/it\/","logo":{"@type":"ImageObject","inLanguage":"it-IT","@id":"https:\/\/ilcrogiuolo.it\/it\/#\/schema\/logo\/image\/","url":"https:\/\/ilcrogiuolo.it\/wp-content\/uploads\/2020\/04\/logo.png","contentUrl":"https:\/\/ilcrogiuolo.it\/wp-content\/uploads\/2020\/04\/logo.png","width":200,"height":49,"caption":"Il Crogiuolo"},"image":{"@id":"https:\/\/ilcrogiuolo.it\/it\/#\/schema\/logo\/image\/"},"sameAs":["https:\/\/www.facebook.com\/Il-Crogiuolo-681876418491758"]}]}},"_links":{"self":[{"href":"https:\/\/ilcrogiuolo.it\/it\/wp-json\/wp\/v2\/product\/53926","targetHints":{"allow":["GET"]}}],"collection":[{"href":"https:\/\/ilcrogiuolo.it\/it\/wp-json\/wp\/v2\/product"}],"about":[{"href":"https:\/\/ilcrogiuolo.it\/it\/wp-json\/wp\/v2\/types\/product"}],"wp:featuredmedia":[{"embeddable":true,"href":"https:\/\/ilcrogiuolo.it\/it\/wp-json\/wp\/v2\/media\/53927"}],"wp:attachment":[{"href":"https:\/\/ilcrogiuolo.it\/it\/wp-json\/wp\/v2\/media?parent=53926"}],"wp:term":[{"taxonomy":"product_brand","embeddable":true,"href":"https:\/\/ilcrogiuolo.it\/it\/wp-json\/wp\/v2\/product_brand?post=53926"},{"taxonomy":"product_cat","embeddable":true,"href":"https:\/\/ilcrogiuolo.it\/it\/wp-json\/wp\/v2\/product_cat?post=53926"},{"taxonomy":"product_tag","embeddable":true,"href":"https:\/\/ilcrogiuolo.it\/it\/wp-json\/wp\/v2\/product_tag?post=53926"}],"curies":[{"name":"wp","href":"https:\/\/api.w.org\/{rel}","templated":true}]}}