{"id":5389,"date":"2020-01-14T17:10:49","date_gmt":"2020-01-14T16:10:49","guid":{"rendered":"https:\/\/ilcrogiuolo.it\/p\/rituale-del-pagamento-alla-terra\/"},"modified":"2020-02-05T10:53:49","modified_gmt":"2020-02-05T09:53:49","slug":"rituale-del-pagamento-alla-terra","status":"publish","type":"product","link":"https:\/\/ilcrogiuolo.it\/it\/p\/rituale-del-pagamento-alla-terra\/","title":{"rendered":"RITUALE DEL PAGAMENTO ALLA TERRA"},"content":{"rendered":"<p>In tutte le antiche culture, in ogni parte del mondo, in prossimit\u00e0 della fine dell\u2019anno o in momenti particolari dell\u2019esistenza si realizza la cerimonia del \u201cpagamento alla terra\u201d. Il rito consiste praticamente in un\u2019offerta alla Madre Terra, madre del cosmo e di tutto ci\u00f2 che contiene, per propiziare il nuovo anno, certamente, ma anche per ottenere, durante l\u2019anno, l\u2019esaudimento di una richiesta particolare. Presso gli antichi Celti era prassi comune nutrire di doni la terra, ma la stessa pratica la troviamo in ogni parte del mondo con pochissime variazioni. Nelle tradizioni africane e per riflesso in quelle afroamericane, il rituale \u00e8 chiamato Eb\u00f2 Iku\u00f2 ed \u00e8 indirizzato a Onil\u00e9, Orix\u00e0 della terra in se stessa o a Nan\u00e0 Buruk\u00f9. Nelle culture andine il rituale \u00e8 rivolto alla Pachamama, <!--?xml:namespace prefix = st1 ns = \"urn:schemas-microsoft-com:office:smarttags\" \/-->la Madre Terra. Il filo conduttore di queste pratiche millenarie, che per certi versi lascia stupiti, \u00e8 che le pratiche di pagamento alla terra sono tutte simili, come fossero state rivelate, in un passato remoto, dalle stesse divinit\u00e0 agli esseri umani.<!--?xml:namespace prefix = o ns = \"urn:schemas-microsoft-com:office:office\" \/--><\/p>\n<p>Il rito che segue pu\u00f2 essere dunque eseguito per:<\/p>\n<p>&#8211;\u00a0 propiziare il nuovo anno allontanando la malattia, la povert\u00e0, le lacrime, la solitudine in cambio di amicizia, abbondanza, amore e serenit\u00e0.<br \/>\n&#8211;\u00a0 Propiziare la risoluzione di un problema di salute, denaro, amore o legato alla propria famiglia.<br \/>\n&#8211;\u00a0 eliminare vizi, comportamenti sbagliati, chiacchiere e per estensione tenere lontani i nemici.<\/p>\n","protected":false},"excerpt":{"rendered":"<p>In tutte le antiche culture, in ogni parte del mondo, in prossimit\u00e0 della fine dell\u2019anno o in momenti particolari dell\u2019esistenza&#8230;<\/p>\n","protected":false},"featured_media":5390,"template":"","meta":{"_acf_changed":false},"product_brand":[],"product_cat":[1106,1059,1378],"product_tag":[],"class_list":{"0":"post-5389","1":"product","2":"type-product","3":"status-publish","4":"has-post-thumbnail","6":"product_cat-rituali-planetari-stregoneria-angelici","7":"product_cat-articoli-esoterici","8":"product_cat-magia-popolare-stregoneria","10":"first","11":"instock","12":"taxable","13":"shipping-taxable","14":"purchasable","15":"product-type-simple","16":"add-to-wishlist-before_image"},"acf":[],"yoast_head":"<!-- This site is optimized with the Yoast SEO plugin v26.9 - https:\/\/yoast.com\/product\/yoast-seo-wordpress\/ -->\n<title>RITUALE DEL PAGAMENTO ALLA TERRA - Il Crogiuolo<\/title>\n<meta name=\"description\" content=\"RITUALE DEL PAGAMENTO ALLA TERRA In tutte le antiche culture, in ogni parte del mondo, in prossimit\u00e0 della fine dell\u2019anno o in momenti particolari dell\u2019esistenza si realizza la cerimonia\" \/>\n<meta name=\"robots\" content=\"index, follow, max-snippet:-1, max-image-preview:large, max-video-preview:-1\" \/>\n<link rel=\"canonical\" href=\"https:\/\/ilcrogiuolo.it\/it\/p\/rituale-del-pagamento-alla-terra\/\" \/>\n<meta property=\"og:locale\" content=\"it_IT\" \/>\n<meta property=\"og:type\" content=\"article\" \/>\n<meta property=\"og:title\" content=\"RITUALE DEL PAGAMENTO ALLA TERRA - Il Crogiuolo\" \/>\n<meta property=\"og:description\" content=\"RITUALE DEL PAGAMENTO ALLA TERRA In tutte le antiche culture, in ogni parte del mondo, in prossimit\u00e0 della fine dell\u2019anno o in momenti particolari dell\u2019esistenza si realizza la cerimonia\" \/>\n<meta property=\"og:url\" content=\"https:\/\/ilcrogiuolo.it\/it\/p\/rituale-del-pagamento-alla-terra\/\" \/>\n<meta property=\"og:site_name\" content=\"Il Crogiuolo\" \/>\n<meta property=\"article:publisher\" content=\"https:\/\/www.facebook.com\/Il-Crogiuolo-681876418491758\" \/>\n<meta property=\"article:modified_time\" content=\"2020-02-05T09:53:49+00:00\" \/>\n<meta property=\"og:image\" content=\"https:\/\/ilcrogiuolo.it\/wp-content\/uploads\/2020\/01\/pagamentoallaterradespachomoda_2754357.jpg\" \/>\n\t<meta property=\"og:image:width\" content=\"627\" \/>\n\t<meta property=\"og:image:height\" content=\"600\" \/>\n\t<meta property=\"og:image:type\" content=\"image\/jpeg\" \/>\n<meta name=\"twitter:card\" content=\"summary_large_image\" \/>\n<meta name=\"twitter:label1\" content=\"Tempo di lettura stimato\" \/>\n\t<meta name=\"twitter:data1\" content=\"1 minuto\" \/>\n<script type=\"application\/ld+json\" class=\"yoast-schema-graph\">{\"@context\":\"https:\/\/schema.org\",\"@graph\":[{\"@type\":\"WebPage\",\"@id\":\"https:\/\/ilcrogiuolo.it\/it\/p\/rituale-del-pagamento-alla-terra\/\",\"url\":\"https:\/\/ilcrogiuolo.it\/it\/p\/rituale-del-pagamento-alla-terra\/\",\"name\":\"RITUALE DEL PAGAMENTO ALLA TERRA - Il Crogiuolo\",\"isPartOf\":{\"@id\":\"https:\/\/ilcrogiuolo.it\/it\/#website\"},\"primaryImageOfPage\":{\"@id\":\"https:\/\/ilcrogiuolo.it\/it\/p\/rituale-del-pagamento-alla-terra\/#primaryimage\"},\"image\":{\"@id\":\"https:\/\/ilcrogiuolo.it\/it\/p\/rituale-del-pagamento-alla-terra\/#primaryimage\"},\"thumbnailUrl\":\"https:\/\/ilcrogiuolo.it\/wp-content\/uploads\/2020\/01\/pagamentoallaterradespachomoda_2754357.jpg\",\"datePublished\":\"2020-01-14T16:10:49+00:00\",\"dateModified\":\"2020-02-05T09:53:49+00:00\",\"description\":\"RITUALE DEL PAGAMENTO ALLA TERRA In tutte le antiche culture, in ogni parte del mondo, in prossimit\u00e0 della fine dell\u2019anno o in momenti particolari dell\u2019esistenza si realizza la cerimonia\",\"breadcrumb\":{\"@id\":\"https:\/\/ilcrogiuolo.it\/it\/p\/rituale-del-pagamento-alla-terra\/#breadcrumb\"},\"inLanguage\":\"it-IT\",\"potentialAction\":[{\"@type\":\"ReadAction\",\"target\":[\"https:\/\/ilcrogiuolo.it\/it\/p\/rituale-del-pagamento-alla-terra\/\"]}]},{\"@type\":\"ImageObject\",\"inLanguage\":\"it-IT\",\"@id\":\"https:\/\/ilcrogiuolo.it\/it\/p\/rituale-del-pagamento-alla-terra\/#primaryimage\",\"url\":\"https:\/\/ilcrogiuolo.it\/wp-content\/uploads\/2020\/01\/pagamentoallaterradespachomoda_2754357.jpg\",\"contentUrl\":\"https:\/\/ilcrogiuolo.it\/wp-content\/uploads\/2020\/01\/pagamentoallaterradespachomoda_2754357.jpg\",\"width\":627,\"height\":600},{\"@type\":\"BreadcrumbList\",\"@id\":\"https:\/\/ilcrogiuolo.it\/it\/p\/rituale-del-pagamento-alla-terra\/#breadcrumb\",\"itemListElement\":[{\"@type\":\"ListItem\",\"position\":1,\"name\":\"Home\",\"item\":\"https:\/\/ilcrogiuolo.it\/it\/\"},{\"@type\":\"ListItem\",\"position\":2,\"name\":\"Shop\",\"item\":\"https:\/\/ilcrogiuolo.it\/it\/negozio\/\"},{\"@type\":\"ListItem\",\"position\":3,\"name\":\"RITUALE DEL PAGAMENTO ALLA TERRA\"}]},{\"@type\":\"WebSite\",\"@id\":\"https:\/\/ilcrogiuolo.it\/it\/#website\",\"url\":\"https:\/\/ilcrogiuolo.it\/it\/\",\"name\":\"Il Crogiuolo\",\"description\":\"\",\"publisher\":{\"@id\":\"https:\/\/ilcrogiuolo.it\/it\/#organization\"},\"potentialAction\":[{\"@type\":\"SearchAction\",\"target\":{\"@type\":\"EntryPoint\",\"urlTemplate\":\"https:\/\/ilcrogiuolo.it\/it\/?s={search_term_string}\"},\"query-input\":{\"@type\":\"PropertyValueSpecification\",\"valueRequired\":true,\"valueName\":\"search_term_string\"}}],\"inLanguage\":\"it-IT\"},{\"@type\":\"Organization\",\"@id\":\"https:\/\/ilcrogiuolo.it\/it\/#organization\",\"name\":\"Il Crogiuolo\",\"url\":\"https:\/\/ilcrogiuolo.it\/it\/\",\"logo\":{\"@type\":\"ImageObject\",\"inLanguage\":\"it-IT\",\"@id\":\"https:\/\/ilcrogiuolo.it\/it\/#\/schema\/logo\/image\/\",\"url\":\"https:\/\/ilcrogiuolo.it\/wp-content\/uploads\/2020\/04\/logo.png\",\"contentUrl\":\"https:\/\/ilcrogiuolo.it\/wp-content\/uploads\/2020\/04\/logo.png\",\"width\":200,\"height\":49,\"caption\":\"Il Crogiuolo\"},\"image\":{\"@id\":\"https:\/\/ilcrogiuolo.it\/it\/#\/schema\/logo\/image\/\"},\"sameAs\":[\"https:\/\/www.facebook.com\/Il-Crogiuolo-681876418491758\"]}]}<\/script>\n<!-- \/ Yoast SEO plugin. -->","yoast_head_json":{"title":"RITUALE DEL PAGAMENTO ALLA TERRA - Il Crogiuolo","description":"RITUALE DEL PAGAMENTO ALLA TERRA In tutte le antiche culture, in ogni parte del mondo, in prossimit\u00e0 della fine dell\u2019anno o in momenti particolari dell\u2019esistenza si realizza la cerimonia","robots":{"index":"index","follow":"follow","max-snippet":"max-snippet:-1","max-image-preview":"max-image-preview:large","max-video-preview":"max-video-preview:-1"},"canonical":"https:\/\/ilcrogiuolo.it\/it\/p\/rituale-del-pagamento-alla-terra\/","og_locale":"it_IT","og_type":"article","og_title":"RITUALE DEL PAGAMENTO ALLA TERRA - Il Crogiuolo","og_description":"RITUALE DEL PAGAMENTO ALLA TERRA In tutte le antiche culture, in ogni parte del mondo, in prossimit\u00e0 della fine dell\u2019anno o in momenti particolari dell\u2019esistenza si realizza la cerimonia","og_url":"https:\/\/ilcrogiuolo.it\/it\/p\/rituale-del-pagamento-alla-terra\/","og_site_name":"Il Crogiuolo","article_publisher":"https:\/\/www.facebook.com\/Il-Crogiuolo-681876418491758","article_modified_time":"2020-02-05T09:53:49+00:00","og_image":[{"width":627,"height":600,"url":"https:\/\/ilcrogiuolo.it\/wp-content\/uploads\/2020\/01\/pagamentoallaterradespachomoda_2754357.jpg","type":"image\/jpeg"}],"twitter_card":"summary_large_image","twitter_misc":{"Tempo di lettura stimato":"1 minuto"},"schema":{"@context":"https:\/\/schema.org","@graph":[{"@type":"WebPage","@id":"https:\/\/ilcrogiuolo.it\/it\/p\/rituale-del-pagamento-alla-terra\/","url":"https:\/\/ilcrogiuolo.it\/it\/p\/rituale-del-pagamento-alla-terra\/","name":"RITUALE DEL PAGAMENTO ALLA TERRA - Il Crogiuolo","isPartOf":{"@id":"https:\/\/ilcrogiuolo.it\/it\/#website"},"primaryImageOfPage":{"@id":"https:\/\/ilcrogiuolo.it\/it\/p\/rituale-del-pagamento-alla-terra\/#primaryimage"},"image":{"@id":"https:\/\/ilcrogiuolo.it\/it\/p\/rituale-del-pagamento-alla-terra\/#primaryimage"},"thumbnailUrl":"https:\/\/ilcrogiuolo.it\/wp-content\/uploads\/2020\/01\/pagamentoallaterradespachomoda_2754357.jpg","datePublished":"2020-01-14T16:10:49+00:00","dateModified":"2020-02-05T09:53:49+00:00","description":"RITUALE DEL PAGAMENTO ALLA TERRA In tutte le antiche culture, in ogni parte del mondo, in prossimit\u00e0 della fine dell\u2019anno o in momenti particolari dell\u2019esistenza si realizza la cerimonia","breadcrumb":{"@id":"https:\/\/ilcrogiuolo.it\/it\/p\/rituale-del-pagamento-alla-terra\/#breadcrumb"},"inLanguage":"it-IT","potentialAction":[{"@type":"ReadAction","target":["https:\/\/ilcrogiuolo.it\/it\/p\/rituale-del-pagamento-alla-terra\/"]}]},{"@type":"ImageObject","inLanguage":"it-IT","@id":"https:\/\/ilcrogiuolo.it\/it\/p\/rituale-del-pagamento-alla-terra\/#primaryimage","url":"https:\/\/ilcrogiuolo.it\/wp-content\/uploads\/2020\/01\/pagamentoallaterradespachomoda_2754357.jpg","contentUrl":"https:\/\/ilcrogiuolo.it\/wp-content\/uploads\/2020\/01\/pagamentoallaterradespachomoda_2754357.jpg","width":627,"height":600},{"@type":"BreadcrumbList","@id":"https:\/\/ilcrogiuolo.it\/it\/p\/rituale-del-pagamento-alla-terra\/#breadcrumb","itemListElement":[{"@type":"ListItem","position":1,"name":"Home","item":"https:\/\/ilcrogiuolo.it\/it\/"},{"@type":"ListItem","position":2,"name":"Shop","item":"https:\/\/ilcrogiuolo.it\/it\/negozio\/"},{"@type":"ListItem","position":3,"name":"RITUALE DEL PAGAMENTO ALLA TERRA"}]},{"@type":"WebSite","@id":"https:\/\/ilcrogiuolo.it\/it\/#website","url":"https:\/\/ilcrogiuolo.it\/it\/","name":"Il Crogiuolo","description":"","publisher":{"@id":"https:\/\/ilcrogiuolo.it\/it\/#organization"},"potentialAction":[{"@type":"SearchAction","target":{"@type":"EntryPoint","urlTemplate":"https:\/\/ilcrogiuolo.it\/it\/?s={search_term_string}"},"query-input":{"@type":"PropertyValueSpecification","valueRequired":true,"valueName":"search_term_string"}}],"inLanguage":"it-IT"},{"@type":"Organization","@id":"https:\/\/ilcrogiuolo.it\/it\/#organization","name":"Il Crogiuolo","url":"https:\/\/ilcrogiuolo.it\/it\/","logo":{"@type":"ImageObject","inLanguage":"it-IT","@id":"https:\/\/ilcrogiuolo.it\/it\/#\/schema\/logo\/image\/","url":"https:\/\/ilcrogiuolo.it\/wp-content\/uploads\/2020\/04\/logo.png","contentUrl":"https:\/\/ilcrogiuolo.it\/wp-content\/uploads\/2020\/04\/logo.png","width":200,"height":49,"caption":"Il Crogiuolo"},"image":{"@id":"https:\/\/ilcrogiuolo.it\/it\/#\/schema\/logo\/image\/"},"sameAs":["https:\/\/www.facebook.com\/Il-Crogiuolo-681876418491758"]}]}},"_links":{"self":[{"href":"https:\/\/ilcrogiuolo.it\/it\/wp-json\/wp\/v2\/product\/5389","targetHints":{"allow":["GET"]}}],"collection":[{"href":"https:\/\/ilcrogiuolo.it\/it\/wp-json\/wp\/v2\/product"}],"about":[{"href":"https:\/\/ilcrogiuolo.it\/it\/wp-json\/wp\/v2\/types\/product"}],"wp:featuredmedia":[{"embeddable":true,"href":"https:\/\/ilcrogiuolo.it\/it\/wp-json\/wp\/v2\/media\/5390"}],"wp:attachment":[{"href":"https:\/\/ilcrogiuolo.it\/it\/wp-json\/wp\/v2\/media?parent=5389"}],"wp:term":[{"taxonomy":"product_brand","embeddable":true,"href":"https:\/\/ilcrogiuolo.it\/it\/wp-json\/wp\/v2\/product_brand?post=5389"},{"taxonomy":"product_cat","embeddable":true,"href":"https:\/\/ilcrogiuolo.it\/it\/wp-json\/wp\/v2\/product_cat?post=5389"},{"taxonomy":"product_tag","embeddable":true,"href":"https:\/\/ilcrogiuolo.it\/it\/wp-json\/wp\/v2\/product_tag?post=5389"}],"curies":[{"name":"wp","href":"https:\/\/api.w.org\/{rel}","templated":true}]}}