{"id":5370,"date":"2020-01-14T17:10:43","date_gmt":"2020-01-14T16:10:43","guid":{"rendered":"https:\/\/ilcrogiuolo.it\/p\/botanica-magica-pagine-135-formato-digitale-ebook\/"},"modified":"2023-04-05T16:23:08","modified_gmt":"2023-04-05T14:23:08","slug":"botanica-magica-pagine-135-formato-digitale-ebook","status":"publish","type":"product","link":"https:\/\/ilcrogiuolo.it\/it\/p\/botanica-magica-pagine-135-formato-digitale-ebook\/","title":{"rendered":"BOTANICA MAGICA &#8211; PAGINE 135 FORMATO DIGITALE EBOOK"},"content":{"rendered":"<p><strong>Le erbe magiche Fitologia occulta<\/strong><!--?xml:namespace prefix = o ns = \"urn:schemas-microsoft-com:office:office\" \/--><\/p>\n<p>La magia delle erbe, chiamata popolarmente Magia Verde, \u00e8 sicuramente, insieme a quella imitativa, il caposaldo di tutta la pratica magica. Ogni pianta ha tradizionalmente un suo carattere, una sua vibrazione, un suo messaggio e, naturalmente, un suo potere esoterico. Senza le piante non esisterebbe la magia, infatti sono pochissime le pratiche che si eseguono senza una componente vegetale. Il panorama botanico esoterico \u00e8 molto vasto, eterogeneo e la sua fitologica occulta piutto\u00adsto complessa. In questo testo imparerete a conoscere le pi\u00f9 importanti piante magiche, le loro propriet\u00e0 attribuite dalla tradizione, i loro segreti e le formule per comporre polveri, bagni, defumazioni, tinture\u2026<\/p>\n<p>La maggior parte degli autori si sono prodigati in una classificazione magica dei vegetali in base alla natura pla\u00adne\u00adtaria degli stessi, noi abbiamo voluto andare oltre. Ogni pianta \u00e8 accompagnata dal nome botanico, dal nome popolare, dal pianeta che la regge, dall&#8217;Orix\u00e0 della tradizione afrobrasiliana a cui \u00e8 dedicata e con il quale lavora ed inoltre \u00e8 segnalato il giorno, o i giorni, in cui il suo potere si esplica meglio. Alcune piante sono appannaggio di pi\u00f9 Orix\u00e0s e lavora\u00adno con pi\u00f9 Santi, questo perch\u00e9 un vegetale agisce in maniera diversa a seconda dell&#8217;uso che se ne intenda fare. Og\u00f9m e Oxosse si scambiano spesso e volentieri le piante, sono considerati amici; non cos\u00ec Og\u00f9m con Xang\u00f2. Obb\u00e0 non lavorer\u00e0 mai con piante di Ox\u00f9m, ma con quelle di Xang\u00f2, Iemanj\u00e0 ed Oxal\u00e0 s\u00ec. Le leggende sugli Orix\u00e0s diventano come sempre esplicative sull&#8217;uso di alcune piante e cos\u00ec avviene che certi vegetali siano il sim\u00adbolo di un evento mitico ben preciso. Ecco dunque che la spada di san Giorgio (Sanseveria) \u00e8 stata associata ad Og\u00f9m e si utilizza per combat\u00adtere i nemici ed eliminare il male; il peperoncino piccante ben sintetizza l&#8217;azione disturbante e riscaldante di Ex\u00f9 e viene pertano usato nei suoi rituali, ma nel contempo viene spiegata la sua natura marziale e come pu\u00f2 essere utilizzato anche nella magia simpatica.<\/p>\n<p>PAGINE 135<\/p>\n","protected":false},"excerpt":{"rendered":"<p>Le erbe magiche Fitologia occulta La magia delle erbe, chiamata popolarmente Magia Verde, \u00e8 sicuramente, insieme a quella imitativa, il&#8230;<\/p>\n","protected":false},"featured_media":41830,"template":"","meta":{"_acf_changed":false},"product_brand":[],"product_cat":[1091,1350,1060],"product_tag":[],"class_list":{"0":"post-5370","1":"product","2":"type-product","3":"status-publish","4":"has-post-thumbnail","6":"product_cat-libreria-esoterica-ebook","7":"product_cat-e-book","8":"product_cat-libreria-esoterica","10":"first","11":"instock","12":"downloadable","13":"virtual","14":"taxable","15":"purchasable","16":"product-type-simple","17":"add-to-wishlist-before_image"},"acf":[],"yoast_head":"<!-- This site is optimized with the Yoast SEO plugin v26.9 - https:\/\/yoast.com\/product\/yoast-seo-wordpress\/ -->\n<title>BOTANICA MAGICA - PAGINE 135 FORMATO DIGITALE EBOOK - Il Crogiuolo<\/title>\n<meta name=\"description\" content=\"BOTANICA MAGICA - PAGINE 135 FORMATO DIGITALE EBOOK Le erbe magiche Fitologia occulta La magia delle erbe, chiamata popolarmente Magia Verde, \u00e8 sicuramente, insieme a quella imitativa, il caposaldo di tutta\" \/>\n<meta name=\"robots\" content=\"index, follow, max-snippet:-1, max-image-preview:large, max-video-preview:-1\" \/>\n<link rel=\"canonical\" href=\"https:\/\/ilcrogiuolo.it\/it\/p\/botanica-magica-pagine-135-formato-digitale-ebook\/\" \/>\n<meta property=\"og:locale\" content=\"it_IT\" \/>\n<meta property=\"og:type\" content=\"article\" \/>\n<meta property=\"og:title\" content=\"BOTANICA MAGICA - PAGINE 135 FORMATO DIGITALE EBOOK - Il Crogiuolo\" \/>\n<meta property=\"og:description\" content=\"BOTANICA MAGICA - PAGINE 135 FORMATO DIGITALE EBOOK Le erbe magiche Fitologia occulta La magia delle erbe, chiamata popolarmente Magia Verde, \u00e8 sicuramente, insieme a quella imitativa, il caposaldo di tutta\" \/>\n<meta property=\"og:url\" content=\"https:\/\/ilcrogiuolo.it\/it\/p\/botanica-magica-pagine-135-formato-digitale-ebook\/\" \/>\n<meta property=\"og:site_name\" content=\"Il Crogiuolo\" \/>\n<meta property=\"article:publisher\" content=\"https:\/\/www.facebook.com\/Il-Crogiuolo-681876418491758\" \/>\n<meta property=\"article:modified_time\" content=\"2023-04-05T14:23:08+00:00\" \/>\n<meta property=\"og:image\" content=\"https:\/\/ilcrogiuolo.it\/wp-content\/uploads\/2020\/01\/BOTANICA-MAGICA-PDF-EBOOK-DOWNLOAD.png\" \/>\n\t<meta property=\"og:image:width\" content=\"924\" \/>\n\t<meta property=\"og:image:height\" content=\"898\" \/>\n\t<meta property=\"og:image:type\" content=\"image\/png\" \/>\n<meta name=\"twitter:card\" content=\"summary_large_image\" \/>\n<meta name=\"twitter:label1\" content=\"Tempo di lettura stimato\" \/>\n\t<meta name=\"twitter:data1\" content=\"2 minuti\" \/>\n<script type=\"application\/ld+json\" class=\"yoast-schema-graph\">{\"@context\":\"https:\/\/schema.org\",\"@graph\":[{\"@type\":\"WebPage\",\"@id\":\"https:\/\/ilcrogiuolo.it\/it\/p\/botanica-magica-pagine-135-formato-digitale-ebook\/\",\"url\":\"https:\/\/ilcrogiuolo.it\/it\/p\/botanica-magica-pagine-135-formato-digitale-ebook\/\",\"name\":\"BOTANICA MAGICA - PAGINE 135 FORMATO DIGITALE EBOOK - Il Crogiuolo\",\"isPartOf\":{\"@id\":\"https:\/\/ilcrogiuolo.it\/it\/#website\"},\"primaryImageOfPage\":{\"@id\":\"https:\/\/ilcrogiuolo.it\/it\/p\/botanica-magica-pagine-135-formato-digitale-ebook\/#primaryimage\"},\"image\":{\"@id\":\"https:\/\/ilcrogiuolo.it\/it\/p\/botanica-magica-pagine-135-formato-digitale-ebook\/#primaryimage\"},\"thumbnailUrl\":\"https:\/\/ilcrogiuolo.it\/wp-content\/uploads\/2020\/01\/BOTANICA-MAGICA-PDF-EBOOK-DOWNLOAD.png\",\"datePublished\":\"2020-01-14T16:10:43+00:00\",\"dateModified\":\"2023-04-05T14:23:08+00:00\",\"description\":\"BOTANICA MAGICA - PAGINE 135 FORMATO DIGITALE EBOOK Le erbe magiche Fitologia occulta La magia delle erbe, chiamata popolarmente Magia Verde, \u00e8 sicuramente, insieme a quella imitativa, il caposaldo di tutta\",\"breadcrumb\":{\"@id\":\"https:\/\/ilcrogiuolo.it\/it\/p\/botanica-magica-pagine-135-formato-digitale-ebook\/#breadcrumb\"},\"inLanguage\":\"it-IT\",\"potentialAction\":[{\"@type\":\"ReadAction\",\"target\":[\"https:\/\/ilcrogiuolo.it\/it\/p\/botanica-magica-pagine-135-formato-digitale-ebook\/\"]}]},{\"@type\":\"ImageObject\",\"inLanguage\":\"it-IT\",\"@id\":\"https:\/\/ilcrogiuolo.it\/it\/p\/botanica-magica-pagine-135-formato-digitale-ebook\/#primaryimage\",\"url\":\"https:\/\/ilcrogiuolo.it\/wp-content\/uploads\/2020\/01\/BOTANICA-MAGICA-PDF-EBOOK-DOWNLOAD.png\",\"contentUrl\":\"https:\/\/ilcrogiuolo.it\/wp-content\/uploads\/2020\/01\/BOTANICA-MAGICA-PDF-EBOOK-DOWNLOAD.png\",\"width\":924,\"height\":898},{\"@type\":\"BreadcrumbList\",\"@id\":\"https:\/\/ilcrogiuolo.it\/it\/p\/botanica-magica-pagine-135-formato-digitale-ebook\/#breadcrumb\",\"itemListElement\":[{\"@type\":\"ListItem\",\"position\":1,\"name\":\"Home\",\"item\":\"https:\/\/ilcrogiuolo.it\/it\/\"},{\"@type\":\"ListItem\",\"position\":2,\"name\":\"Shop\",\"item\":\"https:\/\/ilcrogiuolo.it\/it\/negozio\/\"},{\"@type\":\"ListItem\",\"position\":3,\"name\":\"BOTANICA MAGICA &#8211; PAGINE 135 FORMATO DIGITALE EBOOK\"}]},{\"@type\":\"WebSite\",\"@id\":\"https:\/\/ilcrogiuolo.it\/it\/#website\",\"url\":\"https:\/\/ilcrogiuolo.it\/it\/\",\"name\":\"Il Crogiuolo\",\"description\":\"\",\"publisher\":{\"@id\":\"https:\/\/ilcrogiuolo.it\/it\/#organization\"},\"potentialAction\":[{\"@type\":\"SearchAction\",\"target\":{\"@type\":\"EntryPoint\",\"urlTemplate\":\"https:\/\/ilcrogiuolo.it\/it\/?s={search_term_string}\"},\"query-input\":{\"@type\":\"PropertyValueSpecification\",\"valueRequired\":true,\"valueName\":\"search_term_string\"}}],\"inLanguage\":\"it-IT\"},{\"@type\":\"Organization\",\"@id\":\"https:\/\/ilcrogiuolo.it\/it\/#organization\",\"name\":\"Il Crogiuolo\",\"url\":\"https:\/\/ilcrogiuolo.it\/it\/\",\"logo\":{\"@type\":\"ImageObject\",\"inLanguage\":\"it-IT\",\"@id\":\"https:\/\/ilcrogiuolo.it\/it\/#\/schema\/logo\/image\/\",\"url\":\"https:\/\/ilcrogiuolo.it\/wp-content\/uploads\/2020\/04\/logo.png\",\"contentUrl\":\"https:\/\/ilcrogiuolo.it\/wp-content\/uploads\/2020\/04\/logo.png\",\"width\":200,\"height\":49,\"caption\":\"Il Crogiuolo\"},\"image\":{\"@id\":\"https:\/\/ilcrogiuolo.it\/it\/#\/schema\/logo\/image\/\"},\"sameAs\":[\"https:\/\/www.facebook.com\/Il-Crogiuolo-681876418491758\"]}]}<\/script>\n<!-- \/ Yoast SEO plugin. -->","yoast_head_json":{"title":"BOTANICA MAGICA - PAGINE 135 FORMATO DIGITALE EBOOK - Il Crogiuolo","description":"BOTANICA MAGICA - PAGINE 135 FORMATO DIGITALE EBOOK Le erbe magiche Fitologia occulta La magia delle erbe, chiamata popolarmente Magia Verde, \u00e8 sicuramente, insieme a quella imitativa, il caposaldo di tutta","robots":{"index":"index","follow":"follow","max-snippet":"max-snippet:-1","max-image-preview":"max-image-preview:large","max-video-preview":"max-video-preview:-1"},"canonical":"https:\/\/ilcrogiuolo.it\/it\/p\/botanica-magica-pagine-135-formato-digitale-ebook\/","og_locale":"it_IT","og_type":"article","og_title":"BOTANICA MAGICA - PAGINE 135 FORMATO DIGITALE EBOOK - Il Crogiuolo","og_description":"BOTANICA MAGICA - PAGINE 135 FORMATO DIGITALE EBOOK Le erbe magiche Fitologia occulta La magia delle erbe, chiamata popolarmente Magia Verde, \u00e8 sicuramente, insieme a quella imitativa, il caposaldo di tutta","og_url":"https:\/\/ilcrogiuolo.it\/it\/p\/botanica-magica-pagine-135-formato-digitale-ebook\/","og_site_name":"Il Crogiuolo","article_publisher":"https:\/\/www.facebook.com\/Il-Crogiuolo-681876418491758","article_modified_time":"2023-04-05T14:23:08+00:00","og_image":[{"width":924,"height":898,"url":"https:\/\/ilcrogiuolo.it\/wp-content\/uploads\/2020\/01\/BOTANICA-MAGICA-PDF-EBOOK-DOWNLOAD.png","type":"image\/png"}],"twitter_card":"summary_large_image","twitter_misc":{"Tempo di lettura stimato":"2 minuti"},"schema":{"@context":"https:\/\/schema.org","@graph":[{"@type":"WebPage","@id":"https:\/\/ilcrogiuolo.it\/it\/p\/botanica-magica-pagine-135-formato-digitale-ebook\/","url":"https:\/\/ilcrogiuolo.it\/it\/p\/botanica-magica-pagine-135-formato-digitale-ebook\/","name":"BOTANICA MAGICA - PAGINE 135 FORMATO DIGITALE EBOOK - Il Crogiuolo","isPartOf":{"@id":"https:\/\/ilcrogiuolo.it\/it\/#website"},"primaryImageOfPage":{"@id":"https:\/\/ilcrogiuolo.it\/it\/p\/botanica-magica-pagine-135-formato-digitale-ebook\/#primaryimage"},"image":{"@id":"https:\/\/ilcrogiuolo.it\/it\/p\/botanica-magica-pagine-135-formato-digitale-ebook\/#primaryimage"},"thumbnailUrl":"https:\/\/ilcrogiuolo.it\/wp-content\/uploads\/2020\/01\/BOTANICA-MAGICA-PDF-EBOOK-DOWNLOAD.png","datePublished":"2020-01-14T16:10:43+00:00","dateModified":"2023-04-05T14:23:08+00:00","description":"BOTANICA MAGICA - PAGINE 135 FORMATO DIGITALE EBOOK Le erbe magiche Fitologia occulta La magia delle erbe, chiamata popolarmente Magia Verde, \u00e8 sicuramente, insieme a quella imitativa, il caposaldo di tutta","breadcrumb":{"@id":"https:\/\/ilcrogiuolo.it\/it\/p\/botanica-magica-pagine-135-formato-digitale-ebook\/#breadcrumb"},"inLanguage":"it-IT","potentialAction":[{"@type":"ReadAction","target":["https:\/\/ilcrogiuolo.it\/it\/p\/botanica-magica-pagine-135-formato-digitale-ebook\/"]}]},{"@type":"ImageObject","inLanguage":"it-IT","@id":"https:\/\/ilcrogiuolo.it\/it\/p\/botanica-magica-pagine-135-formato-digitale-ebook\/#primaryimage","url":"https:\/\/ilcrogiuolo.it\/wp-content\/uploads\/2020\/01\/BOTANICA-MAGICA-PDF-EBOOK-DOWNLOAD.png","contentUrl":"https:\/\/ilcrogiuolo.it\/wp-content\/uploads\/2020\/01\/BOTANICA-MAGICA-PDF-EBOOK-DOWNLOAD.png","width":924,"height":898},{"@type":"BreadcrumbList","@id":"https:\/\/ilcrogiuolo.it\/it\/p\/botanica-magica-pagine-135-formato-digitale-ebook\/#breadcrumb","itemListElement":[{"@type":"ListItem","position":1,"name":"Home","item":"https:\/\/ilcrogiuolo.it\/it\/"},{"@type":"ListItem","position":2,"name":"Shop","item":"https:\/\/ilcrogiuolo.it\/it\/negozio\/"},{"@type":"ListItem","position":3,"name":"BOTANICA MAGICA &#8211; PAGINE 135 FORMATO DIGITALE EBOOK"}]},{"@type":"WebSite","@id":"https:\/\/ilcrogiuolo.it\/it\/#website","url":"https:\/\/ilcrogiuolo.it\/it\/","name":"Il Crogiuolo","description":"","publisher":{"@id":"https:\/\/ilcrogiuolo.it\/it\/#organization"},"potentialAction":[{"@type":"SearchAction","target":{"@type":"EntryPoint","urlTemplate":"https:\/\/ilcrogiuolo.it\/it\/?s={search_term_string}"},"query-input":{"@type":"PropertyValueSpecification","valueRequired":true,"valueName":"search_term_string"}}],"inLanguage":"it-IT"},{"@type":"Organization","@id":"https:\/\/ilcrogiuolo.it\/it\/#organization","name":"Il Crogiuolo","url":"https:\/\/ilcrogiuolo.it\/it\/","logo":{"@type":"ImageObject","inLanguage":"it-IT","@id":"https:\/\/ilcrogiuolo.it\/it\/#\/schema\/logo\/image\/","url":"https:\/\/ilcrogiuolo.it\/wp-content\/uploads\/2020\/04\/logo.png","contentUrl":"https:\/\/ilcrogiuolo.it\/wp-content\/uploads\/2020\/04\/logo.png","width":200,"height":49,"caption":"Il Crogiuolo"},"image":{"@id":"https:\/\/ilcrogiuolo.it\/it\/#\/schema\/logo\/image\/"},"sameAs":["https:\/\/www.facebook.com\/Il-Crogiuolo-681876418491758"]}]}},"_links":{"self":[{"href":"https:\/\/ilcrogiuolo.it\/it\/wp-json\/wp\/v2\/product\/5370","targetHints":{"allow":["GET"]}}],"collection":[{"href":"https:\/\/ilcrogiuolo.it\/it\/wp-json\/wp\/v2\/product"}],"about":[{"href":"https:\/\/ilcrogiuolo.it\/it\/wp-json\/wp\/v2\/types\/product"}],"wp:featuredmedia":[{"embeddable":true,"href":"https:\/\/ilcrogiuolo.it\/it\/wp-json\/wp\/v2\/media\/41830"}],"wp:attachment":[{"href":"https:\/\/ilcrogiuolo.it\/it\/wp-json\/wp\/v2\/media?parent=5370"}],"wp:term":[{"taxonomy":"product_brand","embeddable":true,"href":"https:\/\/ilcrogiuolo.it\/it\/wp-json\/wp\/v2\/product_brand?post=5370"},{"taxonomy":"product_cat","embeddable":true,"href":"https:\/\/ilcrogiuolo.it\/it\/wp-json\/wp\/v2\/product_cat?post=5370"},{"taxonomy":"product_tag","embeddable":true,"href":"https:\/\/ilcrogiuolo.it\/it\/wp-json\/wp\/v2\/product_tag?post=5370"}],"curies":[{"name":"wp","href":"https:\/\/api.w.org\/{rel}","templated":true}]}}