{"id":53507,"date":"2025-11-18T16:38:25","date_gmt":"2025-11-18T15:38:25","guid":{"rendered":"https:\/\/ilcrogiuolo.it\/?post_type=product&#038;p=53507"},"modified":"2025-11-18T17:29:39","modified_gmt":"2025-11-18T16:29:39","slug":"nodo-delle-streghe-in-argento","status":"publish","type":"product","link":"https:\/\/ilcrogiuolo.it\/it\/p\/nodo-delle-streghe-in-argento\/","title":{"rendered":"NODO DELLE STREGHE  in argento gr. 2.8"},"content":{"rendered":"<p>Il &#8220;nodo delle streghe&#8221; \u00e8 uno dei talismani pi\u00f9 amati della tradizione neopagana; simbolo di protezione e magia, spesso rappresentato come un nodo intrecciato senza inizio n\u00e9 fine, simboleggia l&#8217;eternit\u00e0 e la protezione contro le energie negative. \u00c8 utilizzato come amuleto in diverse pratiche spirituali, come la Wicca, e nella tradizione popolare si credeva fosse disegnato sulle porte per allontanare il male. Le sue origini sono antiche, associate a pratiche magiche e al folklore.<\/p>\n<p>Significato e uso<\/p>\n<p>Protezione: Agisce come un amuleto per proteggere da energie negative e spiriti maligni.<br \/>\nMagia dei nodi: Rappresenta la magia dei nodi, utilizzata per legare magicamente oggetti o per creare cerchi di protezione.<br \/>\nEternit\u00e0: La sua forma senza inizio n\u00e9 fine simboleggia l&#8217;eternit\u00e0, l&#8217;amicizia, l&#8217;amore e la lealt\u00e0.<br \/>\nEquilibrio: L&#8217;intreccio riflette l&#8217;equilibrio tra forze opposte e l&#8217;armonia.<\/p>\n<p>Simbolismo<\/p>\n<p>Cerchio: Il cerchio che circonda il nodo rappresenta l&#8217;universo, la protezione, la totalit\u00e0 e il ciclo della vita.<br \/>\nQuattro punte: il nodo a quattro punte rappresenta i quattro elementi (terra, aria, fuoco, acqua), i quattro punti cardinali e le quattro stagioni o le feste stagionali gaeliche.<\/p>\n<p>Un vero gioiello da indossare o da regalare a chi si vuole bene.<\/p>\n","protected":false},"excerpt":{"rendered":"<p>Il &#8220;nodo delle streghe&#8221; \u00e8 uno dei talismani pi\u00f9 amati della tradizione neopagana; simbolo di protezione e magia, spesso rappresentato&#8230;<\/p>\n","protected":false},"featured_media":53516,"template":"","meta":{"_acf_changed":false},"product_brand":[],"product_cat":[1124,1066,1385],"product_tag":[],"class_list":{"0":"post-53507","1":"product","2":"type-product","3":"status-publish","4":"has-post-thumbnail","6":"product_cat-ciondoli-wicca-pagani-celtici-orientali","7":"product_cat-talismani-amuleti","8":"product_cat-talismani-wicca-celtici-pagani-orientali","10":"first","11":"instock","12":"taxable","13":"shipping-taxable","14":"purchasable","15":"product-type-simple","16":"add-to-wishlist-before_image"},"acf":[],"yoast_head":"<!-- This site is optimized with the Yoast SEO plugin v26.9 - https:\/\/yoast.com\/product\/yoast-seo-wordpress\/ -->\n<title>NODO DELLE STREGHE in argento gr. 2.8 - Il Crogiuolo<\/title>\n<meta name=\"description\" content=\"NODO DELLE STREGHE in argento gr. 2.8 Il &quot;nodo delle streghe&quot; \u00e8 uno dei talismani pi\u00f9 amati della tradizione neopagana; simbolo di protezione e magia, spesso rappresentato come un nodo\" \/>\n<meta name=\"robots\" content=\"index, follow, max-snippet:-1, max-image-preview:large, max-video-preview:-1\" \/>\n<link rel=\"canonical\" href=\"https:\/\/ilcrogiuolo.it\/it\/p\/nodo-delle-streghe-in-argento\/\" \/>\n<meta property=\"og:locale\" content=\"it_IT\" \/>\n<meta property=\"og:type\" content=\"article\" \/>\n<meta property=\"og:title\" content=\"NODO DELLE STREGHE in argento gr. 2.8 - Il Crogiuolo\" \/>\n<meta property=\"og:description\" content=\"NODO DELLE STREGHE in argento gr. 2.8 Il &quot;nodo delle streghe&quot; \u00e8 uno dei talismani pi\u00f9 amati della tradizione neopagana; simbolo di protezione e magia, spesso rappresentato come un nodo\" \/>\n<meta property=\"og:url\" content=\"https:\/\/ilcrogiuolo.it\/it\/p\/nodo-delle-streghe-in-argento\/\" \/>\n<meta property=\"og:site_name\" content=\"Il Crogiuolo\" \/>\n<meta property=\"article:publisher\" content=\"https:\/\/www.facebook.com\/Il-Crogiuolo-681876418491758\" \/>\n<meta property=\"article:modified_time\" content=\"2025-11-18T16:29:39+00:00\" \/>\n<meta property=\"og:image\" content=\"https:\/\/ilcrogiuolo.it\/wp-content\/uploads\/2025\/11\/nodo-delle-streghe-celtico-1022x1024.png\" \/>\n\t<meta property=\"og:image:width\" content=\"1022\" \/>\n\t<meta property=\"og:image:height\" content=\"1024\" \/>\n\t<meta property=\"og:image:type\" content=\"image\/png\" \/>\n<meta name=\"twitter:card\" content=\"summary_large_image\" \/>\n<meta name=\"twitter:label1\" content=\"Tempo di lettura stimato\" \/>\n\t<meta name=\"twitter:data1\" content=\"2 minuti\" \/>\n<script type=\"application\/ld+json\" class=\"yoast-schema-graph\">{\"@context\":\"https:\/\/schema.org\",\"@graph\":[{\"@type\":\"WebPage\",\"@id\":\"https:\/\/ilcrogiuolo.it\/it\/p\/nodo-delle-streghe-in-argento\/\",\"url\":\"https:\/\/ilcrogiuolo.it\/it\/p\/nodo-delle-streghe-in-argento\/\",\"name\":\"NODO DELLE STREGHE in argento gr. 2.8 - Il Crogiuolo\",\"isPartOf\":{\"@id\":\"https:\/\/ilcrogiuolo.it\/it\/#website\"},\"primaryImageOfPage\":{\"@id\":\"https:\/\/ilcrogiuolo.it\/it\/p\/nodo-delle-streghe-in-argento\/#primaryimage\"},\"image\":{\"@id\":\"https:\/\/ilcrogiuolo.it\/it\/p\/nodo-delle-streghe-in-argento\/#primaryimage\"},\"thumbnailUrl\":\"https:\/\/ilcrogiuolo.it\/wp-content\/uploads\/2025\/11\/nodo-delle-streghe-celtico-scaled.png\",\"datePublished\":\"2025-11-18T15:38:25+00:00\",\"dateModified\":\"2025-11-18T16:29:39+00:00\",\"description\":\"NODO DELLE STREGHE in argento gr. 2.8 Il \\\"nodo delle streghe\\\" \u00e8 uno dei talismani pi\u00f9 amati della tradizione neopagana; simbolo di protezione e magia, spesso rappresentato come un nodo\",\"breadcrumb\":{\"@id\":\"https:\/\/ilcrogiuolo.it\/it\/p\/nodo-delle-streghe-in-argento\/#breadcrumb\"},\"inLanguage\":\"it-IT\",\"potentialAction\":[{\"@type\":\"ReadAction\",\"target\":[\"https:\/\/ilcrogiuolo.it\/it\/p\/nodo-delle-streghe-in-argento\/\"]}]},{\"@type\":\"ImageObject\",\"inLanguage\":\"it-IT\",\"@id\":\"https:\/\/ilcrogiuolo.it\/it\/p\/nodo-delle-streghe-in-argento\/#primaryimage\",\"url\":\"https:\/\/ilcrogiuolo.it\/wp-content\/uploads\/2025\/11\/nodo-delle-streghe-celtico-scaled.png\",\"contentUrl\":\"https:\/\/ilcrogiuolo.it\/wp-content\/uploads\/2025\/11\/nodo-delle-streghe-celtico-scaled.png\",\"width\":2555,\"height\":2560},{\"@type\":\"BreadcrumbList\",\"@id\":\"https:\/\/ilcrogiuolo.it\/it\/p\/nodo-delle-streghe-in-argento\/#breadcrumb\",\"itemListElement\":[{\"@type\":\"ListItem\",\"position\":1,\"name\":\"Home\",\"item\":\"https:\/\/ilcrogiuolo.it\/it\/\"},{\"@type\":\"ListItem\",\"position\":2,\"name\":\"Shop\",\"item\":\"https:\/\/ilcrogiuolo.it\/it\/negozio\/\"},{\"@type\":\"ListItem\",\"position\":3,\"name\":\"NODO DELLE STREGHE in argento gr. 2.8\"}]},{\"@type\":\"WebSite\",\"@id\":\"https:\/\/ilcrogiuolo.it\/it\/#website\",\"url\":\"https:\/\/ilcrogiuolo.it\/it\/\",\"name\":\"Il Crogiuolo\",\"description\":\"\",\"publisher\":{\"@id\":\"https:\/\/ilcrogiuolo.it\/it\/#organization\"},\"potentialAction\":[{\"@type\":\"SearchAction\",\"target\":{\"@type\":\"EntryPoint\",\"urlTemplate\":\"https:\/\/ilcrogiuolo.it\/it\/?s={search_term_string}\"},\"query-input\":{\"@type\":\"PropertyValueSpecification\",\"valueRequired\":true,\"valueName\":\"search_term_string\"}}],\"inLanguage\":\"it-IT\"},{\"@type\":\"Organization\",\"@id\":\"https:\/\/ilcrogiuolo.it\/it\/#organization\",\"name\":\"Il Crogiuolo\",\"url\":\"https:\/\/ilcrogiuolo.it\/it\/\",\"logo\":{\"@type\":\"ImageObject\",\"inLanguage\":\"it-IT\",\"@id\":\"https:\/\/ilcrogiuolo.it\/it\/#\/schema\/logo\/image\/\",\"url\":\"https:\/\/ilcrogiuolo.it\/wp-content\/uploads\/2020\/04\/logo.png\",\"contentUrl\":\"https:\/\/ilcrogiuolo.it\/wp-content\/uploads\/2020\/04\/logo.png\",\"width\":200,\"height\":49,\"caption\":\"Il Crogiuolo\"},\"image\":{\"@id\":\"https:\/\/ilcrogiuolo.it\/it\/#\/schema\/logo\/image\/\"},\"sameAs\":[\"https:\/\/www.facebook.com\/Il-Crogiuolo-681876418491758\"]}]}<\/script>\n<!-- \/ Yoast SEO plugin. -->","yoast_head_json":{"title":"NODO DELLE STREGHE in argento gr. 2.8 - Il Crogiuolo","description":"NODO DELLE STREGHE in argento gr. 2.8 Il \"nodo delle streghe\" \u00e8 uno dei talismani pi\u00f9 amati della tradizione neopagana; simbolo di protezione e magia, spesso rappresentato come un nodo","robots":{"index":"index","follow":"follow","max-snippet":"max-snippet:-1","max-image-preview":"max-image-preview:large","max-video-preview":"max-video-preview:-1"},"canonical":"https:\/\/ilcrogiuolo.it\/it\/p\/nodo-delle-streghe-in-argento\/","og_locale":"it_IT","og_type":"article","og_title":"NODO DELLE STREGHE in argento gr. 2.8 - Il Crogiuolo","og_description":"NODO DELLE STREGHE in argento gr. 2.8 Il \"nodo delle streghe\" \u00e8 uno dei talismani pi\u00f9 amati della tradizione neopagana; simbolo di protezione e magia, spesso rappresentato come un nodo","og_url":"https:\/\/ilcrogiuolo.it\/it\/p\/nodo-delle-streghe-in-argento\/","og_site_name":"Il Crogiuolo","article_publisher":"https:\/\/www.facebook.com\/Il-Crogiuolo-681876418491758","article_modified_time":"2025-11-18T16:29:39+00:00","og_image":[{"width":1022,"height":1024,"url":"https:\/\/ilcrogiuolo.it\/wp-content\/uploads\/2025\/11\/nodo-delle-streghe-celtico-1022x1024.png","type":"image\/png"}],"twitter_card":"summary_large_image","twitter_misc":{"Tempo di lettura stimato":"2 minuti"},"schema":{"@context":"https:\/\/schema.org","@graph":[{"@type":"WebPage","@id":"https:\/\/ilcrogiuolo.it\/it\/p\/nodo-delle-streghe-in-argento\/","url":"https:\/\/ilcrogiuolo.it\/it\/p\/nodo-delle-streghe-in-argento\/","name":"NODO DELLE STREGHE in argento gr. 2.8 - Il Crogiuolo","isPartOf":{"@id":"https:\/\/ilcrogiuolo.it\/it\/#website"},"primaryImageOfPage":{"@id":"https:\/\/ilcrogiuolo.it\/it\/p\/nodo-delle-streghe-in-argento\/#primaryimage"},"image":{"@id":"https:\/\/ilcrogiuolo.it\/it\/p\/nodo-delle-streghe-in-argento\/#primaryimage"},"thumbnailUrl":"https:\/\/ilcrogiuolo.it\/wp-content\/uploads\/2025\/11\/nodo-delle-streghe-celtico-scaled.png","datePublished":"2025-11-18T15:38:25+00:00","dateModified":"2025-11-18T16:29:39+00:00","description":"NODO DELLE STREGHE in argento gr. 2.8 Il \"nodo delle streghe\" \u00e8 uno dei talismani pi\u00f9 amati della tradizione neopagana; simbolo di protezione e magia, spesso rappresentato come un nodo","breadcrumb":{"@id":"https:\/\/ilcrogiuolo.it\/it\/p\/nodo-delle-streghe-in-argento\/#breadcrumb"},"inLanguage":"it-IT","potentialAction":[{"@type":"ReadAction","target":["https:\/\/ilcrogiuolo.it\/it\/p\/nodo-delle-streghe-in-argento\/"]}]},{"@type":"ImageObject","inLanguage":"it-IT","@id":"https:\/\/ilcrogiuolo.it\/it\/p\/nodo-delle-streghe-in-argento\/#primaryimage","url":"https:\/\/ilcrogiuolo.it\/wp-content\/uploads\/2025\/11\/nodo-delle-streghe-celtico-scaled.png","contentUrl":"https:\/\/ilcrogiuolo.it\/wp-content\/uploads\/2025\/11\/nodo-delle-streghe-celtico-scaled.png","width":2555,"height":2560},{"@type":"BreadcrumbList","@id":"https:\/\/ilcrogiuolo.it\/it\/p\/nodo-delle-streghe-in-argento\/#breadcrumb","itemListElement":[{"@type":"ListItem","position":1,"name":"Home","item":"https:\/\/ilcrogiuolo.it\/it\/"},{"@type":"ListItem","position":2,"name":"Shop","item":"https:\/\/ilcrogiuolo.it\/it\/negozio\/"},{"@type":"ListItem","position":3,"name":"NODO DELLE STREGHE in argento gr. 2.8"}]},{"@type":"WebSite","@id":"https:\/\/ilcrogiuolo.it\/it\/#website","url":"https:\/\/ilcrogiuolo.it\/it\/","name":"Il Crogiuolo","description":"","publisher":{"@id":"https:\/\/ilcrogiuolo.it\/it\/#organization"},"potentialAction":[{"@type":"SearchAction","target":{"@type":"EntryPoint","urlTemplate":"https:\/\/ilcrogiuolo.it\/it\/?s={search_term_string}"},"query-input":{"@type":"PropertyValueSpecification","valueRequired":true,"valueName":"search_term_string"}}],"inLanguage":"it-IT"},{"@type":"Organization","@id":"https:\/\/ilcrogiuolo.it\/it\/#organization","name":"Il Crogiuolo","url":"https:\/\/ilcrogiuolo.it\/it\/","logo":{"@type":"ImageObject","inLanguage":"it-IT","@id":"https:\/\/ilcrogiuolo.it\/it\/#\/schema\/logo\/image\/","url":"https:\/\/ilcrogiuolo.it\/wp-content\/uploads\/2020\/04\/logo.png","contentUrl":"https:\/\/ilcrogiuolo.it\/wp-content\/uploads\/2020\/04\/logo.png","width":200,"height":49,"caption":"Il Crogiuolo"},"image":{"@id":"https:\/\/ilcrogiuolo.it\/it\/#\/schema\/logo\/image\/"},"sameAs":["https:\/\/www.facebook.com\/Il-Crogiuolo-681876418491758"]}]}},"_links":{"self":[{"href":"https:\/\/ilcrogiuolo.it\/it\/wp-json\/wp\/v2\/product\/53507","targetHints":{"allow":["GET"]}}],"collection":[{"href":"https:\/\/ilcrogiuolo.it\/it\/wp-json\/wp\/v2\/product"}],"about":[{"href":"https:\/\/ilcrogiuolo.it\/it\/wp-json\/wp\/v2\/types\/product"}],"wp:featuredmedia":[{"embeddable":true,"href":"https:\/\/ilcrogiuolo.it\/it\/wp-json\/wp\/v2\/media\/53516"}],"wp:attachment":[{"href":"https:\/\/ilcrogiuolo.it\/it\/wp-json\/wp\/v2\/media?parent=53507"}],"wp:term":[{"taxonomy":"product_brand","embeddable":true,"href":"https:\/\/ilcrogiuolo.it\/it\/wp-json\/wp\/v2\/product_brand?post=53507"},{"taxonomy":"product_cat","embeddable":true,"href":"https:\/\/ilcrogiuolo.it\/it\/wp-json\/wp\/v2\/product_cat?post=53507"},{"taxonomy":"product_tag","embeddable":true,"href":"https:\/\/ilcrogiuolo.it\/it\/wp-json\/wp\/v2\/product_tag?post=53507"}],"curies":[{"name":"wp","href":"https:\/\/api.w.org\/{rel}","templated":true}]}}