{"id":5328,"date":"2020-01-14T17:10:37","date_gmt":"2020-01-14T16:10:37","guid":{"rendered":"https:\/\/ilcrogiuolo.it\/p\/laurel-laurus-nobilis-alloro\/"},"modified":"2024-09-27T14:34:30","modified_gmt":"2024-09-27T12:34:30","slug":"laurel-laurus-nobilis-alloro","status":"publish","type":"product","link":"https:\/\/ilcrogiuolo.it\/it\/p\/laurel-laurus-nobilis-alloro\/","title":{"rendered":"LAUREL &#8211; LAURUS NOBILIS &#8211; ALLORO"},"content":{"rendered":"<p>NOME POPOLARE: LAUREL<br \/>\nNOME SCENTIFICO: LAURUS NOBILIS<br \/>\nNOME COMUNE:\u00a0ALLORO<br \/>\nDESCRIZIONE: E&#8217; una pianta che si usa per trionfare, riuscire nei propri intenti, attirare l&#8217;abbondanza e so\u00adprattutto per scaricare le negativit\u00e0 e per proteggersi dai nemici: \u00e8 una pianta che spezza il male. L&#8217;uso \u00e8 vario ed eterogeneo: si pu\u00f2 bruciare, impiegare nei bagni o utiliz\u00adzare come sco\u00adpino nelle spazzolature magiche. E&#8217; molto efficace, secondo la tradizione, contro i Poltergeist (energie sprigionate dagli adolescenti). Molto consigliato ad atleti e sportivi perch\u00e9 facilita le vittorie.<\/p>\n","protected":false},"excerpt":{"rendered":"<p>NOME POPOLARE: LAUREL NOME SCENTIFICO: LAURUS NOBILIS NOME COMUNE:\u00a0ALLORO DESCRIZIONE: E&#8217; una pianta che si usa per trionfare, riuscire nei&#8230;<\/p>\n","protected":false},"featured_media":47454,"template":"","meta":{"_acf_changed":false},"product_brand":[],"product_cat":[1096,1065,1380],"product_tag":[],"class_list":{"0":"post-5328","1":"product","2":"type-product","3":"status-publish","4":"has-post-thumbnail","6":"product_cat-botanica-erbe-e-miscele","7":"product_cat-botanica-pietre","8":"product_cat-erboristica-esoterica-fitologia-occulta","10":"first","11":"instock","12":"taxable","13":"shipping-taxable","14":"purchasable","15":"product-type-simple","16":"add-to-wishlist-before_image"},"acf":[],"yoast_head":"<!-- This site is optimized with the Yoast SEO plugin v26.9 - https:\/\/yoast.com\/product\/yoast-seo-wordpress\/ -->\n<title>LAUREL - LAURUS NOBILIS - ALLORO - Il Crogiuolo<\/title>\n<meta name=\"description\" content=\"LAUREL - LAURUS NOBILIS - ALLORO NOME POPOLARE: LAUREL NOME SCENTIFICO: LAURUS NOBILIS NOME COMUNE:\u00a0ALLORO DESCRIZIONE: E&#039; una pianta che si usa per trionfare, riuscire nei propri\" \/>\n<meta name=\"robots\" content=\"index, follow, max-snippet:-1, max-image-preview:large, max-video-preview:-1\" \/>\n<link rel=\"canonical\" href=\"https:\/\/ilcrogiuolo.it\/it\/p\/laurel-laurus-nobilis-alloro\/\" \/>\n<meta property=\"og:locale\" content=\"it_IT\" \/>\n<meta property=\"og:type\" content=\"article\" \/>\n<meta property=\"og:title\" content=\"LAUREL - LAURUS NOBILIS - ALLORO - Il Crogiuolo\" \/>\n<meta property=\"og:description\" content=\"LAUREL - LAURUS NOBILIS - ALLORO NOME POPOLARE: LAUREL NOME SCENTIFICO: LAURUS NOBILIS NOME COMUNE:\u00a0ALLORO DESCRIZIONE: E&#039; una pianta che si usa per trionfare, riuscire nei propri\" \/>\n<meta property=\"og:url\" content=\"https:\/\/ilcrogiuolo.it\/it\/p\/laurel-laurus-nobilis-alloro\/\" \/>\n<meta property=\"og:site_name\" content=\"Il Crogiuolo\" \/>\n<meta property=\"article:publisher\" content=\"https:\/\/www.facebook.com\/Il-Crogiuolo-681876418491758\" \/>\n<meta property=\"article:modified_time\" content=\"2024-09-27T12:34:30+00:00\" \/>\n<meta property=\"og:image\" content=\"https:\/\/ilcrogiuolo.it\/wp-content\/uploads\/2020\/01\/LAUREL.png\" \/>\n\t<meta property=\"og:image:width\" content=\"627\" \/>\n\t<meta property=\"og:image:height\" content=\"600\" \/>\n\t<meta property=\"og:image:type\" content=\"image\/png\" \/>\n<meta name=\"twitter:card\" content=\"summary_large_image\" \/>\n<meta name=\"twitter:label1\" content=\"Tempo di lettura stimato\" \/>\n\t<meta name=\"twitter:data1\" content=\"1 minuto\" \/>\n<script type=\"application\/ld+json\" class=\"yoast-schema-graph\">{\"@context\":\"https:\/\/schema.org\",\"@graph\":[{\"@type\":\"WebPage\",\"@id\":\"https:\/\/ilcrogiuolo.it\/it\/p\/laurel-laurus-nobilis-alloro\/\",\"url\":\"https:\/\/ilcrogiuolo.it\/it\/p\/laurel-laurus-nobilis-alloro\/\",\"name\":\"LAUREL - LAURUS NOBILIS - ALLORO - Il Crogiuolo\",\"isPartOf\":{\"@id\":\"https:\/\/ilcrogiuolo.it\/it\/#website\"},\"primaryImageOfPage\":{\"@id\":\"https:\/\/ilcrogiuolo.it\/it\/p\/laurel-laurus-nobilis-alloro\/#primaryimage\"},\"image\":{\"@id\":\"https:\/\/ilcrogiuolo.it\/it\/p\/laurel-laurus-nobilis-alloro\/#primaryimage\"},\"thumbnailUrl\":\"https:\/\/ilcrogiuolo.it\/wp-content\/uploads\/2020\/01\/LAUREL.png\",\"datePublished\":\"2020-01-14T16:10:37+00:00\",\"dateModified\":\"2024-09-27T12:34:30+00:00\",\"description\":\"LAUREL - LAURUS NOBILIS - ALLORO NOME POPOLARE: LAUREL NOME SCENTIFICO: LAURUS NOBILIS NOME COMUNE:\u00a0ALLORO DESCRIZIONE: E' una pianta che si usa per trionfare, riuscire nei propri\",\"breadcrumb\":{\"@id\":\"https:\/\/ilcrogiuolo.it\/it\/p\/laurel-laurus-nobilis-alloro\/#breadcrumb\"},\"inLanguage\":\"it-IT\",\"potentialAction\":[{\"@type\":\"ReadAction\",\"target\":[\"https:\/\/ilcrogiuolo.it\/it\/p\/laurel-laurus-nobilis-alloro\/\"]}]},{\"@type\":\"ImageObject\",\"inLanguage\":\"it-IT\",\"@id\":\"https:\/\/ilcrogiuolo.it\/it\/p\/laurel-laurus-nobilis-alloro\/#primaryimage\",\"url\":\"https:\/\/ilcrogiuolo.it\/wp-content\/uploads\/2020\/01\/LAUREL.png\",\"contentUrl\":\"https:\/\/ilcrogiuolo.it\/wp-content\/uploads\/2020\/01\/LAUREL.png\",\"width\":627,\"height\":600},{\"@type\":\"BreadcrumbList\",\"@id\":\"https:\/\/ilcrogiuolo.it\/it\/p\/laurel-laurus-nobilis-alloro\/#breadcrumb\",\"itemListElement\":[{\"@type\":\"ListItem\",\"position\":1,\"name\":\"Home\",\"item\":\"https:\/\/ilcrogiuolo.it\/it\/\"},{\"@type\":\"ListItem\",\"position\":2,\"name\":\"Shop\",\"item\":\"https:\/\/ilcrogiuolo.it\/it\/negozio\/\"},{\"@type\":\"ListItem\",\"position\":3,\"name\":\"LAUREL &#8211; LAURUS NOBILIS &#8211; ALLORO\"}]},{\"@type\":\"WebSite\",\"@id\":\"https:\/\/ilcrogiuolo.it\/it\/#website\",\"url\":\"https:\/\/ilcrogiuolo.it\/it\/\",\"name\":\"Il Crogiuolo\",\"description\":\"\",\"publisher\":{\"@id\":\"https:\/\/ilcrogiuolo.it\/it\/#organization\"},\"potentialAction\":[{\"@type\":\"SearchAction\",\"target\":{\"@type\":\"EntryPoint\",\"urlTemplate\":\"https:\/\/ilcrogiuolo.it\/it\/?s={search_term_string}\"},\"query-input\":{\"@type\":\"PropertyValueSpecification\",\"valueRequired\":true,\"valueName\":\"search_term_string\"}}],\"inLanguage\":\"it-IT\"},{\"@type\":\"Organization\",\"@id\":\"https:\/\/ilcrogiuolo.it\/it\/#organization\",\"name\":\"Il Crogiuolo\",\"url\":\"https:\/\/ilcrogiuolo.it\/it\/\",\"logo\":{\"@type\":\"ImageObject\",\"inLanguage\":\"it-IT\",\"@id\":\"https:\/\/ilcrogiuolo.it\/it\/#\/schema\/logo\/image\/\",\"url\":\"https:\/\/ilcrogiuolo.it\/wp-content\/uploads\/2020\/04\/logo.png\",\"contentUrl\":\"https:\/\/ilcrogiuolo.it\/wp-content\/uploads\/2020\/04\/logo.png\",\"width\":200,\"height\":49,\"caption\":\"Il Crogiuolo\"},\"image\":{\"@id\":\"https:\/\/ilcrogiuolo.it\/it\/#\/schema\/logo\/image\/\"},\"sameAs\":[\"https:\/\/www.facebook.com\/Il-Crogiuolo-681876418491758\"]}]}<\/script>\n<!-- \/ Yoast SEO plugin. -->","yoast_head_json":{"title":"LAUREL - LAURUS NOBILIS - ALLORO - Il Crogiuolo","description":"LAUREL - LAURUS NOBILIS - ALLORO NOME POPOLARE: LAUREL NOME SCENTIFICO: LAURUS NOBILIS NOME COMUNE:\u00a0ALLORO DESCRIZIONE: E' una pianta che si usa per trionfare, riuscire nei propri","robots":{"index":"index","follow":"follow","max-snippet":"max-snippet:-1","max-image-preview":"max-image-preview:large","max-video-preview":"max-video-preview:-1"},"canonical":"https:\/\/ilcrogiuolo.it\/it\/p\/laurel-laurus-nobilis-alloro\/","og_locale":"it_IT","og_type":"article","og_title":"LAUREL - LAURUS NOBILIS - ALLORO - Il Crogiuolo","og_description":"LAUREL - LAURUS NOBILIS - ALLORO NOME POPOLARE: LAUREL NOME SCENTIFICO: LAURUS NOBILIS NOME COMUNE:\u00a0ALLORO DESCRIZIONE: E' una pianta che si usa per trionfare, riuscire nei propri","og_url":"https:\/\/ilcrogiuolo.it\/it\/p\/laurel-laurus-nobilis-alloro\/","og_site_name":"Il Crogiuolo","article_publisher":"https:\/\/www.facebook.com\/Il-Crogiuolo-681876418491758","article_modified_time":"2024-09-27T12:34:30+00:00","og_image":[{"width":627,"height":600,"url":"https:\/\/ilcrogiuolo.it\/wp-content\/uploads\/2020\/01\/LAUREL.png","type":"image\/png"}],"twitter_card":"summary_large_image","twitter_misc":{"Tempo di lettura stimato":"1 minuto"},"schema":{"@context":"https:\/\/schema.org","@graph":[{"@type":"WebPage","@id":"https:\/\/ilcrogiuolo.it\/it\/p\/laurel-laurus-nobilis-alloro\/","url":"https:\/\/ilcrogiuolo.it\/it\/p\/laurel-laurus-nobilis-alloro\/","name":"LAUREL - LAURUS NOBILIS - ALLORO - Il Crogiuolo","isPartOf":{"@id":"https:\/\/ilcrogiuolo.it\/it\/#website"},"primaryImageOfPage":{"@id":"https:\/\/ilcrogiuolo.it\/it\/p\/laurel-laurus-nobilis-alloro\/#primaryimage"},"image":{"@id":"https:\/\/ilcrogiuolo.it\/it\/p\/laurel-laurus-nobilis-alloro\/#primaryimage"},"thumbnailUrl":"https:\/\/ilcrogiuolo.it\/wp-content\/uploads\/2020\/01\/LAUREL.png","datePublished":"2020-01-14T16:10:37+00:00","dateModified":"2024-09-27T12:34:30+00:00","description":"LAUREL - LAURUS NOBILIS - ALLORO NOME POPOLARE: LAUREL NOME SCENTIFICO: LAURUS NOBILIS NOME COMUNE:\u00a0ALLORO DESCRIZIONE: E' una pianta che si usa per trionfare, riuscire nei propri","breadcrumb":{"@id":"https:\/\/ilcrogiuolo.it\/it\/p\/laurel-laurus-nobilis-alloro\/#breadcrumb"},"inLanguage":"it-IT","potentialAction":[{"@type":"ReadAction","target":["https:\/\/ilcrogiuolo.it\/it\/p\/laurel-laurus-nobilis-alloro\/"]}]},{"@type":"ImageObject","inLanguage":"it-IT","@id":"https:\/\/ilcrogiuolo.it\/it\/p\/laurel-laurus-nobilis-alloro\/#primaryimage","url":"https:\/\/ilcrogiuolo.it\/wp-content\/uploads\/2020\/01\/LAUREL.png","contentUrl":"https:\/\/ilcrogiuolo.it\/wp-content\/uploads\/2020\/01\/LAUREL.png","width":627,"height":600},{"@type":"BreadcrumbList","@id":"https:\/\/ilcrogiuolo.it\/it\/p\/laurel-laurus-nobilis-alloro\/#breadcrumb","itemListElement":[{"@type":"ListItem","position":1,"name":"Home","item":"https:\/\/ilcrogiuolo.it\/it\/"},{"@type":"ListItem","position":2,"name":"Shop","item":"https:\/\/ilcrogiuolo.it\/it\/negozio\/"},{"@type":"ListItem","position":3,"name":"LAUREL &#8211; LAURUS NOBILIS &#8211; ALLORO"}]},{"@type":"WebSite","@id":"https:\/\/ilcrogiuolo.it\/it\/#website","url":"https:\/\/ilcrogiuolo.it\/it\/","name":"Il Crogiuolo","description":"","publisher":{"@id":"https:\/\/ilcrogiuolo.it\/it\/#organization"},"potentialAction":[{"@type":"SearchAction","target":{"@type":"EntryPoint","urlTemplate":"https:\/\/ilcrogiuolo.it\/it\/?s={search_term_string}"},"query-input":{"@type":"PropertyValueSpecification","valueRequired":true,"valueName":"search_term_string"}}],"inLanguage":"it-IT"},{"@type":"Organization","@id":"https:\/\/ilcrogiuolo.it\/it\/#organization","name":"Il Crogiuolo","url":"https:\/\/ilcrogiuolo.it\/it\/","logo":{"@type":"ImageObject","inLanguage":"it-IT","@id":"https:\/\/ilcrogiuolo.it\/it\/#\/schema\/logo\/image\/","url":"https:\/\/ilcrogiuolo.it\/wp-content\/uploads\/2020\/04\/logo.png","contentUrl":"https:\/\/ilcrogiuolo.it\/wp-content\/uploads\/2020\/04\/logo.png","width":200,"height":49,"caption":"Il Crogiuolo"},"image":{"@id":"https:\/\/ilcrogiuolo.it\/it\/#\/schema\/logo\/image\/"},"sameAs":["https:\/\/www.facebook.com\/Il-Crogiuolo-681876418491758"]}]}},"_links":{"self":[{"href":"https:\/\/ilcrogiuolo.it\/it\/wp-json\/wp\/v2\/product\/5328","targetHints":{"allow":["GET"]}}],"collection":[{"href":"https:\/\/ilcrogiuolo.it\/it\/wp-json\/wp\/v2\/product"}],"about":[{"href":"https:\/\/ilcrogiuolo.it\/it\/wp-json\/wp\/v2\/types\/product"}],"wp:featuredmedia":[{"embeddable":true,"href":"https:\/\/ilcrogiuolo.it\/it\/wp-json\/wp\/v2\/media\/47454"}],"wp:attachment":[{"href":"https:\/\/ilcrogiuolo.it\/it\/wp-json\/wp\/v2\/media?parent=5328"}],"wp:term":[{"taxonomy":"product_brand","embeddable":true,"href":"https:\/\/ilcrogiuolo.it\/it\/wp-json\/wp\/v2\/product_brand?post=5328"},{"taxonomy":"product_cat","embeddable":true,"href":"https:\/\/ilcrogiuolo.it\/it\/wp-json\/wp\/v2\/product_cat?post=5328"},{"taxonomy":"product_tag","embeddable":true,"href":"https:\/\/ilcrogiuolo.it\/it\/wp-json\/wp\/v2\/product_tag?post=5328"}],"curies":[{"name":"wp","href":"https:\/\/api.w.org\/{rel}","templated":true}]}}