{"id":5244,"date":"2020-01-14T17:10:29","date_gmt":"2020-01-14T16:10:29","guid":{"rendered":"https:\/\/ilcrogiuolo.it\/p\/la-pratica-della-fattura-e-i-metodi-di-difesa\/"},"modified":"2025-06-30T16:33:37","modified_gmt":"2025-06-30T14:33:37","slug":"la-pratica-della-fattura-e-i-metodi-di-difesa","status":"publish","type":"product","link":"https:\/\/ilcrogiuolo.it\/it\/p\/la-pratica-della-fattura-e-i-metodi-di-difesa\/","title":{"rendered":"La pratica della fattura e i metodi di difesa"},"content":{"rendered":"<p>A Dambury \u2013 negli Stati Uniti \u2013 un avvocato ha sostenuto durante un processo che un suo cliente, accusato di omicidio, non era colpevole, perch\u00e9 il vero assassino era stato niente meno che il Diavolo, Satana in persona, che si sarebbe in questo modo vendicato di un tentativo di esorcismo. Chi ha mai detto che magia e occulto sono morti e sepolti? In un sussulto improvviso il Diavolo sembra voler approfittare di un\u2019epoca travagliata, in cui gli uomini, disumanizzati dal sistema di vita, si rivolgono alle pratiche occulte, al meraviglioso. Questo meraviglioso \u00e8 per\u00f2 un mondo inafferrabile alle percezioni abituali dei nostri sensi, per cui dobbiamo ricorrere a procedimenti altrettanto misteriosi e singolari.<br \/>\nQuelle che qui esponiamo sono procedure (magie, malefici, sortilegi) tratte da manoscritti antichi e comprendono tutto quanto ci \u00e8 stato tramandato nel tempo da autori diversi. Davanti a noi si spalancano le porte di un universo enigmatico, che racchiude in s\u00e9 un potere travolgente. La stregoneria \u00e8 sopravvissuta nei secoli perch\u00e9 sta in noi e attorno a noi, e oggi \u00e8 pi\u00f9 forte che mai, soprattutto come \u00abclima\u00bb o atteggiamento mentale e psicologico dell\u2019umanit\u00e0 intera. Ma attenzione! La fattura non \u00e8 una pratica alla portata di tutti, non \u00e8 n\u00e9 semplice n\u00e9 tanto meno scevra da pericoli, a volte anche gravi.<\/p>\n","protected":false},"excerpt":{"rendered":"<p>A Dambury \u2013 negli Stati Uniti \u2013 un avvocato ha sostenuto durante un processo che un suo cliente, accusato di&#8230;<\/p>\n","protected":false},"featured_media":5245,"template":"","meta":{"_acf_changed":false},"product_brand":[],"product_cat":[1077,1317,1060],"product_tag":[],"class_list":{"0":"post-5244","1":"product","2":"type-product","3":"status-publish","4":"has-post-thumbnail","6":"product_cat-libreria-esoterica-libreria-esoterica","7":"product_cat-edizioni-leta-dellacquario-melchisedek","8":"product_cat-libreria-esoterica","10":"first","11":"instock","12":"taxable","13":"shipping-taxable","14":"purchasable","15":"product-type-simple","16":"add-to-wishlist-before_image"},"acf":[],"yoast_head":"<!-- This site is optimized with the Yoast SEO plugin v26.9 - https:\/\/yoast.com\/product\/yoast-seo-wordpress\/ -->\n<title>La pratica della fattura e i metodi di difesa - Il Crogiuolo<\/title>\n<meta name=\"description\" content=\"La pratica della fattura e i metodi di difesa A Dambury \u2013 negli Stati Uniti \u2013 un avvocato ha sostenuto durante un processo che un suo cliente, accusato di omicidio, non era colpevole, perch\u00e9 il vero\" \/>\n<meta name=\"robots\" content=\"index, follow, max-snippet:-1, max-image-preview:large, max-video-preview:-1\" \/>\n<link rel=\"canonical\" href=\"https:\/\/ilcrogiuolo.it\/it\/p\/la-pratica-della-fattura-e-i-metodi-di-difesa\/\" \/>\n<meta property=\"og:locale\" content=\"it_IT\" \/>\n<meta property=\"og:type\" content=\"article\" \/>\n<meta property=\"og:title\" content=\"La pratica della fattura e i metodi di difesa - Il Crogiuolo\" \/>\n<meta property=\"og:description\" content=\"La pratica della fattura e i metodi di difesa A Dambury \u2013 negli Stati Uniti \u2013 un avvocato ha sostenuto durante un processo che un suo cliente, accusato di omicidio, non era colpevole, perch\u00e9 il vero\" \/>\n<meta property=\"og:url\" content=\"https:\/\/ilcrogiuolo.it\/it\/p\/la-pratica-della-fattura-e-i-metodi-di-difesa\/\" \/>\n<meta property=\"og:site_name\" content=\"Il Crogiuolo\" \/>\n<meta property=\"article:publisher\" content=\"https:\/\/www.facebook.com\/Il-Crogiuolo-681876418491758\" \/>\n<meta property=\"article:modified_time\" content=\"2025-06-30T14:33:37+00:00\" \/>\n<meta property=\"og:image\" content=\"https:\/\/ilcrogiuolo.it\/wp-content\/uploads\/2020\/01\/marchiaro_7118060.jpg\" \/>\n\t<meta property=\"og:image:width\" content=\"627\" \/>\n\t<meta property=\"og:image:height\" content=\"600\" \/>\n\t<meta property=\"og:image:type\" content=\"image\/jpeg\" \/>\n<meta name=\"twitter:card\" content=\"summary_large_image\" \/>\n<meta name=\"twitter:label1\" content=\"Tempo di lettura stimato\" \/>\n\t<meta name=\"twitter:data1\" content=\"2 minuti\" \/>\n<script type=\"application\/ld+json\" class=\"yoast-schema-graph\">{\"@context\":\"https:\/\/schema.org\",\"@graph\":[{\"@type\":\"WebPage\",\"@id\":\"https:\/\/ilcrogiuolo.it\/it\/p\/la-pratica-della-fattura-e-i-metodi-di-difesa\/\",\"url\":\"https:\/\/ilcrogiuolo.it\/it\/p\/la-pratica-della-fattura-e-i-metodi-di-difesa\/\",\"name\":\"La pratica della fattura e i metodi di difesa - Il Crogiuolo\",\"isPartOf\":{\"@id\":\"https:\/\/ilcrogiuolo.it\/it\/#website\"},\"primaryImageOfPage\":{\"@id\":\"https:\/\/ilcrogiuolo.it\/it\/p\/la-pratica-della-fattura-e-i-metodi-di-difesa\/#primaryimage\"},\"image\":{\"@id\":\"https:\/\/ilcrogiuolo.it\/it\/p\/la-pratica-della-fattura-e-i-metodi-di-difesa\/#primaryimage\"},\"thumbnailUrl\":\"https:\/\/ilcrogiuolo.it\/wp-content\/uploads\/2020\/01\/marchiaro_7118060.jpg\",\"datePublished\":\"2020-01-14T16:10:29+00:00\",\"dateModified\":\"2025-06-30T14:33:37+00:00\",\"description\":\"La pratica della fattura e i metodi di difesa A Dambury \u2013 negli Stati Uniti \u2013 un avvocato ha sostenuto durante un processo che un suo cliente, accusato di omicidio, non era colpevole, perch\u00e9 il vero\",\"breadcrumb\":{\"@id\":\"https:\/\/ilcrogiuolo.it\/it\/p\/la-pratica-della-fattura-e-i-metodi-di-difesa\/#breadcrumb\"},\"inLanguage\":\"it-IT\",\"potentialAction\":[{\"@type\":\"ReadAction\",\"target\":[\"https:\/\/ilcrogiuolo.it\/it\/p\/la-pratica-della-fattura-e-i-metodi-di-difesa\/\"]}]},{\"@type\":\"ImageObject\",\"inLanguage\":\"it-IT\",\"@id\":\"https:\/\/ilcrogiuolo.it\/it\/p\/la-pratica-della-fattura-e-i-metodi-di-difesa\/#primaryimage\",\"url\":\"https:\/\/ilcrogiuolo.it\/wp-content\/uploads\/2020\/01\/marchiaro_7118060.jpg\",\"contentUrl\":\"https:\/\/ilcrogiuolo.it\/wp-content\/uploads\/2020\/01\/marchiaro_7118060.jpg\",\"width\":627,\"height\":600},{\"@type\":\"BreadcrumbList\",\"@id\":\"https:\/\/ilcrogiuolo.it\/it\/p\/la-pratica-della-fattura-e-i-metodi-di-difesa\/#breadcrumb\",\"itemListElement\":[{\"@type\":\"ListItem\",\"position\":1,\"name\":\"Home\",\"item\":\"https:\/\/ilcrogiuolo.it\/it\/\"},{\"@type\":\"ListItem\",\"position\":2,\"name\":\"Shop\",\"item\":\"https:\/\/ilcrogiuolo.it\/it\/negozio\/\"},{\"@type\":\"ListItem\",\"position\":3,\"name\":\"La pratica della fattura e i metodi di difesa\"}]},{\"@type\":\"WebSite\",\"@id\":\"https:\/\/ilcrogiuolo.it\/it\/#website\",\"url\":\"https:\/\/ilcrogiuolo.it\/it\/\",\"name\":\"Il Crogiuolo\",\"description\":\"\",\"publisher\":{\"@id\":\"https:\/\/ilcrogiuolo.it\/it\/#organization\"},\"potentialAction\":[{\"@type\":\"SearchAction\",\"target\":{\"@type\":\"EntryPoint\",\"urlTemplate\":\"https:\/\/ilcrogiuolo.it\/it\/?s={search_term_string}\"},\"query-input\":{\"@type\":\"PropertyValueSpecification\",\"valueRequired\":true,\"valueName\":\"search_term_string\"}}],\"inLanguage\":\"it-IT\"},{\"@type\":\"Organization\",\"@id\":\"https:\/\/ilcrogiuolo.it\/it\/#organization\",\"name\":\"Il Crogiuolo\",\"url\":\"https:\/\/ilcrogiuolo.it\/it\/\",\"logo\":{\"@type\":\"ImageObject\",\"inLanguage\":\"it-IT\",\"@id\":\"https:\/\/ilcrogiuolo.it\/it\/#\/schema\/logo\/image\/\",\"url\":\"https:\/\/ilcrogiuolo.it\/wp-content\/uploads\/2020\/04\/logo.png\",\"contentUrl\":\"https:\/\/ilcrogiuolo.it\/wp-content\/uploads\/2020\/04\/logo.png\",\"width\":200,\"height\":49,\"caption\":\"Il Crogiuolo\"},\"image\":{\"@id\":\"https:\/\/ilcrogiuolo.it\/it\/#\/schema\/logo\/image\/\"},\"sameAs\":[\"https:\/\/www.facebook.com\/Il-Crogiuolo-681876418491758\"]}]}<\/script>\n<!-- \/ Yoast SEO plugin. -->","yoast_head_json":{"title":"La pratica della fattura e i metodi di difesa - Il Crogiuolo","description":"La pratica della fattura e i metodi di difesa A Dambury \u2013 negli Stati Uniti \u2013 un avvocato ha sostenuto durante un processo che un suo cliente, accusato di omicidio, non era colpevole, perch\u00e9 il vero","robots":{"index":"index","follow":"follow","max-snippet":"max-snippet:-1","max-image-preview":"max-image-preview:large","max-video-preview":"max-video-preview:-1"},"canonical":"https:\/\/ilcrogiuolo.it\/it\/p\/la-pratica-della-fattura-e-i-metodi-di-difesa\/","og_locale":"it_IT","og_type":"article","og_title":"La pratica della fattura e i metodi di difesa - Il Crogiuolo","og_description":"La pratica della fattura e i metodi di difesa A Dambury \u2013 negli Stati Uniti \u2013 un avvocato ha sostenuto durante un processo che un suo cliente, accusato di omicidio, non era colpevole, perch\u00e9 il vero","og_url":"https:\/\/ilcrogiuolo.it\/it\/p\/la-pratica-della-fattura-e-i-metodi-di-difesa\/","og_site_name":"Il Crogiuolo","article_publisher":"https:\/\/www.facebook.com\/Il-Crogiuolo-681876418491758","article_modified_time":"2025-06-30T14:33:37+00:00","og_image":[{"width":627,"height":600,"url":"https:\/\/ilcrogiuolo.it\/wp-content\/uploads\/2020\/01\/marchiaro_7118060.jpg","type":"image\/jpeg"}],"twitter_card":"summary_large_image","twitter_misc":{"Tempo di lettura stimato":"2 minuti"},"schema":{"@context":"https:\/\/schema.org","@graph":[{"@type":"WebPage","@id":"https:\/\/ilcrogiuolo.it\/it\/p\/la-pratica-della-fattura-e-i-metodi-di-difesa\/","url":"https:\/\/ilcrogiuolo.it\/it\/p\/la-pratica-della-fattura-e-i-metodi-di-difesa\/","name":"La pratica della fattura e i metodi di difesa - Il Crogiuolo","isPartOf":{"@id":"https:\/\/ilcrogiuolo.it\/it\/#website"},"primaryImageOfPage":{"@id":"https:\/\/ilcrogiuolo.it\/it\/p\/la-pratica-della-fattura-e-i-metodi-di-difesa\/#primaryimage"},"image":{"@id":"https:\/\/ilcrogiuolo.it\/it\/p\/la-pratica-della-fattura-e-i-metodi-di-difesa\/#primaryimage"},"thumbnailUrl":"https:\/\/ilcrogiuolo.it\/wp-content\/uploads\/2020\/01\/marchiaro_7118060.jpg","datePublished":"2020-01-14T16:10:29+00:00","dateModified":"2025-06-30T14:33:37+00:00","description":"La pratica della fattura e i metodi di difesa A Dambury \u2013 negli Stati Uniti \u2013 un avvocato ha sostenuto durante un processo che un suo cliente, accusato di omicidio, non era colpevole, perch\u00e9 il vero","breadcrumb":{"@id":"https:\/\/ilcrogiuolo.it\/it\/p\/la-pratica-della-fattura-e-i-metodi-di-difesa\/#breadcrumb"},"inLanguage":"it-IT","potentialAction":[{"@type":"ReadAction","target":["https:\/\/ilcrogiuolo.it\/it\/p\/la-pratica-della-fattura-e-i-metodi-di-difesa\/"]}]},{"@type":"ImageObject","inLanguage":"it-IT","@id":"https:\/\/ilcrogiuolo.it\/it\/p\/la-pratica-della-fattura-e-i-metodi-di-difesa\/#primaryimage","url":"https:\/\/ilcrogiuolo.it\/wp-content\/uploads\/2020\/01\/marchiaro_7118060.jpg","contentUrl":"https:\/\/ilcrogiuolo.it\/wp-content\/uploads\/2020\/01\/marchiaro_7118060.jpg","width":627,"height":600},{"@type":"BreadcrumbList","@id":"https:\/\/ilcrogiuolo.it\/it\/p\/la-pratica-della-fattura-e-i-metodi-di-difesa\/#breadcrumb","itemListElement":[{"@type":"ListItem","position":1,"name":"Home","item":"https:\/\/ilcrogiuolo.it\/it\/"},{"@type":"ListItem","position":2,"name":"Shop","item":"https:\/\/ilcrogiuolo.it\/it\/negozio\/"},{"@type":"ListItem","position":3,"name":"La pratica della fattura e i metodi di difesa"}]},{"@type":"WebSite","@id":"https:\/\/ilcrogiuolo.it\/it\/#website","url":"https:\/\/ilcrogiuolo.it\/it\/","name":"Il Crogiuolo","description":"","publisher":{"@id":"https:\/\/ilcrogiuolo.it\/it\/#organization"},"potentialAction":[{"@type":"SearchAction","target":{"@type":"EntryPoint","urlTemplate":"https:\/\/ilcrogiuolo.it\/it\/?s={search_term_string}"},"query-input":{"@type":"PropertyValueSpecification","valueRequired":true,"valueName":"search_term_string"}}],"inLanguage":"it-IT"},{"@type":"Organization","@id":"https:\/\/ilcrogiuolo.it\/it\/#organization","name":"Il Crogiuolo","url":"https:\/\/ilcrogiuolo.it\/it\/","logo":{"@type":"ImageObject","inLanguage":"it-IT","@id":"https:\/\/ilcrogiuolo.it\/it\/#\/schema\/logo\/image\/","url":"https:\/\/ilcrogiuolo.it\/wp-content\/uploads\/2020\/04\/logo.png","contentUrl":"https:\/\/ilcrogiuolo.it\/wp-content\/uploads\/2020\/04\/logo.png","width":200,"height":49,"caption":"Il Crogiuolo"},"image":{"@id":"https:\/\/ilcrogiuolo.it\/it\/#\/schema\/logo\/image\/"},"sameAs":["https:\/\/www.facebook.com\/Il-Crogiuolo-681876418491758"]}]}},"_links":{"self":[{"href":"https:\/\/ilcrogiuolo.it\/it\/wp-json\/wp\/v2\/product\/5244","targetHints":{"allow":["GET"]}}],"collection":[{"href":"https:\/\/ilcrogiuolo.it\/it\/wp-json\/wp\/v2\/product"}],"about":[{"href":"https:\/\/ilcrogiuolo.it\/it\/wp-json\/wp\/v2\/types\/product"}],"wp:featuredmedia":[{"embeddable":true,"href":"https:\/\/ilcrogiuolo.it\/it\/wp-json\/wp\/v2\/media\/5245"}],"wp:attachment":[{"href":"https:\/\/ilcrogiuolo.it\/it\/wp-json\/wp\/v2\/media?parent=5244"}],"wp:term":[{"taxonomy":"product_brand","embeddable":true,"href":"https:\/\/ilcrogiuolo.it\/it\/wp-json\/wp\/v2\/product_brand?post=5244"},{"taxonomy":"product_cat","embeddable":true,"href":"https:\/\/ilcrogiuolo.it\/it\/wp-json\/wp\/v2\/product_cat?post=5244"},{"taxonomy":"product_tag","embeddable":true,"href":"https:\/\/ilcrogiuolo.it\/it\/wp-json\/wp\/v2\/product_tag?post=5244"}],"curies":[{"name":"wp","href":"https:\/\/api.w.org\/{rel}","templated":true}]}}