{"id":5238,"date":"2020-01-14T17:10:22","date_gmt":"2020-01-14T16:10:22","guid":{"rendered":"https:\/\/ilcrogiuolo.it\/p\/tecniche-di-magia-a-distanza\/"},"modified":"2025-06-30T16:27:02","modified_gmt":"2025-06-30T14:27:02","slug":"tecniche-di-magia-a-distanza","status":"publish","type":"product","link":"https:\/\/ilcrogiuolo.it\/it\/p\/tecniche-di-magia-a-distanza\/","title":{"rendered":"Tecniche di magia a distanza"},"content":{"rendered":"<p>La nostra mente ha delle capacit\u00e0 straordinarie, che spesso trascuriamo perch\u00e9 non siamo in grado di utilizzarle. Per chi voglia esercitare la magia \u00e8 per\u00f2 impossibile avvicinarsi alle sue tecniche senza aver preso coscienza delle infinite possibilit\u00e0 del proprio subconscio e della necessit\u00e0 di sperimentarle senza porsi limiti. Una volta \u00absbloccate\u00bb, esse ci consentiranno di maturare una nuova sensibilit\u00e0, indispensabile per praticare la telepatia, l\u2019autoipnosi, l\u2019autosuggestione, la guarigione a distanza, la visualizzazione creativa e le altre \u00abarti\u00bb descritte in questo libro.<br \/>\nAttraverso numerosi esercizi, Guy O\u2019 Wen d\u00e0 modo al lettore di verificare passo dopo passo la validit\u00e0 degli insegnamenti illustrati, iniziando cos\u00ec una pratica sistematica della magia a distanza. Al termine di questo percorso chiunque sar\u00e0 in grado di ascoltare i messaggi provenienti dal profondo del proprio essere, di fare del bene a chi gli \u00e8 caro con il pensiero positivo e di ottenere un aiuto per rispondere alle domande e ai dubbi che si presentano nella vita di ogni giorno.<\/p>\n","protected":false},"excerpt":{"rendered":"<p>La nostra mente ha delle capacit\u00e0 straordinarie, che spesso trascuriamo perch\u00e9 non siamo in grado di utilizzarle. Per chi voglia&#8230;<\/p>\n","protected":false},"featured_media":20086,"template":"","meta":{"_acf_changed":false},"product_brand":[],"product_cat":[1077,1317,1060],"product_tag":[],"class_list":{"0":"post-5238","1":"product","2":"type-product","3":"status-publish","4":"has-post-thumbnail","6":"product_cat-libreria-esoterica-libreria-esoterica","7":"product_cat-edizioni-leta-dellacquario-melchisedek","8":"product_cat-libreria-esoterica","10":"first","11":"instock","12":"taxable","13":"shipping-taxable","14":"purchasable","15":"product-type-simple","16":"add-to-wishlist-before_image"},"acf":[],"yoast_head":"<!-- This site is optimized with the Yoast SEO plugin v26.9 - https:\/\/yoast.com\/product\/yoast-seo-wordpress\/ -->\n<title>Tecniche di magia a distanza - Il Crogiuolo<\/title>\n<meta name=\"description\" content=\"Tecniche di magia a distanza La nostra mente ha delle capacit\u00e0 straordinarie, che spesso trascuriamo perch\u00e9 non siamo in grado di utilizzarle. Per chi voglia esercitare la magia \u00e8\" \/>\n<meta name=\"robots\" content=\"index, follow, max-snippet:-1, max-image-preview:large, max-video-preview:-1\" \/>\n<link rel=\"canonical\" href=\"https:\/\/ilcrogiuolo.it\/it\/p\/tecniche-di-magia-a-distanza\/\" \/>\n<meta property=\"og:locale\" content=\"it_IT\" \/>\n<meta property=\"og:type\" content=\"article\" \/>\n<meta property=\"og:title\" content=\"Tecniche di magia a distanza - Il Crogiuolo\" \/>\n<meta property=\"og:description\" content=\"Tecniche di magia a distanza La nostra mente ha delle capacit\u00e0 straordinarie, che spesso trascuriamo perch\u00e9 non siamo in grado di utilizzarle. Per chi voglia esercitare la magia \u00e8\" \/>\n<meta property=\"og:url\" content=\"https:\/\/ilcrogiuolo.it\/it\/p\/tecniche-di-magia-a-distanza\/\" \/>\n<meta property=\"og:site_name\" content=\"Il Crogiuolo\" \/>\n<meta property=\"article:publisher\" content=\"https:\/\/www.facebook.com\/Il-Crogiuolo-681876418491758\" \/>\n<meta property=\"article:modified_time\" content=\"2025-06-30T14:27:02+00:00\" \/>\n<meta property=\"og:image\" content=\"https:\/\/ilcrogiuolo.it\/wp-content\/uploads\/2020\/01\/techniche-di-magia-a-distanza.jpg\" \/>\n\t<meta property=\"og:image:width\" content=\"627\" \/>\n\t<meta property=\"og:image:height\" content=\"600\" \/>\n\t<meta property=\"og:image:type\" content=\"image\/jpeg\" \/>\n<meta name=\"twitter:card\" content=\"summary_large_image\" \/>\n<meta name=\"twitter:label1\" content=\"Tempo di lettura stimato\" \/>\n\t<meta name=\"twitter:data1\" content=\"2 minuti\" \/>\n<script type=\"application\/ld+json\" class=\"yoast-schema-graph\">{\"@context\":\"https:\/\/schema.org\",\"@graph\":[{\"@type\":\"WebPage\",\"@id\":\"https:\/\/ilcrogiuolo.it\/it\/p\/tecniche-di-magia-a-distanza\/\",\"url\":\"https:\/\/ilcrogiuolo.it\/it\/p\/tecniche-di-magia-a-distanza\/\",\"name\":\"Tecniche di magia a distanza - Il Crogiuolo\",\"isPartOf\":{\"@id\":\"https:\/\/ilcrogiuolo.it\/it\/#website\"},\"primaryImageOfPage\":{\"@id\":\"https:\/\/ilcrogiuolo.it\/it\/p\/tecniche-di-magia-a-distanza\/#primaryimage\"},\"image\":{\"@id\":\"https:\/\/ilcrogiuolo.it\/it\/p\/tecniche-di-magia-a-distanza\/#primaryimage\"},\"thumbnailUrl\":\"https:\/\/ilcrogiuolo.it\/wp-content\/uploads\/2020\/01\/techniche-di-magia-a-distanza.jpg\",\"datePublished\":\"2020-01-14T16:10:22+00:00\",\"dateModified\":\"2025-06-30T14:27:02+00:00\",\"description\":\"Tecniche di magia a distanza La nostra mente ha delle capacit\u00e0 straordinarie, che spesso trascuriamo perch\u00e9 non siamo in grado di utilizzarle. Per chi voglia esercitare la magia \u00e8\",\"breadcrumb\":{\"@id\":\"https:\/\/ilcrogiuolo.it\/it\/p\/tecniche-di-magia-a-distanza\/#breadcrumb\"},\"inLanguage\":\"it-IT\",\"potentialAction\":[{\"@type\":\"ReadAction\",\"target\":[\"https:\/\/ilcrogiuolo.it\/it\/p\/tecniche-di-magia-a-distanza\/\"]}]},{\"@type\":\"ImageObject\",\"inLanguage\":\"it-IT\",\"@id\":\"https:\/\/ilcrogiuolo.it\/it\/p\/tecniche-di-magia-a-distanza\/#primaryimage\",\"url\":\"https:\/\/ilcrogiuolo.it\/wp-content\/uploads\/2020\/01\/techniche-di-magia-a-distanza.jpg\",\"contentUrl\":\"https:\/\/ilcrogiuolo.it\/wp-content\/uploads\/2020\/01\/techniche-di-magia-a-distanza.jpg\",\"width\":627,\"height\":600},{\"@type\":\"BreadcrumbList\",\"@id\":\"https:\/\/ilcrogiuolo.it\/it\/p\/tecniche-di-magia-a-distanza\/#breadcrumb\",\"itemListElement\":[{\"@type\":\"ListItem\",\"position\":1,\"name\":\"Home\",\"item\":\"https:\/\/ilcrogiuolo.it\/it\/\"},{\"@type\":\"ListItem\",\"position\":2,\"name\":\"Shop\",\"item\":\"https:\/\/ilcrogiuolo.it\/it\/negozio\/\"},{\"@type\":\"ListItem\",\"position\":3,\"name\":\"Tecniche di magia a distanza\"}]},{\"@type\":\"WebSite\",\"@id\":\"https:\/\/ilcrogiuolo.it\/it\/#website\",\"url\":\"https:\/\/ilcrogiuolo.it\/it\/\",\"name\":\"Il Crogiuolo\",\"description\":\"\",\"publisher\":{\"@id\":\"https:\/\/ilcrogiuolo.it\/it\/#organization\"},\"potentialAction\":[{\"@type\":\"SearchAction\",\"target\":{\"@type\":\"EntryPoint\",\"urlTemplate\":\"https:\/\/ilcrogiuolo.it\/it\/?s={search_term_string}\"},\"query-input\":{\"@type\":\"PropertyValueSpecification\",\"valueRequired\":true,\"valueName\":\"search_term_string\"}}],\"inLanguage\":\"it-IT\"},{\"@type\":\"Organization\",\"@id\":\"https:\/\/ilcrogiuolo.it\/it\/#organization\",\"name\":\"Il Crogiuolo\",\"url\":\"https:\/\/ilcrogiuolo.it\/it\/\",\"logo\":{\"@type\":\"ImageObject\",\"inLanguage\":\"it-IT\",\"@id\":\"https:\/\/ilcrogiuolo.it\/it\/#\/schema\/logo\/image\/\",\"url\":\"https:\/\/ilcrogiuolo.it\/wp-content\/uploads\/2020\/04\/logo.png\",\"contentUrl\":\"https:\/\/ilcrogiuolo.it\/wp-content\/uploads\/2020\/04\/logo.png\",\"width\":200,\"height\":49,\"caption\":\"Il Crogiuolo\"},\"image\":{\"@id\":\"https:\/\/ilcrogiuolo.it\/it\/#\/schema\/logo\/image\/\"},\"sameAs\":[\"https:\/\/www.facebook.com\/Il-Crogiuolo-681876418491758\"]}]}<\/script>\n<!-- \/ Yoast SEO plugin. -->","yoast_head_json":{"title":"Tecniche di magia a distanza - Il Crogiuolo","description":"Tecniche di magia a distanza La nostra mente ha delle capacit\u00e0 straordinarie, che spesso trascuriamo perch\u00e9 non siamo in grado di utilizzarle. Per chi voglia esercitare la magia \u00e8","robots":{"index":"index","follow":"follow","max-snippet":"max-snippet:-1","max-image-preview":"max-image-preview:large","max-video-preview":"max-video-preview:-1"},"canonical":"https:\/\/ilcrogiuolo.it\/it\/p\/tecniche-di-magia-a-distanza\/","og_locale":"it_IT","og_type":"article","og_title":"Tecniche di magia a distanza - Il Crogiuolo","og_description":"Tecniche di magia a distanza La nostra mente ha delle capacit\u00e0 straordinarie, che spesso trascuriamo perch\u00e9 non siamo in grado di utilizzarle. Per chi voglia esercitare la magia \u00e8","og_url":"https:\/\/ilcrogiuolo.it\/it\/p\/tecniche-di-magia-a-distanza\/","og_site_name":"Il Crogiuolo","article_publisher":"https:\/\/www.facebook.com\/Il-Crogiuolo-681876418491758","article_modified_time":"2025-06-30T14:27:02+00:00","og_image":[{"width":627,"height":600,"url":"https:\/\/ilcrogiuolo.it\/wp-content\/uploads\/2020\/01\/techniche-di-magia-a-distanza.jpg","type":"image\/jpeg"}],"twitter_card":"summary_large_image","twitter_misc":{"Tempo di lettura stimato":"2 minuti"},"schema":{"@context":"https:\/\/schema.org","@graph":[{"@type":"WebPage","@id":"https:\/\/ilcrogiuolo.it\/it\/p\/tecniche-di-magia-a-distanza\/","url":"https:\/\/ilcrogiuolo.it\/it\/p\/tecniche-di-magia-a-distanza\/","name":"Tecniche di magia a distanza - Il Crogiuolo","isPartOf":{"@id":"https:\/\/ilcrogiuolo.it\/it\/#website"},"primaryImageOfPage":{"@id":"https:\/\/ilcrogiuolo.it\/it\/p\/tecniche-di-magia-a-distanza\/#primaryimage"},"image":{"@id":"https:\/\/ilcrogiuolo.it\/it\/p\/tecniche-di-magia-a-distanza\/#primaryimage"},"thumbnailUrl":"https:\/\/ilcrogiuolo.it\/wp-content\/uploads\/2020\/01\/techniche-di-magia-a-distanza.jpg","datePublished":"2020-01-14T16:10:22+00:00","dateModified":"2025-06-30T14:27:02+00:00","description":"Tecniche di magia a distanza La nostra mente ha delle capacit\u00e0 straordinarie, che spesso trascuriamo perch\u00e9 non siamo in grado di utilizzarle. Per chi voglia esercitare la magia \u00e8","breadcrumb":{"@id":"https:\/\/ilcrogiuolo.it\/it\/p\/tecniche-di-magia-a-distanza\/#breadcrumb"},"inLanguage":"it-IT","potentialAction":[{"@type":"ReadAction","target":["https:\/\/ilcrogiuolo.it\/it\/p\/tecniche-di-magia-a-distanza\/"]}]},{"@type":"ImageObject","inLanguage":"it-IT","@id":"https:\/\/ilcrogiuolo.it\/it\/p\/tecniche-di-magia-a-distanza\/#primaryimage","url":"https:\/\/ilcrogiuolo.it\/wp-content\/uploads\/2020\/01\/techniche-di-magia-a-distanza.jpg","contentUrl":"https:\/\/ilcrogiuolo.it\/wp-content\/uploads\/2020\/01\/techniche-di-magia-a-distanza.jpg","width":627,"height":600},{"@type":"BreadcrumbList","@id":"https:\/\/ilcrogiuolo.it\/it\/p\/tecniche-di-magia-a-distanza\/#breadcrumb","itemListElement":[{"@type":"ListItem","position":1,"name":"Home","item":"https:\/\/ilcrogiuolo.it\/it\/"},{"@type":"ListItem","position":2,"name":"Shop","item":"https:\/\/ilcrogiuolo.it\/it\/negozio\/"},{"@type":"ListItem","position":3,"name":"Tecniche di magia a distanza"}]},{"@type":"WebSite","@id":"https:\/\/ilcrogiuolo.it\/it\/#website","url":"https:\/\/ilcrogiuolo.it\/it\/","name":"Il Crogiuolo","description":"","publisher":{"@id":"https:\/\/ilcrogiuolo.it\/it\/#organization"},"potentialAction":[{"@type":"SearchAction","target":{"@type":"EntryPoint","urlTemplate":"https:\/\/ilcrogiuolo.it\/it\/?s={search_term_string}"},"query-input":{"@type":"PropertyValueSpecification","valueRequired":true,"valueName":"search_term_string"}}],"inLanguage":"it-IT"},{"@type":"Organization","@id":"https:\/\/ilcrogiuolo.it\/it\/#organization","name":"Il Crogiuolo","url":"https:\/\/ilcrogiuolo.it\/it\/","logo":{"@type":"ImageObject","inLanguage":"it-IT","@id":"https:\/\/ilcrogiuolo.it\/it\/#\/schema\/logo\/image\/","url":"https:\/\/ilcrogiuolo.it\/wp-content\/uploads\/2020\/04\/logo.png","contentUrl":"https:\/\/ilcrogiuolo.it\/wp-content\/uploads\/2020\/04\/logo.png","width":200,"height":49,"caption":"Il Crogiuolo"},"image":{"@id":"https:\/\/ilcrogiuolo.it\/it\/#\/schema\/logo\/image\/"},"sameAs":["https:\/\/www.facebook.com\/Il-Crogiuolo-681876418491758"]}]}},"_links":{"self":[{"href":"https:\/\/ilcrogiuolo.it\/it\/wp-json\/wp\/v2\/product\/5238","targetHints":{"allow":["GET"]}}],"collection":[{"href":"https:\/\/ilcrogiuolo.it\/it\/wp-json\/wp\/v2\/product"}],"about":[{"href":"https:\/\/ilcrogiuolo.it\/it\/wp-json\/wp\/v2\/types\/product"}],"wp:featuredmedia":[{"embeddable":true,"href":"https:\/\/ilcrogiuolo.it\/it\/wp-json\/wp\/v2\/media\/20086"}],"wp:attachment":[{"href":"https:\/\/ilcrogiuolo.it\/it\/wp-json\/wp\/v2\/media?parent=5238"}],"wp:term":[{"taxonomy":"product_brand","embeddable":true,"href":"https:\/\/ilcrogiuolo.it\/it\/wp-json\/wp\/v2\/product_brand?post=5238"},{"taxonomy":"product_cat","embeddable":true,"href":"https:\/\/ilcrogiuolo.it\/it\/wp-json\/wp\/v2\/product_cat?post=5238"},{"taxonomy":"product_tag","embeddable":true,"href":"https:\/\/ilcrogiuolo.it\/it\/wp-json\/wp\/v2\/product_tag?post=5238"}],"curies":[{"name":"wp","href":"https:\/\/api.w.org\/{rel}","templated":true}]}}