{"id":51894,"date":"2025-10-16T15:55:04","date_gmt":"2025-10-16T13:55:04","guid":{"rendered":"https:\/\/ilcrogiuolo.it\/?post_type=product&#038;p=51894"},"modified":"2025-10-16T16:09:01","modified_gmt":"2025-10-16T14:09:01","slug":"grande-rituale-della-ferradura-di-san-giorgio","status":"publish","type":"product","link":"https:\/\/ilcrogiuolo.it\/it\/p\/grande-rituale-della-ferradura-di-san-giorgio\/","title":{"rendered":"GRANDE RITUALE DELLA FERRADURA DI SAN GIORGIO"},"content":{"rendered":"<p>Da secoli la \u201cferradura\u201d (ferro di cavallo) viene impiegato come amuleto per propiziare la buona sorte e la fortuna, per allontanare la povert\u00e0, rompere invidie e malocchio, rimuovere gli ostacoli, certamente, ma anche per creare nuove opportunit\u00e0 di successo e di riuscita nella vita. questa pratica rituale invoca il meraviglioso potere della ferradura di San Giorgio per PROPIZIARE L\u2019AUTOREALIZZAZIONE, SBARAZZARE OGNI CONCORRENTE E PER IMPETRARE FORTUNA IN OGNI CAMPO DELL\u2019ESISTENZA. Questa pratica si esegue anche per aumentare il volume di affari in una qualsiasi attivit\u00e0 commerciale.\u00a0 Il potere talismanico della ferradura di San Giorgio eserciter\u00e0 il suo influsso per un anno, dopodich\u00e8 dovr\u00e0 essere abbandonata.<\/p>\n","protected":false},"excerpt":{"rendered":"<p>Da secoli la \u201cferradura\u201d (ferro di cavallo) viene impiegato come amuleto per propiziare la buona sorte e la fortuna, per&#8230;<\/p>\n","protected":false},"featured_media":51897,"template":"","meta":{"_acf_changed":false},"product_brand":[],"product_cat":[1106,1059,1378],"product_tag":[],"class_list":{"0":"post-51894","1":"product","2":"type-product","3":"status-publish","4":"has-post-thumbnail","6":"product_cat-rituali-planetari-stregoneria-angelici","7":"product_cat-articoli-esoterici","8":"product_cat-magia-popolare-stregoneria","10":"first","11":"instock","12":"taxable","13":"shipping-taxable","14":"purchasable","15":"product-type-simple","16":"add-to-wishlist-before_image"},"acf":[],"yoast_head":"<!-- This site is optimized with the Yoast SEO plugin v26.9 - https:\/\/yoast.com\/product\/yoast-seo-wordpress\/ -->\n<title>GRANDE RITUALE DELLA FERRADURA DI SAN GIORGIO - Il Crogiuolo<\/title>\n<meta name=\"description\" content=\"GRANDE RITUALE DELLA FERRADURA DI SAN GIORGIO Da secoli la \u201cferradura\u201d (ferro di cavallo) viene impiegato come amuleto per propiziare la buona sorte e la fortuna, per allontanare la povert\u00e0, rompere\" \/>\n<meta name=\"robots\" content=\"index, follow, max-snippet:-1, max-image-preview:large, max-video-preview:-1\" \/>\n<link rel=\"canonical\" href=\"https:\/\/ilcrogiuolo.it\/it\/p\/grande-rituale-della-ferradura-di-san-giorgio\/\" \/>\n<meta property=\"og:locale\" content=\"it_IT\" \/>\n<meta property=\"og:type\" content=\"article\" \/>\n<meta property=\"og:title\" content=\"GRANDE RITUALE DELLA FERRADURA DI SAN GIORGIO - Il Crogiuolo\" \/>\n<meta property=\"og:description\" content=\"GRANDE RITUALE DELLA FERRADURA DI SAN GIORGIO Da secoli la \u201cferradura\u201d (ferro di cavallo) viene impiegato come amuleto per propiziare la buona sorte e la fortuna, per allontanare la povert\u00e0, rompere\" \/>\n<meta property=\"og:url\" content=\"https:\/\/ilcrogiuolo.it\/it\/p\/grande-rituale-della-ferradura-di-san-giorgio\/\" \/>\n<meta property=\"og:site_name\" content=\"Il Crogiuolo\" \/>\n<meta property=\"article:publisher\" content=\"https:\/\/www.facebook.com\/Il-Crogiuolo-681876418491758\" \/>\n<meta property=\"article:modified_time\" content=\"2025-10-16T14:09:01+00:00\" \/>\n<meta property=\"og:image\" content=\"https:\/\/ilcrogiuolo.it\/wp-content\/uploads\/2025\/10\/grafica-ferradura-2025.png\" \/>\n\t<meta property=\"og:image:width\" content=\"1000\" \/>\n\t<meta property=\"og:image:height\" content=\"1000\" \/>\n\t<meta property=\"og:image:type\" content=\"image\/png\" \/>\n<meta name=\"twitter:card\" content=\"summary_large_image\" \/>\n<meta name=\"twitter:label1\" content=\"Tempo di lettura stimato\" \/>\n\t<meta name=\"twitter:data1\" content=\"1 minuto\" \/>\n<script type=\"application\/ld+json\" class=\"yoast-schema-graph\">{\"@context\":\"https:\/\/schema.org\",\"@graph\":[{\"@type\":\"WebPage\",\"@id\":\"https:\/\/ilcrogiuolo.it\/it\/p\/grande-rituale-della-ferradura-di-san-giorgio\/\",\"url\":\"https:\/\/ilcrogiuolo.it\/it\/p\/grande-rituale-della-ferradura-di-san-giorgio\/\",\"name\":\"GRANDE RITUALE DELLA FERRADURA DI SAN GIORGIO - Il Crogiuolo\",\"isPartOf\":{\"@id\":\"https:\/\/ilcrogiuolo.it\/it\/#website\"},\"primaryImageOfPage\":{\"@id\":\"https:\/\/ilcrogiuolo.it\/it\/p\/grande-rituale-della-ferradura-di-san-giorgio\/#primaryimage\"},\"image\":{\"@id\":\"https:\/\/ilcrogiuolo.it\/it\/p\/grande-rituale-della-ferradura-di-san-giorgio\/#primaryimage\"},\"thumbnailUrl\":\"https:\/\/ilcrogiuolo.it\/wp-content\/uploads\/2025\/10\/grafica-ferradura-2025.png\",\"datePublished\":\"2025-10-16T13:55:04+00:00\",\"dateModified\":\"2025-10-16T14:09:01+00:00\",\"description\":\"GRANDE RITUALE DELLA FERRADURA DI SAN GIORGIO Da secoli la \u201cferradura\u201d (ferro di cavallo) viene impiegato come amuleto per propiziare la buona sorte e la fortuna, per allontanare la povert\u00e0, rompere\",\"breadcrumb\":{\"@id\":\"https:\/\/ilcrogiuolo.it\/it\/p\/grande-rituale-della-ferradura-di-san-giorgio\/#breadcrumb\"},\"inLanguage\":\"it-IT\",\"potentialAction\":[{\"@type\":\"ReadAction\",\"target\":[\"https:\/\/ilcrogiuolo.it\/it\/p\/grande-rituale-della-ferradura-di-san-giorgio\/\"]}]},{\"@type\":\"ImageObject\",\"inLanguage\":\"it-IT\",\"@id\":\"https:\/\/ilcrogiuolo.it\/it\/p\/grande-rituale-della-ferradura-di-san-giorgio\/#primaryimage\",\"url\":\"https:\/\/ilcrogiuolo.it\/wp-content\/uploads\/2025\/10\/grafica-ferradura-2025.png\",\"contentUrl\":\"https:\/\/ilcrogiuolo.it\/wp-content\/uploads\/2025\/10\/grafica-ferradura-2025.png\",\"width\":1000,\"height\":1000},{\"@type\":\"BreadcrumbList\",\"@id\":\"https:\/\/ilcrogiuolo.it\/it\/p\/grande-rituale-della-ferradura-di-san-giorgio\/#breadcrumb\",\"itemListElement\":[{\"@type\":\"ListItem\",\"position\":1,\"name\":\"Home\",\"item\":\"https:\/\/ilcrogiuolo.it\/it\/\"},{\"@type\":\"ListItem\",\"position\":2,\"name\":\"Shop\",\"item\":\"https:\/\/ilcrogiuolo.it\/it\/negozio\/\"},{\"@type\":\"ListItem\",\"position\":3,\"name\":\"GRANDE RITUALE DELLA FERRADURA DI SAN GIORGIO\"}]},{\"@type\":\"WebSite\",\"@id\":\"https:\/\/ilcrogiuolo.it\/it\/#website\",\"url\":\"https:\/\/ilcrogiuolo.it\/it\/\",\"name\":\"Il Crogiuolo\",\"description\":\"\",\"publisher\":{\"@id\":\"https:\/\/ilcrogiuolo.it\/it\/#organization\"},\"potentialAction\":[{\"@type\":\"SearchAction\",\"target\":{\"@type\":\"EntryPoint\",\"urlTemplate\":\"https:\/\/ilcrogiuolo.it\/it\/?s={search_term_string}\"},\"query-input\":{\"@type\":\"PropertyValueSpecification\",\"valueRequired\":true,\"valueName\":\"search_term_string\"}}],\"inLanguage\":\"it-IT\"},{\"@type\":\"Organization\",\"@id\":\"https:\/\/ilcrogiuolo.it\/it\/#organization\",\"name\":\"Il Crogiuolo\",\"url\":\"https:\/\/ilcrogiuolo.it\/it\/\",\"logo\":{\"@type\":\"ImageObject\",\"inLanguage\":\"it-IT\",\"@id\":\"https:\/\/ilcrogiuolo.it\/it\/#\/schema\/logo\/image\/\",\"url\":\"https:\/\/ilcrogiuolo.it\/wp-content\/uploads\/2020\/04\/logo.png\",\"contentUrl\":\"https:\/\/ilcrogiuolo.it\/wp-content\/uploads\/2020\/04\/logo.png\",\"width\":200,\"height\":49,\"caption\":\"Il Crogiuolo\"},\"image\":{\"@id\":\"https:\/\/ilcrogiuolo.it\/it\/#\/schema\/logo\/image\/\"},\"sameAs\":[\"https:\/\/www.facebook.com\/Il-Crogiuolo-681876418491758\"]}]}<\/script>\n<!-- \/ Yoast SEO plugin. -->","yoast_head_json":{"title":"GRANDE RITUALE DELLA FERRADURA DI SAN GIORGIO - Il Crogiuolo","description":"GRANDE RITUALE DELLA FERRADURA DI SAN GIORGIO Da secoli la \u201cferradura\u201d (ferro di cavallo) viene impiegato come amuleto per propiziare la buona sorte e la fortuna, per allontanare la povert\u00e0, rompere","robots":{"index":"index","follow":"follow","max-snippet":"max-snippet:-1","max-image-preview":"max-image-preview:large","max-video-preview":"max-video-preview:-1"},"canonical":"https:\/\/ilcrogiuolo.it\/it\/p\/grande-rituale-della-ferradura-di-san-giorgio\/","og_locale":"it_IT","og_type":"article","og_title":"GRANDE RITUALE DELLA FERRADURA DI SAN GIORGIO - Il Crogiuolo","og_description":"GRANDE RITUALE DELLA FERRADURA DI SAN GIORGIO Da secoli la \u201cferradura\u201d (ferro di cavallo) viene impiegato come amuleto per propiziare la buona sorte e la fortuna, per allontanare la povert\u00e0, rompere","og_url":"https:\/\/ilcrogiuolo.it\/it\/p\/grande-rituale-della-ferradura-di-san-giorgio\/","og_site_name":"Il Crogiuolo","article_publisher":"https:\/\/www.facebook.com\/Il-Crogiuolo-681876418491758","article_modified_time":"2025-10-16T14:09:01+00:00","og_image":[{"width":1000,"height":1000,"url":"https:\/\/ilcrogiuolo.it\/wp-content\/uploads\/2025\/10\/grafica-ferradura-2025.png","type":"image\/png"}],"twitter_card":"summary_large_image","twitter_misc":{"Tempo di lettura stimato":"1 minuto"},"schema":{"@context":"https:\/\/schema.org","@graph":[{"@type":"WebPage","@id":"https:\/\/ilcrogiuolo.it\/it\/p\/grande-rituale-della-ferradura-di-san-giorgio\/","url":"https:\/\/ilcrogiuolo.it\/it\/p\/grande-rituale-della-ferradura-di-san-giorgio\/","name":"GRANDE RITUALE DELLA FERRADURA DI SAN GIORGIO - Il Crogiuolo","isPartOf":{"@id":"https:\/\/ilcrogiuolo.it\/it\/#website"},"primaryImageOfPage":{"@id":"https:\/\/ilcrogiuolo.it\/it\/p\/grande-rituale-della-ferradura-di-san-giorgio\/#primaryimage"},"image":{"@id":"https:\/\/ilcrogiuolo.it\/it\/p\/grande-rituale-della-ferradura-di-san-giorgio\/#primaryimage"},"thumbnailUrl":"https:\/\/ilcrogiuolo.it\/wp-content\/uploads\/2025\/10\/grafica-ferradura-2025.png","datePublished":"2025-10-16T13:55:04+00:00","dateModified":"2025-10-16T14:09:01+00:00","description":"GRANDE RITUALE DELLA FERRADURA DI SAN GIORGIO Da secoli la \u201cferradura\u201d (ferro di cavallo) viene impiegato come amuleto per propiziare la buona sorte e la fortuna, per allontanare la povert\u00e0, rompere","breadcrumb":{"@id":"https:\/\/ilcrogiuolo.it\/it\/p\/grande-rituale-della-ferradura-di-san-giorgio\/#breadcrumb"},"inLanguage":"it-IT","potentialAction":[{"@type":"ReadAction","target":["https:\/\/ilcrogiuolo.it\/it\/p\/grande-rituale-della-ferradura-di-san-giorgio\/"]}]},{"@type":"ImageObject","inLanguage":"it-IT","@id":"https:\/\/ilcrogiuolo.it\/it\/p\/grande-rituale-della-ferradura-di-san-giorgio\/#primaryimage","url":"https:\/\/ilcrogiuolo.it\/wp-content\/uploads\/2025\/10\/grafica-ferradura-2025.png","contentUrl":"https:\/\/ilcrogiuolo.it\/wp-content\/uploads\/2025\/10\/grafica-ferradura-2025.png","width":1000,"height":1000},{"@type":"BreadcrumbList","@id":"https:\/\/ilcrogiuolo.it\/it\/p\/grande-rituale-della-ferradura-di-san-giorgio\/#breadcrumb","itemListElement":[{"@type":"ListItem","position":1,"name":"Home","item":"https:\/\/ilcrogiuolo.it\/it\/"},{"@type":"ListItem","position":2,"name":"Shop","item":"https:\/\/ilcrogiuolo.it\/it\/negozio\/"},{"@type":"ListItem","position":3,"name":"GRANDE RITUALE DELLA FERRADURA DI SAN GIORGIO"}]},{"@type":"WebSite","@id":"https:\/\/ilcrogiuolo.it\/it\/#website","url":"https:\/\/ilcrogiuolo.it\/it\/","name":"Il Crogiuolo","description":"","publisher":{"@id":"https:\/\/ilcrogiuolo.it\/it\/#organization"},"potentialAction":[{"@type":"SearchAction","target":{"@type":"EntryPoint","urlTemplate":"https:\/\/ilcrogiuolo.it\/it\/?s={search_term_string}"},"query-input":{"@type":"PropertyValueSpecification","valueRequired":true,"valueName":"search_term_string"}}],"inLanguage":"it-IT"},{"@type":"Organization","@id":"https:\/\/ilcrogiuolo.it\/it\/#organization","name":"Il Crogiuolo","url":"https:\/\/ilcrogiuolo.it\/it\/","logo":{"@type":"ImageObject","inLanguage":"it-IT","@id":"https:\/\/ilcrogiuolo.it\/it\/#\/schema\/logo\/image\/","url":"https:\/\/ilcrogiuolo.it\/wp-content\/uploads\/2020\/04\/logo.png","contentUrl":"https:\/\/ilcrogiuolo.it\/wp-content\/uploads\/2020\/04\/logo.png","width":200,"height":49,"caption":"Il Crogiuolo"},"image":{"@id":"https:\/\/ilcrogiuolo.it\/it\/#\/schema\/logo\/image\/"},"sameAs":["https:\/\/www.facebook.com\/Il-Crogiuolo-681876418491758"]}]}},"_links":{"self":[{"href":"https:\/\/ilcrogiuolo.it\/it\/wp-json\/wp\/v2\/product\/51894","targetHints":{"allow":["GET"]}}],"collection":[{"href":"https:\/\/ilcrogiuolo.it\/it\/wp-json\/wp\/v2\/product"}],"about":[{"href":"https:\/\/ilcrogiuolo.it\/it\/wp-json\/wp\/v2\/types\/product"}],"wp:featuredmedia":[{"embeddable":true,"href":"https:\/\/ilcrogiuolo.it\/it\/wp-json\/wp\/v2\/media\/51897"}],"wp:attachment":[{"href":"https:\/\/ilcrogiuolo.it\/it\/wp-json\/wp\/v2\/media?parent=51894"}],"wp:term":[{"taxonomy":"product_brand","embeddable":true,"href":"https:\/\/ilcrogiuolo.it\/it\/wp-json\/wp\/v2\/product_brand?post=51894"},{"taxonomy":"product_cat","embeddable":true,"href":"https:\/\/ilcrogiuolo.it\/it\/wp-json\/wp\/v2\/product_cat?post=51894"},{"taxonomy":"product_tag","embeddable":true,"href":"https:\/\/ilcrogiuolo.it\/it\/wp-json\/wp\/v2\/product_tag?post=51894"}],"curies":[{"name":"wp","href":"https:\/\/api.w.org\/{rel}","templated":true}]}}