{"id":5155,"date":"2020-01-14T17:10:16","date_gmt":"2020-01-14T16:10:16","guid":{"rendered":"https:\/\/ilcrogiuolo.it\/p\/coracao-do-amor-uomo-color-rosso-cm-135\/"},"modified":"2024-10-01T17:06:38","modified_gmt":"2024-10-01T15:06:38","slug":"testa-coracao-do-amor-uomo-color-rosso-cm-135","status":"publish","type":"product","link":"https:\/\/ilcrogiuolo.it\/it\/p\/testa-coracao-do-amor-uomo-color-rosso-cm-135\/","title":{"rendered":"TESTA UOMO CON CUORE COLOR  ROSSO CM 13,5"},"content":{"rendered":"<p>Questo cero a forma di cuore si utilizza nei riti di unione atti a favorire o ad aumentare un sentimento. Occorre incidere i nomi delle persone da unire (quello di chi esegue va sempre scritto sopra) con uno spillo vergine (mai usato) ed ungere la candela prima di accenderla con olii appropriati allo scopo che si persegue. Il giorno ottimale per impiegare questo cero \u00e8 il venerd\u00ec di luna crescente. Il suo uso, aldil\u00e0 delle pratiche rituali, pu\u00f2 essere associato ad erbe, polveri ed incensi di amore o di unione. Viene altres\u00ec offerto ad Ox\u00f9m e Pomba Gira quando si desidera favorire un\u2019unione sentimentale.<\/p>\n","protected":false},"excerpt":{"rendered":"<p>Questo cero a forma di cuore si utilizza nei riti di unione atti a favorire o ad aumentare un sentimento&#8230;.<\/p>\n","protected":false},"featured_media":20080,"template":"","meta":{"_acf_changed":false},"product_brand":[],"product_cat":[1083,1059,1294,1293],"product_tag":[],"class_list":{"0":"post-5155","1":"product","2":"type-product","3":"status-publish","4":"has-post-thumbnail","6":"product_cat-cereria-esoterica-candele-da-altare","7":"product_cat-articoli-esoterici","8":"product_cat-candele-oscar-pupi-amanti-teste-faraoniche","9":"product_cat-statue-brasiliane-in-cera","11":"first","12":"instock","13":"taxable","14":"shipping-taxable","15":"purchasable","16":"product-type-simple","17":"add-to-wishlist-before_image"},"acf":[],"yoast_head":"<!-- This site is optimized with the Yoast SEO plugin v26.9 - https:\/\/yoast.com\/product\/yoast-seo-wordpress\/ -->\n<title>TESTA UOMO CON CUORE COLOR ROSSO CM 13,5 - Il Crogiuolo<\/title>\n<meta name=\"description\" content=\"TESTA UOMO CON CUORE COLOR ROSSO CM 13,5 Questo cero a forma di cuore si utilizza nei riti di unione atti a favorire o ad aumentare un sentimento. Occorre incidere i nomi delle persone da unire\" \/>\n<meta name=\"robots\" content=\"index, follow, max-snippet:-1, max-image-preview:large, max-video-preview:-1\" \/>\n<link rel=\"canonical\" href=\"https:\/\/ilcrogiuolo.it\/it\/p\/testa-coracao-do-amor-uomo-color-rosso-cm-135\/\" \/>\n<meta property=\"og:locale\" content=\"it_IT\" \/>\n<meta property=\"og:type\" content=\"article\" \/>\n<meta property=\"og:title\" content=\"TESTA UOMO CON CUORE COLOR ROSSO CM 13,5 - Il Crogiuolo\" \/>\n<meta property=\"og:description\" content=\"TESTA UOMO CON CUORE COLOR ROSSO CM 13,5 Questo cero a forma di cuore si utilizza nei riti di unione atti a favorire o ad aumentare un sentimento. Occorre incidere i nomi delle persone da unire\" \/>\n<meta property=\"og:url\" content=\"https:\/\/ilcrogiuolo.it\/it\/p\/testa-coracao-do-amor-uomo-color-rosso-cm-135\/\" \/>\n<meta property=\"og:site_name\" content=\"Il Crogiuolo\" \/>\n<meta property=\"article:publisher\" content=\"https:\/\/www.facebook.com\/Il-Crogiuolo-681876418491758\" \/>\n<meta property=\"article:modified_time\" content=\"2024-10-01T15:06:38+00:00\" \/>\n<meta property=\"og:image\" content=\"https:\/\/ilcrogiuolo.it\/wp-content\/uploads\/2020\/01\/uomo-con-cuore-rosso.jpg\" \/>\n\t<meta property=\"og:image:width\" content=\"627\" \/>\n\t<meta property=\"og:image:height\" content=\"600\" \/>\n\t<meta property=\"og:image:type\" content=\"image\/jpeg\" \/>\n<meta name=\"twitter:card\" content=\"summary_large_image\" \/>\n<meta name=\"twitter:label1\" content=\"Tempo di lettura stimato\" \/>\n\t<meta name=\"twitter:data1\" content=\"1 minuto\" \/>\n<script type=\"application\/ld+json\" class=\"yoast-schema-graph\">{\"@context\":\"https:\/\/schema.org\",\"@graph\":[{\"@type\":\"WebPage\",\"@id\":\"https:\/\/ilcrogiuolo.it\/it\/p\/testa-coracao-do-amor-uomo-color-rosso-cm-135\/\",\"url\":\"https:\/\/ilcrogiuolo.it\/it\/p\/testa-coracao-do-amor-uomo-color-rosso-cm-135\/\",\"name\":\"TESTA UOMO CON CUORE COLOR ROSSO CM 13,5 - Il Crogiuolo\",\"isPartOf\":{\"@id\":\"https:\/\/ilcrogiuolo.it\/it\/#website\"},\"primaryImageOfPage\":{\"@id\":\"https:\/\/ilcrogiuolo.it\/it\/p\/testa-coracao-do-amor-uomo-color-rosso-cm-135\/#primaryimage\"},\"image\":{\"@id\":\"https:\/\/ilcrogiuolo.it\/it\/p\/testa-coracao-do-amor-uomo-color-rosso-cm-135\/#primaryimage\"},\"thumbnailUrl\":\"https:\/\/ilcrogiuolo.it\/wp-content\/uploads\/2020\/01\/uomo-con-cuore-rosso.jpg\",\"datePublished\":\"2020-01-14T16:10:16+00:00\",\"dateModified\":\"2024-10-01T15:06:38+00:00\",\"description\":\"TESTA UOMO CON CUORE COLOR ROSSO CM 13,5 Questo cero a forma di cuore si utilizza nei riti di unione atti a favorire o ad aumentare un sentimento. Occorre incidere i nomi delle persone da unire\",\"breadcrumb\":{\"@id\":\"https:\/\/ilcrogiuolo.it\/it\/p\/testa-coracao-do-amor-uomo-color-rosso-cm-135\/#breadcrumb\"},\"inLanguage\":\"it-IT\",\"potentialAction\":[{\"@type\":\"ReadAction\",\"target\":[\"https:\/\/ilcrogiuolo.it\/it\/p\/testa-coracao-do-amor-uomo-color-rosso-cm-135\/\"]}]},{\"@type\":\"ImageObject\",\"inLanguage\":\"it-IT\",\"@id\":\"https:\/\/ilcrogiuolo.it\/it\/p\/testa-coracao-do-amor-uomo-color-rosso-cm-135\/#primaryimage\",\"url\":\"https:\/\/ilcrogiuolo.it\/wp-content\/uploads\/2020\/01\/uomo-con-cuore-rosso.jpg\",\"contentUrl\":\"https:\/\/ilcrogiuolo.it\/wp-content\/uploads\/2020\/01\/uomo-con-cuore-rosso.jpg\",\"width\":627,\"height\":600},{\"@type\":\"BreadcrumbList\",\"@id\":\"https:\/\/ilcrogiuolo.it\/it\/p\/testa-coracao-do-amor-uomo-color-rosso-cm-135\/#breadcrumb\",\"itemListElement\":[{\"@type\":\"ListItem\",\"position\":1,\"name\":\"Home\",\"item\":\"https:\/\/ilcrogiuolo.it\/it\/\"},{\"@type\":\"ListItem\",\"position\":2,\"name\":\"Shop\",\"item\":\"https:\/\/ilcrogiuolo.it\/it\/negozio\/\"},{\"@type\":\"ListItem\",\"position\":3,\"name\":\"TESTA UOMO CON CUORE COLOR ROSSO CM 13,5\"}]},{\"@type\":\"WebSite\",\"@id\":\"https:\/\/ilcrogiuolo.it\/it\/#website\",\"url\":\"https:\/\/ilcrogiuolo.it\/it\/\",\"name\":\"Il Crogiuolo\",\"description\":\"\",\"publisher\":{\"@id\":\"https:\/\/ilcrogiuolo.it\/it\/#organization\"},\"potentialAction\":[{\"@type\":\"SearchAction\",\"target\":{\"@type\":\"EntryPoint\",\"urlTemplate\":\"https:\/\/ilcrogiuolo.it\/it\/?s={search_term_string}\"},\"query-input\":{\"@type\":\"PropertyValueSpecification\",\"valueRequired\":true,\"valueName\":\"search_term_string\"}}],\"inLanguage\":\"it-IT\"},{\"@type\":\"Organization\",\"@id\":\"https:\/\/ilcrogiuolo.it\/it\/#organization\",\"name\":\"Il Crogiuolo\",\"url\":\"https:\/\/ilcrogiuolo.it\/it\/\",\"logo\":{\"@type\":\"ImageObject\",\"inLanguage\":\"it-IT\",\"@id\":\"https:\/\/ilcrogiuolo.it\/it\/#\/schema\/logo\/image\/\",\"url\":\"https:\/\/ilcrogiuolo.it\/wp-content\/uploads\/2020\/04\/logo.png\",\"contentUrl\":\"https:\/\/ilcrogiuolo.it\/wp-content\/uploads\/2020\/04\/logo.png\",\"width\":200,\"height\":49,\"caption\":\"Il Crogiuolo\"},\"image\":{\"@id\":\"https:\/\/ilcrogiuolo.it\/it\/#\/schema\/logo\/image\/\"},\"sameAs\":[\"https:\/\/www.facebook.com\/Il-Crogiuolo-681876418491758\"]}]}<\/script>\n<!-- \/ Yoast SEO plugin. -->","yoast_head_json":{"title":"TESTA UOMO CON CUORE COLOR ROSSO CM 13,5 - Il Crogiuolo","description":"TESTA UOMO CON CUORE COLOR ROSSO CM 13,5 Questo cero a forma di cuore si utilizza nei riti di unione atti a favorire o ad aumentare un sentimento. Occorre incidere i nomi delle persone da unire","robots":{"index":"index","follow":"follow","max-snippet":"max-snippet:-1","max-image-preview":"max-image-preview:large","max-video-preview":"max-video-preview:-1"},"canonical":"https:\/\/ilcrogiuolo.it\/it\/p\/testa-coracao-do-amor-uomo-color-rosso-cm-135\/","og_locale":"it_IT","og_type":"article","og_title":"TESTA UOMO CON CUORE COLOR ROSSO CM 13,5 - Il Crogiuolo","og_description":"TESTA UOMO CON CUORE COLOR ROSSO CM 13,5 Questo cero a forma di cuore si utilizza nei riti di unione atti a favorire o ad aumentare un sentimento. Occorre incidere i nomi delle persone da unire","og_url":"https:\/\/ilcrogiuolo.it\/it\/p\/testa-coracao-do-amor-uomo-color-rosso-cm-135\/","og_site_name":"Il Crogiuolo","article_publisher":"https:\/\/www.facebook.com\/Il-Crogiuolo-681876418491758","article_modified_time":"2024-10-01T15:06:38+00:00","og_image":[{"width":627,"height":600,"url":"https:\/\/ilcrogiuolo.it\/wp-content\/uploads\/2020\/01\/uomo-con-cuore-rosso.jpg","type":"image\/jpeg"}],"twitter_card":"summary_large_image","twitter_misc":{"Tempo di lettura stimato":"1 minuto"},"schema":{"@context":"https:\/\/schema.org","@graph":[{"@type":"WebPage","@id":"https:\/\/ilcrogiuolo.it\/it\/p\/testa-coracao-do-amor-uomo-color-rosso-cm-135\/","url":"https:\/\/ilcrogiuolo.it\/it\/p\/testa-coracao-do-amor-uomo-color-rosso-cm-135\/","name":"TESTA UOMO CON CUORE COLOR ROSSO CM 13,5 - Il Crogiuolo","isPartOf":{"@id":"https:\/\/ilcrogiuolo.it\/it\/#website"},"primaryImageOfPage":{"@id":"https:\/\/ilcrogiuolo.it\/it\/p\/testa-coracao-do-amor-uomo-color-rosso-cm-135\/#primaryimage"},"image":{"@id":"https:\/\/ilcrogiuolo.it\/it\/p\/testa-coracao-do-amor-uomo-color-rosso-cm-135\/#primaryimage"},"thumbnailUrl":"https:\/\/ilcrogiuolo.it\/wp-content\/uploads\/2020\/01\/uomo-con-cuore-rosso.jpg","datePublished":"2020-01-14T16:10:16+00:00","dateModified":"2024-10-01T15:06:38+00:00","description":"TESTA UOMO CON CUORE COLOR ROSSO CM 13,5 Questo cero a forma di cuore si utilizza nei riti di unione atti a favorire o ad aumentare un sentimento. Occorre incidere i nomi delle persone da unire","breadcrumb":{"@id":"https:\/\/ilcrogiuolo.it\/it\/p\/testa-coracao-do-amor-uomo-color-rosso-cm-135\/#breadcrumb"},"inLanguage":"it-IT","potentialAction":[{"@type":"ReadAction","target":["https:\/\/ilcrogiuolo.it\/it\/p\/testa-coracao-do-amor-uomo-color-rosso-cm-135\/"]}]},{"@type":"ImageObject","inLanguage":"it-IT","@id":"https:\/\/ilcrogiuolo.it\/it\/p\/testa-coracao-do-amor-uomo-color-rosso-cm-135\/#primaryimage","url":"https:\/\/ilcrogiuolo.it\/wp-content\/uploads\/2020\/01\/uomo-con-cuore-rosso.jpg","contentUrl":"https:\/\/ilcrogiuolo.it\/wp-content\/uploads\/2020\/01\/uomo-con-cuore-rosso.jpg","width":627,"height":600},{"@type":"BreadcrumbList","@id":"https:\/\/ilcrogiuolo.it\/it\/p\/testa-coracao-do-amor-uomo-color-rosso-cm-135\/#breadcrumb","itemListElement":[{"@type":"ListItem","position":1,"name":"Home","item":"https:\/\/ilcrogiuolo.it\/it\/"},{"@type":"ListItem","position":2,"name":"Shop","item":"https:\/\/ilcrogiuolo.it\/it\/negozio\/"},{"@type":"ListItem","position":3,"name":"TESTA UOMO CON CUORE COLOR ROSSO CM 13,5"}]},{"@type":"WebSite","@id":"https:\/\/ilcrogiuolo.it\/it\/#website","url":"https:\/\/ilcrogiuolo.it\/it\/","name":"Il Crogiuolo","description":"","publisher":{"@id":"https:\/\/ilcrogiuolo.it\/it\/#organization"},"potentialAction":[{"@type":"SearchAction","target":{"@type":"EntryPoint","urlTemplate":"https:\/\/ilcrogiuolo.it\/it\/?s={search_term_string}"},"query-input":{"@type":"PropertyValueSpecification","valueRequired":true,"valueName":"search_term_string"}}],"inLanguage":"it-IT"},{"@type":"Organization","@id":"https:\/\/ilcrogiuolo.it\/it\/#organization","name":"Il Crogiuolo","url":"https:\/\/ilcrogiuolo.it\/it\/","logo":{"@type":"ImageObject","inLanguage":"it-IT","@id":"https:\/\/ilcrogiuolo.it\/it\/#\/schema\/logo\/image\/","url":"https:\/\/ilcrogiuolo.it\/wp-content\/uploads\/2020\/04\/logo.png","contentUrl":"https:\/\/ilcrogiuolo.it\/wp-content\/uploads\/2020\/04\/logo.png","width":200,"height":49,"caption":"Il Crogiuolo"},"image":{"@id":"https:\/\/ilcrogiuolo.it\/it\/#\/schema\/logo\/image\/"},"sameAs":["https:\/\/www.facebook.com\/Il-Crogiuolo-681876418491758"]}]}},"_links":{"self":[{"href":"https:\/\/ilcrogiuolo.it\/it\/wp-json\/wp\/v2\/product\/5155","targetHints":{"allow":["GET"]}}],"collection":[{"href":"https:\/\/ilcrogiuolo.it\/it\/wp-json\/wp\/v2\/product"}],"about":[{"href":"https:\/\/ilcrogiuolo.it\/it\/wp-json\/wp\/v2\/types\/product"}],"wp:featuredmedia":[{"embeddable":true,"href":"https:\/\/ilcrogiuolo.it\/it\/wp-json\/wp\/v2\/media\/20080"}],"wp:attachment":[{"href":"https:\/\/ilcrogiuolo.it\/it\/wp-json\/wp\/v2\/media?parent=5155"}],"wp:term":[{"taxonomy":"product_brand","embeddable":true,"href":"https:\/\/ilcrogiuolo.it\/it\/wp-json\/wp\/v2\/product_brand?post=5155"},{"taxonomy":"product_cat","embeddable":true,"href":"https:\/\/ilcrogiuolo.it\/it\/wp-json\/wp\/v2\/product_cat?post=5155"},{"taxonomy":"product_tag","embeddable":true,"href":"https:\/\/ilcrogiuolo.it\/it\/wp-json\/wp\/v2\/product_tag?post=5155"}],"curies":[{"name":"wp","href":"https:\/\/api.w.org\/{rel}","templated":true}]}}