{"id":5124,"date":"2020-01-14T17:10:08","date_gmt":"2020-01-14T16:10:08","guid":{"rendered":"https:\/\/ilcrogiuolo.it\/p\/sangue-di-drago-daemon-odropos-draco-sangue-di-drago-gr-5\/"},"modified":"2024-09-26T15:30:40","modified_gmt":"2024-09-26T13:30:40","slug":"sangue-di-drago-daemon-odropos-draco-sangue-di-drago-gr-5","status":"publish","type":"product","link":"https:\/\/ilcrogiuolo.it\/it\/p\/sangue-di-drago-daemon-odropos-draco-sangue-di-drago-gr-5\/","title":{"rendered":"SANGUE DI DRAGO &#8211; DAEMON ODROPOS DRACO &#8211; SANGUE DI DRAGO GR 5"},"content":{"rendered":"<p>Il sangue di drago \u00e8 una resina pregiata estratta da un albero tropicale, la Dracena Draco, appartenente alla famiglia delle agavaceae. In passato tale resina veniva impiegata dai maestri liutai nella lucidatura dei loro strumenti o come colorante per il legno. Ancora oggi viene impiegato dai restauratori per fare risaltare il colore brunato di certi mobili d\u2019epoca. Il sangue di Drago deve il suo nome a una leggenda che Plinio racconta quale origine reale di questa resina: un grosso serpente azzann\u00f2 mortalmente un elefante che morendo vi si abbatt\u00e9 sopra col suo peso uccidendolo a sua volta, il sangue dei due animali mescolandosi origin\u00f2 l&#8217;esotica sostanza. Plinio ci informa anche che il pigmento era ampiamente conosciuto dai Greci che la utilizzavano soprattutto come colorante. Del Sangue di Drago impiegato come colorante, per\u00f2, Cennino Cennini scriveva &#8220;Lasciallo pur star, e non te ne curar troppo, ch\u00e9 non \u00e8 di condizioni da farti molto onore&#8221; questo perch\u00e9 \u00e8 un colore facilmente alterabile. E&#8217; solubile in alcool etilico. Sconsigliato con tutte le tecniche pittoriche. A livello medicinale \u00e8 ricchissimo di propriet\u00e0: cicatrizzante, antiasmatico e disinfettante. Per questo la soluzione liquida di questa resina \u00e8 ampiamente impiegata nella medicina di pronto intervento. In America Latina, la soluzione idroalcolica di Sangue di Drago (commercializzata talvolta con il nome di Sangue di Grado), viene venduta nelle farmacie e nei negozi di medicina olistica e naturale. Nei mercati di Lima e delle grandi metropoli latinoamericane ci sono bancarelle specializzate nella vendita di cuori di drago (cos\u00ec si chiamano i pezzi grezzi della resina) e di altri preparati a base di questo vegetale.<br \/>\nA livello esoterico la tradizione lo associa a Marte e da sempre gli ha attribuito poteri speciali. Secondo la magia esistono fondamentalmente dodici modi per utilizzare il Sangue di Drago:<br \/>\n1) per aumentare il coraggio nei pusillanimi<br \/>\n2) per aumentare la passione<br \/>\n3) nelle opere di purificazione\/positivit\u00e0<br \/>\n4) per sedurre un amante recalcitrante<br \/>\n5) nelle formule di esorcismo<br \/>\n6) per fare tornare un amore<br \/>\n7) per risolvere problemi legati alla sessualit\u00e0<br \/>\n8) per favorire un\u2019unione d\u2019amore vero<br \/>\n9) per accrescere il potere degli altri ingredienti nelle formule<br \/>\n10) per ottenere potere e dominio<br \/>\n11) per attaccare e sconfiggere un avversario<br \/>\nManca nella lista il dodicesimo impiego, che \u00e8 quello di bruciare resina di Sangue di Drago nei forni a legna per purificarli ed allontanare dagli stessi i demoni del fuoco.<br \/>\nLa resina secca, bruciata sui carboni ardenti per nove sere consecutive sul davanzale si dice faccia ritornare un amante che si \u00e8 allontanato. Tuttavia, se viene bruciata per sette sere consecutive lo scopo ottenuto sarebbe quello di spezzare le negativit\u00e0 e sciogliere le legature fatte con lo scopo di pregiudicare una persona (creando ostacoli nel lavoro, in famiglia, nei rapporti di coppia\u2026). Mescolato ad incenso e ad altre resine pregiate rientra nella composizione di defumazioni atte a scongiurare il male o per propiziare l\u2019amore. La resina liquida viene anche impiegata nei bagni, sia bagni d\u2019amore che bagni di purificazione. Versata sulle fotografie insieme ad erbe o polveri d\u2019amore da sempre viene impiegata nella magia amatoria. Il sangue di drago rientra altres\u00ec nella preparazione degli inchiostri magici impiegati per siglare patti e legamenti.<\/p>\n","protected":false},"excerpt":{"rendered":"<p>Il sangue di drago \u00e8 una resina pregiata estratta da un albero tropicale, la Dracena Draco, appartenente alla famiglia delle&#8230;<\/p>\n","protected":false},"featured_media":47516,"template":"","meta":{"_acf_changed":false},"product_brand":[],"product_cat":[1096,1065,1380],"product_tag":[],"class_list":{"0":"post-5124","1":"product","2":"type-product","3":"status-publish","4":"has-post-thumbnail","6":"product_cat-botanica-erbe-e-miscele","7":"product_cat-botanica-pietre","8":"product_cat-erboristica-esoterica-fitologia-occulta","10":"first","11":"instock","12":"taxable","13":"shipping-taxable","14":"purchasable","15":"product-type-simple","16":"add-to-wishlist-before_image"},"acf":[],"yoast_head":"<!-- This site is optimized with the Yoast SEO plugin v26.9 - https:\/\/yoast.com\/product\/yoast-seo-wordpress\/ -->\n<title>SANGUE DI DRAGO - DAEMON ODROPOS DRACO - SANGUE DI DRAGO GR 5 - Il Crogiuolo<\/title>\n<meta name=\"description\" content=\"SANGUE DI DRAGO - DAEMON ODROPOS DRACO - SANGUE DI DRAGO GR 5 Il sangue di drago \u00e8 una resina pregiata estratta da un albero tropicale, la Dracena Draco, appartenente alla famiglia delle agavaceae. In passato tale\" \/>\n<meta name=\"robots\" content=\"index, follow, max-snippet:-1, max-image-preview:large, max-video-preview:-1\" \/>\n<link rel=\"canonical\" href=\"https:\/\/ilcrogiuolo.it\/it\/p\/sangue-di-drago-daemon-odropos-draco-sangue-di-drago-gr-5\/\" \/>\n<meta property=\"og:locale\" content=\"it_IT\" \/>\n<meta property=\"og:type\" content=\"article\" \/>\n<meta property=\"og:title\" content=\"SANGUE DI DRAGO - DAEMON ODROPOS DRACO - SANGUE DI DRAGO GR 5 - Il Crogiuolo\" \/>\n<meta property=\"og:description\" content=\"SANGUE DI DRAGO - DAEMON ODROPOS DRACO - SANGUE DI DRAGO GR 5 Il sangue di drago \u00e8 una resina pregiata estratta da un albero tropicale, la Dracena Draco, appartenente alla famiglia delle agavaceae. In passato tale\" \/>\n<meta property=\"og:url\" content=\"https:\/\/ilcrogiuolo.it\/it\/p\/sangue-di-drago-daemon-odropos-draco-sangue-di-drago-gr-5\/\" \/>\n<meta property=\"og:site_name\" content=\"Il Crogiuolo\" \/>\n<meta property=\"article:publisher\" content=\"https:\/\/www.facebook.com\/Il-Crogiuolo-681876418491758\" \/>\n<meta property=\"article:modified_time\" content=\"2024-09-26T13:30:40+00:00\" \/>\n<meta property=\"og:image\" content=\"https:\/\/ilcrogiuolo.it\/wp-content\/uploads\/2020\/01\/SANGUE-DI-DRAGO.png\" \/>\n\t<meta property=\"og:image:width\" content=\"627\" \/>\n\t<meta property=\"og:image:height\" content=\"600\" \/>\n\t<meta property=\"og:image:type\" content=\"image\/png\" \/>\n<meta name=\"twitter:card\" content=\"summary_large_image\" \/>\n<meta name=\"twitter:label1\" content=\"Tempo di lettura stimato\" \/>\n\t<meta name=\"twitter:data1\" content=\"4 minuti\" \/>\n<script type=\"application\/ld+json\" class=\"yoast-schema-graph\">{\"@context\":\"https:\/\/schema.org\",\"@graph\":[{\"@type\":\"WebPage\",\"@id\":\"https:\/\/ilcrogiuolo.it\/it\/p\/sangue-di-drago-daemon-odropos-draco-sangue-di-drago-gr-5\/\",\"url\":\"https:\/\/ilcrogiuolo.it\/it\/p\/sangue-di-drago-daemon-odropos-draco-sangue-di-drago-gr-5\/\",\"name\":\"SANGUE DI DRAGO - DAEMON ODROPOS DRACO - SANGUE DI DRAGO GR 5 - Il Crogiuolo\",\"isPartOf\":{\"@id\":\"https:\/\/ilcrogiuolo.it\/it\/#website\"},\"primaryImageOfPage\":{\"@id\":\"https:\/\/ilcrogiuolo.it\/it\/p\/sangue-di-drago-daemon-odropos-draco-sangue-di-drago-gr-5\/#primaryimage\"},\"image\":{\"@id\":\"https:\/\/ilcrogiuolo.it\/it\/p\/sangue-di-drago-daemon-odropos-draco-sangue-di-drago-gr-5\/#primaryimage\"},\"thumbnailUrl\":\"https:\/\/ilcrogiuolo.it\/wp-content\/uploads\/2020\/01\/SANGUE-DI-DRAGO.png\",\"datePublished\":\"2020-01-14T16:10:08+00:00\",\"dateModified\":\"2024-09-26T13:30:40+00:00\",\"description\":\"SANGUE DI DRAGO - DAEMON ODROPOS DRACO - SANGUE DI DRAGO GR 5 Il sangue di drago \u00e8 una resina pregiata estratta da un albero tropicale, la Dracena Draco, appartenente alla famiglia delle agavaceae. In passato tale\",\"breadcrumb\":{\"@id\":\"https:\/\/ilcrogiuolo.it\/it\/p\/sangue-di-drago-daemon-odropos-draco-sangue-di-drago-gr-5\/#breadcrumb\"},\"inLanguage\":\"it-IT\",\"potentialAction\":[{\"@type\":\"ReadAction\",\"target\":[\"https:\/\/ilcrogiuolo.it\/it\/p\/sangue-di-drago-daemon-odropos-draco-sangue-di-drago-gr-5\/\"]}]},{\"@type\":\"ImageObject\",\"inLanguage\":\"it-IT\",\"@id\":\"https:\/\/ilcrogiuolo.it\/it\/p\/sangue-di-drago-daemon-odropos-draco-sangue-di-drago-gr-5\/#primaryimage\",\"url\":\"https:\/\/ilcrogiuolo.it\/wp-content\/uploads\/2020\/01\/SANGUE-DI-DRAGO.png\",\"contentUrl\":\"https:\/\/ilcrogiuolo.it\/wp-content\/uploads\/2020\/01\/SANGUE-DI-DRAGO.png\",\"width\":627,\"height\":600},{\"@type\":\"BreadcrumbList\",\"@id\":\"https:\/\/ilcrogiuolo.it\/it\/p\/sangue-di-drago-daemon-odropos-draco-sangue-di-drago-gr-5\/#breadcrumb\",\"itemListElement\":[{\"@type\":\"ListItem\",\"position\":1,\"name\":\"Home\",\"item\":\"https:\/\/ilcrogiuolo.it\/it\/\"},{\"@type\":\"ListItem\",\"position\":2,\"name\":\"Shop\",\"item\":\"https:\/\/ilcrogiuolo.it\/it\/negozio\/\"},{\"@type\":\"ListItem\",\"position\":3,\"name\":\"SANGUE DI DRAGO &#8211; DAEMON ODROPOS DRACO &#8211; SANGUE DI DRAGO GR 5\"}]},{\"@type\":\"WebSite\",\"@id\":\"https:\/\/ilcrogiuolo.it\/it\/#website\",\"url\":\"https:\/\/ilcrogiuolo.it\/it\/\",\"name\":\"Il Crogiuolo\",\"description\":\"\",\"publisher\":{\"@id\":\"https:\/\/ilcrogiuolo.it\/it\/#organization\"},\"potentialAction\":[{\"@type\":\"SearchAction\",\"target\":{\"@type\":\"EntryPoint\",\"urlTemplate\":\"https:\/\/ilcrogiuolo.it\/it\/?s={search_term_string}\"},\"query-input\":{\"@type\":\"PropertyValueSpecification\",\"valueRequired\":true,\"valueName\":\"search_term_string\"}}],\"inLanguage\":\"it-IT\"},{\"@type\":\"Organization\",\"@id\":\"https:\/\/ilcrogiuolo.it\/it\/#organization\",\"name\":\"Il Crogiuolo\",\"url\":\"https:\/\/ilcrogiuolo.it\/it\/\",\"logo\":{\"@type\":\"ImageObject\",\"inLanguage\":\"it-IT\",\"@id\":\"https:\/\/ilcrogiuolo.it\/it\/#\/schema\/logo\/image\/\",\"url\":\"https:\/\/ilcrogiuolo.it\/wp-content\/uploads\/2020\/04\/logo.png\",\"contentUrl\":\"https:\/\/ilcrogiuolo.it\/wp-content\/uploads\/2020\/04\/logo.png\",\"width\":200,\"height\":49,\"caption\":\"Il Crogiuolo\"},\"image\":{\"@id\":\"https:\/\/ilcrogiuolo.it\/it\/#\/schema\/logo\/image\/\"},\"sameAs\":[\"https:\/\/www.facebook.com\/Il-Crogiuolo-681876418491758\"]}]}<\/script>\n<!-- \/ Yoast SEO plugin. -->","yoast_head_json":{"title":"SANGUE DI DRAGO - DAEMON ODROPOS DRACO - SANGUE DI DRAGO GR 5 - Il Crogiuolo","description":"SANGUE DI DRAGO - DAEMON ODROPOS DRACO - SANGUE DI DRAGO GR 5 Il sangue di drago \u00e8 una resina pregiata estratta da un albero tropicale, la Dracena Draco, appartenente alla famiglia delle agavaceae. In passato tale","robots":{"index":"index","follow":"follow","max-snippet":"max-snippet:-1","max-image-preview":"max-image-preview:large","max-video-preview":"max-video-preview:-1"},"canonical":"https:\/\/ilcrogiuolo.it\/it\/p\/sangue-di-drago-daemon-odropos-draco-sangue-di-drago-gr-5\/","og_locale":"it_IT","og_type":"article","og_title":"SANGUE DI DRAGO - DAEMON ODROPOS DRACO - SANGUE DI DRAGO GR 5 - Il Crogiuolo","og_description":"SANGUE DI DRAGO - DAEMON ODROPOS DRACO - SANGUE DI DRAGO GR 5 Il sangue di drago \u00e8 una resina pregiata estratta da un albero tropicale, la Dracena Draco, appartenente alla famiglia delle agavaceae. In passato tale","og_url":"https:\/\/ilcrogiuolo.it\/it\/p\/sangue-di-drago-daemon-odropos-draco-sangue-di-drago-gr-5\/","og_site_name":"Il Crogiuolo","article_publisher":"https:\/\/www.facebook.com\/Il-Crogiuolo-681876418491758","article_modified_time":"2024-09-26T13:30:40+00:00","og_image":[{"width":627,"height":600,"url":"https:\/\/ilcrogiuolo.it\/wp-content\/uploads\/2020\/01\/SANGUE-DI-DRAGO.png","type":"image\/png"}],"twitter_card":"summary_large_image","twitter_misc":{"Tempo di lettura stimato":"4 minuti"},"schema":{"@context":"https:\/\/schema.org","@graph":[{"@type":"WebPage","@id":"https:\/\/ilcrogiuolo.it\/it\/p\/sangue-di-drago-daemon-odropos-draco-sangue-di-drago-gr-5\/","url":"https:\/\/ilcrogiuolo.it\/it\/p\/sangue-di-drago-daemon-odropos-draco-sangue-di-drago-gr-5\/","name":"SANGUE DI DRAGO - DAEMON ODROPOS DRACO - SANGUE DI DRAGO GR 5 - Il Crogiuolo","isPartOf":{"@id":"https:\/\/ilcrogiuolo.it\/it\/#website"},"primaryImageOfPage":{"@id":"https:\/\/ilcrogiuolo.it\/it\/p\/sangue-di-drago-daemon-odropos-draco-sangue-di-drago-gr-5\/#primaryimage"},"image":{"@id":"https:\/\/ilcrogiuolo.it\/it\/p\/sangue-di-drago-daemon-odropos-draco-sangue-di-drago-gr-5\/#primaryimage"},"thumbnailUrl":"https:\/\/ilcrogiuolo.it\/wp-content\/uploads\/2020\/01\/SANGUE-DI-DRAGO.png","datePublished":"2020-01-14T16:10:08+00:00","dateModified":"2024-09-26T13:30:40+00:00","description":"SANGUE DI DRAGO - DAEMON ODROPOS DRACO - SANGUE DI DRAGO GR 5 Il sangue di drago \u00e8 una resina pregiata estratta da un albero tropicale, la Dracena Draco, appartenente alla famiglia delle agavaceae. In passato tale","breadcrumb":{"@id":"https:\/\/ilcrogiuolo.it\/it\/p\/sangue-di-drago-daemon-odropos-draco-sangue-di-drago-gr-5\/#breadcrumb"},"inLanguage":"it-IT","potentialAction":[{"@type":"ReadAction","target":["https:\/\/ilcrogiuolo.it\/it\/p\/sangue-di-drago-daemon-odropos-draco-sangue-di-drago-gr-5\/"]}]},{"@type":"ImageObject","inLanguage":"it-IT","@id":"https:\/\/ilcrogiuolo.it\/it\/p\/sangue-di-drago-daemon-odropos-draco-sangue-di-drago-gr-5\/#primaryimage","url":"https:\/\/ilcrogiuolo.it\/wp-content\/uploads\/2020\/01\/SANGUE-DI-DRAGO.png","contentUrl":"https:\/\/ilcrogiuolo.it\/wp-content\/uploads\/2020\/01\/SANGUE-DI-DRAGO.png","width":627,"height":600},{"@type":"BreadcrumbList","@id":"https:\/\/ilcrogiuolo.it\/it\/p\/sangue-di-drago-daemon-odropos-draco-sangue-di-drago-gr-5\/#breadcrumb","itemListElement":[{"@type":"ListItem","position":1,"name":"Home","item":"https:\/\/ilcrogiuolo.it\/it\/"},{"@type":"ListItem","position":2,"name":"Shop","item":"https:\/\/ilcrogiuolo.it\/it\/negozio\/"},{"@type":"ListItem","position":3,"name":"SANGUE DI DRAGO &#8211; DAEMON ODROPOS DRACO &#8211; SANGUE DI DRAGO GR 5"}]},{"@type":"WebSite","@id":"https:\/\/ilcrogiuolo.it\/it\/#website","url":"https:\/\/ilcrogiuolo.it\/it\/","name":"Il Crogiuolo","description":"","publisher":{"@id":"https:\/\/ilcrogiuolo.it\/it\/#organization"},"potentialAction":[{"@type":"SearchAction","target":{"@type":"EntryPoint","urlTemplate":"https:\/\/ilcrogiuolo.it\/it\/?s={search_term_string}"},"query-input":{"@type":"PropertyValueSpecification","valueRequired":true,"valueName":"search_term_string"}}],"inLanguage":"it-IT"},{"@type":"Organization","@id":"https:\/\/ilcrogiuolo.it\/it\/#organization","name":"Il Crogiuolo","url":"https:\/\/ilcrogiuolo.it\/it\/","logo":{"@type":"ImageObject","inLanguage":"it-IT","@id":"https:\/\/ilcrogiuolo.it\/it\/#\/schema\/logo\/image\/","url":"https:\/\/ilcrogiuolo.it\/wp-content\/uploads\/2020\/04\/logo.png","contentUrl":"https:\/\/ilcrogiuolo.it\/wp-content\/uploads\/2020\/04\/logo.png","width":200,"height":49,"caption":"Il Crogiuolo"},"image":{"@id":"https:\/\/ilcrogiuolo.it\/it\/#\/schema\/logo\/image\/"},"sameAs":["https:\/\/www.facebook.com\/Il-Crogiuolo-681876418491758"]}]}},"_links":{"self":[{"href":"https:\/\/ilcrogiuolo.it\/it\/wp-json\/wp\/v2\/product\/5124","targetHints":{"allow":["GET"]}}],"collection":[{"href":"https:\/\/ilcrogiuolo.it\/it\/wp-json\/wp\/v2\/product"}],"about":[{"href":"https:\/\/ilcrogiuolo.it\/it\/wp-json\/wp\/v2\/types\/product"}],"wp:featuredmedia":[{"embeddable":true,"href":"https:\/\/ilcrogiuolo.it\/it\/wp-json\/wp\/v2\/media\/47516"}],"wp:attachment":[{"href":"https:\/\/ilcrogiuolo.it\/it\/wp-json\/wp\/v2\/media?parent=5124"}],"wp:term":[{"taxonomy":"product_brand","embeddable":true,"href":"https:\/\/ilcrogiuolo.it\/it\/wp-json\/wp\/v2\/product_brand?post=5124"},{"taxonomy":"product_cat","embeddable":true,"href":"https:\/\/ilcrogiuolo.it\/it\/wp-json\/wp\/v2\/product_cat?post=5124"},{"taxonomy":"product_tag","embeddable":true,"href":"https:\/\/ilcrogiuolo.it\/it\/wp-json\/wp\/v2\/product_tag?post=5124"}],"curies":[{"name":"wp","href":"https:\/\/api.w.org\/{rel}","templated":true}]}}