{"id":51066,"date":"2025-09-10T17:34:22","date_gmt":"2025-09-10T15:34:22","guid":{"rendered":"https:\/\/ilcrogiuolo.it\/?post_type=product&#038;p=51066"},"modified":"2025-09-10T17:35:56","modified_gmt":"2025-09-10T15:35:56","slug":"exu-rei-in-ginocchio-cm-15","status":"publish","type":"product","link":"https:\/\/ilcrogiuolo.it\/it\/p\/exu-rei-in-ginocchio-cm-15\/","title":{"rendered":"EXU REI IN GINOCCHIO cm 15"},"content":{"rendered":"<p>Altra versione di Ex\u00f9 Rei, raffigurato in ginocchio. L\u2019ENERGIA di questo Grande EX\u00da pu\u00f2 essere tradizionalmente usata per qualsiasi tipo di problema. Ex\u00f9 Rei \u00e8, secondo la tradizione, il Maioral, ossia il capo assoluto e in esso si muovono tutti gli Ex\u00f9s. Qualcuno ama definire Ex\u00f9 Rei come una vera e propria trinit\u00e0 dal grandissimo valore esoterico, formata da Ex\u00f9 Mor, da Sete Encruzilhadas e dal vero e proprio Maioral, sincretizzato in Ex\u00f9 Lucif\u00e9r. Questo EX\u00da molto raramente viene incorporato nei TERREIROS BRASILIANI, ma viene interpellato invece per risolvere moltissime situazioni che a volte risultano quasi miracolose con i tipici EB\u00d3 (offerte). Aiuta nelle problematiche di lavoro, danaro, riuscita personale, vincite su nemici. Altres\u00ec rimedia agli errori che spesso, per l\u2019 ignoranza di qualche MEDIUM, Operatore, etc.., possono essere fatti ai danni delle persone.<\/p>\n","protected":false},"excerpt":{"rendered":"<p>Altra versione di Ex\u00f9 Rei, raffigurato in ginocchio. L\u2019ENERGIA di questo Grande EX\u00da pu\u00f2 essere tradizionalmente usata per qualsiasi tipo&#8230;<\/p>\n","protected":false},"featured_media":51067,"template":"","meta":{"_acf_changed":false},"product_brand":[],"product_cat":[1085,1064,1297],"product_tag":[],"class_list":{"0":"post-51066","1":"product","2":"type-product","3":"status-publish","4":"has-post-thumbnail","6":"product_cat-statue-degli-orixas-exus-pomba-giras-feticci","7":"product_cat-statue-in-gesso-e-resina","8":"product_cat-statue-in-gesso-exus","10":"first","11":"instock","12":"taxable","13":"shipping-taxable","14":"purchasable","15":"product-type-simple","16":"add-to-wishlist-before_image"},"acf":[],"yoast_head":"<!-- This site is optimized with the Yoast SEO plugin v26.9 - https:\/\/yoast.com\/product\/yoast-seo-wordpress\/ -->\n<title>EXU REI IN GINOCCHIO cm 15 - Il Crogiuolo<\/title>\n<meta name=\"description\" content=\"EXU REI IN GINOCCHIO cm 15 Altra versione di Ex\u00f9 Rei, raffigurato in ginocchio. L\u2019ENERGIA di questo Grande EX\u00da pu\u00f2 essere tradizionalmente usata per qualsiasi tipo di problema. Ex\u00f9\" \/>\n<meta name=\"robots\" content=\"index, follow, max-snippet:-1, max-image-preview:large, max-video-preview:-1\" \/>\n<link rel=\"canonical\" href=\"https:\/\/ilcrogiuolo.it\/it\/p\/exu-rei-in-ginocchio-cm-15\/\" \/>\n<meta property=\"og:locale\" content=\"it_IT\" \/>\n<meta property=\"og:type\" content=\"article\" \/>\n<meta property=\"og:title\" content=\"EXU REI IN GINOCCHIO cm 15 - Il Crogiuolo\" \/>\n<meta property=\"og:description\" content=\"EXU REI IN GINOCCHIO cm 15 Altra versione di Ex\u00f9 Rei, raffigurato in ginocchio. L\u2019ENERGIA di questo Grande EX\u00da pu\u00f2 essere tradizionalmente usata per qualsiasi tipo di problema. Ex\u00f9\" \/>\n<meta property=\"og:url\" content=\"https:\/\/ilcrogiuolo.it\/it\/p\/exu-rei-in-ginocchio-cm-15\/\" \/>\n<meta property=\"og:site_name\" content=\"Il Crogiuolo\" \/>\n<meta property=\"article:publisher\" content=\"https:\/\/www.facebook.com\/Il-Crogiuolo-681876418491758\" \/>\n<meta property=\"article:modified_time\" content=\"2025-09-10T15:35:56+00:00\" \/>\n<meta property=\"og:image\" content=\"https:\/\/ilcrogiuolo.it\/wp-content\/uploads\/2025\/09\/EXU-REI.png\" \/>\n\t<meta property=\"og:image:width\" content=\"1890\" \/>\n\t<meta property=\"og:image:height\" content=\"2000\" \/>\n\t<meta property=\"og:image:type\" content=\"image\/png\" \/>\n<meta name=\"twitter:card\" content=\"summary_large_image\" \/>\n<meta name=\"twitter:label1\" content=\"Tempo di lettura stimato\" \/>\n\t<meta name=\"twitter:data1\" content=\"1 minuto\" \/>\n<script type=\"application\/ld+json\" class=\"yoast-schema-graph\">{\"@context\":\"https:\/\/schema.org\",\"@graph\":[{\"@type\":\"WebPage\",\"@id\":\"https:\/\/ilcrogiuolo.it\/it\/p\/exu-rei-in-ginocchio-cm-15\/\",\"url\":\"https:\/\/ilcrogiuolo.it\/it\/p\/exu-rei-in-ginocchio-cm-15\/\",\"name\":\"EXU REI IN GINOCCHIO cm 15 - Il Crogiuolo\",\"isPartOf\":{\"@id\":\"https:\/\/ilcrogiuolo.it\/it\/#website\"},\"primaryImageOfPage\":{\"@id\":\"https:\/\/ilcrogiuolo.it\/it\/p\/exu-rei-in-ginocchio-cm-15\/#primaryimage\"},\"image\":{\"@id\":\"https:\/\/ilcrogiuolo.it\/it\/p\/exu-rei-in-ginocchio-cm-15\/#primaryimage\"},\"thumbnailUrl\":\"https:\/\/ilcrogiuolo.it\/wp-content\/uploads\/2025\/09\/EXU-REI.png\",\"datePublished\":\"2025-09-10T15:34:22+00:00\",\"dateModified\":\"2025-09-10T15:35:56+00:00\",\"description\":\"EXU REI IN GINOCCHIO cm 15 Altra versione di Ex\u00f9 Rei, raffigurato in ginocchio. L\u2019ENERGIA di questo Grande EX\u00da pu\u00f2 essere tradizionalmente usata per qualsiasi tipo di problema. Ex\u00f9\",\"breadcrumb\":{\"@id\":\"https:\/\/ilcrogiuolo.it\/it\/p\/exu-rei-in-ginocchio-cm-15\/#breadcrumb\"},\"inLanguage\":\"it-IT\",\"potentialAction\":[{\"@type\":\"ReadAction\",\"target\":[\"https:\/\/ilcrogiuolo.it\/it\/p\/exu-rei-in-ginocchio-cm-15\/\"]}]},{\"@type\":\"ImageObject\",\"inLanguage\":\"it-IT\",\"@id\":\"https:\/\/ilcrogiuolo.it\/it\/p\/exu-rei-in-ginocchio-cm-15\/#primaryimage\",\"url\":\"https:\/\/ilcrogiuolo.it\/wp-content\/uploads\/2025\/09\/EXU-REI.png\",\"contentUrl\":\"https:\/\/ilcrogiuolo.it\/wp-content\/uploads\/2025\/09\/EXU-REI.png\",\"width\":1890,\"height\":2000},{\"@type\":\"BreadcrumbList\",\"@id\":\"https:\/\/ilcrogiuolo.it\/it\/p\/exu-rei-in-ginocchio-cm-15\/#breadcrumb\",\"itemListElement\":[{\"@type\":\"ListItem\",\"position\":1,\"name\":\"Home\",\"item\":\"https:\/\/ilcrogiuolo.it\/it\/\"},{\"@type\":\"ListItem\",\"position\":2,\"name\":\"Shop\",\"item\":\"https:\/\/ilcrogiuolo.it\/it\/negozio\/\"},{\"@type\":\"ListItem\",\"position\":3,\"name\":\"EXU REI IN GINOCCHIO cm 15\"}]},{\"@type\":\"WebSite\",\"@id\":\"https:\/\/ilcrogiuolo.it\/it\/#website\",\"url\":\"https:\/\/ilcrogiuolo.it\/it\/\",\"name\":\"Il Crogiuolo\",\"description\":\"\",\"publisher\":{\"@id\":\"https:\/\/ilcrogiuolo.it\/it\/#organization\"},\"potentialAction\":[{\"@type\":\"SearchAction\",\"target\":{\"@type\":\"EntryPoint\",\"urlTemplate\":\"https:\/\/ilcrogiuolo.it\/it\/?s={search_term_string}\"},\"query-input\":{\"@type\":\"PropertyValueSpecification\",\"valueRequired\":true,\"valueName\":\"search_term_string\"}}],\"inLanguage\":\"it-IT\"},{\"@type\":\"Organization\",\"@id\":\"https:\/\/ilcrogiuolo.it\/it\/#organization\",\"name\":\"Il Crogiuolo\",\"url\":\"https:\/\/ilcrogiuolo.it\/it\/\",\"logo\":{\"@type\":\"ImageObject\",\"inLanguage\":\"it-IT\",\"@id\":\"https:\/\/ilcrogiuolo.it\/it\/#\/schema\/logo\/image\/\",\"url\":\"https:\/\/ilcrogiuolo.it\/wp-content\/uploads\/2020\/04\/logo.png\",\"contentUrl\":\"https:\/\/ilcrogiuolo.it\/wp-content\/uploads\/2020\/04\/logo.png\",\"width\":200,\"height\":49,\"caption\":\"Il Crogiuolo\"},\"image\":{\"@id\":\"https:\/\/ilcrogiuolo.it\/it\/#\/schema\/logo\/image\/\"},\"sameAs\":[\"https:\/\/www.facebook.com\/Il-Crogiuolo-681876418491758\"]}]}<\/script>\n<!-- \/ Yoast SEO plugin. -->","yoast_head_json":{"title":"EXU REI IN GINOCCHIO cm 15 - Il Crogiuolo","description":"EXU REI IN GINOCCHIO cm 15 Altra versione di Ex\u00f9 Rei, raffigurato in ginocchio. L\u2019ENERGIA di questo Grande EX\u00da pu\u00f2 essere tradizionalmente usata per qualsiasi tipo di problema. Ex\u00f9","robots":{"index":"index","follow":"follow","max-snippet":"max-snippet:-1","max-image-preview":"max-image-preview:large","max-video-preview":"max-video-preview:-1"},"canonical":"https:\/\/ilcrogiuolo.it\/it\/p\/exu-rei-in-ginocchio-cm-15\/","og_locale":"it_IT","og_type":"article","og_title":"EXU REI IN GINOCCHIO cm 15 - Il Crogiuolo","og_description":"EXU REI IN GINOCCHIO cm 15 Altra versione di Ex\u00f9 Rei, raffigurato in ginocchio. L\u2019ENERGIA di questo Grande EX\u00da pu\u00f2 essere tradizionalmente usata per qualsiasi tipo di problema. Ex\u00f9","og_url":"https:\/\/ilcrogiuolo.it\/it\/p\/exu-rei-in-ginocchio-cm-15\/","og_site_name":"Il Crogiuolo","article_publisher":"https:\/\/www.facebook.com\/Il-Crogiuolo-681876418491758","article_modified_time":"2025-09-10T15:35:56+00:00","og_image":[{"width":1890,"height":2000,"url":"https:\/\/ilcrogiuolo.it\/wp-content\/uploads\/2025\/09\/EXU-REI.png","type":"image\/png"}],"twitter_card":"summary_large_image","twitter_misc":{"Tempo di lettura stimato":"1 minuto"},"schema":{"@context":"https:\/\/schema.org","@graph":[{"@type":"WebPage","@id":"https:\/\/ilcrogiuolo.it\/it\/p\/exu-rei-in-ginocchio-cm-15\/","url":"https:\/\/ilcrogiuolo.it\/it\/p\/exu-rei-in-ginocchio-cm-15\/","name":"EXU REI IN GINOCCHIO cm 15 - Il Crogiuolo","isPartOf":{"@id":"https:\/\/ilcrogiuolo.it\/it\/#website"},"primaryImageOfPage":{"@id":"https:\/\/ilcrogiuolo.it\/it\/p\/exu-rei-in-ginocchio-cm-15\/#primaryimage"},"image":{"@id":"https:\/\/ilcrogiuolo.it\/it\/p\/exu-rei-in-ginocchio-cm-15\/#primaryimage"},"thumbnailUrl":"https:\/\/ilcrogiuolo.it\/wp-content\/uploads\/2025\/09\/EXU-REI.png","datePublished":"2025-09-10T15:34:22+00:00","dateModified":"2025-09-10T15:35:56+00:00","description":"EXU REI IN GINOCCHIO cm 15 Altra versione di Ex\u00f9 Rei, raffigurato in ginocchio. L\u2019ENERGIA di questo Grande EX\u00da pu\u00f2 essere tradizionalmente usata per qualsiasi tipo di problema. Ex\u00f9","breadcrumb":{"@id":"https:\/\/ilcrogiuolo.it\/it\/p\/exu-rei-in-ginocchio-cm-15\/#breadcrumb"},"inLanguage":"it-IT","potentialAction":[{"@type":"ReadAction","target":["https:\/\/ilcrogiuolo.it\/it\/p\/exu-rei-in-ginocchio-cm-15\/"]}]},{"@type":"ImageObject","inLanguage":"it-IT","@id":"https:\/\/ilcrogiuolo.it\/it\/p\/exu-rei-in-ginocchio-cm-15\/#primaryimage","url":"https:\/\/ilcrogiuolo.it\/wp-content\/uploads\/2025\/09\/EXU-REI.png","contentUrl":"https:\/\/ilcrogiuolo.it\/wp-content\/uploads\/2025\/09\/EXU-REI.png","width":1890,"height":2000},{"@type":"BreadcrumbList","@id":"https:\/\/ilcrogiuolo.it\/it\/p\/exu-rei-in-ginocchio-cm-15\/#breadcrumb","itemListElement":[{"@type":"ListItem","position":1,"name":"Home","item":"https:\/\/ilcrogiuolo.it\/it\/"},{"@type":"ListItem","position":2,"name":"Shop","item":"https:\/\/ilcrogiuolo.it\/it\/negozio\/"},{"@type":"ListItem","position":3,"name":"EXU REI IN GINOCCHIO cm 15"}]},{"@type":"WebSite","@id":"https:\/\/ilcrogiuolo.it\/it\/#website","url":"https:\/\/ilcrogiuolo.it\/it\/","name":"Il Crogiuolo","description":"","publisher":{"@id":"https:\/\/ilcrogiuolo.it\/it\/#organization"},"potentialAction":[{"@type":"SearchAction","target":{"@type":"EntryPoint","urlTemplate":"https:\/\/ilcrogiuolo.it\/it\/?s={search_term_string}"},"query-input":{"@type":"PropertyValueSpecification","valueRequired":true,"valueName":"search_term_string"}}],"inLanguage":"it-IT"},{"@type":"Organization","@id":"https:\/\/ilcrogiuolo.it\/it\/#organization","name":"Il Crogiuolo","url":"https:\/\/ilcrogiuolo.it\/it\/","logo":{"@type":"ImageObject","inLanguage":"it-IT","@id":"https:\/\/ilcrogiuolo.it\/it\/#\/schema\/logo\/image\/","url":"https:\/\/ilcrogiuolo.it\/wp-content\/uploads\/2020\/04\/logo.png","contentUrl":"https:\/\/ilcrogiuolo.it\/wp-content\/uploads\/2020\/04\/logo.png","width":200,"height":49,"caption":"Il Crogiuolo"},"image":{"@id":"https:\/\/ilcrogiuolo.it\/it\/#\/schema\/logo\/image\/"},"sameAs":["https:\/\/www.facebook.com\/Il-Crogiuolo-681876418491758"]}]}},"_links":{"self":[{"href":"https:\/\/ilcrogiuolo.it\/it\/wp-json\/wp\/v2\/product\/51066","targetHints":{"allow":["GET"]}}],"collection":[{"href":"https:\/\/ilcrogiuolo.it\/it\/wp-json\/wp\/v2\/product"}],"about":[{"href":"https:\/\/ilcrogiuolo.it\/it\/wp-json\/wp\/v2\/types\/product"}],"wp:featuredmedia":[{"embeddable":true,"href":"https:\/\/ilcrogiuolo.it\/it\/wp-json\/wp\/v2\/media\/51067"}],"wp:attachment":[{"href":"https:\/\/ilcrogiuolo.it\/it\/wp-json\/wp\/v2\/media?parent=51066"}],"wp:term":[{"taxonomy":"product_brand","embeddable":true,"href":"https:\/\/ilcrogiuolo.it\/it\/wp-json\/wp\/v2\/product_brand?post=51066"},{"taxonomy":"product_cat","embeddable":true,"href":"https:\/\/ilcrogiuolo.it\/it\/wp-json\/wp\/v2\/product_cat?post=51066"},{"taxonomy":"product_tag","embeddable":true,"href":"https:\/\/ilcrogiuolo.it\/it\/wp-json\/wp\/v2\/product_tag?post=51066"}],"curies":[{"name":"wp","href":"https:\/\/api.w.org\/{rel}","templated":true}]}}