{"id":5079,"date":"2020-01-14T17:10:08","date_gmt":"2020-01-14T16:10:08","guid":{"rendered":"https:\/\/ilcrogiuolo.it\/p\/candela-machado-scure-di-xango-di-colore-nero-cm-16\/"},"modified":"2020-12-10T13:52:50","modified_gmt":"2020-12-10T12:52:50","slug":"candela-machado-scure-di-xango-di-colore-nero-cm-16","status":"publish","type":"product","link":"https:\/\/ilcrogiuolo.it\/it\/p\/candela-machado-scure-di-xango-di-colore-nero-cm-16\/","title":{"rendered":"CANDELA MACHADO (SCURE) DI XANGO DI COLORE NERO CM 16"},"content":{"rendered":"<p class=\"MsoNormal\" style=\"margin: 0cm 0cm 0pt;\">Nella tradizione afrobrasiliana la scure, \u00e8 risaputo, \u00e8 una delle armi di Xang\u00f2, gli si offre dunque questa candela quando si desidera spezzare ogni tipo di ostacolo burocratico, per favorire il successo e per rompere gli ostacoli. La versione nera si impiega invece contro i nemici. Nella magia simpatica questa candela (rossa) si utilizza per rompere gli ostacoli, per avanzare, per trionfare\u2026oppure (nera) per portare bancarotta, provocare fallimenti, separazione\u2026 Come tutte le candele figurate va associata a polveri, olii o erbe che ne indirizzino il proposito.<\/p>\n","protected":false},"excerpt":{"rendered":"<p>Nella tradizione afrobrasiliana la scure, \u00e8 risaputo, \u00e8 una delle armi di Xang\u00f2, gli si offre dunque questa candela quando&#8230;<\/p>\n","protected":false},"featured_media":5080,"template":"","meta":{"_acf_changed":false},"product_brand":[],"product_cat":[1083,1059,1293],"product_tag":[],"class_list":{"0":"post-5079","1":"product","2":"type-product","3":"status-publish","4":"has-post-thumbnail","6":"product_cat-cereria-esoterica-candele-da-altare","7":"product_cat-articoli-esoterici","8":"product_cat-statue-brasiliane-in-cera","10":"first","11":"instock","12":"taxable","13":"shipping-taxable","14":"purchasable","15":"product-type-simple","16":"add-to-wishlist-before_image"},"acf":[],"yoast_head":"<!-- This site is optimized with the Yoast SEO plugin v26.9 - https:\/\/yoast.com\/product\/yoast-seo-wordpress\/ -->\n<title>CANDELA MACHADO (SCURE) DI XANGO DI COLORE NERO CM 16 - Il Crogiuolo<\/title>\n<meta name=\"description\" content=\"CANDELA MACHADO (SCURE) DI XANGO DI COLORE NERO CM 16 Nella tradizione afrobrasiliana la scure, \u00e8 risaputo, \u00e8 una delle armi di Xang\u00f2, gli si offre dunque questa candela quando si desidera spezzare ogni tipo\" \/>\n<meta name=\"robots\" content=\"index, follow, max-snippet:-1, max-image-preview:large, max-video-preview:-1\" \/>\n<link rel=\"canonical\" href=\"https:\/\/ilcrogiuolo.it\/it\/p\/candela-machado-scure-di-xango-di-colore-nero-cm-16\/\" \/>\n<meta property=\"og:locale\" content=\"it_IT\" \/>\n<meta property=\"og:type\" content=\"article\" \/>\n<meta property=\"og:title\" content=\"CANDELA MACHADO (SCURE) DI XANGO DI COLORE NERO CM 16 - Il Crogiuolo\" \/>\n<meta property=\"og:description\" content=\"CANDELA MACHADO (SCURE) DI XANGO DI COLORE NERO CM 16 Nella tradizione afrobrasiliana la scure, \u00e8 risaputo, \u00e8 una delle armi di Xang\u00f2, gli si offre dunque questa candela quando si desidera spezzare ogni tipo\" \/>\n<meta property=\"og:url\" content=\"https:\/\/ilcrogiuolo.it\/it\/p\/candela-machado-scure-di-xango-di-colore-nero-cm-16\/\" \/>\n<meta property=\"og:site_name\" content=\"Il Crogiuolo\" \/>\n<meta property=\"article:publisher\" content=\"https:\/\/www.facebook.com\/Il-Crogiuolo-681876418491758\" \/>\n<meta property=\"article:modified_time\" content=\"2020-12-10T12:52:50+00:00\" \/>\n<meta property=\"og:image\" content=\"https:\/\/ilcrogiuolo.it\/wp-content\/uploads\/2020\/01\/asciaxangomachadocandelavela_9546647.jpg\" \/>\n\t<meta property=\"og:image:width\" content=\"627\" \/>\n\t<meta property=\"og:image:height\" content=\"600\" \/>\n\t<meta property=\"og:image:type\" content=\"image\/jpeg\" \/>\n<meta name=\"twitter:card\" content=\"summary_large_image\" \/>\n<script type=\"application\/ld+json\" class=\"yoast-schema-graph\">{\"@context\":\"https:\/\/schema.org\",\"@graph\":[{\"@type\":\"WebPage\",\"@id\":\"https:\/\/ilcrogiuolo.it\/it\/p\/candela-machado-scure-di-xango-di-colore-nero-cm-16\/\",\"url\":\"https:\/\/ilcrogiuolo.it\/it\/p\/candela-machado-scure-di-xango-di-colore-nero-cm-16\/\",\"name\":\"CANDELA MACHADO (SCURE) DI XANGO DI COLORE NERO CM 16 - Il Crogiuolo\",\"isPartOf\":{\"@id\":\"https:\/\/ilcrogiuolo.it\/it\/#website\"},\"primaryImageOfPage\":{\"@id\":\"https:\/\/ilcrogiuolo.it\/it\/p\/candela-machado-scure-di-xango-di-colore-nero-cm-16\/#primaryimage\"},\"image\":{\"@id\":\"https:\/\/ilcrogiuolo.it\/it\/p\/candela-machado-scure-di-xango-di-colore-nero-cm-16\/#primaryimage\"},\"thumbnailUrl\":\"https:\/\/ilcrogiuolo.it\/wp-content\/uploads\/2020\/01\/asciaxangomachadocandelavela_9546647.jpg\",\"datePublished\":\"2020-01-14T16:10:08+00:00\",\"dateModified\":\"2020-12-10T12:52:50+00:00\",\"description\":\"CANDELA MACHADO (SCURE) DI XANGO DI COLORE NERO CM 16 Nella tradizione afrobrasiliana la scure, \u00e8 risaputo, \u00e8 una delle armi di Xang\u00f2, gli si offre dunque questa candela quando si desidera spezzare ogni tipo\",\"breadcrumb\":{\"@id\":\"https:\/\/ilcrogiuolo.it\/it\/p\/candela-machado-scure-di-xango-di-colore-nero-cm-16\/#breadcrumb\"},\"inLanguage\":\"it-IT\",\"potentialAction\":[{\"@type\":\"ReadAction\",\"target\":[\"https:\/\/ilcrogiuolo.it\/it\/p\/candela-machado-scure-di-xango-di-colore-nero-cm-16\/\"]}]},{\"@type\":\"ImageObject\",\"inLanguage\":\"it-IT\",\"@id\":\"https:\/\/ilcrogiuolo.it\/it\/p\/candela-machado-scure-di-xango-di-colore-nero-cm-16\/#primaryimage\",\"url\":\"https:\/\/ilcrogiuolo.it\/wp-content\/uploads\/2020\/01\/asciaxangomachadocandelavela_9546647.jpg\",\"contentUrl\":\"https:\/\/ilcrogiuolo.it\/wp-content\/uploads\/2020\/01\/asciaxangomachadocandelavela_9546647.jpg\",\"width\":627,\"height\":600},{\"@type\":\"BreadcrumbList\",\"@id\":\"https:\/\/ilcrogiuolo.it\/it\/p\/candela-machado-scure-di-xango-di-colore-nero-cm-16\/#breadcrumb\",\"itemListElement\":[{\"@type\":\"ListItem\",\"position\":1,\"name\":\"Home\",\"item\":\"https:\/\/ilcrogiuolo.it\/it\/\"},{\"@type\":\"ListItem\",\"position\":2,\"name\":\"Shop\",\"item\":\"https:\/\/ilcrogiuolo.it\/it\/negozio\/\"},{\"@type\":\"ListItem\",\"position\":3,\"name\":\"CANDELA MACHADO (SCURE) DI XANGO DI COLORE NERO CM 16\"}]},{\"@type\":\"WebSite\",\"@id\":\"https:\/\/ilcrogiuolo.it\/it\/#website\",\"url\":\"https:\/\/ilcrogiuolo.it\/it\/\",\"name\":\"Il Crogiuolo\",\"description\":\"\",\"publisher\":{\"@id\":\"https:\/\/ilcrogiuolo.it\/it\/#organization\"},\"potentialAction\":[{\"@type\":\"SearchAction\",\"target\":{\"@type\":\"EntryPoint\",\"urlTemplate\":\"https:\/\/ilcrogiuolo.it\/it\/?s={search_term_string}\"},\"query-input\":{\"@type\":\"PropertyValueSpecification\",\"valueRequired\":true,\"valueName\":\"search_term_string\"}}],\"inLanguage\":\"it-IT\"},{\"@type\":\"Organization\",\"@id\":\"https:\/\/ilcrogiuolo.it\/it\/#organization\",\"name\":\"Il Crogiuolo\",\"url\":\"https:\/\/ilcrogiuolo.it\/it\/\",\"logo\":{\"@type\":\"ImageObject\",\"inLanguage\":\"it-IT\",\"@id\":\"https:\/\/ilcrogiuolo.it\/it\/#\/schema\/logo\/image\/\",\"url\":\"https:\/\/ilcrogiuolo.it\/wp-content\/uploads\/2020\/04\/logo.png\",\"contentUrl\":\"https:\/\/ilcrogiuolo.it\/wp-content\/uploads\/2020\/04\/logo.png\",\"width\":200,\"height\":49,\"caption\":\"Il Crogiuolo\"},\"image\":{\"@id\":\"https:\/\/ilcrogiuolo.it\/it\/#\/schema\/logo\/image\/\"},\"sameAs\":[\"https:\/\/www.facebook.com\/Il-Crogiuolo-681876418491758\"]}]}<\/script>\n<!-- \/ Yoast SEO plugin. -->","yoast_head_json":{"title":"CANDELA MACHADO (SCURE) DI XANGO DI COLORE NERO CM 16 - Il Crogiuolo","description":"CANDELA MACHADO (SCURE) DI XANGO DI COLORE NERO CM 16 Nella tradizione afrobrasiliana la scure, \u00e8 risaputo, \u00e8 una delle armi di Xang\u00f2, gli si offre dunque questa candela quando si desidera spezzare ogni tipo","robots":{"index":"index","follow":"follow","max-snippet":"max-snippet:-1","max-image-preview":"max-image-preview:large","max-video-preview":"max-video-preview:-1"},"canonical":"https:\/\/ilcrogiuolo.it\/it\/p\/candela-machado-scure-di-xango-di-colore-nero-cm-16\/","og_locale":"it_IT","og_type":"article","og_title":"CANDELA MACHADO (SCURE) DI XANGO DI COLORE NERO CM 16 - Il Crogiuolo","og_description":"CANDELA MACHADO (SCURE) DI XANGO DI COLORE NERO CM 16 Nella tradizione afrobrasiliana la scure, \u00e8 risaputo, \u00e8 una delle armi di Xang\u00f2, gli si offre dunque questa candela quando si desidera spezzare ogni tipo","og_url":"https:\/\/ilcrogiuolo.it\/it\/p\/candela-machado-scure-di-xango-di-colore-nero-cm-16\/","og_site_name":"Il Crogiuolo","article_publisher":"https:\/\/www.facebook.com\/Il-Crogiuolo-681876418491758","article_modified_time":"2020-12-10T12:52:50+00:00","og_image":[{"width":627,"height":600,"url":"https:\/\/ilcrogiuolo.it\/wp-content\/uploads\/2020\/01\/asciaxangomachadocandelavela_9546647.jpg","type":"image\/jpeg"}],"twitter_card":"summary_large_image","schema":{"@context":"https:\/\/schema.org","@graph":[{"@type":"WebPage","@id":"https:\/\/ilcrogiuolo.it\/it\/p\/candela-machado-scure-di-xango-di-colore-nero-cm-16\/","url":"https:\/\/ilcrogiuolo.it\/it\/p\/candela-machado-scure-di-xango-di-colore-nero-cm-16\/","name":"CANDELA MACHADO (SCURE) DI XANGO DI COLORE NERO CM 16 - Il Crogiuolo","isPartOf":{"@id":"https:\/\/ilcrogiuolo.it\/it\/#website"},"primaryImageOfPage":{"@id":"https:\/\/ilcrogiuolo.it\/it\/p\/candela-machado-scure-di-xango-di-colore-nero-cm-16\/#primaryimage"},"image":{"@id":"https:\/\/ilcrogiuolo.it\/it\/p\/candela-machado-scure-di-xango-di-colore-nero-cm-16\/#primaryimage"},"thumbnailUrl":"https:\/\/ilcrogiuolo.it\/wp-content\/uploads\/2020\/01\/asciaxangomachadocandelavela_9546647.jpg","datePublished":"2020-01-14T16:10:08+00:00","dateModified":"2020-12-10T12:52:50+00:00","description":"CANDELA MACHADO (SCURE) DI XANGO DI COLORE NERO CM 16 Nella tradizione afrobrasiliana la scure, \u00e8 risaputo, \u00e8 una delle armi di Xang\u00f2, gli si offre dunque questa candela quando si desidera spezzare ogni tipo","breadcrumb":{"@id":"https:\/\/ilcrogiuolo.it\/it\/p\/candela-machado-scure-di-xango-di-colore-nero-cm-16\/#breadcrumb"},"inLanguage":"it-IT","potentialAction":[{"@type":"ReadAction","target":["https:\/\/ilcrogiuolo.it\/it\/p\/candela-machado-scure-di-xango-di-colore-nero-cm-16\/"]}]},{"@type":"ImageObject","inLanguage":"it-IT","@id":"https:\/\/ilcrogiuolo.it\/it\/p\/candela-machado-scure-di-xango-di-colore-nero-cm-16\/#primaryimage","url":"https:\/\/ilcrogiuolo.it\/wp-content\/uploads\/2020\/01\/asciaxangomachadocandelavela_9546647.jpg","contentUrl":"https:\/\/ilcrogiuolo.it\/wp-content\/uploads\/2020\/01\/asciaxangomachadocandelavela_9546647.jpg","width":627,"height":600},{"@type":"BreadcrumbList","@id":"https:\/\/ilcrogiuolo.it\/it\/p\/candela-machado-scure-di-xango-di-colore-nero-cm-16\/#breadcrumb","itemListElement":[{"@type":"ListItem","position":1,"name":"Home","item":"https:\/\/ilcrogiuolo.it\/it\/"},{"@type":"ListItem","position":2,"name":"Shop","item":"https:\/\/ilcrogiuolo.it\/it\/negozio\/"},{"@type":"ListItem","position":3,"name":"CANDELA MACHADO (SCURE) DI XANGO DI COLORE NERO CM 16"}]},{"@type":"WebSite","@id":"https:\/\/ilcrogiuolo.it\/it\/#website","url":"https:\/\/ilcrogiuolo.it\/it\/","name":"Il Crogiuolo","description":"","publisher":{"@id":"https:\/\/ilcrogiuolo.it\/it\/#organization"},"potentialAction":[{"@type":"SearchAction","target":{"@type":"EntryPoint","urlTemplate":"https:\/\/ilcrogiuolo.it\/it\/?s={search_term_string}"},"query-input":{"@type":"PropertyValueSpecification","valueRequired":true,"valueName":"search_term_string"}}],"inLanguage":"it-IT"},{"@type":"Organization","@id":"https:\/\/ilcrogiuolo.it\/it\/#organization","name":"Il Crogiuolo","url":"https:\/\/ilcrogiuolo.it\/it\/","logo":{"@type":"ImageObject","inLanguage":"it-IT","@id":"https:\/\/ilcrogiuolo.it\/it\/#\/schema\/logo\/image\/","url":"https:\/\/ilcrogiuolo.it\/wp-content\/uploads\/2020\/04\/logo.png","contentUrl":"https:\/\/ilcrogiuolo.it\/wp-content\/uploads\/2020\/04\/logo.png","width":200,"height":49,"caption":"Il Crogiuolo"},"image":{"@id":"https:\/\/ilcrogiuolo.it\/it\/#\/schema\/logo\/image\/"},"sameAs":["https:\/\/www.facebook.com\/Il-Crogiuolo-681876418491758"]}]}},"_links":{"self":[{"href":"https:\/\/ilcrogiuolo.it\/it\/wp-json\/wp\/v2\/product\/5079","targetHints":{"allow":["GET"]}}],"collection":[{"href":"https:\/\/ilcrogiuolo.it\/it\/wp-json\/wp\/v2\/product"}],"about":[{"href":"https:\/\/ilcrogiuolo.it\/it\/wp-json\/wp\/v2\/types\/product"}],"wp:featuredmedia":[{"embeddable":true,"href":"https:\/\/ilcrogiuolo.it\/it\/wp-json\/wp\/v2\/media\/5080"}],"wp:attachment":[{"href":"https:\/\/ilcrogiuolo.it\/it\/wp-json\/wp\/v2\/media?parent=5079"}],"wp:term":[{"taxonomy":"product_brand","embeddable":true,"href":"https:\/\/ilcrogiuolo.it\/it\/wp-json\/wp\/v2\/product_brand?post=5079"},{"taxonomy":"product_cat","embeddable":true,"href":"https:\/\/ilcrogiuolo.it\/it\/wp-json\/wp\/v2\/product_cat?post=5079"},{"taxonomy":"product_tag","embeddable":true,"href":"https:\/\/ilcrogiuolo.it\/it\/wp-json\/wp\/v2\/product_tag?post=5079"}],"curies":[{"name":"wp","href":"https:\/\/api.w.org\/{rel}","templated":true}]}}