{"id":5046,"date":"2020-01-14T17:10:02","date_gmt":"2020-01-14T16:10:02","guid":{"rendered":"https:\/\/ilcrogiuolo.it\/p\/candela-di-exu-viramundo-di-colore-rosso-cm-19\/"},"modified":"2022-06-08T16:36:22","modified_gmt":"2022-06-08T14:36:22","slug":"candela-di-exu-viramundo-di-colore-rosso-cm-19","status":"publish","type":"product","link":"https:\/\/ilcrogiuolo.it\/it\/p\/candela-di-exu-viramundo-di-colore-rosso-cm-19\/","title":{"rendered":"CANDELA DI EXU VIRAMUNDO DI COLORE ROSSO CM 19"},"content":{"rendered":"<p>Il simbolo della spirale da sempre viene impiegato nella magia per promuovere un\u2019evoluzione o, al contrario, per creare un\u2019involuzione. Questo cero viene impiegato soprattutto nella Quimbanda, nella falange di Ex\u00f9. In colore rosso si utilizza con finalit\u00e0 positiva, mentre in nero con finalit\u00e0 negativa, per rovesciare lo stato delle cose portando una situazione di inerzia e di contrasto. Compare all\u2019interno di vere e proprie ritualistiche dedicate all\u2019omonima entit\u00e0 Ex\u00f9 Viramundo, rappresentando il sigillo rituale di questa entit\u00e0.<\/p>\n","protected":false},"excerpt":{"rendered":"<p>Il simbolo della spirale da sempre viene impiegato nella magia per promuovere un\u2019evoluzione o, al contrario, per creare un\u2019involuzione. Questo&#8230;<\/p>\n","protected":false},"featured_media":37542,"template":"","meta":{"_acf_changed":false},"product_brand":[],"product_cat":[1083,1059,1293],"product_tag":[],"class_list":{"0":"post-5046","1":"product","2":"type-product","3":"status-publish","4":"has-post-thumbnail","6":"product_cat-cereria-esoterica-candele-da-altare","7":"product_cat-articoli-esoterici","8":"product_cat-statue-brasiliane-in-cera","10":"first","11":"instock","12":"taxable","13":"shipping-taxable","14":"purchasable","15":"product-type-simple","16":"add-to-wishlist-before_image"},"acf":[],"yoast_head":"<!-- This site is optimized with the Yoast SEO plugin v26.9 - https:\/\/yoast.com\/product\/yoast-seo-wordpress\/ -->\n<title>CANDELA DI EXU VIRAMUNDO DI COLORE ROSSO CM 19 - Il Crogiuolo<\/title>\n<meta name=\"description\" content=\"CANDELA DI EXU VIRAMUNDO DI COLORE ROSSO CM 19 Il simbolo della spirale da sempre viene impiegato nella magia per promuovere un\u2019evoluzione o, al contrario, per creare un\u2019involuzione. Questo cero viene\" \/>\n<meta name=\"robots\" content=\"index, follow, max-snippet:-1, max-image-preview:large, max-video-preview:-1\" \/>\n<link rel=\"canonical\" href=\"https:\/\/ilcrogiuolo.it\/it\/p\/candela-di-exu-viramundo-di-colore-rosso-cm-19\/\" \/>\n<meta property=\"og:locale\" content=\"it_IT\" \/>\n<meta property=\"og:type\" content=\"article\" \/>\n<meta property=\"og:title\" content=\"CANDELA DI EXU VIRAMUNDO DI COLORE ROSSO CM 19 - Il Crogiuolo\" \/>\n<meta property=\"og:description\" content=\"CANDELA DI EXU VIRAMUNDO DI COLORE ROSSO CM 19 Il simbolo della spirale da sempre viene impiegato nella magia per promuovere un\u2019evoluzione o, al contrario, per creare un\u2019involuzione. Questo cero viene\" \/>\n<meta property=\"og:url\" content=\"https:\/\/ilcrogiuolo.it\/it\/p\/candela-di-exu-viramundo-di-colore-rosso-cm-19\/\" \/>\n<meta property=\"og:site_name\" content=\"Il Crogiuolo\" \/>\n<meta property=\"article:publisher\" content=\"https:\/\/www.facebook.com\/Il-Crogiuolo-681876418491758\" \/>\n<meta property=\"article:modified_time\" content=\"2022-06-08T14:36:22+00:00\" \/>\n<meta property=\"og:image\" content=\"https:\/\/ilcrogiuolo.it\/wp-content\/uploads\/2020\/01\/DSC_3842_CARACOL-VERMELHO.png\" \/>\n\t<meta property=\"og:image:width\" content=\"600\" \/>\n\t<meta property=\"og:image:height\" content=\"600\" \/>\n\t<meta property=\"og:image:type\" content=\"image\/png\" \/>\n<meta name=\"twitter:card\" content=\"summary_large_image\" \/>\n<script type=\"application\/ld+json\" class=\"yoast-schema-graph\">{\"@context\":\"https:\/\/schema.org\",\"@graph\":[{\"@type\":\"WebPage\",\"@id\":\"https:\/\/ilcrogiuolo.it\/it\/p\/candela-di-exu-viramundo-di-colore-rosso-cm-19\/\",\"url\":\"https:\/\/ilcrogiuolo.it\/it\/p\/candela-di-exu-viramundo-di-colore-rosso-cm-19\/\",\"name\":\"CANDELA DI EXU VIRAMUNDO DI COLORE ROSSO CM 19 - Il Crogiuolo\",\"isPartOf\":{\"@id\":\"https:\/\/ilcrogiuolo.it\/it\/#website\"},\"primaryImageOfPage\":{\"@id\":\"https:\/\/ilcrogiuolo.it\/it\/p\/candela-di-exu-viramundo-di-colore-rosso-cm-19\/#primaryimage\"},\"image\":{\"@id\":\"https:\/\/ilcrogiuolo.it\/it\/p\/candela-di-exu-viramundo-di-colore-rosso-cm-19\/#primaryimage\"},\"thumbnailUrl\":\"https:\/\/ilcrogiuolo.it\/wp-content\/uploads\/2020\/01\/DSC_3842_CARACOL-VERMELHO.png\",\"datePublished\":\"2020-01-14T16:10:02+00:00\",\"dateModified\":\"2022-06-08T14:36:22+00:00\",\"description\":\"CANDELA DI EXU VIRAMUNDO DI COLORE ROSSO CM 19 Il simbolo della spirale da sempre viene impiegato nella magia per promuovere un\u2019evoluzione o, al contrario, per creare un\u2019involuzione. Questo cero viene\",\"breadcrumb\":{\"@id\":\"https:\/\/ilcrogiuolo.it\/it\/p\/candela-di-exu-viramundo-di-colore-rosso-cm-19\/#breadcrumb\"},\"inLanguage\":\"it-IT\",\"potentialAction\":[{\"@type\":\"ReadAction\",\"target\":[\"https:\/\/ilcrogiuolo.it\/it\/p\/candela-di-exu-viramundo-di-colore-rosso-cm-19\/\"]}]},{\"@type\":\"ImageObject\",\"inLanguage\":\"it-IT\",\"@id\":\"https:\/\/ilcrogiuolo.it\/it\/p\/candela-di-exu-viramundo-di-colore-rosso-cm-19\/#primaryimage\",\"url\":\"https:\/\/ilcrogiuolo.it\/wp-content\/uploads\/2020\/01\/DSC_3842_CARACOL-VERMELHO.png\",\"contentUrl\":\"https:\/\/ilcrogiuolo.it\/wp-content\/uploads\/2020\/01\/DSC_3842_CARACOL-VERMELHO.png\",\"width\":600,\"height\":600},{\"@type\":\"BreadcrumbList\",\"@id\":\"https:\/\/ilcrogiuolo.it\/it\/p\/candela-di-exu-viramundo-di-colore-rosso-cm-19\/#breadcrumb\",\"itemListElement\":[{\"@type\":\"ListItem\",\"position\":1,\"name\":\"Home\",\"item\":\"https:\/\/ilcrogiuolo.it\/it\/\"},{\"@type\":\"ListItem\",\"position\":2,\"name\":\"Shop\",\"item\":\"https:\/\/ilcrogiuolo.it\/it\/negozio\/\"},{\"@type\":\"ListItem\",\"position\":3,\"name\":\"CANDELA DI EXU VIRAMUNDO DI COLORE ROSSO CM 19\"}]},{\"@type\":\"WebSite\",\"@id\":\"https:\/\/ilcrogiuolo.it\/it\/#website\",\"url\":\"https:\/\/ilcrogiuolo.it\/it\/\",\"name\":\"Il Crogiuolo\",\"description\":\"\",\"publisher\":{\"@id\":\"https:\/\/ilcrogiuolo.it\/it\/#organization\"},\"potentialAction\":[{\"@type\":\"SearchAction\",\"target\":{\"@type\":\"EntryPoint\",\"urlTemplate\":\"https:\/\/ilcrogiuolo.it\/it\/?s={search_term_string}\"},\"query-input\":{\"@type\":\"PropertyValueSpecification\",\"valueRequired\":true,\"valueName\":\"search_term_string\"}}],\"inLanguage\":\"it-IT\"},{\"@type\":\"Organization\",\"@id\":\"https:\/\/ilcrogiuolo.it\/it\/#organization\",\"name\":\"Il Crogiuolo\",\"url\":\"https:\/\/ilcrogiuolo.it\/it\/\",\"logo\":{\"@type\":\"ImageObject\",\"inLanguage\":\"it-IT\",\"@id\":\"https:\/\/ilcrogiuolo.it\/it\/#\/schema\/logo\/image\/\",\"url\":\"https:\/\/ilcrogiuolo.it\/wp-content\/uploads\/2020\/04\/logo.png\",\"contentUrl\":\"https:\/\/ilcrogiuolo.it\/wp-content\/uploads\/2020\/04\/logo.png\",\"width\":200,\"height\":49,\"caption\":\"Il Crogiuolo\"},\"image\":{\"@id\":\"https:\/\/ilcrogiuolo.it\/it\/#\/schema\/logo\/image\/\"},\"sameAs\":[\"https:\/\/www.facebook.com\/Il-Crogiuolo-681876418491758\"]}]}<\/script>\n<!-- \/ Yoast SEO plugin. -->","yoast_head_json":{"title":"CANDELA DI EXU VIRAMUNDO DI COLORE ROSSO CM 19 - Il Crogiuolo","description":"CANDELA DI EXU VIRAMUNDO DI COLORE ROSSO CM 19 Il simbolo della spirale da sempre viene impiegato nella magia per promuovere un\u2019evoluzione o, al contrario, per creare un\u2019involuzione. Questo cero viene","robots":{"index":"index","follow":"follow","max-snippet":"max-snippet:-1","max-image-preview":"max-image-preview:large","max-video-preview":"max-video-preview:-1"},"canonical":"https:\/\/ilcrogiuolo.it\/it\/p\/candela-di-exu-viramundo-di-colore-rosso-cm-19\/","og_locale":"it_IT","og_type":"article","og_title":"CANDELA DI EXU VIRAMUNDO DI COLORE ROSSO CM 19 - Il Crogiuolo","og_description":"CANDELA DI EXU VIRAMUNDO DI COLORE ROSSO CM 19 Il simbolo della spirale da sempre viene impiegato nella magia per promuovere un\u2019evoluzione o, al contrario, per creare un\u2019involuzione. Questo cero viene","og_url":"https:\/\/ilcrogiuolo.it\/it\/p\/candela-di-exu-viramundo-di-colore-rosso-cm-19\/","og_site_name":"Il Crogiuolo","article_publisher":"https:\/\/www.facebook.com\/Il-Crogiuolo-681876418491758","article_modified_time":"2022-06-08T14:36:22+00:00","og_image":[{"width":600,"height":600,"url":"https:\/\/ilcrogiuolo.it\/wp-content\/uploads\/2020\/01\/DSC_3842_CARACOL-VERMELHO.png","type":"image\/png"}],"twitter_card":"summary_large_image","schema":{"@context":"https:\/\/schema.org","@graph":[{"@type":"WebPage","@id":"https:\/\/ilcrogiuolo.it\/it\/p\/candela-di-exu-viramundo-di-colore-rosso-cm-19\/","url":"https:\/\/ilcrogiuolo.it\/it\/p\/candela-di-exu-viramundo-di-colore-rosso-cm-19\/","name":"CANDELA DI EXU VIRAMUNDO DI COLORE ROSSO CM 19 - Il Crogiuolo","isPartOf":{"@id":"https:\/\/ilcrogiuolo.it\/it\/#website"},"primaryImageOfPage":{"@id":"https:\/\/ilcrogiuolo.it\/it\/p\/candela-di-exu-viramundo-di-colore-rosso-cm-19\/#primaryimage"},"image":{"@id":"https:\/\/ilcrogiuolo.it\/it\/p\/candela-di-exu-viramundo-di-colore-rosso-cm-19\/#primaryimage"},"thumbnailUrl":"https:\/\/ilcrogiuolo.it\/wp-content\/uploads\/2020\/01\/DSC_3842_CARACOL-VERMELHO.png","datePublished":"2020-01-14T16:10:02+00:00","dateModified":"2022-06-08T14:36:22+00:00","description":"CANDELA DI EXU VIRAMUNDO DI COLORE ROSSO CM 19 Il simbolo della spirale da sempre viene impiegato nella magia per promuovere un\u2019evoluzione o, al contrario, per creare un\u2019involuzione. Questo cero viene","breadcrumb":{"@id":"https:\/\/ilcrogiuolo.it\/it\/p\/candela-di-exu-viramundo-di-colore-rosso-cm-19\/#breadcrumb"},"inLanguage":"it-IT","potentialAction":[{"@type":"ReadAction","target":["https:\/\/ilcrogiuolo.it\/it\/p\/candela-di-exu-viramundo-di-colore-rosso-cm-19\/"]}]},{"@type":"ImageObject","inLanguage":"it-IT","@id":"https:\/\/ilcrogiuolo.it\/it\/p\/candela-di-exu-viramundo-di-colore-rosso-cm-19\/#primaryimage","url":"https:\/\/ilcrogiuolo.it\/wp-content\/uploads\/2020\/01\/DSC_3842_CARACOL-VERMELHO.png","contentUrl":"https:\/\/ilcrogiuolo.it\/wp-content\/uploads\/2020\/01\/DSC_3842_CARACOL-VERMELHO.png","width":600,"height":600},{"@type":"BreadcrumbList","@id":"https:\/\/ilcrogiuolo.it\/it\/p\/candela-di-exu-viramundo-di-colore-rosso-cm-19\/#breadcrumb","itemListElement":[{"@type":"ListItem","position":1,"name":"Home","item":"https:\/\/ilcrogiuolo.it\/it\/"},{"@type":"ListItem","position":2,"name":"Shop","item":"https:\/\/ilcrogiuolo.it\/it\/negozio\/"},{"@type":"ListItem","position":3,"name":"CANDELA DI EXU VIRAMUNDO DI COLORE ROSSO CM 19"}]},{"@type":"WebSite","@id":"https:\/\/ilcrogiuolo.it\/it\/#website","url":"https:\/\/ilcrogiuolo.it\/it\/","name":"Il Crogiuolo","description":"","publisher":{"@id":"https:\/\/ilcrogiuolo.it\/it\/#organization"},"potentialAction":[{"@type":"SearchAction","target":{"@type":"EntryPoint","urlTemplate":"https:\/\/ilcrogiuolo.it\/it\/?s={search_term_string}"},"query-input":{"@type":"PropertyValueSpecification","valueRequired":true,"valueName":"search_term_string"}}],"inLanguage":"it-IT"},{"@type":"Organization","@id":"https:\/\/ilcrogiuolo.it\/it\/#organization","name":"Il Crogiuolo","url":"https:\/\/ilcrogiuolo.it\/it\/","logo":{"@type":"ImageObject","inLanguage":"it-IT","@id":"https:\/\/ilcrogiuolo.it\/it\/#\/schema\/logo\/image\/","url":"https:\/\/ilcrogiuolo.it\/wp-content\/uploads\/2020\/04\/logo.png","contentUrl":"https:\/\/ilcrogiuolo.it\/wp-content\/uploads\/2020\/04\/logo.png","width":200,"height":49,"caption":"Il Crogiuolo"},"image":{"@id":"https:\/\/ilcrogiuolo.it\/it\/#\/schema\/logo\/image\/"},"sameAs":["https:\/\/www.facebook.com\/Il-Crogiuolo-681876418491758"]}]}},"_links":{"self":[{"href":"https:\/\/ilcrogiuolo.it\/it\/wp-json\/wp\/v2\/product\/5046","targetHints":{"allow":["GET"]}}],"collection":[{"href":"https:\/\/ilcrogiuolo.it\/it\/wp-json\/wp\/v2\/product"}],"about":[{"href":"https:\/\/ilcrogiuolo.it\/it\/wp-json\/wp\/v2\/types\/product"}],"wp:featuredmedia":[{"embeddable":true,"href":"https:\/\/ilcrogiuolo.it\/it\/wp-json\/wp\/v2\/media\/37542"}],"wp:attachment":[{"href":"https:\/\/ilcrogiuolo.it\/it\/wp-json\/wp\/v2\/media?parent=5046"}],"wp:term":[{"taxonomy":"product_brand","embeddable":true,"href":"https:\/\/ilcrogiuolo.it\/it\/wp-json\/wp\/v2\/product_brand?post=5046"},{"taxonomy":"product_cat","embeddable":true,"href":"https:\/\/ilcrogiuolo.it\/it\/wp-json\/wp\/v2\/product_cat?post=5046"},{"taxonomy":"product_tag","embeddable":true,"href":"https:\/\/ilcrogiuolo.it\/it\/wp-json\/wp\/v2\/product_tag?post=5046"}],"curies":[{"name":"wp","href":"https:\/\/api.w.org\/{rel}","templated":true}]}}