{"id":5042,"date":"2020-01-14T17:10:02","date_gmt":"2020-01-14T16:10:02","guid":{"rendered":"https:\/\/ilcrogiuolo.it\/p\/refe-del-diablo-cuscuta-epithymum-cuscuta\/"},"modified":"2025-07-16T11:20:42","modified_gmt":"2025-07-16T09:20:42","slug":"refe-del-diablo-cuscuta-epithymum-cuscuta","status":"publish","type":"product","link":"https:\/\/ilcrogiuolo.it\/it\/p\/refe-del-diablo-cuscuta-epithymum-cuscuta\/","title":{"rendered":"REFE DEL DIABLO &#8211; CUSCUTA EPITHYMUM &#8211; CUSCUTA"},"content":{"rendered":"<p style=\"text-align: left;\">NOME POPOLARE: REFE DEL DIABLO<\/p>\n<p style=\"text-align: left;\" align=\"center\">NOME SCENTIFICO: CUSCUTA EPITHYMUM<\/p>\n<p style=\"text-align: left;\">NOME COMUNE:\u00a0CUSCUTA<\/p>\n<p style=\"text-align: left;\">DESCRIZIONE:<\/p>\n<p style=\"text-align: left;\"><!--?xml:namespace prefix = st1 ns = \"urn:schemas-microsoft-com:office:smarttags\" \/-->La Refe del Diablo pu\u00f2 essere usata in qualsiasi pratica che contempli un legamento. E\u2019 un ingrediente vegetale che compare nella preparazione di moltissime polveri esoteriche. Si usa nei bagni di scarico per sciogliere soprattutto le ossessioni. Negli incantesimi d&#8217;amore \u00e8 un fissante del legamento che, con l&#8217;ausilio di questa pianta, sar\u00e0 eterno ed indistruttibile (cos\u00ec tramanda la tradizione stregonesca).<\/p>\n","protected":false},"excerpt":{"rendered":"<p>NOME POPOLARE: REFE DEL DIABLO NOME SCENTIFICO: CUSCUTA EPITHYMUM NOME COMUNE:\u00a0CUSCUTA DESCRIZIONE: La Refe del Diablo pu\u00f2 essere usata in&#8230;<\/p>\n","protected":false},"featured_media":47507,"template":"","meta":{"_acf_changed":false},"product_brand":[],"product_cat":[1096,1065,1380],"product_tag":[],"class_list":{"0":"post-5042","1":"product","2":"type-product","3":"status-publish","4":"has-post-thumbnail","6":"product_cat-botanica-erbe-e-miscele","7":"product_cat-botanica-pietre","8":"product_cat-erboristica-esoterica-fitologia-occulta","10":"first","11":"outofstock","12":"taxable","13":"shipping-taxable","14":"purchasable","15":"product-type-simple","16":"add-to-wishlist-before_image"},"acf":[],"yoast_head":"<!-- This site is optimized with the Yoast SEO plugin v26.9 - https:\/\/yoast.com\/product\/yoast-seo-wordpress\/ -->\n<title>REFE DEL DIABLO - CUSCUTA EPITHYMUM - CUSCUTA - Il Crogiuolo<\/title>\n<meta name=\"description\" content=\"REFE DEL DIABLO - CUSCUTA EPITHYMUM - CUSCUTA NOME POPOLARE: REFE DEL DIABLO NOME SCENTIFICO: CUSCUTA EPITHYMUM NOME COMUNE:\u00a0CUSCUTA DESCRIZIONE: La Refe del Diablo pu\u00f2 essere usata in qualsiasi\" \/>\n<meta name=\"robots\" content=\"index, follow, max-snippet:-1, max-image-preview:large, max-video-preview:-1\" \/>\n<link rel=\"canonical\" href=\"https:\/\/ilcrogiuolo.it\/it\/p\/refe-del-diablo-cuscuta-epithymum-cuscuta\/\" \/>\n<meta property=\"og:locale\" content=\"it_IT\" \/>\n<meta property=\"og:type\" content=\"article\" \/>\n<meta property=\"og:title\" content=\"REFE DEL DIABLO - CUSCUTA EPITHYMUM - CUSCUTA - Il Crogiuolo\" \/>\n<meta property=\"og:description\" content=\"REFE DEL DIABLO - CUSCUTA EPITHYMUM - CUSCUTA NOME POPOLARE: REFE DEL DIABLO NOME SCENTIFICO: CUSCUTA EPITHYMUM NOME COMUNE:\u00a0CUSCUTA DESCRIZIONE: La Refe del Diablo pu\u00f2 essere usata in qualsiasi\" \/>\n<meta property=\"og:url\" content=\"https:\/\/ilcrogiuolo.it\/it\/p\/refe-del-diablo-cuscuta-epithymum-cuscuta\/\" \/>\n<meta property=\"og:site_name\" content=\"Il Crogiuolo\" \/>\n<meta property=\"article:publisher\" content=\"https:\/\/www.facebook.com\/Il-Crogiuolo-681876418491758\" \/>\n<meta property=\"article:modified_time\" content=\"2025-07-16T09:20:42+00:00\" \/>\n<meta property=\"og:image\" content=\"https:\/\/ilcrogiuolo.it\/wp-content\/uploads\/2020\/01\/REFE-DEL-DIABLO.png\" \/>\n\t<meta property=\"og:image:width\" content=\"627\" \/>\n\t<meta property=\"og:image:height\" content=\"600\" \/>\n\t<meta property=\"og:image:type\" content=\"image\/png\" \/>\n<meta name=\"twitter:card\" content=\"summary_large_image\" \/>\n<meta name=\"twitter:label1\" content=\"Tempo di lettura stimato\" \/>\n\t<meta name=\"twitter:data1\" content=\"1 minuto\" \/>\n<script type=\"application\/ld+json\" class=\"yoast-schema-graph\">{\"@context\":\"https:\/\/schema.org\",\"@graph\":[{\"@type\":\"WebPage\",\"@id\":\"https:\/\/ilcrogiuolo.it\/it\/p\/refe-del-diablo-cuscuta-epithymum-cuscuta\/\",\"url\":\"https:\/\/ilcrogiuolo.it\/it\/p\/refe-del-diablo-cuscuta-epithymum-cuscuta\/\",\"name\":\"REFE DEL DIABLO - CUSCUTA EPITHYMUM - CUSCUTA - Il Crogiuolo\",\"isPartOf\":{\"@id\":\"https:\/\/ilcrogiuolo.it\/it\/#website\"},\"primaryImageOfPage\":{\"@id\":\"https:\/\/ilcrogiuolo.it\/it\/p\/refe-del-diablo-cuscuta-epithymum-cuscuta\/#primaryimage\"},\"image\":{\"@id\":\"https:\/\/ilcrogiuolo.it\/it\/p\/refe-del-diablo-cuscuta-epithymum-cuscuta\/#primaryimage\"},\"thumbnailUrl\":\"https:\/\/ilcrogiuolo.it\/wp-content\/uploads\/2020\/01\/REFE-DEL-DIABLO.png\",\"datePublished\":\"2020-01-14T16:10:02+00:00\",\"dateModified\":\"2025-07-16T09:20:42+00:00\",\"description\":\"REFE DEL DIABLO - CUSCUTA EPITHYMUM - CUSCUTA NOME POPOLARE: REFE DEL DIABLO NOME SCENTIFICO: CUSCUTA EPITHYMUM NOME COMUNE:\u00a0CUSCUTA DESCRIZIONE: La Refe del Diablo pu\u00f2 essere usata in qualsiasi\",\"breadcrumb\":{\"@id\":\"https:\/\/ilcrogiuolo.it\/it\/p\/refe-del-diablo-cuscuta-epithymum-cuscuta\/#breadcrumb\"},\"inLanguage\":\"it-IT\",\"potentialAction\":[{\"@type\":\"ReadAction\",\"target\":[\"https:\/\/ilcrogiuolo.it\/it\/p\/refe-del-diablo-cuscuta-epithymum-cuscuta\/\"]}]},{\"@type\":\"ImageObject\",\"inLanguage\":\"it-IT\",\"@id\":\"https:\/\/ilcrogiuolo.it\/it\/p\/refe-del-diablo-cuscuta-epithymum-cuscuta\/#primaryimage\",\"url\":\"https:\/\/ilcrogiuolo.it\/wp-content\/uploads\/2020\/01\/REFE-DEL-DIABLO.png\",\"contentUrl\":\"https:\/\/ilcrogiuolo.it\/wp-content\/uploads\/2020\/01\/REFE-DEL-DIABLO.png\",\"width\":627,\"height\":600},{\"@type\":\"BreadcrumbList\",\"@id\":\"https:\/\/ilcrogiuolo.it\/it\/p\/refe-del-diablo-cuscuta-epithymum-cuscuta\/#breadcrumb\",\"itemListElement\":[{\"@type\":\"ListItem\",\"position\":1,\"name\":\"Home\",\"item\":\"https:\/\/ilcrogiuolo.it\/it\/\"},{\"@type\":\"ListItem\",\"position\":2,\"name\":\"Shop\",\"item\":\"https:\/\/ilcrogiuolo.it\/it\/negozio\/\"},{\"@type\":\"ListItem\",\"position\":3,\"name\":\"REFE DEL DIABLO &#8211; CUSCUTA EPITHYMUM &#8211; CUSCUTA\"}]},{\"@type\":\"WebSite\",\"@id\":\"https:\/\/ilcrogiuolo.it\/it\/#website\",\"url\":\"https:\/\/ilcrogiuolo.it\/it\/\",\"name\":\"Il Crogiuolo\",\"description\":\"\",\"publisher\":{\"@id\":\"https:\/\/ilcrogiuolo.it\/it\/#organization\"},\"potentialAction\":[{\"@type\":\"SearchAction\",\"target\":{\"@type\":\"EntryPoint\",\"urlTemplate\":\"https:\/\/ilcrogiuolo.it\/it\/?s={search_term_string}\"},\"query-input\":{\"@type\":\"PropertyValueSpecification\",\"valueRequired\":true,\"valueName\":\"search_term_string\"}}],\"inLanguage\":\"it-IT\"},{\"@type\":\"Organization\",\"@id\":\"https:\/\/ilcrogiuolo.it\/it\/#organization\",\"name\":\"Il Crogiuolo\",\"url\":\"https:\/\/ilcrogiuolo.it\/it\/\",\"logo\":{\"@type\":\"ImageObject\",\"inLanguage\":\"it-IT\",\"@id\":\"https:\/\/ilcrogiuolo.it\/it\/#\/schema\/logo\/image\/\",\"url\":\"https:\/\/ilcrogiuolo.it\/wp-content\/uploads\/2020\/04\/logo.png\",\"contentUrl\":\"https:\/\/ilcrogiuolo.it\/wp-content\/uploads\/2020\/04\/logo.png\",\"width\":200,\"height\":49,\"caption\":\"Il Crogiuolo\"},\"image\":{\"@id\":\"https:\/\/ilcrogiuolo.it\/it\/#\/schema\/logo\/image\/\"},\"sameAs\":[\"https:\/\/www.facebook.com\/Il-Crogiuolo-681876418491758\"]}]}<\/script>\n<!-- \/ Yoast SEO plugin. -->","yoast_head_json":{"title":"REFE DEL DIABLO - CUSCUTA EPITHYMUM - CUSCUTA - Il Crogiuolo","description":"REFE DEL DIABLO - CUSCUTA EPITHYMUM - CUSCUTA NOME POPOLARE: REFE DEL DIABLO NOME SCENTIFICO: CUSCUTA EPITHYMUM NOME COMUNE:\u00a0CUSCUTA DESCRIZIONE: La Refe del Diablo pu\u00f2 essere usata in qualsiasi","robots":{"index":"index","follow":"follow","max-snippet":"max-snippet:-1","max-image-preview":"max-image-preview:large","max-video-preview":"max-video-preview:-1"},"canonical":"https:\/\/ilcrogiuolo.it\/it\/p\/refe-del-diablo-cuscuta-epithymum-cuscuta\/","og_locale":"it_IT","og_type":"article","og_title":"REFE DEL DIABLO - CUSCUTA EPITHYMUM - CUSCUTA - Il Crogiuolo","og_description":"REFE DEL DIABLO - CUSCUTA EPITHYMUM - CUSCUTA NOME POPOLARE: REFE DEL DIABLO NOME SCENTIFICO: CUSCUTA EPITHYMUM NOME COMUNE:\u00a0CUSCUTA DESCRIZIONE: La Refe del Diablo pu\u00f2 essere usata in qualsiasi","og_url":"https:\/\/ilcrogiuolo.it\/it\/p\/refe-del-diablo-cuscuta-epithymum-cuscuta\/","og_site_name":"Il Crogiuolo","article_publisher":"https:\/\/www.facebook.com\/Il-Crogiuolo-681876418491758","article_modified_time":"2025-07-16T09:20:42+00:00","og_image":[{"width":627,"height":600,"url":"https:\/\/ilcrogiuolo.it\/wp-content\/uploads\/2020\/01\/REFE-DEL-DIABLO.png","type":"image\/png"}],"twitter_card":"summary_large_image","twitter_misc":{"Tempo di lettura stimato":"1 minuto"},"schema":{"@context":"https:\/\/schema.org","@graph":[{"@type":"WebPage","@id":"https:\/\/ilcrogiuolo.it\/it\/p\/refe-del-diablo-cuscuta-epithymum-cuscuta\/","url":"https:\/\/ilcrogiuolo.it\/it\/p\/refe-del-diablo-cuscuta-epithymum-cuscuta\/","name":"REFE DEL DIABLO - CUSCUTA EPITHYMUM - CUSCUTA - Il Crogiuolo","isPartOf":{"@id":"https:\/\/ilcrogiuolo.it\/it\/#website"},"primaryImageOfPage":{"@id":"https:\/\/ilcrogiuolo.it\/it\/p\/refe-del-diablo-cuscuta-epithymum-cuscuta\/#primaryimage"},"image":{"@id":"https:\/\/ilcrogiuolo.it\/it\/p\/refe-del-diablo-cuscuta-epithymum-cuscuta\/#primaryimage"},"thumbnailUrl":"https:\/\/ilcrogiuolo.it\/wp-content\/uploads\/2020\/01\/REFE-DEL-DIABLO.png","datePublished":"2020-01-14T16:10:02+00:00","dateModified":"2025-07-16T09:20:42+00:00","description":"REFE DEL DIABLO - CUSCUTA EPITHYMUM - CUSCUTA NOME POPOLARE: REFE DEL DIABLO NOME SCENTIFICO: CUSCUTA EPITHYMUM NOME COMUNE:\u00a0CUSCUTA DESCRIZIONE: La Refe del Diablo pu\u00f2 essere usata in qualsiasi","breadcrumb":{"@id":"https:\/\/ilcrogiuolo.it\/it\/p\/refe-del-diablo-cuscuta-epithymum-cuscuta\/#breadcrumb"},"inLanguage":"it-IT","potentialAction":[{"@type":"ReadAction","target":["https:\/\/ilcrogiuolo.it\/it\/p\/refe-del-diablo-cuscuta-epithymum-cuscuta\/"]}]},{"@type":"ImageObject","inLanguage":"it-IT","@id":"https:\/\/ilcrogiuolo.it\/it\/p\/refe-del-diablo-cuscuta-epithymum-cuscuta\/#primaryimage","url":"https:\/\/ilcrogiuolo.it\/wp-content\/uploads\/2020\/01\/REFE-DEL-DIABLO.png","contentUrl":"https:\/\/ilcrogiuolo.it\/wp-content\/uploads\/2020\/01\/REFE-DEL-DIABLO.png","width":627,"height":600},{"@type":"BreadcrumbList","@id":"https:\/\/ilcrogiuolo.it\/it\/p\/refe-del-diablo-cuscuta-epithymum-cuscuta\/#breadcrumb","itemListElement":[{"@type":"ListItem","position":1,"name":"Home","item":"https:\/\/ilcrogiuolo.it\/it\/"},{"@type":"ListItem","position":2,"name":"Shop","item":"https:\/\/ilcrogiuolo.it\/it\/negozio\/"},{"@type":"ListItem","position":3,"name":"REFE DEL DIABLO &#8211; CUSCUTA EPITHYMUM &#8211; CUSCUTA"}]},{"@type":"WebSite","@id":"https:\/\/ilcrogiuolo.it\/it\/#website","url":"https:\/\/ilcrogiuolo.it\/it\/","name":"Il Crogiuolo","description":"","publisher":{"@id":"https:\/\/ilcrogiuolo.it\/it\/#organization"},"potentialAction":[{"@type":"SearchAction","target":{"@type":"EntryPoint","urlTemplate":"https:\/\/ilcrogiuolo.it\/it\/?s={search_term_string}"},"query-input":{"@type":"PropertyValueSpecification","valueRequired":true,"valueName":"search_term_string"}}],"inLanguage":"it-IT"},{"@type":"Organization","@id":"https:\/\/ilcrogiuolo.it\/it\/#organization","name":"Il Crogiuolo","url":"https:\/\/ilcrogiuolo.it\/it\/","logo":{"@type":"ImageObject","inLanguage":"it-IT","@id":"https:\/\/ilcrogiuolo.it\/it\/#\/schema\/logo\/image\/","url":"https:\/\/ilcrogiuolo.it\/wp-content\/uploads\/2020\/04\/logo.png","contentUrl":"https:\/\/ilcrogiuolo.it\/wp-content\/uploads\/2020\/04\/logo.png","width":200,"height":49,"caption":"Il Crogiuolo"},"image":{"@id":"https:\/\/ilcrogiuolo.it\/it\/#\/schema\/logo\/image\/"},"sameAs":["https:\/\/www.facebook.com\/Il-Crogiuolo-681876418491758"]}]}},"_links":{"self":[{"href":"https:\/\/ilcrogiuolo.it\/it\/wp-json\/wp\/v2\/product\/5042","targetHints":{"allow":["GET"]}}],"collection":[{"href":"https:\/\/ilcrogiuolo.it\/it\/wp-json\/wp\/v2\/product"}],"about":[{"href":"https:\/\/ilcrogiuolo.it\/it\/wp-json\/wp\/v2\/types\/product"}],"wp:featuredmedia":[{"embeddable":true,"href":"https:\/\/ilcrogiuolo.it\/it\/wp-json\/wp\/v2\/media\/47507"}],"wp:attachment":[{"href":"https:\/\/ilcrogiuolo.it\/it\/wp-json\/wp\/v2\/media?parent=5042"}],"wp:term":[{"taxonomy":"product_brand","embeddable":true,"href":"https:\/\/ilcrogiuolo.it\/it\/wp-json\/wp\/v2\/product_brand?post=5042"},{"taxonomy":"product_cat","embeddable":true,"href":"https:\/\/ilcrogiuolo.it\/it\/wp-json\/wp\/v2\/product_cat?post=5042"},{"taxonomy":"product_tag","embeddable":true,"href":"https:\/\/ilcrogiuolo.it\/it\/wp-json\/wp\/v2\/product_tag?post=5042"}],"curies":[{"name":"wp","href":"https:\/\/api.w.org\/{rel}","templated":true}]}}