{"id":4911,"date":"2020-01-14T17:09:45","date_gmt":"2020-01-14T16:09:45","guid":{"rendered":"https:\/\/ilcrogiuolo.it\/p\/collezione-minilibro-santantonio-eleg-bara\/"},"modified":"2024-09-25T10:39:31","modified_gmt":"2024-09-25T08:39:31","slug":"collezione-minilibro-santantonio-eleg-bara","status":"publish","type":"product","link":"https:\/\/ilcrogiuolo.it\/it\/p\/collezione-minilibro-santantonio-eleg-bara\/","title":{"rendered":"COLLEZIONE MINILIBRO SANT&#8217;ANTONIO ELEG BARA&#8217;"},"content":{"rendered":"<p>Elegbar\u00e0, nella tradizione afrobrasiliana \u00e8 l\u2019Orix\u00e0 tutelare dei passaggi e delle comunicazioni, delle strade e dei crocicchi. Senza la sua intercessione nessuna comunicazione uomo \/ Dio \u00e8 possibile. Il mito lo presenta come entit\u00e0 ambigua, se con una mano tocca il cielo, con l\u2019altra pu\u00f2 tranquillamente sfiorare le pi\u00f9 profonde regioni delle tenebre, avendo come prerogativa quella di mettere in comunicazione i vari mondi esistenti. Fratello di Og\u00f9m e di Oxossi \u00e8 considerato un Santo Guerriero. \u00a0Nell\u2019immaginario popolare \u00e8 visto come un bambino con la faccia da vecchio, questo per sottolineare la sua ambiguit\u00e0, il suo essere tutto e l\u2019opposto di tutto.<!--?xml:namespace prefix = o ns = \"urn:schemas-microsoft-com:office:office\" \/--><\/p>\n<p>La sua arma \u00e8 la parola, sagacia e astuzia gli fanno da scudo, permettendogli di trionfare in ogni situazione. Trasforma il diritto in rovescio e viceversa, sconvolgendo le pi\u00f9 accurate previsioni e stravolgendo l\u2019ordine delle cose per poi riportare tutto allo stato attuale.<\/p>\n<p>Viene invocato nella risoluzione di ogni tipo di problema, da quello finanziario a quello pi\u00f9 squisitamente sentimentale. A lui ci si rivolge anche quando si desidera convolare a giuste nozze, per questo infatti \u00e8 chiamato il santo \u201ccasamenteiro\u201d ossia colui che promuove i matrimoni. Nel sincretismo viene raffigurato con Sant\u2019Antonio da Padova e festeggiato il 13 giugno.<\/p>\n<p>Elegbar\u00e0, chiamato anche Bar\u00e0 o Eleggu\u00e0 viene cultuato in tutte le tradizioni Afroamericane e ha moltissime manifestazioni. Una delle manifestazioni pi\u00f9 temute di Bar\u00e0 \u00e8 Ex\u00f9, che nei suoi differenti cammini popola il mondo della Quimbanda insieme alla sua controparte femminile: Pomba Gira.<\/p>\n<p>In questo libro imparerete a conoscere questo particolare Orix\u00e0, i suoi misteri, la sua storia ed i suoi incanti, come cultuarlo o come ingraziarselo per ottenere fortuna, successo, amore, riuscita e trionfo in ogni tipo di battaglia della vita.<\/p>\n<p>VERSIONE CARTACEA STAMPATA A LIBRETTO<\/p>\n","protected":false},"excerpt":{"rendered":"<p>Elegbar\u00e0, nella tradizione afrobrasiliana \u00e8 l\u2019Orix\u00e0 tutelare dei passaggi e delle comunicazioni, delle strade e dei crocicchi. Senza la sua&#8230;<\/p>\n","protected":false},"featured_media":4912,"template":"","meta":{"_acf_changed":false},"product_brand":[],"product_cat":[1077,1397,1060],"product_tag":[],"class_list":{"0":"post-4911","1":"product","2":"type-product","3":"status-publish","4":"has-post-thumbnail","6":"product_cat-libreria-esoterica-libreria-esoterica","7":"product_cat-edizioni-il-crogiuolo-minilibri","8":"product_cat-libreria-esoterica","10":"first","11":"instock","12":"taxable","13":"shipping-taxable","14":"purchasable","15":"product-type-simple","16":"add-to-wishlist-before_image"},"acf":[],"yoast_head":"<!-- This site is optimized with the Yoast SEO plugin v26.9 - https:\/\/yoast.com\/product\/yoast-seo-wordpress\/ -->\n<title>COLLEZIONE MINILIBRO SANT&#039;ANTONIO ELEG BARA&#039; - Il Crogiuolo<\/title>\n<meta name=\"description\" content=\"COLLEZIONE MINILIBRO SANT&#039;ANTONIO ELEG BARA&#039; Elegbar\u00e0, nella tradizione afrobrasiliana \u00e8 l\u2019Orix\u00e0 tutelare dei passaggi e delle comunicazioni, delle strade e dei crocicchi. Senza la sua intercessione\" \/>\n<meta name=\"robots\" content=\"index, follow, max-snippet:-1, max-image-preview:large, max-video-preview:-1\" \/>\n<link rel=\"canonical\" href=\"https:\/\/ilcrogiuolo.it\/it\/p\/collezione-minilibro-santantonio-eleg-bara\/\" \/>\n<meta property=\"og:locale\" content=\"it_IT\" \/>\n<meta property=\"og:type\" content=\"article\" \/>\n<meta property=\"og:title\" content=\"COLLEZIONE MINILIBRO SANT&#039;ANTONIO ELEG BARA&#039; - Il Crogiuolo\" \/>\n<meta property=\"og:description\" content=\"COLLEZIONE MINILIBRO SANT&#039;ANTONIO ELEG BARA&#039; Elegbar\u00e0, nella tradizione afrobrasiliana \u00e8 l\u2019Orix\u00e0 tutelare dei passaggi e delle comunicazioni, delle strade e dei crocicchi. Senza la sua intercessione\" \/>\n<meta property=\"og:url\" content=\"https:\/\/ilcrogiuolo.it\/it\/p\/collezione-minilibro-santantonio-eleg-bara\/\" \/>\n<meta property=\"og:site_name\" content=\"Il Crogiuolo\" \/>\n<meta property=\"article:publisher\" content=\"https:\/\/www.facebook.com\/Il-Crogiuolo-681876418491758\" \/>\n<meta property=\"article:modified_time\" content=\"2024-09-25T08:39:31+00:00\" \/>\n<meta property=\"og:image\" content=\"https:\/\/ilcrogiuolo.it\/wp-content\/uploads\/2020\/01\/elegbaraeleggualibro_3265948.jpg\" \/>\n\t<meta property=\"og:image:width\" content=\"627\" \/>\n\t<meta property=\"og:image:height\" content=\"600\" \/>\n\t<meta property=\"og:image:type\" content=\"image\/jpeg\" \/>\n<meta name=\"twitter:card\" content=\"summary_large_image\" \/>\n<meta name=\"twitter:label1\" content=\"Tempo di lettura stimato\" \/>\n\t<meta name=\"twitter:data1\" content=\"1 minuto\" \/>\n<script type=\"application\/ld+json\" class=\"yoast-schema-graph\">{\"@context\":\"https:\/\/schema.org\",\"@graph\":[{\"@type\":\"WebPage\",\"@id\":\"https:\/\/ilcrogiuolo.it\/it\/p\/collezione-minilibro-santantonio-eleg-bara\/\",\"url\":\"https:\/\/ilcrogiuolo.it\/it\/p\/collezione-minilibro-santantonio-eleg-bara\/\",\"name\":\"COLLEZIONE MINILIBRO SANT'ANTONIO ELEG BARA' - Il Crogiuolo\",\"isPartOf\":{\"@id\":\"https:\/\/ilcrogiuolo.it\/it\/#website\"},\"primaryImageOfPage\":{\"@id\":\"https:\/\/ilcrogiuolo.it\/it\/p\/collezione-minilibro-santantonio-eleg-bara\/#primaryimage\"},\"image\":{\"@id\":\"https:\/\/ilcrogiuolo.it\/it\/p\/collezione-minilibro-santantonio-eleg-bara\/#primaryimage\"},\"thumbnailUrl\":\"https:\/\/ilcrogiuolo.it\/wp-content\/uploads\/2020\/01\/elegbaraeleggualibro_3265948.jpg\",\"datePublished\":\"2020-01-14T16:09:45+00:00\",\"dateModified\":\"2024-09-25T08:39:31+00:00\",\"description\":\"COLLEZIONE MINILIBRO SANT'ANTONIO ELEG BARA' Elegbar\u00e0, nella tradizione afrobrasiliana \u00e8 l\u2019Orix\u00e0 tutelare dei passaggi e delle comunicazioni, delle strade e dei crocicchi. Senza la sua intercessione\",\"breadcrumb\":{\"@id\":\"https:\/\/ilcrogiuolo.it\/it\/p\/collezione-minilibro-santantonio-eleg-bara\/#breadcrumb\"},\"inLanguage\":\"it-IT\",\"potentialAction\":[{\"@type\":\"ReadAction\",\"target\":[\"https:\/\/ilcrogiuolo.it\/it\/p\/collezione-minilibro-santantonio-eleg-bara\/\"]}]},{\"@type\":\"ImageObject\",\"inLanguage\":\"it-IT\",\"@id\":\"https:\/\/ilcrogiuolo.it\/it\/p\/collezione-minilibro-santantonio-eleg-bara\/#primaryimage\",\"url\":\"https:\/\/ilcrogiuolo.it\/wp-content\/uploads\/2020\/01\/elegbaraeleggualibro_3265948.jpg\",\"contentUrl\":\"https:\/\/ilcrogiuolo.it\/wp-content\/uploads\/2020\/01\/elegbaraeleggualibro_3265948.jpg\",\"width\":627,\"height\":600},{\"@type\":\"BreadcrumbList\",\"@id\":\"https:\/\/ilcrogiuolo.it\/it\/p\/collezione-minilibro-santantonio-eleg-bara\/#breadcrumb\",\"itemListElement\":[{\"@type\":\"ListItem\",\"position\":1,\"name\":\"Home\",\"item\":\"https:\/\/ilcrogiuolo.it\/it\/\"},{\"@type\":\"ListItem\",\"position\":2,\"name\":\"Shop\",\"item\":\"https:\/\/ilcrogiuolo.it\/it\/negozio\/\"},{\"@type\":\"ListItem\",\"position\":3,\"name\":\"COLLEZIONE MINILIBRO SANT&#8217;ANTONIO ELEG BARA&#8217;\"}]},{\"@type\":\"WebSite\",\"@id\":\"https:\/\/ilcrogiuolo.it\/it\/#website\",\"url\":\"https:\/\/ilcrogiuolo.it\/it\/\",\"name\":\"Il Crogiuolo\",\"description\":\"\",\"publisher\":{\"@id\":\"https:\/\/ilcrogiuolo.it\/it\/#organization\"},\"potentialAction\":[{\"@type\":\"SearchAction\",\"target\":{\"@type\":\"EntryPoint\",\"urlTemplate\":\"https:\/\/ilcrogiuolo.it\/it\/?s={search_term_string}\"},\"query-input\":{\"@type\":\"PropertyValueSpecification\",\"valueRequired\":true,\"valueName\":\"search_term_string\"}}],\"inLanguage\":\"it-IT\"},{\"@type\":\"Organization\",\"@id\":\"https:\/\/ilcrogiuolo.it\/it\/#organization\",\"name\":\"Il Crogiuolo\",\"url\":\"https:\/\/ilcrogiuolo.it\/it\/\",\"logo\":{\"@type\":\"ImageObject\",\"inLanguage\":\"it-IT\",\"@id\":\"https:\/\/ilcrogiuolo.it\/it\/#\/schema\/logo\/image\/\",\"url\":\"https:\/\/ilcrogiuolo.it\/wp-content\/uploads\/2020\/04\/logo.png\",\"contentUrl\":\"https:\/\/ilcrogiuolo.it\/wp-content\/uploads\/2020\/04\/logo.png\",\"width\":200,\"height\":49,\"caption\":\"Il Crogiuolo\"},\"image\":{\"@id\":\"https:\/\/ilcrogiuolo.it\/it\/#\/schema\/logo\/image\/\"},\"sameAs\":[\"https:\/\/www.facebook.com\/Il-Crogiuolo-681876418491758\"]}]}<\/script>\n<!-- \/ Yoast SEO plugin. -->","yoast_head_json":{"title":"COLLEZIONE MINILIBRO SANT'ANTONIO ELEG BARA' - Il Crogiuolo","description":"COLLEZIONE MINILIBRO SANT'ANTONIO ELEG BARA' Elegbar\u00e0, nella tradizione afrobrasiliana \u00e8 l\u2019Orix\u00e0 tutelare dei passaggi e delle comunicazioni, delle strade e dei crocicchi. Senza la sua intercessione","robots":{"index":"index","follow":"follow","max-snippet":"max-snippet:-1","max-image-preview":"max-image-preview:large","max-video-preview":"max-video-preview:-1"},"canonical":"https:\/\/ilcrogiuolo.it\/it\/p\/collezione-minilibro-santantonio-eleg-bara\/","og_locale":"it_IT","og_type":"article","og_title":"COLLEZIONE MINILIBRO SANT'ANTONIO ELEG BARA' - Il Crogiuolo","og_description":"COLLEZIONE MINILIBRO SANT'ANTONIO ELEG BARA' Elegbar\u00e0, nella tradizione afrobrasiliana \u00e8 l\u2019Orix\u00e0 tutelare dei passaggi e delle comunicazioni, delle strade e dei crocicchi. Senza la sua intercessione","og_url":"https:\/\/ilcrogiuolo.it\/it\/p\/collezione-minilibro-santantonio-eleg-bara\/","og_site_name":"Il Crogiuolo","article_publisher":"https:\/\/www.facebook.com\/Il-Crogiuolo-681876418491758","article_modified_time":"2024-09-25T08:39:31+00:00","og_image":[{"width":627,"height":600,"url":"https:\/\/ilcrogiuolo.it\/wp-content\/uploads\/2020\/01\/elegbaraeleggualibro_3265948.jpg","type":"image\/jpeg"}],"twitter_card":"summary_large_image","twitter_misc":{"Tempo di lettura stimato":"1 minuto"},"schema":{"@context":"https:\/\/schema.org","@graph":[{"@type":"WebPage","@id":"https:\/\/ilcrogiuolo.it\/it\/p\/collezione-minilibro-santantonio-eleg-bara\/","url":"https:\/\/ilcrogiuolo.it\/it\/p\/collezione-minilibro-santantonio-eleg-bara\/","name":"COLLEZIONE MINILIBRO SANT'ANTONIO ELEG BARA' - Il Crogiuolo","isPartOf":{"@id":"https:\/\/ilcrogiuolo.it\/it\/#website"},"primaryImageOfPage":{"@id":"https:\/\/ilcrogiuolo.it\/it\/p\/collezione-minilibro-santantonio-eleg-bara\/#primaryimage"},"image":{"@id":"https:\/\/ilcrogiuolo.it\/it\/p\/collezione-minilibro-santantonio-eleg-bara\/#primaryimage"},"thumbnailUrl":"https:\/\/ilcrogiuolo.it\/wp-content\/uploads\/2020\/01\/elegbaraeleggualibro_3265948.jpg","datePublished":"2020-01-14T16:09:45+00:00","dateModified":"2024-09-25T08:39:31+00:00","description":"COLLEZIONE MINILIBRO SANT'ANTONIO ELEG BARA' Elegbar\u00e0, nella tradizione afrobrasiliana \u00e8 l\u2019Orix\u00e0 tutelare dei passaggi e delle comunicazioni, delle strade e dei crocicchi. Senza la sua intercessione","breadcrumb":{"@id":"https:\/\/ilcrogiuolo.it\/it\/p\/collezione-minilibro-santantonio-eleg-bara\/#breadcrumb"},"inLanguage":"it-IT","potentialAction":[{"@type":"ReadAction","target":["https:\/\/ilcrogiuolo.it\/it\/p\/collezione-minilibro-santantonio-eleg-bara\/"]}]},{"@type":"ImageObject","inLanguage":"it-IT","@id":"https:\/\/ilcrogiuolo.it\/it\/p\/collezione-minilibro-santantonio-eleg-bara\/#primaryimage","url":"https:\/\/ilcrogiuolo.it\/wp-content\/uploads\/2020\/01\/elegbaraeleggualibro_3265948.jpg","contentUrl":"https:\/\/ilcrogiuolo.it\/wp-content\/uploads\/2020\/01\/elegbaraeleggualibro_3265948.jpg","width":627,"height":600},{"@type":"BreadcrumbList","@id":"https:\/\/ilcrogiuolo.it\/it\/p\/collezione-minilibro-santantonio-eleg-bara\/#breadcrumb","itemListElement":[{"@type":"ListItem","position":1,"name":"Home","item":"https:\/\/ilcrogiuolo.it\/it\/"},{"@type":"ListItem","position":2,"name":"Shop","item":"https:\/\/ilcrogiuolo.it\/it\/negozio\/"},{"@type":"ListItem","position":3,"name":"COLLEZIONE MINILIBRO SANT&#8217;ANTONIO ELEG BARA&#8217;"}]},{"@type":"WebSite","@id":"https:\/\/ilcrogiuolo.it\/it\/#website","url":"https:\/\/ilcrogiuolo.it\/it\/","name":"Il Crogiuolo","description":"","publisher":{"@id":"https:\/\/ilcrogiuolo.it\/it\/#organization"},"potentialAction":[{"@type":"SearchAction","target":{"@type":"EntryPoint","urlTemplate":"https:\/\/ilcrogiuolo.it\/it\/?s={search_term_string}"},"query-input":{"@type":"PropertyValueSpecification","valueRequired":true,"valueName":"search_term_string"}}],"inLanguage":"it-IT"},{"@type":"Organization","@id":"https:\/\/ilcrogiuolo.it\/it\/#organization","name":"Il Crogiuolo","url":"https:\/\/ilcrogiuolo.it\/it\/","logo":{"@type":"ImageObject","inLanguage":"it-IT","@id":"https:\/\/ilcrogiuolo.it\/it\/#\/schema\/logo\/image\/","url":"https:\/\/ilcrogiuolo.it\/wp-content\/uploads\/2020\/04\/logo.png","contentUrl":"https:\/\/ilcrogiuolo.it\/wp-content\/uploads\/2020\/04\/logo.png","width":200,"height":49,"caption":"Il Crogiuolo"},"image":{"@id":"https:\/\/ilcrogiuolo.it\/it\/#\/schema\/logo\/image\/"},"sameAs":["https:\/\/www.facebook.com\/Il-Crogiuolo-681876418491758"]}]}},"_links":{"self":[{"href":"https:\/\/ilcrogiuolo.it\/it\/wp-json\/wp\/v2\/product\/4911","targetHints":{"allow":["GET"]}}],"collection":[{"href":"https:\/\/ilcrogiuolo.it\/it\/wp-json\/wp\/v2\/product"}],"about":[{"href":"https:\/\/ilcrogiuolo.it\/it\/wp-json\/wp\/v2\/types\/product"}],"wp:featuredmedia":[{"embeddable":true,"href":"https:\/\/ilcrogiuolo.it\/it\/wp-json\/wp\/v2\/media\/4912"}],"wp:attachment":[{"href":"https:\/\/ilcrogiuolo.it\/it\/wp-json\/wp\/v2\/media?parent=4911"}],"wp:term":[{"taxonomy":"product_brand","embeddable":true,"href":"https:\/\/ilcrogiuolo.it\/it\/wp-json\/wp\/v2\/product_brand?post=4911"},{"taxonomy":"product_cat","embeddable":true,"href":"https:\/\/ilcrogiuolo.it\/it\/wp-json\/wp\/v2\/product_cat?post=4911"},{"taxonomy":"product_tag","embeddable":true,"href":"https:\/\/ilcrogiuolo.it\/it\/wp-json\/wp\/v2\/product_tag?post=4911"}],"curies":[{"name":"wp","href":"https:\/\/api.w.org\/{rel}","templated":true}]}}