{"id":48991,"date":"2025-01-14T10:08:35","date_gmt":"2025-01-14T09:08:35","guid":{"rendered":"https:\/\/ilcrogiuolo.it\/?post_type=product&#038;p=48991"},"modified":"2025-01-14T10:13:05","modified_gmt":"2025-01-14T09:13:05","slug":"magia-popolare-italiana","status":"publish","type":"product","link":"https:\/\/ilcrogiuolo.it\/it\/p\/magia-popolare-italiana\/","title":{"rendered":"MAGIA POPOLARE ITALIANA"},"content":{"rendered":"<div class=\"catDescription\">\n<p>&#8220;<em>Magia Popolare Italiana<\/em>&#8221; \u00e8 <strong>un viaggio affascinante attraverso le tradizioni esoteriche e folcloristiche dell&#8217;Italia<\/strong>, svelando un sistema magico antichissimo, sopravvissuto fino ai nostri tempi, nonostante i processi di sincretizzazione, poich\u00e9 tramandato oralmente dalle nostre Predecessore e nascosto dietro rurali superstizioni.<\/p>\n<p>Si tratta del risultato di pratiche e saggezze stregate, facenti parte della tradizione dell&#8217;autrice, che esplora le credenze, i rituali e le consuetudini delle diverse Regioni Italiane, rivelando <strong>come la magia sia sempre stata intrecciata nella vita quotidiana della popolazione<\/strong>.<\/p>\n<p>Attraverso un linguaggio accessibile ed assai coinvolgente, invita a scoprire la saviezza dell&#8217;antichit\u00e0 e a riflettere sul suo significato nella dilagante insipienza del mondo contemporaneo, rendendo il lettore partecipe di un patrimonio culturale unico.<\/p>\n<p>Dalla protezione contro il malocchio, al Culto degli Antenati, passando per il Culto dei Santi, ogni capitolo offre un ampio spiraglio per <strong>svelare alcune tra le pi\u00f9 affascinanti usanze locali, accompagnato da aneddoti, leggende e testimonianze<\/strong> della scrittrice.<\/p>\n<p>Tra le righe sar\u00e0 possibile evincere qualche antico Rito ed il lettore potr\u00e0 fantasticare su di un mondo mistico, pur non essendone un esperto conoscitore, ma che certamente lo entusiasmer\u00e0, perch\u00e9 la Magia Popolare Italiana scorre nel sangue di tutti, grazie a ci\u00f2 che ci fu lasciato in eredit\u00e0 dalle nostre Antenate, le quali, nel corso della Storia, molte volte, sono state chiamate Streghe.<\/p>\n<table class=\"table table-bordered table-striped\">\n<tbody>\n<tr>\n<td>Editore<\/td>\n<td>Om Edizioni<\/td>\n<\/tr>\n<tr>\n<td>Anno Pubblicazione<\/td>\n<td>2025<\/td>\n<\/tr>\n<tr>\n<td>Formato<\/td>\n<td>Libro &#8211; Pagine: 147 &#8211; 15x21cm<\/td>\n<\/tr>\n<\/tbody>\n<\/table>\n<\/div>\n","protected":false},"excerpt":{"rendered":"<p>&#8220;Magia Popolare Italiana&#8221; \u00e8 un viaggio affascinante attraverso le tradizioni esoteriche e folcloristiche dell&#8217;Italia, svelando un sistema magico antichissimo, sopravvissuto&#8230;<\/p>\n","protected":false},"featured_media":48992,"template":"","meta":{"_acf_changed":false},"product_brand":[],"product_cat":[1077,1981,1536],"product_tag":[],"class_list":{"0":"post-48991","1":"product","2":"type-product","3":"status-publish","4":"has-post-thumbnail","6":"product_cat-libreria-esoterica-libreria-esoterica","7":"product_cat-senza-categoria","8":"product_cat-altre-edizioni","10":"first","11":"instock","12":"purchasable","13":"product-type-simple","14":"add-to-wishlist-before_image"},"acf":[],"yoast_head":"<!-- This site is optimized with the Yoast SEO plugin v26.9 - https:\/\/yoast.com\/product\/yoast-seo-wordpress\/ -->\n<title>MAGIA POPOLARE ITALIANA - Il Crogiuolo<\/title>\n<meta name=\"description\" content=\"MAGIA POPOLARE ITALIANA &quot;Magia Popolare Italiana&quot; \u00e8 un viaggio affascinante attraverso le tradizioni esoteriche e folcloristiche dell&#039;Italia, svelando un sistema magico\" \/>\n<meta name=\"robots\" content=\"index, follow, max-snippet:-1, max-image-preview:large, max-video-preview:-1\" \/>\n<link rel=\"canonical\" href=\"https:\/\/ilcrogiuolo.it\/it\/p\/magia-popolare-italiana\/\" \/>\n<meta property=\"og:locale\" content=\"it_IT\" \/>\n<meta property=\"og:type\" content=\"article\" \/>\n<meta property=\"og:title\" content=\"MAGIA POPOLARE ITALIANA - Il Crogiuolo\" \/>\n<meta property=\"og:description\" content=\"MAGIA POPOLARE ITALIANA &quot;Magia Popolare Italiana&quot; \u00e8 un viaggio affascinante attraverso le tradizioni esoteriche e folcloristiche dell&#039;Italia, svelando un sistema magico\" \/>\n<meta property=\"og:url\" content=\"https:\/\/ilcrogiuolo.it\/it\/p\/magia-popolare-italiana\/\" \/>\n<meta property=\"og:site_name\" content=\"Il Crogiuolo\" \/>\n<meta property=\"article:publisher\" content=\"https:\/\/www.facebook.com\/Il-Crogiuolo-681876418491758\" \/>\n<meta property=\"article:modified_time\" content=\"2025-01-14T09:13:05+00:00\" \/>\n<meta property=\"og:image\" content=\"https:\/\/ilcrogiuolo.it\/wp-content\/uploads\/2025\/01\/magia-popolare-italiana.png\" \/>\n\t<meta property=\"og:image:width\" content=\"473\" \/>\n\t<meta property=\"og:image:height\" content=\"466\" \/>\n\t<meta property=\"og:image:type\" content=\"image\/png\" \/>\n<meta name=\"twitter:card\" content=\"summary_large_image\" \/>\n<meta name=\"twitter:label1\" content=\"Tempo di lettura stimato\" \/>\n\t<meta name=\"twitter:data1\" content=\"2 minuti\" \/>\n<script type=\"application\/ld+json\" class=\"yoast-schema-graph\">{\"@context\":\"https:\/\/schema.org\",\"@graph\":[{\"@type\":\"WebPage\",\"@id\":\"https:\/\/ilcrogiuolo.it\/it\/p\/magia-popolare-italiana\/\",\"url\":\"https:\/\/ilcrogiuolo.it\/it\/p\/magia-popolare-italiana\/\",\"name\":\"MAGIA POPOLARE ITALIANA - Il Crogiuolo\",\"isPartOf\":{\"@id\":\"https:\/\/ilcrogiuolo.it\/it\/#website\"},\"primaryImageOfPage\":{\"@id\":\"https:\/\/ilcrogiuolo.it\/it\/p\/magia-popolare-italiana\/#primaryimage\"},\"image\":{\"@id\":\"https:\/\/ilcrogiuolo.it\/it\/p\/magia-popolare-italiana\/#primaryimage\"},\"thumbnailUrl\":\"https:\/\/ilcrogiuolo.it\/wp-content\/uploads\/2025\/01\/magia-popolare-italiana.png\",\"datePublished\":\"2025-01-14T09:08:35+00:00\",\"dateModified\":\"2025-01-14T09:13:05+00:00\",\"description\":\"MAGIA POPOLARE ITALIANA \\\"Magia Popolare Italiana\\\" \u00e8 un viaggio affascinante attraverso le tradizioni esoteriche e folcloristiche dell'Italia, svelando un sistema magico\",\"breadcrumb\":{\"@id\":\"https:\/\/ilcrogiuolo.it\/it\/p\/magia-popolare-italiana\/#breadcrumb\"},\"inLanguage\":\"it-IT\",\"potentialAction\":[{\"@type\":\"ReadAction\",\"target\":[\"https:\/\/ilcrogiuolo.it\/it\/p\/magia-popolare-italiana\/\"]}]},{\"@type\":\"ImageObject\",\"inLanguage\":\"it-IT\",\"@id\":\"https:\/\/ilcrogiuolo.it\/it\/p\/magia-popolare-italiana\/#primaryimage\",\"url\":\"https:\/\/ilcrogiuolo.it\/wp-content\/uploads\/2025\/01\/magia-popolare-italiana.png\",\"contentUrl\":\"https:\/\/ilcrogiuolo.it\/wp-content\/uploads\/2025\/01\/magia-popolare-italiana.png\",\"width\":473,\"height\":466},{\"@type\":\"BreadcrumbList\",\"@id\":\"https:\/\/ilcrogiuolo.it\/it\/p\/magia-popolare-italiana\/#breadcrumb\",\"itemListElement\":[{\"@type\":\"ListItem\",\"position\":1,\"name\":\"Home\",\"item\":\"https:\/\/ilcrogiuolo.it\/it\/\"},{\"@type\":\"ListItem\",\"position\":2,\"name\":\"Shop\",\"item\":\"https:\/\/ilcrogiuolo.it\/it\/negozio\/\"},{\"@type\":\"ListItem\",\"position\":3,\"name\":\"MAGIA POPOLARE ITALIANA\"}]},{\"@type\":\"WebSite\",\"@id\":\"https:\/\/ilcrogiuolo.it\/it\/#website\",\"url\":\"https:\/\/ilcrogiuolo.it\/it\/\",\"name\":\"Il Crogiuolo\",\"description\":\"\",\"publisher\":{\"@id\":\"https:\/\/ilcrogiuolo.it\/it\/#organization\"},\"potentialAction\":[{\"@type\":\"SearchAction\",\"target\":{\"@type\":\"EntryPoint\",\"urlTemplate\":\"https:\/\/ilcrogiuolo.it\/it\/?s={search_term_string}\"},\"query-input\":{\"@type\":\"PropertyValueSpecification\",\"valueRequired\":true,\"valueName\":\"search_term_string\"}}],\"inLanguage\":\"it-IT\"},{\"@type\":\"Organization\",\"@id\":\"https:\/\/ilcrogiuolo.it\/it\/#organization\",\"name\":\"Il Crogiuolo\",\"url\":\"https:\/\/ilcrogiuolo.it\/it\/\",\"logo\":{\"@type\":\"ImageObject\",\"inLanguage\":\"it-IT\",\"@id\":\"https:\/\/ilcrogiuolo.it\/it\/#\/schema\/logo\/image\/\",\"url\":\"https:\/\/ilcrogiuolo.it\/wp-content\/uploads\/2020\/04\/logo.png\",\"contentUrl\":\"https:\/\/ilcrogiuolo.it\/wp-content\/uploads\/2020\/04\/logo.png\",\"width\":200,\"height\":49,\"caption\":\"Il Crogiuolo\"},\"image\":{\"@id\":\"https:\/\/ilcrogiuolo.it\/it\/#\/schema\/logo\/image\/\"},\"sameAs\":[\"https:\/\/www.facebook.com\/Il-Crogiuolo-681876418491758\"]}]}<\/script>\n<!-- \/ Yoast SEO plugin. -->","yoast_head_json":{"title":"MAGIA POPOLARE ITALIANA - Il Crogiuolo","description":"MAGIA POPOLARE ITALIANA \"Magia Popolare Italiana\" \u00e8 un viaggio affascinante attraverso le tradizioni esoteriche e folcloristiche dell'Italia, svelando un sistema magico","robots":{"index":"index","follow":"follow","max-snippet":"max-snippet:-1","max-image-preview":"max-image-preview:large","max-video-preview":"max-video-preview:-1"},"canonical":"https:\/\/ilcrogiuolo.it\/it\/p\/magia-popolare-italiana\/","og_locale":"it_IT","og_type":"article","og_title":"MAGIA POPOLARE ITALIANA - Il Crogiuolo","og_description":"MAGIA POPOLARE ITALIANA \"Magia Popolare Italiana\" \u00e8 un viaggio affascinante attraverso le tradizioni esoteriche e folcloristiche dell'Italia, svelando un sistema magico","og_url":"https:\/\/ilcrogiuolo.it\/it\/p\/magia-popolare-italiana\/","og_site_name":"Il Crogiuolo","article_publisher":"https:\/\/www.facebook.com\/Il-Crogiuolo-681876418491758","article_modified_time":"2025-01-14T09:13:05+00:00","og_image":[{"width":473,"height":466,"url":"https:\/\/ilcrogiuolo.it\/wp-content\/uploads\/2025\/01\/magia-popolare-italiana.png","type":"image\/png"}],"twitter_card":"summary_large_image","twitter_misc":{"Tempo di lettura stimato":"2 minuti"},"schema":{"@context":"https:\/\/schema.org","@graph":[{"@type":"WebPage","@id":"https:\/\/ilcrogiuolo.it\/it\/p\/magia-popolare-italiana\/","url":"https:\/\/ilcrogiuolo.it\/it\/p\/magia-popolare-italiana\/","name":"MAGIA POPOLARE ITALIANA - Il Crogiuolo","isPartOf":{"@id":"https:\/\/ilcrogiuolo.it\/it\/#website"},"primaryImageOfPage":{"@id":"https:\/\/ilcrogiuolo.it\/it\/p\/magia-popolare-italiana\/#primaryimage"},"image":{"@id":"https:\/\/ilcrogiuolo.it\/it\/p\/magia-popolare-italiana\/#primaryimage"},"thumbnailUrl":"https:\/\/ilcrogiuolo.it\/wp-content\/uploads\/2025\/01\/magia-popolare-italiana.png","datePublished":"2025-01-14T09:08:35+00:00","dateModified":"2025-01-14T09:13:05+00:00","description":"MAGIA POPOLARE ITALIANA \"Magia Popolare Italiana\" \u00e8 un viaggio affascinante attraverso le tradizioni esoteriche e folcloristiche dell'Italia, svelando un sistema magico","breadcrumb":{"@id":"https:\/\/ilcrogiuolo.it\/it\/p\/magia-popolare-italiana\/#breadcrumb"},"inLanguage":"it-IT","potentialAction":[{"@type":"ReadAction","target":["https:\/\/ilcrogiuolo.it\/it\/p\/magia-popolare-italiana\/"]}]},{"@type":"ImageObject","inLanguage":"it-IT","@id":"https:\/\/ilcrogiuolo.it\/it\/p\/magia-popolare-italiana\/#primaryimage","url":"https:\/\/ilcrogiuolo.it\/wp-content\/uploads\/2025\/01\/magia-popolare-italiana.png","contentUrl":"https:\/\/ilcrogiuolo.it\/wp-content\/uploads\/2025\/01\/magia-popolare-italiana.png","width":473,"height":466},{"@type":"BreadcrumbList","@id":"https:\/\/ilcrogiuolo.it\/it\/p\/magia-popolare-italiana\/#breadcrumb","itemListElement":[{"@type":"ListItem","position":1,"name":"Home","item":"https:\/\/ilcrogiuolo.it\/it\/"},{"@type":"ListItem","position":2,"name":"Shop","item":"https:\/\/ilcrogiuolo.it\/it\/negozio\/"},{"@type":"ListItem","position":3,"name":"MAGIA POPOLARE ITALIANA"}]},{"@type":"WebSite","@id":"https:\/\/ilcrogiuolo.it\/it\/#website","url":"https:\/\/ilcrogiuolo.it\/it\/","name":"Il Crogiuolo","description":"","publisher":{"@id":"https:\/\/ilcrogiuolo.it\/it\/#organization"},"potentialAction":[{"@type":"SearchAction","target":{"@type":"EntryPoint","urlTemplate":"https:\/\/ilcrogiuolo.it\/it\/?s={search_term_string}"},"query-input":{"@type":"PropertyValueSpecification","valueRequired":true,"valueName":"search_term_string"}}],"inLanguage":"it-IT"},{"@type":"Organization","@id":"https:\/\/ilcrogiuolo.it\/it\/#organization","name":"Il Crogiuolo","url":"https:\/\/ilcrogiuolo.it\/it\/","logo":{"@type":"ImageObject","inLanguage":"it-IT","@id":"https:\/\/ilcrogiuolo.it\/it\/#\/schema\/logo\/image\/","url":"https:\/\/ilcrogiuolo.it\/wp-content\/uploads\/2020\/04\/logo.png","contentUrl":"https:\/\/ilcrogiuolo.it\/wp-content\/uploads\/2020\/04\/logo.png","width":200,"height":49,"caption":"Il Crogiuolo"},"image":{"@id":"https:\/\/ilcrogiuolo.it\/it\/#\/schema\/logo\/image\/"},"sameAs":["https:\/\/www.facebook.com\/Il-Crogiuolo-681876418491758"]}]}},"_links":{"self":[{"href":"https:\/\/ilcrogiuolo.it\/it\/wp-json\/wp\/v2\/product\/48991","targetHints":{"allow":["GET"]}}],"collection":[{"href":"https:\/\/ilcrogiuolo.it\/it\/wp-json\/wp\/v2\/product"}],"about":[{"href":"https:\/\/ilcrogiuolo.it\/it\/wp-json\/wp\/v2\/types\/product"}],"wp:featuredmedia":[{"embeddable":true,"href":"https:\/\/ilcrogiuolo.it\/it\/wp-json\/wp\/v2\/media\/48992"}],"wp:attachment":[{"href":"https:\/\/ilcrogiuolo.it\/it\/wp-json\/wp\/v2\/media?parent=48991"}],"wp:term":[{"taxonomy":"product_brand","embeddable":true,"href":"https:\/\/ilcrogiuolo.it\/it\/wp-json\/wp\/v2\/product_brand?post=48991"},{"taxonomy":"product_cat","embeddable":true,"href":"https:\/\/ilcrogiuolo.it\/it\/wp-json\/wp\/v2\/product_cat?post=48991"},{"taxonomy":"product_tag","embeddable":true,"href":"https:\/\/ilcrogiuolo.it\/it\/wp-json\/wp\/v2\/product_tag?post=48991"}],"curies":[{"name":"wp","href":"https:\/\/api.w.org\/{rel}","templated":true}]}}