{"id":4872,"date":"2020-01-14T17:09:37","date_gmt":"2020-01-14T16:09:37","guid":{"rendered":"https:\/\/ilcrogiuolo.it\/p\/candela-forbice-di-colore-nero-cm-14\/"},"modified":"2026-03-11T15:03:25","modified_gmt":"2026-03-11T14:03:25","slug":"candela-forbice-di-colore-nero-cm-14","status":"publish","type":"product","link":"https:\/\/ilcrogiuolo.it\/it\/p\/candela-forbice-di-colore-nero-cm-14\/","title":{"rendered":"CANDELA FORBICI DI COLORE NERO CM 14"},"content":{"rendered":"<p>Le candele a forma di forbici si usano tradizionalmente per creare un taglio. Il tipo di taglio varia, normalmente, in ragione del colore e del giorno in cui vengono accese, nonch\u00e9 dalla differenza di olii e polveri a cui vengono associate. Le candele rosse di questa foggia si utilizzano\u00a0 per eliminare dei difetti in un rapporto d\u2019amore, quelle bianche per tagliare negativit\u00e0 e malocchio, quelle nere per creare separazioni ed allontanamenti. Quelle rosse si ungono con un olio del tipo Destrancadera, Abre Caminho, Amor\u2026 quelle bianche con olio di ruta, olio Ax\u00e8 ed olii di benedizione in genere; quelle nere con olio di separazione, Arte Negro, Yuza Yuza\u2026 Quelle rosse si utilizzano di venerd\u00ec, le bianche di marted\u00ec o venerd\u00ec, le nere al luned\u00ec o al sabato, salvo non fossero impiegate in ritualistiche dedicate a santi o entit\u00e0 specifiche, in questo caso si impiegheranno nel giorno dedicato agli stessi secondo un iter rituale specifico.<\/p>\n<p>La scelta delle polveri pu\u00f2 essere scelta secondo una cabala di 3 o 7.<\/p>\n<p>E\u2019 tradizione incidere sulle \u201clame\u201d il problema\/i, nomi o la cosa da tagliare. L\u2019impiego di testimoni da un valore aggiuntivo alla pratica.<\/p>\n<p>L\u2019abbandono dei resti combusti viene effettuato ad un incrocio o, nel caso di quelle nere, in un cimitero o in un luogo infestato da rovi e piante spinose.<\/p>\n<p>&nbsp;<\/p>\n","protected":false},"excerpt":{"rendered":"<p>Le candele a forma di forbici si usano tradizionalmente per creare un taglio. Il tipo di taglio varia, normalmente, in&#8230;<\/p>\n","protected":false},"featured_media":56918,"template":"","meta":{"_acf_changed":false},"product_brand":[],"product_cat":[1083,1059,1293],"product_tag":[],"class_list":{"0":"post-4872","1":"product","2":"type-product","3":"status-publish","4":"has-post-thumbnail","6":"product_cat-cereria-esoterica-candele-da-altare","7":"product_cat-articoli-esoterici","8":"product_cat-statue-brasiliane-in-cera","10":"first","11":"instock","12":"taxable","13":"shipping-taxable","14":"purchasable","15":"product-type-simple","16":"add-to-wishlist-before_image"},"acf":[],"yoast_head":"<!-- This site is optimized with the Yoast SEO plugin v26.9 - https:\/\/yoast.com\/product\/yoast-seo-wordpress\/ -->\n<title>CANDELA FORBICI DI COLORE NERO CM 14 - Il Crogiuolo<\/title>\n<meta name=\"description\" content=\"CANDELA FORBICI DI COLORE NERO CM 14 Le candele a forma di forbici si usano tradizionalmente per creare un taglio. Il tipo di taglio varia, normalmente, in ragione del colore e del giorno in\" \/>\n<meta name=\"robots\" content=\"index, follow, max-snippet:-1, max-image-preview:large, max-video-preview:-1\" \/>\n<link rel=\"canonical\" href=\"https:\/\/ilcrogiuolo.it\/it\/p\/candela-forbice-di-colore-nero-cm-14\/\" \/>\n<meta property=\"og:locale\" content=\"it_IT\" \/>\n<meta property=\"og:type\" content=\"article\" \/>\n<meta property=\"og:title\" content=\"CANDELA FORBICI DI COLORE NERO CM 14 - Il Crogiuolo\" \/>\n<meta property=\"og:description\" content=\"CANDELA FORBICI DI COLORE NERO CM 14 Le candele a forma di forbici si usano tradizionalmente per creare un taglio. Il tipo di taglio varia, normalmente, in ragione del colore e del giorno in\" \/>\n<meta property=\"og:url\" content=\"https:\/\/ilcrogiuolo.it\/it\/p\/candela-forbice-di-colore-nero-cm-14\/\" \/>\n<meta property=\"og:site_name\" content=\"Il Crogiuolo\" \/>\n<meta property=\"article:publisher\" content=\"https:\/\/www.facebook.com\/Il-Crogiuolo-681876418491758\" \/>\n<meta property=\"article:modified_time\" content=\"2026-03-11T14:03:25+00:00\" \/>\n<meta property=\"og:image\" content=\"https:\/\/ilcrogiuolo.it\/wp-content\/uploads\/2020\/01\/forbici.png\" \/>\n\t<meta property=\"og:image:width\" content=\"1484\" \/>\n\t<meta property=\"og:image:height\" content=\"1536\" \/>\n\t<meta property=\"og:image:type\" content=\"image\/png\" \/>\n<meta name=\"twitter:card\" content=\"summary_large_image\" \/>\n<meta name=\"twitter:label1\" content=\"Tempo di lettura stimato\" \/>\n\t<meta name=\"twitter:data1\" content=\"2 minuti\" \/>\n<script type=\"application\/ld+json\" class=\"yoast-schema-graph\">{\"@context\":\"https:\/\/schema.org\",\"@graph\":[{\"@type\":\"WebPage\",\"@id\":\"https:\/\/ilcrogiuolo.it\/it\/p\/candela-forbice-di-colore-nero-cm-14\/\",\"url\":\"https:\/\/ilcrogiuolo.it\/it\/p\/candela-forbice-di-colore-nero-cm-14\/\",\"name\":\"CANDELA FORBICI DI COLORE NERO CM 14 - Il Crogiuolo\",\"isPartOf\":{\"@id\":\"https:\/\/ilcrogiuolo.it\/it\/#website\"},\"primaryImageOfPage\":{\"@id\":\"https:\/\/ilcrogiuolo.it\/it\/p\/candela-forbice-di-colore-nero-cm-14\/#primaryimage\"},\"image\":{\"@id\":\"https:\/\/ilcrogiuolo.it\/it\/p\/candela-forbice-di-colore-nero-cm-14\/#primaryimage\"},\"thumbnailUrl\":\"https:\/\/ilcrogiuolo.it\/wp-content\/uploads\/2020\/01\/forbici.png\",\"datePublished\":\"2020-01-14T16:09:37+00:00\",\"dateModified\":\"2026-03-11T14:03:25+00:00\",\"description\":\"CANDELA FORBICI DI COLORE NERO CM 14 Le candele a forma di forbici si usano tradizionalmente per creare un taglio. Il tipo di taglio varia, normalmente, in ragione del colore e del giorno in\",\"breadcrumb\":{\"@id\":\"https:\/\/ilcrogiuolo.it\/it\/p\/candela-forbice-di-colore-nero-cm-14\/#breadcrumb\"},\"inLanguage\":\"it-IT\",\"potentialAction\":[{\"@type\":\"ReadAction\",\"target\":[\"https:\/\/ilcrogiuolo.it\/it\/p\/candela-forbice-di-colore-nero-cm-14\/\"]}]},{\"@type\":\"ImageObject\",\"inLanguage\":\"it-IT\",\"@id\":\"https:\/\/ilcrogiuolo.it\/it\/p\/candela-forbice-di-colore-nero-cm-14\/#primaryimage\",\"url\":\"https:\/\/ilcrogiuolo.it\/wp-content\/uploads\/2020\/01\/forbici.png\",\"contentUrl\":\"https:\/\/ilcrogiuolo.it\/wp-content\/uploads\/2020\/01\/forbici.png\",\"width\":1484,\"height\":1536},{\"@type\":\"BreadcrumbList\",\"@id\":\"https:\/\/ilcrogiuolo.it\/it\/p\/candela-forbice-di-colore-nero-cm-14\/#breadcrumb\",\"itemListElement\":[{\"@type\":\"ListItem\",\"position\":1,\"name\":\"Home\",\"item\":\"https:\/\/ilcrogiuolo.it\/it\/\"},{\"@type\":\"ListItem\",\"position\":2,\"name\":\"Shop\",\"item\":\"https:\/\/ilcrogiuolo.it\/it\/negozio\/\"},{\"@type\":\"ListItem\",\"position\":3,\"name\":\"CANDELA FORBICI DI COLORE NERO CM 14\"}]},{\"@type\":\"WebSite\",\"@id\":\"https:\/\/ilcrogiuolo.it\/it\/#website\",\"url\":\"https:\/\/ilcrogiuolo.it\/it\/\",\"name\":\"Il Crogiuolo\",\"description\":\"\",\"publisher\":{\"@id\":\"https:\/\/ilcrogiuolo.it\/it\/#organization\"},\"potentialAction\":[{\"@type\":\"SearchAction\",\"target\":{\"@type\":\"EntryPoint\",\"urlTemplate\":\"https:\/\/ilcrogiuolo.it\/it\/?s={search_term_string}\"},\"query-input\":{\"@type\":\"PropertyValueSpecification\",\"valueRequired\":true,\"valueName\":\"search_term_string\"}}],\"inLanguage\":\"it-IT\"},{\"@type\":\"Organization\",\"@id\":\"https:\/\/ilcrogiuolo.it\/it\/#organization\",\"name\":\"Il Crogiuolo\",\"url\":\"https:\/\/ilcrogiuolo.it\/it\/\",\"logo\":{\"@type\":\"ImageObject\",\"inLanguage\":\"it-IT\",\"@id\":\"https:\/\/ilcrogiuolo.it\/it\/#\/schema\/logo\/image\/\",\"url\":\"https:\/\/ilcrogiuolo.it\/wp-content\/uploads\/2020\/04\/logo.png\",\"contentUrl\":\"https:\/\/ilcrogiuolo.it\/wp-content\/uploads\/2020\/04\/logo.png\",\"width\":200,\"height\":49,\"caption\":\"Il Crogiuolo\"},\"image\":{\"@id\":\"https:\/\/ilcrogiuolo.it\/it\/#\/schema\/logo\/image\/\"},\"sameAs\":[\"https:\/\/www.facebook.com\/Il-Crogiuolo-681876418491758\"]}]}<\/script>\n<!-- \/ Yoast SEO plugin. -->","yoast_head_json":{"title":"CANDELA FORBICI DI COLORE NERO CM 14 - Il Crogiuolo","description":"CANDELA FORBICI DI COLORE NERO CM 14 Le candele a forma di forbici si usano tradizionalmente per creare un taglio. Il tipo di taglio varia, normalmente, in ragione del colore e del giorno in","robots":{"index":"index","follow":"follow","max-snippet":"max-snippet:-1","max-image-preview":"max-image-preview:large","max-video-preview":"max-video-preview:-1"},"canonical":"https:\/\/ilcrogiuolo.it\/it\/p\/candela-forbice-di-colore-nero-cm-14\/","og_locale":"it_IT","og_type":"article","og_title":"CANDELA FORBICI DI COLORE NERO CM 14 - Il Crogiuolo","og_description":"CANDELA FORBICI DI COLORE NERO CM 14 Le candele a forma di forbici si usano tradizionalmente per creare un taglio. Il tipo di taglio varia, normalmente, in ragione del colore e del giorno in","og_url":"https:\/\/ilcrogiuolo.it\/it\/p\/candela-forbice-di-colore-nero-cm-14\/","og_site_name":"Il Crogiuolo","article_publisher":"https:\/\/www.facebook.com\/Il-Crogiuolo-681876418491758","article_modified_time":"2026-03-11T14:03:25+00:00","og_image":[{"width":1484,"height":1536,"url":"https:\/\/ilcrogiuolo.it\/wp-content\/uploads\/2020\/01\/forbici.png","type":"image\/png"}],"twitter_card":"summary_large_image","twitter_misc":{"Tempo di lettura stimato":"2 minuti"},"schema":{"@context":"https:\/\/schema.org","@graph":[{"@type":"WebPage","@id":"https:\/\/ilcrogiuolo.it\/it\/p\/candela-forbice-di-colore-nero-cm-14\/","url":"https:\/\/ilcrogiuolo.it\/it\/p\/candela-forbice-di-colore-nero-cm-14\/","name":"CANDELA FORBICI DI COLORE NERO CM 14 - Il Crogiuolo","isPartOf":{"@id":"https:\/\/ilcrogiuolo.it\/it\/#website"},"primaryImageOfPage":{"@id":"https:\/\/ilcrogiuolo.it\/it\/p\/candela-forbice-di-colore-nero-cm-14\/#primaryimage"},"image":{"@id":"https:\/\/ilcrogiuolo.it\/it\/p\/candela-forbice-di-colore-nero-cm-14\/#primaryimage"},"thumbnailUrl":"https:\/\/ilcrogiuolo.it\/wp-content\/uploads\/2020\/01\/forbici.png","datePublished":"2020-01-14T16:09:37+00:00","dateModified":"2026-03-11T14:03:25+00:00","description":"CANDELA FORBICI DI COLORE NERO CM 14 Le candele a forma di forbici si usano tradizionalmente per creare un taglio. Il tipo di taglio varia, normalmente, in ragione del colore e del giorno in","breadcrumb":{"@id":"https:\/\/ilcrogiuolo.it\/it\/p\/candela-forbice-di-colore-nero-cm-14\/#breadcrumb"},"inLanguage":"it-IT","potentialAction":[{"@type":"ReadAction","target":["https:\/\/ilcrogiuolo.it\/it\/p\/candela-forbice-di-colore-nero-cm-14\/"]}]},{"@type":"ImageObject","inLanguage":"it-IT","@id":"https:\/\/ilcrogiuolo.it\/it\/p\/candela-forbice-di-colore-nero-cm-14\/#primaryimage","url":"https:\/\/ilcrogiuolo.it\/wp-content\/uploads\/2020\/01\/forbici.png","contentUrl":"https:\/\/ilcrogiuolo.it\/wp-content\/uploads\/2020\/01\/forbici.png","width":1484,"height":1536},{"@type":"BreadcrumbList","@id":"https:\/\/ilcrogiuolo.it\/it\/p\/candela-forbice-di-colore-nero-cm-14\/#breadcrumb","itemListElement":[{"@type":"ListItem","position":1,"name":"Home","item":"https:\/\/ilcrogiuolo.it\/it\/"},{"@type":"ListItem","position":2,"name":"Shop","item":"https:\/\/ilcrogiuolo.it\/it\/negozio\/"},{"@type":"ListItem","position":3,"name":"CANDELA FORBICI DI COLORE NERO CM 14"}]},{"@type":"WebSite","@id":"https:\/\/ilcrogiuolo.it\/it\/#website","url":"https:\/\/ilcrogiuolo.it\/it\/","name":"Il Crogiuolo","description":"","publisher":{"@id":"https:\/\/ilcrogiuolo.it\/it\/#organization"},"potentialAction":[{"@type":"SearchAction","target":{"@type":"EntryPoint","urlTemplate":"https:\/\/ilcrogiuolo.it\/it\/?s={search_term_string}"},"query-input":{"@type":"PropertyValueSpecification","valueRequired":true,"valueName":"search_term_string"}}],"inLanguage":"it-IT"},{"@type":"Organization","@id":"https:\/\/ilcrogiuolo.it\/it\/#organization","name":"Il Crogiuolo","url":"https:\/\/ilcrogiuolo.it\/it\/","logo":{"@type":"ImageObject","inLanguage":"it-IT","@id":"https:\/\/ilcrogiuolo.it\/it\/#\/schema\/logo\/image\/","url":"https:\/\/ilcrogiuolo.it\/wp-content\/uploads\/2020\/04\/logo.png","contentUrl":"https:\/\/ilcrogiuolo.it\/wp-content\/uploads\/2020\/04\/logo.png","width":200,"height":49,"caption":"Il Crogiuolo"},"image":{"@id":"https:\/\/ilcrogiuolo.it\/it\/#\/schema\/logo\/image\/"},"sameAs":["https:\/\/www.facebook.com\/Il-Crogiuolo-681876418491758"]}]}},"_links":{"self":[{"href":"https:\/\/ilcrogiuolo.it\/it\/wp-json\/wp\/v2\/product\/4872","targetHints":{"allow":["GET"]}}],"collection":[{"href":"https:\/\/ilcrogiuolo.it\/it\/wp-json\/wp\/v2\/product"}],"about":[{"href":"https:\/\/ilcrogiuolo.it\/it\/wp-json\/wp\/v2\/types\/product"}],"wp:featuredmedia":[{"embeddable":true,"href":"https:\/\/ilcrogiuolo.it\/it\/wp-json\/wp\/v2\/media\/56918"}],"wp:attachment":[{"href":"https:\/\/ilcrogiuolo.it\/it\/wp-json\/wp\/v2\/media?parent=4872"}],"wp:term":[{"taxonomy":"product_brand","embeddable":true,"href":"https:\/\/ilcrogiuolo.it\/it\/wp-json\/wp\/v2\/product_brand?post=4872"},{"taxonomy":"product_cat","embeddable":true,"href":"https:\/\/ilcrogiuolo.it\/it\/wp-json\/wp\/v2\/product_cat?post=4872"},{"taxonomy":"product_tag","embeddable":true,"href":"https:\/\/ilcrogiuolo.it\/it\/wp-json\/wp\/v2\/product_tag?post=4872"}],"curies":[{"name":"wp","href":"https:\/\/api.w.org\/{rel}","templated":true}]}}