{"id":4812,"date":"2020-01-14T17:09:28","date_gmt":"2020-01-14T16:09:28","guid":{"rendered":"https:\/\/ilcrogiuolo.it\/p\/la-milagrosa-piedra-iman-minilibro\/"},"modified":"2025-12-17T13:24:50","modified_gmt":"2025-12-17T12:24:50","slug":"la-milagrosa-piedra-iman-minilibro","status":"publish","type":"product","link":"https:\/\/ilcrogiuolo.it\/it\/p\/la-milagrosa-piedra-iman-minilibro\/","title":{"rendered":"LA MILAGROSA PIEDRA IMAN + MINILIBRO"},"content":{"rendered":"<p>La pietra im\u00e0n \u00e8 un minerale che possiede propriet\u00e0 magnetiche. Da secoli, per questa sua caratteristica, \u00e8 stato impiegato nella magia e nell\u2019esoterismo come un vero e proprio amuleto naturale. Si utilizza la Pietra Im\u00e0n per propiziare la buona sorte, la riuscita e per ottenere tutto ci\u00f2 che ardentemente si desidera. Secondo una leggenda fu su una di queste pietre che Ges\u00f9, nei pressi di un pozzo, incontr\u00f2 la Samaritana facendole importanti rivelazioni.<\/p>\n<p>Noi vi offriamo l\u2019Originale Pietra Im\u00e0n accompagnata dal famoso Grimorio \u201cIl testamento della Samaritana\u201d che offre tutte le spiegazioni necessarie all\u2019impiego di questa rarit\u00e0 esoterica nonch\u00e9 una serie di insegnamenti tradotti per la prima volta in italiano.<\/p>\n<p>&nbsp;<\/p>\n","protected":false},"excerpt":{"rendered":"<p>La pietra im\u00e0n \u00e8 un minerale che possiede propriet\u00e0 magnetiche. Da secoli, per questa sua caratteristica, \u00e8 stato impiegato nella&#8230;<\/p>\n","protected":false},"featured_media":4813,"template":"","meta":{"_acf_changed":false},"product_brand":[],"product_cat":[1079,1059,1271],"product_tag":[],"class_list":{"0":"post-4812","1":"product","2":"type-product","3":"status-publish","4":"has-post-thumbnail","6":"product_cat-rituali-afrobrasiliani-santeria","7":"product_cat-articoli-esoterici","8":"product_cat-rituali-propiziatori-per-il-denarosuccesso","10":"first","11":"outofstock","12":"taxable","13":"shipping-taxable","14":"purchasable","15":"product-type-simple","16":"add-to-wishlist-before_image"},"acf":[],"yoast_head":"<!-- This site is optimized with the Yoast SEO plugin v26.9 - https:\/\/yoast.com\/product\/yoast-seo-wordpress\/ -->\n<title>LA MILAGROSA PIEDRA IMAN + MINILIBRO - Il Crogiuolo<\/title>\n<meta name=\"description\" content=\"LA MILAGROSA PIEDRA IMAN + MINILIBRO La pietra im\u00e0n \u00e8 un minerale che possiede propriet\u00e0 magnetiche. Da secoli, per questa sua caratteristica, \u00e8 stato impiegato nella magia e nell\u2019esoterismo\" \/>\n<meta name=\"robots\" content=\"index, follow, max-snippet:-1, max-image-preview:large, max-video-preview:-1\" \/>\n<link rel=\"canonical\" href=\"https:\/\/ilcrogiuolo.it\/it\/p\/la-milagrosa-piedra-iman-minilibro\/\" \/>\n<meta property=\"og:locale\" content=\"it_IT\" \/>\n<meta property=\"og:type\" content=\"article\" \/>\n<meta property=\"og:title\" content=\"LA MILAGROSA PIEDRA IMAN + MINILIBRO - Il Crogiuolo\" \/>\n<meta property=\"og:description\" content=\"LA MILAGROSA PIEDRA IMAN + MINILIBRO La pietra im\u00e0n \u00e8 un minerale che possiede propriet\u00e0 magnetiche. Da secoli, per questa sua caratteristica, \u00e8 stato impiegato nella magia e nell\u2019esoterismo\" \/>\n<meta property=\"og:url\" content=\"https:\/\/ilcrogiuolo.it\/it\/p\/la-milagrosa-piedra-iman-minilibro\/\" \/>\n<meta property=\"og:site_name\" content=\"Il Crogiuolo\" \/>\n<meta property=\"article:publisher\" content=\"https:\/\/www.facebook.com\/Il-Crogiuolo-681876418491758\" \/>\n<meta property=\"article:modified_time\" content=\"2025-12-17T12:24:50+00:00\" \/>\n<meta property=\"og:image\" content=\"https:\/\/ilcrogiuolo.it\/wp-content\/uploads\/2020\/01\/pietrapiedraiman_1270387.jpg\" \/>\n\t<meta property=\"og:image:width\" content=\"627\" \/>\n\t<meta property=\"og:image:height\" content=\"600\" \/>\n\t<meta property=\"og:image:type\" content=\"image\/jpeg\" \/>\n<meta name=\"twitter:card\" content=\"summary_large_image\" \/>\n<meta name=\"twitter:label1\" content=\"Tempo di lettura stimato\" \/>\n\t<meta name=\"twitter:data1\" content=\"1 minuto\" \/>\n<script type=\"application\/ld+json\" class=\"yoast-schema-graph\">{\"@context\":\"https:\/\/schema.org\",\"@graph\":[{\"@type\":\"WebPage\",\"@id\":\"https:\/\/ilcrogiuolo.it\/it\/p\/la-milagrosa-piedra-iman-minilibro\/\",\"url\":\"https:\/\/ilcrogiuolo.it\/it\/p\/la-milagrosa-piedra-iman-minilibro\/\",\"name\":\"LA MILAGROSA PIEDRA IMAN + MINILIBRO - Il Crogiuolo\",\"isPartOf\":{\"@id\":\"https:\/\/ilcrogiuolo.it\/it\/#website\"},\"primaryImageOfPage\":{\"@id\":\"https:\/\/ilcrogiuolo.it\/it\/p\/la-milagrosa-piedra-iman-minilibro\/#primaryimage\"},\"image\":{\"@id\":\"https:\/\/ilcrogiuolo.it\/it\/p\/la-milagrosa-piedra-iman-minilibro\/#primaryimage\"},\"thumbnailUrl\":\"https:\/\/ilcrogiuolo.it\/wp-content\/uploads\/2020\/01\/pietrapiedraiman_1270387.jpg\",\"datePublished\":\"2020-01-14T16:09:28+00:00\",\"dateModified\":\"2025-12-17T12:24:50+00:00\",\"description\":\"LA MILAGROSA PIEDRA IMAN + MINILIBRO La pietra im\u00e0n \u00e8 un minerale che possiede propriet\u00e0 magnetiche. Da secoli, per questa sua caratteristica, \u00e8 stato impiegato nella magia e nell\u2019esoterismo\",\"breadcrumb\":{\"@id\":\"https:\/\/ilcrogiuolo.it\/it\/p\/la-milagrosa-piedra-iman-minilibro\/#breadcrumb\"},\"inLanguage\":\"it-IT\",\"potentialAction\":[{\"@type\":\"ReadAction\",\"target\":[\"https:\/\/ilcrogiuolo.it\/it\/p\/la-milagrosa-piedra-iman-minilibro\/\"]}]},{\"@type\":\"ImageObject\",\"inLanguage\":\"it-IT\",\"@id\":\"https:\/\/ilcrogiuolo.it\/it\/p\/la-milagrosa-piedra-iman-minilibro\/#primaryimage\",\"url\":\"https:\/\/ilcrogiuolo.it\/wp-content\/uploads\/2020\/01\/pietrapiedraiman_1270387.jpg\",\"contentUrl\":\"https:\/\/ilcrogiuolo.it\/wp-content\/uploads\/2020\/01\/pietrapiedraiman_1270387.jpg\",\"width\":627,\"height\":600},{\"@type\":\"BreadcrumbList\",\"@id\":\"https:\/\/ilcrogiuolo.it\/it\/p\/la-milagrosa-piedra-iman-minilibro\/#breadcrumb\",\"itemListElement\":[{\"@type\":\"ListItem\",\"position\":1,\"name\":\"Home\",\"item\":\"https:\/\/ilcrogiuolo.it\/it\/\"},{\"@type\":\"ListItem\",\"position\":2,\"name\":\"Shop\",\"item\":\"https:\/\/ilcrogiuolo.it\/it\/negozio\/\"},{\"@type\":\"ListItem\",\"position\":3,\"name\":\"LA MILAGROSA PIEDRA IMAN + MINILIBRO\"}]},{\"@type\":\"WebSite\",\"@id\":\"https:\/\/ilcrogiuolo.it\/it\/#website\",\"url\":\"https:\/\/ilcrogiuolo.it\/it\/\",\"name\":\"Il Crogiuolo\",\"description\":\"\",\"publisher\":{\"@id\":\"https:\/\/ilcrogiuolo.it\/it\/#organization\"},\"potentialAction\":[{\"@type\":\"SearchAction\",\"target\":{\"@type\":\"EntryPoint\",\"urlTemplate\":\"https:\/\/ilcrogiuolo.it\/it\/?s={search_term_string}\"},\"query-input\":{\"@type\":\"PropertyValueSpecification\",\"valueRequired\":true,\"valueName\":\"search_term_string\"}}],\"inLanguage\":\"it-IT\"},{\"@type\":\"Organization\",\"@id\":\"https:\/\/ilcrogiuolo.it\/it\/#organization\",\"name\":\"Il Crogiuolo\",\"url\":\"https:\/\/ilcrogiuolo.it\/it\/\",\"logo\":{\"@type\":\"ImageObject\",\"inLanguage\":\"it-IT\",\"@id\":\"https:\/\/ilcrogiuolo.it\/it\/#\/schema\/logo\/image\/\",\"url\":\"https:\/\/ilcrogiuolo.it\/wp-content\/uploads\/2020\/04\/logo.png\",\"contentUrl\":\"https:\/\/ilcrogiuolo.it\/wp-content\/uploads\/2020\/04\/logo.png\",\"width\":200,\"height\":49,\"caption\":\"Il Crogiuolo\"},\"image\":{\"@id\":\"https:\/\/ilcrogiuolo.it\/it\/#\/schema\/logo\/image\/\"},\"sameAs\":[\"https:\/\/www.facebook.com\/Il-Crogiuolo-681876418491758\"]}]}<\/script>\n<!-- \/ Yoast SEO plugin. -->","yoast_head_json":{"title":"LA MILAGROSA PIEDRA IMAN + MINILIBRO - Il Crogiuolo","description":"LA MILAGROSA PIEDRA IMAN + MINILIBRO La pietra im\u00e0n \u00e8 un minerale che possiede propriet\u00e0 magnetiche. Da secoli, per questa sua caratteristica, \u00e8 stato impiegato nella magia e nell\u2019esoterismo","robots":{"index":"index","follow":"follow","max-snippet":"max-snippet:-1","max-image-preview":"max-image-preview:large","max-video-preview":"max-video-preview:-1"},"canonical":"https:\/\/ilcrogiuolo.it\/it\/p\/la-milagrosa-piedra-iman-minilibro\/","og_locale":"it_IT","og_type":"article","og_title":"LA MILAGROSA PIEDRA IMAN + MINILIBRO - Il Crogiuolo","og_description":"LA MILAGROSA PIEDRA IMAN + MINILIBRO La pietra im\u00e0n \u00e8 un minerale che possiede propriet\u00e0 magnetiche. Da secoli, per questa sua caratteristica, \u00e8 stato impiegato nella magia e nell\u2019esoterismo","og_url":"https:\/\/ilcrogiuolo.it\/it\/p\/la-milagrosa-piedra-iman-minilibro\/","og_site_name":"Il Crogiuolo","article_publisher":"https:\/\/www.facebook.com\/Il-Crogiuolo-681876418491758","article_modified_time":"2025-12-17T12:24:50+00:00","og_image":[{"width":627,"height":600,"url":"https:\/\/ilcrogiuolo.it\/wp-content\/uploads\/2020\/01\/pietrapiedraiman_1270387.jpg","type":"image\/jpeg"}],"twitter_card":"summary_large_image","twitter_misc":{"Tempo di lettura stimato":"1 minuto"},"schema":{"@context":"https:\/\/schema.org","@graph":[{"@type":"WebPage","@id":"https:\/\/ilcrogiuolo.it\/it\/p\/la-milagrosa-piedra-iman-minilibro\/","url":"https:\/\/ilcrogiuolo.it\/it\/p\/la-milagrosa-piedra-iman-minilibro\/","name":"LA MILAGROSA PIEDRA IMAN + MINILIBRO - Il Crogiuolo","isPartOf":{"@id":"https:\/\/ilcrogiuolo.it\/it\/#website"},"primaryImageOfPage":{"@id":"https:\/\/ilcrogiuolo.it\/it\/p\/la-milagrosa-piedra-iman-minilibro\/#primaryimage"},"image":{"@id":"https:\/\/ilcrogiuolo.it\/it\/p\/la-milagrosa-piedra-iman-minilibro\/#primaryimage"},"thumbnailUrl":"https:\/\/ilcrogiuolo.it\/wp-content\/uploads\/2020\/01\/pietrapiedraiman_1270387.jpg","datePublished":"2020-01-14T16:09:28+00:00","dateModified":"2025-12-17T12:24:50+00:00","description":"LA MILAGROSA PIEDRA IMAN + MINILIBRO La pietra im\u00e0n \u00e8 un minerale che possiede propriet\u00e0 magnetiche. Da secoli, per questa sua caratteristica, \u00e8 stato impiegato nella magia e nell\u2019esoterismo","breadcrumb":{"@id":"https:\/\/ilcrogiuolo.it\/it\/p\/la-milagrosa-piedra-iman-minilibro\/#breadcrumb"},"inLanguage":"it-IT","potentialAction":[{"@type":"ReadAction","target":["https:\/\/ilcrogiuolo.it\/it\/p\/la-milagrosa-piedra-iman-minilibro\/"]}]},{"@type":"ImageObject","inLanguage":"it-IT","@id":"https:\/\/ilcrogiuolo.it\/it\/p\/la-milagrosa-piedra-iman-minilibro\/#primaryimage","url":"https:\/\/ilcrogiuolo.it\/wp-content\/uploads\/2020\/01\/pietrapiedraiman_1270387.jpg","contentUrl":"https:\/\/ilcrogiuolo.it\/wp-content\/uploads\/2020\/01\/pietrapiedraiman_1270387.jpg","width":627,"height":600},{"@type":"BreadcrumbList","@id":"https:\/\/ilcrogiuolo.it\/it\/p\/la-milagrosa-piedra-iman-minilibro\/#breadcrumb","itemListElement":[{"@type":"ListItem","position":1,"name":"Home","item":"https:\/\/ilcrogiuolo.it\/it\/"},{"@type":"ListItem","position":2,"name":"Shop","item":"https:\/\/ilcrogiuolo.it\/it\/negozio\/"},{"@type":"ListItem","position":3,"name":"LA MILAGROSA PIEDRA IMAN + MINILIBRO"}]},{"@type":"WebSite","@id":"https:\/\/ilcrogiuolo.it\/it\/#website","url":"https:\/\/ilcrogiuolo.it\/it\/","name":"Il Crogiuolo","description":"","publisher":{"@id":"https:\/\/ilcrogiuolo.it\/it\/#organization"},"potentialAction":[{"@type":"SearchAction","target":{"@type":"EntryPoint","urlTemplate":"https:\/\/ilcrogiuolo.it\/it\/?s={search_term_string}"},"query-input":{"@type":"PropertyValueSpecification","valueRequired":true,"valueName":"search_term_string"}}],"inLanguage":"it-IT"},{"@type":"Organization","@id":"https:\/\/ilcrogiuolo.it\/it\/#organization","name":"Il Crogiuolo","url":"https:\/\/ilcrogiuolo.it\/it\/","logo":{"@type":"ImageObject","inLanguage":"it-IT","@id":"https:\/\/ilcrogiuolo.it\/it\/#\/schema\/logo\/image\/","url":"https:\/\/ilcrogiuolo.it\/wp-content\/uploads\/2020\/04\/logo.png","contentUrl":"https:\/\/ilcrogiuolo.it\/wp-content\/uploads\/2020\/04\/logo.png","width":200,"height":49,"caption":"Il Crogiuolo"},"image":{"@id":"https:\/\/ilcrogiuolo.it\/it\/#\/schema\/logo\/image\/"},"sameAs":["https:\/\/www.facebook.com\/Il-Crogiuolo-681876418491758"]}]}},"_links":{"self":[{"href":"https:\/\/ilcrogiuolo.it\/it\/wp-json\/wp\/v2\/product\/4812","targetHints":{"allow":["GET"]}}],"collection":[{"href":"https:\/\/ilcrogiuolo.it\/it\/wp-json\/wp\/v2\/product"}],"about":[{"href":"https:\/\/ilcrogiuolo.it\/it\/wp-json\/wp\/v2\/types\/product"}],"wp:featuredmedia":[{"embeddable":true,"href":"https:\/\/ilcrogiuolo.it\/it\/wp-json\/wp\/v2\/media\/4813"}],"wp:attachment":[{"href":"https:\/\/ilcrogiuolo.it\/it\/wp-json\/wp\/v2\/media?parent=4812"}],"wp:term":[{"taxonomy":"product_brand","embeddable":true,"href":"https:\/\/ilcrogiuolo.it\/it\/wp-json\/wp\/v2\/product_brand?post=4812"},{"taxonomy":"product_cat","embeddable":true,"href":"https:\/\/ilcrogiuolo.it\/it\/wp-json\/wp\/v2\/product_cat?post=4812"},{"taxonomy":"product_tag","embeddable":true,"href":"https:\/\/ilcrogiuolo.it\/it\/wp-json\/wp\/v2\/product_tag?post=4812"}],"curies":[{"name":"wp","href":"https:\/\/api.w.org\/{rel}","templated":true}]}}