{"id":4803,"date":"2020-01-14T17:09:28","date_gmt":"2020-01-14T16:09:28","guid":{"rendered":"https:\/\/ilcrogiuolo.it\/p\/rituale-della-pusanga-de-amor\/"},"modified":"2020-02-05T13:44:11","modified_gmt":"2020-02-05T12:44:11","slug":"rituale-della-pusanga-de-amor","status":"publish","type":"product","link":"https:\/\/ilcrogiuolo.it\/it\/p\/rituale-della-pusanga-de-amor\/","title":{"rendered":"RITUALE DELLA PUSANGA DE AMOR"},"content":{"rendered":"<p>Nella tradizione amazzonica del Per\u00f9 viene preparata una particolare estratto chiamato Pusanga. Questa miscela nasce dalla mistura di erbe e piante tropicali che hanno il potere di attirare a se le persone e le cose che si desiderano. Per questo motivo la Pusanga ha sviluppato una reputazione impressionante al punto da venire chiamata \u201cla medicina dell\u2019amore delle Amazzoni\u201d, dal momento che l\u2019amore, naturalmente, \u00e8 la cosa a cui la maggior parte della gente anela.<\/p>\n<p>Composta da fiori ed erbe che da sempre sono considerate piante di attrazione e desiderio il segreto della Pusanga per\u00f2 risiede nella sua preparazione. Aldil\u00e0 dei suoi ingredienti, mantenuti ancora segreti generazione dopo generazione, la base di questo liquido \u00e8 un\u2019acqua particolare chiamata \u201cagua de colpa\u201d. L\u2019agua de colpa consiste nei residui di acqua piovana della foresta che si accumulano in particolari piscine naturali di argilla. Queste piscine diventano il punto di ritrovo di tutti gli animali della foresta, ma anche dei vari insediamenti umani. La cosa strana \u00e8 che, e qui sta il mistero, sulle rive di questi luoghi persone ed animali si abbeverano senza mai aggredirsi, indipendentemente dalla specie, \u00e8 come fosse una zona franca di tregua. Queste acque sono reputate sacre ed in grado altres\u00ec di curare diverse malattie. Ad oggi scienziati e ricercatori ne stanno studiando la composizione senza per\u00f2 riuscire a trovarne una spiegazione esauriente delle propriet\u00e0 terapeutiche non imputabili unicamente, a detta degli studiosi, al terreno.<\/p>\n<p>Javier Aravelo, uno degli chamanes pi\u00f9 famoso di quei luoghi, afferma che la Pusanga, una volta indossata come un profumo, ha il potere di penetrare direttamente nello spirito di una persona e di conferirle il potere di attirare l\u2019amore come un magnete. Il Crogiuolo\u00ae dopo anni di ricerche \u00e8 riuscito ad importare questa speciale essenza direttamente dal Per\u00f9 e ne garantisce la genuinit\u00e0 e l\u2019autenticit\u00e0. Diffidate da qualsiasi altra imitazione e ricercate sempre il marchio di garanzia che vi render\u00e0 certi della veridicit\u00e0 del prodotto. Il nostro staff ha finalmente tradotto il rituale completo della Pusanga, come ancora oggi viene eseguito da chamanes e curanderos e ve lo propone integralmente come un vero tesoro folklorico, patrimonio di una tradizione che lungi dall\u2019essere estinta \u00e8 ancora viva nella foresta Amazzonica come uno dei segreti pi\u00f9 gelosamente custoditi. Non serve infatti essere sciamani per poter godere del potere di questa miscela, l\u2019importante \u00e8 avere gli elementi giusti e seguire alla lettera le indicazioni lasciate dai brujos di quei luoghi.<\/p>\n<p>Secondo quanto si tramanda si pu\u00f2 impiegare il Rituale Pusanga de Amor per differenti scopi: fare ritornare un amante, fidanzata\/o, sedurre un amore recalcitrante, ammorbidire il compagno\/a e renderla pi\u00f9 amorevole, rinvigorire una passione ma anche per ottenere l\u2019esaudimento di un sogno.<\/p>\n","protected":false},"excerpt":{"rendered":"<p>Nella tradizione amazzonica del Per\u00f9 viene preparata una particolare estratto chiamato Pusanga. Questa miscela nasce dalla mistura di erbe e&#8230;<\/p>\n","protected":false},"featured_media":4804,"template":"","meta":{"_acf_changed":false},"product_brand":[],"product_cat":[1079,1059,1271],"product_tag":[],"class_list":{"0":"post-4803","1":"product","2":"type-product","3":"status-publish","4":"has-post-thumbnail","6":"product_cat-rituali-afrobrasiliani-santeria","7":"product_cat-articoli-esoterici","8":"product_cat-rituali-propiziatori-per-il-denarosuccesso","10":"first","11":"instock","12":"taxable","13":"shipping-taxable","14":"purchasable","15":"product-type-simple","16":"add-to-wishlist-before_image"},"acf":[],"yoast_head":"<!-- This site is optimized with the Yoast SEO plugin v26.9 - https:\/\/yoast.com\/product\/yoast-seo-wordpress\/ -->\n<title>RITUALE DELLA PUSANGA DE AMOR - Il Crogiuolo<\/title>\n<meta name=\"description\" content=\"RITUALE DELLA PUSANGA DE AMOR Nella tradizione amazzonica del Per\u00f9 viene preparata una particolare estratto chiamato Pusanga. Questa miscela nasce dalla mistura di erbe e piante\" \/>\n<meta name=\"robots\" content=\"index, follow, max-snippet:-1, max-image-preview:large, max-video-preview:-1\" \/>\n<link rel=\"canonical\" href=\"https:\/\/ilcrogiuolo.it\/it\/p\/rituale-della-pusanga-de-amor\/\" \/>\n<meta property=\"og:locale\" content=\"it_IT\" \/>\n<meta property=\"og:type\" content=\"article\" \/>\n<meta property=\"og:title\" content=\"RITUALE DELLA PUSANGA DE AMOR - Il Crogiuolo\" \/>\n<meta property=\"og:description\" content=\"RITUALE DELLA PUSANGA DE AMOR Nella tradizione amazzonica del Per\u00f9 viene preparata una particolare estratto chiamato Pusanga. Questa miscela nasce dalla mistura di erbe e piante\" \/>\n<meta property=\"og:url\" content=\"https:\/\/ilcrogiuolo.it\/it\/p\/rituale-della-pusanga-de-amor\/\" \/>\n<meta property=\"og:site_name\" content=\"Il Crogiuolo\" \/>\n<meta property=\"article:publisher\" content=\"https:\/\/www.facebook.com\/Il-Crogiuolo-681876418491758\" \/>\n<meta property=\"article:modified_time\" content=\"2020-02-05T12:44:11+00:00\" \/>\n<meta property=\"og:image\" content=\"https:\/\/ilcrogiuolo.it\/wp-content\/uploads\/2020\/01\/puzangapusangaritualeamoreincamagiarossalegamento_3034805.jpg\" \/>\n\t<meta property=\"og:image:width\" content=\"627\" \/>\n\t<meta property=\"og:image:height\" content=\"600\" \/>\n\t<meta property=\"og:image:type\" content=\"image\/jpeg\" \/>\n<meta name=\"twitter:card\" content=\"summary_large_image\" \/>\n<meta name=\"twitter:label1\" content=\"Tempo di lettura stimato\" \/>\n\t<meta name=\"twitter:data1\" content=\"2 minuti\" \/>\n<script type=\"application\/ld+json\" class=\"yoast-schema-graph\">{\"@context\":\"https:\/\/schema.org\",\"@graph\":[{\"@type\":\"WebPage\",\"@id\":\"https:\/\/ilcrogiuolo.it\/it\/p\/rituale-della-pusanga-de-amor\/\",\"url\":\"https:\/\/ilcrogiuolo.it\/it\/p\/rituale-della-pusanga-de-amor\/\",\"name\":\"RITUALE DELLA PUSANGA DE AMOR - Il Crogiuolo\",\"isPartOf\":{\"@id\":\"https:\/\/ilcrogiuolo.it\/it\/#website\"},\"primaryImageOfPage\":{\"@id\":\"https:\/\/ilcrogiuolo.it\/it\/p\/rituale-della-pusanga-de-amor\/#primaryimage\"},\"image\":{\"@id\":\"https:\/\/ilcrogiuolo.it\/it\/p\/rituale-della-pusanga-de-amor\/#primaryimage\"},\"thumbnailUrl\":\"https:\/\/ilcrogiuolo.it\/wp-content\/uploads\/2020\/01\/puzangapusangaritualeamoreincamagiarossalegamento_3034805.jpg\",\"datePublished\":\"2020-01-14T16:09:28+00:00\",\"dateModified\":\"2020-02-05T12:44:11+00:00\",\"description\":\"RITUALE DELLA PUSANGA DE AMOR Nella tradizione amazzonica del Per\u00f9 viene preparata una particolare estratto chiamato Pusanga. Questa miscela nasce dalla mistura di erbe e piante\",\"breadcrumb\":{\"@id\":\"https:\/\/ilcrogiuolo.it\/it\/p\/rituale-della-pusanga-de-amor\/#breadcrumb\"},\"inLanguage\":\"it-IT\",\"potentialAction\":[{\"@type\":\"ReadAction\",\"target\":[\"https:\/\/ilcrogiuolo.it\/it\/p\/rituale-della-pusanga-de-amor\/\"]}]},{\"@type\":\"ImageObject\",\"inLanguage\":\"it-IT\",\"@id\":\"https:\/\/ilcrogiuolo.it\/it\/p\/rituale-della-pusanga-de-amor\/#primaryimage\",\"url\":\"https:\/\/ilcrogiuolo.it\/wp-content\/uploads\/2020\/01\/puzangapusangaritualeamoreincamagiarossalegamento_3034805.jpg\",\"contentUrl\":\"https:\/\/ilcrogiuolo.it\/wp-content\/uploads\/2020\/01\/puzangapusangaritualeamoreincamagiarossalegamento_3034805.jpg\",\"width\":627,\"height\":600},{\"@type\":\"BreadcrumbList\",\"@id\":\"https:\/\/ilcrogiuolo.it\/it\/p\/rituale-della-pusanga-de-amor\/#breadcrumb\",\"itemListElement\":[{\"@type\":\"ListItem\",\"position\":1,\"name\":\"Home\",\"item\":\"https:\/\/ilcrogiuolo.it\/it\/\"},{\"@type\":\"ListItem\",\"position\":2,\"name\":\"Shop\",\"item\":\"https:\/\/ilcrogiuolo.it\/it\/negozio\/\"},{\"@type\":\"ListItem\",\"position\":3,\"name\":\"RITUALE DELLA PUSANGA DE AMOR\"}]},{\"@type\":\"WebSite\",\"@id\":\"https:\/\/ilcrogiuolo.it\/it\/#website\",\"url\":\"https:\/\/ilcrogiuolo.it\/it\/\",\"name\":\"Il Crogiuolo\",\"description\":\"\",\"publisher\":{\"@id\":\"https:\/\/ilcrogiuolo.it\/it\/#organization\"},\"potentialAction\":[{\"@type\":\"SearchAction\",\"target\":{\"@type\":\"EntryPoint\",\"urlTemplate\":\"https:\/\/ilcrogiuolo.it\/it\/?s={search_term_string}\"},\"query-input\":{\"@type\":\"PropertyValueSpecification\",\"valueRequired\":true,\"valueName\":\"search_term_string\"}}],\"inLanguage\":\"it-IT\"},{\"@type\":\"Organization\",\"@id\":\"https:\/\/ilcrogiuolo.it\/it\/#organization\",\"name\":\"Il Crogiuolo\",\"url\":\"https:\/\/ilcrogiuolo.it\/it\/\",\"logo\":{\"@type\":\"ImageObject\",\"inLanguage\":\"it-IT\",\"@id\":\"https:\/\/ilcrogiuolo.it\/it\/#\/schema\/logo\/image\/\",\"url\":\"https:\/\/ilcrogiuolo.it\/wp-content\/uploads\/2020\/04\/logo.png\",\"contentUrl\":\"https:\/\/ilcrogiuolo.it\/wp-content\/uploads\/2020\/04\/logo.png\",\"width\":200,\"height\":49,\"caption\":\"Il Crogiuolo\"},\"image\":{\"@id\":\"https:\/\/ilcrogiuolo.it\/it\/#\/schema\/logo\/image\/\"},\"sameAs\":[\"https:\/\/www.facebook.com\/Il-Crogiuolo-681876418491758\"]}]}<\/script>\n<!-- \/ Yoast SEO plugin. -->","yoast_head_json":{"title":"RITUALE DELLA PUSANGA DE AMOR - Il Crogiuolo","description":"RITUALE DELLA PUSANGA DE AMOR Nella tradizione amazzonica del Per\u00f9 viene preparata una particolare estratto chiamato Pusanga. Questa miscela nasce dalla mistura di erbe e piante","robots":{"index":"index","follow":"follow","max-snippet":"max-snippet:-1","max-image-preview":"max-image-preview:large","max-video-preview":"max-video-preview:-1"},"canonical":"https:\/\/ilcrogiuolo.it\/it\/p\/rituale-della-pusanga-de-amor\/","og_locale":"it_IT","og_type":"article","og_title":"RITUALE DELLA PUSANGA DE AMOR - Il Crogiuolo","og_description":"RITUALE DELLA PUSANGA DE AMOR Nella tradizione amazzonica del Per\u00f9 viene preparata una particolare estratto chiamato Pusanga. Questa miscela nasce dalla mistura di erbe e piante","og_url":"https:\/\/ilcrogiuolo.it\/it\/p\/rituale-della-pusanga-de-amor\/","og_site_name":"Il Crogiuolo","article_publisher":"https:\/\/www.facebook.com\/Il-Crogiuolo-681876418491758","article_modified_time":"2020-02-05T12:44:11+00:00","og_image":[{"width":627,"height":600,"url":"https:\/\/ilcrogiuolo.it\/wp-content\/uploads\/2020\/01\/puzangapusangaritualeamoreincamagiarossalegamento_3034805.jpg","type":"image\/jpeg"}],"twitter_card":"summary_large_image","twitter_misc":{"Tempo di lettura stimato":"2 minuti"},"schema":{"@context":"https:\/\/schema.org","@graph":[{"@type":"WebPage","@id":"https:\/\/ilcrogiuolo.it\/it\/p\/rituale-della-pusanga-de-amor\/","url":"https:\/\/ilcrogiuolo.it\/it\/p\/rituale-della-pusanga-de-amor\/","name":"RITUALE DELLA PUSANGA DE AMOR - Il Crogiuolo","isPartOf":{"@id":"https:\/\/ilcrogiuolo.it\/it\/#website"},"primaryImageOfPage":{"@id":"https:\/\/ilcrogiuolo.it\/it\/p\/rituale-della-pusanga-de-amor\/#primaryimage"},"image":{"@id":"https:\/\/ilcrogiuolo.it\/it\/p\/rituale-della-pusanga-de-amor\/#primaryimage"},"thumbnailUrl":"https:\/\/ilcrogiuolo.it\/wp-content\/uploads\/2020\/01\/puzangapusangaritualeamoreincamagiarossalegamento_3034805.jpg","datePublished":"2020-01-14T16:09:28+00:00","dateModified":"2020-02-05T12:44:11+00:00","description":"RITUALE DELLA PUSANGA DE AMOR Nella tradizione amazzonica del Per\u00f9 viene preparata una particolare estratto chiamato Pusanga. Questa miscela nasce dalla mistura di erbe e piante","breadcrumb":{"@id":"https:\/\/ilcrogiuolo.it\/it\/p\/rituale-della-pusanga-de-amor\/#breadcrumb"},"inLanguage":"it-IT","potentialAction":[{"@type":"ReadAction","target":["https:\/\/ilcrogiuolo.it\/it\/p\/rituale-della-pusanga-de-amor\/"]}]},{"@type":"ImageObject","inLanguage":"it-IT","@id":"https:\/\/ilcrogiuolo.it\/it\/p\/rituale-della-pusanga-de-amor\/#primaryimage","url":"https:\/\/ilcrogiuolo.it\/wp-content\/uploads\/2020\/01\/puzangapusangaritualeamoreincamagiarossalegamento_3034805.jpg","contentUrl":"https:\/\/ilcrogiuolo.it\/wp-content\/uploads\/2020\/01\/puzangapusangaritualeamoreincamagiarossalegamento_3034805.jpg","width":627,"height":600},{"@type":"BreadcrumbList","@id":"https:\/\/ilcrogiuolo.it\/it\/p\/rituale-della-pusanga-de-amor\/#breadcrumb","itemListElement":[{"@type":"ListItem","position":1,"name":"Home","item":"https:\/\/ilcrogiuolo.it\/it\/"},{"@type":"ListItem","position":2,"name":"Shop","item":"https:\/\/ilcrogiuolo.it\/it\/negozio\/"},{"@type":"ListItem","position":3,"name":"RITUALE DELLA PUSANGA DE AMOR"}]},{"@type":"WebSite","@id":"https:\/\/ilcrogiuolo.it\/it\/#website","url":"https:\/\/ilcrogiuolo.it\/it\/","name":"Il Crogiuolo","description":"","publisher":{"@id":"https:\/\/ilcrogiuolo.it\/it\/#organization"},"potentialAction":[{"@type":"SearchAction","target":{"@type":"EntryPoint","urlTemplate":"https:\/\/ilcrogiuolo.it\/it\/?s={search_term_string}"},"query-input":{"@type":"PropertyValueSpecification","valueRequired":true,"valueName":"search_term_string"}}],"inLanguage":"it-IT"},{"@type":"Organization","@id":"https:\/\/ilcrogiuolo.it\/it\/#organization","name":"Il Crogiuolo","url":"https:\/\/ilcrogiuolo.it\/it\/","logo":{"@type":"ImageObject","inLanguage":"it-IT","@id":"https:\/\/ilcrogiuolo.it\/it\/#\/schema\/logo\/image\/","url":"https:\/\/ilcrogiuolo.it\/wp-content\/uploads\/2020\/04\/logo.png","contentUrl":"https:\/\/ilcrogiuolo.it\/wp-content\/uploads\/2020\/04\/logo.png","width":200,"height":49,"caption":"Il Crogiuolo"},"image":{"@id":"https:\/\/ilcrogiuolo.it\/it\/#\/schema\/logo\/image\/"},"sameAs":["https:\/\/www.facebook.com\/Il-Crogiuolo-681876418491758"]}]}},"_links":{"self":[{"href":"https:\/\/ilcrogiuolo.it\/it\/wp-json\/wp\/v2\/product\/4803","targetHints":{"allow":["GET"]}}],"collection":[{"href":"https:\/\/ilcrogiuolo.it\/it\/wp-json\/wp\/v2\/product"}],"about":[{"href":"https:\/\/ilcrogiuolo.it\/it\/wp-json\/wp\/v2\/types\/product"}],"wp:featuredmedia":[{"embeddable":true,"href":"https:\/\/ilcrogiuolo.it\/it\/wp-json\/wp\/v2\/media\/4804"}],"wp:attachment":[{"href":"https:\/\/ilcrogiuolo.it\/it\/wp-json\/wp\/v2\/media?parent=4803"}],"wp:term":[{"taxonomy":"product_brand","embeddable":true,"href":"https:\/\/ilcrogiuolo.it\/it\/wp-json\/wp\/v2\/product_brand?post=4803"},{"taxonomy":"product_cat","embeddable":true,"href":"https:\/\/ilcrogiuolo.it\/it\/wp-json\/wp\/v2\/product_cat?post=4803"},{"taxonomy":"product_tag","embeddable":true,"href":"https:\/\/ilcrogiuolo.it\/it\/wp-json\/wp\/v2\/product_tag?post=4803"}],"curies":[{"name":"wp","href":"https:\/\/api.w.org\/{rel}","templated":true}]}}