{"id":4749,"date":"2020-01-14T17:09:22","date_gmt":"2020-01-14T16:09:22","guid":{"rendered":"https:\/\/ilcrogiuolo.it\/p\/collezione-minilibro-santa-marta-versione-ebook\/"},"modified":"2024-09-25T10:40:29","modified_gmt":"2024-09-25T08:40:29","slug":"collezione-minilibro-santa-marta-versione-ebook","status":"publish","type":"product","link":"https:\/\/ilcrogiuolo.it\/it\/p\/collezione-minilibro-santa-marta-versione-ebook\/","title":{"rendered":"COLLEZIONE MINILIBRO SANTA MARTA  ***VERSIONE EBOOK***"},"content":{"rendered":"<p><span lang=\"ES\">Si tramanda che Santa Marta fosse di origine nobile. Suo padre si chiamava Syro, era duca di Siria, mentre sua madre Encharia. Dopo la morte dei genitori eredit\u00f2, insieme a sua sorella il castello di Magdalen, quello di Betania e parte di Gerusalemme. Secondo <!--?xml:namespace prefix = st1 ns = \"urn:schemas-microsoft-com:office:smarttags\" \/-->la tradizione Marta non ebbe mai un compagno e dedic\u00f2 tutta la sua esistenza a servire Ges\u00f9. <\/span><\/p>\n<p><span lang=\"ES\">La leggenda di Santa Marta compare solo nel XII secolo. Essa narra che dopo l\u2019ascensione di Cristo, i tre fratelli Lazzaro, Marta, Maria Maddalena e altri sarebbero stati imbarcati dagli infedeli su un&#8217;imbarcazione senza vele n\u00e9 remi, n\u00e9 timone, n\u00e9 provviste. Fu cos\u00ec che approdarono a Marsiglia. Santa Marta &#8220;molto eloquente e amabile con tutti &#8221; oper\u00f2 parecchie conversioni. La leggenda racconta inoltre che nei tempi in cui Santa Marta stava evangelizzando la Provenza un terribile dragone, la Tarasca, devastasse le fertili pianure della valle del Rodano e impedisse agli uomini di vivere tranquilli in quei luoghi. <\/span><\/p>\n<p><span lang=\"ES\">La Santa venuta a conoscenza del fatto, si rec\u00f2 nelle profondit\u00e0 dei boschi portando con s\u00e8 dell\u2019acqua benedetta. Dopo essersi avventurata nel fitto della foresta scorse la bestia nell\u2019atto di divorare un uomo. Allora intinse un rametto d\u2019issopo nell\u2019acqua benedetta e la asperse tracciando il segno della croce. La bestia miracolosamente interruppe il suo pasto e strisci\u00f2 ai piedi della Santa completamente domata e mansueta.<\/span><\/p>\n<p><span lang=\"ES\">Marta la leg\u00f2 alla sua cintura e la port\u00f2 nella citt\u00e0 di Tarascona, che dal drago pare abbia derivato il suo nome.<!--?xml:namespace prefix = o ns = \"urn:schemas-microsoft-com:office:office\" \/--><\/span><\/p>\n<p><strong><span lang=\"ES\">VERSIONE EBOOK DIGITALE FORMATO .PDF<\/span><\/strong><\/p>\n","protected":false},"excerpt":{"rendered":"<p>Si tramanda che Santa Marta fosse di origine nobile. Suo padre si chiamava Syro, era duca di Siria, mentre sua&#8230;<\/p>\n","protected":false},"featured_media":4750,"template":"","meta":{"_acf_changed":false},"product_brand":[],"product_cat":[1091,1398,1060],"product_tag":[],"class_list":{"0":"post-4749","1":"product","2":"type-product","3":"status-publish","4":"has-post-thumbnail","6":"product_cat-libreria-esoterica-ebook","7":"product_cat-collezione-minilibri-ebook","8":"product_cat-libreria-esoterica","10":"first","11":"instock","12":"downloadable","13":"virtual","14":"taxable","15":"purchasable","16":"product-type-simple","17":"add-to-wishlist-before_image"},"acf":[],"yoast_head":"<!-- This site is optimized with the Yoast SEO plugin v26.9 - https:\/\/yoast.com\/product\/yoast-seo-wordpress\/ -->\n<title>COLLEZIONE MINILIBRO SANTA MARTA ***VERSIONE EBOOK*** - Il Crogiuolo<\/title>\n<meta name=\"description\" content=\"COLLEZIONE MINILIBRO SANTA MARTA ***VERSIONE EBOOK*** Si tramanda che Santa Marta fosse di origine nobile. Suo padre si chiamava Syro, era duca di Siria, mentre sua madre Encharia. Dopo la morte dei genitori\" \/>\n<meta name=\"robots\" content=\"index, follow, max-snippet:-1, max-image-preview:large, max-video-preview:-1\" \/>\n<link rel=\"canonical\" href=\"https:\/\/ilcrogiuolo.it\/it\/p\/collezione-minilibro-santa-marta-versione-ebook\/\" \/>\n<meta property=\"og:locale\" content=\"it_IT\" \/>\n<meta property=\"og:type\" content=\"article\" \/>\n<meta property=\"og:title\" content=\"COLLEZIONE MINILIBRO SANTA MARTA ***VERSIONE EBOOK*** - Il Crogiuolo\" \/>\n<meta property=\"og:description\" content=\"COLLEZIONE MINILIBRO SANTA MARTA ***VERSIONE EBOOK*** Si tramanda che Santa Marta fosse di origine nobile. Suo padre si chiamava Syro, era duca di Siria, mentre sua madre Encharia. Dopo la morte dei genitori\" \/>\n<meta property=\"og:url\" content=\"https:\/\/ilcrogiuolo.it\/it\/p\/collezione-minilibro-santa-marta-versione-ebook\/\" \/>\n<meta property=\"og:site_name\" content=\"Il Crogiuolo\" \/>\n<meta property=\"article:publisher\" content=\"https:\/\/www.facebook.com\/Il-Crogiuolo-681876418491758\" \/>\n<meta property=\"article:modified_time\" content=\"2024-09-25T08:40:29+00:00\" \/>\n<meta property=\"og:image\" content=\"https:\/\/ilcrogiuolo.it\/wp-content\/uploads\/2020\/01\/santamartadominadora_6381272.jpg\" \/>\n\t<meta property=\"og:image:width\" content=\"627\" \/>\n\t<meta property=\"og:image:height\" content=\"600\" \/>\n\t<meta property=\"og:image:type\" content=\"image\/jpeg\" \/>\n<meta name=\"twitter:card\" content=\"summary_large_image\" \/>\n<meta name=\"twitter:label1\" content=\"Tempo di lettura stimato\" \/>\n\t<meta name=\"twitter:data1\" content=\"1 minuto\" \/>\n<script type=\"application\/ld+json\" class=\"yoast-schema-graph\">{\"@context\":\"https:\/\/schema.org\",\"@graph\":[{\"@type\":\"WebPage\",\"@id\":\"https:\/\/ilcrogiuolo.it\/it\/p\/collezione-minilibro-santa-marta-versione-ebook\/\",\"url\":\"https:\/\/ilcrogiuolo.it\/it\/p\/collezione-minilibro-santa-marta-versione-ebook\/\",\"name\":\"COLLEZIONE MINILIBRO SANTA MARTA ***VERSIONE EBOOK*** - Il Crogiuolo\",\"isPartOf\":{\"@id\":\"https:\/\/ilcrogiuolo.it\/it\/#website\"},\"primaryImageOfPage\":{\"@id\":\"https:\/\/ilcrogiuolo.it\/it\/p\/collezione-minilibro-santa-marta-versione-ebook\/#primaryimage\"},\"image\":{\"@id\":\"https:\/\/ilcrogiuolo.it\/it\/p\/collezione-minilibro-santa-marta-versione-ebook\/#primaryimage\"},\"thumbnailUrl\":\"https:\/\/ilcrogiuolo.it\/wp-content\/uploads\/2020\/01\/santamartadominadora_6381272.jpg\",\"datePublished\":\"2020-01-14T16:09:22+00:00\",\"dateModified\":\"2024-09-25T08:40:29+00:00\",\"description\":\"COLLEZIONE MINILIBRO SANTA MARTA ***VERSIONE EBOOK*** Si tramanda che Santa Marta fosse di origine nobile. Suo padre si chiamava Syro, era duca di Siria, mentre sua madre Encharia. Dopo la morte dei genitori\",\"breadcrumb\":{\"@id\":\"https:\/\/ilcrogiuolo.it\/it\/p\/collezione-minilibro-santa-marta-versione-ebook\/#breadcrumb\"},\"inLanguage\":\"it-IT\",\"potentialAction\":[{\"@type\":\"ReadAction\",\"target\":[\"https:\/\/ilcrogiuolo.it\/it\/p\/collezione-minilibro-santa-marta-versione-ebook\/\"]}]},{\"@type\":\"ImageObject\",\"inLanguage\":\"it-IT\",\"@id\":\"https:\/\/ilcrogiuolo.it\/it\/p\/collezione-minilibro-santa-marta-versione-ebook\/#primaryimage\",\"url\":\"https:\/\/ilcrogiuolo.it\/wp-content\/uploads\/2020\/01\/santamartadominadora_6381272.jpg\",\"contentUrl\":\"https:\/\/ilcrogiuolo.it\/wp-content\/uploads\/2020\/01\/santamartadominadora_6381272.jpg\",\"width\":627,\"height\":600},{\"@type\":\"BreadcrumbList\",\"@id\":\"https:\/\/ilcrogiuolo.it\/it\/p\/collezione-minilibro-santa-marta-versione-ebook\/#breadcrumb\",\"itemListElement\":[{\"@type\":\"ListItem\",\"position\":1,\"name\":\"Home\",\"item\":\"https:\/\/ilcrogiuolo.it\/it\/\"},{\"@type\":\"ListItem\",\"position\":2,\"name\":\"Shop\",\"item\":\"https:\/\/ilcrogiuolo.it\/it\/negozio\/\"},{\"@type\":\"ListItem\",\"position\":3,\"name\":\"COLLEZIONE MINILIBRO SANTA MARTA ***VERSIONE EBOOK***\"}]},{\"@type\":\"WebSite\",\"@id\":\"https:\/\/ilcrogiuolo.it\/it\/#website\",\"url\":\"https:\/\/ilcrogiuolo.it\/it\/\",\"name\":\"Il Crogiuolo\",\"description\":\"\",\"publisher\":{\"@id\":\"https:\/\/ilcrogiuolo.it\/it\/#organization\"},\"potentialAction\":[{\"@type\":\"SearchAction\",\"target\":{\"@type\":\"EntryPoint\",\"urlTemplate\":\"https:\/\/ilcrogiuolo.it\/it\/?s={search_term_string}\"},\"query-input\":{\"@type\":\"PropertyValueSpecification\",\"valueRequired\":true,\"valueName\":\"search_term_string\"}}],\"inLanguage\":\"it-IT\"},{\"@type\":\"Organization\",\"@id\":\"https:\/\/ilcrogiuolo.it\/it\/#organization\",\"name\":\"Il Crogiuolo\",\"url\":\"https:\/\/ilcrogiuolo.it\/it\/\",\"logo\":{\"@type\":\"ImageObject\",\"inLanguage\":\"it-IT\",\"@id\":\"https:\/\/ilcrogiuolo.it\/it\/#\/schema\/logo\/image\/\",\"url\":\"https:\/\/ilcrogiuolo.it\/wp-content\/uploads\/2020\/04\/logo.png\",\"contentUrl\":\"https:\/\/ilcrogiuolo.it\/wp-content\/uploads\/2020\/04\/logo.png\",\"width\":200,\"height\":49,\"caption\":\"Il Crogiuolo\"},\"image\":{\"@id\":\"https:\/\/ilcrogiuolo.it\/it\/#\/schema\/logo\/image\/\"},\"sameAs\":[\"https:\/\/www.facebook.com\/Il-Crogiuolo-681876418491758\"]}]}<\/script>\n<!-- \/ Yoast SEO plugin. -->","yoast_head_json":{"title":"COLLEZIONE MINILIBRO SANTA MARTA ***VERSIONE EBOOK*** - Il Crogiuolo","description":"COLLEZIONE MINILIBRO SANTA MARTA ***VERSIONE EBOOK*** Si tramanda che Santa Marta fosse di origine nobile. Suo padre si chiamava Syro, era duca di Siria, mentre sua madre Encharia. Dopo la morte dei genitori","robots":{"index":"index","follow":"follow","max-snippet":"max-snippet:-1","max-image-preview":"max-image-preview:large","max-video-preview":"max-video-preview:-1"},"canonical":"https:\/\/ilcrogiuolo.it\/it\/p\/collezione-minilibro-santa-marta-versione-ebook\/","og_locale":"it_IT","og_type":"article","og_title":"COLLEZIONE MINILIBRO SANTA MARTA ***VERSIONE EBOOK*** - Il Crogiuolo","og_description":"COLLEZIONE MINILIBRO SANTA MARTA ***VERSIONE EBOOK*** Si tramanda che Santa Marta fosse di origine nobile. Suo padre si chiamava Syro, era duca di Siria, mentre sua madre Encharia. Dopo la morte dei genitori","og_url":"https:\/\/ilcrogiuolo.it\/it\/p\/collezione-minilibro-santa-marta-versione-ebook\/","og_site_name":"Il Crogiuolo","article_publisher":"https:\/\/www.facebook.com\/Il-Crogiuolo-681876418491758","article_modified_time":"2024-09-25T08:40:29+00:00","og_image":[{"width":627,"height":600,"url":"https:\/\/ilcrogiuolo.it\/wp-content\/uploads\/2020\/01\/santamartadominadora_6381272.jpg","type":"image\/jpeg"}],"twitter_card":"summary_large_image","twitter_misc":{"Tempo di lettura stimato":"1 minuto"},"schema":{"@context":"https:\/\/schema.org","@graph":[{"@type":"WebPage","@id":"https:\/\/ilcrogiuolo.it\/it\/p\/collezione-minilibro-santa-marta-versione-ebook\/","url":"https:\/\/ilcrogiuolo.it\/it\/p\/collezione-minilibro-santa-marta-versione-ebook\/","name":"COLLEZIONE MINILIBRO SANTA MARTA ***VERSIONE EBOOK*** - Il Crogiuolo","isPartOf":{"@id":"https:\/\/ilcrogiuolo.it\/it\/#website"},"primaryImageOfPage":{"@id":"https:\/\/ilcrogiuolo.it\/it\/p\/collezione-minilibro-santa-marta-versione-ebook\/#primaryimage"},"image":{"@id":"https:\/\/ilcrogiuolo.it\/it\/p\/collezione-minilibro-santa-marta-versione-ebook\/#primaryimage"},"thumbnailUrl":"https:\/\/ilcrogiuolo.it\/wp-content\/uploads\/2020\/01\/santamartadominadora_6381272.jpg","datePublished":"2020-01-14T16:09:22+00:00","dateModified":"2024-09-25T08:40:29+00:00","description":"COLLEZIONE MINILIBRO SANTA MARTA ***VERSIONE EBOOK*** Si tramanda che Santa Marta fosse di origine nobile. Suo padre si chiamava Syro, era duca di Siria, mentre sua madre Encharia. Dopo la morte dei genitori","breadcrumb":{"@id":"https:\/\/ilcrogiuolo.it\/it\/p\/collezione-minilibro-santa-marta-versione-ebook\/#breadcrumb"},"inLanguage":"it-IT","potentialAction":[{"@type":"ReadAction","target":["https:\/\/ilcrogiuolo.it\/it\/p\/collezione-minilibro-santa-marta-versione-ebook\/"]}]},{"@type":"ImageObject","inLanguage":"it-IT","@id":"https:\/\/ilcrogiuolo.it\/it\/p\/collezione-minilibro-santa-marta-versione-ebook\/#primaryimage","url":"https:\/\/ilcrogiuolo.it\/wp-content\/uploads\/2020\/01\/santamartadominadora_6381272.jpg","contentUrl":"https:\/\/ilcrogiuolo.it\/wp-content\/uploads\/2020\/01\/santamartadominadora_6381272.jpg","width":627,"height":600},{"@type":"BreadcrumbList","@id":"https:\/\/ilcrogiuolo.it\/it\/p\/collezione-minilibro-santa-marta-versione-ebook\/#breadcrumb","itemListElement":[{"@type":"ListItem","position":1,"name":"Home","item":"https:\/\/ilcrogiuolo.it\/it\/"},{"@type":"ListItem","position":2,"name":"Shop","item":"https:\/\/ilcrogiuolo.it\/it\/negozio\/"},{"@type":"ListItem","position":3,"name":"COLLEZIONE MINILIBRO SANTA MARTA ***VERSIONE EBOOK***"}]},{"@type":"WebSite","@id":"https:\/\/ilcrogiuolo.it\/it\/#website","url":"https:\/\/ilcrogiuolo.it\/it\/","name":"Il Crogiuolo","description":"","publisher":{"@id":"https:\/\/ilcrogiuolo.it\/it\/#organization"},"potentialAction":[{"@type":"SearchAction","target":{"@type":"EntryPoint","urlTemplate":"https:\/\/ilcrogiuolo.it\/it\/?s={search_term_string}"},"query-input":{"@type":"PropertyValueSpecification","valueRequired":true,"valueName":"search_term_string"}}],"inLanguage":"it-IT"},{"@type":"Organization","@id":"https:\/\/ilcrogiuolo.it\/it\/#organization","name":"Il Crogiuolo","url":"https:\/\/ilcrogiuolo.it\/it\/","logo":{"@type":"ImageObject","inLanguage":"it-IT","@id":"https:\/\/ilcrogiuolo.it\/it\/#\/schema\/logo\/image\/","url":"https:\/\/ilcrogiuolo.it\/wp-content\/uploads\/2020\/04\/logo.png","contentUrl":"https:\/\/ilcrogiuolo.it\/wp-content\/uploads\/2020\/04\/logo.png","width":200,"height":49,"caption":"Il Crogiuolo"},"image":{"@id":"https:\/\/ilcrogiuolo.it\/it\/#\/schema\/logo\/image\/"},"sameAs":["https:\/\/www.facebook.com\/Il-Crogiuolo-681876418491758"]}]}},"_links":{"self":[{"href":"https:\/\/ilcrogiuolo.it\/it\/wp-json\/wp\/v2\/product\/4749","targetHints":{"allow":["GET"]}}],"collection":[{"href":"https:\/\/ilcrogiuolo.it\/it\/wp-json\/wp\/v2\/product"}],"about":[{"href":"https:\/\/ilcrogiuolo.it\/it\/wp-json\/wp\/v2\/types\/product"}],"wp:featuredmedia":[{"embeddable":true,"href":"https:\/\/ilcrogiuolo.it\/it\/wp-json\/wp\/v2\/media\/4750"}],"wp:attachment":[{"href":"https:\/\/ilcrogiuolo.it\/it\/wp-json\/wp\/v2\/media?parent=4749"}],"wp:term":[{"taxonomy":"product_brand","embeddable":true,"href":"https:\/\/ilcrogiuolo.it\/it\/wp-json\/wp\/v2\/product_brand?post=4749"},{"taxonomy":"product_cat","embeddable":true,"href":"https:\/\/ilcrogiuolo.it\/it\/wp-json\/wp\/v2\/product_cat?post=4749"},{"taxonomy":"product_tag","embeddable":true,"href":"https:\/\/ilcrogiuolo.it\/it\/wp-json\/wp\/v2\/product_tag?post=4749"}],"curies":[{"name":"wp","href":"https:\/\/api.w.org\/{rel}","templated":true}]}}