{"id":4737,"date":"2020-01-14T17:09:22","date_gmt":"2020-01-14T16:09:22","guid":{"rendered":"https:\/\/ilcrogiuolo.it\/p\/collezione-minilibro-met-kalfou-versione-ebook\/"},"modified":"2024-09-25T10:40:02","modified_gmt":"2024-09-25T08:40:02","slug":"collezione-minilibro-met-kalfou-versione-ebook","status":"publish","type":"product","link":"https:\/\/ilcrogiuolo.it\/it\/p\/collezione-minilibro-met-kalfou-versione-ebook\/","title":{"rendered":"COLLEZIONE MINILIBRO MET KALFOU    ***VERSIONE EBOOK***"},"content":{"rendered":"<p dir=\"ltr\">Nella tradizione Voodoo Met Kalfou \u00e8 la met\u00e0 oscura di Papa Legba, il suo doppio, l\u2019attuare di Legba nel regno delle tenebre. Il suo nome tradotto dal creolo significa Signore dei crocicchi ed \u00e8 il vero padrone della magia. <!--?xml:namespace prefix = o ns = \"urn:schemas-microsoft-com:office:office\" \/--><\/p>\n<p>Metafisicamente parlando Legba, al calare del giorno si specchia nelle Acque Abissali e riflette tutto ci\u00f2 che Egli non \u00e8 specularmente. Ci\u00f2 che emerge \u00e8 un doppio con una morale opposta. Se Legba \u00e8 luce, Met Kalfou \u00e8 tenebra, se Legba \u00e8 pace, Met Kalfou \u00e8 guerra. Se Legba rappresenta la croce a quattro braccia, che rappresenta i quattro cammini cardinali, Met Kalfou rappresenta una X, a rappresentare i quattro cammini mediali. E\u2019 l\u2019alternativa. Un\u2019alternativa che per\u00f2 non contrasta con le leggi di Dio (Bon Dieu) ma ne fa parte e le completa. Legbha Atibon \u00e8 il mezzogiorno, il Sole al massimo splendore, Met Kalfou \u00e8 il sole di mezzanotte, l\u2019ora della magia. Kalfou \u00e8 il protettore di tutti gli stregoni e di chi si occupa di scienze occulte. Governa tutti gli spiriti della notte e le anime perse. Kalfou pu\u00f2 scatenare nel mondo i demoni della sfortuna, della disgrazia e della distruzione deliberata e ingiusta, ma \u00e8 anche il Loa che pu\u00f2 difendere da questo genere di problemi e che pu\u00f2 dare tutto ci\u00f2 che l\u2019uomo da sempre desidera: amore, sesso, denaro, successo, bellezza.<\/p>\n<p><strong>VERSIONE EBOOK DIGITALE FORMATO .PDF<\/strong><\/p>\n<p dir=\"ltr\">\n","protected":false},"excerpt":{"rendered":"<p>Nella tradizione Voodoo Met Kalfou \u00e8 la met\u00e0 oscura di Papa Legba, il suo doppio, l\u2019attuare di Legba nel regno&#8230;<\/p>\n","protected":false},"featured_media":4738,"template":"","meta":{"_acf_changed":false},"product_brand":[],"product_cat":[1091,1398,1060],"product_tag":[],"class_list":{"0":"post-4737","1":"product","2":"type-product","3":"status-publish","4":"has-post-thumbnail","6":"product_cat-libreria-esoterica-ebook","7":"product_cat-collezione-minilibri-ebook","8":"product_cat-libreria-esoterica","10":"first","11":"instock","12":"downloadable","13":"virtual","14":"taxable","15":"purchasable","16":"product-type-simple","17":"add-to-wishlist-before_image"},"acf":[],"yoast_head":"<!-- This site is optimized with the Yoast SEO plugin v26.9 - https:\/\/yoast.com\/product\/yoast-seo-wordpress\/ -->\n<title>COLLEZIONE MINILIBRO MET KALFOU  ***VERSIONE EBOOK*** - Il Crogiuolo<\/title>\n<meta name=\"description\" content=\"COLLEZIONE MINILIBRO MET KALFOU  ***VERSIONE EBOOK*** Nella tradizione Voodoo Met Kalfou \u00e8 la met\u00e0 oscura di Papa Legba, il suo doppio, l\u2019attuare di Legba nel regno delle tenebre. Il suo nome tradotto dal\" \/>\n<meta name=\"robots\" content=\"index, follow, max-snippet:-1, max-image-preview:large, max-video-preview:-1\" \/>\n<link rel=\"canonical\" href=\"https:\/\/ilcrogiuolo.it\/it\/p\/collezione-minilibro-met-kalfou-versione-ebook\/\" \/>\n<meta property=\"og:locale\" content=\"it_IT\" \/>\n<meta property=\"og:type\" content=\"article\" \/>\n<meta property=\"og:title\" content=\"COLLEZIONE MINILIBRO MET KALFOU  ***VERSIONE EBOOK*** - Il Crogiuolo\" \/>\n<meta property=\"og:description\" content=\"COLLEZIONE MINILIBRO MET KALFOU  ***VERSIONE EBOOK*** Nella tradizione Voodoo Met Kalfou \u00e8 la met\u00e0 oscura di Papa Legba, il suo doppio, l\u2019attuare di Legba nel regno delle tenebre. Il suo nome tradotto dal\" \/>\n<meta property=\"og:url\" content=\"https:\/\/ilcrogiuolo.it\/it\/p\/collezione-minilibro-met-kalfou-versione-ebook\/\" \/>\n<meta property=\"og:site_name\" content=\"Il Crogiuolo\" \/>\n<meta property=\"article:publisher\" content=\"https:\/\/www.facebook.com\/Il-Crogiuolo-681876418491758\" \/>\n<meta property=\"article:modified_time\" content=\"2024-09-25T08:40:02+00:00\" \/>\n<meta property=\"og:image\" content=\"https:\/\/ilcrogiuolo.it\/wp-content\/uploads\/2020\/01\/metkalfoumetkafoumercarfu_7050576.jpg\" \/>\n\t<meta property=\"og:image:width\" content=\"627\" \/>\n\t<meta property=\"og:image:height\" content=\"600\" \/>\n\t<meta property=\"og:image:type\" content=\"image\/jpeg\" \/>\n<meta name=\"twitter:card\" content=\"summary_large_image\" \/>\n<meta name=\"twitter:label1\" content=\"Tempo di lettura stimato\" \/>\n\t<meta name=\"twitter:data1\" content=\"1 minuto\" \/>\n<script type=\"application\/ld+json\" class=\"yoast-schema-graph\">{\"@context\":\"https:\/\/schema.org\",\"@graph\":[{\"@type\":\"WebPage\",\"@id\":\"https:\/\/ilcrogiuolo.it\/it\/p\/collezione-minilibro-met-kalfou-versione-ebook\/\",\"url\":\"https:\/\/ilcrogiuolo.it\/it\/p\/collezione-minilibro-met-kalfou-versione-ebook\/\",\"name\":\"COLLEZIONE MINILIBRO MET KALFOU ***VERSIONE EBOOK*** - Il Crogiuolo\",\"isPartOf\":{\"@id\":\"https:\/\/ilcrogiuolo.it\/it\/#website\"},\"primaryImageOfPage\":{\"@id\":\"https:\/\/ilcrogiuolo.it\/it\/p\/collezione-minilibro-met-kalfou-versione-ebook\/#primaryimage\"},\"image\":{\"@id\":\"https:\/\/ilcrogiuolo.it\/it\/p\/collezione-minilibro-met-kalfou-versione-ebook\/#primaryimage\"},\"thumbnailUrl\":\"https:\/\/ilcrogiuolo.it\/wp-content\/uploads\/2020\/01\/metkalfoumetkafoumercarfu_7050576.jpg\",\"datePublished\":\"2020-01-14T16:09:22+00:00\",\"dateModified\":\"2024-09-25T08:40:02+00:00\",\"description\":\"COLLEZIONE MINILIBRO MET KALFOU ***VERSIONE EBOOK*** Nella tradizione Voodoo Met Kalfou \u00e8 la met\u00e0 oscura di Papa Legba, il suo doppio, l\u2019attuare di Legba nel regno delle tenebre. Il suo nome tradotto dal\",\"breadcrumb\":{\"@id\":\"https:\/\/ilcrogiuolo.it\/it\/p\/collezione-minilibro-met-kalfou-versione-ebook\/#breadcrumb\"},\"inLanguage\":\"it-IT\",\"potentialAction\":[{\"@type\":\"ReadAction\",\"target\":[\"https:\/\/ilcrogiuolo.it\/it\/p\/collezione-minilibro-met-kalfou-versione-ebook\/\"]}]},{\"@type\":\"ImageObject\",\"inLanguage\":\"it-IT\",\"@id\":\"https:\/\/ilcrogiuolo.it\/it\/p\/collezione-minilibro-met-kalfou-versione-ebook\/#primaryimage\",\"url\":\"https:\/\/ilcrogiuolo.it\/wp-content\/uploads\/2020\/01\/metkalfoumetkafoumercarfu_7050576.jpg\",\"contentUrl\":\"https:\/\/ilcrogiuolo.it\/wp-content\/uploads\/2020\/01\/metkalfoumetkafoumercarfu_7050576.jpg\",\"width\":627,\"height\":600},{\"@type\":\"BreadcrumbList\",\"@id\":\"https:\/\/ilcrogiuolo.it\/it\/p\/collezione-minilibro-met-kalfou-versione-ebook\/#breadcrumb\",\"itemListElement\":[{\"@type\":\"ListItem\",\"position\":1,\"name\":\"Home\",\"item\":\"https:\/\/ilcrogiuolo.it\/it\/\"},{\"@type\":\"ListItem\",\"position\":2,\"name\":\"Shop\",\"item\":\"https:\/\/ilcrogiuolo.it\/it\/negozio\/\"},{\"@type\":\"ListItem\",\"position\":3,\"name\":\"COLLEZIONE MINILIBRO MET KALFOU ***VERSIONE EBOOK***\"}]},{\"@type\":\"WebSite\",\"@id\":\"https:\/\/ilcrogiuolo.it\/it\/#website\",\"url\":\"https:\/\/ilcrogiuolo.it\/it\/\",\"name\":\"Il Crogiuolo\",\"description\":\"\",\"publisher\":{\"@id\":\"https:\/\/ilcrogiuolo.it\/it\/#organization\"},\"potentialAction\":[{\"@type\":\"SearchAction\",\"target\":{\"@type\":\"EntryPoint\",\"urlTemplate\":\"https:\/\/ilcrogiuolo.it\/it\/?s={search_term_string}\"},\"query-input\":{\"@type\":\"PropertyValueSpecification\",\"valueRequired\":true,\"valueName\":\"search_term_string\"}}],\"inLanguage\":\"it-IT\"},{\"@type\":\"Organization\",\"@id\":\"https:\/\/ilcrogiuolo.it\/it\/#organization\",\"name\":\"Il Crogiuolo\",\"url\":\"https:\/\/ilcrogiuolo.it\/it\/\",\"logo\":{\"@type\":\"ImageObject\",\"inLanguage\":\"it-IT\",\"@id\":\"https:\/\/ilcrogiuolo.it\/it\/#\/schema\/logo\/image\/\",\"url\":\"https:\/\/ilcrogiuolo.it\/wp-content\/uploads\/2020\/04\/logo.png\",\"contentUrl\":\"https:\/\/ilcrogiuolo.it\/wp-content\/uploads\/2020\/04\/logo.png\",\"width\":200,\"height\":49,\"caption\":\"Il Crogiuolo\"},\"image\":{\"@id\":\"https:\/\/ilcrogiuolo.it\/it\/#\/schema\/logo\/image\/\"},\"sameAs\":[\"https:\/\/www.facebook.com\/Il-Crogiuolo-681876418491758\"]}]}<\/script>\n<!-- \/ Yoast SEO plugin. -->","yoast_head_json":{"title":"COLLEZIONE MINILIBRO MET KALFOU  ***VERSIONE EBOOK*** - Il Crogiuolo","description":"COLLEZIONE MINILIBRO MET KALFOU  ***VERSIONE EBOOK*** Nella tradizione Voodoo Met Kalfou \u00e8 la met\u00e0 oscura di Papa Legba, il suo doppio, l\u2019attuare di Legba nel regno delle tenebre. Il suo nome tradotto dal","robots":{"index":"index","follow":"follow","max-snippet":"max-snippet:-1","max-image-preview":"max-image-preview:large","max-video-preview":"max-video-preview:-1"},"canonical":"https:\/\/ilcrogiuolo.it\/it\/p\/collezione-minilibro-met-kalfou-versione-ebook\/","og_locale":"it_IT","og_type":"article","og_title":"COLLEZIONE MINILIBRO MET KALFOU  ***VERSIONE EBOOK*** - Il Crogiuolo","og_description":"COLLEZIONE MINILIBRO MET KALFOU  ***VERSIONE EBOOK*** Nella tradizione Voodoo Met Kalfou \u00e8 la met\u00e0 oscura di Papa Legba, il suo doppio, l\u2019attuare di Legba nel regno delle tenebre. Il suo nome tradotto dal","og_url":"https:\/\/ilcrogiuolo.it\/it\/p\/collezione-minilibro-met-kalfou-versione-ebook\/","og_site_name":"Il Crogiuolo","article_publisher":"https:\/\/www.facebook.com\/Il-Crogiuolo-681876418491758","article_modified_time":"2024-09-25T08:40:02+00:00","og_image":[{"width":627,"height":600,"url":"https:\/\/ilcrogiuolo.it\/wp-content\/uploads\/2020\/01\/metkalfoumetkafoumercarfu_7050576.jpg","type":"image\/jpeg"}],"twitter_card":"summary_large_image","twitter_misc":{"Tempo di lettura stimato":"1 minuto"},"schema":{"@context":"https:\/\/schema.org","@graph":[{"@type":"WebPage","@id":"https:\/\/ilcrogiuolo.it\/it\/p\/collezione-minilibro-met-kalfou-versione-ebook\/","url":"https:\/\/ilcrogiuolo.it\/it\/p\/collezione-minilibro-met-kalfou-versione-ebook\/","name":"COLLEZIONE MINILIBRO MET KALFOU ***VERSIONE EBOOK*** - Il Crogiuolo","isPartOf":{"@id":"https:\/\/ilcrogiuolo.it\/it\/#website"},"primaryImageOfPage":{"@id":"https:\/\/ilcrogiuolo.it\/it\/p\/collezione-minilibro-met-kalfou-versione-ebook\/#primaryimage"},"image":{"@id":"https:\/\/ilcrogiuolo.it\/it\/p\/collezione-minilibro-met-kalfou-versione-ebook\/#primaryimage"},"thumbnailUrl":"https:\/\/ilcrogiuolo.it\/wp-content\/uploads\/2020\/01\/metkalfoumetkafoumercarfu_7050576.jpg","datePublished":"2020-01-14T16:09:22+00:00","dateModified":"2024-09-25T08:40:02+00:00","description":"COLLEZIONE MINILIBRO MET KALFOU ***VERSIONE EBOOK*** Nella tradizione Voodoo Met Kalfou \u00e8 la met\u00e0 oscura di Papa Legba, il suo doppio, l\u2019attuare di Legba nel regno delle tenebre. Il suo nome tradotto dal","breadcrumb":{"@id":"https:\/\/ilcrogiuolo.it\/it\/p\/collezione-minilibro-met-kalfou-versione-ebook\/#breadcrumb"},"inLanguage":"it-IT","potentialAction":[{"@type":"ReadAction","target":["https:\/\/ilcrogiuolo.it\/it\/p\/collezione-minilibro-met-kalfou-versione-ebook\/"]}]},{"@type":"ImageObject","inLanguage":"it-IT","@id":"https:\/\/ilcrogiuolo.it\/it\/p\/collezione-minilibro-met-kalfou-versione-ebook\/#primaryimage","url":"https:\/\/ilcrogiuolo.it\/wp-content\/uploads\/2020\/01\/metkalfoumetkafoumercarfu_7050576.jpg","contentUrl":"https:\/\/ilcrogiuolo.it\/wp-content\/uploads\/2020\/01\/metkalfoumetkafoumercarfu_7050576.jpg","width":627,"height":600},{"@type":"BreadcrumbList","@id":"https:\/\/ilcrogiuolo.it\/it\/p\/collezione-minilibro-met-kalfou-versione-ebook\/#breadcrumb","itemListElement":[{"@type":"ListItem","position":1,"name":"Home","item":"https:\/\/ilcrogiuolo.it\/it\/"},{"@type":"ListItem","position":2,"name":"Shop","item":"https:\/\/ilcrogiuolo.it\/it\/negozio\/"},{"@type":"ListItem","position":3,"name":"COLLEZIONE MINILIBRO MET KALFOU ***VERSIONE EBOOK***"}]},{"@type":"WebSite","@id":"https:\/\/ilcrogiuolo.it\/it\/#website","url":"https:\/\/ilcrogiuolo.it\/it\/","name":"Il Crogiuolo","description":"","publisher":{"@id":"https:\/\/ilcrogiuolo.it\/it\/#organization"},"potentialAction":[{"@type":"SearchAction","target":{"@type":"EntryPoint","urlTemplate":"https:\/\/ilcrogiuolo.it\/it\/?s={search_term_string}"},"query-input":{"@type":"PropertyValueSpecification","valueRequired":true,"valueName":"search_term_string"}}],"inLanguage":"it-IT"},{"@type":"Organization","@id":"https:\/\/ilcrogiuolo.it\/it\/#organization","name":"Il Crogiuolo","url":"https:\/\/ilcrogiuolo.it\/it\/","logo":{"@type":"ImageObject","inLanguage":"it-IT","@id":"https:\/\/ilcrogiuolo.it\/it\/#\/schema\/logo\/image\/","url":"https:\/\/ilcrogiuolo.it\/wp-content\/uploads\/2020\/04\/logo.png","contentUrl":"https:\/\/ilcrogiuolo.it\/wp-content\/uploads\/2020\/04\/logo.png","width":200,"height":49,"caption":"Il Crogiuolo"},"image":{"@id":"https:\/\/ilcrogiuolo.it\/it\/#\/schema\/logo\/image\/"},"sameAs":["https:\/\/www.facebook.com\/Il-Crogiuolo-681876418491758"]}]}},"_links":{"self":[{"href":"https:\/\/ilcrogiuolo.it\/it\/wp-json\/wp\/v2\/product\/4737","targetHints":{"allow":["GET"]}}],"collection":[{"href":"https:\/\/ilcrogiuolo.it\/it\/wp-json\/wp\/v2\/product"}],"about":[{"href":"https:\/\/ilcrogiuolo.it\/it\/wp-json\/wp\/v2\/types\/product"}],"wp:featuredmedia":[{"embeddable":true,"href":"https:\/\/ilcrogiuolo.it\/it\/wp-json\/wp\/v2\/media\/4738"}],"wp:attachment":[{"href":"https:\/\/ilcrogiuolo.it\/it\/wp-json\/wp\/v2\/media?parent=4737"}],"wp:term":[{"taxonomy":"product_brand","embeddable":true,"href":"https:\/\/ilcrogiuolo.it\/it\/wp-json\/wp\/v2\/product_brand?post=4737"},{"taxonomy":"product_cat","embeddable":true,"href":"https:\/\/ilcrogiuolo.it\/it\/wp-json\/wp\/v2\/product_cat?post=4737"},{"taxonomy":"product_tag","embeddable":true,"href":"https:\/\/ilcrogiuolo.it\/it\/wp-json\/wp\/v2\/product_tag?post=4737"}],"curies":[{"name":"wp","href":"https:\/\/api.w.org\/{rel}","templated":true}]}}